{"id":10024,"date":"2025-12-01T10:57:13","date_gmt":"2025-12-01T13:57:13","guid":{"rendered":"https:\/\/www.legislapp.com.br\/index.php\/avulso-inicial-pl-2826-2025-camara\/"},"modified":"2025-12-01T10:57:13","modified_gmt":"2025-12-01T13:57:13","slug":"avulso-inicial-pl-2826-2025-camara","status":"publish","type":"page","link":"https:\/\/www.legislapp.com.br\/index.php\/avulso-inicial-pl-2826-2025-camara\/","title":{"rendered":"Avulso Inicial &#8211; PL 2826\/2025 &#8211; C\u00e2mara"},"content":{"rendered":"<h1 style='text-align: center;'>Avulso Inicial &#8211; Autoria de Andr\u00e9 Figueiredo<\/h3>\n<p><\/p>\n<article>C\u00c2MARA DOS DEPUTADOS<br \/>\n PROJETO DE LEI<br \/>\n (Do Sr. ANDRE FIGUEIREDO)<br \/>\nAltera o Decreto-Lei n\u00ba 3.689, de<br \/>\n3 de outubro de 1941 (C\u00f3digo de<br \/>\nProcesso Penal), e a Lei n\u00ba<br \/>\n8.072, de 25 de julho de 1990<br \/>\n(Lei de Crimes Hediondos), para<br \/>\nrefor\u00e7ar a veda\u00e7\u00e3o \u00e0 liberdade<br \/>\nprovis\u00f3ria e outras medidas<br \/>\ncautelares diversas da pris\u00e3o<br \/>\npara crimes hediondos e<br \/>\nequiparados<br \/>\nO CONGRESSO NACIONAL DECRETA:<br \/>\nArt. 1\u00ba O Decreto-Lei n\u00ba 3.689, de 3 de outubro de 1941 (C\u00f3digo de Processo<br \/>\nPenal), passa a vigorar com as seguintes altera\u00e7\u00f5es:<br \/>\n&#8220;Art.310&#8230;&#8230;&#8230;&#8230;&#8230;&#8230;&#8230;&#8230;&#8230;&#8230;&#8230;&#8230;&#8230;&#8230;&#8230;&#8230;&#8230;&#8230;&#8230;&#8230;&#8230;&#8230;&#8230;&#8230;&#8230;&#8230;&#8230;&#8230;&#8230;&#8230;&#8230;&#8230;&#8230;&#8230;&#8230;.<br \/>\n\u00a7 5\u00ba  tratando-se de crimes hediondos e equiparados, conforme definidos<br \/>\nem lei especial, n\u00e3o ser\u00e1 concedida liberdade provis\u00f3ria, com ou sem<br \/>\nfian\u00e7a, nem aplicadas quaisquer das medidas cautelares diversas da<br \/>\npris\u00e3o previstas no art. 319 deste C\u00f3digo, devendo ser mantida a pris\u00e3o<br \/>\npreventiva do agente, ressalvado o disposto no par\u00e1grafo \u00fanico do art.<br \/>\n316 deste C\u00f3digo, se demonstrada a desnecessidade da pris\u00e3o<br \/>\nprocessual, o que ser\u00e1 analisado individualmente.<br \/>\n&#8230;&#8230;&#8230;&#8230;&#8230;&#8230;&#8230;&#8230;&#8230;&#8230;&#8230;&#8230;&#8230;&#8230;&#8230;&#8230;&#8230;&#8230;&#8230;&#8230;&#8230;&#8230;&#8230;&#8230;&#8230;&#8230;&#8230;&#8230;&#8230;&#8230;&#8230;&#8230;&#8230;&#8230;&#8230;&#8230;&#8230;&#8230;&#8230;&#8221;<br \/>\n(NR)<br \/>\nArt. 2\u00ba A Lei n\u00ba 8.072, de 25 de julho de 1990 (Lei de Crimes Hediondos), passa<br \/>\na vigorar com a seguinte altera\u00e7\u00e3o:<br \/>\n&#8220;Art.2\u00ba&#8230;&#8230;&#8230;&#8230;&#8230;&#8230;&#8230;&#8230;&#8230;&#8230;&#8230;&#8230;&#8230;&#8230;&#8230;&#8230;&#8230;&#8230;&#8230;&#8230;&#8230;&#8230;&#8230;&#8230;&#8230;&#8230;&#8230;&#8230;&#8230;&#8230;&#8230;&#8230;&#8230;&#8230;&#8230;&#8230;<br \/>\nI &#8230;&#8230;&#8230;&#8230;&#8230;&#8230;&#8230;&#8230;&#8230;&#8230;&#8230;&#8230;&#8230;&#8230;&#8230;&#8230;&#8230;&#8230;&#8230;&#8230;&#8230;&#8230;&#8230;&#8230;&#8230;&#8230;&#8230;&#8230;&#8230;&#8230;&#8230;&#8230;&#8230;&#8230;&#8230;&#8230;&#8230;&#8230;<br \/>\nPara verificar a assinatura, acesse https:\/\/infoleg-autenticidade-assinatura.camara.leg.br\/CD252669965500<br \/>\nAssinado eletronicamente pelo(a) Dep. Andr\u00e9 Figueiredo<br \/>\nApresenta\u00e7\u00e3o: 11\/06\/2025 17:01:39.557 &#8211; Mesa<br \/>\n*CD252669965500* PL n.2826\/2025<br \/>C\u00c2MARA DOS DEPUTADOS<br \/>\nII&#8230;&#8230;&#8230;&#8230;&#8230;&#8230;&#8230;&#8230;&#8230;&#8230;&#8230;&#8230;&#8230;&#8230;&#8230;&#8230;&#8230;&#8230;&#8230;&#8230;&#8230;&#8230;&#8230;&#8230;&#8230;&#8230;&#8230;&#8230;&#8230;&#8230;&#8230;&#8230;&#8230;&#8230;&#8230;&#8230;&#8230;&#8230;<br \/>\n\u00a7 5\u00ba A pris\u00e3o tempor\u00e1ria, a pris\u00e3o preventiva e a manuten\u00e7\u00e3o da cust\u00f3dia<br \/>\ncautelar ser\u00e3o a regra para os crimes previstos neste artigo, sendo<br \/>\nvedada a concess\u00e3o de liberdade provis\u00f3ria, com ou sem fian\u00e7a, bem<br \/>\ncomo a aplica\u00e7\u00e3o de medidas cautelares diversas da pris\u00e3o, previstas no<br \/>\nart. 319 do Decreto-Lei n\u00ba 3.689, de 3 de outubro de 1941 (C\u00f3digo de<br \/>\nProcesso Penal), salvo em casos excepcionais e de forma fundamentada<br \/>\npelo juiz, demonstrando a absoluta inexist\u00eancia de qualquer dos requisitos<br \/>\nautorizadores da pris\u00e3o preventiva ou de cautelares diversas da pris\u00e3o, o<br \/>\nque n\u00e3o poder\u00e1 ser embasado unicamente na primariedade ou nos bons<br \/>\nantecedentes do agente.<br \/>\n&#8230;&#8230;&#8230;&#8230;&#8230;&#8230;&#8230;&#8230;&#8230;&#8230;&#8230;&#8230;&#8230;&#8230;&#8230;&#8230;&#8230;&#8230;&#8230;&#8230;&#8230;&#8230;&#8230;&#8230;&#8230;&#8230;&#8230;&#8230;&#8230;&#8230;&#8230;..&#8221; (NR)<br \/>\nArt. 3\u00ba Esta Lei entra em vigor na data de sua publica\u00e7\u00e3o.<br \/>\nJUSTIFICATIVA<br \/>\nO presente Projeto de Lei visa aprimorar a legisla\u00e7\u00e3o processual penal e<br \/>\ncriminal brasileira, tornando-a mais rigorosa no tratamento de crimes hediondos<br \/>\ne equiparados. A Lei n\u00ba 8.072\/90 j\u00e1 estabelece um regime mais severo para<br \/>\nessas infra\u00e7\u00f5es, vedando a fian\u00e7a e impondo um cumprimento de pena em<br \/>\nregime mais gravoso. Contudo, lacunas interpretativas e a aplica\u00e7\u00e3o de<br \/>\nmedidas cautelares diversas da pris\u00e3o ainda podem, em alguns casos, levar \u00e0<br \/>\nsoltura de indiv\u00edduos acusados de crimes de extrema gravidade, mesmo que<br \/>\npossuam antecedentes criminais anteriores ao fato.<br \/>\nEpis\u00f3dios ocorridos nos \u00faltimos dias em todo o pa\u00eds t\u00eam evidenciado a<br \/>\npercep\u00e7\u00e3o de impunidade no seio da sociedade brasileira, especialmente<br \/>\nquando envolvem crimes de extrema gravidade que, mesmo diante de<br \/>\ncondena\u00e7\u00e3o, n\u00e3o resultam na manuten\u00e7\u00e3o da pris\u00e3o do autor. Nesse contexto,<br \/>\ncausa particular perplexidade a concess\u00e3o de liberdade provis\u00f3ria ao lutador<br \/>\nde MMA Ed\u00edlson Flor\u00eancio da Concei\u00e7\u00e3o, condenado por estupro em Fortaleza<br \/>\n(CE), epis\u00f3dio de grande repercuss\u00e3o e profundo impacto na sociedade<br \/>\ncearense.<br \/>\nO crime, de extrema gravidade, foi cometido com viol\u00eancia brutal e<br \/>\nchocou a opini\u00e3o p\u00fablica, resultando em condena\u00e7\u00e3o superior a 8 (oito) anos e<br \/>\n2 (dois) meses de reclus\u00e3o. Mesmo assim, nesta segunda-feira (10\/06), poucos<br \/>\ndias ap\u00f3s a senten\u00e7a, o r\u00e9u foi posto em liberdade provis\u00f3ria sob o exclusivo<br \/>\nfundamento de sua primariedade e de supostos bons antecedentes, sendo-lhe<br \/>\ngarantido o direito de recorrer em liberdade.<br \/>\nA decis\u00e3o, embora formalmente fundamentada, exp\u00f5e uma distor\u00e7\u00e3o<br \/>\ngrave do sistema penal: a ado\u00e7\u00e3o de medidas cautelares brandas mesmo<br \/>\nPara verificar a assinatura, acesse https:\/\/infoleg-autenticidade-assinatura.camara.leg.br\/CD252669965500<br \/>\nAssinado eletronicamente pelo(a) Dep. Andr\u00e9 Figueiredo<br \/>\nApresenta\u00e7\u00e3o: 11\/06\/2025 17:01:39.557 &#8211; Mesa<br \/>\n*CD252669965500* PL n.2826\/2025<br \/>C\u00c2MARA DOS DEPUTADOS<br \/>\ndiante da pr\u00e1tica de crime hediondo, gerando inseguran\u00e7a jur\u00eddica, sentimento<br \/>\nde impunidade e revitimiza\u00e7\u00e3o da mulher.<br \/>\nEsse caso, ocorrido em solo cearense, escancara a necessidade de<br \/>\naperfei\u00e7oar o marco legal para impedir que interpreta\u00e7\u00f5es subjetivas esvaziem<br \/>\na efetividade da pris\u00e3o preventiva em crimes de alto potencial ofensivo. \u00c9 dever<br \/>\ndo legislador, portanto, propor instrumentos que resgatem a confian\u00e7a da<br \/>\npopula\u00e7\u00e3o na justi\u00e7a criminal e garantam a efetividade das normas de prote\u00e7\u00e3o<br \/>\nsocial.<br \/>\nA sociedade clama por uma resposta mais efetiva do Estado diante da<br \/>\ncrescente criminalidade violenta. Crimes hediondos, por sua natureza e<br \/>\nimpacto social, geram profunda indigna\u00e7\u00e3o e sensa\u00e7\u00e3o de impunidade quando<br \/>\nos autores, mesmo prim\u00e1rios, respondem ao processo em liberdade.<br \/>\nAs altera\u00e7\u00f5es propostas no C\u00f3digo de Processo Penal e na Lei de<br \/>\nCrimes Hediondos t\u00eam como objetivo principal refor\u00e7ar a veda\u00e7\u00e3o \u00e0 liberdade<br \/>\nprovis\u00f3ria e \u00e0 aplica\u00e7\u00e3o de medidas cautelares diversas da pris\u00e3o para crimes<br \/>\nhediondos e equiparados<br \/>\nBuscamos deixar claro que a pris\u00e3o preventiva \u00e9 a regra nesses casos,<br \/>\nsem a possibilidade de substitui\u00e7\u00e3o por outras medidas, salvo em situa\u00e7\u00f5es<br \/>\nexcepcional\u00edssimas e devidamente fundamentadas, que n\u00e3o poder\u00e3o se<br \/>\nbasear unicamente na primariedade ou nos bons antecedentes do acusado.<br \/>\nFaz se necess\u00e1rio evitar que a interpreta\u00e7\u00e3o de &#8220;bons antecedentes&#8221;<br \/>\n(referindo-se \u00e0 aus\u00eancia de condena\u00e7\u00f5es anteriores) seja utilizada como \u00fanico<br \/>\nfundamento para a concess\u00e3o de liberdade provis\u00f3ria, ignorando a gravidade<br \/>\ndo crime hediondo ora praticado. A primariedade, embora importante na<br \/>\ndosimetria da pena final, n\u00e3o pode ser um salvo-conduto para o acusado de um<br \/>\ncrime de tamanha lesividade social.<br \/>\nGarantir a ordem p\u00fablica com a manuten\u00e7\u00e3o da pris\u00e3o de acusados de<br \/>\ncrimes hediondos \u00e9 fundamental dado o risco de reitera\u00e7\u00e3o criminosa e a forte<br \/>\nrepercuss\u00e3o social, numa sociedade j\u00e1 amedrontada pela falta de seguran\u00e7a.<br \/>\nEste Projeto de Lei, portanto, busca fortalecer o arcabou\u00e7o jur\u00eddico para<br \/>\ncombater a impunidade em rela\u00e7\u00e3o aos crimes mais graves, garantindo que a<br \/>\njusti\u00e7a seja mais c\u00e9lere e eficaz na prote\u00e7\u00e3o da sociedade.<br \/>\nSala das Sess\u00f5es, em        de                     de 2025.<br \/>\nDeputado ANDR\u00c9 FIGUEIREDO<br \/>\nPara verificar a assinatura, acesse https:\/\/infoleg-autenticidade-assinatura.camara.leg.br\/CD252669965500<br \/>\nAssinado eletronicamente pelo(a) Dep. Andr\u00e9 Figueiredo<br \/>\nApresenta\u00e7\u00e3o: 11\/06\/2025 17:01:39.557 &#8211; Mesa<br \/>\n*CD252669965500* PL n.2826\/2025<br \/>C\u00c2MARA DOS DEPUTADOS<br \/>\nPara verificar a assinatura, acesse https:\/\/infoleg-autenticidade-assinatura.camara.leg.br\/CD252669965500<br \/>\nAssinado eletronicamente pelo(a) Dep. Andr\u00e9 Figueiredo<br \/>\nApresenta\u00e7\u00e3o: 11\/06\/2025 17:01:39.557 &#8211; Mesa<br \/>\n*CD252669965500* PL n.2826\/2025<\/article>\n<p><a href='https:\/\/app.legislapp.com.br\/#\/busca?termo=Altera\u00e7\u00e3o'>Altera\u00e7\u00e3o<\/a>, <a href='https:\/\/app.legislapp.com.br\/#\/busca?termo=C\u00f3digo de Processo Penal (1941)'>C\u00f3digo de Processo Penal (1941)<\/a>, <a href='https:\/\/app.legislapp.com.br\/#\/busca?termo=Lei dos Crimes Hediondos (1990)'>Lei dos Crimes Hediondos (1990)<\/a>, <a href='https:\/\/app.legislapp.com.br\/#\/busca?termo=proibi\u00e7\u00e3o'>proibi\u00e7\u00e3o<\/a>, <a href='https:\/\/app.legislapp.com.br\/#\/busca?termo=liberdade provis\u00f3ria'>liberdade provis\u00f3ria<\/a>, <a href='https:\/\/app.legislapp.com.br\/#\/busca?termo=obrigatoriedade'>obrigatoriedade<\/a>, <a href='https:\/\/app.legislapp.com.br\/#\/busca?termo=pris\u00e3o preventiva'>pris\u00e3o preventiva<\/a>, <a href='https:\/\/app.legislapp.com.br\/#\/busca?termo=hip\u00f3tese'>hip\u00f3tese<\/a>, <a href='https:\/\/app.legislapp.com.br\/#\/busca?termo=crime hediondo'>crime hediondo<\/a>, <a href='https:\/\/app.legislapp.com.br\/#\/busca?termo=crit\u00e9rio'>crit\u00e9rio<\/a>, <a href='https:\/\/app.legislapp.com.br\/#\/busca?termo=exce\u00e7\u00e3o.'>exce\u00e7\u00e3o.<\/a><\/p>\n<div style=\"text-align: center\">\n      <img decoding=\"async\" style=\"width: 14%;\" src=\"https:\/\/www.legislapp.com.br\/wp-content\/uploads\/2021\/07\/Logo-Legislapp-1-03-1.png\"><br \/>\n      <\/p>\n<div style=\"margin-bottom: 20px;\" class=\"et_pb_button_module_wrapper et_pb_button_5_tb_body_wrapper et_pb_button_alignment_center et_pb_module \">\n         <a class=\"et_pb_button et_pb_button_5_tb_body et_hover_enabled et_pb_bg_layout_dark\" style=\"width: 50%;background-color: black;\" href=\"https:\/\/app.legislapp.com.br\" target=\"_blank\" rel=\"noopener\">Visualizar completo na nossa plataforma (30 dias gr\u00e1tis)<\/a><\/p><\/div>\n<p>      <a href=\"https:\/\/play.google.com\/store\/apps\/details?id=br.com.legislapp\"><img decoding=\"async\" style=\"width: 15%; min-width: 130px;\" src=\"https:\/\/www.legislapp.com.br\/wp-content\/uploads\/google-play.png\"><\/a><br \/>\n      <a href=\"https:\/\/apps.apple.com\/us\/app\/legislapp\/id1568929859\"><img decoding=\"async\" style=\"width: 15%; min-width: 130px\" src=\"https:\/\/www.legislapp.com.br\/wp-content\/uploads\/apple-store.png\"><\/a>\n   <\/div>\n","protected":false},"excerpt":{"rendered":"<p>Avulso Inicial &#8211; Autoria de Andr\u00e9 Figueiredo C\u00c2MARA DOS DEPUTADOS PROJETO DE LEI (Do Sr. ANDRE FIGUEIREDO) Altera o Decreto-Lei n\u00ba 3.689, de 3 de outubro de 1941 (C\u00f3digo de Processo Penal), e a Lei n\u00ba 8.072, de 25 de julho de 1990 (Lei de Crimes Hediondos), para refor\u00e7ar a veda\u00e7\u00e3o \u00e0 liberdade provis\u00f3ria e [&hellip;]<\/p>\n","protected":false},"author":1,"featured_media":0,"parent":0,"menu_order":0,"comment_status":"closed","ping_status":"closed","template":"page-template-blank.php","meta":{"_et_pb_use_builder":"","_et_pb_old_content":"","_et_gb_content_width":"1080","ngg_post_thumbnail":0,"footnotes":""},"class_list":["post-10024","page","type-page","status-publish","hentry"],"yoast_head":"<!-- This site is optimized with the Yoast SEO plugin v24.4 - https:\/\/yoast.com\/wordpress\/plugins\/seo\/ -->\n<title>Avulso Inicial - PL 2826\/2025 - C\u00e2mara - Legislapp<\/title>\n<meta name=\"robots\" content=\"index, follow, max-snippet:-1, max-image-preview:large, max-video-preview:-1\" \/>\n<link rel=\"canonical\" href=\"https:\/\/www.legislapp.com.br\/index.php\/avulso-inicial-pl-2826-2025-camara\/\" \/>\n<meta property=\"og:locale\" content=\"pt_BR\" \/>\n<meta property=\"og:type\" content=\"article\" \/>\n<meta property=\"og:title\" content=\"Avulso Inicial - PL 2826\/2025 - C\u00e2mara - Legislapp\" \/>\n<meta property=\"og:description\" content=\"Avulso Inicial &#8211; Autoria de Andr\u00e9 Figueiredo C\u00c2MARA DOS DEPUTADOS PROJETO DE LEI (Do Sr. ANDRE FIGUEIREDO) Altera o Decreto-Lei n\u00ba 3.689, de 3 de outubro de 1941 (C\u00f3digo de Processo Penal), e a Lei n\u00ba 8.072, de 25 de julho de 1990 (Lei de Crimes Hediondos), para refor\u00e7ar a veda\u00e7\u00e3o \u00e0 liberdade provis\u00f3ria e [&hellip;]\" \/>\n<meta property=\"og:url\" content=\"https:\/\/www.legislapp.com.br\/index.php\/avulso-inicial-pl-2826-2025-camara\/\" \/>\n<meta property=\"og:site_name\" content=\"Legislapp\" \/>\n<meta property=\"article:publisher\" content=\"https:\/\/www.instagram.com\/legislapp\/\" \/>\n<meta property=\"og:image\" content=\"https:\/\/www.legislapp.com.br\/wp-content\/uploads\/2021\/07\/Logo-Legislapp-1-03-1.png\" \/>\n<meta name=\"twitter:card\" content=\"summary_large_image\" \/>\n<meta name=\"twitter:label1\" content=\"Est. tempo de leitura\" \/>\n\t<meta name=\"twitter:data1\" content=\"6 minutos\" \/>\n<script type=\"application\/ld+json\" class=\"yoast-schema-graph\">{\"@context\":\"https:\/\/schema.org\",\"@graph\":[{\"@type\":\"WebPage\",\"@id\":\"https:\/\/www.legislapp.com.br\/index.php\/avulso-inicial-pl-2826-2025-camara\/\",\"url\":\"https:\/\/www.legislapp.com.br\/index.php\/avulso-inicial-pl-2826-2025-camara\/\",\"name\":\"Avulso Inicial - PL 2826\/2025 - C\u00e2mara - Legislapp\",\"isPartOf\":{\"@id\":\"https:\/\/www.legislapp.com.br\/#website\"},\"primaryImageOfPage\":{\"@id\":\"https:\/\/www.legislapp.com.br\/index.php\/avulso-inicial-pl-2826-2025-camara\/#primaryimage\"},\"image\":{\"@id\":\"https:\/\/www.legislapp.com.br\/index.php\/avulso-inicial-pl-2826-2025-camara\/#primaryimage\"},\"thumbnailUrl\":\"https:\/\/www.legislapp.com.br\/wp-content\/uploads\/2021\/07\/Logo-Legislapp-1-03-1.png\",\"datePublished\":\"2025-12-01T13:57:13+00:00\",\"breadcrumb\":{\"@id\":\"https:\/\/www.legislapp.com.br\/index.php\/avulso-inicial-pl-2826-2025-camara\/#breadcrumb\"},\"inLanguage\":\"pt-BR\",\"potentialAction\":[{\"@type\":\"ReadAction\",\"target\":[\"https:\/\/www.legislapp.com.br\/index.php\/avulso-inicial-pl-2826-2025-camara\/\"]}]},{\"@type\":\"ImageObject\",\"inLanguage\":\"pt-BR\",\"@id\":\"https:\/\/www.legislapp.com.br\/index.php\/avulso-inicial-pl-2826-2025-camara\/#primaryimage\",\"url\":\"https:\/\/www.legislapp.com.br\/wp-content\/uploads\/2021\/07\/Logo-Legislapp-1-03-1.png\",\"contentUrl\":\"https:\/\/www.legislapp.com.br\/wp-content\/uploads\/2021\/07\/Logo-Legislapp-1-03-1.png\",\"width\":2679,\"height\":2697},{\"@type\":\"BreadcrumbList\",\"@id\":\"https:\/\/www.legislapp.com.br\/index.php\/avulso-inicial-pl-2826-2025-camara\/#breadcrumb\",\"itemListElement\":[{\"@type\":\"ListItem\",\"position\":1,\"name\":\"In\u00edcio\",\"item\":\"https:\/\/www.legislapp.com.br\/\"},{\"@type\":\"ListItem\",\"position\":2,\"name\":\"Avulso Inicial &#8211; PL 2826\/2025 &#8211; C\u00e2mara\"}]},{\"@type\":\"WebSite\",\"@id\":\"https:\/\/www.legislapp.com.br\/#website\",\"url\":\"https:\/\/www.legislapp.com.br\/\",\"name\":\"Legislapp\",\"description\":\"Intelig\u00eancia governamental em tempo real\",\"publisher\":{\"@id\":\"https:\/\/www.legislapp.com.br\/#organization\"},\"potentialAction\":[{\"@type\":\"SearchAction\",\"target\":{\"@type\":\"EntryPoint\",\"urlTemplate\":\"https:\/\/www.legislapp.com.br\/?s={search_term_string}\"},\"query-input\":{\"@type\":\"PropertyValueSpecification\",\"valueRequired\":true,\"valueName\":\"search_term_string\"}}],\"inLanguage\":\"pt-BR\"},{\"@type\":\"Organization\",\"@id\":\"https:\/\/www.legislapp.com.br\/#organization\",\"name\":\"Legislapp Monitoramento e Intelig\u00eancia Governamental\",\"url\":\"https:\/\/www.legislapp.com.br\/\",\"logo\":{\"@type\":\"ImageObject\",\"inLanguage\":\"pt-BR\",\"@id\":\"https:\/\/www.legislapp.com.br\/#\/schema\/logo\/image\/\",\"url\":\"https:\/\/www.legislapp.com.br\/wp-content\/uploads\/icon.png\",\"contentUrl\":\"https:\/\/www.legislapp.com.br\/wp-content\/uploads\/icon.png\",\"width\":1024,\"height\":1024,\"caption\":\"Legislapp Monitoramento e Intelig\u00eancia Governamental\"},\"image\":{\"@id\":\"https:\/\/www.legislapp.com.br\/#\/schema\/logo\/image\/\"},\"sameAs\":[\"https:\/\/www.instagram.com\/legislapp\/\"]}]}<\/script>\n<!-- \/ Yoast SEO plugin. -->","yoast_head_json":{"title":"Avulso Inicial - PL 2826\/2025 - C\u00e2mara - Legislapp","robots":{"index":"index","follow":"follow","max-snippet":"max-snippet:-1","max-image-preview":"max-image-preview:large","max-video-preview":"max-video-preview:-1"},"canonical":"https:\/\/www.legislapp.com.br\/index.php\/avulso-inicial-pl-2826-2025-camara\/","og_locale":"pt_BR","og_type":"article","og_title":"Avulso Inicial - PL 2826\/2025 - C\u00e2mara - Legislapp","og_description":"Avulso Inicial &#8211; Autoria de Andr\u00e9 Figueiredo C\u00c2MARA DOS DEPUTADOS PROJETO DE LEI (Do Sr. ANDRE FIGUEIREDO) Altera o Decreto-Lei n\u00ba 3.689, de 3 de outubro de 1941 (C\u00f3digo de Processo Penal), e a Lei n\u00ba 8.072, de 25 de julho de 1990 (Lei de Crimes Hediondos), para refor\u00e7ar a veda\u00e7\u00e3o \u00e0 liberdade provis\u00f3ria e [&hellip;]","og_url":"https:\/\/www.legislapp.com.br\/index.php\/avulso-inicial-pl-2826-2025-camara\/","og_site_name":"Legislapp","article_publisher":"https:\/\/www.instagram.com\/legislapp\/","og_image":[{"url":"https:\/\/www.legislapp.com.br\/wp-content\/uploads\/2021\/07\/Logo-Legislapp-1-03-1.png","type":"","width":"","height":""}],"twitter_card":"summary_large_image","twitter_misc":{"Est. tempo de leitura":"6 minutos"},"schema":{"@context":"https:\/\/schema.org","@graph":[{"@type":"WebPage","@id":"https:\/\/www.legislapp.com.br\/index.php\/avulso-inicial-pl-2826-2025-camara\/","url":"https:\/\/www.legislapp.com.br\/index.php\/avulso-inicial-pl-2826-2025-camara\/","name":"Avulso Inicial - PL 2826\/2025 - C\u00e2mara - Legislapp","isPartOf":{"@id":"https:\/\/www.legislapp.com.br\/#website"},"primaryImageOfPage":{"@id":"https:\/\/www.legislapp.com.br\/index.php\/avulso-inicial-pl-2826-2025-camara\/#primaryimage"},"image":{"@id":"https:\/\/www.legislapp.com.br\/index.php\/avulso-inicial-pl-2826-2025-camara\/#primaryimage"},"thumbnailUrl":"https:\/\/www.legislapp.com.br\/wp-content\/uploads\/2021\/07\/Logo-Legislapp-1-03-1.png","datePublished":"2025-12-01T13:57:13+00:00","breadcrumb":{"@id":"https:\/\/www.legislapp.com.br\/index.php\/avulso-inicial-pl-2826-2025-camara\/#breadcrumb"},"inLanguage":"pt-BR","potentialAction":[{"@type":"ReadAction","target":["https:\/\/www.legislapp.com.br\/index.php\/avulso-inicial-pl-2826-2025-camara\/"]}]},{"@type":"ImageObject","inLanguage":"pt-BR","@id":"https:\/\/www.legislapp.com.br\/index.php\/avulso-inicial-pl-2826-2025-camara\/#primaryimage","url":"https:\/\/www.legislapp.com.br\/wp-content\/uploads\/2021\/07\/Logo-Legislapp-1-03-1.png","contentUrl":"https:\/\/www.legislapp.com.br\/wp-content\/uploads\/2021\/07\/Logo-Legislapp-1-03-1.png","width":2679,"height":2697},{"@type":"BreadcrumbList","@id":"https:\/\/www.legislapp.com.br\/index.php\/avulso-inicial-pl-2826-2025-camara\/#breadcrumb","itemListElement":[{"@type":"ListItem","position":1,"name":"In\u00edcio","item":"https:\/\/www.legislapp.com.br\/"},{"@type":"ListItem","position":2,"name":"Avulso Inicial &#8211; PL 2826\/2025 &#8211; C\u00e2mara"}]},{"@type":"WebSite","@id":"https:\/\/www.legislapp.com.br\/#website","url":"https:\/\/www.legislapp.com.br\/","name":"Legislapp","description":"Intelig\u00eancia governamental em tempo real","publisher":{"@id":"https:\/\/www.legislapp.com.br\/#organization"},"potentialAction":[{"@type":"SearchAction","target":{"@type":"EntryPoint","urlTemplate":"https:\/\/www.legislapp.com.br\/?s={search_term_string}"},"query-input":{"@type":"PropertyValueSpecification","valueRequired":true,"valueName":"search_term_string"}}],"inLanguage":"pt-BR"},{"@type":"Organization","@id":"https:\/\/www.legislapp.com.br\/#organization","name":"Legislapp Monitoramento e Intelig\u00eancia Governamental","url":"https:\/\/www.legislapp.com.br\/","logo":{"@type":"ImageObject","inLanguage":"pt-BR","@id":"https:\/\/www.legislapp.com.br\/#\/schema\/logo\/image\/","url":"https:\/\/www.legislapp.com.br\/wp-content\/uploads\/icon.png","contentUrl":"https:\/\/www.legislapp.com.br\/wp-content\/uploads\/icon.png","width":1024,"height":1024,"caption":"Legislapp Monitoramento e Intelig\u00eancia Governamental"},"image":{"@id":"https:\/\/www.legislapp.com.br\/#\/schema\/logo\/image\/"},"sameAs":["https:\/\/www.instagram.com\/legislapp\/"]}]}},"_links":{"self":[{"href":"https:\/\/www.legislapp.com.br\/index.php\/wp-json\/wp\/v2\/pages\/10024","targetHints":{"allow":["GET"]}}],"collection":[{"href":"https:\/\/www.legislapp.com.br\/index.php\/wp-json\/wp\/v2\/pages"}],"about":[{"href":"https:\/\/www.legislapp.com.br\/index.php\/wp-json\/wp\/v2\/types\/page"}],"author":[{"embeddable":true,"href":"https:\/\/www.legislapp.com.br\/index.php\/wp-json\/wp\/v2\/users\/1"}],"replies":[{"embeddable":true,"href":"https:\/\/www.legislapp.com.br\/index.php\/wp-json\/wp\/v2\/comments?post=10024"}],"version-history":[{"count":0,"href":"https:\/\/www.legislapp.com.br\/index.php\/wp-json\/wp\/v2\/pages\/10024\/revisions"}],"wp:attachment":[{"href":"https:\/\/www.legislapp.com.br\/index.php\/wp-json\/wp\/v2\/media?parent=10024"}],"curies":[{"name":"wp","href":"https:\/\/api.w.org\/{rel}","templated":true}]}}