{"id":10026,"date":"2025-12-01T10:57:19","date_gmt":"2025-12-01T13:57:19","guid":{"rendered":"https:\/\/www.legislapp.com.br\/index.php\/avulso-inicial-pl-4664-2025-camara\/"},"modified":"2025-12-01T10:57:19","modified_gmt":"2025-12-01T13:57:19","slug":"avulso-inicial-pl-4664-2025-camara","status":"publish","type":"page","link":"https:\/\/www.legislapp.com.br\/index.php\/avulso-inicial-pl-4664-2025-camara\/","title":{"rendered":"Avulso Inicial &#8211; PL 4664\/2025 &#8211; C\u00e2mara"},"content":{"rendered":"<h1 style='text-align: center;'>Avulso Inicial &#8211; Autoria de Dr. Fernando M\u00e1ximo<\/h3>\n<p><\/p>\n<article>PROJETO DE LEI N\u00ba ___, DE 2025<br \/>\n(Dep. Dr. Fernando M\u00e1ximo)<br \/>\nInstitui o &#8220;Intervalo B\u00edblico&#8221; nas escolas p\u00fablicas e<br \/>\nprivadas de todo o territ\u00f3rio nacional.<br \/>\nO CONGRESSO NACIONAL decreta:<br \/>\nArt. 1\u00ba Fica institu\u00eddo o &#8220;Intervalo B\u00edblico&#8221; nas escolas p\u00fablicas e privadas de todo o<br \/>\nterrit\u00f3rio nacional.<br \/>\n\u00a7 1\u00ba. O &#8220;Intervalo B\u00edblico&#8221; \u00e9 um momento de encontro religioso, sem qualquer interfer\u00eancia<br \/>\nda institui\u00e7\u00e3o de ensino, em que alunos de confiss\u00e3o crist\u00e3, que voluntariamente desejarem,<br \/>\npoder\u00e3o se reunir nos hor\u00e1rios de intervalo para professar sua f\u00e9 e realizar a leitura da B\u00edblia.<br \/>\n\u00a7 2\u00ba. A participa\u00e7\u00e3o no &#8220;Intervalo B\u00edblico&#8221; \u00e9 estritamente volunt\u00e1ria, sendo vedado qualquer<br \/>\ntipo de constrangimento por parte dos organizadores ou da dire\u00e7\u00e3o da escola.<br \/>\nArt. 2\u00ba Esta Lei entra em vigor na data de sua publica\u00e7\u00e3o.<br \/>\nPara verificar a assinatura, acesse https:\/\/infoleg-autenticidade-assinatura.camara.leg.br\/CD250692740100<br \/>\nAssinado eletronicamente pelo(a) Dep. Dr. Fernando M\u00e1ximo<br \/>\nApresenta\u00e7\u00e3o: 18\/09\/2025 15:13:51.887 &#8211; Mesa<br \/>\n*CD250692740100* PL n.4664\/2025<br \/>JUSTIFICA\u00c7\u00c3O<br \/>\nA presente proposi\u00e7\u00e3o legislativa, ao instituir o &#8220;Intervalo B\u00edblico&#8221; em escolas<br \/>\np\u00fablicas e privadas, visa garantir o pleno exerc\u00edcio da liberdade de cren\u00e7a dos estudantes de<br \/>\nconfiss\u00e3o crist\u00e3, um direito fundamental assegurado pela Constitui\u00e7\u00e3o Federal.<br \/>\nO Brasil, com sua esmagadora maioria crist\u00e3, tem uma rica hist\u00f3ria de f\u00e9 que molda a<br \/>\nsua cultura e a sua identidade. Reconhecer e acomodar a express\u00e3o religiosa nas institui\u00e7\u00f5es<br \/>\nde ensino n\u00e3o \u00e9 um retrocesso, mas um avan\u00e7o em dire\u00e7\u00e3o a uma sociedade mais inclusiva e<br \/>\nrespeitosa.<br \/>\n\u00c9 fundamental reiterar que a laicidade do Estado n\u00e3o se confunde com o ate\u00edsmo de<br \/>\nEstado. O princ\u00edpio constitucional da laicidade exige neutralidade e n\u00e3o-interfer\u00eancia,<br \/>\ngarantindo que o poder p\u00fablico n\u00e3o persiga ou discrimine qualquer f\u00e9. Em outras palavras, o<br \/>\nEstado n\u00e3o tem uma religi\u00e3o, mas deve proteger todas elas.<br \/>\nEste projeto busca exatamente isso: permitir que os alunos, de forma volunt\u00e1ria e sem<br \/>\nqualquer imposi\u00e7\u00e3o, possam se reunir para professar sua f\u00e9 e se inspirar nos ensinamentos<br \/>\nb\u00edblicos, sem que a escola se torne um ambiente hostil \u00e0 espiritualidade.<br \/>\nAo garantir o &#8220;Intervalo B\u00edblico&#8221;, a legisla\u00e7\u00e3o estar\u00e1, na verdade, defendendo um<br \/>\nespa\u00e7o de respeito \u00e0 diversidade e de acolhimento \u00e0s manifesta\u00e7\u00f5es de f\u00e9 dos estudantes,<br \/>\nconforme preceituam os direitos humanos e a pr\u00f3pria Constitui\u00e7\u00e3o da Rep\u00fablica. A escola,<br \/>\ncomo um dos pilares da nossa sociedade, deve ser um lugar de liberdade, onde a f\u00e9 possa ser<br \/>\nexpressa e celebrada sem restri\u00e7\u00f5es, para que as futuras gera\u00e7\u00f5es possam crescer em um<br \/>\nambiente de toler\u00e2ncia e harmonia.<br \/>\nDeputado DR. FERNANDO M\u00c1XIMO<br \/>\n(Uni\u00e3o Brasil\/RO)<br \/>\nPara verificar a assinatura, acesse https:\/\/infoleg-autenticidade-assinatura.camara.leg.br\/CD250692740100<br \/>\nAssinado eletronicamente pelo(a) Dep. Dr. Fernando M\u00e1ximo<br \/>\nApresenta\u00e7\u00e3o: 18\/09\/2025 15:13:51.887 &#8211; Mesa<br \/>\n*CD250692740100* PL n.4664\/2025<\/article>\n<p><a href='https:\/\/app.legislapp.com.br\/#\/busca?termo=Cria\u00e7\u00e3o'>Cria\u00e7\u00e3o<\/a>, <a href='https:\/\/app.legislapp.com.br\/#\/busca?termo=Intervalo B\u00edblico'>Intervalo B\u00edblico<\/a>, <a href='https:\/\/app.legislapp.com.br\/#\/busca?termo=escola'>escola<\/a>, <a href='https:\/\/app.legislapp.com.br\/#\/busca?termo=rede p\u00fablica de ensino'>rede p\u00fablica de ensino<\/a>, <a href='https:\/\/app.legislapp.com.br\/#\/busca?termo=rede privada de ensino'>rede privada de ensino<\/a>, <a href='https:\/\/app.legislapp.com.br\/#\/busca?termo=leitura'>leitura<\/a>, <a href='https:\/\/app.legislapp.com.br\/#\/busca?termo=B\u00edblia'>B\u00edblia<\/a>, <a href='https:\/\/app.legislapp.com.br\/#\/busca?termo=cristianismo'>cristianismo<\/a>, <a href='https:\/\/app.legislapp.com.br\/#\/busca?termo=incentivo'>incentivo<\/a>, <a href='https:\/\/app.legislapp.com.br\/#\/busca?termo=difus\u00e3o'>difus\u00e3o<\/a>, <a href='https:\/\/app.legislapp.com.br\/#\/busca?termo=promo\u00e7\u00e3o'>promo\u00e7\u00e3o<\/a>, <a href='https:\/\/app.legislapp.com.br\/#\/busca?termo=ades\u00e3o volunt\u00e1ria'>ades\u00e3o volunt\u00e1ria<\/a>, <a href='https:\/\/app.legislapp.com.br\/#\/busca?termo=religi\u00e3o'>religi\u00e3o<\/a>, <a href='https:\/\/app.legislapp.com.br\/#\/busca?termo=cren\u00e7a religiosa.'>cren\u00e7a religiosa.<\/a><\/p>\n<div style=\"text-align: center\">\n      <img decoding=\"async\" style=\"width: 14%;\" src=\"https:\/\/www.legislapp.com.br\/wp-content\/uploads\/2021\/07\/Logo-Legislapp-1-03-1.png\"><br \/>\n      <\/p>\n<div style=\"margin-bottom: 20px;\" class=\"et_pb_button_module_wrapper et_pb_button_5_tb_body_wrapper et_pb_button_alignment_center et_pb_module \">\n         <a class=\"et_pb_button et_pb_button_5_tb_body et_hover_enabled et_pb_bg_layout_dark\" style=\"width: 50%;background-color: black;\" href=\"https:\/\/app.legislapp.com.br\" target=\"_blank\" rel=\"noopener\">Visualizar completo na nossa plataforma (30 dias gr\u00e1tis)<\/a><\/p><\/div>\n<p>      <a href=\"https:\/\/play.google.com\/store\/apps\/details?id=br.com.legislapp\"><img decoding=\"async\" style=\"width: 15%; min-width: 130px;\" src=\"https:\/\/www.legislapp.com.br\/wp-content\/uploads\/google-play.png\"><\/a><br \/>\n      <a href=\"https:\/\/apps.apple.com\/us\/app\/legislapp\/id1568929859\"><img decoding=\"async\" style=\"width: 15%; min-width: 130px\" src=\"https:\/\/www.legislapp.com.br\/wp-content\/uploads\/apple-store.png\"><\/a>\n   <\/div>\n","protected":false},"excerpt":{"rendered":"<p>Avulso Inicial &#8211; Autoria de Dr. Fernando M\u00e1ximo PROJETO DE LEI N\u00ba ___, DE 2025 (Dep. Dr. Fernando M\u00e1ximo) Institui o &#8220;Intervalo B\u00edblico&#8221; nas escolas p\u00fablicas e privadas de todo o territ\u00f3rio nacional. O CONGRESSO NACIONAL decreta: Art. 1\u00ba Fica institu\u00eddo o &#8220;Intervalo B\u00edblico&#8221; nas escolas p\u00fablicas e privadas de todo o territ\u00f3rio nacional. \u00a7 [&hellip;]<\/p>\n","protected":false},"author":1,"featured_media":0,"parent":0,"menu_order":0,"comment_status":"closed","ping_status":"closed","template":"page-template-blank.php","meta":{"_et_pb_use_builder":"","_et_pb_old_content":"","_et_gb_content_width":"1080","ngg_post_thumbnail":0,"footnotes":""},"class_list":["post-10026","page","type-page","status-publish","hentry"],"yoast_head":"<!-- This site is optimized with the Yoast SEO plugin v24.4 - https:\/\/yoast.com\/wordpress\/plugins\/seo\/ -->\n<title>Avulso Inicial - PL 4664\/2025 - C\u00e2mara - Legislapp<\/title>\n<meta name=\"robots\" content=\"index, follow, max-snippet:-1, max-image-preview:large, max-video-preview:-1\" \/>\n<link rel=\"canonical\" href=\"https:\/\/www.legislapp.com.br\/index.php\/avulso-inicial-pl-4664-2025-camara\/\" \/>\n<meta property=\"og:locale\" content=\"pt_BR\" \/>\n<meta property=\"og:type\" content=\"article\" \/>\n<meta property=\"og:title\" content=\"Avulso Inicial - PL 4664\/2025 - C\u00e2mara - Legislapp\" \/>\n<meta property=\"og:description\" content=\"Avulso Inicial &#8211; Autoria de Dr. Fernando M\u00e1ximo PROJETO DE LEI N\u00ba ___, DE 2025 (Dep. Dr. Fernando M\u00e1ximo) Institui o &#8220;Intervalo B\u00edblico&#8221; nas escolas p\u00fablicas e privadas de todo o territ\u00f3rio nacional. O CONGRESSO NACIONAL decreta: Art. 1\u00ba Fica institu\u00eddo o &#8220;Intervalo B\u00edblico&#8221; nas escolas p\u00fablicas e privadas de todo o territ\u00f3rio nacional. \u00a7 [&hellip;]\" \/>\n<meta property=\"og:url\" content=\"https:\/\/www.legislapp.com.br\/index.php\/avulso-inicial-pl-4664-2025-camara\/\" \/>\n<meta property=\"og:site_name\" content=\"Legislapp\" \/>\n<meta property=\"article:publisher\" content=\"https:\/\/www.instagram.com\/legislapp\/\" \/>\n<meta property=\"og:image\" content=\"https:\/\/www.legislapp.com.br\/wp-content\/uploads\/2021\/07\/Logo-Legislapp-1-03-1.png\" \/>\n<meta name=\"twitter:card\" content=\"summary_large_image\" \/>\n<meta name=\"twitter:label1\" content=\"Est. tempo de leitura\" \/>\n\t<meta name=\"twitter:data1\" content=\"3 minutos\" \/>\n<script type=\"application\/ld+json\" class=\"yoast-schema-graph\">{\"@context\":\"https:\/\/schema.org\",\"@graph\":[{\"@type\":\"WebPage\",\"@id\":\"https:\/\/www.legislapp.com.br\/index.php\/avulso-inicial-pl-4664-2025-camara\/\",\"url\":\"https:\/\/www.legislapp.com.br\/index.php\/avulso-inicial-pl-4664-2025-camara\/\",\"name\":\"Avulso Inicial - PL 4664\/2025 - C\u00e2mara - Legislapp\",\"isPartOf\":{\"@id\":\"https:\/\/www.legislapp.com.br\/#website\"},\"primaryImageOfPage\":{\"@id\":\"https:\/\/www.legislapp.com.br\/index.php\/avulso-inicial-pl-4664-2025-camara\/#primaryimage\"},\"image\":{\"@id\":\"https:\/\/www.legislapp.com.br\/index.php\/avulso-inicial-pl-4664-2025-camara\/#primaryimage\"},\"thumbnailUrl\":\"https:\/\/www.legislapp.com.br\/wp-content\/uploads\/2021\/07\/Logo-Legislapp-1-03-1.png\",\"datePublished\":\"2025-12-01T13:57:19+00:00\",\"breadcrumb\":{\"@id\":\"https:\/\/www.legislapp.com.br\/index.php\/avulso-inicial-pl-4664-2025-camara\/#breadcrumb\"},\"inLanguage\":\"pt-BR\",\"potentialAction\":[{\"@type\":\"ReadAction\",\"target\":[\"https:\/\/www.legislapp.com.br\/index.php\/avulso-inicial-pl-4664-2025-camara\/\"]}]},{\"@type\":\"ImageObject\",\"inLanguage\":\"pt-BR\",\"@id\":\"https:\/\/www.legislapp.com.br\/index.php\/avulso-inicial-pl-4664-2025-camara\/#primaryimage\",\"url\":\"https:\/\/www.legislapp.com.br\/wp-content\/uploads\/2021\/07\/Logo-Legislapp-1-03-1.png\",\"contentUrl\":\"https:\/\/www.legislapp.com.br\/wp-content\/uploads\/2021\/07\/Logo-Legislapp-1-03-1.png\",\"width\":2679,\"height\":2697},{\"@type\":\"BreadcrumbList\",\"@id\":\"https:\/\/www.legislapp.com.br\/index.php\/avulso-inicial-pl-4664-2025-camara\/#breadcrumb\",\"itemListElement\":[{\"@type\":\"ListItem\",\"position\":1,\"name\":\"In\u00edcio\",\"item\":\"https:\/\/www.legislapp.com.br\/\"},{\"@type\":\"ListItem\",\"position\":2,\"name\":\"Avulso Inicial &#8211; PL 4664\/2025 &#8211; C\u00e2mara\"}]},{\"@type\":\"WebSite\",\"@id\":\"https:\/\/www.legislapp.com.br\/#website\",\"url\":\"https:\/\/www.legislapp.com.br\/\",\"name\":\"Legislapp\",\"description\":\"Intelig\u00eancia governamental em tempo real\",\"publisher\":{\"@id\":\"https:\/\/www.legislapp.com.br\/#organization\"},\"potentialAction\":[{\"@type\":\"SearchAction\",\"target\":{\"@type\":\"EntryPoint\",\"urlTemplate\":\"https:\/\/www.legislapp.com.br\/?s={search_term_string}\"},\"query-input\":{\"@type\":\"PropertyValueSpecification\",\"valueRequired\":true,\"valueName\":\"search_term_string\"}}],\"inLanguage\":\"pt-BR\"},{\"@type\":\"Organization\",\"@id\":\"https:\/\/www.legislapp.com.br\/#organization\",\"name\":\"Legislapp Monitoramento e Intelig\u00eancia Governamental\",\"url\":\"https:\/\/www.legislapp.com.br\/\",\"logo\":{\"@type\":\"ImageObject\",\"inLanguage\":\"pt-BR\",\"@id\":\"https:\/\/www.legislapp.com.br\/#\/schema\/logo\/image\/\",\"url\":\"https:\/\/www.legislapp.com.br\/wp-content\/uploads\/icon.png\",\"contentUrl\":\"https:\/\/www.legislapp.com.br\/wp-content\/uploads\/icon.png\",\"width\":1024,\"height\":1024,\"caption\":\"Legislapp Monitoramento e Intelig\u00eancia Governamental\"},\"image\":{\"@id\":\"https:\/\/www.legislapp.com.br\/#\/schema\/logo\/image\/\"},\"sameAs\":[\"https:\/\/www.instagram.com\/legislapp\/\"]}]}<\/script>\n<!-- \/ Yoast SEO plugin. -->","yoast_head_json":{"title":"Avulso Inicial - PL 4664\/2025 - C\u00e2mara - Legislapp","robots":{"index":"index","follow":"follow","max-snippet":"max-snippet:-1","max-image-preview":"max-image-preview:large","max-video-preview":"max-video-preview:-1"},"canonical":"https:\/\/www.legislapp.com.br\/index.php\/avulso-inicial-pl-4664-2025-camara\/","og_locale":"pt_BR","og_type":"article","og_title":"Avulso Inicial - PL 4664\/2025 - C\u00e2mara - Legislapp","og_description":"Avulso Inicial &#8211; Autoria de Dr. Fernando M\u00e1ximo PROJETO DE LEI N\u00ba ___, DE 2025 (Dep. Dr. Fernando M\u00e1ximo) Institui o &#8220;Intervalo B\u00edblico&#8221; nas escolas p\u00fablicas e privadas de todo o territ\u00f3rio nacional. O CONGRESSO NACIONAL decreta: Art. 1\u00ba Fica institu\u00eddo o &#8220;Intervalo B\u00edblico&#8221; nas escolas p\u00fablicas e privadas de todo o territ\u00f3rio nacional. \u00a7 [&hellip;]","og_url":"https:\/\/www.legislapp.com.br\/index.php\/avulso-inicial-pl-4664-2025-camara\/","og_site_name":"Legislapp","article_publisher":"https:\/\/www.instagram.com\/legislapp\/","og_image":[{"url":"https:\/\/www.legislapp.com.br\/wp-content\/uploads\/2021\/07\/Logo-Legislapp-1-03-1.png","type":"","width":"","height":""}],"twitter_card":"summary_large_image","twitter_misc":{"Est. tempo de leitura":"3 minutos"},"schema":{"@context":"https:\/\/schema.org","@graph":[{"@type":"WebPage","@id":"https:\/\/www.legislapp.com.br\/index.php\/avulso-inicial-pl-4664-2025-camara\/","url":"https:\/\/www.legislapp.com.br\/index.php\/avulso-inicial-pl-4664-2025-camara\/","name":"Avulso Inicial - PL 4664\/2025 - C\u00e2mara - Legislapp","isPartOf":{"@id":"https:\/\/www.legislapp.com.br\/#website"},"primaryImageOfPage":{"@id":"https:\/\/www.legislapp.com.br\/index.php\/avulso-inicial-pl-4664-2025-camara\/#primaryimage"},"image":{"@id":"https:\/\/www.legislapp.com.br\/index.php\/avulso-inicial-pl-4664-2025-camara\/#primaryimage"},"thumbnailUrl":"https:\/\/www.legislapp.com.br\/wp-content\/uploads\/2021\/07\/Logo-Legislapp-1-03-1.png","datePublished":"2025-12-01T13:57:19+00:00","breadcrumb":{"@id":"https:\/\/www.legislapp.com.br\/index.php\/avulso-inicial-pl-4664-2025-camara\/#breadcrumb"},"inLanguage":"pt-BR","potentialAction":[{"@type":"ReadAction","target":["https:\/\/www.legislapp.com.br\/index.php\/avulso-inicial-pl-4664-2025-camara\/"]}]},{"@type":"ImageObject","inLanguage":"pt-BR","@id":"https:\/\/www.legislapp.com.br\/index.php\/avulso-inicial-pl-4664-2025-camara\/#primaryimage","url":"https:\/\/www.legislapp.com.br\/wp-content\/uploads\/2021\/07\/Logo-Legislapp-1-03-1.png","contentUrl":"https:\/\/www.legislapp.com.br\/wp-content\/uploads\/2021\/07\/Logo-Legislapp-1-03-1.png","width":2679,"height":2697},{"@type":"BreadcrumbList","@id":"https:\/\/www.legislapp.com.br\/index.php\/avulso-inicial-pl-4664-2025-camara\/#breadcrumb","itemListElement":[{"@type":"ListItem","position":1,"name":"In\u00edcio","item":"https:\/\/www.legislapp.com.br\/"},{"@type":"ListItem","position":2,"name":"Avulso Inicial &#8211; PL 4664\/2025 &#8211; C\u00e2mara"}]},{"@type":"WebSite","@id":"https:\/\/www.legislapp.com.br\/#website","url":"https:\/\/www.legislapp.com.br\/","name":"Legislapp","description":"Intelig\u00eancia governamental em tempo real","publisher":{"@id":"https:\/\/www.legislapp.com.br\/#organization"},"potentialAction":[{"@type":"SearchAction","target":{"@type":"EntryPoint","urlTemplate":"https:\/\/www.legislapp.com.br\/?s={search_term_string}"},"query-input":{"@type":"PropertyValueSpecification","valueRequired":true,"valueName":"search_term_string"}}],"inLanguage":"pt-BR"},{"@type":"Organization","@id":"https:\/\/www.legislapp.com.br\/#organization","name":"Legislapp Monitoramento e Intelig\u00eancia Governamental","url":"https:\/\/www.legislapp.com.br\/","logo":{"@type":"ImageObject","inLanguage":"pt-BR","@id":"https:\/\/www.legislapp.com.br\/#\/schema\/logo\/image\/","url":"https:\/\/www.legislapp.com.br\/wp-content\/uploads\/icon.png","contentUrl":"https:\/\/www.legislapp.com.br\/wp-content\/uploads\/icon.png","width":1024,"height":1024,"caption":"Legislapp Monitoramento e Intelig\u00eancia Governamental"},"image":{"@id":"https:\/\/www.legislapp.com.br\/#\/schema\/logo\/image\/"},"sameAs":["https:\/\/www.instagram.com\/legislapp\/"]}]}},"_links":{"self":[{"href":"https:\/\/www.legislapp.com.br\/index.php\/wp-json\/wp\/v2\/pages\/10026","targetHints":{"allow":["GET"]}}],"collection":[{"href":"https:\/\/www.legislapp.com.br\/index.php\/wp-json\/wp\/v2\/pages"}],"about":[{"href":"https:\/\/www.legislapp.com.br\/index.php\/wp-json\/wp\/v2\/types\/page"}],"author":[{"embeddable":true,"href":"https:\/\/www.legislapp.com.br\/index.php\/wp-json\/wp\/v2\/users\/1"}],"replies":[{"embeddable":true,"href":"https:\/\/www.legislapp.com.br\/index.php\/wp-json\/wp\/v2\/comments?post=10026"}],"version-history":[{"count":0,"href":"https:\/\/www.legislapp.com.br\/index.php\/wp-json\/wp\/v2\/pages\/10026\/revisions"}],"wp:attachment":[{"href":"https:\/\/www.legislapp.com.br\/index.php\/wp-json\/wp\/v2\/media?parent=10026"}],"curies":[{"name":"wp","href":"https:\/\/api.w.org\/{rel}","templated":true}]}}