{"id":10034,"date":"2025-12-01T10:57:49","date_gmt":"2025-12-01T13:57:49","guid":{"rendered":"https:\/\/www.legislapp.com.br\/index.php\/avulso-inicial-pl-3592-2012-camara\/"},"modified":"2025-12-01T10:57:49","modified_gmt":"2025-12-01T13:57:49","slug":"avulso-inicial-pl-3592-2012-camara","status":"publish","type":"page","link":"https:\/\/www.legislapp.com.br\/index.php\/avulso-inicial-pl-3592-2012-camara\/","title":{"rendered":"Avulso Inicial &#8211; PL 3592\/2012 &#8211; C\u00e2mara"},"content":{"rendered":"<h1 style='text-align: center;'>Avulso Inicial &#8211; Autoria de Senado Federal<\/h3>\n<p><\/p>\n<article>Disp\u00f5e sobre a regulamenta\u00e7\u00e3o do exerc\u00edcio da<br \/>\nprofiss\u00e3o de comerci\u00e1rio.<br \/>\nO Congresso Nacional decreta:<br \/>\nArt. 1 \u00ba Aos comerci\u00e1rios, integrantes da categoria profissional de empregados no<br \/>\ncom\u00e9rcio, conforme o quadro de atividades e profiss\u00f5es do art. 577, combinado com o art.<br \/>\n511, ambos da Consolida\u00e7\u00e3o das Leis do Trabalho (CL T), aprovada pelo Decreto-Lei<br \/>\nn\u00ba 5.452, de 1 \u00ba de maio de 1943, aplicam-se os dispositivos da presente Lei, sem preju\u00edzo<br \/>\ndas demais normas trabalhistas que lhes sejam aplic\u00e1veis.<br \/>\nArt. 2\u00ba Na Carteira de Trabalho e Previd\u00eancia Social (CTPS), a atividade ou<br \/>\nfun\u00e7\u00e3o desempenhada pelos empregados do com\u00e9rcio dever\u00e1 ser especificada, desde que<br \/>\ninexista a possibilidade de classifica\u00e7\u00e3o por similaridade.<br \/>\nArt. 3\u00ba A jornada normal de trabalho dos empregados no com\u00e9rcio \u00e9 de 8 (oito)<br \/>\nhoras di\u00e1rias e 44 ( quarenta e quatro) semanais.<br \/>\n\u00a7 !\u00ba Somente mediante conven\u00e7\u00e3o coletiva ou acordo coletivo de trabalho poder\u00e1<br \/>\nser alterada a jornada normal de trabalho estabelecida no caput deste artigo.<br \/>\n\u00a7 2\u00ba \u00c9 admitida jornada de 6 (seis) horas para o trabalho realizado em turnos de<br \/>\nrevezamento, sendo vedada a utiliza\u00e7\u00e3o do mesmo empregado em mais de 1 (um) turno de<br \/>\ntrabalho, salvo negocia\u00e7\u00e3o coletiva de trabalho.<br \/>\nArt. 4\u00ba O piso salarial ser\u00e1 fixado em conven\u00e7\u00e3o ou acordo coletivo de trabalho,<br \/>\nnos termos do inciso V do art. 7\u00ba da Constitui\u00e7\u00e3o Federal.<br \/>\nArt. 5\u00b0 No instrumento coletivo dever\u00e1 ser fixada contribui\u00e7\u00e3o para o custeio da<br \/>\nnegocia\u00e7\u00e3o coletiva, que, no caso dos trabalhadores, ser\u00e1 fixada pela Assembleia Geral de<br \/>\nsua entidade, em importe n\u00e3o superior a 12% (doze por cento) ao ano e 1% (um por cento)<br \/>\nao m\u00eas de seu sal\u00e1rio, e, no caso das empresas, ser\u00e1 estabelecida em Assembleia Geral da<br \/>\nentidade representante da categoria econ\u00f4mica, em fun\u00e7\u00e3o do n\u00famero de empregados de<br \/>\ncada empresa, e constar\u00e1 da negocia\u00e7\u00e3o coletiva, sendo devida por cada estabelecimento.<br \/>\n\u00a7 1 \u00ba A contribui\u00e7\u00e3o para as entidades sindicais da categoria econ\u00f4mica ser\u00e1<br \/>\ndevida por todas as empresas, independentemente de sua filia\u00e7\u00e3o, porte ou n\u00famero de<br \/>\nempregados.<br \/>\n\u00a7 2\u00ba A contribui\u00e7\u00e3o para as entidades sindicais da categoria profissional ser\u00e1<br \/>\ndevida por todos os trabalhadores, associados ou n\u00e3o \u00e0s respectivas entidades.<br \/>\n\u00a7 3\u00ba O montante arrecadado ser\u00e1 partilhado da seguinte forma:<br \/>\nI &#8211; 5% ( cinco por cento) para a confedera\u00e7\u00e3o respectiva;<br \/>\nII &#8211; 15% ( quinze por cento) para a federa\u00e7\u00e3o respectiva; <br \/>2<br \/>\nIII &#8211; 80% ( oitenta por cento) para o sindicato.<br \/>\n\u00a7 4\u00ba Nos termos do art. 591 da CLT, inexistindo sindicato, o percentual de 80%<br \/>\n(oitenta por cento) constante do inciso III do \u00a7 3\u00ba deste artigo ser\u00e1 repassado em favor da<br \/>\nfedera\u00e7\u00e3o representativa da categoria econ\u00f4mica ou profissional.<br \/>\nArt. 6\u00ba As entidades representativas das categorias econ\u00f4mica e profissional<br \/>\npoder\u00e3o, no \u00e2mbito da negocia\u00e7\u00e3o coletiva, negociar a inclus\u00e3o, no instrumento normativo,<br \/>\nde cl\u00e1usulas que instituam programas e a\u00e7\u00f5es de educa\u00e7\u00e3o, forma\u00e7\u00e3o e qualifica\u00e7\u00e3o<br \/>\nprofissional.<br \/>\nArt. 7\u00ba \u00c9 institu\u00eddo o Dia do Comerci\u00e1rio, a ser comemorado no dia 30 de<br \/>\noutubro de cada ano.<br \/>\nArt. 8\u00b0 Esta Lei entra em vigor na data de sua publica\u00e7\u00e3o.<br \/>\nde 2012.<br \/>\nSenado Federal, em 2. !J de ,;?Jt (.1A U<br \/>\nJ<br \/>\n\/ ai \/4&#8212;&#8212;&#8211;&#8216;<br \/>\nSenador Jos\u00e9 Samey<br \/>\nPresidente do Senado Federal<br \/>\nfaa\/pls07- l l 5t <\/article>\n<p><a href='https:\/\/app.legislapp.com.br\/#\/busca?termo=Regulamenta\u00e7\u00e3o'>Regulamenta\u00e7\u00e3o<\/a>, <a href='https:\/\/app.legislapp.com.br\/#\/busca?termo=profiss\u00e3o'>profiss\u00e3o<\/a>, <a href='https:\/\/app.legislapp.com.br\/#\/busca?termo=comerci\u00e1rio'>comerci\u00e1rio<\/a>, <a href='https:\/\/app.legislapp.com.br\/#\/busca?termo=jornada de trabalho'>jornada de trabalho<\/a>, <a href='https:\/\/app.legislapp.com.br\/#\/busca?termo=contribui\u00e7\u00e3o sindical. _Cria\u00e7\u00e3o'>contribui\u00e7\u00e3o sindical. _Cria\u00e7\u00e3o<\/a>, <a href='https:\/\/app.legislapp.com.br\/#\/busca?termo=Dia do Comerci\u00e1rio'>Dia do Comerci\u00e1rio<\/a>, <a href='https:\/\/app.legislapp.com.br\/#\/busca?termo=comemora\u00e7\u00e3o'>comemora\u00e7\u00e3o<\/a>, <a href='https:\/\/app.legislapp.com.br\/#\/busca?termo=outubro.'>outubro.<\/a><\/p>\n<div style=\"text-align: center\">\n      <img decoding=\"async\" style=\"width: 14%;\" src=\"https:\/\/www.legislapp.com.br\/wp-content\/uploads\/2021\/07\/Logo-Legislapp-1-03-1.png\"><br \/>\n      <\/p>\n<div style=\"margin-bottom: 20px;\" class=\"et_pb_button_module_wrapper et_pb_button_5_tb_body_wrapper et_pb_button_alignment_center et_pb_module \">\n         <a class=\"et_pb_button et_pb_button_5_tb_body et_hover_enabled et_pb_bg_layout_dark\" style=\"width: 50%;background-color: black;\" href=\"https:\/\/app.legislapp.com.br\" target=\"_blank\" rel=\"noopener\">Visualizar completo na nossa plataforma (30 dias gr\u00e1tis)<\/a><\/p><\/div>\n<p>      <a href=\"https:\/\/play.google.com\/store\/apps\/details?id=br.com.legislapp\"><img decoding=\"async\" style=\"width: 15%; min-width: 130px;\" src=\"https:\/\/www.legislapp.com.br\/wp-content\/uploads\/google-play.png\"><\/a><br \/>\n      <a href=\"https:\/\/apps.apple.com\/us\/app\/legislapp\/id1568929859\"><img decoding=\"async\" style=\"width: 15%; min-width: 130px\" src=\"https:\/\/www.legislapp.com.br\/wp-content\/uploads\/apple-store.png\"><\/a>\n   <\/div>\n","protected":false},"excerpt":{"rendered":"<p>Avulso Inicial &#8211; Autoria de Senado Federal Disp\u00f5e sobre a regulamenta\u00e7\u00e3o do exerc\u00edcio da profiss\u00e3o de comerci\u00e1rio. O Congresso Nacional decreta: Art. 1 \u00ba Aos comerci\u00e1rios, integrantes da categoria profissional de empregados no com\u00e9rcio, conforme o quadro de atividades e profiss\u00f5es do art. 577, combinado com o art. 511, ambos da Consolida\u00e7\u00e3o das Leis do [&hellip;]<\/p>\n","protected":false},"author":1,"featured_media":0,"parent":0,"menu_order":0,"comment_status":"closed","ping_status":"closed","template":"page-template-blank.php","meta":{"_et_pb_use_builder":"","_et_pb_old_content":"","_et_gb_content_width":"1080","ngg_post_thumbnail":0,"footnotes":""},"class_list":["post-10034","page","type-page","status-publish","hentry"],"yoast_head":"<!-- This site is optimized with the Yoast SEO plugin v24.4 - https:\/\/yoast.com\/wordpress\/plugins\/seo\/ -->\n<title>Avulso Inicial - PL 3592\/2012 - C\u00e2mara - Legislapp<\/title>\n<meta name=\"robots\" content=\"index, follow, max-snippet:-1, max-image-preview:large, max-video-preview:-1\" \/>\n<link rel=\"canonical\" href=\"https:\/\/www.legislapp.com.br\/index.php\/avulso-inicial-pl-3592-2012-camara\/\" \/>\n<meta property=\"og:locale\" content=\"pt_BR\" \/>\n<meta property=\"og:type\" content=\"article\" \/>\n<meta property=\"og:title\" content=\"Avulso Inicial - PL 3592\/2012 - C\u00e2mara - Legislapp\" \/>\n<meta property=\"og:description\" content=\"Avulso Inicial &#8211; Autoria de Senado Federal Disp\u00f5e sobre a regulamenta\u00e7\u00e3o do exerc\u00edcio da profiss\u00e3o de comerci\u00e1rio. O Congresso Nacional decreta: Art. 1 \u00ba Aos comerci\u00e1rios, integrantes da categoria profissional de empregados no com\u00e9rcio, conforme o quadro de atividades e profiss\u00f5es do art. 577, combinado com o art. 511, ambos da Consolida\u00e7\u00e3o das Leis do [&hellip;]\" \/>\n<meta property=\"og:url\" content=\"https:\/\/www.legislapp.com.br\/index.php\/avulso-inicial-pl-3592-2012-camara\/\" \/>\n<meta property=\"og:site_name\" content=\"Legislapp\" \/>\n<meta property=\"article:publisher\" content=\"https:\/\/www.instagram.com\/legislapp\/\" \/>\n<meta property=\"og:image\" content=\"https:\/\/www.legislapp.com.br\/wp-content\/uploads\/2021\/07\/Logo-Legislapp-1-03-1.png\" \/>\n<meta name=\"twitter:card\" content=\"summary_large_image\" \/>\n<meta name=\"twitter:label1\" content=\"Est. tempo de leitura\" \/>\n\t<meta name=\"twitter:data1\" content=\"3 minutos\" \/>\n<script type=\"application\/ld+json\" class=\"yoast-schema-graph\">{\"@context\":\"https:\/\/schema.org\",\"@graph\":[{\"@type\":\"WebPage\",\"@id\":\"https:\/\/www.legislapp.com.br\/index.php\/avulso-inicial-pl-3592-2012-camara\/\",\"url\":\"https:\/\/www.legislapp.com.br\/index.php\/avulso-inicial-pl-3592-2012-camara\/\",\"name\":\"Avulso Inicial - PL 3592\/2012 - C\u00e2mara - Legislapp\",\"isPartOf\":{\"@id\":\"https:\/\/www.legislapp.com.br\/#website\"},\"primaryImageOfPage\":{\"@id\":\"https:\/\/www.legislapp.com.br\/index.php\/avulso-inicial-pl-3592-2012-camara\/#primaryimage\"},\"image\":{\"@id\":\"https:\/\/www.legislapp.com.br\/index.php\/avulso-inicial-pl-3592-2012-camara\/#primaryimage\"},\"thumbnailUrl\":\"https:\/\/www.legislapp.com.br\/wp-content\/uploads\/2021\/07\/Logo-Legislapp-1-03-1.png\",\"datePublished\":\"2025-12-01T13:57:49+00:00\",\"breadcrumb\":{\"@id\":\"https:\/\/www.legislapp.com.br\/index.php\/avulso-inicial-pl-3592-2012-camara\/#breadcrumb\"},\"inLanguage\":\"pt-BR\",\"potentialAction\":[{\"@type\":\"ReadAction\",\"target\":[\"https:\/\/www.legislapp.com.br\/index.php\/avulso-inicial-pl-3592-2012-camara\/\"]}]},{\"@type\":\"ImageObject\",\"inLanguage\":\"pt-BR\",\"@id\":\"https:\/\/www.legislapp.com.br\/index.php\/avulso-inicial-pl-3592-2012-camara\/#primaryimage\",\"url\":\"https:\/\/www.legislapp.com.br\/wp-content\/uploads\/2021\/07\/Logo-Legislapp-1-03-1.png\",\"contentUrl\":\"https:\/\/www.legislapp.com.br\/wp-content\/uploads\/2021\/07\/Logo-Legislapp-1-03-1.png\",\"width\":2679,\"height\":2697},{\"@type\":\"BreadcrumbList\",\"@id\":\"https:\/\/www.legislapp.com.br\/index.php\/avulso-inicial-pl-3592-2012-camara\/#breadcrumb\",\"itemListElement\":[{\"@type\":\"ListItem\",\"position\":1,\"name\":\"In\u00edcio\",\"item\":\"https:\/\/www.legislapp.com.br\/\"},{\"@type\":\"ListItem\",\"position\":2,\"name\":\"Avulso Inicial &#8211; PL 3592\/2012 &#8211; C\u00e2mara\"}]},{\"@type\":\"WebSite\",\"@id\":\"https:\/\/www.legislapp.com.br\/#website\",\"url\":\"https:\/\/www.legislapp.com.br\/\",\"name\":\"Legislapp\",\"description\":\"Intelig\u00eancia governamental em tempo real\",\"publisher\":{\"@id\":\"https:\/\/www.legislapp.com.br\/#organization\"},\"potentialAction\":[{\"@type\":\"SearchAction\",\"target\":{\"@type\":\"EntryPoint\",\"urlTemplate\":\"https:\/\/www.legislapp.com.br\/?s={search_term_string}\"},\"query-input\":{\"@type\":\"PropertyValueSpecification\",\"valueRequired\":true,\"valueName\":\"search_term_string\"}}],\"inLanguage\":\"pt-BR\"},{\"@type\":\"Organization\",\"@id\":\"https:\/\/www.legislapp.com.br\/#organization\",\"name\":\"Legislapp Monitoramento e Intelig\u00eancia Governamental\",\"url\":\"https:\/\/www.legislapp.com.br\/\",\"logo\":{\"@type\":\"ImageObject\",\"inLanguage\":\"pt-BR\",\"@id\":\"https:\/\/www.legislapp.com.br\/#\/schema\/logo\/image\/\",\"url\":\"https:\/\/www.legislapp.com.br\/wp-content\/uploads\/icon.png\",\"contentUrl\":\"https:\/\/www.legislapp.com.br\/wp-content\/uploads\/icon.png\",\"width\":1024,\"height\":1024,\"caption\":\"Legislapp Monitoramento e Intelig\u00eancia Governamental\"},\"image\":{\"@id\":\"https:\/\/www.legislapp.com.br\/#\/schema\/logo\/image\/\"},\"sameAs\":[\"https:\/\/www.instagram.com\/legislapp\/\"]}]}<\/script>\n<!-- \/ Yoast SEO plugin. -->","yoast_head_json":{"title":"Avulso Inicial - PL 3592\/2012 - C\u00e2mara - Legislapp","robots":{"index":"index","follow":"follow","max-snippet":"max-snippet:-1","max-image-preview":"max-image-preview:large","max-video-preview":"max-video-preview:-1"},"canonical":"https:\/\/www.legislapp.com.br\/index.php\/avulso-inicial-pl-3592-2012-camara\/","og_locale":"pt_BR","og_type":"article","og_title":"Avulso Inicial - PL 3592\/2012 - C\u00e2mara - Legislapp","og_description":"Avulso Inicial &#8211; Autoria de Senado Federal Disp\u00f5e sobre a regulamenta\u00e7\u00e3o do exerc\u00edcio da profiss\u00e3o de comerci\u00e1rio. O Congresso Nacional decreta: Art. 1 \u00ba Aos comerci\u00e1rios, integrantes da categoria profissional de empregados no com\u00e9rcio, conforme o quadro de atividades e profiss\u00f5es do art. 577, combinado com o art. 511, ambos da Consolida\u00e7\u00e3o das Leis do [&hellip;]","og_url":"https:\/\/www.legislapp.com.br\/index.php\/avulso-inicial-pl-3592-2012-camara\/","og_site_name":"Legislapp","article_publisher":"https:\/\/www.instagram.com\/legislapp\/","og_image":[{"url":"https:\/\/www.legislapp.com.br\/wp-content\/uploads\/2021\/07\/Logo-Legislapp-1-03-1.png","type":"","width":"","height":""}],"twitter_card":"summary_large_image","twitter_misc":{"Est. tempo de leitura":"3 minutos"},"schema":{"@context":"https:\/\/schema.org","@graph":[{"@type":"WebPage","@id":"https:\/\/www.legislapp.com.br\/index.php\/avulso-inicial-pl-3592-2012-camara\/","url":"https:\/\/www.legislapp.com.br\/index.php\/avulso-inicial-pl-3592-2012-camara\/","name":"Avulso Inicial - PL 3592\/2012 - C\u00e2mara - Legislapp","isPartOf":{"@id":"https:\/\/www.legislapp.com.br\/#website"},"primaryImageOfPage":{"@id":"https:\/\/www.legislapp.com.br\/index.php\/avulso-inicial-pl-3592-2012-camara\/#primaryimage"},"image":{"@id":"https:\/\/www.legislapp.com.br\/index.php\/avulso-inicial-pl-3592-2012-camara\/#primaryimage"},"thumbnailUrl":"https:\/\/www.legislapp.com.br\/wp-content\/uploads\/2021\/07\/Logo-Legislapp-1-03-1.png","datePublished":"2025-12-01T13:57:49+00:00","breadcrumb":{"@id":"https:\/\/www.legislapp.com.br\/index.php\/avulso-inicial-pl-3592-2012-camara\/#breadcrumb"},"inLanguage":"pt-BR","potentialAction":[{"@type":"ReadAction","target":["https:\/\/www.legislapp.com.br\/index.php\/avulso-inicial-pl-3592-2012-camara\/"]}]},{"@type":"ImageObject","inLanguage":"pt-BR","@id":"https:\/\/www.legislapp.com.br\/index.php\/avulso-inicial-pl-3592-2012-camara\/#primaryimage","url":"https:\/\/www.legislapp.com.br\/wp-content\/uploads\/2021\/07\/Logo-Legislapp-1-03-1.png","contentUrl":"https:\/\/www.legislapp.com.br\/wp-content\/uploads\/2021\/07\/Logo-Legislapp-1-03-1.png","width":2679,"height":2697},{"@type":"BreadcrumbList","@id":"https:\/\/www.legislapp.com.br\/index.php\/avulso-inicial-pl-3592-2012-camara\/#breadcrumb","itemListElement":[{"@type":"ListItem","position":1,"name":"In\u00edcio","item":"https:\/\/www.legislapp.com.br\/"},{"@type":"ListItem","position":2,"name":"Avulso Inicial &#8211; PL 3592\/2012 &#8211; C\u00e2mara"}]},{"@type":"WebSite","@id":"https:\/\/www.legislapp.com.br\/#website","url":"https:\/\/www.legislapp.com.br\/","name":"Legislapp","description":"Intelig\u00eancia governamental em tempo real","publisher":{"@id":"https:\/\/www.legislapp.com.br\/#organization"},"potentialAction":[{"@type":"SearchAction","target":{"@type":"EntryPoint","urlTemplate":"https:\/\/www.legislapp.com.br\/?s={search_term_string}"},"query-input":{"@type":"PropertyValueSpecification","valueRequired":true,"valueName":"search_term_string"}}],"inLanguage":"pt-BR"},{"@type":"Organization","@id":"https:\/\/www.legislapp.com.br\/#organization","name":"Legislapp Monitoramento e Intelig\u00eancia Governamental","url":"https:\/\/www.legislapp.com.br\/","logo":{"@type":"ImageObject","inLanguage":"pt-BR","@id":"https:\/\/www.legislapp.com.br\/#\/schema\/logo\/image\/","url":"https:\/\/www.legislapp.com.br\/wp-content\/uploads\/icon.png","contentUrl":"https:\/\/www.legislapp.com.br\/wp-content\/uploads\/icon.png","width":1024,"height":1024,"caption":"Legislapp Monitoramento e Intelig\u00eancia Governamental"},"image":{"@id":"https:\/\/www.legislapp.com.br\/#\/schema\/logo\/image\/"},"sameAs":["https:\/\/www.instagram.com\/legislapp\/"]}]}},"_links":{"self":[{"href":"https:\/\/www.legislapp.com.br\/index.php\/wp-json\/wp\/v2\/pages\/10034","targetHints":{"allow":["GET"]}}],"collection":[{"href":"https:\/\/www.legislapp.com.br\/index.php\/wp-json\/wp\/v2\/pages"}],"about":[{"href":"https:\/\/www.legislapp.com.br\/index.php\/wp-json\/wp\/v2\/types\/page"}],"author":[{"embeddable":true,"href":"https:\/\/www.legislapp.com.br\/index.php\/wp-json\/wp\/v2\/users\/1"}],"replies":[{"embeddable":true,"href":"https:\/\/www.legislapp.com.br\/index.php\/wp-json\/wp\/v2\/comments?post=10034"}],"version-history":[{"count":0,"href":"https:\/\/www.legislapp.com.br\/index.php\/wp-json\/wp\/v2\/pages\/10034\/revisions"}],"wp:attachment":[{"href":"https:\/\/www.legislapp.com.br\/index.php\/wp-json\/wp\/v2\/media?parent=10034"}],"curies":[{"name":"wp","href":"https:\/\/api.w.org\/{rel}","templated":true}]}}