{"id":10052,"date":"2025-12-01T10:59:02","date_gmt":"2025-12-01T13:59:02","guid":{"rendered":"https:\/\/www.legislapp.com.br\/index.php\/avulso-inicial-pl-3319-2025-camara\/"},"modified":"2025-12-01T10:59:02","modified_gmt":"2025-12-01T13:59:02","slug":"avulso-inicial-pl-3319-2025-camara","status":"publish","type":"page","link":"https:\/\/www.legislapp.com.br\/index.php\/avulso-inicial-pl-3319-2025-camara\/","title":{"rendered":"Avulso Inicial &#8211; PL 3319\/2025 &#8211; C\u00e2mara"},"content":{"rendered":"<h1 style='text-align: center;'>Avulso Inicial &#8211; Autoria de C\u00e9lio Silveira<\/h3>\n<p><\/p>\n<article>PROJETO DE LEI N\u00ba          , DE 2025<br \/>\n(Do Sr. C\u00c9LIO SILVEIRA)<br \/>\nAltera a Lei n\u00ba 9.503, de 23 de<br \/>\nsetembro de 1997, para dispor sobre o<br \/>\ntr\u00e2nsito de ve\u00edculos que transportam<br \/>\nm\u00e9dicos a caminho de atendimento de<br \/>\nurg\u00eancia a pacientes. <\/p>\n<p>O Congresso Nacional decreta:<br \/>\nArt. 1\u00ba Esta Lei altera a Lei n\u00ba 9.503, de 23 de setembro de<br \/>\n1997, para dispor sobre o tr\u00e2nsito de ve\u00edculos que transportam m\u00e9dicos a<br \/>\ncaminho de atendimento de urg\u00eancia a pacientes.<br \/>\nArt. 2\u00ba O artigo 29 da Lei n\u00ba 9.503, de 23 de setembro de 1997,<br \/>\npassa, a vigorar com a seguinte reda\u00e7\u00e3o:<br \/>\n\u201cArt. 29. &#8230;&#8230;&#8230;&#8230;&#8230;&#8230;&#8230;&#8230;&#8230;&#8230;&#8230;&#8230;&#8230;&#8230;&#8230;&#8230;&#8230;&#8230;&#8230;&#8230;&#8230;&#8230;&#8230;&#8230;&#8230;&#8230;&#8230;&#8230;&#8230;.<br \/>\n&#8230;&#8230;&#8230;&#8230;&#8230;&#8230;&#8230;&#8230;&#8230;&#8230;&#8230;&#8230;&#8230;&#8230;&#8230;&#8230;&#8230;&#8230;&#8230;&#8230;&#8230;&#8230;&#8230;&#8230;&#8230;&#8230;&#8230;&#8230;&#8230;&#8230;&#8230;&#8230;&#8230;..<br \/>\n.<br \/>\nXIV- Os ve\u00edculos que transportam profissionais m\u00e9dicos, em<br \/>\ndeslocamento comprovado para atendimento de urg\u00eancia a<br \/>\npacientes, gozam de livre circula\u00e7\u00e3o nas faixas de uso<br \/>\nexclusivo de ve\u00edculos de transporte coletivo de passageiros.<br \/>\n&#8230;&#8230;&#8230;&#8230;&#8230;&#8230;&#8230;&#8230;&#8230;&#8230;&#8230;&#8230;&#8230;&#8230;&#8230;&#8230;&#8230;&#8230;&#8230;&#8230;&#8230;&#8230;&#8230;&#8230;&#8230;&#8230;&#8230;&#8230;&#8230;&#8230;&#8230;&#8230;&#8230;..<br \/>\n.<br \/>\n&#8230;&#8230;&#8230;&#8230;&#8230;&#8230;&#8230;&#8230;&#8230;&#8230;&#8230;&#8230;&#8230;&#8230;&#8230;&#8230;&#8230;&#8230;&#8230;&#8230;&#8230;&#8230;&#8230;&#8230;&#8230;&#8230;&#8230;&#8230;&#8230;&#8230;&#8230;&#8230;&#8230;..<br \/>\n.<br \/>\n\u00a7 5\u00ba Compete ao CONTRAN regulamentar o disposto no inciso<br \/>\nXIV do caput deste artigo.\u201d<br \/>\nArt. 3\u00ba Esta Lei entra em vigor na data de sua publica\u00e7\u00e3o.<br \/>\nPara verificar a assinatura, acesse https:\/\/infoleg-autenticidade-assinatura.camara.leg.br\/CD253735075100<br \/>\nAssinado eletronicamente pelo(a) Dep. C\u00e9lio Silveira<br \/>\nApresenta\u00e7\u00e3o: 09\/07\/2025 13:52:54.347 &#8211; Mesa<br \/>\n*CD253735075100* PL n.3319\/2025<br \/>2<br \/>\nJUSTIFICA\u00c7\u00c3O<br \/>\nAtualmente, o C\u00f3digo de Tr\u00e2nsito Brasileio &#8211; CTB determina<br \/>\nque ve\u00edculos de emerg\u00eancia, como ambul\u00e2ncias, possuem prioridade de<br \/>\npassagem no tr\u00e2nsito e gozam de livre circula\u00e7\u00e3o, parada e estacionamento.<br \/>\nComplementando o disposto no CTB, o presente projeto de lei<br \/>\ntem como objetivo permitir que ve\u00edculos que transportem m\u00e9dicos, em<br \/>\ndeslocamento comprovado para atendimento de urg\u00eancia a pacientes, possam<br \/>\ntransitar pelas faixas de uso exclusivo destinadas ao transporte coletivo de<br \/>\npassageiros, mediante regulamenta\u00e7\u00e3o do Conselho Nacional de Tr\u00e2nsito \u2013<br \/>\nCONTRAN.<br \/>\nA justificativa central dessa proposi\u00e7\u00e3o reside na necessidade<br \/>\nde garantir celeridade e efici\u00eancia no deslocamento de profissionais m\u00e9dicos<br \/>\ndiante de situa\u00e7\u00f5es de emerg\u00eancia, nas quais cada minuto pode representar a<br \/>\ndiferen\u00e7a entre a vida e a morte. Em centros urbanos com tr\u00e1fego intenso e<br \/>\ndeslocamento comprometido, \u00e9 comum que m\u00e9dicos enfrentem dificuldades<br \/>\npara chegar com a rapidez exigida aos locais de atendimento, especialmente<br \/>\nem domic\u00edlios, unidades de sa\u00fade, cl\u00ednicas ou hospitais com limita\u00e7\u00f5es do<br \/>\ncorpo cl\u00ednico.<br \/>\n\u00c9 importante destacar que essa prerrogativa n\u00e3o constitui<br \/>\nprivil\u00e9gio pessoal, mas sim um instrumento voltado \u00e0 preserva\u00e7\u00e3o da vida e \u00e0<br \/>\nefici\u00eancia do sistema de sa\u00fade. O uso das faixas exclusivas por ve\u00edculos de<br \/>\ntransporte coletivo possibilita maior fluidez no tr\u00e1fego, e estender esse uso, de<br \/>\nforma excepcional e regulamentada, a ve\u00edculos que estejam em miss\u00e3o de<br \/>\nsalvamento m\u00e9dico \u00e9 uma medida de bom senso, compat\u00edvel com os princ\u00edpios<br \/>\nconstitucionais da dignidade da pessoa humana e do direito \u00e0 sa\u00fade.<br \/>\nA autoriza\u00e7\u00e3o de uso dever\u00e1 ser regulamentada pelo<br \/>\nCONTRAN, que definir\u00e1 os crit\u00e9rios t\u00e9cnicos e operacionais para identificar os<br \/>\nve\u00edculos autorizados, bem como os meios de comprova\u00e7\u00e3o do deslocamento<br \/>\nPara verificar a assinatura, acesse https:\/\/infoleg-autenticidade-assinatura.camara.leg.br\/CD253735075100<br \/>\nAssinado eletronicamente pelo(a) Dep. C\u00e9lio Silveira<br \/>\nApresenta\u00e7\u00e3o: 09\/07\/2025 13:52:54.347 &#8211; Mesa<br \/>\n*CD253735075100* PL n.3319\/2025<br \/>3<br \/>\nde urg\u00eancia, de modo a evitar abusos e garantir a seguran\u00e7a e o bom<br \/>\nfuncionamento do sistema vi\u00e1rio.<br \/>\nPor fim, destaca-se que medidas de flexibiliza\u00e7\u00e3o controlada do<br \/>\nuso das faixas exclusivas podem ter impacto muito positivo nos atendimentos<br \/>\nemergenciais, sem comprometer a efici\u00eancia do transporte p\u00fablico coletivo.<br \/>\nDiante do exposto, contamos com o apoio dos nobres<br \/>\nparlamentares para a aprova\u00e7\u00e3o deste projeto de lei, que visa atender ao<br \/>\ninteresse p\u00fablico maior: salvar vidas por meio da melhoria da mobilidade dos<br \/>\nprodfissionais respons\u00e1veis pelos cuidados emergenciais com a sa\u00fade da<br \/>\npopula\u00e7\u00e3o.<br \/>\nSala das Sess\u00f5es, em        de                     de 2025.<br \/>\nDeputado C\u00c9LIO SILVEIRA<br \/>\nPara verificar a assinatura, acesse https:\/\/infoleg-autenticidade-assinatura.camara.leg.br\/CD253735075100<br \/>\nAssinado eletronicamente pelo(a) Dep. C\u00e9lio Silveira<br \/>\nApresenta\u00e7\u00e3o: 09\/07\/2025 13:52:54.347 &#8211; Mesa<br \/>\n*CD253735075100* PL n.3319\/2025<\/article>\n<p><a href='https:\/\/app.legislapp.com.br\/#\/busca?termo='><\/a><\/p>\n<div style=\"text-align: center\">\n      <img decoding=\"async\" style=\"width: 14%;\" src=\"https:\/\/www.legislapp.com.br\/wp-content\/uploads\/2021\/07\/Logo-Legislapp-1-03-1.png\"><br \/>\n      <\/p>\n<div style=\"margin-bottom: 20px;\" class=\"et_pb_button_module_wrapper et_pb_button_5_tb_body_wrapper et_pb_button_alignment_center et_pb_module \">\n         <a class=\"et_pb_button et_pb_button_5_tb_body et_hover_enabled et_pb_bg_layout_dark\" style=\"width: 50%;background-color: black;\" href=\"https:\/\/app.legislapp.com.br\" target=\"_blank\" rel=\"noopener\">Visualizar completo na nossa plataforma (30 dias gr\u00e1tis)<\/a><\/p><\/div>\n<p>      <a href=\"https:\/\/play.google.com\/store\/apps\/details?id=br.com.legislapp\"><img decoding=\"async\" style=\"width: 15%; min-width: 130px;\" src=\"https:\/\/www.legislapp.com.br\/wp-content\/uploads\/google-play.png\"><\/a><br \/>\n      <a href=\"https:\/\/apps.apple.com\/us\/app\/legislapp\/id1568929859\"><img decoding=\"async\" style=\"width: 15%; min-width: 130px\" src=\"https:\/\/www.legislapp.com.br\/wp-content\/uploads\/apple-store.png\"><\/a>\n   <\/div>\n","protected":false},"excerpt":{"rendered":"<p>Avulso Inicial &#8211; Autoria de C\u00e9lio Silveira PROJETO DE LEI N\u00ba , DE 2025 (Do Sr. C\u00c9LIO SILVEIRA) Altera a Lei n\u00ba 9.503, de 23 de setembro de 1997, para dispor sobre o tr\u00e2nsito de ve\u00edculos que transportam m\u00e9dicos a caminho de atendimento de urg\u00eancia a pacientes. O Congresso Nacional decreta: Art. 1\u00ba Esta Lei [&hellip;]<\/p>\n","protected":false},"author":1,"featured_media":0,"parent":0,"menu_order":0,"comment_status":"closed","ping_status":"closed","template":"page-template-blank.php","meta":{"_et_pb_use_builder":"","_et_pb_old_content":"","_et_gb_content_width":"1080","ngg_post_thumbnail":0,"footnotes":""},"class_list":["post-10052","page","type-page","status-publish","hentry"],"yoast_head":"<!-- This site is optimized with the Yoast SEO plugin v24.4 - https:\/\/yoast.com\/wordpress\/plugins\/seo\/ -->\n<title>Avulso Inicial - PL 3319\/2025 - C\u00e2mara - Legislapp<\/title>\n<meta name=\"robots\" content=\"index, follow, max-snippet:-1, max-image-preview:large, max-video-preview:-1\" \/>\n<link rel=\"canonical\" href=\"https:\/\/www.legislapp.com.br\/index.php\/avulso-inicial-pl-3319-2025-camara\/\" \/>\n<meta property=\"og:locale\" content=\"pt_BR\" \/>\n<meta property=\"og:type\" content=\"article\" \/>\n<meta property=\"og:title\" content=\"Avulso Inicial - PL 3319\/2025 - C\u00e2mara - Legislapp\" \/>\n<meta property=\"og:description\" content=\"Avulso Inicial &#8211; Autoria de C\u00e9lio Silveira PROJETO DE LEI N\u00ba , DE 2025 (Do Sr. C\u00c9LIO SILVEIRA) Altera a Lei n\u00ba 9.503, de 23 de setembro de 1997, para dispor sobre o tr\u00e2nsito de ve\u00edculos que transportam m\u00e9dicos a caminho de atendimento de urg\u00eancia a pacientes. O Congresso Nacional decreta: Art. 1\u00ba Esta Lei [&hellip;]\" \/>\n<meta property=\"og:url\" content=\"https:\/\/www.legislapp.com.br\/index.php\/avulso-inicial-pl-3319-2025-camara\/\" \/>\n<meta property=\"og:site_name\" content=\"Legislapp\" \/>\n<meta property=\"article:publisher\" content=\"https:\/\/www.instagram.com\/legislapp\/\" \/>\n<meta property=\"og:image\" content=\"https:\/\/www.legislapp.com.br\/wp-content\/uploads\/2021\/07\/Logo-Legislapp-1-03-1.png\" \/>\n<meta name=\"twitter:card\" content=\"summary_large_image\" \/>\n<meta name=\"twitter:label1\" content=\"Est. tempo de leitura\" \/>\n\t<meta name=\"twitter:data1\" content=\"3 minutos\" \/>\n<script type=\"application\/ld+json\" class=\"yoast-schema-graph\">{\"@context\":\"https:\/\/schema.org\",\"@graph\":[{\"@type\":\"WebPage\",\"@id\":\"https:\/\/www.legislapp.com.br\/index.php\/avulso-inicial-pl-3319-2025-camara\/\",\"url\":\"https:\/\/www.legislapp.com.br\/index.php\/avulso-inicial-pl-3319-2025-camara\/\",\"name\":\"Avulso Inicial - PL 3319\/2025 - C\u00e2mara - Legislapp\",\"isPartOf\":{\"@id\":\"https:\/\/www.legislapp.com.br\/#website\"},\"primaryImageOfPage\":{\"@id\":\"https:\/\/www.legislapp.com.br\/index.php\/avulso-inicial-pl-3319-2025-camara\/#primaryimage\"},\"image\":{\"@id\":\"https:\/\/www.legislapp.com.br\/index.php\/avulso-inicial-pl-3319-2025-camara\/#primaryimage\"},\"thumbnailUrl\":\"https:\/\/www.legislapp.com.br\/wp-content\/uploads\/2021\/07\/Logo-Legislapp-1-03-1.png\",\"datePublished\":\"2025-12-01T13:59:02+00:00\",\"breadcrumb\":{\"@id\":\"https:\/\/www.legislapp.com.br\/index.php\/avulso-inicial-pl-3319-2025-camara\/#breadcrumb\"},\"inLanguage\":\"pt-BR\",\"potentialAction\":[{\"@type\":\"ReadAction\",\"target\":[\"https:\/\/www.legislapp.com.br\/index.php\/avulso-inicial-pl-3319-2025-camara\/\"]}]},{\"@type\":\"ImageObject\",\"inLanguage\":\"pt-BR\",\"@id\":\"https:\/\/www.legislapp.com.br\/index.php\/avulso-inicial-pl-3319-2025-camara\/#primaryimage\",\"url\":\"https:\/\/www.legislapp.com.br\/wp-content\/uploads\/2021\/07\/Logo-Legislapp-1-03-1.png\",\"contentUrl\":\"https:\/\/www.legislapp.com.br\/wp-content\/uploads\/2021\/07\/Logo-Legislapp-1-03-1.png\",\"width\":2679,\"height\":2697},{\"@type\":\"BreadcrumbList\",\"@id\":\"https:\/\/www.legislapp.com.br\/index.php\/avulso-inicial-pl-3319-2025-camara\/#breadcrumb\",\"itemListElement\":[{\"@type\":\"ListItem\",\"position\":1,\"name\":\"In\u00edcio\",\"item\":\"https:\/\/www.legislapp.com.br\/\"},{\"@type\":\"ListItem\",\"position\":2,\"name\":\"Avulso Inicial &#8211; PL 3319\/2025 &#8211; C\u00e2mara\"}]},{\"@type\":\"WebSite\",\"@id\":\"https:\/\/www.legislapp.com.br\/#website\",\"url\":\"https:\/\/www.legislapp.com.br\/\",\"name\":\"Legislapp\",\"description\":\"Intelig\u00eancia governamental em tempo real\",\"publisher\":{\"@id\":\"https:\/\/www.legislapp.com.br\/#organization\"},\"potentialAction\":[{\"@type\":\"SearchAction\",\"target\":{\"@type\":\"EntryPoint\",\"urlTemplate\":\"https:\/\/www.legislapp.com.br\/?s={search_term_string}\"},\"query-input\":{\"@type\":\"PropertyValueSpecification\",\"valueRequired\":true,\"valueName\":\"search_term_string\"}}],\"inLanguage\":\"pt-BR\"},{\"@type\":\"Organization\",\"@id\":\"https:\/\/www.legislapp.com.br\/#organization\",\"name\":\"Legislapp Monitoramento e Intelig\u00eancia Governamental\",\"url\":\"https:\/\/www.legislapp.com.br\/\",\"logo\":{\"@type\":\"ImageObject\",\"inLanguage\":\"pt-BR\",\"@id\":\"https:\/\/www.legislapp.com.br\/#\/schema\/logo\/image\/\",\"url\":\"https:\/\/www.legislapp.com.br\/wp-content\/uploads\/icon.png\",\"contentUrl\":\"https:\/\/www.legislapp.com.br\/wp-content\/uploads\/icon.png\",\"width\":1024,\"height\":1024,\"caption\":\"Legislapp Monitoramento e Intelig\u00eancia Governamental\"},\"image\":{\"@id\":\"https:\/\/www.legislapp.com.br\/#\/schema\/logo\/image\/\"},\"sameAs\":[\"https:\/\/www.instagram.com\/legislapp\/\"]}]}<\/script>\n<!-- \/ Yoast SEO plugin. -->","yoast_head_json":{"title":"Avulso Inicial - PL 3319\/2025 - C\u00e2mara - Legislapp","robots":{"index":"index","follow":"follow","max-snippet":"max-snippet:-1","max-image-preview":"max-image-preview:large","max-video-preview":"max-video-preview:-1"},"canonical":"https:\/\/www.legislapp.com.br\/index.php\/avulso-inicial-pl-3319-2025-camara\/","og_locale":"pt_BR","og_type":"article","og_title":"Avulso Inicial - PL 3319\/2025 - C\u00e2mara - Legislapp","og_description":"Avulso Inicial &#8211; Autoria de C\u00e9lio Silveira PROJETO DE LEI N\u00ba , DE 2025 (Do Sr. C\u00c9LIO SILVEIRA) Altera a Lei n\u00ba 9.503, de 23 de setembro de 1997, para dispor sobre o tr\u00e2nsito de ve\u00edculos que transportam m\u00e9dicos a caminho de atendimento de urg\u00eancia a pacientes. O Congresso Nacional decreta: Art. 1\u00ba Esta Lei [&hellip;]","og_url":"https:\/\/www.legislapp.com.br\/index.php\/avulso-inicial-pl-3319-2025-camara\/","og_site_name":"Legislapp","article_publisher":"https:\/\/www.instagram.com\/legislapp\/","og_image":[{"url":"https:\/\/www.legislapp.com.br\/wp-content\/uploads\/2021\/07\/Logo-Legislapp-1-03-1.png","type":"","width":"","height":""}],"twitter_card":"summary_large_image","twitter_misc":{"Est. tempo de leitura":"3 minutos"},"schema":{"@context":"https:\/\/schema.org","@graph":[{"@type":"WebPage","@id":"https:\/\/www.legislapp.com.br\/index.php\/avulso-inicial-pl-3319-2025-camara\/","url":"https:\/\/www.legislapp.com.br\/index.php\/avulso-inicial-pl-3319-2025-camara\/","name":"Avulso Inicial - PL 3319\/2025 - C\u00e2mara - Legislapp","isPartOf":{"@id":"https:\/\/www.legislapp.com.br\/#website"},"primaryImageOfPage":{"@id":"https:\/\/www.legislapp.com.br\/index.php\/avulso-inicial-pl-3319-2025-camara\/#primaryimage"},"image":{"@id":"https:\/\/www.legislapp.com.br\/index.php\/avulso-inicial-pl-3319-2025-camara\/#primaryimage"},"thumbnailUrl":"https:\/\/www.legislapp.com.br\/wp-content\/uploads\/2021\/07\/Logo-Legislapp-1-03-1.png","datePublished":"2025-12-01T13:59:02+00:00","breadcrumb":{"@id":"https:\/\/www.legislapp.com.br\/index.php\/avulso-inicial-pl-3319-2025-camara\/#breadcrumb"},"inLanguage":"pt-BR","potentialAction":[{"@type":"ReadAction","target":["https:\/\/www.legislapp.com.br\/index.php\/avulso-inicial-pl-3319-2025-camara\/"]}]},{"@type":"ImageObject","inLanguage":"pt-BR","@id":"https:\/\/www.legislapp.com.br\/index.php\/avulso-inicial-pl-3319-2025-camara\/#primaryimage","url":"https:\/\/www.legislapp.com.br\/wp-content\/uploads\/2021\/07\/Logo-Legislapp-1-03-1.png","contentUrl":"https:\/\/www.legislapp.com.br\/wp-content\/uploads\/2021\/07\/Logo-Legislapp-1-03-1.png","width":2679,"height":2697},{"@type":"BreadcrumbList","@id":"https:\/\/www.legislapp.com.br\/index.php\/avulso-inicial-pl-3319-2025-camara\/#breadcrumb","itemListElement":[{"@type":"ListItem","position":1,"name":"In\u00edcio","item":"https:\/\/www.legislapp.com.br\/"},{"@type":"ListItem","position":2,"name":"Avulso Inicial &#8211; PL 3319\/2025 &#8211; C\u00e2mara"}]},{"@type":"WebSite","@id":"https:\/\/www.legislapp.com.br\/#website","url":"https:\/\/www.legislapp.com.br\/","name":"Legislapp","description":"Intelig\u00eancia governamental em tempo real","publisher":{"@id":"https:\/\/www.legislapp.com.br\/#organization"},"potentialAction":[{"@type":"SearchAction","target":{"@type":"EntryPoint","urlTemplate":"https:\/\/www.legislapp.com.br\/?s={search_term_string}"},"query-input":{"@type":"PropertyValueSpecification","valueRequired":true,"valueName":"search_term_string"}}],"inLanguage":"pt-BR"},{"@type":"Organization","@id":"https:\/\/www.legislapp.com.br\/#organization","name":"Legislapp Monitoramento e Intelig\u00eancia Governamental","url":"https:\/\/www.legislapp.com.br\/","logo":{"@type":"ImageObject","inLanguage":"pt-BR","@id":"https:\/\/www.legislapp.com.br\/#\/schema\/logo\/image\/","url":"https:\/\/www.legislapp.com.br\/wp-content\/uploads\/icon.png","contentUrl":"https:\/\/www.legislapp.com.br\/wp-content\/uploads\/icon.png","width":1024,"height":1024,"caption":"Legislapp Monitoramento e Intelig\u00eancia Governamental"},"image":{"@id":"https:\/\/www.legislapp.com.br\/#\/schema\/logo\/image\/"},"sameAs":["https:\/\/www.instagram.com\/legislapp\/"]}]}},"_links":{"self":[{"href":"https:\/\/www.legislapp.com.br\/index.php\/wp-json\/wp\/v2\/pages\/10052","targetHints":{"allow":["GET"]}}],"collection":[{"href":"https:\/\/www.legislapp.com.br\/index.php\/wp-json\/wp\/v2\/pages"}],"about":[{"href":"https:\/\/www.legislapp.com.br\/index.php\/wp-json\/wp\/v2\/types\/page"}],"author":[{"embeddable":true,"href":"https:\/\/www.legislapp.com.br\/index.php\/wp-json\/wp\/v2\/users\/1"}],"replies":[{"embeddable":true,"href":"https:\/\/www.legislapp.com.br\/index.php\/wp-json\/wp\/v2\/comments?post=10052"}],"version-history":[{"count":0,"href":"https:\/\/www.legislapp.com.br\/index.php\/wp-json\/wp\/v2\/pages\/10052\/revisions"}],"wp:attachment":[{"href":"https:\/\/www.legislapp.com.br\/index.php\/wp-json\/wp\/v2\/media?parent=10052"}],"curies":[{"name":"wp","href":"https:\/\/api.w.org\/{rel}","templated":true}]}}