{"id":10053,"date":"2025-12-01T10:59:07","date_gmt":"2025-12-01T13:59:07","guid":{"rendered":"https:\/\/www.legislapp.com.br\/index.php\/avulso-inicial-pl-4738-2025-camara\/"},"modified":"2025-12-01T10:59:07","modified_gmt":"2025-12-01T13:59:07","slug":"avulso-inicial-pl-4738-2025-camara","status":"publish","type":"page","link":"https:\/\/www.legislapp.com.br\/index.php\/avulso-inicial-pl-4738-2025-camara\/","title":{"rendered":"Avulso Inicial &#8211; PL 4738\/2025 &#8211; C\u00e2mara"},"content":{"rendered":"<h1 style='text-align: center;'>Avulso Inicial &#8211; Autoria de Marcos Pollon<\/h3>\n<p><\/p>\n<article>C\u00e2mara dos Deputados<br \/>\nGabinete do Deputado Federal Marcos Pollon<br \/>\nPROJETO DE LEI N\u00ba           , DE 2025<br \/>\n(do Sr. Marcos Pollon)<br \/>\nDisp\u00f5e sobre a obrigatoriedade da presen\u00e7a de<br \/>\nint\u00e9rprete de Libras (L\u00edngua Brasileira de Sinais)<br \/>\nem todas as transmiss\u00f5es oficiais realizadas por<br \/>\n\u00f3rg\u00e3os e entidades dos Poderes Executivo,<br \/>\nLegislativo e Judici\u00e1rio, bem como pela<br \/>\nadministra\u00e7\u00e3o p\u00fablica direta e indireta, e d\u00e1 outras<br \/>\nprovid\u00eancias.<br \/>\nO Congresso Nacional Decreta:<br \/>\nArt. 1\u00ba \u00c9 obrigat\u00f3ria a disponibiliza\u00e7\u00e3o de int\u00e9rprete de Libras (L\u00edngua Brasileira de<br \/>\nSinais), em janela vis\u00edvel, em todas as transmiss\u00f5es oficiais ao vivo ou gravadas<br \/>\nrealizadas:<br \/>\nI \u2013 pelos \u00f3rg\u00e3os dos Poderes Executivo, Legislativo e Judici\u00e1rio, em \u00e2mbito<br \/>\nfederal, estadual, distrital e municipal;<br \/>\nII \u2013 pelas entidades da administra\u00e7\u00e3o p\u00fablica direta e indireta, inclusive<br \/>\nautarquias, funda\u00e7\u00f5es, empresas p\u00fablicas e sociedades de economia mista.<br \/>\nArt. 2\u00ba A obriga\u00e7\u00e3o prevista no art. 1\u00ba compreende, entre outros, a transmiss\u00e3o de:<br \/>\nI \u2013 pronunciamentos oficiais de autoridades;<br \/>\nII \u2013 sess\u00f5es plen\u00e1rias e reuni\u00f5es de comiss\u00f5es;<br \/>\nIII \u2013 coletivas de imprensa;<br \/>\nIV \u2013 campanhas institucionais de utilidade p\u00fablica;<br \/>\nV \u2013 audi\u00eancias p\u00fablicas e eventos oficiais abertos \u00e0 sociedade.<br \/>\nBras\u00edlia \u2013 DF: C\u00e2mara dos Deputados \u2013 Anexo \u2013 III \u2013 Gabinete 136 \u2013 70160-900<br \/>\nTelefone: (61) 3215 5136 &#8211; E-mail: dep.marcospollon@camara.leg.br \/ gab.marcospollon@camara.leg.br<br \/>\nPara verificar a assinatura, acesse https:\/\/infoleg-autenticidade-assinatura.camara.leg.br\/CD250686946300<br \/>\nAssinado eletronicamente pelo(a) Dep. Marcos Pollon<br \/>\nApresenta\u00e7\u00e3o: 24\/09\/2025 09:33:20.533 &#8211; Mesa<br \/>\n*CD250686946300* PL n.4738\/2025<br \/>C\u00e2mara dos Deputados<br \/>\nGabinete do Deputado Federal Marcos Pollon<br \/>\nArt. 3\u00ba O descumprimento desta Lei sujeitar\u00e1 o \u00f3rg\u00e3o ou entidade respons\u00e1vel \u00e0s<br \/>\nsan\u00e7\u00f5es administrativas cab\u00edveis, sem preju\u00edzo da apura\u00e7\u00e3o de responsabilidade<br \/>\nfuncional do agente p\u00fablico.<br \/>\nArt. 4\u00ba O Poder Executivo regulamentar\u00e1 esta Lei no prazo de 90 (noventa) dias,<br \/>\nestabelecendo crit\u00e9rios t\u00e9cnicos para a inser\u00e7\u00e3o da janela de Libras e a qualifica\u00e7\u00e3o dos<br \/>\nint\u00e9rpretes.<br \/>\nArt. 5\u00ba Esta Lei entra em vigor na data de sua publica\u00e7\u00e3o.<br \/>\nJUSTIFICA\u00c7\u00c3O<br \/>\nA presente proposi\u00e7\u00e3o tem como objetivo assegurar o direito \u00e0 acessibilidade<br \/>\ncomunicacional das pessoas surdas e com defici\u00eancia auditiva, tornando obrigat\u00f3ria a<br \/>\npresen\u00e7a de int\u00e9rprete de Libras (L\u00edngua Brasileira de Sinais) em todas as transmiss\u00f5es<br \/>\noficiais realizadas pelos Poderes Executivo, Legislativo e Judici\u00e1rio, bem como pela<br \/>\nadministra\u00e7\u00e3o p\u00fablica direta e indireta.<br \/>\nA Constitui\u00e7\u00e3o Federal de 1988 estabelece, em seu art. 1\u00ba, III, a dignidade da<br \/>\npessoa humana como fundamento da Rep\u00fablica e, em seu art. 5\u00ba, caput, a igualdade de<br \/>\ntodos perante a lei, sem distin\u00e7\u00f5es. O art. 37 imp\u00f5e \u00e0 Administra\u00e7\u00e3o P\u00fablica os princ\u00edpios<br \/>\nda legalidade, impessoalidade, moralidade, publicidade e efici\u00eancia, sendo a<br \/>\nacessibilidade parte essencial da publicidade dos atos oficiais.<br \/>\nAl\u00e9m disso, a Conven\u00e7\u00e3o Internacional sobre os Direitos das Pessoas com<br \/>\nDefici\u00eancia, incorporada ao ordenamento jur\u00eddico brasileiro com status constitucional<br \/>\n(Decreto n\u00ba 6.949\/2009), determina que os Estados devem adotar medidas eficazes para<br \/>\ngarantir \u00e0s pessoas com defici\u00eancia acesso \u00e0 informa\u00e7\u00e3o e \u00e0 comunica\u00e7\u00e3o em igualdade<br \/>\nde condi\u00e7\u00f5es com as demais pessoas.<br \/>\nO Estatuto da Pessoa com Defici\u00eancia (Lei n\u00ba 13.146\/2015) refor\u00e7a esse direito ao<br \/>\nestabelecer, em seus arts.  3\u00ba, IX, e 63, a obrigatoriedade de acessibilidade<br \/>\nBras\u00edlia \u2013 DF: C\u00e2mara dos Deputados \u2013 Anexo \u2013 III \u2013 Gabinete 136 \u2013 70160-900<br \/>\nTelefone: (61) 3215 5136 &#8211; E-mail: dep.marcospollon@camara.leg.br \/ gab.marcospollon@camara.leg.br<br \/>\nPara verificar a assinatura, acesse https:\/\/infoleg-autenticidade-assinatura.camara.leg.br\/CD250686946300<br \/>\nAssinado eletronicamente pelo(a) Dep. Marcos Pollon<br \/>\nApresenta\u00e7\u00e3o: 24\/09\/2025 09:33:20.533 &#8211; Mesa<br \/>\n*CD250686946300* PL n.4738\/2025<br \/>C\u00e2mara dos Deputados<br \/>\nGabinete do Deputado Federal Marcos Pollon<br \/>\ncomunicacional nos servi\u00e7os p\u00fablicos e na veicula\u00e7\u00e3o de informa\u00e7\u00f5es de interesse<br \/>\ncoletivo.<br \/>\nSegundo dados do IBGE (Censo 2022), mais de 2,3 milh\u00f5es de brasileiros<br \/>\ndeclararam ser surdos e mais de 7,5 milh\u00f5es possuem defici\u00eancia auditiva em algum<br \/>\ngrau. Esses cidad\u00e3os, frequentemente exclu\u00eddos da plena compreens\u00e3o de atos oficiais e<br \/>\ninforma\u00e7\u00f5es de utilidade p\u00fablica, t\u00eam o direito de receber a comunica\u00e7\u00e3o estatal em<br \/>\ncondi\u00e7\u00f5es de igualdade.<br \/>\nA aus\u00eancia de int\u00e9rprete de Libras em transmiss\u00f5es oficiais perpetua barreiras<br \/>\nhist\u00f3ricas que afastam pessoas surdas do exerc\u00edcio da cidadania. Este Projeto de Lei<br \/>\nbusca eliminar tais barreiras e promover uma sociedade verdadeiramente inclusiva.<br \/>\nDiante desta proposi\u00e7\u00e3o apresentada se pretende atingir os seguintes objetivos:<br \/>\na) Na democracia: amplia\u00e7\u00e3o do acesso \u00e0s informa\u00e7\u00f5es institucionais, fortalecendo a<br \/>\nparticipa\u00e7\u00e3o cidad\u00e3;<br \/>\nb) Na administra\u00e7\u00e3o p\u00fablica: adequa\u00e7\u00e3o \u00e0s normas constitucionais e internacionais<br \/>\nde acessibilidade;<br \/>\nc) Na sociedade: promo\u00e7\u00e3o de igualdade de oportunidades e respeito \u00e0 diversidade<br \/>\ncomunicacional.<br \/>\nDiante do exposto, o presente Projeto de Lei representa uma medida concreta de<br \/>\ninclus\u00e3o, acessibilidade e respeito \u00e0 dignidade humana, garantindo que cidad\u00e3os surdos e<br \/>\ncom defici\u00eancia auditiva tenham pleno acesso \u00e0s informa\u00e7\u00f5es e atos oficiais.<br \/>\nPelas raz\u00f5es acima expostas, submete-se, assim, a presente proposi\u00e7\u00e3o \u00e0<br \/>\naprecia\u00e7\u00e3o dos nobres Pares, confiando-se em sua aprova\u00e7\u00e3o como passo decisivo para<br \/>\numa sociedade mais justa, acess\u00edvel e inclusiva.<br \/>\nBras\u00edlia \u2013 DF: C\u00e2mara dos Deputados \u2013 Anexo \u2013 III \u2013 Gabinete 136 \u2013 70160-900<br \/>\nTelefone: (61) 3215 5136 &#8211; E-mail: dep.marcospollon@camara.leg.br \/ gab.marcospollon@camara.leg.br<br \/>\nPara verificar a assinatura, acesse https:\/\/infoleg-autenticidade-assinatura.camara.leg.br\/CD250686946300<br \/>\nAssinado eletronicamente pelo(a) Dep. Marcos Pollon<br \/>\nApresenta\u00e7\u00e3o: 24\/09\/2025 09:33:20.533 &#8211; Mesa<br \/>\n*CD250686946300* PL n.4738\/2025<br \/>C\u00e2mara dos Deputados<br \/>\nGabinete do Deputado Federal Marcos Pollon<br \/>\nSala das Sess\u00f5es, em de setembro de 2025.<br \/>\nDeputado MARCOS POLLON<br \/>\nPL\/MS<br \/>\nBras\u00edlia \u2013 DF: C\u00e2mara dos Deputados \u2013 Anexo \u2013 III \u2013 Gabinete 136 \u2013 70160-900<br \/>\nTelefone: (61) 3215 5136 &#8211; E-mail: dep.marcospollon@camara.leg.br \/ gab.marcospollon@camara.leg.br<br \/>\nPara verificar a assinatura, acesse https:\/\/infoleg-autenticidade-assinatura.camara.leg.br\/CD250686946300<br \/>\nAssinado eletronicamente pelo(a) Dep. Marcos Pollon<br \/>\nApresenta\u00e7\u00e3o: 24\/09\/2025 09:33:20.533 &#8211; Mesa<br \/>\n*CD250686946300* PL n.4738\/2025<\/article>\n<p><a href='https:\/\/app.legislapp.com.br\/#\/busca?termo=Obrigatoriedade'>Obrigatoriedade<\/a>, <a href='https:\/\/app.legislapp.com.br\/#\/busca?termo=Int\u00e9rprete de l\u00edngua de sinais'>Int\u00e9rprete de l\u00edngua de sinais<\/a>, <a href='https:\/\/app.legislapp.com.br\/#\/busca?termo=transmiss\u00e3o'>transmiss\u00e3o<\/a>, <a href='https:\/\/app.legislapp.com.br\/#\/busca?termo=car\u00e1ter oficial'>car\u00e1ter oficial<\/a>, <a href='https:\/\/app.legislapp.com.br\/#\/busca?termo=\u00f3rg\u00e3o p\u00fablico.'>\u00f3rg\u00e3o p\u00fablico.<\/a><\/p>\n<div style=\"text-align: center\">\n      <img decoding=\"async\" style=\"width: 14%;\" src=\"https:\/\/www.legislapp.com.br\/wp-content\/uploads\/2021\/07\/Logo-Legislapp-1-03-1.png\"><br \/>\n      <\/p>\n<div style=\"margin-bottom: 20px;\" class=\"et_pb_button_module_wrapper et_pb_button_5_tb_body_wrapper et_pb_button_alignment_center et_pb_module \">\n         <a class=\"et_pb_button et_pb_button_5_tb_body et_hover_enabled et_pb_bg_layout_dark\" style=\"width: 50%;background-color: black;\" href=\"https:\/\/app.legislapp.com.br\" target=\"_blank\" rel=\"noopener\">Visualizar completo na nossa plataforma (30 dias gr\u00e1tis)<\/a><\/p><\/div>\n<p>      <a href=\"https:\/\/play.google.com\/store\/apps\/details?id=br.com.legislapp\"><img decoding=\"async\" style=\"width: 15%; min-width: 130px;\" src=\"https:\/\/www.legislapp.com.br\/wp-content\/uploads\/google-play.png\"><\/a><br \/>\n      <a href=\"https:\/\/apps.apple.com\/us\/app\/legislapp\/id1568929859\"><img decoding=\"async\" style=\"width: 15%; min-width: 130px\" src=\"https:\/\/www.legislapp.com.br\/wp-content\/uploads\/apple-store.png\"><\/a>\n   <\/div>\n","protected":false},"excerpt":{"rendered":"<p>Avulso Inicial &#8211; Autoria de Marcos Pollon C\u00e2mara dos Deputados Gabinete do Deputado Federal Marcos Pollon PROJETO DE LEI N\u00ba , DE 2025 (do Sr. Marcos Pollon) Disp\u00f5e sobre a obrigatoriedade da presen\u00e7a de int\u00e9rprete de Libras (L\u00edngua Brasileira de Sinais) em todas as transmiss\u00f5es oficiais realizadas por \u00f3rg\u00e3os e entidades dos Poderes Executivo, Legislativo [&hellip;]<\/p>\n","protected":false},"author":1,"featured_media":0,"parent":0,"menu_order":0,"comment_status":"closed","ping_status":"closed","template":"page-template-blank.php","meta":{"_et_pb_use_builder":"","_et_pb_old_content":"","_et_gb_content_width":"1080","ngg_post_thumbnail":0,"footnotes":""},"class_list":["post-10053","page","type-page","status-publish","hentry"],"yoast_head":"<!-- This site is optimized with the Yoast SEO plugin v24.4 - https:\/\/yoast.com\/wordpress\/plugins\/seo\/ -->\n<title>Avulso Inicial - PL 4738\/2025 - C\u00e2mara - Legislapp<\/title>\n<meta name=\"robots\" content=\"index, follow, max-snippet:-1, max-image-preview:large, max-video-preview:-1\" \/>\n<link rel=\"canonical\" href=\"https:\/\/www.legislapp.com.br\/index.php\/avulso-inicial-pl-4738-2025-camara\/\" \/>\n<meta property=\"og:locale\" content=\"pt_BR\" \/>\n<meta property=\"og:type\" content=\"article\" \/>\n<meta property=\"og:title\" content=\"Avulso Inicial - PL 4738\/2025 - C\u00e2mara - Legislapp\" \/>\n<meta property=\"og:description\" content=\"Avulso Inicial &#8211; Autoria de Marcos Pollon C\u00e2mara dos Deputados Gabinete do Deputado Federal Marcos Pollon PROJETO DE LEI N\u00ba , DE 2025 (do Sr. Marcos Pollon) Disp\u00f5e sobre a obrigatoriedade da presen\u00e7a de int\u00e9rprete de Libras (L\u00edngua Brasileira de Sinais) em todas as transmiss\u00f5es oficiais realizadas por \u00f3rg\u00e3os e entidades dos Poderes Executivo, Legislativo [&hellip;]\" \/>\n<meta property=\"og:url\" content=\"https:\/\/www.legislapp.com.br\/index.php\/avulso-inicial-pl-4738-2025-camara\/\" \/>\n<meta property=\"og:site_name\" content=\"Legislapp\" \/>\n<meta property=\"article:publisher\" content=\"https:\/\/www.instagram.com\/legislapp\/\" \/>\n<meta property=\"og:image\" content=\"https:\/\/www.legislapp.com.br\/wp-content\/uploads\/2021\/07\/Logo-Legislapp-1-03-1.png\" \/>\n<meta name=\"twitter:card\" content=\"summary_large_image\" \/>\n<meta name=\"twitter:label1\" content=\"Est. tempo de leitura\" \/>\n\t<meta name=\"twitter:data1\" content=\"5 minutos\" \/>\n<script type=\"application\/ld+json\" class=\"yoast-schema-graph\">{\"@context\":\"https:\/\/schema.org\",\"@graph\":[{\"@type\":\"WebPage\",\"@id\":\"https:\/\/www.legislapp.com.br\/index.php\/avulso-inicial-pl-4738-2025-camara\/\",\"url\":\"https:\/\/www.legislapp.com.br\/index.php\/avulso-inicial-pl-4738-2025-camara\/\",\"name\":\"Avulso Inicial - PL 4738\/2025 - C\u00e2mara - Legislapp\",\"isPartOf\":{\"@id\":\"https:\/\/www.legislapp.com.br\/#website\"},\"primaryImageOfPage\":{\"@id\":\"https:\/\/www.legislapp.com.br\/index.php\/avulso-inicial-pl-4738-2025-camara\/#primaryimage\"},\"image\":{\"@id\":\"https:\/\/www.legislapp.com.br\/index.php\/avulso-inicial-pl-4738-2025-camara\/#primaryimage\"},\"thumbnailUrl\":\"https:\/\/www.legislapp.com.br\/wp-content\/uploads\/2021\/07\/Logo-Legislapp-1-03-1.png\",\"datePublished\":\"2025-12-01T13:59:07+00:00\",\"breadcrumb\":{\"@id\":\"https:\/\/www.legislapp.com.br\/index.php\/avulso-inicial-pl-4738-2025-camara\/#breadcrumb\"},\"inLanguage\":\"pt-BR\",\"potentialAction\":[{\"@type\":\"ReadAction\",\"target\":[\"https:\/\/www.legislapp.com.br\/index.php\/avulso-inicial-pl-4738-2025-camara\/\"]}]},{\"@type\":\"ImageObject\",\"inLanguage\":\"pt-BR\",\"@id\":\"https:\/\/www.legislapp.com.br\/index.php\/avulso-inicial-pl-4738-2025-camara\/#primaryimage\",\"url\":\"https:\/\/www.legislapp.com.br\/wp-content\/uploads\/2021\/07\/Logo-Legislapp-1-03-1.png\",\"contentUrl\":\"https:\/\/www.legislapp.com.br\/wp-content\/uploads\/2021\/07\/Logo-Legislapp-1-03-1.png\",\"width\":2679,\"height\":2697},{\"@type\":\"BreadcrumbList\",\"@id\":\"https:\/\/www.legislapp.com.br\/index.php\/avulso-inicial-pl-4738-2025-camara\/#breadcrumb\",\"itemListElement\":[{\"@type\":\"ListItem\",\"position\":1,\"name\":\"In\u00edcio\",\"item\":\"https:\/\/www.legislapp.com.br\/\"},{\"@type\":\"ListItem\",\"position\":2,\"name\":\"Avulso Inicial &#8211; PL 4738\/2025 &#8211; C\u00e2mara\"}]},{\"@type\":\"WebSite\",\"@id\":\"https:\/\/www.legislapp.com.br\/#website\",\"url\":\"https:\/\/www.legislapp.com.br\/\",\"name\":\"Legislapp\",\"description\":\"Intelig\u00eancia governamental em tempo real\",\"publisher\":{\"@id\":\"https:\/\/www.legislapp.com.br\/#organization\"},\"potentialAction\":[{\"@type\":\"SearchAction\",\"target\":{\"@type\":\"EntryPoint\",\"urlTemplate\":\"https:\/\/www.legislapp.com.br\/?s={search_term_string}\"},\"query-input\":{\"@type\":\"PropertyValueSpecification\",\"valueRequired\":true,\"valueName\":\"search_term_string\"}}],\"inLanguage\":\"pt-BR\"},{\"@type\":\"Organization\",\"@id\":\"https:\/\/www.legislapp.com.br\/#organization\",\"name\":\"Legislapp Monitoramento e Intelig\u00eancia Governamental\",\"url\":\"https:\/\/www.legislapp.com.br\/\",\"logo\":{\"@type\":\"ImageObject\",\"inLanguage\":\"pt-BR\",\"@id\":\"https:\/\/www.legislapp.com.br\/#\/schema\/logo\/image\/\",\"url\":\"https:\/\/www.legislapp.com.br\/wp-content\/uploads\/icon.png\",\"contentUrl\":\"https:\/\/www.legislapp.com.br\/wp-content\/uploads\/icon.png\",\"width\":1024,\"height\":1024,\"caption\":\"Legislapp Monitoramento e Intelig\u00eancia Governamental\"},\"image\":{\"@id\":\"https:\/\/www.legislapp.com.br\/#\/schema\/logo\/image\/\"},\"sameAs\":[\"https:\/\/www.instagram.com\/legislapp\/\"]}]}<\/script>\n<!-- \/ Yoast SEO plugin. -->","yoast_head_json":{"title":"Avulso Inicial - PL 4738\/2025 - C\u00e2mara - Legislapp","robots":{"index":"index","follow":"follow","max-snippet":"max-snippet:-1","max-image-preview":"max-image-preview:large","max-video-preview":"max-video-preview:-1"},"canonical":"https:\/\/www.legislapp.com.br\/index.php\/avulso-inicial-pl-4738-2025-camara\/","og_locale":"pt_BR","og_type":"article","og_title":"Avulso Inicial - PL 4738\/2025 - C\u00e2mara - Legislapp","og_description":"Avulso Inicial &#8211; Autoria de Marcos Pollon C\u00e2mara dos Deputados Gabinete do Deputado Federal Marcos Pollon PROJETO DE LEI N\u00ba , DE 2025 (do Sr. Marcos Pollon) Disp\u00f5e sobre a obrigatoriedade da presen\u00e7a de int\u00e9rprete de Libras (L\u00edngua Brasileira de Sinais) em todas as transmiss\u00f5es oficiais realizadas por \u00f3rg\u00e3os e entidades dos Poderes Executivo, Legislativo [&hellip;]","og_url":"https:\/\/www.legislapp.com.br\/index.php\/avulso-inicial-pl-4738-2025-camara\/","og_site_name":"Legislapp","article_publisher":"https:\/\/www.instagram.com\/legislapp\/","og_image":[{"url":"https:\/\/www.legislapp.com.br\/wp-content\/uploads\/2021\/07\/Logo-Legislapp-1-03-1.png","type":"","width":"","height":""}],"twitter_card":"summary_large_image","twitter_misc":{"Est. tempo de leitura":"5 minutos"},"schema":{"@context":"https:\/\/schema.org","@graph":[{"@type":"WebPage","@id":"https:\/\/www.legislapp.com.br\/index.php\/avulso-inicial-pl-4738-2025-camara\/","url":"https:\/\/www.legislapp.com.br\/index.php\/avulso-inicial-pl-4738-2025-camara\/","name":"Avulso Inicial - PL 4738\/2025 - C\u00e2mara - Legislapp","isPartOf":{"@id":"https:\/\/www.legislapp.com.br\/#website"},"primaryImageOfPage":{"@id":"https:\/\/www.legislapp.com.br\/index.php\/avulso-inicial-pl-4738-2025-camara\/#primaryimage"},"image":{"@id":"https:\/\/www.legislapp.com.br\/index.php\/avulso-inicial-pl-4738-2025-camara\/#primaryimage"},"thumbnailUrl":"https:\/\/www.legislapp.com.br\/wp-content\/uploads\/2021\/07\/Logo-Legislapp-1-03-1.png","datePublished":"2025-12-01T13:59:07+00:00","breadcrumb":{"@id":"https:\/\/www.legislapp.com.br\/index.php\/avulso-inicial-pl-4738-2025-camara\/#breadcrumb"},"inLanguage":"pt-BR","potentialAction":[{"@type":"ReadAction","target":["https:\/\/www.legislapp.com.br\/index.php\/avulso-inicial-pl-4738-2025-camara\/"]}]},{"@type":"ImageObject","inLanguage":"pt-BR","@id":"https:\/\/www.legislapp.com.br\/index.php\/avulso-inicial-pl-4738-2025-camara\/#primaryimage","url":"https:\/\/www.legislapp.com.br\/wp-content\/uploads\/2021\/07\/Logo-Legislapp-1-03-1.png","contentUrl":"https:\/\/www.legislapp.com.br\/wp-content\/uploads\/2021\/07\/Logo-Legislapp-1-03-1.png","width":2679,"height":2697},{"@type":"BreadcrumbList","@id":"https:\/\/www.legislapp.com.br\/index.php\/avulso-inicial-pl-4738-2025-camara\/#breadcrumb","itemListElement":[{"@type":"ListItem","position":1,"name":"In\u00edcio","item":"https:\/\/www.legislapp.com.br\/"},{"@type":"ListItem","position":2,"name":"Avulso Inicial &#8211; PL 4738\/2025 &#8211; C\u00e2mara"}]},{"@type":"WebSite","@id":"https:\/\/www.legislapp.com.br\/#website","url":"https:\/\/www.legislapp.com.br\/","name":"Legislapp","description":"Intelig\u00eancia governamental em tempo real","publisher":{"@id":"https:\/\/www.legislapp.com.br\/#organization"},"potentialAction":[{"@type":"SearchAction","target":{"@type":"EntryPoint","urlTemplate":"https:\/\/www.legislapp.com.br\/?s={search_term_string}"},"query-input":{"@type":"PropertyValueSpecification","valueRequired":true,"valueName":"search_term_string"}}],"inLanguage":"pt-BR"},{"@type":"Organization","@id":"https:\/\/www.legislapp.com.br\/#organization","name":"Legislapp Monitoramento e Intelig\u00eancia Governamental","url":"https:\/\/www.legislapp.com.br\/","logo":{"@type":"ImageObject","inLanguage":"pt-BR","@id":"https:\/\/www.legislapp.com.br\/#\/schema\/logo\/image\/","url":"https:\/\/www.legislapp.com.br\/wp-content\/uploads\/icon.png","contentUrl":"https:\/\/www.legislapp.com.br\/wp-content\/uploads\/icon.png","width":1024,"height":1024,"caption":"Legislapp Monitoramento e Intelig\u00eancia Governamental"},"image":{"@id":"https:\/\/www.legislapp.com.br\/#\/schema\/logo\/image\/"},"sameAs":["https:\/\/www.instagram.com\/legislapp\/"]}]}},"_links":{"self":[{"href":"https:\/\/www.legislapp.com.br\/index.php\/wp-json\/wp\/v2\/pages\/10053","targetHints":{"allow":["GET"]}}],"collection":[{"href":"https:\/\/www.legislapp.com.br\/index.php\/wp-json\/wp\/v2\/pages"}],"about":[{"href":"https:\/\/www.legislapp.com.br\/index.php\/wp-json\/wp\/v2\/types\/page"}],"author":[{"embeddable":true,"href":"https:\/\/www.legislapp.com.br\/index.php\/wp-json\/wp\/v2\/users\/1"}],"replies":[{"embeddable":true,"href":"https:\/\/www.legislapp.com.br\/index.php\/wp-json\/wp\/v2\/comments?post=10053"}],"version-history":[{"count":0,"href":"https:\/\/www.legislapp.com.br\/index.php\/wp-json\/wp\/v2\/pages\/10053\/revisions"}],"wp:attachment":[{"href":"https:\/\/www.legislapp.com.br\/index.php\/wp-json\/wp\/v2\/media?parent=10053"}],"curies":[{"name":"wp","href":"https:\/\/api.w.org\/{rel}","templated":true}]}}