{"id":10057,"date":"2025-12-01T10:59:14","date_gmt":"2025-12-01T13:59:14","guid":{"rendered":"https:\/\/www.legislapp.com.br\/index.php\/avulso-inicial-pl-2932-2025-camara\/"},"modified":"2025-12-01T10:59:14","modified_gmt":"2025-12-01T13:59:14","slug":"avulso-inicial-pl-2932-2025-camara","status":"publish","type":"page","link":"https:\/\/www.legislapp.com.br\/index.php\/avulso-inicial-pl-2932-2025-camara\/","title":{"rendered":"Avulso Inicial &#8211; PL 2932\/2025 &#8211; C\u00e2mara"},"content":{"rendered":"<h1 style='text-align: center;'>Avulso Inicial &#8211; Autoria de Luiz Carlos Hauly<\/h3>\n<p><\/p>\n<article>PROJETO DE LEI  N\u00ba _____, DE 2025<br \/>\n(Do Sr. Deputado Luiz Carlos Hauly)<br \/>\nDisp\u00f5e sobre a descontinuidade da<br \/>\nemiss\u00e3o da c\u00e9dula de R$ 200,00<br \/>\n(duzentos reais) e estabelece diretrizes<br \/>\npara a extin\u00e7\u00e3o da c\u00e9dula de R$<br \/>\n100,00 (cem reais), em conson\u00e2ncia<br \/>\ncom o novo regime tribut\u00e1rio institu\u00eddo<br \/>\npela Emenda Constitucional n\u00ba<br \/>\n132\/2023.<br \/>\nO Congresso Nacional decreta:<br \/>\nArt. 1\u00ba Fica determinado que o Banco Central do Brasil estabele\u00e7a<br \/>\na descontinuidade da emiss\u00e3o de novas c\u00e9dulas de R$ 200,00 (duzentos<br \/>\nreais), devendo iniciar o recolhimento gradual das c\u00e9dulas atualmente em<br \/>\ncircula\u00e7\u00e3o.<br \/>\nArt. 2\u00ba A c\u00e9dula de R$ 100,00 (cem reais) ter\u00e1 seu recolhimento<br \/>\ngradual iniciado em 1\u00ba de janeiro de 2026, com sua extin\u00e7\u00e3o completa prevista<br \/>\npara at\u00e9 31 de dezembro de 2027, data da entrada em vigor do novo regime de<br \/>\ncobran\u00e7a do Imposto sobre Bens e Servi\u00e7os (IBS\/CBS), conforme previsto na<br \/>\nEC n\u00ba 132\/2023.<br \/>\nArt. 3\u00ba Esta medida tem como objetivo:<br \/>\nI \u2013 reduzir a circula\u00e7\u00e3o de dinheiro em esp\u00e9cie de alto valor,<br \/>\nassociado \u00e0 informalidade, sonega\u00e7\u00e3o e criminalidade;<br \/>\nII \u2013 estimular o uso de meios de pagamento digitais, integrados ao<br \/>\nnovo modelo de arrecada\u00e7\u00e3o autom\u00e1tica do IVA 5.0;<br \/>\nIII \u2013 harmonizar o sistema monet\u00e1rio com as diretrizes de<br \/>\nrastreabilidade financeira previstas na reforma tribut\u00e1ria.<br \/>\nArt. 4\u00ba Ap\u00f3s cinco anos de vig\u00eancia desta Lei, as transa\u00e7\u00f5es<br \/>\nfinanceiras s\u00f3 ser\u00e3o permitidas atrav\u00e9s de sistema digital.<br \/>\nArt. 5\u00ba Caber\u00e1 ao Poder Executivo adotar as medidas necess\u00e1rias<br \/>\npara assegurar o acesso de toda popula\u00e7\u00e3o aos meios de transa\u00e7\u00f5es<br \/>\nmonet\u00e1rias atrav\u00e9s de sistema digital.<br \/>\nArt. 6\u00ba Esta Lei  entra em vigor na data de sua publica\u00e7\u00e3o.<br \/>\nPara verificar a assinatura, acesse https:\/\/infoleg-autenticidade-assinatura.camara.leg.br\/CD257818652900<br \/>\nAssinado eletronicamente pelo(a) Dep. Luiz Carlos Hauly<br \/>\nApresenta\u00e7\u00e3o: 17\/06\/2025 14:58:36.073 &#8211; Mesa<br \/>\n*CD257818652900* PL n.2932\/2025<br \/>JUSTIFICA\u00c7\u00c3O<br \/>\nA presente proposi\u00e7\u00e3o tem por objetivo instituir diretrizes para a<br \/>\nretirada de circula\u00e7\u00e3o das c\u00e9dulas de maior valor do real \u2014 R$ 200,00 e R$<br \/>\n100,00 \u2014 como instrumento de moderniza\u00e7\u00e3o do sistema financeiro nacional,<br \/>\ncombate \u00e0 economia informal, \u00e0 lavagem de dinheiro, o crime organizado e \u00e0<br \/>\nsonega\u00e7\u00e3o fiscal, al\u00e9m de estimular a inclus\u00e3o financeira dos cidad\u00e3os.<br \/>\nO Brasil vive uma transforma\u00e7\u00e3o profunda em seu modelo de<br \/>\narrecada\u00e7\u00e3o, com a promulga\u00e7\u00e3o da Emenda Constitucional n\u00ba 132\/2023, que<br \/>\ninstitui um sistema tribut\u00e1rio digital baseado no Imposto sobre Bens e Servi\u00e7os<br \/>\n(IBS) e na Contribui\u00e7\u00e3o sobre Bens e Servi\u00e7os (CBS), pilares do chamado IVA<br \/>\n5.0 brasileiro.<br \/>\nNesse novo modelo, a arrecada\u00e7\u00e3o se vincula diretamente \u00e0<br \/>\nliquida\u00e7\u00e3o financeira dos pagamentos, tornando desnecess\u00e1ria e, at\u00e9 mesmo,<br \/>\ncontraproducente a manuten\u00e7\u00e3o de numer\u00e1rio f\u00edsico de alto valor, que<br \/>\nhistoricamente tem sido associado a pr\u00e1ticas il\u00edcitas.<br \/>\nDados oficiais do Banco Central do Brasil revelam que o uso de<br \/>\ndinheiro f\u00edsico vem perdendo espa\u00e7o de forma acelerada. Desde a<br \/>\nimplementa\u00e7\u00e3o do PIX, em novembro de 2020, a sociedade brasileira aderiu de<br \/>\nforma massiva aos meios eletr\u00f4nicos de pagamento.<br \/>\nAtualmente, o PIX supera a marca de 5 bilh\u00f5es de transa\u00e7\u00f5es<br \/>\nmensais, aproximadamente, movimentando mais de R$ 2 trilh\u00f5es por m\u00eas, com<br \/>\ntend\u00eancia cont\u00ednua de crescimento.<br \/>\nTrata-se, portanto, do maior sistema de pagamentos instant\u00e2neos<br \/>\ndo mundo, tanto em volume quanto em quantidade de opera\u00e7\u00f5es.<br \/>\nCabe ressaltar que o pix no Brasil atingiu um novo recorde em<br \/>\njunho de 2025, com quase 280 milh\u00f5es de transa\u00e7\u00f5es em um \u00fanico dia,<br \/>\ntotalizando R$ 135,6 bilh\u00f5es.<br \/>\nEsse fen\u00f4meno demonstra que a sociedade brasileira j\u00e1<br \/>\ninternalizou a cultura da digitaliza\u00e7\u00e3o financeira.<br \/>\nMant\u00e9m-se, no entanto, em circula\u00e7\u00e3o, c\u00e9dulas de alt\u00edssimo valor,<br \/>\ncomo as de R$ 200 e R$ 100, que cumprem papel residual na economia<br \/>\nformal, mas s\u00e3o largamente utilizadas nas esferas da informalidade, do<br \/>\ncontrabando, do tr\u00e1fico de drogas, da lavagem de dinheiro e da corrup\u00e7\u00e3o.<br \/>\nA experi\u00eancia internacional corrobora a efic\u00e1cia dessa medida.<br \/>\nPa\u00edses como a Su\u00e9cia, Noruega e Dinamarca j\u00e1 operam com \u00edndices de<br \/>\ncircula\u00e7\u00e3o de dinheiro f\u00edsico inferiores a 5% das transa\u00e7\u00f5es nacionais,<br \/>\nPara verificar a assinatura, acesse https:\/\/infoleg-autenticidade-assinatura.camara.leg.br\/CD257818652900<br \/>\nAssinado eletronicamente pelo(a) Dep. Luiz Carlos Hauly<br \/>\nApresenta\u00e7\u00e3o: 17\/06\/2025 14:58:36.073 &#8211; Mesa<br \/>\n*CD257818652900* PL n.2932\/2025<br \/>caminhando aceleradamente para o status de \u201csociedades sem dinheiro\u201d<br \/>\n(cashless society).<br \/>\nA Su\u00e9cia, pioneira nesse movimento, planeja eliminar<br \/>\ncompletamente o uso de dinheiro f\u00edsico at\u00e9 2030.<br \/>\nNa Uni\u00e3o Europeia, a emiss\u00e3o da nota de 500 euros foi<br \/>\ndescontinuada em 2019, ap\u00f3s estudos demonstrarem que sua fun\u00e7\u00e3o principal<br \/>\nestava associada a pr\u00e1ticas il\u00edcitas e oculta\u00e7\u00e3o de patrim\u00f4nio. Estudos do<br \/>\nBanco Central Europeu (BCE) e do Europol indicaram que c\u00e9dulas de alto valor<br \/>\nfacilitam crimes como evas\u00e3o fiscal, corrup\u00e7\u00e3o e financiamento ao terrorismo.<br \/>\nMedidas semelhantes foram adotadas na Austr\u00e1lia, que anunciou<br \/>\na extin\u00e7\u00e3o das notas de 100 d\u00f3lares australianos, e no Canad\u00e1, que j\u00e1 eliminou<br \/>\nas c\u00e9dulas de 1.000 d\u00f3lares canadenses.<br \/>\nAdemais, a digitaliza\u00e7\u00e3o dos meios de pagamento \u00e9 tamb\u00e9m uma<br \/>\npoderosa ferramenta de inclus\u00e3o financeira. Segundo levantamento do Banco<br \/>\nMundial (Global Findex 2021), milh\u00f5es de pessoas ingressaram no sistema<br \/>\nbanc\u00e1rio global nos \u00faltimos anos impulsionado pelo acesso a plataformas<br \/>\ndigitais de pagamento \u2014 fen\u00f4meno observado de forma expressiva no Brasil,<br \/>\nespecialmente nas regi\u00f5es antes subatendidas por ag\u00eancias banc\u00e1rias f\u00edsicas.<br \/>\nA manuten\u00e7\u00e3o de c\u00e9dulas de elevado valor contraria, portanto, os<br \/>\nprinc\u00edpios de efici\u00eancia, transpar\u00eancia e rastreabilidade econ\u00f4mica que<br \/>\nnorteiam tanto a pol\u00edtica monet\u00e1ria moderna quanto o novo modelo tribut\u00e1rio<br \/>\nbrasileiro.<br \/>\nPortanto, esta proposta legislativa n\u00e3o visa apenas reduzir o<br \/>\nespa\u00e7o para a criminalidade e para a economia subterr\u00e2nea, mas tamb\u00e9m<br \/>\nacelerar a transi\u00e7\u00e3o do Brasil para um modelo econ\u00f4mico mais seguro,<br \/>\nmoderno, sustent\u00e1vel e socialmente inclusivo, onde o dinheiro digital<br \/>\ndesempenha papel central na gera\u00e7\u00e3o de cidadania financeira, na efici\u00eancia<br \/>\nfiscal e na seguran\u00e7a econ\u00f4mica.<br \/>\nAssim, confiamos na sensibilidade dos nobres pares desta Casa<br \/>\nLegislativa para a aprova\u00e7\u00e3o desta importante medida, alinhada com as<br \/>\nmelhores pr\u00e1ticas internacionais e com os interesses maiores do<br \/>\ndesenvolvimento econ\u00f4mico e social do Brasil.<br \/>\nSala das Sess\u00f5es,    junho de 2025.<br \/>\nDEPUTADO LUIZ CARLOS HAULY<br \/>\nPODE-PR<br \/>\nPara verificar a assinatura, acesse https:\/\/infoleg-autenticidade-assinatura.camara.leg.br\/CD257818652900<br \/>\nAssinado eletronicamente pelo(a) Dep. Luiz Carlos Hauly<br \/>\nApresenta\u00e7\u00e3o: 17\/06\/2025 14:58:36.073 &#8211; Mesa<br \/>\n*CD257818652900* PL n.2932\/2025<\/article>\n<p><a href='https:\/\/app.legislapp.com.br\/#\/busca?termo=Cria\u00e7\u00e3o'>Cria\u00e7\u00e3o<\/a>, <a href='https:\/\/app.legislapp.com.br\/#\/busca?termo=diretrizes'>diretrizes<\/a>, <a href='https:\/\/app.legislapp.com.br\/#\/busca?termo=Banco Central do Brasil (Bacen)'>Banco Central do Brasil (Bacen)<\/a>, <a href='https:\/\/app.legislapp.com.br\/#\/busca?termo=circula\u00e7\u00e3o'>circula\u00e7\u00e3o<\/a>, <a href='https:\/\/app.legislapp.com.br\/#\/busca?termo=emiss\u00e3o'>emiss\u00e3o<\/a>, <a href='https:\/\/app.legislapp.com.br\/#\/busca?termo=extin\u00e7\u00e3o'>extin\u00e7\u00e3o<\/a>, <a href='https:\/\/app.legislapp.com.br\/#\/busca?termo=recolhimento'>recolhimento<\/a>, <a href='https:\/\/app.legislapp.com.br\/#\/busca?termo=C\u00e9dula'>C\u00e9dula<\/a>, <a href='https:\/\/app.legislapp.com.br\/#\/busca?termo=moderniza\u00e7\u00e3o'>moderniza\u00e7\u00e3o<\/a>, <a href='https:\/\/app.legislapp.com.br\/#\/busca?termo=Sistema financeiro'>Sistema financeiro<\/a>, <a href='https:\/\/app.legislapp.com.br\/#\/busca?termo=combate'>combate<\/a>, <a href='https:\/\/app.legislapp.com.br\/#\/busca?termo=Economia informal'>Economia informal<\/a>, <a href='https:\/\/app.legislapp.com.br\/#\/busca?termo=Lavagem de dinheiro'>Lavagem de dinheiro<\/a>, <a href='https:\/\/app.legislapp.com.br\/#\/busca?termo=Crime organizado'>Crime organizado<\/a>, <a href='https:\/\/app.legislapp.com.br\/#\/busca?termo=Sonega\u00e7\u00e3o fiscal'>Sonega\u00e7\u00e3o fiscal<\/a>, <a href='https:\/\/app.legislapp.com.br\/#\/busca?termo=incentivo'>incentivo<\/a>, <a href='https:\/\/app.legislapp.com.br\/#\/busca?termo=Inclus\u00e3o econ\u00f4mica.'>Inclus\u00e3o econ\u00f4mica.<\/a><\/p>\n<div style=\"text-align: center\">\n      <img decoding=\"async\" style=\"width: 14%;\" src=\"https:\/\/www.legislapp.com.br\/wp-content\/uploads\/2021\/07\/Logo-Legislapp-1-03-1.png\"><br \/>\n      <\/p>\n<div style=\"margin-bottom: 20px;\" class=\"et_pb_button_module_wrapper et_pb_button_5_tb_body_wrapper et_pb_button_alignment_center et_pb_module \">\n         <a class=\"et_pb_button et_pb_button_5_tb_body et_hover_enabled et_pb_bg_layout_dark\" style=\"width: 50%;background-color: black;\" href=\"https:\/\/app.legislapp.com.br\" target=\"_blank\" rel=\"noopener\">Visualizar completo na nossa plataforma (30 dias gr\u00e1tis)<\/a><\/p><\/div>\n<p>      <a href=\"https:\/\/play.google.com\/store\/apps\/details?id=br.com.legislapp\"><img decoding=\"async\" style=\"width: 15%; min-width: 130px;\" src=\"https:\/\/www.legislapp.com.br\/wp-content\/uploads\/google-play.png\"><\/a><br \/>\n      <a href=\"https:\/\/apps.apple.com\/us\/app\/legislapp\/id1568929859\"><img decoding=\"async\" style=\"width: 15%; min-width: 130px\" src=\"https:\/\/www.legislapp.com.br\/wp-content\/uploads\/apple-store.png\"><\/a>\n   <\/div>\n","protected":false},"excerpt":{"rendered":"<p>Avulso Inicial &#8211; Autoria de Luiz Carlos Hauly PROJETO DE LEI N\u00ba _____, DE 2025 (Do Sr. Deputado Luiz Carlos Hauly) Disp\u00f5e sobre a descontinuidade da emiss\u00e3o da c\u00e9dula de R$ 200,00 (duzentos reais) e estabelece diretrizes para a extin\u00e7\u00e3o da c\u00e9dula de R$ 100,00 (cem reais), em conson\u00e2ncia com o novo regime tribut\u00e1rio institu\u00eddo [&hellip;]<\/p>\n","protected":false},"author":1,"featured_media":0,"parent":0,"menu_order":0,"comment_status":"closed","ping_status":"closed","template":"page-template-blank.php","meta":{"_et_pb_use_builder":"","_et_pb_old_content":"","_et_gb_content_width":"1080","ngg_post_thumbnail":0,"footnotes":""},"class_list":["post-10057","page","type-page","status-publish","hentry"],"yoast_head":"<!-- This site is optimized with the Yoast SEO plugin v24.4 - https:\/\/yoast.com\/wordpress\/plugins\/seo\/ -->\n<title>Avulso Inicial - PL 2932\/2025 - C\u00e2mara - Legislapp<\/title>\n<meta name=\"robots\" content=\"index, follow, max-snippet:-1, max-image-preview:large, max-video-preview:-1\" \/>\n<link rel=\"canonical\" href=\"https:\/\/www.legislapp.com.br\/index.php\/avulso-inicial-pl-2932-2025-camara\/\" \/>\n<meta property=\"og:locale\" content=\"pt_BR\" \/>\n<meta property=\"og:type\" content=\"article\" \/>\n<meta property=\"og:title\" content=\"Avulso Inicial - PL 2932\/2025 - C\u00e2mara - Legislapp\" \/>\n<meta property=\"og:description\" content=\"Avulso Inicial &#8211; Autoria de Luiz Carlos Hauly PROJETO DE LEI N\u00ba _____, DE 2025 (Do Sr. Deputado Luiz Carlos Hauly) Disp\u00f5e sobre a descontinuidade da emiss\u00e3o da c\u00e9dula de R$ 200,00 (duzentos reais) e estabelece diretrizes para a extin\u00e7\u00e3o da c\u00e9dula de R$ 100,00 (cem reais), em conson\u00e2ncia com o novo regime tribut\u00e1rio institu\u00eddo [&hellip;]\" \/>\n<meta property=\"og:url\" content=\"https:\/\/www.legislapp.com.br\/index.php\/avulso-inicial-pl-2932-2025-camara\/\" \/>\n<meta property=\"og:site_name\" content=\"Legislapp\" \/>\n<meta property=\"article:publisher\" content=\"https:\/\/www.instagram.com\/legislapp\/\" \/>\n<meta property=\"og:image\" content=\"https:\/\/www.legislapp.com.br\/wp-content\/uploads\/2021\/07\/Logo-Legislapp-1-03-1.png\" \/>\n<meta name=\"twitter:card\" content=\"summary_large_image\" \/>\n<meta name=\"twitter:label1\" content=\"Est. tempo de leitura\" \/>\n\t<meta name=\"twitter:data1\" content=\"6 minutos\" \/>\n<script type=\"application\/ld+json\" class=\"yoast-schema-graph\">{\"@context\":\"https:\/\/schema.org\",\"@graph\":[{\"@type\":\"WebPage\",\"@id\":\"https:\/\/www.legislapp.com.br\/index.php\/avulso-inicial-pl-2932-2025-camara\/\",\"url\":\"https:\/\/www.legislapp.com.br\/index.php\/avulso-inicial-pl-2932-2025-camara\/\",\"name\":\"Avulso Inicial - PL 2932\/2025 - C\u00e2mara - Legislapp\",\"isPartOf\":{\"@id\":\"https:\/\/www.legislapp.com.br\/#website\"},\"primaryImageOfPage\":{\"@id\":\"https:\/\/www.legislapp.com.br\/index.php\/avulso-inicial-pl-2932-2025-camara\/#primaryimage\"},\"image\":{\"@id\":\"https:\/\/www.legislapp.com.br\/index.php\/avulso-inicial-pl-2932-2025-camara\/#primaryimage\"},\"thumbnailUrl\":\"https:\/\/www.legislapp.com.br\/wp-content\/uploads\/2021\/07\/Logo-Legislapp-1-03-1.png\",\"datePublished\":\"2025-12-01T13:59:14+00:00\",\"breadcrumb\":{\"@id\":\"https:\/\/www.legislapp.com.br\/index.php\/avulso-inicial-pl-2932-2025-camara\/#breadcrumb\"},\"inLanguage\":\"pt-BR\",\"potentialAction\":[{\"@type\":\"ReadAction\",\"target\":[\"https:\/\/www.legislapp.com.br\/index.php\/avulso-inicial-pl-2932-2025-camara\/\"]}]},{\"@type\":\"ImageObject\",\"inLanguage\":\"pt-BR\",\"@id\":\"https:\/\/www.legislapp.com.br\/index.php\/avulso-inicial-pl-2932-2025-camara\/#primaryimage\",\"url\":\"https:\/\/www.legislapp.com.br\/wp-content\/uploads\/2021\/07\/Logo-Legislapp-1-03-1.png\",\"contentUrl\":\"https:\/\/www.legislapp.com.br\/wp-content\/uploads\/2021\/07\/Logo-Legislapp-1-03-1.png\",\"width\":2679,\"height\":2697},{\"@type\":\"BreadcrumbList\",\"@id\":\"https:\/\/www.legislapp.com.br\/index.php\/avulso-inicial-pl-2932-2025-camara\/#breadcrumb\",\"itemListElement\":[{\"@type\":\"ListItem\",\"position\":1,\"name\":\"In\u00edcio\",\"item\":\"https:\/\/www.legislapp.com.br\/\"},{\"@type\":\"ListItem\",\"position\":2,\"name\":\"Avulso Inicial &#8211; PL 2932\/2025 &#8211; C\u00e2mara\"}]},{\"@type\":\"WebSite\",\"@id\":\"https:\/\/www.legislapp.com.br\/#website\",\"url\":\"https:\/\/www.legislapp.com.br\/\",\"name\":\"Legislapp\",\"description\":\"Intelig\u00eancia governamental em tempo real\",\"publisher\":{\"@id\":\"https:\/\/www.legislapp.com.br\/#organization\"},\"potentialAction\":[{\"@type\":\"SearchAction\",\"target\":{\"@type\":\"EntryPoint\",\"urlTemplate\":\"https:\/\/www.legislapp.com.br\/?s={search_term_string}\"},\"query-input\":{\"@type\":\"PropertyValueSpecification\",\"valueRequired\":true,\"valueName\":\"search_term_string\"}}],\"inLanguage\":\"pt-BR\"},{\"@type\":\"Organization\",\"@id\":\"https:\/\/www.legislapp.com.br\/#organization\",\"name\":\"Legislapp Monitoramento e Intelig\u00eancia Governamental\",\"url\":\"https:\/\/www.legislapp.com.br\/\",\"logo\":{\"@type\":\"ImageObject\",\"inLanguage\":\"pt-BR\",\"@id\":\"https:\/\/www.legislapp.com.br\/#\/schema\/logo\/image\/\",\"url\":\"https:\/\/www.legislapp.com.br\/wp-content\/uploads\/icon.png\",\"contentUrl\":\"https:\/\/www.legislapp.com.br\/wp-content\/uploads\/icon.png\",\"width\":1024,\"height\":1024,\"caption\":\"Legislapp Monitoramento e Intelig\u00eancia Governamental\"},\"image\":{\"@id\":\"https:\/\/www.legislapp.com.br\/#\/schema\/logo\/image\/\"},\"sameAs\":[\"https:\/\/www.instagram.com\/legislapp\/\"]}]}<\/script>\n<!-- \/ Yoast SEO plugin. -->","yoast_head_json":{"title":"Avulso Inicial - PL 2932\/2025 - C\u00e2mara - Legislapp","robots":{"index":"index","follow":"follow","max-snippet":"max-snippet:-1","max-image-preview":"max-image-preview:large","max-video-preview":"max-video-preview:-1"},"canonical":"https:\/\/www.legislapp.com.br\/index.php\/avulso-inicial-pl-2932-2025-camara\/","og_locale":"pt_BR","og_type":"article","og_title":"Avulso Inicial - PL 2932\/2025 - C\u00e2mara - Legislapp","og_description":"Avulso Inicial &#8211; Autoria de Luiz Carlos Hauly PROJETO DE LEI N\u00ba _____, DE 2025 (Do Sr. Deputado Luiz Carlos Hauly) Disp\u00f5e sobre a descontinuidade da emiss\u00e3o da c\u00e9dula de R$ 200,00 (duzentos reais) e estabelece diretrizes para a extin\u00e7\u00e3o da c\u00e9dula de R$ 100,00 (cem reais), em conson\u00e2ncia com o novo regime tribut\u00e1rio institu\u00eddo [&hellip;]","og_url":"https:\/\/www.legislapp.com.br\/index.php\/avulso-inicial-pl-2932-2025-camara\/","og_site_name":"Legislapp","article_publisher":"https:\/\/www.instagram.com\/legislapp\/","og_image":[{"url":"https:\/\/www.legislapp.com.br\/wp-content\/uploads\/2021\/07\/Logo-Legislapp-1-03-1.png","type":"","width":"","height":""}],"twitter_card":"summary_large_image","twitter_misc":{"Est. tempo de leitura":"6 minutos"},"schema":{"@context":"https:\/\/schema.org","@graph":[{"@type":"WebPage","@id":"https:\/\/www.legislapp.com.br\/index.php\/avulso-inicial-pl-2932-2025-camara\/","url":"https:\/\/www.legislapp.com.br\/index.php\/avulso-inicial-pl-2932-2025-camara\/","name":"Avulso Inicial - PL 2932\/2025 - C\u00e2mara - Legislapp","isPartOf":{"@id":"https:\/\/www.legislapp.com.br\/#website"},"primaryImageOfPage":{"@id":"https:\/\/www.legislapp.com.br\/index.php\/avulso-inicial-pl-2932-2025-camara\/#primaryimage"},"image":{"@id":"https:\/\/www.legislapp.com.br\/index.php\/avulso-inicial-pl-2932-2025-camara\/#primaryimage"},"thumbnailUrl":"https:\/\/www.legislapp.com.br\/wp-content\/uploads\/2021\/07\/Logo-Legislapp-1-03-1.png","datePublished":"2025-12-01T13:59:14+00:00","breadcrumb":{"@id":"https:\/\/www.legislapp.com.br\/index.php\/avulso-inicial-pl-2932-2025-camara\/#breadcrumb"},"inLanguage":"pt-BR","potentialAction":[{"@type":"ReadAction","target":["https:\/\/www.legislapp.com.br\/index.php\/avulso-inicial-pl-2932-2025-camara\/"]}]},{"@type":"ImageObject","inLanguage":"pt-BR","@id":"https:\/\/www.legislapp.com.br\/index.php\/avulso-inicial-pl-2932-2025-camara\/#primaryimage","url":"https:\/\/www.legislapp.com.br\/wp-content\/uploads\/2021\/07\/Logo-Legislapp-1-03-1.png","contentUrl":"https:\/\/www.legislapp.com.br\/wp-content\/uploads\/2021\/07\/Logo-Legislapp-1-03-1.png","width":2679,"height":2697},{"@type":"BreadcrumbList","@id":"https:\/\/www.legislapp.com.br\/index.php\/avulso-inicial-pl-2932-2025-camara\/#breadcrumb","itemListElement":[{"@type":"ListItem","position":1,"name":"In\u00edcio","item":"https:\/\/www.legislapp.com.br\/"},{"@type":"ListItem","position":2,"name":"Avulso Inicial &#8211; PL 2932\/2025 &#8211; C\u00e2mara"}]},{"@type":"WebSite","@id":"https:\/\/www.legislapp.com.br\/#website","url":"https:\/\/www.legislapp.com.br\/","name":"Legislapp","description":"Intelig\u00eancia governamental em tempo real","publisher":{"@id":"https:\/\/www.legislapp.com.br\/#organization"},"potentialAction":[{"@type":"SearchAction","target":{"@type":"EntryPoint","urlTemplate":"https:\/\/www.legislapp.com.br\/?s={search_term_string}"},"query-input":{"@type":"PropertyValueSpecification","valueRequired":true,"valueName":"search_term_string"}}],"inLanguage":"pt-BR"},{"@type":"Organization","@id":"https:\/\/www.legislapp.com.br\/#organization","name":"Legislapp Monitoramento e Intelig\u00eancia Governamental","url":"https:\/\/www.legislapp.com.br\/","logo":{"@type":"ImageObject","inLanguage":"pt-BR","@id":"https:\/\/www.legislapp.com.br\/#\/schema\/logo\/image\/","url":"https:\/\/www.legislapp.com.br\/wp-content\/uploads\/icon.png","contentUrl":"https:\/\/www.legislapp.com.br\/wp-content\/uploads\/icon.png","width":1024,"height":1024,"caption":"Legislapp Monitoramento e Intelig\u00eancia Governamental"},"image":{"@id":"https:\/\/www.legislapp.com.br\/#\/schema\/logo\/image\/"},"sameAs":["https:\/\/www.instagram.com\/legislapp\/"]}]}},"_links":{"self":[{"href":"https:\/\/www.legislapp.com.br\/index.php\/wp-json\/wp\/v2\/pages\/10057","targetHints":{"allow":["GET"]}}],"collection":[{"href":"https:\/\/www.legislapp.com.br\/index.php\/wp-json\/wp\/v2\/pages"}],"about":[{"href":"https:\/\/www.legislapp.com.br\/index.php\/wp-json\/wp\/v2\/types\/page"}],"author":[{"embeddable":true,"href":"https:\/\/www.legislapp.com.br\/index.php\/wp-json\/wp\/v2\/users\/1"}],"replies":[{"embeddable":true,"href":"https:\/\/www.legislapp.com.br\/index.php\/wp-json\/wp\/v2\/comments?post=10057"}],"version-history":[{"count":0,"href":"https:\/\/www.legislapp.com.br\/index.php\/wp-json\/wp\/v2\/pages\/10057\/revisions"}],"wp:attachment":[{"href":"https:\/\/www.legislapp.com.br\/index.php\/wp-json\/wp\/v2\/media?parent=10057"}],"curies":[{"name":"wp","href":"https:\/\/api.w.org\/{rel}","templated":true}]}}