{"id":10069,"date":"2025-12-01T10:59:42","date_gmt":"2025-12-01T13:59:42","guid":{"rendered":"https:\/\/www.legislapp.com.br\/index.php\/avulso-inicial-pl-5587-2025-camara\/"},"modified":"2025-12-01T10:59:42","modified_gmt":"2025-12-01T13:59:42","slug":"avulso-inicial-pl-5587-2025-camara","status":"publish","type":"page","link":"https:\/\/www.legislapp.com.br\/index.php\/avulso-inicial-pl-5587-2025-camara\/","title":{"rendered":"Avulso Inicial &#8211; PL 5587\/2025 &#8211; C\u00e2mara"},"content":{"rendered":"<h1 style='text-align: center;'>Avulso Inicial &#8211; Autoria de Pompeo de Mattos<\/h3>\n<p><\/p>\n<article>C\u00c2MARA DOS DEPUTADOS<br \/>\nGabinete do Deputado POMPEO DE MATTOS \u2013 PDT\/RS<br \/>\nPROJETO DE LEI N\u00b0      de 2025.<br \/>\n(Deputado Pompeo de Mattos)<br \/>\nReconhece a Poesia Oral Improvisada<br \/>\ncomo manifesta\u00e7\u00e3o da cultura nacional<br \/>\ne express\u00e3o viva da tradi\u00e7\u00e3o liter\u00e1ria<br \/>\npopular do Brasil.<br \/>\nO Congresso Nacional decreta:<br \/>\nArt. 1\u00ba Fica reconhecida, em todo o territ\u00f3rio nacional, a Poesia<br \/>\nOral Improvisada como manifesta\u00e7\u00e3o da cultura nacional, express\u00e3o art\u00edstica e<br \/>\nliter\u00e1ria enraizada na tradi\u00e7\u00e3o popular brasileira.<br \/>\n\u00a7 1\u00ba S\u00e3o consideradas modalidades de Poesia Oral Improvisada,<br \/>\nentre outras, o repente, a cantoria, a trova, a pajada, o cururu, a embolada, o<br \/>\npartido alto, o calango, o aboio, o maracatu rural, o rap, o terno de reis ou folia<br \/>\nde reis, bem como quaisquer outras formas de improvisa\u00e7\u00e3o po\u00e9tica que<br \/>\nvenham a surgir ou a ser resgatadas no futuro, desde que guardem<br \/>\nequival\u00eancia cultural, po\u00e9tica e hist\u00f3rica com as citadas.<br \/>\n\u00a7 2\u00ba A Poesia Oral Improvisada constitui instrumento de<br \/>\npreserva\u00e7\u00e3o da mem\u00f3ria, da oralidade e das tradi\u00e7\u00f5es do povo brasileiro,<br \/>\ndevendo ser valorizada como express\u00e3o da diversidade regional e da unidade<br \/>\nnacional.<br \/>\nArt. 2\u00ba Os \u00f3rg\u00e3os p\u00fablicos e institui\u00e7\u00f5es culturais federais,<br \/>\nestaduais e municipais poder\u00e3o promover a\u00e7\u00f5es de valoriza\u00e7\u00e3o, incentivo e<br \/>\ndifus\u00e3o da Poesia Oral Improvisada, em conson\u00e2ncia com as pol\u00edticas culturais<br \/>\nvigentes, respeitadas as compet\u00eancias e autonomias de cada ente federativo.<br \/>\nGabinete 704, Anexo IV da C\u00e2mara dos Deputados &#8211; Pra\u00e7a dos Tr\u00eas Poderes<br \/>\nBras\u00edlia &#8211; DF \u2013 CEP: 70160-900 \u2022 (61) 3215-5704 \u2013 3215-2704<br \/>\nPara verificar a assinatura, acesse https:\/\/infoleg-autenticidade-assinatura.camara.leg.br\/CD254442198800<br \/>\nAssinado eletronicamente pelo(a) Dep. Pompeo de Mattos<br \/>\nApresenta\u00e7\u00e3o: 03\/11\/2025 13:57:43.420 &#8211; Mesa<br \/>\n*CD254442198800* PL n.5587\/2025<br \/>C\u00c2MARA DOS DEPUTADOS<br \/>\nGabinete do Deputado POMPEO DE MATTOS \u2013 PDT\/RS<br \/>\nArt. 3\u00ba O Poder P\u00fablico dever\u00e1 estimular a inser\u00e7\u00e3o educativa e<br \/>\ncultural da Poesia Oral Improvisada em eventos, programas e festivais de<br \/>\ncultura popular, bem como apoiar iniciativas que promovam a forma\u00e7\u00e3o, a<br \/>\npesquisa e o registro hist\u00f3rico dessa arte.<br \/>\nArt. 4\u00ba Esta Lei entra em vigor na data de sua publica\u00e7\u00e3o.<br \/>\nJUSTIFICA\u00c7\u00c3O<br \/>\nA presente proposi\u00e7\u00e3o tem por finalidade reconhecer a Poesia<br \/>\nOral Improvisada como manifesta\u00e7\u00e3o da cultura nacional, reafirmando seu<br \/>\npapel hist\u00f3rico na forma\u00e7\u00e3o do imagin\u00e1rio popular e na consolida\u00e7\u00e3o da<br \/>\nidentidade brasileira. Trata-se de express\u00e3o art\u00edstica que transcende fronteiras<br \/>\nregionais e classes sociais, constituindo um elo de mem\u00f3ria, linguagem e<br \/>\nresist\u00eancia que permanece vivo na alma do povo.<br \/>\nA Poesia Oral Improvisada \u00e9 uma das mais genu\u00ednas express\u00f5es<br \/>\nda literatura oral do Brasil. Ela floresce nas feiras, pra\u00e7as e palcos<br \/>\nimprovisados, seja no repente nordestino, na pajada ga\u00facha, na trova sulista<br \/>\nou no rap urbano. Em cada uma dessas modalidades, o improviso \u00e9 mais que<br \/>\nrecurso po\u00e9tico \u2014 \u00e9 celebra\u00e7\u00e3o da intelig\u00eancia popular, da musicalidade da<br \/>\nl\u00edngua portuguesa e da liberdade criativa de quem transforma o cotidiano em<br \/>\nverso e ritmo.<br \/>\nPresente em praticamente todas as regi\u00f5es do pa\u00eds, essa tradi\u00e7\u00e3o<br \/>\nmanifesta-se sob diversas denomina\u00e7\u00f5es. No Rio Grande do Sul, predomina a<br \/>\ntrova e a pajada; em Santa Catarina, Paran\u00e1, Mato Grosso e Mato Grosso do<br \/>\nSul, observa-se a presen\u00e7a da trova, oriunda da migra\u00e7\u00e3o cultural ga\u00facha; em<br \/>\nS\u00e3o Paulo, Rio de Janeiro e Minas Gerais, convivem express\u00f5es como a<br \/>\ncantoria, o repente, a embolada, o cururu, o partido alto, o calango e o aboio;<br \/>\nnas regi\u00f5es Nordeste e Norte, especialmente em estados como Bahia, Piau\u00ed,<br \/>\nPara\u00edba, Alagoas, Cear\u00e1, Pernambuco, Maranh\u00e3o, Rio Grande do Norte e<br \/>\nPar\u00e1, vicejam o repente, a cantoria, a embolada, o aboio e o maracatu rural;<br \/>\nGabinete 704, Anexo IV da C\u00e2mara dos Deputados &#8211; Pra\u00e7a dos Tr\u00eas Poderes<br \/>\nBras\u00edlia &#8211; DF \u2013 CEP: 70160-900 \u2022 (61) 3215-5704 \u2013 3215-2704<br \/>\nPara verificar a assinatura, acesse https:\/\/infoleg-autenticidade-assinatura.camara.leg.br\/CD254442198800<br \/>\nAssinado eletronicamente pelo(a) Dep. Pompeo de Mattos<br \/>\nApresenta\u00e7\u00e3o: 03\/11\/2025 13:57:43.420 &#8211; Mesa<br \/>\n*CD254442198800* PL n.5587\/2025<br \/>C\u00c2MARA DOS DEPUTADOS<br \/>\nGabinete do Deputado POMPEO DE MATTOS \u2013 PDT\/RS<br \/>\npor fim, em diversos estados brasileiros, coexistem manifesta\u00e7\u00f5es como o rap<br \/>\ne o terno de reis (folia de reis), que, embora distintos em forma e contexto,<br \/>\ncompartilham a mesma ess\u00eancia: o improviso po\u00e9tico como express\u00e3o da<br \/>\ncoletividade e da f\u00e9.<br \/>\nA import\u00e2ncia dessa arte \u00e9 tamanha que o Mercosul, em 2015,<br \/>\nreconheceu oficialmente a payada \u2014 express\u00e3o rio-platense da poesia<br \/>\nimprovisada \u2014 como Patrim\u00f4nio Cultural Imaterial do Mercosul, refor\u00e7ando o<br \/>\nv\u00ednculo entre os povos da Am\u00e9rica do Sul que compartilham essa tradi\u00e7\u00e3o.<br \/>\nAdemais, poetas e improvisadores de quinze pa\u00edses, reunidos no Comit\u00ea<br \/>\nInternacional da Poesia Oral Improvisada, sediado em Havana, trabalham para<br \/>\nque a Unesco reconhe\u00e7a a Poesia Oral Improvisada como Patrim\u00f4nio Imaterial<br \/>\nda Humanidade, o que demonstra o alcance universal dessa forma de arte.<br \/>\nEntre os expoentes nacionais que imortalizaram a Poesia Oral<br \/>\nImprovisada, destacam-se Jayme Caetano Braun, Gildo de Freitas e<br \/>\nTeixeirinha, no sul do pa\u00eds, e Cego Aderaldo, Patativa do Assar\u00e9, Otac\u00edlio<br \/>\nBatista e Lourival Batista, no nordeste \u2014 mestres que, com talento e<br \/>\nsensibilidade, eternizaram a voz do povo nos versos do improviso.<br \/>\nA presente iniciativa tem origem na inspirada na sugest\u00e3o do<br \/>\namigo Paulo de Freitas Mendon\u00e7a, consagrado poeta, pajador, compositor,<br \/>\njornalista e produtor cultural, cuja obra e dedica\u00e7\u00e3o \u00e0 arte do improviso<br \/>\nconsolidaram seu nome entre os grandes expoentes da cultura tradicionalista<br \/>\ndo Rio Grande do Sul e do Prata. Mendon\u00e7a \u00e9 membro da Est\u00e2ncia da Poesia<br \/>\nCrioula e do Comit\u00ea Internacional da Poesia Oral Improvisada, e dirige o Jornal<br \/>\ndo Nativismo, ve\u00edculo dedicado \u00e0 difus\u00e3o da cultura tradicionalista. Sua obra,<br \/>\nque abrange livros, discos e artigos, constitui refer\u00eancia na preserva\u00e7\u00e3o da<br \/>\nidentidade art\u00edstica e liter\u00e1ria do sul do pa\u00eds e da poesia de improviso como<br \/>\nexpress\u00e3o viva da alma brasileira.<br \/>\nReconhecer a Poesia Oral Improvisada como manifesta\u00e7\u00e3o da<br \/>\ncultura nacional n\u00e3o \u00e9 apenas um gesto simb\u00f3lico de valoriza\u00e7\u00e3o da arte<br \/>\npopular, mas um ato de justi\u00e7a hist\u00f3rica e cultural. \u00c9 o reconhecimento de que<br \/>\nGabinete 704, Anexo IV da C\u00e2mara dos Deputados &#8211; Pra\u00e7a dos Tr\u00eas Poderes<br \/>\nBras\u00edlia &#8211; DF \u2013 CEP: 70160-900 \u2022 (61) 3215-5704 \u2013 3215-2704<br \/>\nPara verificar a assinatura, acesse https:\/\/infoleg-autenticidade-assinatura.camara.leg.br\/CD254442198800<br \/>\nAssinado eletronicamente pelo(a) Dep. Pompeo de Mattos<br \/>\nApresenta\u00e7\u00e3o: 03\/11\/2025 13:57:43.420 &#8211; Mesa<br \/>\n*CD254442198800* PL n.5587\/2025<br \/>C\u00c2MARA DOS DEPUTADOS<br \/>\nGabinete do Deputado POMPEO DE MATTOS \u2013 PDT\/RS<br \/>\na verdadeira literatura brasileira n\u00e3o se limita ao papel impresso \u2014 ela tamb\u00e9m<br \/>\nvive na voz dos poetas que, em cada rima improvisada, perpetuam a l\u00edngua, o<br \/>\nhumor, a cr\u00edtica e a esperan\u00e7a do povo.<br \/>\nAssim, a aprova\u00e7\u00e3o desta proposi\u00e7\u00e3o significa elevar \u00e0 dignidade<br \/>\nda lei uma das mais belas e antigas manifesta\u00e7\u00f5es do esp\u00edrito criador nacional<br \/>\n\u2014 uma arte que, nascida do povo e feita pelo povo, continua a ressoar como<br \/>\ntestemunho da nossa pluralidade e da nossa cultura viva.<br \/>\nBras\u00edlia,         de novembro de 2025.<br \/>\nPOMPEO DE MATTOS<br \/>\nDeputado Federal<br \/>\nPDT\/RS<br \/>\nGabinete 704, Anexo IV da C\u00e2mara dos Deputados &#8211; Pra\u00e7a dos Tr\u00eas Poderes<br \/>\nBras\u00edlia &#8211; DF \u2013 CEP: 70160-900 \u2022 (61) 3215-5704 \u2013 3215-2704<br \/>\nPara verificar a assinatura, acesse https:\/\/infoleg-autenticidade-assinatura.camara.leg.br\/CD254442198800<br \/>\nAssinado eletronicamente pelo(a) Dep. Pompeo de Mattos<br \/>\nApresenta\u00e7\u00e3o: 03\/11\/2025 13:57:43.420 &#8211; Mesa<br \/>\n*CD254442198800* PL n.5587\/2025<\/article>\n<p><a href='https:\/\/app.legislapp.com.br\/#\/busca?termo=Reconhecimento'>Reconhecimento<\/a>, <a href='https:\/\/app.legislapp.com.br\/#\/busca?termo=Poesia'>Poesia<\/a>, <a href='https:\/\/app.legislapp.com.br\/#\/busca?termo=Manifesta\u00e7\u00e3o cultural'>Manifesta\u00e7\u00e3o cultural<\/a>, <a href='https:\/\/app.legislapp.com.br\/#\/busca?termo=Express\u00e3o art\u00edstica'>Express\u00e3o art\u00edstica<\/a>, <a href='https:\/\/app.legislapp.com.br\/#\/busca?termo=Tradi\u00e7\u00e3o cultural'>Tradi\u00e7\u00e3o cultural<\/a>, <a href='https:\/\/app.legislapp.com.br\/#\/busca?termo=Literatura brasileira'>Literatura brasileira<\/a>, <a href='https:\/\/app.legislapp.com.br\/#\/busca?termo=Identidade cultural.'>Identidade cultural.<\/a><\/p>\n<div style=\"text-align: center\">\n      <img decoding=\"async\" style=\"width: 14%;\" src=\"https:\/\/www.legislapp.com.br\/wp-content\/uploads\/2021\/07\/Logo-Legislapp-1-03-1.png\"><br \/>\n      <\/p>\n<div style=\"margin-bottom: 20px;\" class=\"et_pb_button_module_wrapper et_pb_button_5_tb_body_wrapper et_pb_button_alignment_center et_pb_module \">\n         <a class=\"et_pb_button et_pb_button_5_tb_body et_hover_enabled et_pb_bg_layout_dark\" style=\"width: 50%;background-color: black;\" href=\"https:\/\/app.legislapp.com.br\" target=\"_blank\" rel=\"noopener\">Visualizar completo na nossa plataforma (30 dias gr\u00e1tis)<\/a><\/p><\/div>\n<p>      <a href=\"https:\/\/play.google.com\/store\/apps\/details?id=br.com.legislapp\"><img decoding=\"async\" style=\"width: 15%; min-width: 130px;\" src=\"https:\/\/www.legislapp.com.br\/wp-content\/uploads\/google-play.png\"><\/a><br \/>\n      <a href=\"https:\/\/apps.apple.com\/us\/app\/legislapp\/id1568929859\"><img decoding=\"async\" style=\"width: 15%; min-width: 130px\" src=\"https:\/\/www.legislapp.com.br\/wp-content\/uploads\/apple-store.png\"><\/a>\n   <\/div>\n","protected":false},"excerpt":{"rendered":"<p>Avulso Inicial &#8211; Autoria de Pompeo de Mattos C\u00c2MARA DOS DEPUTADOS Gabinete do Deputado POMPEO DE MATTOS \u2013 PDT\/RS PROJETO DE LEI N\u00b0 de 2025. (Deputado Pompeo de Mattos) Reconhece a Poesia Oral Improvisada como manifesta\u00e7\u00e3o da cultura nacional e express\u00e3o viva da tradi\u00e7\u00e3o liter\u00e1ria popular do Brasil. O Congresso Nacional decreta: Art. 1\u00ba Fica [&hellip;]<\/p>\n","protected":false},"author":1,"featured_media":0,"parent":0,"menu_order":0,"comment_status":"closed","ping_status":"closed","template":"page-template-blank.php","meta":{"_et_pb_use_builder":"","_et_pb_old_content":"","_et_gb_content_width":"1080","ngg_post_thumbnail":0,"footnotes":""},"class_list":["post-10069","page","type-page","status-publish","hentry"],"yoast_head":"<!-- This site is optimized with the Yoast SEO plugin v24.4 - https:\/\/yoast.com\/wordpress\/plugins\/seo\/ -->\n<title>Avulso Inicial - PL 5587\/2025 - C\u00e2mara - Legislapp<\/title>\n<meta name=\"robots\" content=\"index, follow, max-snippet:-1, max-image-preview:large, max-video-preview:-1\" \/>\n<link rel=\"canonical\" href=\"https:\/\/www.legislapp.com.br\/index.php\/avulso-inicial-pl-5587-2025-camara\/\" \/>\n<meta property=\"og:locale\" content=\"pt_BR\" \/>\n<meta property=\"og:type\" content=\"article\" \/>\n<meta property=\"og:title\" content=\"Avulso Inicial - PL 5587\/2025 - C\u00e2mara - Legislapp\" \/>\n<meta property=\"og:description\" content=\"Avulso Inicial &#8211; Autoria de Pompeo de Mattos C\u00c2MARA DOS DEPUTADOS Gabinete do Deputado POMPEO DE MATTOS \u2013 PDT\/RS PROJETO DE LEI N\u00b0 de 2025. (Deputado Pompeo de Mattos) Reconhece a Poesia Oral Improvisada como manifesta\u00e7\u00e3o da cultura nacional e express\u00e3o viva da tradi\u00e7\u00e3o liter\u00e1ria popular do Brasil. O Congresso Nacional decreta: Art. 1\u00ba Fica [&hellip;]\" \/>\n<meta property=\"og:url\" content=\"https:\/\/www.legislapp.com.br\/index.php\/avulso-inicial-pl-5587-2025-camara\/\" \/>\n<meta property=\"og:site_name\" content=\"Legislapp\" \/>\n<meta property=\"article:publisher\" content=\"https:\/\/www.instagram.com\/legislapp\/\" \/>\n<meta property=\"og:image\" content=\"https:\/\/www.legislapp.com.br\/wp-content\/uploads\/2021\/07\/Logo-Legislapp-1-03-1.png\" \/>\n<meta name=\"twitter:card\" content=\"summary_large_image\" \/>\n<meta name=\"twitter:label1\" content=\"Est. tempo de leitura\" \/>\n\t<meta name=\"twitter:data1\" content=\"6 minutos\" \/>\n<script type=\"application\/ld+json\" class=\"yoast-schema-graph\">{\"@context\":\"https:\/\/schema.org\",\"@graph\":[{\"@type\":\"WebPage\",\"@id\":\"https:\/\/www.legislapp.com.br\/index.php\/avulso-inicial-pl-5587-2025-camara\/\",\"url\":\"https:\/\/www.legislapp.com.br\/index.php\/avulso-inicial-pl-5587-2025-camara\/\",\"name\":\"Avulso Inicial - PL 5587\/2025 - C\u00e2mara - Legislapp\",\"isPartOf\":{\"@id\":\"https:\/\/www.legislapp.com.br\/#website\"},\"primaryImageOfPage\":{\"@id\":\"https:\/\/www.legislapp.com.br\/index.php\/avulso-inicial-pl-5587-2025-camara\/#primaryimage\"},\"image\":{\"@id\":\"https:\/\/www.legislapp.com.br\/index.php\/avulso-inicial-pl-5587-2025-camara\/#primaryimage\"},\"thumbnailUrl\":\"https:\/\/www.legislapp.com.br\/wp-content\/uploads\/2021\/07\/Logo-Legislapp-1-03-1.png\",\"datePublished\":\"2025-12-01T13:59:42+00:00\",\"breadcrumb\":{\"@id\":\"https:\/\/www.legislapp.com.br\/index.php\/avulso-inicial-pl-5587-2025-camara\/#breadcrumb\"},\"inLanguage\":\"pt-BR\",\"potentialAction\":[{\"@type\":\"ReadAction\",\"target\":[\"https:\/\/www.legislapp.com.br\/index.php\/avulso-inicial-pl-5587-2025-camara\/\"]}]},{\"@type\":\"ImageObject\",\"inLanguage\":\"pt-BR\",\"@id\":\"https:\/\/www.legislapp.com.br\/index.php\/avulso-inicial-pl-5587-2025-camara\/#primaryimage\",\"url\":\"https:\/\/www.legislapp.com.br\/wp-content\/uploads\/2021\/07\/Logo-Legislapp-1-03-1.png\",\"contentUrl\":\"https:\/\/www.legislapp.com.br\/wp-content\/uploads\/2021\/07\/Logo-Legislapp-1-03-1.png\",\"width\":2679,\"height\":2697},{\"@type\":\"BreadcrumbList\",\"@id\":\"https:\/\/www.legislapp.com.br\/index.php\/avulso-inicial-pl-5587-2025-camara\/#breadcrumb\",\"itemListElement\":[{\"@type\":\"ListItem\",\"position\":1,\"name\":\"In\u00edcio\",\"item\":\"https:\/\/www.legislapp.com.br\/\"},{\"@type\":\"ListItem\",\"position\":2,\"name\":\"Avulso Inicial &#8211; PL 5587\/2025 &#8211; C\u00e2mara\"}]},{\"@type\":\"WebSite\",\"@id\":\"https:\/\/www.legislapp.com.br\/#website\",\"url\":\"https:\/\/www.legislapp.com.br\/\",\"name\":\"Legislapp\",\"description\":\"Intelig\u00eancia governamental em tempo real\",\"publisher\":{\"@id\":\"https:\/\/www.legislapp.com.br\/#organization\"},\"potentialAction\":[{\"@type\":\"SearchAction\",\"target\":{\"@type\":\"EntryPoint\",\"urlTemplate\":\"https:\/\/www.legislapp.com.br\/?s={search_term_string}\"},\"query-input\":{\"@type\":\"PropertyValueSpecification\",\"valueRequired\":true,\"valueName\":\"search_term_string\"}}],\"inLanguage\":\"pt-BR\"},{\"@type\":\"Organization\",\"@id\":\"https:\/\/www.legislapp.com.br\/#organization\",\"name\":\"Legislapp Monitoramento e Intelig\u00eancia Governamental\",\"url\":\"https:\/\/www.legislapp.com.br\/\",\"logo\":{\"@type\":\"ImageObject\",\"inLanguage\":\"pt-BR\",\"@id\":\"https:\/\/www.legislapp.com.br\/#\/schema\/logo\/image\/\",\"url\":\"https:\/\/www.legislapp.com.br\/wp-content\/uploads\/icon.png\",\"contentUrl\":\"https:\/\/www.legislapp.com.br\/wp-content\/uploads\/icon.png\",\"width\":1024,\"height\":1024,\"caption\":\"Legislapp Monitoramento e Intelig\u00eancia Governamental\"},\"image\":{\"@id\":\"https:\/\/www.legislapp.com.br\/#\/schema\/logo\/image\/\"},\"sameAs\":[\"https:\/\/www.instagram.com\/legislapp\/\"]}]}<\/script>\n<!-- \/ Yoast SEO plugin. -->","yoast_head_json":{"title":"Avulso Inicial - PL 5587\/2025 - C\u00e2mara - Legislapp","robots":{"index":"index","follow":"follow","max-snippet":"max-snippet:-1","max-image-preview":"max-image-preview:large","max-video-preview":"max-video-preview:-1"},"canonical":"https:\/\/www.legislapp.com.br\/index.php\/avulso-inicial-pl-5587-2025-camara\/","og_locale":"pt_BR","og_type":"article","og_title":"Avulso Inicial - PL 5587\/2025 - C\u00e2mara - Legislapp","og_description":"Avulso Inicial &#8211; Autoria de Pompeo de Mattos C\u00c2MARA DOS DEPUTADOS Gabinete do Deputado POMPEO DE MATTOS \u2013 PDT\/RS PROJETO DE LEI N\u00b0 de 2025. (Deputado Pompeo de Mattos) Reconhece a Poesia Oral Improvisada como manifesta\u00e7\u00e3o da cultura nacional e express\u00e3o viva da tradi\u00e7\u00e3o liter\u00e1ria popular do Brasil. O Congresso Nacional decreta: Art. 1\u00ba Fica [&hellip;]","og_url":"https:\/\/www.legislapp.com.br\/index.php\/avulso-inicial-pl-5587-2025-camara\/","og_site_name":"Legislapp","article_publisher":"https:\/\/www.instagram.com\/legislapp\/","og_image":[{"url":"https:\/\/www.legislapp.com.br\/wp-content\/uploads\/2021\/07\/Logo-Legislapp-1-03-1.png","type":"","width":"","height":""}],"twitter_card":"summary_large_image","twitter_misc":{"Est. tempo de leitura":"6 minutos"},"schema":{"@context":"https:\/\/schema.org","@graph":[{"@type":"WebPage","@id":"https:\/\/www.legislapp.com.br\/index.php\/avulso-inicial-pl-5587-2025-camara\/","url":"https:\/\/www.legislapp.com.br\/index.php\/avulso-inicial-pl-5587-2025-camara\/","name":"Avulso Inicial - PL 5587\/2025 - C\u00e2mara - Legislapp","isPartOf":{"@id":"https:\/\/www.legislapp.com.br\/#website"},"primaryImageOfPage":{"@id":"https:\/\/www.legislapp.com.br\/index.php\/avulso-inicial-pl-5587-2025-camara\/#primaryimage"},"image":{"@id":"https:\/\/www.legislapp.com.br\/index.php\/avulso-inicial-pl-5587-2025-camara\/#primaryimage"},"thumbnailUrl":"https:\/\/www.legislapp.com.br\/wp-content\/uploads\/2021\/07\/Logo-Legislapp-1-03-1.png","datePublished":"2025-12-01T13:59:42+00:00","breadcrumb":{"@id":"https:\/\/www.legislapp.com.br\/index.php\/avulso-inicial-pl-5587-2025-camara\/#breadcrumb"},"inLanguage":"pt-BR","potentialAction":[{"@type":"ReadAction","target":["https:\/\/www.legislapp.com.br\/index.php\/avulso-inicial-pl-5587-2025-camara\/"]}]},{"@type":"ImageObject","inLanguage":"pt-BR","@id":"https:\/\/www.legislapp.com.br\/index.php\/avulso-inicial-pl-5587-2025-camara\/#primaryimage","url":"https:\/\/www.legislapp.com.br\/wp-content\/uploads\/2021\/07\/Logo-Legislapp-1-03-1.png","contentUrl":"https:\/\/www.legislapp.com.br\/wp-content\/uploads\/2021\/07\/Logo-Legislapp-1-03-1.png","width":2679,"height":2697},{"@type":"BreadcrumbList","@id":"https:\/\/www.legislapp.com.br\/index.php\/avulso-inicial-pl-5587-2025-camara\/#breadcrumb","itemListElement":[{"@type":"ListItem","position":1,"name":"In\u00edcio","item":"https:\/\/www.legislapp.com.br\/"},{"@type":"ListItem","position":2,"name":"Avulso Inicial &#8211; PL 5587\/2025 &#8211; C\u00e2mara"}]},{"@type":"WebSite","@id":"https:\/\/www.legislapp.com.br\/#website","url":"https:\/\/www.legislapp.com.br\/","name":"Legislapp","description":"Intelig\u00eancia governamental em tempo real","publisher":{"@id":"https:\/\/www.legislapp.com.br\/#organization"},"potentialAction":[{"@type":"SearchAction","target":{"@type":"EntryPoint","urlTemplate":"https:\/\/www.legislapp.com.br\/?s={search_term_string}"},"query-input":{"@type":"PropertyValueSpecification","valueRequired":true,"valueName":"search_term_string"}}],"inLanguage":"pt-BR"},{"@type":"Organization","@id":"https:\/\/www.legislapp.com.br\/#organization","name":"Legislapp Monitoramento e Intelig\u00eancia Governamental","url":"https:\/\/www.legislapp.com.br\/","logo":{"@type":"ImageObject","inLanguage":"pt-BR","@id":"https:\/\/www.legislapp.com.br\/#\/schema\/logo\/image\/","url":"https:\/\/www.legislapp.com.br\/wp-content\/uploads\/icon.png","contentUrl":"https:\/\/www.legislapp.com.br\/wp-content\/uploads\/icon.png","width":1024,"height":1024,"caption":"Legislapp Monitoramento e Intelig\u00eancia Governamental"},"image":{"@id":"https:\/\/www.legislapp.com.br\/#\/schema\/logo\/image\/"},"sameAs":["https:\/\/www.instagram.com\/legislapp\/"]}]}},"_links":{"self":[{"href":"https:\/\/www.legislapp.com.br\/index.php\/wp-json\/wp\/v2\/pages\/10069","targetHints":{"allow":["GET"]}}],"collection":[{"href":"https:\/\/www.legislapp.com.br\/index.php\/wp-json\/wp\/v2\/pages"}],"about":[{"href":"https:\/\/www.legislapp.com.br\/index.php\/wp-json\/wp\/v2\/types\/page"}],"author":[{"embeddable":true,"href":"https:\/\/www.legislapp.com.br\/index.php\/wp-json\/wp\/v2\/users\/1"}],"replies":[{"embeddable":true,"href":"https:\/\/www.legislapp.com.br\/index.php\/wp-json\/wp\/v2\/comments?post=10069"}],"version-history":[{"count":0,"href":"https:\/\/www.legislapp.com.br\/index.php\/wp-json\/wp\/v2\/pages\/10069\/revisions"}],"wp:attachment":[{"href":"https:\/\/www.legislapp.com.br\/index.php\/wp-json\/wp\/v2\/media?parent=10069"}],"curies":[{"name":"wp","href":"https:\/\/api.w.org\/{rel}","templated":true}]}}