{"id":10070,"date":"2025-12-01T10:59:46","date_gmt":"2025-12-01T13:59:46","guid":{"rendered":"https:\/\/www.legislapp.com.br\/index.php\/avulso-inicial-pl-5748-2025-camara\/"},"modified":"2025-12-01T10:59:46","modified_gmt":"2025-12-01T13:59:46","slug":"avulso-inicial-pl-5748-2025-camara","status":"publish","type":"page","link":"https:\/\/www.legislapp.com.br\/index.php\/avulso-inicial-pl-5748-2025-camara\/","title":{"rendered":"Avulso Inicial &#8211; PL 5748\/2025 &#8211; C\u00e2mara"},"content":{"rendered":"<h1 style='text-align: center;'>Avulso Inicial &#8211; Autoria de Helio Lopes<\/h3>\n<p><\/p>\n<article>PROJETO DE LEI N\u00ba               , DE 2025<br \/>\n(Do Senhor Helio Lopes)<br \/>\nAltera o art. 359-J do Decreto-Lei n\u00ba<br \/>\n2.848, de 7 de dezembro de 1940<br \/>\n(C\u00f3digo Penal), para incluir o dom\u00ednio<br \/>\nterritorial de fato e a institui\u00e7\u00e3o de regras<br \/>\npr\u00f3prias por organiza\u00e7\u00f5es criminosas,<br \/>\nmil\u00edcias ou grupos terroristas como<br \/>\nforma de viola\u00e7\u00e3o da soberania e da<br \/>\nintegridade territorial do Estado<br \/>\nbrasileiro.<\/p>\n<p> O CONGRESSO NACIONAL decreta:<br \/>\nArt. 1\u00ba O art. 359-J do Decreto-Lei n\u00ba 2.848, de 7 de dezembro de 1940 (C\u00f3digo<br \/>\nPenal), passa a vigorar com a seguinte reda\u00e7\u00e3o:<br \/>\n\u201cArt. 359-J. Praticar viol\u00eancia ou grave amea\u00e7a com a finalidade de desmembrar<br \/>\nparte do territ\u00f3rio nacional para constituir pa\u00eds independente, ou de estabelecer, em<br \/>\nqualquer extens\u00e3o territorial, dom\u00ednio de fato com institui\u00e7\u00e3o de leis, normas, costumes<br \/>\nou regras pr\u00f3prias, em afronta \u00e0s vigentes no Estado brasileiro, de modo a criar ou<br \/>\nmanter autoridade paralela, ainda que restrita a bairro, comunidade ou regi\u00e3o.<br \/>\nPena \u2013 reclus\u00e3o, de 4 (quatro) a 12 (doze) anos, al\u00e9m da pena correspondente \u00e0<br \/>\nviol\u00eancia.<br \/>\n\u00a7 1\u00ba A pena \u00e9 aumentada de um ter\u00e7o se o crime for cometido mediante grave<br \/>\namea\u00e7a, viol\u00eancia, uso de armas, barricadas, bloqueios, valas, muros, entulhos, ve\u00edculos<br \/>\nou quaisquer outros obst\u00e1culos destinados a impedir ou restringir a atua\u00e7\u00e3o de agentes<br \/>\np\u00fablicos ou a presen\u00e7a do Estado, inclusive para quem financiar, ordenar ou auxiliar a<br \/>\ninstala\u00e7\u00e3o ou manuten\u00e7\u00e3o dessas estruturas com essa finalidade.<br \/>\n\u00a7 2\u00ba A pena ser\u00e1 aumentada de metade at\u00e9 o dobro se:<br \/>\nPara verificar a assinatura, acesse https:\/\/infoleg-autenticidade-assinatura.camara.leg.br\/CD252125765600<br \/>\nAssinado eletronicamente pelo(a) Dep. Helio Lopes<br \/>\nApresenta\u00e7\u00e3o: 07\/11\/2025 16:43:41.680 &#8211; Mesa<br \/>\n*CD252125765600* PL n.5748\/2025<br \/>I \u2013 o dom\u00ednio territorial for estabelecido ou mantido com emprego de<br \/>\narmamento de uso restrito, explosivos ou artefatos b\u00e9licos;<br \/>\nII \u2013 resultar em les\u00e3o corporal ou morte de agente p\u00fablico ou de morador local;<br \/>\nou<br \/>\nIII \u2013 houver reconstru\u00e7\u00e3o ou reinstala\u00e7\u00e3o de barricadas ou fortifica\u00e7\u00f5es ap\u00f3s<br \/>\nopera\u00e7\u00e3o de desobstru\u00e7\u00e3o oficial.\u201d<br \/>\nArt. 2\u00ba Esta Lei entra em vigor na data de sua publica\u00e7\u00e3o.<br \/>\nJUSTIFICA\u00c7\u00c3O<br \/>\nA ocupa\u00e7\u00e3o, bloqueio e controle f\u00edsico de vias urbanas e rurais por meio de<br \/>\nbarricadas, constru\u00eddas ou mantidas por organiza\u00e7\u00f5es criminosas, configuram uma<br \/>\ngrave afronta \u00e0 soberania do Estado brasileiro e \u00e0 integridade dos territ\u00f3rios nacionais<br \/>\nem que se instalam formas de poder paralelo.<br \/>\nNo contexto do Rio de Janeiro, \u00e9 recorrente a atua\u00e7\u00e3o de fac\u00e7\u00f5es criminosas que<br \/>\nerguem obst\u00e1culos como muros de entulho, ve\u00edculos queimados, valas ou barreiras<br \/>\nimprovisadas. Esses dispositivos comp\u00f5em a din\u00e2mica da \u201cterritorializa\u00e7\u00e3o do crime\u201d,<br \/>\nespecialmente em favelas e comunidades sob dom\u00ednio de redes de tr\u00e1fico.<br \/>\n1<br \/>\nConforme reportagem da Ag\u00eancia P\u00fablica , durante a megaopera\u00e7\u00e3o realizada<br \/>\nem outubro de 2025 nos complexos da Penha e do Alem\u00e3o, pelo menos 71 ve\u00edculos<br \/>\nforam utilizados como barricadas, segundo informa\u00e7\u00f5es de empresas de transporte da<br \/>\ncapital. O texto ressalta que a a\u00e7\u00e3o ocorreu seis meses ap\u00f3s a decis\u00e3o do Supremo<br \/>\nTribunal Federal (STF) que reconheceu n\u00e3o mais haver \u201cestado inconstitucional\u201d na<br \/>\nseguran\u00e7a p\u00fablica fluminense e determinou um plano para \u201crecuperar territ\u00f3rios\u201d antes<br \/>\ndominados pelo crime organizado.<br \/>\nEssas barreiras funcionam como instrumentos de resist\u00eancia \u00e0 presen\u00e7a estatal e<br \/>\nmecanismos de prote\u00e7\u00e3o log\u00edstica de organiza\u00e7\u00f5es criminosas, dificultando o acesso das<br \/>\nfor\u00e7as de seguran\u00e7a, controlando o fluxo de pessoas, armas e drogas e instituindo zonas<br \/>\nde exclus\u00e3o da autoridade p\u00fablica.<br \/>\n1<br \/>\n AG\u00caNCIA P\u00daBLICA. RJ tem opera\u00e7\u00e3o mais letal de sua hist\u00f3ria seis meses ap\u00f3s reviravolta na ADPF das<br \/>\nFavelas. Catarina Duarte; Paulo Batistella; Ponte Jornalismo. 29 out. 2025. Dispon\u00edvel em:<br \/>\nhttps:\/\/apublica.org\/2025\/10\/rj-tem-operacao-mais-letal-de-sua-historia-seis-meses-apos-reviravolta-na-adpf-das-<br \/>\nfavelas\/. Acesso em: 5 nov. 2025.<br \/>\nPara verificar a assinatura, acesse https:\/\/infoleg-autenticidade-assinatura.camara.leg.br\/CD252125765600<br \/>\nAssinado eletronicamente pelo(a) Dep. Helio Lopes<br \/>\nApresenta\u00e7\u00e3o: 07\/11\/2025 16:43:41.680 &#8211; Mesa<br \/>\n*CD252125765600* PL n.5748\/2025<br \/>2<br \/>\nSegundo pesquisa da AtlasIntel, divulgada pela CNN Brasil , 87,6% dos<br \/>\nmoradores de favelas do Rio de Janeiro aprovaram a megaopera\u00e7\u00e3o que resultou em 121<br \/>\nmortos \u2014 indicativo do n\u00edvel de inseguran\u00e7a e da demanda social por interven\u00e7\u00e3o<br \/>\nestatal.<br \/>\n3<br \/>\nA gravidade do quadro \u00e9 refor\u00e7ada por an\u00e1lise publicada na Gazeta do Povo ,<br \/>\nsegundo a qual, \u201cpor meio da ADPF 635, o STF imp\u00f4s uma s\u00e9rie de restri\u00e7\u00f5es ao<br \/>\ningresso das for\u00e7as policiais nas comunidades do Rio de Janeiro entre junho de 2020 e<br \/>\nabril deste ano, reeditiando, na pr\u00e1tica, a pol\u00edtica de Brizola\u201d, o que teria favorecido a<br \/>\nexpans\u00e3o territorial de fac\u00e7\u00f5es e dificultado a reconquista de \u00e1reas pelo Estado.<br \/>\nDiante desse cen\u00e1rio, imp\u00f5e-se a necessidade de tipificar de modo expresso o<br \/>\ndom\u00ednio territorial il\u00edcito exercido por grupos armados que instituem regras pr\u00f3prias e<br \/>\nsubstituem a autoridade estatal. A nova reda\u00e7\u00e3o do art. 359-J passa a abranger tanto o<br \/>\ndesmembramento pol\u00edtico do territ\u00f3rio nacional quanto o desmembramento de fato,<br \/>\nverificado quando organiza\u00e7\u00f5es criminosas ou terroristas assumem o controle de<br \/>\ndeterminadas \u00e1reas, criando \u201cmicro-Estados\u201d que negam a vig\u00eancia das leis nacionais.<br \/>\n O novo \u00a7 1\u00ba estabelece aumento de um ter\u00e7o da pena para casos em que o crime<br \/>\nfor cometido mediante grave amea\u00e7a, viol\u00eancia, uso de armas ou bloqueios f\u00edsicos,<br \/>\nabrangendo tamb\u00e9m quem financiar, ordenar ou auxiliar a instala\u00e7\u00e3o dessas estruturas<br \/>\ncom o prop\u00f3sito de restringir a a\u00e7\u00e3o estatal. J\u00e1 o \u00a7 2\u00ba prev\u00ea majora\u00e7\u00e3o de metade at\u00e9 o<br \/>\ndobro nas hip\u00f3teses mais graves, como o uso de armamento restrito, o resultado letal ou<br \/>\na reconstru\u00e7\u00e3o de barricadas ap\u00f3s a\u00e7\u00f5es de desobstru\u00e7\u00e3o.<br \/>\nAo criminalizar essas pr\u00e1ticas, a proposi\u00e7\u00e3o reafirma o monop\u00f3lio leg\u00edtimo da<br \/>\nfor\u00e7a, protege a popula\u00e7\u00e3o residente em \u00e1reas vulner\u00e1veis e fortalece o Estado<br \/>\nDemocr\u00e1tico de Direito, impedindo que grupos armados consolidem poderes paralelos<br \/>\nsobre parcelas do territ\u00f3rio nacional.<br \/>\n2<br \/>\n CNN BRASIL. Pesquisa: 8 em cada 10 moradores de favelas no Rio aprovam megaopera\u00e7\u00e3o. 31 out. 2025.<br \/>\nDispon\u00edvel em: https:\/\/www.cnnbrasil.com.br\/nacional\/sudeste\/rj\/pesquisa-8-em-cada-10-moradores-de-favelas-no-<br \/>\nrio-aprovam-megaoperacao\/. Acesso em: 5 nov. 2025.<br \/>\n3<br \/>\n GAZETA DO POVO. Rio de Janeiro: como o STF contribuiu para o caos na seguran\u00e7a p\u00fablica do Estado.<br \/>\nGabriel Sestrem. 29 out. 2025. Dispon\u00edvel em: https:\/\/www.gazetadopovo.com.br\/vida-e-cidadania\/rio-de-janeiro-<br \/>\ncomo-stf-contribuiu-para-caos-seguranca-publica-estado\/. Acesso em: 5 nov. 2025.<\/p>\n<p>Para verificar a assinatura, acesse https:\/\/infoleg-autenticidade-assinatura.camara.leg.br\/CD252125765600<br \/>\nAssinado eletronicamente pelo(a) Dep. Helio Lopes<br \/>\nApresenta\u00e7\u00e3o: 07\/11\/2025 16:43:41.680 &#8211; Mesa<br \/>\n*CD252125765600* PL n.5748\/2025<br \/>Diante do exposto, conto com o apoio dos nobres Pares para a aprova\u00e7\u00e3o desta<br \/>\nimportante iniciativa em defesa da soberania nacional e da autoridade do Estado<br \/>\nbrasileiro.<br \/>\nSala das Sess\u00f5es, em 07 de novembro de 2025.<br \/>\nDeputado HELIO LOPES<br \/>\nPL &#8211; RJ<\/p>\n<p>Para verificar a assinatura, acesse https:\/\/infoleg-autenticidade-assinatura.camara.leg.br\/CD252125765600<br \/>\nAssinado eletronicamente pelo(a) Dep. Helio Lopes<br \/>\nApresenta\u00e7\u00e3o: 07\/11\/2025 16:43:41.680 &#8211; Mesa<br \/>\n*CD252125765600* PL n.5748\/2025<\/article>\n<p><a href='https:\/\/app.legislapp.com.br\/#\/busca?termo='><\/a><\/p>\n<div style=\"text-align: center\">\n      <img decoding=\"async\" style=\"width: 14%;\" src=\"https:\/\/www.legislapp.com.br\/wp-content\/uploads\/2021\/07\/Logo-Legislapp-1-03-1.png\"><br \/>\n      <\/p>\n<div style=\"margin-bottom: 20px;\" class=\"et_pb_button_module_wrapper et_pb_button_5_tb_body_wrapper et_pb_button_alignment_center et_pb_module \">\n         <a class=\"et_pb_button et_pb_button_5_tb_body et_hover_enabled et_pb_bg_layout_dark\" style=\"width: 50%;background-color: black;\" href=\"https:\/\/app.legislapp.com.br\" target=\"_blank\" rel=\"noopener\">Visualizar completo na nossa plataforma (30 dias gr\u00e1tis)<\/a><\/p><\/div>\n<p>      <a href=\"https:\/\/play.google.com\/store\/apps\/details?id=br.com.legislapp\"><img decoding=\"async\" style=\"width: 15%; min-width: 130px;\" src=\"https:\/\/www.legislapp.com.br\/wp-content\/uploads\/google-play.png\"><\/a><br \/>\n      <a href=\"https:\/\/apps.apple.com\/us\/app\/legislapp\/id1568929859\"><img decoding=\"async\" style=\"width: 15%; min-width: 130px\" src=\"https:\/\/www.legislapp.com.br\/wp-content\/uploads\/apple-store.png\"><\/a>\n   <\/div>\n","protected":false},"excerpt":{"rendered":"<p>Avulso Inicial &#8211; Autoria de Helio Lopes PROJETO DE LEI N\u00ba , DE 2025 (Do Senhor Helio Lopes) Altera o art. 359-J do Decreto-Lei n\u00ba 2.848, de 7 de dezembro de 1940 (C\u00f3digo Penal), para incluir o dom\u00ednio territorial de fato e a institui\u00e7\u00e3o de regras pr\u00f3prias por organiza\u00e7\u00f5es criminosas, mil\u00edcias ou grupos terroristas como [&hellip;]<\/p>\n","protected":false},"author":1,"featured_media":0,"parent":0,"menu_order":0,"comment_status":"closed","ping_status":"closed","template":"page-template-blank.php","meta":{"_et_pb_use_builder":"","_et_pb_old_content":"","_et_gb_content_width":"1080","ngg_post_thumbnail":0,"footnotes":""},"class_list":["post-10070","page","type-page","status-publish","hentry"],"yoast_head":"<!-- This site is optimized with the Yoast SEO plugin v24.4 - https:\/\/yoast.com\/wordpress\/plugins\/seo\/ -->\n<title>Avulso Inicial - PL 5748\/2025 - C\u00e2mara - Legislapp<\/title>\n<meta name=\"robots\" content=\"index, follow, max-snippet:-1, max-image-preview:large, max-video-preview:-1\" \/>\n<link rel=\"canonical\" href=\"https:\/\/www.legislapp.com.br\/index.php\/avulso-inicial-pl-5748-2025-camara\/\" \/>\n<meta property=\"og:locale\" content=\"pt_BR\" \/>\n<meta property=\"og:type\" content=\"article\" \/>\n<meta property=\"og:title\" content=\"Avulso Inicial - PL 5748\/2025 - C\u00e2mara - Legislapp\" \/>\n<meta property=\"og:description\" content=\"Avulso Inicial &#8211; Autoria de Helio Lopes PROJETO DE LEI N\u00ba , DE 2025 (Do Senhor Helio Lopes) Altera o art. 359-J do Decreto-Lei n\u00ba 2.848, de 7 de dezembro de 1940 (C\u00f3digo Penal), para incluir o dom\u00ednio territorial de fato e a institui\u00e7\u00e3o de regras pr\u00f3prias por organiza\u00e7\u00f5es criminosas, mil\u00edcias ou grupos terroristas como [&hellip;]\" \/>\n<meta property=\"og:url\" content=\"https:\/\/www.legislapp.com.br\/index.php\/avulso-inicial-pl-5748-2025-camara\/\" \/>\n<meta property=\"og:site_name\" content=\"Legislapp\" \/>\n<meta property=\"article:publisher\" content=\"https:\/\/www.instagram.com\/legislapp\/\" \/>\n<meta property=\"og:image\" content=\"https:\/\/www.legislapp.com.br\/wp-content\/uploads\/2021\/07\/Logo-Legislapp-1-03-1.png\" \/>\n<meta name=\"twitter:card\" content=\"summary_large_image\" \/>\n<meta name=\"twitter:label1\" content=\"Est. tempo de leitura\" \/>\n\t<meta name=\"twitter:data1\" content=\"6 minutos\" \/>\n<script type=\"application\/ld+json\" class=\"yoast-schema-graph\">{\"@context\":\"https:\/\/schema.org\",\"@graph\":[{\"@type\":\"WebPage\",\"@id\":\"https:\/\/www.legislapp.com.br\/index.php\/avulso-inicial-pl-5748-2025-camara\/\",\"url\":\"https:\/\/www.legislapp.com.br\/index.php\/avulso-inicial-pl-5748-2025-camara\/\",\"name\":\"Avulso Inicial - PL 5748\/2025 - C\u00e2mara - Legislapp\",\"isPartOf\":{\"@id\":\"https:\/\/www.legislapp.com.br\/#website\"},\"primaryImageOfPage\":{\"@id\":\"https:\/\/www.legislapp.com.br\/index.php\/avulso-inicial-pl-5748-2025-camara\/#primaryimage\"},\"image\":{\"@id\":\"https:\/\/www.legislapp.com.br\/index.php\/avulso-inicial-pl-5748-2025-camara\/#primaryimage\"},\"thumbnailUrl\":\"https:\/\/www.legislapp.com.br\/wp-content\/uploads\/2021\/07\/Logo-Legislapp-1-03-1.png\",\"datePublished\":\"2025-12-01T13:59:46+00:00\",\"breadcrumb\":{\"@id\":\"https:\/\/www.legislapp.com.br\/index.php\/avulso-inicial-pl-5748-2025-camara\/#breadcrumb\"},\"inLanguage\":\"pt-BR\",\"potentialAction\":[{\"@type\":\"ReadAction\",\"target\":[\"https:\/\/www.legislapp.com.br\/index.php\/avulso-inicial-pl-5748-2025-camara\/\"]}]},{\"@type\":\"ImageObject\",\"inLanguage\":\"pt-BR\",\"@id\":\"https:\/\/www.legislapp.com.br\/index.php\/avulso-inicial-pl-5748-2025-camara\/#primaryimage\",\"url\":\"https:\/\/www.legislapp.com.br\/wp-content\/uploads\/2021\/07\/Logo-Legislapp-1-03-1.png\",\"contentUrl\":\"https:\/\/www.legislapp.com.br\/wp-content\/uploads\/2021\/07\/Logo-Legislapp-1-03-1.png\",\"width\":2679,\"height\":2697},{\"@type\":\"BreadcrumbList\",\"@id\":\"https:\/\/www.legislapp.com.br\/index.php\/avulso-inicial-pl-5748-2025-camara\/#breadcrumb\",\"itemListElement\":[{\"@type\":\"ListItem\",\"position\":1,\"name\":\"In\u00edcio\",\"item\":\"https:\/\/www.legislapp.com.br\/\"},{\"@type\":\"ListItem\",\"position\":2,\"name\":\"Avulso Inicial &#8211; PL 5748\/2025 &#8211; C\u00e2mara\"}]},{\"@type\":\"WebSite\",\"@id\":\"https:\/\/www.legislapp.com.br\/#website\",\"url\":\"https:\/\/www.legislapp.com.br\/\",\"name\":\"Legislapp\",\"description\":\"Intelig\u00eancia governamental em tempo real\",\"publisher\":{\"@id\":\"https:\/\/www.legislapp.com.br\/#organization\"},\"potentialAction\":[{\"@type\":\"SearchAction\",\"target\":{\"@type\":\"EntryPoint\",\"urlTemplate\":\"https:\/\/www.legislapp.com.br\/?s={search_term_string}\"},\"query-input\":{\"@type\":\"PropertyValueSpecification\",\"valueRequired\":true,\"valueName\":\"search_term_string\"}}],\"inLanguage\":\"pt-BR\"},{\"@type\":\"Organization\",\"@id\":\"https:\/\/www.legislapp.com.br\/#organization\",\"name\":\"Legislapp Monitoramento e Intelig\u00eancia Governamental\",\"url\":\"https:\/\/www.legislapp.com.br\/\",\"logo\":{\"@type\":\"ImageObject\",\"inLanguage\":\"pt-BR\",\"@id\":\"https:\/\/www.legislapp.com.br\/#\/schema\/logo\/image\/\",\"url\":\"https:\/\/www.legislapp.com.br\/wp-content\/uploads\/icon.png\",\"contentUrl\":\"https:\/\/www.legislapp.com.br\/wp-content\/uploads\/icon.png\",\"width\":1024,\"height\":1024,\"caption\":\"Legislapp Monitoramento e Intelig\u00eancia Governamental\"},\"image\":{\"@id\":\"https:\/\/www.legislapp.com.br\/#\/schema\/logo\/image\/\"},\"sameAs\":[\"https:\/\/www.instagram.com\/legislapp\/\"]}]}<\/script>\n<!-- \/ Yoast SEO plugin. -->","yoast_head_json":{"title":"Avulso Inicial - PL 5748\/2025 - C\u00e2mara - Legislapp","robots":{"index":"index","follow":"follow","max-snippet":"max-snippet:-1","max-image-preview":"max-image-preview:large","max-video-preview":"max-video-preview:-1"},"canonical":"https:\/\/www.legislapp.com.br\/index.php\/avulso-inicial-pl-5748-2025-camara\/","og_locale":"pt_BR","og_type":"article","og_title":"Avulso Inicial - PL 5748\/2025 - C\u00e2mara - Legislapp","og_description":"Avulso Inicial &#8211; Autoria de Helio Lopes PROJETO DE LEI N\u00ba , DE 2025 (Do Senhor Helio Lopes) Altera o art. 359-J do Decreto-Lei n\u00ba 2.848, de 7 de dezembro de 1940 (C\u00f3digo Penal), para incluir o dom\u00ednio territorial de fato e a institui\u00e7\u00e3o de regras pr\u00f3prias por organiza\u00e7\u00f5es criminosas, mil\u00edcias ou grupos terroristas como [&hellip;]","og_url":"https:\/\/www.legislapp.com.br\/index.php\/avulso-inicial-pl-5748-2025-camara\/","og_site_name":"Legislapp","article_publisher":"https:\/\/www.instagram.com\/legislapp\/","og_image":[{"url":"https:\/\/www.legislapp.com.br\/wp-content\/uploads\/2021\/07\/Logo-Legislapp-1-03-1.png","type":"","width":"","height":""}],"twitter_card":"summary_large_image","twitter_misc":{"Est. tempo de leitura":"6 minutos"},"schema":{"@context":"https:\/\/schema.org","@graph":[{"@type":"WebPage","@id":"https:\/\/www.legislapp.com.br\/index.php\/avulso-inicial-pl-5748-2025-camara\/","url":"https:\/\/www.legislapp.com.br\/index.php\/avulso-inicial-pl-5748-2025-camara\/","name":"Avulso Inicial - PL 5748\/2025 - C\u00e2mara - Legislapp","isPartOf":{"@id":"https:\/\/www.legislapp.com.br\/#website"},"primaryImageOfPage":{"@id":"https:\/\/www.legislapp.com.br\/index.php\/avulso-inicial-pl-5748-2025-camara\/#primaryimage"},"image":{"@id":"https:\/\/www.legislapp.com.br\/index.php\/avulso-inicial-pl-5748-2025-camara\/#primaryimage"},"thumbnailUrl":"https:\/\/www.legislapp.com.br\/wp-content\/uploads\/2021\/07\/Logo-Legislapp-1-03-1.png","datePublished":"2025-12-01T13:59:46+00:00","breadcrumb":{"@id":"https:\/\/www.legislapp.com.br\/index.php\/avulso-inicial-pl-5748-2025-camara\/#breadcrumb"},"inLanguage":"pt-BR","potentialAction":[{"@type":"ReadAction","target":["https:\/\/www.legislapp.com.br\/index.php\/avulso-inicial-pl-5748-2025-camara\/"]}]},{"@type":"ImageObject","inLanguage":"pt-BR","@id":"https:\/\/www.legislapp.com.br\/index.php\/avulso-inicial-pl-5748-2025-camara\/#primaryimage","url":"https:\/\/www.legislapp.com.br\/wp-content\/uploads\/2021\/07\/Logo-Legislapp-1-03-1.png","contentUrl":"https:\/\/www.legislapp.com.br\/wp-content\/uploads\/2021\/07\/Logo-Legislapp-1-03-1.png","width":2679,"height":2697},{"@type":"BreadcrumbList","@id":"https:\/\/www.legislapp.com.br\/index.php\/avulso-inicial-pl-5748-2025-camara\/#breadcrumb","itemListElement":[{"@type":"ListItem","position":1,"name":"In\u00edcio","item":"https:\/\/www.legislapp.com.br\/"},{"@type":"ListItem","position":2,"name":"Avulso Inicial &#8211; PL 5748\/2025 &#8211; C\u00e2mara"}]},{"@type":"WebSite","@id":"https:\/\/www.legislapp.com.br\/#website","url":"https:\/\/www.legislapp.com.br\/","name":"Legislapp","description":"Intelig\u00eancia governamental em tempo real","publisher":{"@id":"https:\/\/www.legislapp.com.br\/#organization"},"potentialAction":[{"@type":"SearchAction","target":{"@type":"EntryPoint","urlTemplate":"https:\/\/www.legislapp.com.br\/?s={search_term_string}"},"query-input":{"@type":"PropertyValueSpecification","valueRequired":true,"valueName":"search_term_string"}}],"inLanguage":"pt-BR"},{"@type":"Organization","@id":"https:\/\/www.legislapp.com.br\/#organization","name":"Legislapp Monitoramento e Intelig\u00eancia Governamental","url":"https:\/\/www.legislapp.com.br\/","logo":{"@type":"ImageObject","inLanguage":"pt-BR","@id":"https:\/\/www.legislapp.com.br\/#\/schema\/logo\/image\/","url":"https:\/\/www.legislapp.com.br\/wp-content\/uploads\/icon.png","contentUrl":"https:\/\/www.legislapp.com.br\/wp-content\/uploads\/icon.png","width":1024,"height":1024,"caption":"Legislapp Monitoramento e Intelig\u00eancia Governamental"},"image":{"@id":"https:\/\/www.legislapp.com.br\/#\/schema\/logo\/image\/"},"sameAs":["https:\/\/www.instagram.com\/legislapp\/"]}]}},"_links":{"self":[{"href":"https:\/\/www.legislapp.com.br\/index.php\/wp-json\/wp\/v2\/pages\/10070","targetHints":{"allow":["GET"]}}],"collection":[{"href":"https:\/\/www.legislapp.com.br\/index.php\/wp-json\/wp\/v2\/pages"}],"about":[{"href":"https:\/\/www.legislapp.com.br\/index.php\/wp-json\/wp\/v2\/types\/page"}],"author":[{"embeddable":true,"href":"https:\/\/www.legislapp.com.br\/index.php\/wp-json\/wp\/v2\/users\/1"}],"replies":[{"embeddable":true,"href":"https:\/\/www.legislapp.com.br\/index.php\/wp-json\/wp\/v2\/comments?post=10070"}],"version-history":[{"count":0,"href":"https:\/\/www.legislapp.com.br\/index.php\/wp-json\/wp\/v2\/pages\/10070\/revisions"}],"wp:attachment":[{"href":"https:\/\/www.legislapp.com.br\/index.php\/wp-json\/wp\/v2\/media?parent=10070"}],"curies":[{"name":"wp","href":"https:\/\/api.w.org\/{rel}","templated":true}]}}