{"id":10073,"date":"2025-12-01T10:59:53","date_gmt":"2025-12-01T13:59:53","guid":{"rendered":"https:\/\/www.legislapp.com.br\/index.php\/avulso-inicial-pl-4717-2025-camara\/"},"modified":"2025-12-01T10:59:53","modified_gmt":"2025-12-01T13:59:53","slug":"avulso-inicial-pl-4717-2025-camara","status":"publish","type":"page","link":"https:\/\/www.legislapp.com.br\/index.php\/avulso-inicial-pl-4717-2025-camara\/","title":{"rendered":"Avulso Inicial &#8211; PL 4717\/2025 &#8211; C\u00e2mara"},"content":{"rendered":"<h1 style='text-align: center;'>Avulso Inicial &#8211; Autoria de Ant\u00f4nia L\u00facia<\/h3>\n<p><\/p>\n<article>C\u00c2MARA DOS DEPUTADOS<br \/>\nGabinete da Deputada Ant\u00f4nia L\u00facia<br \/>\nPROJETO DE LEI N\u00ba          , DE 2025<br \/>\n(Da Sra. ANT\u00d4NIA L\u00daCIA)<br \/>\nDisp\u00f5e sobre a responsabilidade<br \/>\ndas plataformas de redes sociais no<br \/>\ncombate \u00e0 desinforma\u00e7\u00e3o online,<br \/>\nestabelece diretrizes para a<br \/>\ntranspar\u00eancia de suas pol\u00edticas de<br \/>\nmodera\u00e7\u00e3o e cria mecanismos de<br \/>\nauditoria e san\u00e7\u00f5es.<br \/>\nO Congresso Nacional decreta:<br \/>\nArt. 1\u00ba. Esta Lei disp\u00f5e sobre as diretrizes e responsabilidades para<br \/>\nas plataformas de redes sociais no combate \u00e0 desinforma\u00e7\u00e3o<br \/>\nonline.<br \/>\nArt. 2\u00ba. Para os fins desta Lei, considera-se desinforma\u00e7\u00e3o<br \/>\ncomprovada o conte\u00fado digital que, de forma deliberada e<br \/>\ncoordenada, divulga informa\u00e7\u00f5es falsas ou enganosas com o<br \/>\nobjetivo de causar dano real, como a incita\u00e7\u00e3o \u00e0 viol\u00eancia, o ataque<br \/>\n\u00e0 integridade do processo democr\u00e1tico, a dissemina\u00e7\u00e3o de p\u00e2nico<br \/>\nsocial ou a difama\u00e7\u00e3o em massa.<br \/>\n\uf0b7 \u00a7 1\u00ba. A veracidade do conte\u00fado dever\u00e1 ser verificada por<br \/>\nag\u00eancias de checagem de fatos com reputa\u00e7\u00e3o comprovada<br \/>\nou por especialistas independentes.<br \/>\n\uf0b7 \u00a7 2\u00ba. As plataformas de redes sociais dever\u00e3o cooperar com<br \/>\nas ag\u00eancias de checagem de fatos para acelerar o processo<br \/>\nde verifica\u00e7\u00e3o.<br \/>\nPara verificar a assinatura, acesse https:\/\/infoleg-autenticidade-assinatura.camara.leg.br\/CD253858289300<br \/>\nAssinado eletronicamente pelo(a) Dep. Ant\u00f4nia L\u00facia<br \/>\nApresenta\u00e7\u00e3o: 23\/09\/2025 16:22:07.173 &#8211; Mesa<br \/>\n*CD253858289300* PL n.4717\/2025<br \/>2<br \/>\nArt. 3\u00ba. As plataformas de redes sociais, sob pena de san\u00e7\u00f5es<br \/>\nadministrativas, dever\u00e3o:<br \/>\n\uf0b7 I. Possuir pol\u00edticas de modera\u00e7\u00e3o claras e acess\u00edveis ao<br \/>\np\u00fablico, detalhando os tipos de conte\u00fado considerados<br \/>\ndesinforma\u00e7\u00e3o e as medidas que ser\u00e3o tomadas para<br \/>\ncombat\u00ea-la.<br \/>\n\uf0b7 II. Agir de forma diligente para identificar, remover ou sinalizar<br \/>\nconte\u00fados que se enquadrem na categoria de desinforma\u00e7\u00e3o<br \/>\ncomprovada, especialmente aqueles que se tornam virais e<br \/>\nrepresentam um risco significativo.<br \/>\n\uf0b7 III. Implementar mecanismos transparentes que permitam aos<br \/>\nusu\u00e1rios denunciar conte\u00fados de desinforma\u00e7\u00e3o e<br \/>\nacompanhar o status de suas den\u00fancias.<br \/>\nArt. 4\u00ba. Fica criado, no \u00e2mbito do Poder Executivo, o Comit\u00ea de<br \/>\nAuditoria e Transpar\u00eancia Digital (CATD), \u00f3rg\u00e3o independente<br \/>\ncomposto por especialistas em tecnologia, direito, comunica\u00e7\u00e3o e<br \/>\nseguran\u00e7a p\u00fablica, com as seguintes atribui\u00e7\u00f5es:<br \/>\n\uf0b7 I. Auditar as pol\u00edticas e a\u00e7\u00f5es de modera\u00e7\u00e3o das plataformas<br \/>\nde redes sociais.<br \/>\n\uf0b7 II. Emitir relat\u00f3rios anuais sobre o estado da desinforma\u00e7\u00e3o<br \/>\nonline e a efic\u00e1cia das plataformas em combat\u00ea-la.<br \/>\n\uf0b7 III. Receber e analisar den\u00fancias sobre falhas ou omiss\u00f5es<br \/>\ndas plataformas no cumprimento desta Lei.<br \/>\nArt. 5\u00ba. As plataformas de redes sociais que n\u00e3o cumprirem as<br \/>\ndetermina\u00e7\u00f5es desta Lei estar\u00e3o sujeitas \u00e0s seguintes san\u00e7\u00f5es<br \/>\nadministrativas, aplicadas de forma proporcional \u00e0 gravidade e<br \/>\nreincid\u00eancia da infra\u00e7\u00e3o:<br \/>\n\uf0b7 I. Advert\u00eancia, com prazo para adequa\u00e7\u00e3o.<br \/>\n\uf0b7 II. Multa de at\u00e9 2% do faturamento da empresa no Brasil,<br \/>\nlimitada a R$ 50.000.000,00 (cinquenta milh\u00f5es de reais) por<br \/>\ninfra\u00e7\u00e3o.<br \/>\nPara verificar a assinatura, acesse https:\/\/infoleg-autenticidade-assinatura.camara.leg.br\/CD253858289300<br \/>\nAssinado eletronicamente pelo(a) Dep. Ant\u00f4nia L\u00facia<br \/>\nApresenta\u00e7\u00e3o: 23\/09\/2025 16:22:07.173 &#8211; Mesa<br \/>\n*CD253858289300* PL n.4717\/2025<br \/>3<br \/>\n\uf0b7 III. Suspens\u00e3o tempor\u00e1ria do acesso \u00e0 plataforma no territ\u00f3rio<br \/>\nnacional, em casos de reincid\u00eancia grave e risco iminente \u00e0<br \/>\nseguran\u00e7a p\u00fablica.<br \/>\nArt. 6\u00ba. A Uni\u00e3o, por meio de fundos espec\u00edficos, dever\u00e1 destinar<br \/>\nrecursos para o apoio a iniciativas de jornalismo investigativo e<br \/>\nde checagem de fatos, com o objetivo de fortalecer a produ\u00e7\u00e3o de<br \/>\ninforma\u00e7\u00e3o de qualidade e a educa\u00e7\u00e3o midi\u00e1tica da popula\u00e7\u00e3o.<br \/>\nArt. 7\u00ba. Esta Lei entra em vigor 180 (cento e oitenta) dias ap\u00f3s a<br \/>\nsua publica\u00e7\u00e3o.<br \/>\nJUSTIFICATIVA<br \/>\nA desinforma\u00e7\u00e3o online, popularmente conhecida como fake news,<br \/>\nrepresenta uma amea\u00e7a crescente \u00e0 democracia, \u00e0 sa\u00fade p\u00fablica e<br \/>\n\u00e0 coes\u00e3o social. A dissemina\u00e7\u00e3o em larga escala de conte\u00fados<br \/>\ncomprovadamente falsos e prejudiciais, muitas vezes com o<br \/>\nobjetivo de polarizar a sociedade, incitar a viol\u00eancia ou influenciar<br \/>\nprocessos eleitorais, exp\u00f5e a fragilidade do debate p\u00fablico na era<br \/>\ndigital.<br \/>\nA in\u00e9rcia ou a falta de transpar\u00eancia por parte das plataformas de<br \/>\nredes sociais, que se tornaram os principais vetores de informa\u00e7\u00e3o<br \/>\nna sociedade contempor\u00e2nea, t\u00eam permitido que essa amea\u00e7a se<br \/>\nagrave. \u00c9 urgente que o Estado brasileiro, por meio de sua leg\u00edtima<br \/>\ncapacidade legislativa, estabele\u00e7a um marco legal que incentive e<br \/>\nresponsabilize essas plataformas, garantindo que a luta contra a<br \/>\ndesinforma\u00e7\u00e3o seja conduzida de forma transparente, eficaz e sem<br \/>\nferir a liberdade de express\u00e3o.<br \/>\nEste projeto de lei visa criar um ambiente digital mais seguro e<br \/>\nconfi\u00e1vel para todos os cidad\u00e3os, fortalecendo a democracia e a<br \/>\nintegridade da informa\u00e7\u00e3o no Brasil.<br \/>\nSala das Sess\u00f5es, em        de                     de 2025.<br \/>\nDeputada ANT\u00d4NIA L\u00daCIA<br \/>\nREPUBLICANOS &#8211; AC<br \/>\nPara verificar a assinatura, acesse https:\/\/infoleg-autenticidade-assinatura.camara.leg.br\/CD253858289300<br \/>\nAssinado eletronicamente pelo(a) Dep. Ant\u00f4nia L\u00facia<br \/>\nApresenta\u00e7\u00e3o: 23\/09\/2025 16:22:07.173 &#8211; Mesa<br \/>\n*CD253858289300* PL n.4717\/2025<\/article>\n<p><a href='https:\/\/app.legislapp.com.br\/#\/busca?termo=Diretrizes'>Diretrizes<\/a>, <a href='https:\/\/app.legislapp.com.br\/#\/busca?termo=responsabilidade'>responsabilidade<\/a>, <a href='https:\/\/app.legislapp.com.br\/#\/busca?termo=Plataforma digital'>Plataforma digital<\/a>, <a href='https:\/\/app.legislapp.com.br\/#\/busca?termo=rede social digital'>rede social digital<\/a>, <a href='https:\/\/app.legislapp.com.br\/#\/busca?termo=Modera\u00e7\u00e3o de conte\u00fado'>Modera\u00e7\u00e3o de conte\u00fado<\/a>, <a href='https:\/\/app.legislapp.com.br\/#\/busca?termo=enfrentamento'>enfrentamento<\/a>, <a href='https:\/\/app.legislapp.com.br\/#\/busca?termo=Desinforma\u00e7\u00e3o'>Desinforma\u00e7\u00e3o<\/a>, <a href='https:\/\/app.legislapp.com.br\/#\/busca?termo=Not\u00edcia falsa (fake news)'>Not\u00edcia falsa (fake news)<\/a>, <a href='https:\/\/app.legislapp.com.br\/#\/busca?termo=conte\u00fado digital'>conte\u00fado digital<\/a>, <a href='https:\/\/app.legislapp.com.br\/#\/busca?termo=cria\u00e7\u00e3o'>cria\u00e7\u00e3o<\/a>, <a href='https:\/\/app.legislapp.com.br\/#\/busca?termo=Comit\u00ea de Auditoria e Transpar\u00eancia Digital (CATD).'>Comit\u00ea de Auditoria e Transpar\u00eancia Digital (CATD).<\/a><\/p>\n<div style=\"text-align: center\">\n      <img decoding=\"async\" style=\"width: 14%;\" src=\"https:\/\/www.legislapp.com.br\/wp-content\/uploads\/2021\/07\/Logo-Legislapp-1-03-1.png\"><br \/>\n      <\/p>\n<div style=\"margin-bottom: 20px;\" class=\"et_pb_button_module_wrapper et_pb_button_5_tb_body_wrapper et_pb_button_alignment_center et_pb_module \">\n         <a class=\"et_pb_button et_pb_button_5_tb_body et_hover_enabled et_pb_bg_layout_dark\" style=\"width: 50%;background-color: black;\" href=\"https:\/\/app.legislapp.com.br\" target=\"_blank\" rel=\"noopener\">Visualizar completo na nossa plataforma (30 dias gr\u00e1tis)<\/a><\/p><\/div>\n<p>      <a href=\"https:\/\/play.google.com\/store\/apps\/details?id=br.com.legislapp\"><img decoding=\"async\" style=\"width: 15%; min-width: 130px;\" src=\"https:\/\/www.legislapp.com.br\/wp-content\/uploads\/google-play.png\"><\/a><br \/>\n      <a href=\"https:\/\/apps.apple.com\/us\/app\/legislapp\/id1568929859\"><img decoding=\"async\" style=\"width: 15%; min-width: 130px\" src=\"https:\/\/www.legislapp.com.br\/wp-content\/uploads\/apple-store.png\"><\/a>\n   <\/div>\n","protected":false},"excerpt":{"rendered":"<p>Avulso Inicial &#8211; Autoria de Ant\u00f4nia L\u00facia C\u00c2MARA DOS DEPUTADOS Gabinete da Deputada Ant\u00f4nia L\u00facia PROJETO DE LEI N\u00ba , DE 2025 (Da Sra. ANT\u00d4NIA L\u00daCIA) Disp\u00f5e sobre a responsabilidade das plataformas de redes sociais no combate \u00e0 desinforma\u00e7\u00e3o online, estabelece diretrizes para a transpar\u00eancia de suas pol\u00edticas de modera\u00e7\u00e3o e cria mecanismos de auditoria [&hellip;]<\/p>\n","protected":false},"author":1,"featured_media":0,"parent":0,"menu_order":0,"comment_status":"closed","ping_status":"closed","template":"page-template-blank.php","meta":{"_et_pb_use_builder":"","_et_pb_old_content":"","_et_gb_content_width":"1080","ngg_post_thumbnail":0,"footnotes":""},"class_list":["post-10073","page","type-page","status-publish","hentry"],"yoast_head":"<!-- This site is optimized with the Yoast SEO plugin v24.4 - https:\/\/yoast.com\/wordpress\/plugins\/seo\/ -->\n<title>Avulso Inicial - PL 4717\/2025 - C\u00e2mara - Legislapp<\/title>\n<meta name=\"robots\" content=\"index, follow, max-snippet:-1, max-image-preview:large, max-video-preview:-1\" \/>\n<link rel=\"canonical\" href=\"https:\/\/www.legislapp.com.br\/index.php\/avulso-inicial-pl-4717-2025-camara\/\" \/>\n<meta property=\"og:locale\" content=\"pt_BR\" \/>\n<meta property=\"og:type\" content=\"article\" \/>\n<meta property=\"og:title\" content=\"Avulso Inicial - PL 4717\/2025 - C\u00e2mara - Legislapp\" \/>\n<meta property=\"og:description\" content=\"Avulso Inicial &#8211; Autoria de Ant\u00f4nia L\u00facia C\u00c2MARA DOS DEPUTADOS Gabinete da Deputada Ant\u00f4nia L\u00facia PROJETO DE LEI N\u00ba , DE 2025 (Da Sra. ANT\u00d4NIA L\u00daCIA) Disp\u00f5e sobre a responsabilidade das plataformas de redes sociais no combate \u00e0 desinforma\u00e7\u00e3o online, estabelece diretrizes para a transpar\u00eancia de suas pol\u00edticas de modera\u00e7\u00e3o e cria mecanismos de auditoria [&hellip;]\" \/>\n<meta property=\"og:url\" content=\"https:\/\/www.legislapp.com.br\/index.php\/avulso-inicial-pl-4717-2025-camara\/\" \/>\n<meta property=\"og:site_name\" content=\"Legislapp\" \/>\n<meta property=\"article:publisher\" content=\"https:\/\/www.instagram.com\/legislapp\/\" \/>\n<meta property=\"og:image\" content=\"https:\/\/www.legislapp.com.br\/wp-content\/uploads\/2021\/07\/Logo-Legislapp-1-03-1.png\" \/>\n<meta name=\"twitter:card\" content=\"summary_large_image\" \/>\n<meta name=\"twitter:label1\" content=\"Est. tempo de leitura\" \/>\n\t<meta name=\"twitter:data1\" content=\"4 minutos\" \/>\n<script type=\"application\/ld+json\" class=\"yoast-schema-graph\">{\"@context\":\"https:\/\/schema.org\",\"@graph\":[{\"@type\":\"WebPage\",\"@id\":\"https:\/\/www.legislapp.com.br\/index.php\/avulso-inicial-pl-4717-2025-camara\/\",\"url\":\"https:\/\/www.legislapp.com.br\/index.php\/avulso-inicial-pl-4717-2025-camara\/\",\"name\":\"Avulso Inicial - PL 4717\/2025 - C\u00e2mara - Legislapp\",\"isPartOf\":{\"@id\":\"https:\/\/www.legislapp.com.br\/#website\"},\"primaryImageOfPage\":{\"@id\":\"https:\/\/www.legislapp.com.br\/index.php\/avulso-inicial-pl-4717-2025-camara\/#primaryimage\"},\"image\":{\"@id\":\"https:\/\/www.legislapp.com.br\/index.php\/avulso-inicial-pl-4717-2025-camara\/#primaryimage\"},\"thumbnailUrl\":\"https:\/\/www.legislapp.com.br\/wp-content\/uploads\/2021\/07\/Logo-Legislapp-1-03-1.png\",\"datePublished\":\"2025-12-01T13:59:53+00:00\",\"breadcrumb\":{\"@id\":\"https:\/\/www.legislapp.com.br\/index.php\/avulso-inicial-pl-4717-2025-camara\/#breadcrumb\"},\"inLanguage\":\"pt-BR\",\"potentialAction\":[{\"@type\":\"ReadAction\",\"target\":[\"https:\/\/www.legislapp.com.br\/index.php\/avulso-inicial-pl-4717-2025-camara\/\"]}]},{\"@type\":\"ImageObject\",\"inLanguage\":\"pt-BR\",\"@id\":\"https:\/\/www.legislapp.com.br\/index.php\/avulso-inicial-pl-4717-2025-camara\/#primaryimage\",\"url\":\"https:\/\/www.legislapp.com.br\/wp-content\/uploads\/2021\/07\/Logo-Legislapp-1-03-1.png\",\"contentUrl\":\"https:\/\/www.legislapp.com.br\/wp-content\/uploads\/2021\/07\/Logo-Legislapp-1-03-1.png\",\"width\":2679,\"height\":2697},{\"@type\":\"BreadcrumbList\",\"@id\":\"https:\/\/www.legislapp.com.br\/index.php\/avulso-inicial-pl-4717-2025-camara\/#breadcrumb\",\"itemListElement\":[{\"@type\":\"ListItem\",\"position\":1,\"name\":\"In\u00edcio\",\"item\":\"https:\/\/www.legislapp.com.br\/\"},{\"@type\":\"ListItem\",\"position\":2,\"name\":\"Avulso Inicial &#8211; PL 4717\/2025 &#8211; C\u00e2mara\"}]},{\"@type\":\"WebSite\",\"@id\":\"https:\/\/www.legislapp.com.br\/#website\",\"url\":\"https:\/\/www.legislapp.com.br\/\",\"name\":\"Legislapp\",\"description\":\"Intelig\u00eancia governamental em tempo real\",\"publisher\":{\"@id\":\"https:\/\/www.legislapp.com.br\/#organization\"},\"potentialAction\":[{\"@type\":\"SearchAction\",\"target\":{\"@type\":\"EntryPoint\",\"urlTemplate\":\"https:\/\/www.legislapp.com.br\/?s={search_term_string}\"},\"query-input\":{\"@type\":\"PropertyValueSpecification\",\"valueRequired\":true,\"valueName\":\"search_term_string\"}}],\"inLanguage\":\"pt-BR\"},{\"@type\":\"Organization\",\"@id\":\"https:\/\/www.legislapp.com.br\/#organization\",\"name\":\"Legislapp Monitoramento e Intelig\u00eancia Governamental\",\"url\":\"https:\/\/www.legislapp.com.br\/\",\"logo\":{\"@type\":\"ImageObject\",\"inLanguage\":\"pt-BR\",\"@id\":\"https:\/\/www.legislapp.com.br\/#\/schema\/logo\/image\/\",\"url\":\"https:\/\/www.legislapp.com.br\/wp-content\/uploads\/icon.png\",\"contentUrl\":\"https:\/\/www.legislapp.com.br\/wp-content\/uploads\/icon.png\",\"width\":1024,\"height\":1024,\"caption\":\"Legislapp Monitoramento e Intelig\u00eancia Governamental\"},\"image\":{\"@id\":\"https:\/\/www.legislapp.com.br\/#\/schema\/logo\/image\/\"},\"sameAs\":[\"https:\/\/www.instagram.com\/legislapp\/\"]}]}<\/script>\n<!-- \/ Yoast SEO plugin. -->","yoast_head_json":{"title":"Avulso Inicial - PL 4717\/2025 - C\u00e2mara - Legislapp","robots":{"index":"index","follow":"follow","max-snippet":"max-snippet:-1","max-image-preview":"max-image-preview:large","max-video-preview":"max-video-preview:-1"},"canonical":"https:\/\/www.legislapp.com.br\/index.php\/avulso-inicial-pl-4717-2025-camara\/","og_locale":"pt_BR","og_type":"article","og_title":"Avulso Inicial - PL 4717\/2025 - C\u00e2mara - Legislapp","og_description":"Avulso Inicial &#8211; Autoria de Ant\u00f4nia L\u00facia C\u00c2MARA DOS DEPUTADOS Gabinete da Deputada Ant\u00f4nia L\u00facia PROJETO DE LEI N\u00ba , DE 2025 (Da Sra. ANT\u00d4NIA L\u00daCIA) Disp\u00f5e sobre a responsabilidade das plataformas de redes sociais no combate \u00e0 desinforma\u00e7\u00e3o online, estabelece diretrizes para a transpar\u00eancia de suas pol\u00edticas de modera\u00e7\u00e3o e cria mecanismos de auditoria [&hellip;]","og_url":"https:\/\/www.legislapp.com.br\/index.php\/avulso-inicial-pl-4717-2025-camara\/","og_site_name":"Legislapp","article_publisher":"https:\/\/www.instagram.com\/legislapp\/","og_image":[{"url":"https:\/\/www.legislapp.com.br\/wp-content\/uploads\/2021\/07\/Logo-Legislapp-1-03-1.png","type":"","width":"","height":""}],"twitter_card":"summary_large_image","twitter_misc":{"Est. tempo de leitura":"4 minutos"},"schema":{"@context":"https:\/\/schema.org","@graph":[{"@type":"WebPage","@id":"https:\/\/www.legislapp.com.br\/index.php\/avulso-inicial-pl-4717-2025-camara\/","url":"https:\/\/www.legislapp.com.br\/index.php\/avulso-inicial-pl-4717-2025-camara\/","name":"Avulso Inicial - PL 4717\/2025 - C\u00e2mara - Legislapp","isPartOf":{"@id":"https:\/\/www.legislapp.com.br\/#website"},"primaryImageOfPage":{"@id":"https:\/\/www.legislapp.com.br\/index.php\/avulso-inicial-pl-4717-2025-camara\/#primaryimage"},"image":{"@id":"https:\/\/www.legislapp.com.br\/index.php\/avulso-inicial-pl-4717-2025-camara\/#primaryimage"},"thumbnailUrl":"https:\/\/www.legislapp.com.br\/wp-content\/uploads\/2021\/07\/Logo-Legislapp-1-03-1.png","datePublished":"2025-12-01T13:59:53+00:00","breadcrumb":{"@id":"https:\/\/www.legislapp.com.br\/index.php\/avulso-inicial-pl-4717-2025-camara\/#breadcrumb"},"inLanguage":"pt-BR","potentialAction":[{"@type":"ReadAction","target":["https:\/\/www.legislapp.com.br\/index.php\/avulso-inicial-pl-4717-2025-camara\/"]}]},{"@type":"ImageObject","inLanguage":"pt-BR","@id":"https:\/\/www.legislapp.com.br\/index.php\/avulso-inicial-pl-4717-2025-camara\/#primaryimage","url":"https:\/\/www.legislapp.com.br\/wp-content\/uploads\/2021\/07\/Logo-Legislapp-1-03-1.png","contentUrl":"https:\/\/www.legislapp.com.br\/wp-content\/uploads\/2021\/07\/Logo-Legislapp-1-03-1.png","width":2679,"height":2697},{"@type":"BreadcrumbList","@id":"https:\/\/www.legislapp.com.br\/index.php\/avulso-inicial-pl-4717-2025-camara\/#breadcrumb","itemListElement":[{"@type":"ListItem","position":1,"name":"In\u00edcio","item":"https:\/\/www.legislapp.com.br\/"},{"@type":"ListItem","position":2,"name":"Avulso Inicial &#8211; PL 4717\/2025 &#8211; C\u00e2mara"}]},{"@type":"WebSite","@id":"https:\/\/www.legislapp.com.br\/#website","url":"https:\/\/www.legislapp.com.br\/","name":"Legislapp","description":"Intelig\u00eancia governamental em tempo real","publisher":{"@id":"https:\/\/www.legislapp.com.br\/#organization"},"potentialAction":[{"@type":"SearchAction","target":{"@type":"EntryPoint","urlTemplate":"https:\/\/www.legislapp.com.br\/?s={search_term_string}"},"query-input":{"@type":"PropertyValueSpecification","valueRequired":true,"valueName":"search_term_string"}}],"inLanguage":"pt-BR"},{"@type":"Organization","@id":"https:\/\/www.legislapp.com.br\/#organization","name":"Legislapp Monitoramento e Intelig\u00eancia Governamental","url":"https:\/\/www.legislapp.com.br\/","logo":{"@type":"ImageObject","inLanguage":"pt-BR","@id":"https:\/\/www.legislapp.com.br\/#\/schema\/logo\/image\/","url":"https:\/\/www.legislapp.com.br\/wp-content\/uploads\/icon.png","contentUrl":"https:\/\/www.legislapp.com.br\/wp-content\/uploads\/icon.png","width":1024,"height":1024,"caption":"Legislapp Monitoramento e Intelig\u00eancia Governamental"},"image":{"@id":"https:\/\/www.legislapp.com.br\/#\/schema\/logo\/image\/"},"sameAs":["https:\/\/www.instagram.com\/legislapp\/"]}]}},"_links":{"self":[{"href":"https:\/\/www.legislapp.com.br\/index.php\/wp-json\/wp\/v2\/pages\/10073","targetHints":{"allow":["GET"]}}],"collection":[{"href":"https:\/\/www.legislapp.com.br\/index.php\/wp-json\/wp\/v2\/pages"}],"about":[{"href":"https:\/\/www.legislapp.com.br\/index.php\/wp-json\/wp\/v2\/types\/page"}],"author":[{"embeddable":true,"href":"https:\/\/www.legislapp.com.br\/index.php\/wp-json\/wp\/v2\/users\/1"}],"replies":[{"embeddable":true,"href":"https:\/\/www.legislapp.com.br\/index.php\/wp-json\/wp\/v2\/comments?post=10073"}],"version-history":[{"count":0,"href":"https:\/\/www.legislapp.com.br\/index.php\/wp-json\/wp\/v2\/pages\/10073\/revisions"}],"wp:attachment":[{"href":"https:\/\/www.legislapp.com.br\/index.php\/wp-json\/wp\/v2\/media?parent=10073"}],"curies":[{"name":"wp","href":"https:\/\/api.w.org\/{rel}","templated":true}]}}