{"id":10079,"date":"2025-12-01T11:00:08","date_gmt":"2025-12-01T14:00:08","guid":{"rendered":"https:\/\/www.legislapp.com.br\/index.php\/avulso-inicial-pl-10449-2018-camara\/"},"modified":"2025-12-01T11:00:08","modified_gmt":"2025-12-01T14:00:08","slug":"avulso-inicial-pl-10449-2018-camara","status":"publish","type":"page","link":"https:\/\/www.legislapp.com.br\/index.php\/avulso-inicial-pl-10449-2018-camara\/","title":{"rendered":"Avulso Inicial &#8211; PL 10449\/2018 &#8211; C\u00e2mara"},"content":{"rendered":"<h1 style='text-align: center;'>Avulso Inicial &#8211; Autoria de Luis Tib\u00e9<\/h3>\n<p><\/p>\n<article>\nPROJETO DE LEI N\u00ba          , DE 2018<br \/>\n(Do Sr. LUIS TIB\u00c9)<br \/>\nPrioriza as candidatas mulheres como<br \/>\ncrit\u00e9rio de desempate caso duas ou mais<br \/>\ncandidaturas obtenham igual n\u00famero de votos<br \/>\nem elei\u00e7\u00f5es proporcionais.<br \/>\nO Congresso Nacional decreta:<br \/>\nArt.1\u00ba O art.110 e o art.112, Inc. II, da Lei n\u00b0 4.737, de 15 de julho de<br \/>\n1965 (C\u00f3digo Eleitoral), passam a vigorar com a seguinte reda\u00e7\u00e3o:<br \/>\n\u201cArt. 110. Em caso de empate na vota\u00e7\u00e3o, haver-se-\u00e1 por<br \/>\neleita a candidata mulher, observando-se a ordem decrescente<br \/>\nde idade se ocorrer empate entre candidatas mulheres ou entre<br \/>\ncandidatos homens. (NR) \u201d<br \/>\n&#8230;&#8230;&#8230;&#8230;&#8230;&#8230;&#8230;&#8230;&#8230;&#8230;&#8230;&#8230;&#8230;&#8230;&#8230;&#8230;&#8230;&#8230;&#8230;&#8230;&#8230;&#8230;&#8230;&#8230;&#8230;&#8230;&#8230;&#8230;&#8230;&#8230;&#8230;&#8230;<br \/>\n\u201cArt. 112. &#8230;&#8230;&#8230;&#8230;&#8230;&#8230;&#8230;&#8230;&#8230;&#8230;&#8230;&#8230;&#8230;&#8230;&#8230;&#8230;&#8230;&#8230;&#8230;&#8230;&#8230;&#8230;&#8230;&#8230;&#8230;&#8230;..<br \/>\n&#8230;&#8230;&#8230;&#8230;&#8230;&#8230;&#8230;&#8230;&#8230;&#8230;&#8230;&#8230;&#8230;&#8230;&#8230;&#8230;&#8230;&#8230;&#8230;&#8230;&#8230;&#8230;&#8230;&#8230;&#8230;&#8230;&#8230;&#8230;&#8230;&#8230;&#8230;&#8230;<br \/>\nII \u2013 em caso de empate na vota\u00e7\u00e3o, a candidata mulher,<br \/>\nobservando-se a ordem decrescente de idade se ocorrer<br \/>\nempate entre candidatas mulheres ou entre candidatos<br \/>\nhomens. (NR) \u201d<br \/>\nArt. Esta lei entra em vigor na data de sua publica\u00e7\u00e3o.<br \/>\nJUSTIFICA\u00c7\u00c3O<br \/>\nO Projeto de Lei que ora se apresenta \u00e0 considera\u00e7\u00e3o das senhoras<br \/>\ne dos senhores parlamentares insere-se na linha das iniciativas legislativas destinadas<br \/>\na estimular a participa\u00e7\u00e3o das mulheres em pleitos eleitorais e a promover a igualdade<br \/>\nentre mulheres e homens na esfera pol\u00edtica. Ele atua a favor desse objetivo em duas<br \/>\ndimens\u00f5es diferentes.<br \/>\nEm primeiro lugar, h\u00e1 uma dimens\u00e3o pr\u00e1tica. Os casos de empate<br \/>\nentre as vota\u00e7\u00f5es obtidas por distintas candidaturas em elei\u00e7\u00f5es proporcionais n\u00e3o<br \/>\ns\u00e3o, naturalmente, significativos percentualmente. Mas eles existem. Nos estados de<br \/>\nmaior popula\u00e7\u00e3o, por determina\u00e7\u00f5es estat\u00edsticas (as vota\u00e7\u00f5es s\u00e3o muito elevadas para<br \/>\nas coincid\u00eancias serem corriqueiras), o caso \u00e9 mais raro, e normalmente se restringe a <br \/>2<br \/>\ncandidaturas cujo resultado eleitoral ficou distante do n\u00famero de votos obtidos pelo<br \/>\ncandidato que se elegeu com menos votos. \u00c9 a situa\u00e7\u00e3o, por exemplo, de Minas<br \/>\nGerais, em que o primeiro empate nas elei\u00e7\u00f5es de 2014 para a Assembleia<br \/>\nLegislativa, entre Giovanni Coelho (PDT) e Alessandra Farmac\u00eautica (PPS), se deu<br \/>\nentre candidaturas que obtiveram 2.248 votos cada, enquanto o candidato eleito com<br \/>\nmenor vota\u00e7\u00e3o obteve 25.394. Mas o caso \u00e9 diferente em estados menos populosos e<br \/>\nno Distrito Federal.<br \/>\nNo Distrito Federal, houve empate, nas elei\u00e7\u00f5es de 2014 para a<br \/>\nC\u00e2mara Legislativa, entre Roberto Lucena (PMDB) e Goudim (PPL), que obtiveram<br \/>\n6.139 votos cada, enquanto Luzia de Paula (PEN) se elegeu com 7.428. Em<br \/>\nRond\u00f4nia, o empate foi entre Solange Pereira (PMDB) e Geraldo da Rond\u00f4nia (PSC),<br \/>\ncom 6.080 votos cada, enquanto Jesu\u00edno Boabaid (PT do B) se elegeu com 6.890.<br \/>\nMais significativo ainda foi o empate nas elei\u00e7\u00f5es para a Assembleia Legislativa do<br \/>\nAmap\u00e1 entre duas candidatas eleitas, Edna Auzier (PROS) e Maria G\u00f3es (PDT),<br \/>\nambas com 5.028 votos, vota\u00e7\u00e3o superior \u00e0 do Professor Paulo Lemos (PSOL), de<br \/>\n4.105 votos, que se elegeu com a menor vota\u00e7\u00e3o no pleito.<br \/>\nMas esses n\u00fameros, referentes a 27 circunscri\u00e7\u00f5es, quais sejam, os<br \/>\n26 estados e o Distrito Federal, servem-nos apenas de par\u00e2metro para o que acontece<br \/>\nnas elei\u00e7\u00f5es de mais de 5.500 c\u00e2maras de vereadores, a cada quatro anos, em todo o<br \/>\nBrasil. \u00c9 a\u00ed que o caso tem relev\u00e2ncia estat\u00edstica. S\u00e3o in\u00fameros munic\u00edpios em que o<br \/>\npr\u00f3prio tamanho dos eleitorados torna prov\u00e1vel a multiplica\u00e7\u00e3o das vota\u00e7\u00f5es<br \/>\ncoincidentes. Em outras palavras, a norma proposta neste Projeto de Lei levar\u00e1<br \/>\nconcretamente \u00e0 elei\u00e7\u00e3o de deputadas e, principalmente, de vereadoras que sem ela<br \/>\nn\u00e3o se elegeriam.<br \/>\nA segunda dimens\u00e3o, a dimens\u00e3o simb\u00f3lica, talvez seja ainda mais<br \/>\nrelevante. A norma proposta se caracteriza por deixar muito claro que existe uma<br \/>\ndefici\u00eancia no sistema eleitoral e partid\u00e1rio quando os cargos de representa\u00e7\u00e3o pol\u00edtica<br \/>\nse revelam, na pr\u00e1tica, um quase monop\u00f3lio dos homens. Que ela estabele\u00e7a uma<br \/>\nprioridade para as candidaturas de mulheres em uma situa\u00e7\u00e3o em que n\u00e3o h\u00e1<br \/>\nnenhuma outra justificativa para essa prioridade a n\u00e3o ser o fato de ser uma<br \/>\ncandidatura de mulher \u00e9 o ponto fundamental aqui. Fica evidente que se justifica uma<br \/>\nnorma cujo \u00fanico e direto fim \u00e9 o de garantir o aumento do n\u00famero de mulheres nos<br \/>\n\u00f3rg\u00e3os de representa\u00e7\u00e3o pol\u00edtica. Observada a situa\u00e7\u00e3o do \u00e2ngulo inverso, fica<br \/>\nevidente que o d\u00e9ficit da participa\u00e7\u00e3o pol\u00edtica das mulheres \u00e9 uma defici\u00eancia do<br \/>\nsistema pol\u00edtico, independentemente de qualquer outra considera\u00e7\u00e3o \u2013 e deve ser<br \/>\ncombatido pura e simplesmente por isso. <br \/>3<br \/>\nUma boa maneira de real\u00e7ar essa particularidade \u00e9 comparar a<br \/>\nnorma aqui proposta com a que j\u00e1 consta do art. 10, \u00a7 3\u00ba, da Lei n\u00ba 9.504, de 30 de<br \/>\nsetembro de 1997 (Lei das Elei\u00e7\u00f5es), com a seguinte reda\u00e7\u00e3o: \u201cDo n\u00famero de vagas<br \/>\nresultante das regras previstas neste artigo, cada partido ou coliga\u00e7\u00e3o preencher\u00e1 o<br \/>\nm\u00ednimo de 30% (trinta por cento) e o m\u00e1ximo de 70% (setenta por cento) para<br \/>\ncandidaturas de cada sexo\u201d. Independentemente de seus m\u00e9ritos, essa reda\u00e7\u00e3o<br \/>\nesconde que se trata de uma iniciativa destinada especificamente a promover a<br \/>\nparticipa\u00e7\u00e3o pol\u00edtica das mulheres. A f\u00f3rmula \u201ccandidaturas de cada sexo\u201d pode dar a<br \/>\nentender que tal promo\u00e7\u00e3o se dirige a homens e mulheres, a depender do caso. Ora,<br \/>\nem uma sociedade igualit\u00e1ria, em que mulheres e homens enfrentassem as mesmas<br \/>\ndificuldades ao entrar para a pol\u00edtica eleitoral e partid\u00e1ria, n\u00e3o haveria nenhum<br \/>\nproblema se eventualmente um ou outro sexo estivesse menos presente em um \u00f3rg\u00e3o<br \/>\nde representa\u00e7\u00e3o pol\u00edtica.<br \/>\nO problema n\u00e3o \u00e9 esse. O problema s\u00e3o as dificuldades espec\u00edficas<br \/>\nque as mulheres enfrentam na arena eleitoral. \u00c9 isso que d\u00e1 valor simb\u00f3lico \u00e0 norma<br \/>\naqui proposta. Ela simplesmente d\u00e1 prioridade \u00e0s candidatas mulheres quando se<br \/>\ntrata de decidir qual de duas candidaturas que obtiveram igual vota\u00e7\u00e3o deve ocupar o<br \/>\nlugar em disputa. Com isso, reconhece que n\u00e3o se trata de um problema de igualdade<br \/>\nem abstrato, mas de uma pol\u00edtica afirmativa dirigida \u00e0s mulheres, reconhece que<br \/>\nhistoricamente se criou uma situa\u00e7\u00e3o de inferioridade que a legisla\u00e7\u00e3o deve buscar<br \/>\nsuperar.<br \/>\nSala das Sess\u00f5es, em        de                     de 2018. <\/p>\n<p>Deputado LUIS TIB\u00c9<br \/>\n <\/article>\n<p><a href='https:\/\/app.legislapp.com.br\/#\/busca?termo=Altera\u00e7\u00e3o'>Altera\u00e7\u00e3o<\/a>, <a href='https:\/\/app.legislapp.com.br\/#\/busca?termo=C\u00f3digo Eleitoral (1965)'>C\u00f3digo Eleitoral (1965)<\/a>, <a href='https:\/\/app.legislapp.com.br\/#\/busca?termo=elei\u00e7\u00e3o proporcional'>elei\u00e7\u00e3o proporcional<\/a>, <a href='https:\/\/app.legislapp.com.br\/#\/busca?termo=crit\u00e9rio de desempate'>crit\u00e9rio de desempate<\/a>, <a href='https:\/\/app.legislapp.com.br\/#\/busca?termo=candidato a cargo eletivo'>candidato a cargo eletivo<\/a>, <a href='https:\/\/app.legislapp.com.br\/#\/busca?termo=mulher.'>mulher.<\/a><\/p>\n<div style=\"text-align: center\">\n      <img decoding=\"async\" style=\"width: 14%;\" src=\"https:\/\/www.legislapp.com.br\/wp-content\/uploads\/2021\/07\/Logo-Legislapp-1-03-1.png\"><br \/>\n      <\/p>\n<div style=\"margin-bottom: 20px;\" class=\"et_pb_button_module_wrapper et_pb_button_5_tb_body_wrapper et_pb_button_alignment_center et_pb_module \">\n         <a class=\"et_pb_button et_pb_button_5_tb_body et_hover_enabled et_pb_bg_layout_dark\" style=\"width: 50%;background-color: black;\" href=\"https:\/\/app.legislapp.com.br\" target=\"_blank\" rel=\"noopener\">Visualizar completo na nossa plataforma (30 dias gr\u00e1tis)<\/a><\/p><\/div>\n<p>      <a href=\"https:\/\/play.google.com\/store\/apps\/details?id=br.com.legislapp\"><img decoding=\"async\" style=\"width: 15%; min-width: 130px;\" src=\"https:\/\/www.legislapp.com.br\/wp-content\/uploads\/google-play.png\"><\/a><br \/>\n      <a href=\"https:\/\/apps.apple.com\/us\/app\/legislapp\/id1568929859\"><img decoding=\"async\" style=\"width: 15%; min-width: 130px\" src=\"https:\/\/www.legislapp.com.br\/wp-content\/uploads\/apple-store.png\"><\/a>\n   <\/div>\n","protected":false},"excerpt":{"rendered":"<p>Avulso Inicial &#8211; Autoria de Luis Tib\u00e9 PROJETO DE LEI N\u00ba , DE 2018 (Do Sr. LUIS TIB\u00c9) Prioriza as candidatas mulheres como crit\u00e9rio de desempate caso duas ou mais candidaturas obtenham igual n\u00famero de votos em elei\u00e7\u00f5es proporcionais. O Congresso Nacional decreta: Art.1\u00ba O art.110 e o art.112, Inc. II, da Lei n\u00b0 4.737, [&hellip;]<\/p>\n","protected":false},"author":1,"featured_media":0,"parent":0,"menu_order":0,"comment_status":"closed","ping_status":"closed","template":"page-template-blank.php","meta":{"_et_pb_use_builder":"","_et_pb_old_content":"","_et_gb_content_width":"1080","ngg_post_thumbnail":0,"footnotes":""},"class_list":["post-10079","page","type-page","status-publish","hentry"],"yoast_head":"<!-- This site is optimized with the Yoast SEO plugin v24.4 - https:\/\/yoast.com\/wordpress\/plugins\/seo\/ -->\n<title>Avulso Inicial - PL 10449\/2018 - C\u00e2mara - Legislapp<\/title>\n<meta name=\"robots\" content=\"index, follow, max-snippet:-1, max-image-preview:large, max-video-preview:-1\" \/>\n<link rel=\"canonical\" href=\"https:\/\/www.legislapp.com.br\/index.php\/avulso-inicial-pl-10449-2018-camara\/\" \/>\n<meta property=\"og:locale\" content=\"pt_BR\" \/>\n<meta property=\"og:type\" content=\"article\" \/>\n<meta property=\"og:title\" content=\"Avulso Inicial - PL 10449\/2018 - C\u00e2mara - Legislapp\" \/>\n<meta property=\"og:description\" content=\"Avulso Inicial &#8211; Autoria de Luis Tib\u00e9 PROJETO DE LEI N\u00ba , DE 2018 (Do Sr. LUIS TIB\u00c9) Prioriza as candidatas mulheres como crit\u00e9rio de desempate caso duas ou mais candidaturas obtenham igual n\u00famero de votos em elei\u00e7\u00f5es proporcionais. O Congresso Nacional decreta: Art.1\u00ba O art.110 e o art.112, Inc. II, da Lei n\u00b0 4.737, [&hellip;]\" \/>\n<meta property=\"og:url\" content=\"https:\/\/www.legislapp.com.br\/index.php\/avulso-inicial-pl-10449-2018-camara\/\" \/>\n<meta property=\"og:site_name\" content=\"Legislapp\" \/>\n<meta property=\"article:publisher\" content=\"https:\/\/www.instagram.com\/legislapp\/\" \/>\n<meta property=\"og:image\" content=\"https:\/\/www.legislapp.com.br\/wp-content\/uploads\/2021\/07\/Logo-Legislapp-1-03-1.png\" \/>\n<meta name=\"twitter:card\" content=\"summary_large_image\" \/>\n<meta name=\"twitter:label1\" content=\"Est. tempo de leitura\" \/>\n\t<meta name=\"twitter:data1\" content=\"5 minutos\" \/>\n<script type=\"application\/ld+json\" class=\"yoast-schema-graph\">{\"@context\":\"https:\/\/schema.org\",\"@graph\":[{\"@type\":\"WebPage\",\"@id\":\"https:\/\/www.legislapp.com.br\/index.php\/avulso-inicial-pl-10449-2018-camara\/\",\"url\":\"https:\/\/www.legislapp.com.br\/index.php\/avulso-inicial-pl-10449-2018-camara\/\",\"name\":\"Avulso Inicial - PL 10449\/2018 - C\u00e2mara - Legislapp\",\"isPartOf\":{\"@id\":\"https:\/\/www.legislapp.com.br\/#website\"},\"primaryImageOfPage\":{\"@id\":\"https:\/\/www.legislapp.com.br\/index.php\/avulso-inicial-pl-10449-2018-camara\/#primaryimage\"},\"image\":{\"@id\":\"https:\/\/www.legislapp.com.br\/index.php\/avulso-inicial-pl-10449-2018-camara\/#primaryimage\"},\"thumbnailUrl\":\"https:\/\/www.legislapp.com.br\/wp-content\/uploads\/2021\/07\/Logo-Legislapp-1-03-1.png\",\"datePublished\":\"2025-12-01T14:00:08+00:00\",\"breadcrumb\":{\"@id\":\"https:\/\/www.legislapp.com.br\/index.php\/avulso-inicial-pl-10449-2018-camara\/#breadcrumb\"},\"inLanguage\":\"pt-BR\",\"potentialAction\":[{\"@type\":\"ReadAction\",\"target\":[\"https:\/\/www.legislapp.com.br\/index.php\/avulso-inicial-pl-10449-2018-camara\/\"]}]},{\"@type\":\"ImageObject\",\"inLanguage\":\"pt-BR\",\"@id\":\"https:\/\/www.legislapp.com.br\/index.php\/avulso-inicial-pl-10449-2018-camara\/#primaryimage\",\"url\":\"https:\/\/www.legislapp.com.br\/wp-content\/uploads\/2021\/07\/Logo-Legislapp-1-03-1.png\",\"contentUrl\":\"https:\/\/www.legislapp.com.br\/wp-content\/uploads\/2021\/07\/Logo-Legislapp-1-03-1.png\",\"width\":2679,\"height\":2697},{\"@type\":\"BreadcrumbList\",\"@id\":\"https:\/\/www.legislapp.com.br\/index.php\/avulso-inicial-pl-10449-2018-camara\/#breadcrumb\",\"itemListElement\":[{\"@type\":\"ListItem\",\"position\":1,\"name\":\"In\u00edcio\",\"item\":\"https:\/\/www.legislapp.com.br\/\"},{\"@type\":\"ListItem\",\"position\":2,\"name\":\"Avulso Inicial &#8211; PL 10449\/2018 &#8211; C\u00e2mara\"}]},{\"@type\":\"WebSite\",\"@id\":\"https:\/\/www.legislapp.com.br\/#website\",\"url\":\"https:\/\/www.legislapp.com.br\/\",\"name\":\"Legislapp\",\"description\":\"Intelig\u00eancia governamental em tempo real\",\"publisher\":{\"@id\":\"https:\/\/www.legislapp.com.br\/#organization\"},\"potentialAction\":[{\"@type\":\"SearchAction\",\"target\":{\"@type\":\"EntryPoint\",\"urlTemplate\":\"https:\/\/www.legislapp.com.br\/?s={search_term_string}\"},\"query-input\":{\"@type\":\"PropertyValueSpecification\",\"valueRequired\":true,\"valueName\":\"search_term_string\"}}],\"inLanguage\":\"pt-BR\"},{\"@type\":\"Organization\",\"@id\":\"https:\/\/www.legislapp.com.br\/#organization\",\"name\":\"Legislapp Monitoramento e Intelig\u00eancia Governamental\",\"url\":\"https:\/\/www.legislapp.com.br\/\",\"logo\":{\"@type\":\"ImageObject\",\"inLanguage\":\"pt-BR\",\"@id\":\"https:\/\/www.legislapp.com.br\/#\/schema\/logo\/image\/\",\"url\":\"https:\/\/www.legislapp.com.br\/wp-content\/uploads\/icon.png\",\"contentUrl\":\"https:\/\/www.legislapp.com.br\/wp-content\/uploads\/icon.png\",\"width\":1024,\"height\":1024,\"caption\":\"Legislapp Monitoramento e Intelig\u00eancia Governamental\"},\"image\":{\"@id\":\"https:\/\/www.legislapp.com.br\/#\/schema\/logo\/image\/\"},\"sameAs\":[\"https:\/\/www.instagram.com\/legislapp\/\"]}]}<\/script>\n<!-- \/ Yoast SEO plugin. -->","yoast_head_json":{"title":"Avulso Inicial - PL 10449\/2018 - C\u00e2mara - Legislapp","robots":{"index":"index","follow":"follow","max-snippet":"max-snippet:-1","max-image-preview":"max-image-preview:large","max-video-preview":"max-video-preview:-1"},"canonical":"https:\/\/www.legislapp.com.br\/index.php\/avulso-inicial-pl-10449-2018-camara\/","og_locale":"pt_BR","og_type":"article","og_title":"Avulso Inicial - PL 10449\/2018 - C\u00e2mara - Legislapp","og_description":"Avulso Inicial &#8211; Autoria de Luis Tib\u00e9 PROJETO DE LEI N\u00ba , DE 2018 (Do Sr. LUIS TIB\u00c9) Prioriza as candidatas mulheres como crit\u00e9rio de desempate caso duas ou mais candidaturas obtenham igual n\u00famero de votos em elei\u00e7\u00f5es proporcionais. O Congresso Nacional decreta: Art.1\u00ba O art.110 e o art.112, Inc. II, da Lei n\u00b0 4.737, [&hellip;]","og_url":"https:\/\/www.legislapp.com.br\/index.php\/avulso-inicial-pl-10449-2018-camara\/","og_site_name":"Legislapp","article_publisher":"https:\/\/www.instagram.com\/legislapp\/","og_image":[{"url":"https:\/\/www.legislapp.com.br\/wp-content\/uploads\/2021\/07\/Logo-Legislapp-1-03-1.png","type":"","width":"","height":""}],"twitter_card":"summary_large_image","twitter_misc":{"Est. tempo de leitura":"5 minutos"},"schema":{"@context":"https:\/\/schema.org","@graph":[{"@type":"WebPage","@id":"https:\/\/www.legislapp.com.br\/index.php\/avulso-inicial-pl-10449-2018-camara\/","url":"https:\/\/www.legislapp.com.br\/index.php\/avulso-inicial-pl-10449-2018-camara\/","name":"Avulso Inicial - PL 10449\/2018 - C\u00e2mara - Legislapp","isPartOf":{"@id":"https:\/\/www.legislapp.com.br\/#website"},"primaryImageOfPage":{"@id":"https:\/\/www.legislapp.com.br\/index.php\/avulso-inicial-pl-10449-2018-camara\/#primaryimage"},"image":{"@id":"https:\/\/www.legislapp.com.br\/index.php\/avulso-inicial-pl-10449-2018-camara\/#primaryimage"},"thumbnailUrl":"https:\/\/www.legislapp.com.br\/wp-content\/uploads\/2021\/07\/Logo-Legislapp-1-03-1.png","datePublished":"2025-12-01T14:00:08+00:00","breadcrumb":{"@id":"https:\/\/www.legislapp.com.br\/index.php\/avulso-inicial-pl-10449-2018-camara\/#breadcrumb"},"inLanguage":"pt-BR","potentialAction":[{"@type":"ReadAction","target":["https:\/\/www.legislapp.com.br\/index.php\/avulso-inicial-pl-10449-2018-camara\/"]}]},{"@type":"ImageObject","inLanguage":"pt-BR","@id":"https:\/\/www.legislapp.com.br\/index.php\/avulso-inicial-pl-10449-2018-camara\/#primaryimage","url":"https:\/\/www.legislapp.com.br\/wp-content\/uploads\/2021\/07\/Logo-Legislapp-1-03-1.png","contentUrl":"https:\/\/www.legislapp.com.br\/wp-content\/uploads\/2021\/07\/Logo-Legislapp-1-03-1.png","width":2679,"height":2697},{"@type":"BreadcrumbList","@id":"https:\/\/www.legislapp.com.br\/index.php\/avulso-inicial-pl-10449-2018-camara\/#breadcrumb","itemListElement":[{"@type":"ListItem","position":1,"name":"In\u00edcio","item":"https:\/\/www.legislapp.com.br\/"},{"@type":"ListItem","position":2,"name":"Avulso Inicial &#8211; PL 10449\/2018 &#8211; C\u00e2mara"}]},{"@type":"WebSite","@id":"https:\/\/www.legislapp.com.br\/#website","url":"https:\/\/www.legislapp.com.br\/","name":"Legislapp","description":"Intelig\u00eancia governamental em tempo real","publisher":{"@id":"https:\/\/www.legislapp.com.br\/#organization"},"potentialAction":[{"@type":"SearchAction","target":{"@type":"EntryPoint","urlTemplate":"https:\/\/www.legislapp.com.br\/?s={search_term_string}"},"query-input":{"@type":"PropertyValueSpecification","valueRequired":true,"valueName":"search_term_string"}}],"inLanguage":"pt-BR"},{"@type":"Organization","@id":"https:\/\/www.legislapp.com.br\/#organization","name":"Legislapp Monitoramento e Intelig\u00eancia Governamental","url":"https:\/\/www.legislapp.com.br\/","logo":{"@type":"ImageObject","inLanguage":"pt-BR","@id":"https:\/\/www.legislapp.com.br\/#\/schema\/logo\/image\/","url":"https:\/\/www.legislapp.com.br\/wp-content\/uploads\/icon.png","contentUrl":"https:\/\/www.legislapp.com.br\/wp-content\/uploads\/icon.png","width":1024,"height":1024,"caption":"Legislapp Monitoramento e Intelig\u00eancia Governamental"},"image":{"@id":"https:\/\/www.legislapp.com.br\/#\/schema\/logo\/image\/"},"sameAs":["https:\/\/www.instagram.com\/legislapp\/"]}]}},"_links":{"self":[{"href":"https:\/\/www.legislapp.com.br\/index.php\/wp-json\/wp\/v2\/pages\/10079","targetHints":{"allow":["GET"]}}],"collection":[{"href":"https:\/\/www.legislapp.com.br\/index.php\/wp-json\/wp\/v2\/pages"}],"about":[{"href":"https:\/\/www.legislapp.com.br\/index.php\/wp-json\/wp\/v2\/types\/page"}],"author":[{"embeddable":true,"href":"https:\/\/www.legislapp.com.br\/index.php\/wp-json\/wp\/v2\/users\/1"}],"replies":[{"embeddable":true,"href":"https:\/\/www.legislapp.com.br\/index.php\/wp-json\/wp\/v2\/comments?post=10079"}],"version-history":[{"count":0,"href":"https:\/\/www.legislapp.com.br\/index.php\/wp-json\/wp\/v2\/pages\/10079\/revisions"}],"wp:attachment":[{"href":"https:\/\/www.legislapp.com.br\/index.php\/wp-json\/wp\/v2\/media?parent=10079"}],"curies":[{"name":"wp","href":"https:\/\/api.w.org\/{rel}","templated":true}]}}