{"id":10086,"date":"2025-12-01T11:00:23","date_gmt":"2025-12-01T14:00:23","guid":{"rendered":"https:\/\/www.legislapp.com.br\/index.php\/avulso-inicial-pl-4811-2025-camara\/"},"modified":"2025-12-01T11:00:23","modified_gmt":"2025-12-01T14:00:23","slug":"avulso-inicial-pl-4811-2025-camara","status":"publish","type":"page","link":"https:\/\/www.legislapp.com.br\/index.php\/avulso-inicial-pl-4811-2025-camara\/","title":{"rendered":"Avulso Inicial &#8211; PL 4811\/2025 &#8211; C\u00e2mara"},"content":{"rendered":"<h1 style='text-align: center;'>Avulso Inicial &#8211; Autoria de Helder Salom\u00e3o<\/h3>\n<p><\/p>\n<article>\n<p>C\u00c2MARA DOS DEPUTADOS <\/p>\n<p>PROJETO DE LEI N.\u00ba 4.811, DE 2025<br \/>\n(Do Sr. Helder Salom\u00e3o) <\/p>\n<p>Acrescenta par\u00e1grafo ao art. 628-A da Consolida\u00e7\u00e3o das Leis do Trabalho<br \/>\n\u2013 CLT para dispensar do cadastramento no Domic\u00edlio Eletr\u00f4nico<br \/>\nTrabalhista as pessoas jur\u00eddicas sem empregados ou v\u00ednculos<br \/>\ntrabalhistas ou previdenci\u00e1rios. <\/p>\n<p>DESPACHO:<br \/>\n\u00c0S COMISS\u00d5ES DE<br \/>\nTRABALHO E<br \/>\nCONSTITUI\u00c7\u00c3O E JUSTI\u00c7A E DE CIDADANIA (ART. 54 RICD) <\/p>\n<p>APRECIA\u00c7\u00c3O:<br \/>\nProposi\u00e7\u00e3o Sujeita \u00e0 Aprecia\u00e7\u00e3o Conclusiva pelas Comiss\u00f5es &#8211; Art. 24 II <\/p>\n<p>PUBLICA\u00c7\u00c3O INICIAL<br \/>\nArt. 137, caput &#8211; RICD <\/p>\n<p>Coordena\u00e7\u00e3o de Comiss\u00f5es Permanentes &#8211; DECOM &#8211; P_6748<br \/>\nCONFERE COM O ORIGINAL AUTENTICADO <br \/>2<br \/>\n      C\u00c2MARA DOS DEPUTADOS<br \/>\n       DEPUTADO HELDER SALOM\u00c3O \u2013 PT\/ES<\/p>\n<p>PROJETO DE LEI N\u00ba          , DE 2025<br \/>\n(Do Sr. HELDER SALOM\u00c3O)<br \/>\nAcrescenta par\u00e1grafo ao art. 628-<br \/>\nA da Consolida\u00e7\u00e3o das Leis do Trabalho<br \/>\n\u2013 CLT para dispensar do cadastramento<br \/>\nno Domic\u00edlio Eletr\u00f4nico Trabalhista as<br \/>\npessoas jur\u00eddicas sem empregados ou<br \/>\nv\u00ednculos trabalhistas ou<br \/>\nprevidenci\u00e1rios.<br \/>\nO Congresso Nacional decreta:<br \/>\nArt. 1\u00ba O art. 628-A da Consolida\u00e7\u00e3o das Leis do Trabalho,<br \/>\naprovada pelo Decreto-lei n\u00ba 5.452, de 1\u00ba de maio de 1943, passa a vigorar<br \/>\nacrescido do seguinte \u00a7 3\u00ba:<br \/>\n\u201cArt. 628-A. &#8230;&#8230;&#8230;&#8230;&#8230;&#8230;&#8230;&#8230;&#8230;&#8230;&#8230;&#8230;&#8230;.<br \/>\n&#8230;&#8230;&#8230;&#8230;&#8230;&#8230;&#8230;&#8230;&#8230;&#8230;&#8230;&#8230;&#8230;&#8230;&#8230;&#8230;&#8230;&#8230;&#8230;..<br \/>\n\u00a7 3\u00ba Ficam dispensadas do cadastramento no Domic\u00edlio<br \/>\nEletr\u00f4nico Trabalhista as pessoas jur\u00eddicas que n\u00e3o possuam empregados<br \/>\nnem mantenham outros v\u00ednculos que gerem obriga\u00e7\u00f5es trabalhistas ou<br \/>\nprevidenci\u00e1rias, devendo efetuar o cadastramento no prazo de at\u00e9 30<br \/>\n(trinta) dias contado da ocorr\u00eancia do primeiro fato gerador dessas<br \/>\nobriga\u00e7\u00f5es, na forma do regulamento.\u201d (NR)<br \/>\nArt. 2\u00ba Esta lei entra em vigor na data de sua publica\u00e7\u00e3o.<br \/>\nJUSTIFICA\u00c7\u00c3O<\/p>\n<p>A Lei n\u00ba 14.621, de 2021, incorporou \u00e0 Consolida\u00e7\u00e3o das<br \/>\nLeis do Trabalho (CLT) o art. 628-A, instituindo o Domic\u00edlio Eletr\u00f4nico<br \/>\nC\u00e2mara dos Deputados \u2013 Anexo III Gabinete 679 \u2013 Piso Superior \u2013 Pra\u00e7a dos Tr\u00eas Poderes- Bras\u00edlia \u2013DF CEP 70160-900<br \/>\nCoordena\u00e7\u00e3o de Comiss\u00f5es Permanentes &#8211; DECOM &#8211; P_6748<br \/>\nTel: (61) 3215-1679  E-mail: dep.heldersalomao@camara.leg.br<br \/>\nCONFERE COM O ORIGINAL AUTENTICADO<br \/>\nPL 4811\/2025<br \/>\nPara verificar a assinatura, acesse https:\/\/infoleg-autenticidade-assinatura.camara.leg.br\/CD252204103700<br \/>\n2<br \/>\nAssinado eletronicamente pelo(a) Dep. Helder Salom\u00e3o<br \/>\nApresenta\u00e7\u00e3o: 29\/09\/2025 14:57:32.387 &#8211; Mesa<br \/>\n*CD252204103700* PL n.4811\/2025<br \/>3<br \/>\n      C\u00c2MARA DOS DEPUTADOS<br \/>\n       DEPUTADO HELDER SALOM\u00c3O \u2013 PT\/ES<br \/>\nTrabalhista (DET) como canal oficial de comunica\u00e7\u00e3o entre a Auditoria-Fiscal<br \/>\ndo Trabalho e os empregadores. Trata-se de medida louv\u00e1vel, que promove<br \/>\nefici\u00eancia, seguran\u00e7a jur\u00eddica e moderniza\u00e7\u00e3o na fiscaliza\u00e7\u00e3o trabalhista.<br \/>\nEntretanto, observa-se uma significativa distor\u00e7\u00e3o na<br \/>\naplica\u00e7\u00e3o da norma. O Decreto n\u00ba 11.904, de 2024, que regulamentou o<br \/>\nDET, estendeu a obrigatoriedade do cadastramento a \u201ctodos aqueles<br \/>\nsujeitos \u00e0 inspe\u00e7\u00e3o do trabalho, que tenham ou n\u00e3o empregado\u201d. Essa<br \/>\nexig\u00eancia, ao alcan\u00e7ar microempreendedores individuais (MEIs) e demais<br \/>\npessoas jur\u00eddicas que n\u00e3o possuem empregados ou outros v\u00ednculos<br \/>\ntrabalhistas, gera incongru\u00eancia com a finalidade essencial do sistema.<br \/>\nO DET foi concebido como instrumento de comunica\u00e7\u00e3o em<br \/>\nmat\u00e9ria de rela\u00e7\u00f5es de trabalho, sendo natural que seu cadastramento<br \/>\nobrigat\u00f3rio vise prioritariamente os empregadores. Impor essa obriga\u00e7\u00e3o a<br \/>\nempresas sem v\u00ednculos sujeitos \u00e0 legisla\u00e7\u00e3o trabalhista configura uma carga<br \/>\nburocr\u00e1tica desprovida de utilidade pr\u00e1tica, onerando indevidamente<br \/>\npequenos neg\u00f3cios e empreendedores individuais.<br \/>\nA dispensa para empresas sem v\u00ednculos empregat\u00edcios j\u00e1 \u00e9<br \/>\npr\u00e1tica consolidada em sistemas correlatos, como o eSocial, cujo<br \/>\ncronograma de implanta\u00e7\u00e3o \u2013 referenciado pelo Edital MTE n\u00ba 01\/2024 para<br \/>\no DET \u2013 exclui expressamente o MEI sem empregado. \u00c9 fundamental<br \/>\nharmonizar o tratamento dispensado a esses contribuintes nos diferentes<br \/>\nsistemas digitais da esfera trabalhista.<br \/>\nAssim, para corrigir essa distor\u00e7\u00e3o e alinhar a aplica\u00e7\u00e3o do<br \/>\nDET ao seu prop\u00f3sito legal original, prop\u00f5e-se a inclus\u00e3o do \u00a7 3\u00ba ao art.<br \/>\n628-A da CLT, dispensando expressamente do cadastramento as pessoas<br \/>\njur\u00eddicas sem empregados e sem outros v\u00ednculos que gerem obriga\u00e7\u00f5es<br \/>\ntrabalhistas ou previdenci\u00e1rias, e estabelecendo, de forma clara, o dever de<br \/>\nregulariza\u00e7\u00e3o no prazo de at\u00e9 30 dias ap\u00f3s a ocorr\u00eancia do primeiro fato<br \/>\ngerador dessas obriga\u00e7\u00f5es.<br \/>\nEssa corre\u00e7\u00e3o \u00e9 essencial para garantir que a<br \/>\ndesburocratiza\u00e7\u00e3o prometida pela cria\u00e7\u00e3o do DET seja efetiva para todos os<br \/>\nempreendedores, liberando-os de obriga\u00e7\u00f5es acess\u00f3rias desnecess\u00e1rias e<br \/>\ncontribuindo para um ambiente de neg\u00f3cios mais racional e favor\u00e1vel \u00e0<br \/>\nformaliza\u00e7\u00e3o.<\/p>\n<p>Esses os motivos pelos quais estamos certos de contar com<br \/>\no necess\u00e1rio apoio para a aprova\u00e7\u00e3o do projeto de lei em apre\u00e7o.<br \/>\nC\u00e2mara dos Deputados \u2013 Anexo III Gabinete 679 \u2013 Piso Superior \u2013 Pra\u00e7a dos Tr\u00eas Poderes- Bras\u00edlia \u2013DF CEP 70160-900<br \/>\nCoordena\u00e7\u00e3o de Comiss\u00f5es Permanentes &#8211; DECOM &#8211; P_6748<br \/>\nTel: (61) 3215-1679  E-mail: dep.heldersalomao@camara.leg.br<br \/>\nCONFERE COM O ORIGINAL AUTENTICADO<br \/>\nPL 4811\/2025<br \/>\nPara verificar a assinatura, acesse https:\/\/infoleg-autenticidade-assinatura.camara.leg.br\/CD252204103700<br \/>\n3<br \/>\nAssinado eletronicamente pelo(a) Dep. Helder Salom\u00e3o<br \/>\nApresenta\u00e7\u00e3o: 29\/09\/2025 14:57:32.387 &#8211; Mesa<br \/>\n*CD252204103700* PL n.4811\/2025<br \/>4<br \/>\n      C\u00c2MARA DOS DEPUTADOS<br \/>\n       DEPUTADO HELDER SALOM\u00c3O \u2013 PT\/ES<br \/>\nSala das Sess\u00f5es, em        de                     de 2025.<br \/>\nDeputado HELDER SALOM\u00c3O<br \/>\n2024-5410<\/p>\n<p>C\u00e2mara dos Deputados \u2013 Anexo III Gabinete 679 \u2013 Piso Superior \u2013 Pra\u00e7a dos Tr\u00eas Poderes- Bras\u00edlia \u2013DF CEP 70160-900<br \/>\nCoordena\u00e7\u00e3o de Comiss\u00f5es Permanentes &#8211; DECOM &#8211; P_6748<br \/>\nTel: (61) 3215-1679  E-mail: dep.heldersalomao@camara.leg.br<br \/>\nCONFERE COM O ORIGINAL AUTENTICADO<br \/>\nPL 4811\/2025<br \/>\nPara verificar a assinatura, acesse https:\/\/infoleg-autenticidade-assinatura.camara.leg.br\/CD252204103700<br \/>\n4<br \/>\nAssinado eletronicamente pelo(a) Dep. Helder Salom\u00e3o<br \/>\nApresenta\u00e7\u00e3o: 29\/09\/2025 14:57:32.387 &#8211; Mesa<br \/>\n*CD252204103700* PL n.4811\/2025<br \/>5 <\/p>\n<p>C\u00c2MARA DOS DEPUTADOS<br \/>\nCENTRO DE DOCUMENTA\u00c7\u00c3O E INFORMA\u00c7\u00c3O \u2013 CEDI<br \/>\nCoordena\u00e7\u00e3o de Organiza\u00e7\u00e3o da Informa\u00e7\u00e3o Legislativa \u2013 CELEG  <\/p>\n<p>DECRETO-LEI N\u00ba 5.452, DE 1\u00ba DE MAIO DE https:\/\/www2.camara.leg.br\/legin\/f<br \/>\n1943  ed\/declei\/1940-1949\/decreto-<br \/>\nlei5452-1-maio-1943-415500-<br \/>\nnormape.html  <\/p>\n<p>FIM DO DOCUMENTO<br \/>\nCoordena\u00e7\u00e3o de Comiss\u00f5es Permanentes &#8211; DECOM &#8211; P_6748<br \/>\nCONFERE COM O ORIGINAL AUTENTICADO<br \/>\nPL 4811\/2025 <\/article>\n<p><a href='https:\/\/app.legislapp.com.br\/#\/busca?termo=Altera\u00e7\u00e3o'>Altera\u00e7\u00e3o<\/a>, <a href='https:\/\/app.legislapp.com.br\/#\/busca?termo=Consolida\u00e7\u00e3o das Leis do Trabalho (CLT) (1943)'>Consolida\u00e7\u00e3o das Leis do Trabalho (CLT) (1943)<\/a>, <a href='https:\/\/app.legislapp.com.br\/#\/busca?termo=dispensa'>dispensa<\/a>, <a href='https:\/\/app.legislapp.com.br\/#\/busca?termo=cadastramento'>cadastramento<\/a>, <a href='https:\/\/app.legislapp.com.br\/#\/busca?termo=Domic\u00edlio Eletr\u00f4nico Trabalhista (DET)'>Domic\u00edlio Eletr\u00f4nico Trabalhista (DET)<\/a>, <a href='https:\/\/app.legislapp.com.br\/#\/busca?termo=pessoa jur\u00eddica'>pessoa jur\u00eddica<\/a>, <a href='https:\/\/app.legislapp.com.br\/#\/busca?termo=aus\u00eancia'>aus\u00eancia<\/a>, <a href='https:\/\/app.legislapp.com.br\/#\/busca?termo=empregado'>empregado<\/a>, <a href='https:\/\/app.legislapp.com.br\/#\/busca?termo=V\u00ednculo empregat\u00edcio.'>V\u00ednculo empregat\u00edcio.<\/a><\/p>\n<div style=\"text-align: center\">\n      <img decoding=\"async\" style=\"width: 14%;\" src=\"https:\/\/www.legislapp.com.br\/wp-content\/uploads\/2021\/07\/Logo-Legislapp-1-03-1.png\"><br \/>\n      <\/p>\n<div style=\"margin-bottom: 20px;\" class=\"et_pb_button_module_wrapper et_pb_button_5_tb_body_wrapper et_pb_button_alignment_center et_pb_module \">\n         <a class=\"et_pb_button et_pb_button_5_tb_body et_hover_enabled et_pb_bg_layout_dark\" style=\"width: 50%;background-color: black;\" href=\"https:\/\/app.legislapp.com.br\" target=\"_blank\" rel=\"noopener\">Visualizar completo na nossa plataforma (30 dias gr\u00e1tis)<\/a><\/p><\/div>\n<p>      <a href=\"https:\/\/play.google.com\/store\/apps\/details?id=br.com.legislapp\"><img decoding=\"async\" style=\"width: 15%; min-width: 130px;\" src=\"https:\/\/www.legislapp.com.br\/wp-content\/uploads\/google-play.png\"><\/a><br \/>\n      <a href=\"https:\/\/apps.apple.com\/us\/app\/legislapp\/id1568929859\"><img decoding=\"async\" style=\"width: 15%; min-width: 130px\" src=\"https:\/\/www.legislapp.com.br\/wp-content\/uploads\/apple-store.png\"><\/a>\n   <\/div>\n","protected":false},"excerpt":{"rendered":"<p>Avulso Inicial &#8211; Autoria de Helder Salom\u00e3o C\u00c2MARA DOS DEPUTADOS PROJETO DE LEI N.\u00ba 4.811, DE 2025 (Do Sr. Helder Salom\u00e3o) Acrescenta par\u00e1grafo ao art. 628-A da Consolida\u00e7\u00e3o das Leis do Trabalho \u2013 CLT para dispensar do cadastramento no Domic\u00edlio Eletr\u00f4nico Trabalhista as pessoas jur\u00eddicas sem empregados ou v\u00ednculos trabalhistas ou previdenci\u00e1rios. DESPACHO: \u00c0S COMISS\u00d5ES [&hellip;]<\/p>\n","protected":false},"author":1,"featured_media":0,"parent":0,"menu_order":0,"comment_status":"closed","ping_status":"closed","template":"page-template-blank.php","meta":{"_et_pb_use_builder":"","_et_pb_old_content":"","_et_gb_content_width":"1080","ngg_post_thumbnail":0,"footnotes":""},"class_list":["post-10086","page","type-page","status-publish","hentry"],"yoast_head":"<!-- This site is optimized with the Yoast SEO plugin v24.4 - https:\/\/yoast.com\/wordpress\/plugins\/seo\/ -->\n<title>Avulso Inicial - PL 4811\/2025 - C\u00e2mara - Legislapp<\/title>\n<meta name=\"robots\" content=\"index, follow, max-snippet:-1, max-image-preview:large, max-video-preview:-1\" \/>\n<link rel=\"canonical\" href=\"https:\/\/www.legislapp.com.br\/index.php\/avulso-inicial-pl-4811-2025-camara\/\" \/>\n<meta property=\"og:locale\" content=\"pt_BR\" \/>\n<meta property=\"og:type\" content=\"article\" \/>\n<meta property=\"og:title\" content=\"Avulso Inicial - PL 4811\/2025 - C\u00e2mara - Legislapp\" \/>\n<meta property=\"og:description\" content=\"Avulso Inicial &#8211; Autoria de Helder Salom\u00e3o C\u00c2MARA DOS DEPUTADOS PROJETO DE LEI N.\u00ba 4.811, DE 2025 (Do Sr. Helder Salom\u00e3o) Acrescenta par\u00e1grafo ao art. 628-A da Consolida\u00e7\u00e3o das Leis do Trabalho \u2013 CLT para dispensar do cadastramento no Domic\u00edlio Eletr\u00f4nico Trabalhista as pessoas jur\u00eddicas sem empregados ou v\u00ednculos trabalhistas ou previdenci\u00e1rios. DESPACHO: \u00c0S COMISS\u00d5ES [&hellip;]\" \/>\n<meta property=\"og:url\" content=\"https:\/\/www.legislapp.com.br\/index.php\/avulso-inicial-pl-4811-2025-camara\/\" \/>\n<meta property=\"og:site_name\" content=\"Legislapp\" \/>\n<meta property=\"article:publisher\" content=\"https:\/\/www.instagram.com\/legislapp\/\" \/>\n<meta property=\"og:image\" content=\"https:\/\/www.legislapp.com.br\/wp-content\/uploads\/2021\/07\/Logo-Legislapp-1-03-1.png\" \/>\n<meta name=\"twitter:card\" content=\"summary_large_image\" \/>\n<meta name=\"twitter:label1\" content=\"Est. tempo de leitura\" \/>\n\t<meta name=\"twitter:data1\" content=\"5 minutos\" \/>\n<script type=\"application\/ld+json\" class=\"yoast-schema-graph\">{\"@context\":\"https:\/\/schema.org\",\"@graph\":[{\"@type\":\"WebPage\",\"@id\":\"https:\/\/www.legislapp.com.br\/index.php\/avulso-inicial-pl-4811-2025-camara\/\",\"url\":\"https:\/\/www.legislapp.com.br\/index.php\/avulso-inicial-pl-4811-2025-camara\/\",\"name\":\"Avulso Inicial - PL 4811\/2025 - C\u00e2mara - Legislapp\",\"isPartOf\":{\"@id\":\"https:\/\/www.legislapp.com.br\/#website\"},\"primaryImageOfPage\":{\"@id\":\"https:\/\/www.legislapp.com.br\/index.php\/avulso-inicial-pl-4811-2025-camara\/#primaryimage\"},\"image\":{\"@id\":\"https:\/\/www.legislapp.com.br\/index.php\/avulso-inicial-pl-4811-2025-camara\/#primaryimage\"},\"thumbnailUrl\":\"https:\/\/www.legislapp.com.br\/wp-content\/uploads\/2021\/07\/Logo-Legislapp-1-03-1.png\",\"datePublished\":\"2025-12-01T14:00:23+00:00\",\"breadcrumb\":{\"@id\":\"https:\/\/www.legislapp.com.br\/index.php\/avulso-inicial-pl-4811-2025-camara\/#breadcrumb\"},\"inLanguage\":\"pt-BR\",\"potentialAction\":[{\"@type\":\"ReadAction\",\"target\":[\"https:\/\/www.legislapp.com.br\/index.php\/avulso-inicial-pl-4811-2025-camara\/\"]}]},{\"@type\":\"ImageObject\",\"inLanguage\":\"pt-BR\",\"@id\":\"https:\/\/www.legislapp.com.br\/index.php\/avulso-inicial-pl-4811-2025-camara\/#primaryimage\",\"url\":\"https:\/\/www.legislapp.com.br\/wp-content\/uploads\/2021\/07\/Logo-Legislapp-1-03-1.png\",\"contentUrl\":\"https:\/\/www.legislapp.com.br\/wp-content\/uploads\/2021\/07\/Logo-Legislapp-1-03-1.png\",\"width\":2679,\"height\":2697},{\"@type\":\"BreadcrumbList\",\"@id\":\"https:\/\/www.legislapp.com.br\/index.php\/avulso-inicial-pl-4811-2025-camara\/#breadcrumb\",\"itemListElement\":[{\"@type\":\"ListItem\",\"position\":1,\"name\":\"In\u00edcio\",\"item\":\"https:\/\/www.legislapp.com.br\/\"},{\"@type\":\"ListItem\",\"position\":2,\"name\":\"Avulso Inicial &#8211; PL 4811\/2025 &#8211; C\u00e2mara\"}]},{\"@type\":\"WebSite\",\"@id\":\"https:\/\/www.legislapp.com.br\/#website\",\"url\":\"https:\/\/www.legislapp.com.br\/\",\"name\":\"Legislapp\",\"description\":\"Intelig\u00eancia governamental em tempo real\",\"publisher\":{\"@id\":\"https:\/\/www.legislapp.com.br\/#organization\"},\"potentialAction\":[{\"@type\":\"SearchAction\",\"target\":{\"@type\":\"EntryPoint\",\"urlTemplate\":\"https:\/\/www.legislapp.com.br\/?s={search_term_string}\"},\"query-input\":{\"@type\":\"PropertyValueSpecification\",\"valueRequired\":true,\"valueName\":\"search_term_string\"}}],\"inLanguage\":\"pt-BR\"},{\"@type\":\"Organization\",\"@id\":\"https:\/\/www.legislapp.com.br\/#organization\",\"name\":\"Legislapp Monitoramento e Intelig\u00eancia Governamental\",\"url\":\"https:\/\/www.legislapp.com.br\/\",\"logo\":{\"@type\":\"ImageObject\",\"inLanguage\":\"pt-BR\",\"@id\":\"https:\/\/www.legislapp.com.br\/#\/schema\/logo\/image\/\",\"url\":\"https:\/\/www.legislapp.com.br\/wp-content\/uploads\/icon.png\",\"contentUrl\":\"https:\/\/www.legislapp.com.br\/wp-content\/uploads\/icon.png\",\"width\":1024,\"height\":1024,\"caption\":\"Legislapp Monitoramento e Intelig\u00eancia Governamental\"},\"image\":{\"@id\":\"https:\/\/www.legislapp.com.br\/#\/schema\/logo\/image\/\"},\"sameAs\":[\"https:\/\/www.instagram.com\/legislapp\/\"]}]}<\/script>\n<!-- \/ Yoast SEO plugin. -->","yoast_head_json":{"title":"Avulso Inicial - PL 4811\/2025 - C\u00e2mara - Legislapp","robots":{"index":"index","follow":"follow","max-snippet":"max-snippet:-1","max-image-preview":"max-image-preview:large","max-video-preview":"max-video-preview:-1"},"canonical":"https:\/\/www.legislapp.com.br\/index.php\/avulso-inicial-pl-4811-2025-camara\/","og_locale":"pt_BR","og_type":"article","og_title":"Avulso Inicial - PL 4811\/2025 - C\u00e2mara - Legislapp","og_description":"Avulso Inicial &#8211; Autoria de Helder Salom\u00e3o C\u00c2MARA DOS DEPUTADOS PROJETO DE LEI N.\u00ba 4.811, DE 2025 (Do Sr. Helder Salom\u00e3o) Acrescenta par\u00e1grafo ao art. 628-A da Consolida\u00e7\u00e3o das Leis do Trabalho \u2013 CLT para dispensar do cadastramento no Domic\u00edlio Eletr\u00f4nico Trabalhista as pessoas jur\u00eddicas sem empregados ou v\u00ednculos trabalhistas ou previdenci\u00e1rios. DESPACHO: \u00c0S COMISS\u00d5ES [&hellip;]","og_url":"https:\/\/www.legislapp.com.br\/index.php\/avulso-inicial-pl-4811-2025-camara\/","og_site_name":"Legislapp","article_publisher":"https:\/\/www.instagram.com\/legislapp\/","og_image":[{"url":"https:\/\/www.legislapp.com.br\/wp-content\/uploads\/2021\/07\/Logo-Legislapp-1-03-1.png","type":"","width":"","height":""}],"twitter_card":"summary_large_image","twitter_misc":{"Est. tempo de leitura":"5 minutos"},"schema":{"@context":"https:\/\/schema.org","@graph":[{"@type":"WebPage","@id":"https:\/\/www.legislapp.com.br\/index.php\/avulso-inicial-pl-4811-2025-camara\/","url":"https:\/\/www.legislapp.com.br\/index.php\/avulso-inicial-pl-4811-2025-camara\/","name":"Avulso Inicial - PL 4811\/2025 - C\u00e2mara - Legislapp","isPartOf":{"@id":"https:\/\/www.legislapp.com.br\/#website"},"primaryImageOfPage":{"@id":"https:\/\/www.legislapp.com.br\/index.php\/avulso-inicial-pl-4811-2025-camara\/#primaryimage"},"image":{"@id":"https:\/\/www.legislapp.com.br\/index.php\/avulso-inicial-pl-4811-2025-camara\/#primaryimage"},"thumbnailUrl":"https:\/\/www.legislapp.com.br\/wp-content\/uploads\/2021\/07\/Logo-Legislapp-1-03-1.png","datePublished":"2025-12-01T14:00:23+00:00","breadcrumb":{"@id":"https:\/\/www.legislapp.com.br\/index.php\/avulso-inicial-pl-4811-2025-camara\/#breadcrumb"},"inLanguage":"pt-BR","potentialAction":[{"@type":"ReadAction","target":["https:\/\/www.legislapp.com.br\/index.php\/avulso-inicial-pl-4811-2025-camara\/"]}]},{"@type":"ImageObject","inLanguage":"pt-BR","@id":"https:\/\/www.legislapp.com.br\/index.php\/avulso-inicial-pl-4811-2025-camara\/#primaryimage","url":"https:\/\/www.legislapp.com.br\/wp-content\/uploads\/2021\/07\/Logo-Legislapp-1-03-1.png","contentUrl":"https:\/\/www.legislapp.com.br\/wp-content\/uploads\/2021\/07\/Logo-Legislapp-1-03-1.png","width":2679,"height":2697},{"@type":"BreadcrumbList","@id":"https:\/\/www.legislapp.com.br\/index.php\/avulso-inicial-pl-4811-2025-camara\/#breadcrumb","itemListElement":[{"@type":"ListItem","position":1,"name":"In\u00edcio","item":"https:\/\/www.legislapp.com.br\/"},{"@type":"ListItem","position":2,"name":"Avulso Inicial &#8211; PL 4811\/2025 &#8211; C\u00e2mara"}]},{"@type":"WebSite","@id":"https:\/\/www.legislapp.com.br\/#website","url":"https:\/\/www.legislapp.com.br\/","name":"Legislapp","description":"Intelig\u00eancia governamental em tempo real","publisher":{"@id":"https:\/\/www.legislapp.com.br\/#organization"},"potentialAction":[{"@type":"SearchAction","target":{"@type":"EntryPoint","urlTemplate":"https:\/\/www.legislapp.com.br\/?s={search_term_string}"},"query-input":{"@type":"PropertyValueSpecification","valueRequired":true,"valueName":"search_term_string"}}],"inLanguage":"pt-BR"},{"@type":"Organization","@id":"https:\/\/www.legislapp.com.br\/#organization","name":"Legislapp Monitoramento e Intelig\u00eancia Governamental","url":"https:\/\/www.legislapp.com.br\/","logo":{"@type":"ImageObject","inLanguage":"pt-BR","@id":"https:\/\/www.legislapp.com.br\/#\/schema\/logo\/image\/","url":"https:\/\/www.legislapp.com.br\/wp-content\/uploads\/icon.png","contentUrl":"https:\/\/www.legislapp.com.br\/wp-content\/uploads\/icon.png","width":1024,"height":1024,"caption":"Legislapp Monitoramento e Intelig\u00eancia Governamental"},"image":{"@id":"https:\/\/www.legislapp.com.br\/#\/schema\/logo\/image\/"},"sameAs":["https:\/\/www.instagram.com\/legislapp\/"]}]}},"_links":{"self":[{"href":"https:\/\/www.legislapp.com.br\/index.php\/wp-json\/wp\/v2\/pages\/10086","targetHints":{"allow":["GET"]}}],"collection":[{"href":"https:\/\/www.legislapp.com.br\/index.php\/wp-json\/wp\/v2\/pages"}],"about":[{"href":"https:\/\/www.legislapp.com.br\/index.php\/wp-json\/wp\/v2\/types\/page"}],"author":[{"embeddable":true,"href":"https:\/\/www.legislapp.com.br\/index.php\/wp-json\/wp\/v2\/users\/1"}],"replies":[{"embeddable":true,"href":"https:\/\/www.legislapp.com.br\/index.php\/wp-json\/wp\/v2\/comments?post=10086"}],"version-history":[{"count":0,"href":"https:\/\/www.legislapp.com.br\/index.php\/wp-json\/wp\/v2\/pages\/10086\/revisions"}],"wp:attachment":[{"href":"https:\/\/www.legislapp.com.br\/index.php\/wp-json\/wp\/v2\/media?parent=10086"}],"curies":[{"name":"wp","href":"https:\/\/api.w.org\/{rel}","templated":true}]}}