{"id":10092,"date":"2025-12-01T11:00:35","date_gmt":"2025-12-01T14:00:35","guid":{"rendered":"https:\/\/www.legislapp.com.br\/index.php\/avulso-inicial-pl-4866-2025-camara\/"},"modified":"2025-12-01T11:00:35","modified_gmt":"2025-12-01T14:00:35","slug":"avulso-inicial-pl-4866-2025-camara","status":"publish","type":"page","link":"https:\/\/www.legislapp.com.br\/index.php\/avulso-inicial-pl-4866-2025-camara\/","title":{"rendered":"Avulso Inicial &#8211; PL 4866\/2025 &#8211; C\u00e2mara"},"content":{"rendered":"<h1 style='text-align: center;'>Avulso Inicial &#8211; Autoria de Rafael Brito<\/h3>\n<p><\/p>\n<article>PROJETO DE LEI N\u00ba          , DE 2025<br \/>\n(Do Sr. RAFAEL BRITO)<br \/>\nAltera a Lei n\u00ba 12.587, de 2012, que<br \/>\ninstitui as diretrizes da Pol\u00edtica Nacional de<br \/>\nMobilidade Urbana, para dispor sobre<br \/>\niniciativas para promover a elabora\u00e7\u00e3o dos<br \/>\nplanos de mobilidade urbana pelos<br \/>\nMunic\u00edpios.<br \/>\nO Congresso Nacional decreta:<br \/>\nArt. 1\u00ba Esta Lei altera a Lei n\u00ba 12.587, de 3 de janeiro de 2012,<br \/>\nque institui as diretrizes da Pol\u00edtica Nacional de Mobilidade Urbana, para dispor<br \/>\nsobre iniciativas para promover a elabora\u00e7\u00e3o dos planos de mobilidade urbana<br \/>\npelos Munic\u00edpios.<br \/>\nArt. 2\u00ba A Lei n\u00ba 12.587, de 2012, passa a vigorar com as<br \/>\nseguintes altera\u00e7\u00f5es:<br \/>\n\u201cArt. 16. &#8230;&#8230;&#8230;&#8230;&#8230;&#8230;&#8230;&#8230;&#8230;&#8230;&#8230;&#8230;&#8230;&#8230;&#8230;&#8230;&#8230;&#8230;&#8230;&#8230;&#8230;&#8230;&#8230;&#8230;&#8230;&#8230;&#8230;&#8230;&#8230;.<br \/>\n&#8230;&#8230;&#8230;&#8230;&#8230;&#8230;&#8230;&#8230;&#8230;&#8230;&#8230;&#8230;&#8230;&#8230;&#8230;&#8230;&#8230;&#8230;&#8230;&#8230;&#8230;&#8230;&#8230;&#8230;&#8230;&#8230;&#8230;&#8230;&#8230;&#8230;&#8230;&#8230;&#8230;..<br \/>\n\u00a7 3\u00ba No que tange \u00e0 assist\u00eancia financeira a ser prestada aos<br \/>\nMunic\u00edpios de que trata o inciso I, a Uni\u00e3o dever\u00e1 priorizar a<br \/>\naloca\u00e7\u00e3o de recursos destinados \u00e0 elabora\u00e7\u00e3o dos planos de<br \/>\nmobilidade, em observ\u00e2ncia ao que disp\u00f5e o art. 24.<br \/>\n\u00a7 4\u00ba No processo de sele\u00e7\u00e3o dos benefici\u00e1rios da assist\u00eancia<br \/>\nfinanceira de que trata o \u00a7 3\u00ba, poder\u00e1 ser exigida contrapartida<br \/>\nadministrativa por parte dos Munic\u00edpios, na forma de<br \/>\nregulamento.\u201d (NR)<br \/>\n\u201cArt. 24. &#8230;&#8230;&#8230;&#8230;&#8230;&#8230;&#8230;&#8230;&#8230;&#8230;&#8230;&#8230;&#8230;&#8230;&#8230;&#8230;&#8230;&#8230;&#8230;&#8230;&#8230;&#8230;&#8230;&#8230;&#8230;&#8230;&#8230;&#8230;&#8230;.<br \/>\n&#8230;&#8230;&#8230;&#8230;&#8230;&#8230;&#8230;&#8230;&#8230;&#8230;&#8230;&#8230;&#8230;&#8230;&#8230;&#8230;&#8230;&#8230;&#8230;&#8230;&#8230;&#8230;&#8230;&#8230;&#8230;&#8230;&#8230;&#8230;&#8230;&#8230;&#8230;&#8230;&#8230;..<br \/>\nPara verificar a assinatura, acesse https:\/\/infoleg-autenticidade-assinatura.camara.leg.br\/CD253034773300<br \/>\nAssinado eletronicamente pelo(a) Dep. Rafael Brito<br \/>\nApresenta\u00e7\u00e3o: 30\/09\/2025 18:53:52.437 &#8211; Mesa<br \/>\n*CD253034773300* PL n.4866\/2025<br \/>2<br \/>\n\u00a7 1\u00ba-B No que tange ao princ\u00edpio da seguran\u00e7a nos<br \/>\ndeslocamentos de pessoas, previsto no inciso VI do art. 5\u00ba, o<br \/>\nPlano de Mobilidade Urbana deve estar alinhado ao Plano<br \/>\nNacional de Redu\u00e7\u00e3o de Mortes e Les\u00f5es no Tr\u00e2nsito<br \/>\n(Pnatrans), nos termos do que disp\u00f5e o art. 326-A da Lei n\u00ba<br \/>\n9.503, de 23 de setembro de 1997, que institui o C\u00f3digo de<br \/>\nTr\u00e2nsito Brasileiro.<br \/>\n&#8230;&#8230;&#8230;&#8230;&#8230;&#8230;&#8230;&#8230;&#8230;&#8230;&#8230;&#8230;&#8230;&#8230;&#8230;&#8230;&#8230;&#8230;&#8230;&#8230;&#8230;&#8230;&#8230;&#8230;&#8230;&#8230;&#8230;&#8230;&#8230;&#8230;&#8230;&#8230;&#8230;..<br \/>\n\u00a7 7\u00ba A aprova\u00e7\u00e3o do Plano de Mobilidade Urbana pelos<br \/>\nMunic\u00edpios, nos termos do \u00a7 4\u00ba deste artigo, ser\u00e1 informada ao<br \/>\n\u00f3rg\u00e3o federal respons\u00e1vel pela Pol\u00edtica Nacional de Mobilidade<br \/>\nUrbana.<br \/>\n&#8230;&#8230;&#8230;&#8230;&#8230;&#8230;&#8230;&#8230;&#8230;&#8230;&#8230;&#8230;&#8230;&#8230;&#8230;&#8230;&#8230;&#8230;&#8230;&#8230;&#8230;&#8230;&#8230;&#8230;&#8230;&#8230;&#8230;&#8230;&#8230;&#8230;&#8230;&#8230;&#8230;..<br \/>\n\u00a7 8\u00ba-A A concess\u00e3o de recursos federais ao Munic\u00edpio<br \/>\ndestinados \u00e0 mobilidade urbana fica condicionada a an\u00e1lise do<br \/>\nrespectivo plano de mobilidade urbana pelo \u00f3rg\u00e3o respons\u00e1vel<br \/>\npela Pol\u00edtica Nacional de Mobilidade Urbana e a valida\u00e7\u00e3o<br \/>\nquanto \u00e0 observ\u00e2ncia do disposto no caput e respectivos<br \/>\nincisos.<br \/>\n&#8230;&#8230;&#8230;&#8230;&#8230;&#8230;&#8230;&#8230;&#8230;&#8230;&#8230;&#8230;&#8230;&#8230;&#8230;&#8230;&#8230;&#8230;&#8230;&#8230;&#8230;&#8230;&#8230;&#8230;&#8230;&#8230;&#8230;&#8230;&#8230;&#8230;&#8230;&#8230;&#8230;..<br \/>\n\u00a7 10. O \u00f3rg\u00e3o respons\u00e1vel pela Pol\u00edtica Nacional de Mobilidade<br \/>\nUrbana poder\u00e1 credenciar profissionais e empresas para<br \/>\nelaborar os planos de mobilidade urbana, observados os<br \/>\nrequisitos previstos nesta Lei e em regulamento.\u201d (NR)<br \/>\nArt. 3\u00ba Esta Lei entra em vigor na data de sua publica\u00e7\u00e3o.<br \/>\nJUSTIFICA\u00c7\u00c3O<br \/>\nAs cidades brasileiras enfrentam diariamente problemas<br \/>\nrelacionados \u00e0 mobilidade. Com o constante crescimento urbano, lidar com<br \/>\nessas quest\u00f5es sem o adequado planejamento torna-se cada vez mais<br \/>\nimpratic\u00e1vel. Os congestionamentos, a precariedade dos servi\u00e7os de transporte<br \/>\nPara verificar a assinatura, acesse https:\/\/infoleg-autenticidade-assinatura.camara.leg.br\/CD253034773300<br \/>\nAssinado eletronicamente pelo(a) Dep. Rafael Brito<br \/>\nApresenta\u00e7\u00e3o: 30\/09\/2025 18:53:52.437 &#8211; Mesa<br \/>\n*CD253034773300* PL n.4866\/2025<br \/>3<br \/>\np\u00fablico coletivo e a sinistralidade no tr\u00e2nsito s\u00e3o uns dos desafios a serem<br \/>\nenfrentados pelas autoridades. Nesse contexto, os planos de mobilidade<br \/>\nurbana mostram-se como valiosos instrumentos de que disp\u00f5em os gestores<br \/>\np\u00fablicos para planejar e organizar o deslocamento de pessoas e cargas de<br \/>\nforma eficiente e segura no \u00e2mbito do munic\u00edpio.<br \/>\nN\u00e3o por acaso, a Lei n\u00ba 12.587, de 3 de janeiro de 2012, que<br \/>\ninstitui as diretrizes da Pol\u00edtica Nacional de Mobilidade Urbana (PNMU), obriga<br \/>\nos munic\u00edpios com mais de 20 mil habitantes a elaborar o plano de mobilidade<br \/>\nurbana, no qual devem estar contemplados diversos aspectos relacionados ao<br \/>\ntransporte urbano. Al\u00e9m disso, a Lei estabelece o prazo m\u00e1ximo de abril de<br \/>\n2025 para o cumprimento dessa exig\u00eancia, sob pena de o munic\u00edpio ficar<br \/>\nimpossibilitado de receber recursos federais destinados \u00e0 mobilidade urbana.<br \/>\nNo entanto, apenas 20% das cidades obrigadas a elaborar<br \/>\nplano de mobilidade urbana j\u00e1 o fizeram. Apesar da imposi\u00e7\u00e3o legal, a ades\u00e3o<br \/>\npor parte dos gestores municipais \u00e0 referida pol\u00edtica vem ocorrendo a passos<br \/>\nlentos, enquanto as cidades crescem e os problemas relativos \u00e0 mobilidade<br \/>\naumentam em ritmo acelerado. Ademais, em que pese a Lei prever a atribui\u00e7\u00e3o<br \/>\nda Uni\u00e3o de prestar assessoramento t\u00e9cnico e financeiro aos munic\u00edpios,<br \/>\nverifica-se que, em muitos casos, ainda n\u00e3o h\u00e1 acesso suficiente a recursos<br \/>\nfinanceiros para auxiliar os gestores municipais na elabora\u00e7\u00e3o dos planos.<br \/>\nAl\u00e9m disso, a qualidade dos poucos planos j\u00e1 elaborados ainda<br \/>\napresentam limita\u00e7\u00f5es, o que refor\u00e7a a import\u00e2ncia de medidas que favore\u00e7am<br \/>\nseu aprimoramento. N\u00e3o se pode descartar a possibilidade de que, com o<br \/>\nintuito de cumprir a exig\u00eancia legal, alguns gestores municipais venham a<br \/>\nelaborar documentos que denominam \u201cplano de mobilidade urbana\u201d, mas que<br \/>\nn\u00e3o contemplam os devidos elementos previstos na Lei n\u00ba 12.587, de 2012, ou<br \/>\nna literatura t\u00e9cnica especializada, e assim poderem receber recursos federais.<br \/>\nPropomos, ainda, que os planos de mobilidade urbana estejam<br \/>\nalinhados ao Plano Nacional de Redu\u00e7\u00e3o de Mortes e Les\u00f5es no Tr\u00e2nsito<br \/>\n(Pnatrans), previsto no C\u00f3digo de Tr\u00e2nsito Brasileiro, com o intuito de integrar<br \/>\nas pol\u00edticas de seguran\u00e7a no tr\u00e2nsito e de mobilidade urbana.<br \/>\nPara verificar a assinatura, acesse https:\/\/infoleg-autenticidade-assinatura.camara.leg.br\/CD253034773300<br \/>\nAssinado eletronicamente pelo(a) Dep. Rafael Brito<br \/>\nApresenta\u00e7\u00e3o: 30\/09\/2025 18:53:52.437 &#8211; Mesa<br \/>\n*CD253034773300* PL n.4866\/2025<br \/>4<br \/>\nPor fim, propomos pequeno ajuste na reda\u00e7\u00e3o do \u00a7 7\u00ba do art.<br \/>\n24, de modo a deixar expresso de forma mais gen\u00e9rica o nome do \u00f3rg\u00e3o<br \/>\nfederal respons\u00e1vel pela Pol\u00edtica Nacional de Mobilidade Urbana, uma vez que<br \/>\na denomina\u00e7\u00e3o em vigor j\u00e1 se encontra desatualizada, em raz\u00e3o de altera\u00e7\u00e3o<br \/>\nna estrutura administrativa do Governo Federal com a \u00faltima mudan\u00e7a de<br \/>\nmandato presidencial.<br \/>\nNesse contexto, rogamos o apoio dos nobres Pares para a<br \/>\naprova\u00e7\u00e3o do presente projeto de lei com o intuito de incluir na Lei dispositivos<br \/>\npara promover a elabora\u00e7\u00e3o dos planos de mobilidade urbana pelos<br \/>\nmunic\u00edpios.<br \/>\nSala das Sess\u00f5es, em        de                     de 2025.<br \/>\nDeputado RAFAEL BRITO<br \/>\n2025-9826<br \/>\nPara verificar a assinatura, acesse https:\/\/infoleg-autenticidade-assinatura.camara.leg.br\/CD253034773300<br \/>\nAssinado eletronicamente pelo(a) Dep. Rafael Brito<br \/>\nApresenta\u00e7\u00e3o: 30\/09\/2025 18:53:52.437 &#8211; Mesa<br \/>\n*CD253034773300* PL n.4866\/2025<\/article>\n<p><a href='https:\/\/app.legislapp.com.br\/#\/busca?termo=Altera\u00e7\u00e3o'>Altera\u00e7\u00e3o<\/a>, <a href='https:\/\/app.legislapp.com.br\/#\/busca?termo=Lei da Pol\u00edtica Nacional de Mobilidade Urbana (2012)'>Lei da Pol\u00edtica Nacional de Mobilidade Urbana (2012)<\/a>, <a href='https:\/\/app.legislapp.com.br\/#\/busca?termo=promo\u00e7\u00e3o'>promo\u00e7\u00e3o<\/a>, <a href='https:\/\/app.legislapp.com.br\/#\/busca?termo=mobilidade urbana'>mobilidade urbana<\/a>, <a href='https:\/\/app.legislapp.com.br\/#\/busca?termo=redu\u00e7\u00e3o'>redu\u00e7\u00e3o<\/a>, <a href='https:\/\/app.legislapp.com.br\/#\/busca?termo=Acidente de tr\u00e2nsito'>Acidente de tr\u00e2nsito<\/a>, <a href='https:\/\/app.legislapp.com.br\/#\/busca?termo=incentivo'>incentivo<\/a>, <a href='https:\/\/app.legislapp.com.br\/#\/busca?termo=elabora\u00e7\u00e3o'>elabora\u00e7\u00e3o<\/a>, <a href='https:\/\/app.legislapp.com.br\/#\/busca?termo=implanta\u00e7\u00e3o'>implanta\u00e7\u00e3o<\/a>, <a href='https:\/\/app.legislapp.com.br\/#\/busca?termo=Plano de Mobilidade Urbana'>Plano de Mobilidade Urbana<\/a>, <a href='https:\/\/app.legislapp.com.br\/#\/busca?termo=munic\u00edpio.'>munic\u00edpio.<\/a><\/p>\n<div style=\"text-align: center\">\n      <img decoding=\"async\" style=\"width: 14%;\" src=\"https:\/\/www.legislapp.com.br\/wp-content\/uploads\/2021\/07\/Logo-Legislapp-1-03-1.png\"><br \/>\n      <\/p>\n<div style=\"margin-bottom: 20px;\" class=\"et_pb_button_module_wrapper et_pb_button_5_tb_body_wrapper et_pb_button_alignment_center et_pb_module \">\n         <a class=\"et_pb_button et_pb_button_5_tb_body et_hover_enabled et_pb_bg_layout_dark\" style=\"width: 50%;background-color: black;\" href=\"https:\/\/app.legislapp.com.br\" target=\"_blank\" rel=\"noopener\">Visualizar completo na nossa plataforma (30 dias gr\u00e1tis)<\/a><\/p><\/div>\n<p>      <a href=\"https:\/\/play.google.com\/store\/apps\/details?id=br.com.legislapp\"><img decoding=\"async\" style=\"width: 15%; min-width: 130px;\" src=\"https:\/\/www.legislapp.com.br\/wp-content\/uploads\/google-play.png\"><\/a><br \/>\n      <a href=\"https:\/\/apps.apple.com\/us\/app\/legislapp\/id1568929859\"><img decoding=\"async\" style=\"width: 15%; min-width: 130px\" src=\"https:\/\/www.legislapp.com.br\/wp-content\/uploads\/apple-store.png\"><\/a>\n   <\/div>\n","protected":false},"excerpt":{"rendered":"<p>Avulso Inicial &#8211; Autoria de Rafael Brito PROJETO DE LEI N\u00ba , DE 2025 (Do Sr. RAFAEL BRITO) Altera a Lei n\u00ba 12.587, de 2012, que institui as diretrizes da Pol\u00edtica Nacional de Mobilidade Urbana, para dispor sobre iniciativas para promover a elabora\u00e7\u00e3o dos planos de mobilidade urbana pelos Munic\u00edpios. O Congresso Nacional decreta: Art. [&hellip;]<\/p>\n","protected":false},"author":1,"featured_media":0,"parent":0,"menu_order":0,"comment_status":"closed","ping_status":"closed","template":"page-template-blank.php","meta":{"_et_pb_use_builder":"","_et_pb_old_content":"","_et_gb_content_width":"1080","ngg_post_thumbnail":0,"footnotes":""},"class_list":["post-10092","page","type-page","status-publish","hentry"],"yoast_head":"<!-- This site is optimized with the Yoast SEO plugin v24.4 - https:\/\/yoast.com\/wordpress\/plugins\/seo\/ -->\n<title>Avulso Inicial - PL 4866\/2025 - C\u00e2mara - Legislapp<\/title>\n<meta name=\"robots\" content=\"index, follow, max-snippet:-1, max-image-preview:large, max-video-preview:-1\" \/>\n<link rel=\"canonical\" href=\"https:\/\/www.legislapp.com.br\/index.php\/avulso-inicial-pl-4866-2025-camara\/\" \/>\n<meta property=\"og:locale\" content=\"pt_BR\" \/>\n<meta property=\"og:type\" content=\"article\" \/>\n<meta property=\"og:title\" content=\"Avulso Inicial - PL 4866\/2025 - C\u00e2mara - Legislapp\" \/>\n<meta property=\"og:description\" content=\"Avulso Inicial &#8211; Autoria de Rafael Brito PROJETO DE LEI N\u00ba , DE 2025 (Do Sr. RAFAEL BRITO) Altera a Lei n\u00ba 12.587, de 2012, que institui as diretrizes da Pol\u00edtica Nacional de Mobilidade Urbana, para dispor sobre iniciativas para promover a elabora\u00e7\u00e3o dos planos de mobilidade urbana pelos Munic\u00edpios. O Congresso Nacional decreta: Art. [&hellip;]\" \/>\n<meta property=\"og:url\" content=\"https:\/\/www.legislapp.com.br\/index.php\/avulso-inicial-pl-4866-2025-camara\/\" \/>\n<meta property=\"og:site_name\" content=\"Legislapp\" \/>\n<meta property=\"article:publisher\" content=\"https:\/\/www.instagram.com\/legislapp\/\" \/>\n<meta property=\"og:image\" content=\"https:\/\/www.legislapp.com.br\/wp-content\/uploads\/2021\/07\/Logo-Legislapp-1-03-1.png\" \/>\n<meta name=\"twitter:card\" content=\"summary_large_image\" \/>\n<meta name=\"twitter:label1\" content=\"Est. tempo de leitura\" \/>\n\t<meta name=\"twitter:data1\" content=\"5 minutos\" \/>\n<script type=\"application\/ld+json\" class=\"yoast-schema-graph\">{\"@context\":\"https:\/\/schema.org\",\"@graph\":[{\"@type\":\"WebPage\",\"@id\":\"https:\/\/www.legislapp.com.br\/index.php\/avulso-inicial-pl-4866-2025-camara\/\",\"url\":\"https:\/\/www.legislapp.com.br\/index.php\/avulso-inicial-pl-4866-2025-camara\/\",\"name\":\"Avulso Inicial - PL 4866\/2025 - C\u00e2mara - Legislapp\",\"isPartOf\":{\"@id\":\"https:\/\/www.legislapp.com.br\/#website\"},\"primaryImageOfPage\":{\"@id\":\"https:\/\/www.legislapp.com.br\/index.php\/avulso-inicial-pl-4866-2025-camara\/#primaryimage\"},\"image\":{\"@id\":\"https:\/\/www.legislapp.com.br\/index.php\/avulso-inicial-pl-4866-2025-camara\/#primaryimage\"},\"thumbnailUrl\":\"https:\/\/www.legislapp.com.br\/wp-content\/uploads\/2021\/07\/Logo-Legislapp-1-03-1.png\",\"datePublished\":\"2025-12-01T14:00:35+00:00\",\"breadcrumb\":{\"@id\":\"https:\/\/www.legislapp.com.br\/index.php\/avulso-inicial-pl-4866-2025-camara\/#breadcrumb\"},\"inLanguage\":\"pt-BR\",\"potentialAction\":[{\"@type\":\"ReadAction\",\"target\":[\"https:\/\/www.legislapp.com.br\/index.php\/avulso-inicial-pl-4866-2025-camara\/\"]}]},{\"@type\":\"ImageObject\",\"inLanguage\":\"pt-BR\",\"@id\":\"https:\/\/www.legislapp.com.br\/index.php\/avulso-inicial-pl-4866-2025-camara\/#primaryimage\",\"url\":\"https:\/\/www.legislapp.com.br\/wp-content\/uploads\/2021\/07\/Logo-Legislapp-1-03-1.png\",\"contentUrl\":\"https:\/\/www.legislapp.com.br\/wp-content\/uploads\/2021\/07\/Logo-Legislapp-1-03-1.png\",\"width\":2679,\"height\":2697},{\"@type\":\"BreadcrumbList\",\"@id\":\"https:\/\/www.legislapp.com.br\/index.php\/avulso-inicial-pl-4866-2025-camara\/#breadcrumb\",\"itemListElement\":[{\"@type\":\"ListItem\",\"position\":1,\"name\":\"In\u00edcio\",\"item\":\"https:\/\/www.legislapp.com.br\/\"},{\"@type\":\"ListItem\",\"position\":2,\"name\":\"Avulso Inicial &#8211; PL 4866\/2025 &#8211; C\u00e2mara\"}]},{\"@type\":\"WebSite\",\"@id\":\"https:\/\/www.legislapp.com.br\/#website\",\"url\":\"https:\/\/www.legislapp.com.br\/\",\"name\":\"Legislapp\",\"description\":\"Intelig\u00eancia governamental em tempo real\",\"publisher\":{\"@id\":\"https:\/\/www.legislapp.com.br\/#organization\"},\"potentialAction\":[{\"@type\":\"SearchAction\",\"target\":{\"@type\":\"EntryPoint\",\"urlTemplate\":\"https:\/\/www.legislapp.com.br\/?s={search_term_string}\"},\"query-input\":{\"@type\":\"PropertyValueSpecification\",\"valueRequired\":true,\"valueName\":\"search_term_string\"}}],\"inLanguage\":\"pt-BR\"},{\"@type\":\"Organization\",\"@id\":\"https:\/\/www.legislapp.com.br\/#organization\",\"name\":\"Legislapp Monitoramento e Intelig\u00eancia Governamental\",\"url\":\"https:\/\/www.legislapp.com.br\/\",\"logo\":{\"@type\":\"ImageObject\",\"inLanguage\":\"pt-BR\",\"@id\":\"https:\/\/www.legislapp.com.br\/#\/schema\/logo\/image\/\",\"url\":\"https:\/\/www.legislapp.com.br\/wp-content\/uploads\/icon.png\",\"contentUrl\":\"https:\/\/www.legislapp.com.br\/wp-content\/uploads\/icon.png\",\"width\":1024,\"height\":1024,\"caption\":\"Legislapp Monitoramento e Intelig\u00eancia Governamental\"},\"image\":{\"@id\":\"https:\/\/www.legislapp.com.br\/#\/schema\/logo\/image\/\"},\"sameAs\":[\"https:\/\/www.instagram.com\/legislapp\/\"]}]}<\/script>\n<!-- \/ Yoast SEO plugin. -->","yoast_head_json":{"title":"Avulso Inicial - PL 4866\/2025 - C\u00e2mara - Legislapp","robots":{"index":"index","follow":"follow","max-snippet":"max-snippet:-1","max-image-preview":"max-image-preview:large","max-video-preview":"max-video-preview:-1"},"canonical":"https:\/\/www.legislapp.com.br\/index.php\/avulso-inicial-pl-4866-2025-camara\/","og_locale":"pt_BR","og_type":"article","og_title":"Avulso Inicial - PL 4866\/2025 - C\u00e2mara - Legislapp","og_description":"Avulso Inicial &#8211; Autoria de Rafael Brito PROJETO DE LEI N\u00ba , DE 2025 (Do Sr. RAFAEL BRITO) Altera a Lei n\u00ba 12.587, de 2012, que institui as diretrizes da Pol\u00edtica Nacional de Mobilidade Urbana, para dispor sobre iniciativas para promover a elabora\u00e7\u00e3o dos planos de mobilidade urbana pelos Munic\u00edpios. O Congresso Nacional decreta: Art. [&hellip;]","og_url":"https:\/\/www.legislapp.com.br\/index.php\/avulso-inicial-pl-4866-2025-camara\/","og_site_name":"Legislapp","article_publisher":"https:\/\/www.instagram.com\/legislapp\/","og_image":[{"url":"https:\/\/www.legislapp.com.br\/wp-content\/uploads\/2021\/07\/Logo-Legislapp-1-03-1.png","type":"","width":"","height":""}],"twitter_card":"summary_large_image","twitter_misc":{"Est. tempo de leitura":"5 minutos"},"schema":{"@context":"https:\/\/schema.org","@graph":[{"@type":"WebPage","@id":"https:\/\/www.legislapp.com.br\/index.php\/avulso-inicial-pl-4866-2025-camara\/","url":"https:\/\/www.legislapp.com.br\/index.php\/avulso-inicial-pl-4866-2025-camara\/","name":"Avulso Inicial - PL 4866\/2025 - C\u00e2mara - Legislapp","isPartOf":{"@id":"https:\/\/www.legislapp.com.br\/#website"},"primaryImageOfPage":{"@id":"https:\/\/www.legislapp.com.br\/index.php\/avulso-inicial-pl-4866-2025-camara\/#primaryimage"},"image":{"@id":"https:\/\/www.legislapp.com.br\/index.php\/avulso-inicial-pl-4866-2025-camara\/#primaryimage"},"thumbnailUrl":"https:\/\/www.legislapp.com.br\/wp-content\/uploads\/2021\/07\/Logo-Legislapp-1-03-1.png","datePublished":"2025-12-01T14:00:35+00:00","breadcrumb":{"@id":"https:\/\/www.legislapp.com.br\/index.php\/avulso-inicial-pl-4866-2025-camara\/#breadcrumb"},"inLanguage":"pt-BR","potentialAction":[{"@type":"ReadAction","target":["https:\/\/www.legislapp.com.br\/index.php\/avulso-inicial-pl-4866-2025-camara\/"]}]},{"@type":"ImageObject","inLanguage":"pt-BR","@id":"https:\/\/www.legislapp.com.br\/index.php\/avulso-inicial-pl-4866-2025-camara\/#primaryimage","url":"https:\/\/www.legislapp.com.br\/wp-content\/uploads\/2021\/07\/Logo-Legislapp-1-03-1.png","contentUrl":"https:\/\/www.legislapp.com.br\/wp-content\/uploads\/2021\/07\/Logo-Legislapp-1-03-1.png","width":2679,"height":2697},{"@type":"BreadcrumbList","@id":"https:\/\/www.legislapp.com.br\/index.php\/avulso-inicial-pl-4866-2025-camara\/#breadcrumb","itemListElement":[{"@type":"ListItem","position":1,"name":"In\u00edcio","item":"https:\/\/www.legislapp.com.br\/"},{"@type":"ListItem","position":2,"name":"Avulso Inicial &#8211; PL 4866\/2025 &#8211; C\u00e2mara"}]},{"@type":"WebSite","@id":"https:\/\/www.legislapp.com.br\/#website","url":"https:\/\/www.legislapp.com.br\/","name":"Legislapp","description":"Intelig\u00eancia governamental em tempo real","publisher":{"@id":"https:\/\/www.legislapp.com.br\/#organization"},"potentialAction":[{"@type":"SearchAction","target":{"@type":"EntryPoint","urlTemplate":"https:\/\/www.legislapp.com.br\/?s={search_term_string}"},"query-input":{"@type":"PropertyValueSpecification","valueRequired":true,"valueName":"search_term_string"}}],"inLanguage":"pt-BR"},{"@type":"Organization","@id":"https:\/\/www.legislapp.com.br\/#organization","name":"Legislapp Monitoramento e Intelig\u00eancia Governamental","url":"https:\/\/www.legislapp.com.br\/","logo":{"@type":"ImageObject","inLanguage":"pt-BR","@id":"https:\/\/www.legislapp.com.br\/#\/schema\/logo\/image\/","url":"https:\/\/www.legislapp.com.br\/wp-content\/uploads\/icon.png","contentUrl":"https:\/\/www.legislapp.com.br\/wp-content\/uploads\/icon.png","width":1024,"height":1024,"caption":"Legislapp Monitoramento e Intelig\u00eancia Governamental"},"image":{"@id":"https:\/\/www.legislapp.com.br\/#\/schema\/logo\/image\/"},"sameAs":["https:\/\/www.instagram.com\/legislapp\/"]}]}},"_links":{"self":[{"href":"https:\/\/www.legislapp.com.br\/index.php\/wp-json\/wp\/v2\/pages\/10092","targetHints":{"allow":["GET"]}}],"collection":[{"href":"https:\/\/www.legislapp.com.br\/index.php\/wp-json\/wp\/v2\/pages"}],"about":[{"href":"https:\/\/www.legislapp.com.br\/index.php\/wp-json\/wp\/v2\/types\/page"}],"author":[{"embeddable":true,"href":"https:\/\/www.legislapp.com.br\/index.php\/wp-json\/wp\/v2\/users\/1"}],"replies":[{"embeddable":true,"href":"https:\/\/www.legislapp.com.br\/index.php\/wp-json\/wp\/v2\/comments?post=10092"}],"version-history":[{"count":0,"href":"https:\/\/www.legislapp.com.br\/index.php\/wp-json\/wp\/v2\/pages\/10092\/revisions"}],"wp:attachment":[{"href":"https:\/\/www.legislapp.com.br\/index.php\/wp-json\/wp\/v2\/media?parent=10092"}],"curies":[{"name":"wp","href":"https:\/\/api.w.org\/{rel}","templated":true}]}}