{"id":10093,"date":"2025-12-01T11:00:39","date_gmt":"2025-12-01T14:00:39","guid":{"rendered":"https:\/\/www.legislapp.com.br\/index.php\/avulso-inicial-pl-2745-2025-camara\/"},"modified":"2025-12-01T11:00:39","modified_gmt":"2025-12-01T14:00:39","slug":"avulso-inicial-pl-2745-2025-camara","status":"publish","type":"page","link":"https:\/\/www.legislapp.com.br\/index.php\/avulso-inicial-pl-2745-2025-camara\/","title":{"rendered":"Avulso Inicial &#8211; PL 2745\/2025 &#8211; C\u00e2mara"},"content":{"rendered":"<h1 style='text-align: center;'>Avulso Inicial &#8211; Autoria de Bebeto<\/h3>\n<p><\/p>\n<article>PROJETO DE LEI N\u00ba          , DE 2025<br \/>\n(Do Sr. BEBETO)<br \/>\nDisp\u00f5e sobre a cria\u00e7\u00e3o de salas<br \/>\nespecializadas nos hospitais para o<br \/>\nacolhimento humanizado de familiares e<br \/>\nacompanhantes no momento da<br \/>\ncomunica\u00e7\u00e3o de \u00f3bito ou de diagn\u00f3sticos de<br \/>\ncondi\u00e7\u00f5es graves e irrevers\u00edveis.<br \/>\nO Congresso Nacional decreta:<br \/>\nArt. 1\u00ba Esta Lei disp\u00f5e sobre a obrigatoriedade da cria\u00e7\u00e3o de<br \/>\nsalas especializadas nos hospitais para acolhimento de familiares e<br \/>\nacompanhantes no momento da comunica\u00e7\u00e3o do falecimento de um paciente.<br \/>\nArt. 2\u00ba Os hospitais p\u00fablicos e privados dever\u00e3o dispor de salas<br \/>\nespecializadas para acolher familiares e acompanhantes quando da<br \/>\ncomunica\u00e7\u00e3o do \u00f3bito de um paciente, garantindo um ambiente adequado para<br \/>\na recep\u00e7\u00e3o da not\u00edcia.<br \/>\nArt. 3\u00ba As salas especializadas dever\u00e3o observar os seguintes<br \/>\nrequisitos:<br \/>\nI &#8211; Ambiente reservado, silencioso e humanizado;<br \/>\nII &#8211; Disponibiliza\u00e7\u00e3o de apoio psicol\u00f3gico imediato;<br \/>\nIII &#8211; Presen\u00e7a de profissional de sa\u00fade treinado para realizar a<br \/>\ncomunica\u00e7\u00e3o de forma humanizada;<br \/>\nIV &#8211; Infraestrutura adequada, incluindo poltronas confort\u00e1veis,<br \/>\n\u00e1gua e suporte emocional;<br \/>\nV &#8211; Possibilidade de acompanhamento por assistente social ou<br \/>\ncapel\u00e3o, caso solicitado pela fam\u00edlia.<br \/>\nPara verificar a assinatura, acesse https:\/\/infoleg-autenticidade-assinatura.camara.leg.br\/CD258141614700<br \/>\nAssinado eletronicamente pelo(a) Dep. Bebeto<br \/>\nApresenta\u00e7\u00e3o: 09\/06\/2025 10:42:02.470 &#8211; Mesa<br \/>\n*CD258141614700* PL n.2745\/2025<br \/>2<br \/>\nArt. 4\u00ba O descumprimento desta Lei sujeitar\u00e1 os<br \/>\nestabelecimentos hospitalares privados a penalidades, incluindo advert\u00eancia e<br \/>\nmulta, conforme regulamento a ser estabelecido pelo Poder Executivo.<br \/>\nArt. 5\u00ba O Poder Executivo regulamentar\u00e1 esta Lei no prazo de<br \/>\n180 (cento e oitenta) dias a contar da data de sua publica\u00e7\u00e3o.<br \/>\nArt. 6\u00ba Esta Lei entra em vigor na data de sua publica\u00e7\u00e3o.<br \/>\nJUSTIFICA\u00c7\u00c3O<br \/>\nA perda de um ente querido \u00e9 um momento de profunda dor e<br \/>\nfragilidade para os familiares. No entanto, a comunica\u00e7\u00e3o do \u00f3bito em<br \/>\nambientes hospitalares muitas vezes ocorre de forma abrupta, sem o devido<br \/>\nacolhimento, agravando ainda mais o sofrimento.<br \/>\nDiante disso, a cria\u00e7\u00e3o de salas de acolhimento em hospitais<br \/>\ntorna-se essencial para oferecer suporte adequado \u00e0s fam\u00edlias em momentos<br \/>\nde grande vulnerabilidade emocional, como a perda de um ente querido ou<br \/>\ncrises de sa\u00fade. Essa iniciativa refor\u00e7a a humaniza\u00e7\u00e3o do atendimento,<br \/>\ngarantindo dignidade, privacidade e cuidado integral.<br \/>\nAtualmente, muitos hospitais ainda carecem desses espa\u00e7os.<br \/>\nPor isso, prop\u00f5e-se a implementa\u00e7\u00e3o de salas especializadas em todas as<br \/>\nunidades do Sistema \u00danico de Sa\u00fade (SUS) e da rede privada, assegurando<br \/>\napoio psicol\u00f3gico e emocional aos familiares e acompanhantes, em<br \/>\nconformidade com a Carta dos Direitos dos Usu\u00e1rios da Sa\u00fade.<br \/>\nEssa medida visa garantir um tratamento mais digno e<br \/>\nhumanizado, proporcionando um ambiente adequado para que as fam\u00edlias<br \/>\npossam receber a not\u00edcia com suporte profissional e acolhimento emocional.<br \/>\nAl\u00e9m de contribuir para a humaniza\u00e7\u00e3o dos servi\u00e7os hospitalares, a proposta<br \/>\nfortalece o bem-estar dos cidad\u00e3os em momentos de extrema vulnerabilidade.<br \/>\nDessa forma, consideramos fundamental que a legisla\u00e7\u00e3o<br \/>\ncontemple essa necessidade, assegurando que os hospitais disponham de<br \/>\nespa\u00e7os adequados para esse tipo de atendimento.<br \/>\nPara verificar a assinatura, acesse https:\/\/infoleg-autenticidade-assinatura.camara.leg.br\/CD258141614700<br \/>\nAssinado eletronicamente pelo(a) Dep. Bebeto<br \/>\nApresenta\u00e7\u00e3o: 09\/06\/2025 10:42:02.470 &#8211; Mesa<br \/>\n*CD258141614700* PL n.2745\/2025<br \/>3<br \/>\nDiante do exposto, contamos com o apoio dos nobres pares na<br \/>\naprova\u00e7\u00e3o desta mat\u00e9ria, garantindo mais respeito e empatia no atendimento<br \/>\nhospitalar.<br \/>\nSala das Sess\u00f5es, em        de                     de 2025.<br \/>\nDeputado BEBETO<br \/>\nPara verificar a assinatura, acesse https:\/\/infoleg-autenticidade-assinatura.camara.leg.br\/CD258141614700<br \/>\nAssinado eletronicamente pelo(a) Dep. Bebeto<br \/>\nApresenta\u00e7\u00e3o: 09\/06\/2025 10:42:02.470 &#8211; Mesa<br \/>\n*CD258141614700* PL n.2745\/2025<\/article>\n<p><a href='https:\/\/app.legislapp.com.br\/#\/busca?termo='><\/a><\/p>\n<div style=\"text-align: center\">\n      <img decoding=\"async\" style=\"width: 14%;\" src=\"https:\/\/www.legislapp.com.br\/wp-content\/uploads\/2021\/07\/Logo-Legislapp-1-03-1.png\"><br \/>\n      <\/p>\n<div style=\"margin-bottom: 20px;\" class=\"et_pb_button_module_wrapper et_pb_button_5_tb_body_wrapper et_pb_button_alignment_center et_pb_module \">\n         <a class=\"et_pb_button et_pb_button_5_tb_body et_hover_enabled et_pb_bg_layout_dark\" style=\"width: 50%;background-color: black;\" href=\"https:\/\/app.legislapp.com.br\" target=\"_blank\" rel=\"noopener\">Visualizar completo na nossa plataforma (30 dias gr\u00e1tis)<\/a><\/p><\/div>\n<p>      <a href=\"https:\/\/play.google.com\/store\/apps\/details?id=br.com.legislapp\"><img decoding=\"async\" style=\"width: 15%; min-width: 130px;\" src=\"https:\/\/www.legislapp.com.br\/wp-content\/uploads\/google-play.png\"><\/a><br \/>\n      <a href=\"https:\/\/apps.apple.com\/us\/app\/legislapp\/id1568929859\"><img decoding=\"async\" style=\"width: 15%; min-width: 130px\" src=\"https:\/\/www.legislapp.com.br\/wp-content\/uploads\/apple-store.png\"><\/a>\n   <\/div>\n","protected":false},"excerpt":{"rendered":"<p>Avulso Inicial &#8211; Autoria de Bebeto PROJETO DE LEI N\u00ba , DE 2025 (Do Sr. BEBETO) Disp\u00f5e sobre a cria\u00e7\u00e3o de salas especializadas nos hospitais para o acolhimento humanizado de familiares e acompanhantes no momento da comunica\u00e7\u00e3o de \u00f3bito ou de diagn\u00f3sticos de condi\u00e7\u00f5es graves e irrevers\u00edveis. O Congresso Nacional decreta: Art. 1\u00ba Esta Lei [&hellip;]<\/p>\n","protected":false},"author":1,"featured_media":0,"parent":0,"menu_order":0,"comment_status":"closed","ping_status":"closed","template":"page-template-blank.php","meta":{"_et_pb_use_builder":"","_et_pb_old_content":"","_et_gb_content_width":"1080","ngg_post_thumbnail":0,"footnotes":""},"class_list":["post-10093","page","type-page","status-publish","hentry"],"yoast_head":"<!-- This site is optimized with the Yoast SEO plugin v24.4 - https:\/\/yoast.com\/wordpress\/plugins\/seo\/ -->\n<title>Avulso Inicial - PL 2745\/2025 - C\u00e2mara - Legislapp<\/title>\n<meta name=\"robots\" content=\"index, follow, max-snippet:-1, max-image-preview:large, max-video-preview:-1\" \/>\n<link rel=\"canonical\" href=\"https:\/\/www.legislapp.com.br\/index.php\/avulso-inicial-pl-2745-2025-camara\/\" \/>\n<meta property=\"og:locale\" content=\"pt_BR\" \/>\n<meta property=\"og:type\" content=\"article\" \/>\n<meta property=\"og:title\" content=\"Avulso Inicial - PL 2745\/2025 - C\u00e2mara - Legislapp\" \/>\n<meta property=\"og:description\" content=\"Avulso Inicial &#8211; Autoria de Bebeto PROJETO DE LEI N\u00ba , DE 2025 (Do Sr. BEBETO) Disp\u00f5e sobre a cria\u00e7\u00e3o de salas especializadas nos hospitais para o acolhimento humanizado de familiares e acompanhantes no momento da comunica\u00e7\u00e3o de \u00f3bito ou de diagn\u00f3sticos de condi\u00e7\u00f5es graves e irrevers\u00edveis. O Congresso Nacional decreta: Art. 1\u00ba Esta Lei [&hellip;]\" \/>\n<meta property=\"og:url\" content=\"https:\/\/www.legislapp.com.br\/index.php\/avulso-inicial-pl-2745-2025-camara\/\" \/>\n<meta property=\"og:site_name\" content=\"Legislapp\" \/>\n<meta property=\"article:publisher\" content=\"https:\/\/www.instagram.com\/legislapp\/\" \/>\n<meta property=\"og:image\" content=\"https:\/\/www.legislapp.com.br\/wp-content\/uploads\/2021\/07\/Logo-Legislapp-1-03-1.png\" \/>\n<meta name=\"twitter:card\" content=\"summary_large_image\" \/>\n<meta name=\"twitter:label1\" content=\"Est. tempo de leitura\" \/>\n\t<meta name=\"twitter:data1\" content=\"3 minutos\" \/>\n<script type=\"application\/ld+json\" class=\"yoast-schema-graph\">{\"@context\":\"https:\/\/schema.org\",\"@graph\":[{\"@type\":\"WebPage\",\"@id\":\"https:\/\/www.legislapp.com.br\/index.php\/avulso-inicial-pl-2745-2025-camara\/\",\"url\":\"https:\/\/www.legislapp.com.br\/index.php\/avulso-inicial-pl-2745-2025-camara\/\",\"name\":\"Avulso Inicial - PL 2745\/2025 - C\u00e2mara - Legislapp\",\"isPartOf\":{\"@id\":\"https:\/\/www.legislapp.com.br\/#website\"},\"primaryImageOfPage\":{\"@id\":\"https:\/\/www.legislapp.com.br\/index.php\/avulso-inicial-pl-2745-2025-camara\/#primaryimage\"},\"image\":{\"@id\":\"https:\/\/www.legislapp.com.br\/index.php\/avulso-inicial-pl-2745-2025-camara\/#primaryimage\"},\"thumbnailUrl\":\"https:\/\/www.legislapp.com.br\/wp-content\/uploads\/2021\/07\/Logo-Legislapp-1-03-1.png\",\"datePublished\":\"2025-12-01T14:00:39+00:00\",\"breadcrumb\":{\"@id\":\"https:\/\/www.legislapp.com.br\/index.php\/avulso-inicial-pl-2745-2025-camara\/#breadcrumb\"},\"inLanguage\":\"pt-BR\",\"potentialAction\":[{\"@type\":\"ReadAction\",\"target\":[\"https:\/\/www.legislapp.com.br\/index.php\/avulso-inicial-pl-2745-2025-camara\/\"]}]},{\"@type\":\"ImageObject\",\"inLanguage\":\"pt-BR\",\"@id\":\"https:\/\/www.legislapp.com.br\/index.php\/avulso-inicial-pl-2745-2025-camara\/#primaryimage\",\"url\":\"https:\/\/www.legislapp.com.br\/wp-content\/uploads\/2021\/07\/Logo-Legislapp-1-03-1.png\",\"contentUrl\":\"https:\/\/www.legislapp.com.br\/wp-content\/uploads\/2021\/07\/Logo-Legislapp-1-03-1.png\",\"width\":2679,\"height\":2697},{\"@type\":\"BreadcrumbList\",\"@id\":\"https:\/\/www.legislapp.com.br\/index.php\/avulso-inicial-pl-2745-2025-camara\/#breadcrumb\",\"itemListElement\":[{\"@type\":\"ListItem\",\"position\":1,\"name\":\"In\u00edcio\",\"item\":\"https:\/\/www.legislapp.com.br\/\"},{\"@type\":\"ListItem\",\"position\":2,\"name\":\"Avulso Inicial &#8211; PL 2745\/2025 &#8211; C\u00e2mara\"}]},{\"@type\":\"WebSite\",\"@id\":\"https:\/\/www.legislapp.com.br\/#website\",\"url\":\"https:\/\/www.legislapp.com.br\/\",\"name\":\"Legislapp\",\"description\":\"Intelig\u00eancia governamental em tempo real\",\"publisher\":{\"@id\":\"https:\/\/www.legislapp.com.br\/#organization\"},\"potentialAction\":[{\"@type\":\"SearchAction\",\"target\":{\"@type\":\"EntryPoint\",\"urlTemplate\":\"https:\/\/www.legislapp.com.br\/?s={search_term_string}\"},\"query-input\":{\"@type\":\"PropertyValueSpecification\",\"valueRequired\":true,\"valueName\":\"search_term_string\"}}],\"inLanguage\":\"pt-BR\"},{\"@type\":\"Organization\",\"@id\":\"https:\/\/www.legislapp.com.br\/#organization\",\"name\":\"Legislapp Monitoramento e Intelig\u00eancia Governamental\",\"url\":\"https:\/\/www.legislapp.com.br\/\",\"logo\":{\"@type\":\"ImageObject\",\"inLanguage\":\"pt-BR\",\"@id\":\"https:\/\/www.legislapp.com.br\/#\/schema\/logo\/image\/\",\"url\":\"https:\/\/www.legislapp.com.br\/wp-content\/uploads\/icon.png\",\"contentUrl\":\"https:\/\/www.legislapp.com.br\/wp-content\/uploads\/icon.png\",\"width\":1024,\"height\":1024,\"caption\":\"Legislapp Monitoramento e Intelig\u00eancia Governamental\"},\"image\":{\"@id\":\"https:\/\/www.legislapp.com.br\/#\/schema\/logo\/image\/\"},\"sameAs\":[\"https:\/\/www.instagram.com\/legislapp\/\"]}]}<\/script>\n<!-- \/ Yoast SEO plugin. -->","yoast_head_json":{"title":"Avulso Inicial - PL 2745\/2025 - C\u00e2mara - Legislapp","robots":{"index":"index","follow":"follow","max-snippet":"max-snippet:-1","max-image-preview":"max-image-preview:large","max-video-preview":"max-video-preview:-1"},"canonical":"https:\/\/www.legislapp.com.br\/index.php\/avulso-inicial-pl-2745-2025-camara\/","og_locale":"pt_BR","og_type":"article","og_title":"Avulso Inicial - PL 2745\/2025 - C\u00e2mara - Legislapp","og_description":"Avulso Inicial &#8211; Autoria de Bebeto PROJETO DE LEI N\u00ba , DE 2025 (Do Sr. BEBETO) Disp\u00f5e sobre a cria\u00e7\u00e3o de salas especializadas nos hospitais para o acolhimento humanizado de familiares e acompanhantes no momento da comunica\u00e7\u00e3o de \u00f3bito ou de diagn\u00f3sticos de condi\u00e7\u00f5es graves e irrevers\u00edveis. O Congresso Nacional decreta: Art. 1\u00ba Esta Lei [&hellip;]","og_url":"https:\/\/www.legislapp.com.br\/index.php\/avulso-inicial-pl-2745-2025-camara\/","og_site_name":"Legislapp","article_publisher":"https:\/\/www.instagram.com\/legislapp\/","og_image":[{"url":"https:\/\/www.legislapp.com.br\/wp-content\/uploads\/2021\/07\/Logo-Legislapp-1-03-1.png","type":"","width":"","height":""}],"twitter_card":"summary_large_image","twitter_misc":{"Est. tempo de leitura":"3 minutos"},"schema":{"@context":"https:\/\/schema.org","@graph":[{"@type":"WebPage","@id":"https:\/\/www.legislapp.com.br\/index.php\/avulso-inicial-pl-2745-2025-camara\/","url":"https:\/\/www.legislapp.com.br\/index.php\/avulso-inicial-pl-2745-2025-camara\/","name":"Avulso Inicial - PL 2745\/2025 - C\u00e2mara - Legislapp","isPartOf":{"@id":"https:\/\/www.legislapp.com.br\/#website"},"primaryImageOfPage":{"@id":"https:\/\/www.legislapp.com.br\/index.php\/avulso-inicial-pl-2745-2025-camara\/#primaryimage"},"image":{"@id":"https:\/\/www.legislapp.com.br\/index.php\/avulso-inicial-pl-2745-2025-camara\/#primaryimage"},"thumbnailUrl":"https:\/\/www.legislapp.com.br\/wp-content\/uploads\/2021\/07\/Logo-Legislapp-1-03-1.png","datePublished":"2025-12-01T14:00:39+00:00","breadcrumb":{"@id":"https:\/\/www.legislapp.com.br\/index.php\/avulso-inicial-pl-2745-2025-camara\/#breadcrumb"},"inLanguage":"pt-BR","potentialAction":[{"@type":"ReadAction","target":["https:\/\/www.legislapp.com.br\/index.php\/avulso-inicial-pl-2745-2025-camara\/"]}]},{"@type":"ImageObject","inLanguage":"pt-BR","@id":"https:\/\/www.legislapp.com.br\/index.php\/avulso-inicial-pl-2745-2025-camara\/#primaryimage","url":"https:\/\/www.legislapp.com.br\/wp-content\/uploads\/2021\/07\/Logo-Legislapp-1-03-1.png","contentUrl":"https:\/\/www.legislapp.com.br\/wp-content\/uploads\/2021\/07\/Logo-Legislapp-1-03-1.png","width":2679,"height":2697},{"@type":"BreadcrumbList","@id":"https:\/\/www.legislapp.com.br\/index.php\/avulso-inicial-pl-2745-2025-camara\/#breadcrumb","itemListElement":[{"@type":"ListItem","position":1,"name":"In\u00edcio","item":"https:\/\/www.legislapp.com.br\/"},{"@type":"ListItem","position":2,"name":"Avulso Inicial &#8211; PL 2745\/2025 &#8211; C\u00e2mara"}]},{"@type":"WebSite","@id":"https:\/\/www.legislapp.com.br\/#website","url":"https:\/\/www.legislapp.com.br\/","name":"Legislapp","description":"Intelig\u00eancia governamental em tempo real","publisher":{"@id":"https:\/\/www.legislapp.com.br\/#organization"},"potentialAction":[{"@type":"SearchAction","target":{"@type":"EntryPoint","urlTemplate":"https:\/\/www.legislapp.com.br\/?s={search_term_string}"},"query-input":{"@type":"PropertyValueSpecification","valueRequired":true,"valueName":"search_term_string"}}],"inLanguage":"pt-BR"},{"@type":"Organization","@id":"https:\/\/www.legislapp.com.br\/#organization","name":"Legislapp Monitoramento e Intelig\u00eancia Governamental","url":"https:\/\/www.legislapp.com.br\/","logo":{"@type":"ImageObject","inLanguage":"pt-BR","@id":"https:\/\/www.legislapp.com.br\/#\/schema\/logo\/image\/","url":"https:\/\/www.legislapp.com.br\/wp-content\/uploads\/icon.png","contentUrl":"https:\/\/www.legislapp.com.br\/wp-content\/uploads\/icon.png","width":1024,"height":1024,"caption":"Legislapp Monitoramento e Intelig\u00eancia Governamental"},"image":{"@id":"https:\/\/www.legislapp.com.br\/#\/schema\/logo\/image\/"},"sameAs":["https:\/\/www.instagram.com\/legislapp\/"]}]}},"_links":{"self":[{"href":"https:\/\/www.legislapp.com.br\/index.php\/wp-json\/wp\/v2\/pages\/10093","targetHints":{"allow":["GET"]}}],"collection":[{"href":"https:\/\/www.legislapp.com.br\/index.php\/wp-json\/wp\/v2\/pages"}],"about":[{"href":"https:\/\/www.legislapp.com.br\/index.php\/wp-json\/wp\/v2\/types\/page"}],"author":[{"embeddable":true,"href":"https:\/\/www.legislapp.com.br\/index.php\/wp-json\/wp\/v2\/users\/1"}],"replies":[{"embeddable":true,"href":"https:\/\/www.legislapp.com.br\/index.php\/wp-json\/wp\/v2\/comments?post=10093"}],"version-history":[{"count":0,"href":"https:\/\/www.legislapp.com.br\/index.php\/wp-json\/wp\/v2\/pages\/10093\/revisions"}],"wp:attachment":[{"href":"https:\/\/www.legislapp.com.br\/index.php\/wp-json\/wp\/v2\/media?parent=10093"}],"curies":[{"name":"wp","href":"https:\/\/api.w.org\/{rel}","templated":true}]}}