{"id":10095,"date":"2025-12-01T11:00:42","date_gmt":"2025-12-01T14:00:42","guid":{"rendered":"https:\/\/www.legislapp.com.br\/index.php\/avulso-inicial-pl-4844-2025-camara\/"},"modified":"2025-12-01T11:00:42","modified_gmt":"2025-12-01T14:00:42","slug":"avulso-inicial-pl-4844-2025-camara","status":"publish","type":"page","link":"https:\/\/www.legislapp.com.br\/index.php\/avulso-inicial-pl-4844-2025-camara\/","title":{"rendered":"Avulso Inicial &#8211; PL 4844\/2025 &#8211; C\u00e2mara"},"content":{"rendered":"<h1 style='text-align: center;'>Avulso Inicial &#8211; Autoria de Pastor Henrique Vieira<\/h3>\n<p><\/p>\n<article>PROJETO DE LEI N\u00ba          , DE 2025<br \/>\n(Do Sr. PASTOR HENRIQUE VIEIRA)<br \/>\nAltera o Decreto-Lei n\u00ba 3.689, de 3 de<br \/>\noutubro de 1941 \u2013 C\u00f3digo de Processo<br \/>\nPenal, para dispor sobre o envio, mediante<br \/>\nrequisi\u00e7\u00e3o, de registros audiovisuais, logs e<br \/>\nmetadados de c\u00e2meras corporais de<br \/>\nseguran\u00e7a p\u00fablica \u00e0 pol\u00edcia judici\u00e1ria e ao<br \/>\nMinist\u00e9rio P\u00fablico para fins de investiga\u00e7\u00e3o<br \/>\ncriminal e apura\u00e7\u00e3o de infra\u00e7\u00f5es penais.<br \/>\nO Congresso Nacional decreta:<br \/>\nArt. 1\u00ba Esta Lei altera o Decreto-Lei n\u00ba 3.689, de 3 de outubro<br \/>\nde 1941 \u2013 C\u00f3digo de Processo Penal, para dispor sobre o envio, mediante<br \/>\nrequisi\u00e7\u00e3o, de registros audiovisuais, logs e metadados de c\u00e2meras corporais<br \/>\nde seguran\u00e7a p\u00fablica \u00e0 pol\u00edcia judici\u00e1ria e ao Minist\u00e9rio P\u00fablico para fins de<br \/>\ninvestiga\u00e7\u00e3o criminal e apura\u00e7\u00e3o de infra\u00e7\u00f5es penais.<br \/>\nArt. 2\u00ba O art. 6\u00ba do C\u00f3digo de Processo Penal passa a vigorar<br \/>\nacrescido do seguinte inciso XI:<br \/>\n\u201cArt. 6\u00ba&#8230;&#8230;&#8230;&#8230;&#8230;&#8230;&#8230;&#8230;&#8230;&#8230;&#8230;&#8230;&#8230;&#8230;&#8230;&#8230;&#8230;&#8230;&#8230;&#8230;&#8230;&#8230;&#8230;&#8230;&#8230;&#8230;&#8230;&#8230;&#8230;&#8230;&#8230;&#8230;&#8230;.<br \/>\n&#8230;&#8230;&#8230;&#8230;&#8230;&#8230;&#8230;&#8230;&#8230;&#8230;&#8230;&#8230;&#8230;&#8230;&#8230;&#8230;&#8230;&#8230;&#8230;&#8230;&#8230;&#8230;&#8230;&#8230;&#8230;&#8230;&#8230;&#8230;&#8230;&#8230;&#8230;&#8230;&#8230;&#8230;&#8230;&#8230;&#8230;<br \/>\nXI \u2013 requisitar o envio dos registros audiovisuais, logs e metadados<br \/>\ndas c\u00e2meras corporais utilizadas em atividades de seguran\u00e7a p\u00fablica<br \/>\nno prazo m\u00e1ximo de 72 (setenta e duas) horas ap\u00f3s o registro da<br \/>\nocorr\u00eancia, com os arquivos devendo ser enviados em seu formato<br \/>\noriginal, \u00edntegro e aut\u00eantico, assegurada a manuten\u00e7\u00e3o da cadeia de<br \/>\ncust\u00f3dia desde a captura dos registros at\u00e9 a entrega, garantindo a<br \/>\nintegridade, autenticidade e possibilidade de comprova\u00e7\u00e3o<br \/>\ndocumental das provas.\u201d (NR)<br \/>\nArt. 3\u00ba O art. 47 do C\u00f3digo de Processo Penal a passa a<br \/>\nvigorar acrescido do seguinte par\u00e1grafo \u00fanico:<br \/>\n\u201cArt. 47. &#8230;&#8230;&#8230;&#8230;&#8230;&#8230;&#8230;&#8230;&#8230;&#8230;&#8230;&#8230;&#8230;&#8230;&#8230;&#8230;&#8230;&#8230;&#8230;&#8230;&#8230;&#8230;&#8230;&#8230;&#8230;&#8230;&#8230;&#8230;&#8230;.<br \/>\nPara verificar a assinatura, acesse https:\/\/infoleg-autenticidade-assinatura.camara.leg.br\/CD259739201700<br \/>\nAssinado eletronicamente pelo(a) Dep. Pastor Henrique Vieira<br \/>\nApresenta\u00e7\u00e3o: 30\/09\/2025 14:57:21.973 &#8211; Mesa<br \/>\n*CD259739201700* PL n.4844\/2025<br \/>2<br \/>\nPar\u00e1grafo \u00fanico. O Minist\u00e9rio P\u00fablico poder\u00e1 requisitar o envio dos<br \/>\nregistros audiovisuais, logs e metadados das c\u00e2meras corporais<br \/>\nutilizadas em atividades de seguran\u00e7a p\u00fablica no prazo m\u00e1ximo de<br \/>\n72 (setenta e duas) horas ap\u00f3s o registro da ocorr\u00eancia, com os<br \/>\narquivos devendo ser enviados em seu formato original, \u00edntegro e<br \/>\naut\u00eantico, assegurada a manuten\u00e7\u00e3o da cadeia de cust\u00f3dia desde a<br \/>\ncaptura dos registros at\u00e9 a entrega, garantindo a integridade,<br \/>\nautenticidade e possibilidade de comprova\u00e7\u00e3o documental das<br \/>\nprovas.\u201d (NR)<br \/>\nArt. 4\u00ba Esta Lei entra em vigor na data de sua publica\u00e7\u00e3o.<br \/>\nJUSTIFICA\u00c7\u00c3O<br \/>\nO Brasil enfrenta, historicamente, desafios na rela\u00e7\u00e3o entre a<br \/>\nsociedade e a pol\u00edcia, marcada por altos \u00edndices de letalidade policial. De fato,<br \/>\na pol\u00edcia brasileira \u00e9 frequentemente citada como uma das mais letais do<br \/>\nmundo.<br \/>\nA implementa\u00e7\u00e3o de c\u00e2meras corporais surge, nesse contexto,<br \/>\ncomo ferramenta essencial para enfrentar essa realidade, dado que o uso<br \/>\ndesses equipamentos nas opera\u00e7\u00f5es policiais aumenta a transpar\u00eancia e a<br \/>\npresta\u00e7\u00e3o de contas, servindo como um mecanismo de controle social. Ao<br \/>\nregistrar as a\u00e7\u00f5es em campo, as c\u00e2meras ajudam a coibir e a prevenir abusos<br \/>\nde autoridade e o uso desproporcional da for\u00e7a, contribuindo diretamente para<br \/>\na redu\u00e7\u00e3o da letalidade policial.<br \/>\nAdemais, as c\u00e2meras corporais servem de prote\u00e7\u00e3o aos<br \/>\npr\u00f3prios policiais, caso haja questionamento sobre o uso da for\u00e7a. Ao fornecer<br \/>\nregistros objetivos dos fatos, as c\u00e2meras corporais podem proteger bons<br \/>\npoliciais de acusa\u00e7\u00f5es infundadas. A prova audiovisual robusta pode<br \/>\nesclarecer incidentes, refor\u00e7ar a vers\u00e3o dos policiais e validar a legitimidade de<br \/>\nsuas a\u00e7\u00f5es perante o Poder Judici\u00e1rio e a sociedade.<br \/>\nA falta de acesso tempestivo a imagens de c\u00e2meras corporais,<br \/>\n1<br \/>\nentretanto, tem atrasado investiga\u00e7\u00f5es e impedido pris\u00f5es em flagrante . Cito<br \/>\n1<br \/>\n DIAS, Paulo Eduardo; KRUSE, Tulio. Acesso a imagens de c\u00e2meras corporais de PMs pode demorar<br \/>\nmeses e atrasa investiga\u00e7\u00f5es. Folha de S. Paulo, S\u00e3o Paulo, 16 jul. 2025. Dispon\u00edvel em:<br \/>\n<https:\/\/www1.folha.uol.com.br\/cotidiano\/2025\/07\/acesso-a-imagens-de-cameras-corporais-de-pms-\npode-demorar-meses-e-atrasa-investigacoes.shtml>. Acesso em: 23 set. 2025.<br \/>\nPara verificar a assinatura, acesse https:\/\/infoleg-autenticidade-assinatura.camara.leg.br\/CD259739201700<br \/>\nAssinado eletronicamente pelo(a) Dep. Pastor Henrique Vieira<br \/>\nApresenta\u00e7\u00e3o: 30\/09\/2025 14:57:21.973 &#8211; Mesa<br \/>\n*CD259739201700* PL n.4844\/2025<br \/>3<br \/>\ncomo exemplo o caso da jovem Victoria Manoelly dos Santos, de apenas 16<br \/>\nanos, morta por um policial militar na zona leste da capital paulista. Nesse<br \/>\ncaso, a Justi\u00e7a teve de aguardar por 4 meses at\u00e9 ter acesso \u00e0s filmagens da<br \/>\nc\u00e2mera corporal, embora o governo Tarc\u00edsio afirme que o prazo legal \u00e9 de 20<br \/>\ndias ap\u00f3s requisi\u00e7\u00e3o. A pr\u00f3pria Pol\u00edcia Civil de S\u00e3o Paulo tem-se mostrado<br \/>\nincomodada com as sucessivas negativas de acesso imediato aos registros<br \/>\ndas c\u00e2meras e com a necessidade de dila\u00e7\u00e3o de prazo em processos<br \/>\ncriminais.<br \/>\nPara que as c\u00e2meras corporais cumpram seu papel de forma<br \/>\nplena, \u00e9 imprescind\u00edvel que as grava\u00e7\u00f5es se tornem parte do sistema de justi\u00e7a<br \/>\ncriminal e que o fa\u00e7am de forma eficiente e tempestiva. A obrigatoriedade do<br \/>\nenvio desses registros \u00e0 pol\u00edcia judici\u00e1ria e ao Minist\u00e9rio P\u00fablico garante que<br \/>\neles sejam utilizados como prova material em investiga\u00e7\u00f5es e processos<br \/>\npenais.<br \/>\nAnte o exposto, contamos com o apoio dos nobres Pares para<br \/>\na aprova\u00e7\u00e3o da presente proposi\u00e7\u00e3o.<br \/>\nSala das Sess\u00f5es, em 30 de setembro de 2025.<br \/>\nPastor Henrique Vieira<br \/>\nPSOL\/RJ<br \/>\nPara verificar a assinatura, acesse https:\/\/infoleg-autenticidade-assinatura.camara.leg.br\/CD259739201700<br \/>\nAssinado eletronicamente pelo(a) Dep. Pastor Henrique Vieira<br \/>\nApresenta\u00e7\u00e3o: 30\/09\/2025 14:57:21.973 &#8211; Mesa<br \/>\n*CD259739201700* PL n.4844\/2025<\/article>\n<p><a href='https:\/\/app.legislapp.com.br\/#\/busca?termo='><\/a><\/p>\n<div style=\"text-align: center\">\n      <img decoding=\"async\" style=\"width: 14%;\" src=\"https:\/\/www.legislapp.com.br\/wp-content\/uploads\/2021\/07\/Logo-Legislapp-1-03-1.png\"><br \/>\n      <\/p>\n<div style=\"margin-bottom: 20px;\" class=\"et_pb_button_module_wrapper et_pb_button_5_tb_body_wrapper et_pb_button_alignment_center et_pb_module \">\n         <a class=\"et_pb_button et_pb_button_5_tb_body et_hover_enabled et_pb_bg_layout_dark\" style=\"width: 50%;background-color: black;\" href=\"https:\/\/app.legislapp.com.br\" target=\"_blank\" rel=\"noopener\">Visualizar completo na nossa plataforma (30 dias gr\u00e1tis)<\/a><\/p><\/div>\n<p>      <a href=\"https:\/\/play.google.com\/store\/apps\/details?id=br.com.legislapp\"><img decoding=\"async\" style=\"width: 15%; min-width: 130px;\" src=\"https:\/\/www.legislapp.com.br\/wp-content\/uploads\/google-play.png\"><\/a><br \/>\n      <a href=\"https:\/\/apps.apple.com\/us\/app\/legislapp\/id1568929859\"><img decoding=\"async\" style=\"width: 15%; min-width: 130px\" src=\"https:\/\/www.legislapp.com.br\/wp-content\/uploads\/apple-store.png\"><\/a>\n   <\/div>\n","protected":false},"excerpt":{"rendered":"<p>Avulso Inicial &#8211; Autoria de Pastor Henrique Vieira PROJETO DE LEI N\u00ba , DE 2025 (Do Sr. PASTOR HENRIQUE VIEIRA) Altera o Decreto-Lei n\u00ba 3.689, de 3 de outubro de 1941 \u2013 C\u00f3digo de Processo Penal, para dispor sobre o envio, mediante requisi\u00e7\u00e3o, de registros audiovisuais, logs e metadados de c\u00e2meras corporais de seguran\u00e7a p\u00fablica [&hellip;]<\/p>\n","protected":false},"author":1,"featured_media":0,"parent":0,"menu_order":0,"comment_status":"closed","ping_status":"closed","template":"page-template-blank.php","meta":{"_et_pb_use_builder":"","_et_pb_old_content":"","_et_gb_content_width":"1080","ngg_post_thumbnail":0,"footnotes":""},"class_list":["post-10095","page","type-page","status-publish","hentry"],"yoast_head":"<!-- This site is optimized with the Yoast SEO plugin v24.4 - https:\/\/yoast.com\/wordpress\/plugins\/seo\/ -->\n<title>Avulso Inicial - PL 4844\/2025 - C\u00e2mara - Legislapp<\/title>\n<meta name=\"robots\" content=\"index, follow, max-snippet:-1, max-image-preview:large, max-video-preview:-1\" \/>\n<link rel=\"canonical\" href=\"https:\/\/www.legislapp.com.br\/index.php\/avulso-inicial-pl-4844-2025-camara\/\" \/>\n<meta property=\"og:locale\" content=\"pt_BR\" \/>\n<meta property=\"og:type\" content=\"article\" \/>\n<meta property=\"og:title\" content=\"Avulso Inicial - PL 4844\/2025 - C\u00e2mara - Legislapp\" \/>\n<meta property=\"og:description\" content=\"Avulso Inicial &#8211; Autoria de Pastor Henrique Vieira PROJETO DE LEI N\u00ba , DE 2025 (Do Sr. PASTOR HENRIQUE VIEIRA) Altera o Decreto-Lei n\u00ba 3.689, de 3 de outubro de 1941 \u2013 C\u00f3digo de Processo Penal, para dispor sobre o envio, mediante requisi\u00e7\u00e3o, de registros audiovisuais, logs e metadados de c\u00e2meras corporais de seguran\u00e7a p\u00fablica [&hellip;]\" \/>\n<meta property=\"og:url\" content=\"https:\/\/www.legislapp.com.br\/index.php\/avulso-inicial-pl-4844-2025-camara\/\" \/>\n<meta property=\"og:site_name\" content=\"Legislapp\" \/>\n<meta property=\"article:publisher\" content=\"https:\/\/www.instagram.com\/legislapp\/\" \/>\n<meta property=\"og:image\" content=\"https:\/\/www.legislapp.com.br\/wp-content\/uploads\/2021\/07\/Logo-Legislapp-1-03-1.png\" \/>\n<meta name=\"twitter:card\" content=\"summary_large_image\" \/>\n<meta name=\"twitter:label1\" content=\"Est. tempo de leitura\" \/>\n\t<meta name=\"twitter:data1\" content=\"4 minutos\" \/>\n<script type=\"application\/ld+json\" class=\"yoast-schema-graph\">{\"@context\":\"https:\/\/schema.org\",\"@graph\":[{\"@type\":\"WebPage\",\"@id\":\"https:\/\/www.legislapp.com.br\/index.php\/avulso-inicial-pl-4844-2025-camara\/\",\"url\":\"https:\/\/www.legislapp.com.br\/index.php\/avulso-inicial-pl-4844-2025-camara\/\",\"name\":\"Avulso Inicial - PL 4844\/2025 - C\u00e2mara - Legislapp\",\"isPartOf\":{\"@id\":\"https:\/\/www.legislapp.com.br\/#website\"},\"primaryImageOfPage\":{\"@id\":\"https:\/\/www.legislapp.com.br\/index.php\/avulso-inicial-pl-4844-2025-camara\/#primaryimage\"},\"image\":{\"@id\":\"https:\/\/www.legislapp.com.br\/index.php\/avulso-inicial-pl-4844-2025-camara\/#primaryimage\"},\"thumbnailUrl\":\"https:\/\/www.legislapp.com.br\/wp-content\/uploads\/2021\/07\/Logo-Legislapp-1-03-1.png\",\"datePublished\":\"2025-12-01T14:00:42+00:00\",\"breadcrumb\":{\"@id\":\"https:\/\/www.legislapp.com.br\/index.php\/avulso-inicial-pl-4844-2025-camara\/#breadcrumb\"},\"inLanguage\":\"pt-BR\",\"potentialAction\":[{\"@type\":\"ReadAction\",\"target\":[\"https:\/\/www.legislapp.com.br\/index.php\/avulso-inicial-pl-4844-2025-camara\/\"]}]},{\"@type\":\"ImageObject\",\"inLanguage\":\"pt-BR\",\"@id\":\"https:\/\/www.legislapp.com.br\/index.php\/avulso-inicial-pl-4844-2025-camara\/#primaryimage\",\"url\":\"https:\/\/www.legislapp.com.br\/wp-content\/uploads\/2021\/07\/Logo-Legislapp-1-03-1.png\",\"contentUrl\":\"https:\/\/www.legislapp.com.br\/wp-content\/uploads\/2021\/07\/Logo-Legislapp-1-03-1.png\",\"width\":2679,\"height\":2697},{\"@type\":\"BreadcrumbList\",\"@id\":\"https:\/\/www.legislapp.com.br\/index.php\/avulso-inicial-pl-4844-2025-camara\/#breadcrumb\",\"itemListElement\":[{\"@type\":\"ListItem\",\"position\":1,\"name\":\"In\u00edcio\",\"item\":\"https:\/\/www.legislapp.com.br\/\"},{\"@type\":\"ListItem\",\"position\":2,\"name\":\"Avulso Inicial &#8211; PL 4844\/2025 &#8211; C\u00e2mara\"}]},{\"@type\":\"WebSite\",\"@id\":\"https:\/\/www.legislapp.com.br\/#website\",\"url\":\"https:\/\/www.legislapp.com.br\/\",\"name\":\"Legislapp\",\"description\":\"Intelig\u00eancia governamental em tempo real\",\"publisher\":{\"@id\":\"https:\/\/www.legislapp.com.br\/#organization\"},\"potentialAction\":[{\"@type\":\"SearchAction\",\"target\":{\"@type\":\"EntryPoint\",\"urlTemplate\":\"https:\/\/www.legislapp.com.br\/?s={search_term_string}\"},\"query-input\":{\"@type\":\"PropertyValueSpecification\",\"valueRequired\":true,\"valueName\":\"search_term_string\"}}],\"inLanguage\":\"pt-BR\"},{\"@type\":\"Organization\",\"@id\":\"https:\/\/www.legislapp.com.br\/#organization\",\"name\":\"Legislapp Monitoramento e Intelig\u00eancia Governamental\",\"url\":\"https:\/\/www.legislapp.com.br\/\",\"logo\":{\"@type\":\"ImageObject\",\"inLanguage\":\"pt-BR\",\"@id\":\"https:\/\/www.legislapp.com.br\/#\/schema\/logo\/image\/\",\"url\":\"https:\/\/www.legislapp.com.br\/wp-content\/uploads\/icon.png\",\"contentUrl\":\"https:\/\/www.legislapp.com.br\/wp-content\/uploads\/icon.png\",\"width\":1024,\"height\":1024,\"caption\":\"Legislapp Monitoramento e Intelig\u00eancia Governamental\"},\"image\":{\"@id\":\"https:\/\/www.legislapp.com.br\/#\/schema\/logo\/image\/\"},\"sameAs\":[\"https:\/\/www.instagram.com\/legislapp\/\"]}]}<\/script>\n<!-- \/ Yoast SEO plugin. -->","yoast_head_json":{"title":"Avulso Inicial - PL 4844\/2025 - C\u00e2mara - Legislapp","robots":{"index":"index","follow":"follow","max-snippet":"max-snippet:-1","max-image-preview":"max-image-preview:large","max-video-preview":"max-video-preview:-1"},"canonical":"https:\/\/www.legislapp.com.br\/index.php\/avulso-inicial-pl-4844-2025-camara\/","og_locale":"pt_BR","og_type":"article","og_title":"Avulso Inicial - PL 4844\/2025 - C\u00e2mara - Legislapp","og_description":"Avulso Inicial &#8211; Autoria de Pastor Henrique Vieira PROJETO DE LEI N\u00ba , DE 2025 (Do Sr. PASTOR HENRIQUE VIEIRA) Altera o Decreto-Lei n\u00ba 3.689, de 3 de outubro de 1941 \u2013 C\u00f3digo de Processo Penal, para dispor sobre o envio, mediante requisi\u00e7\u00e3o, de registros audiovisuais, logs e metadados de c\u00e2meras corporais de seguran\u00e7a p\u00fablica [&hellip;]","og_url":"https:\/\/www.legislapp.com.br\/index.php\/avulso-inicial-pl-4844-2025-camara\/","og_site_name":"Legislapp","article_publisher":"https:\/\/www.instagram.com\/legislapp\/","og_image":[{"url":"https:\/\/www.legislapp.com.br\/wp-content\/uploads\/2021\/07\/Logo-Legislapp-1-03-1.png","type":"","width":"","height":""}],"twitter_card":"summary_large_image","twitter_misc":{"Est. tempo de leitura":"4 minutos"},"schema":{"@context":"https:\/\/schema.org","@graph":[{"@type":"WebPage","@id":"https:\/\/www.legislapp.com.br\/index.php\/avulso-inicial-pl-4844-2025-camara\/","url":"https:\/\/www.legislapp.com.br\/index.php\/avulso-inicial-pl-4844-2025-camara\/","name":"Avulso Inicial - PL 4844\/2025 - C\u00e2mara - Legislapp","isPartOf":{"@id":"https:\/\/www.legislapp.com.br\/#website"},"primaryImageOfPage":{"@id":"https:\/\/www.legislapp.com.br\/index.php\/avulso-inicial-pl-4844-2025-camara\/#primaryimage"},"image":{"@id":"https:\/\/www.legislapp.com.br\/index.php\/avulso-inicial-pl-4844-2025-camara\/#primaryimage"},"thumbnailUrl":"https:\/\/www.legislapp.com.br\/wp-content\/uploads\/2021\/07\/Logo-Legislapp-1-03-1.png","datePublished":"2025-12-01T14:00:42+00:00","breadcrumb":{"@id":"https:\/\/www.legislapp.com.br\/index.php\/avulso-inicial-pl-4844-2025-camara\/#breadcrumb"},"inLanguage":"pt-BR","potentialAction":[{"@type":"ReadAction","target":["https:\/\/www.legislapp.com.br\/index.php\/avulso-inicial-pl-4844-2025-camara\/"]}]},{"@type":"ImageObject","inLanguage":"pt-BR","@id":"https:\/\/www.legislapp.com.br\/index.php\/avulso-inicial-pl-4844-2025-camara\/#primaryimage","url":"https:\/\/www.legislapp.com.br\/wp-content\/uploads\/2021\/07\/Logo-Legislapp-1-03-1.png","contentUrl":"https:\/\/www.legislapp.com.br\/wp-content\/uploads\/2021\/07\/Logo-Legislapp-1-03-1.png","width":2679,"height":2697},{"@type":"BreadcrumbList","@id":"https:\/\/www.legislapp.com.br\/index.php\/avulso-inicial-pl-4844-2025-camara\/#breadcrumb","itemListElement":[{"@type":"ListItem","position":1,"name":"In\u00edcio","item":"https:\/\/www.legislapp.com.br\/"},{"@type":"ListItem","position":2,"name":"Avulso Inicial &#8211; PL 4844\/2025 &#8211; C\u00e2mara"}]},{"@type":"WebSite","@id":"https:\/\/www.legislapp.com.br\/#website","url":"https:\/\/www.legislapp.com.br\/","name":"Legislapp","description":"Intelig\u00eancia governamental em tempo real","publisher":{"@id":"https:\/\/www.legislapp.com.br\/#organization"},"potentialAction":[{"@type":"SearchAction","target":{"@type":"EntryPoint","urlTemplate":"https:\/\/www.legislapp.com.br\/?s={search_term_string}"},"query-input":{"@type":"PropertyValueSpecification","valueRequired":true,"valueName":"search_term_string"}}],"inLanguage":"pt-BR"},{"@type":"Organization","@id":"https:\/\/www.legislapp.com.br\/#organization","name":"Legislapp Monitoramento e Intelig\u00eancia Governamental","url":"https:\/\/www.legislapp.com.br\/","logo":{"@type":"ImageObject","inLanguage":"pt-BR","@id":"https:\/\/www.legislapp.com.br\/#\/schema\/logo\/image\/","url":"https:\/\/www.legislapp.com.br\/wp-content\/uploads\/icon.png","contentUrl":"https:\/\/www.legislapp.com.br\/wp-content\/uploads\/icon.png","width":1024,"height":1024,"caption":"Legislapp Monitoramento e Intelig\u00eancia Governamental"},"image":{"@id":"https:\/\/www.legislapp.com.br\/#\/schema\/logo\/image\/"},"sameAs":["https:\/\/www.instagram.com\/legislapp\/"]}]}},"_links":{"self":[{"href":"https:\/\/www.legislapp.com.br\/index.php\/wp-json\/wp\/v2\/pages\/10095","targetHints":{"allow":["GET"]}}],"collection":[{"href":"https:\/\/www.legislapp.com.br\/index.php\/wp-json\/wp\/v2\/pages"}],"about":[{"href":"https:\/\/www.legislapp.com.br\/index.php\/wp-json\/wp\/v2\/types\/page"}],"author":[{"embeddable":true,"href":"https:\/\/www.legislapp.com.br\/index.php\/wp-json\/wp\/v2\/users\/1"}],"replies":[{"embeddable":true,"href":"https:\/\/www.legislapp.com.br\/index.php\/wp-json\/wp\/v2\/comments?post=10095"}],"version-history":[{"count":0,"href":"https:\/\/www.legislapp.com.br\/index.php\/wp-json\/wp\/v2\/pages\/10095\/revisions"}],"wp:attachment":[{"href":"https:\/\/www.legislapp.com.br\/index.php\/wp-json\/wp\/v2\/media?parent=10095"}],"curies":[{"name":"wp","href":"https:\/\/api.w.org\/{rel}","templated":true}]}}