{"id":10099,"date":"2025-12-01T11:00:50","date_gmt":"2025-12-01T14:00:50","guid":{"rendered":"https:\/\/www.legislapp.com.br\/index.php\/avulso-inicial-pl-3373-2025-camara\/"},"modified":"2025-12-01T11:00:50","modified_gmt":"2025-12-01T14:00:50","slug":"avulso-inicial-pl-3373-2025-camara","status":"publish","type":"page","link":"https:\/\/www.legislapp.com.br\/index.php\/avulso-inicial-pl-3373-2025-camara\/","title":{"rendered":"Avulso Inicial &#8211; PL 3373\/2025 &#8211; C\u00e2mara"},"content":{"rendered":"<h1 style='text-align: center;'>Avulso Inicial &#8211; Autoria de Doutor Luizinho<\/h3>\n<p><\/p>\n<article>PODER LEGISLATIVO<br \/>\nC\u00c2MARA DOS DEPUTADOS<br \/>\nPROJETO DE LEI N\u00ba    DE 2025<br \/>\n(Do Sr. Dr. Luizinho)<br \/>\nDisp\u00f5e sobre a cria\u00e7\u00e3o do Cadastro<br \/>\nNacional de Doen\u00e7as Raras, estabelece<br \/>\nregras para a dispensa\u00e7\u00e3o de<br \/>\nmedicamentos e d\u00e1 outras provid\u00eancias.<br \/>\nO CONGRESSO NACIONAL decreta:<br \/>\nArt. 1\u00ba Fica criado o Cadastro Nacional de Doen\u00e7as Raras, a<br \/>\nser mantido e custeado pelo Minist\u00e9rio da Sa\u00fade, com a finalidade de manter<br \/>\ninforma\u00e7\u00f5es, prestar apoio e orienta\u00e7\u00e3o para o diagn\u00f3stico e formular<br \/>\npol\u00edticas p\u00fablicas destinadas ao tratamento de doen\u00e7as raras.<br \/>\n\u00a7 1\u00ba Compete ao Minist\u00e9rio da Sa\u00fade, no prazo de at\u00e9 180<br \/>\n(cento e oitenta) dias, definir o conceito de doen\u00e7a rara, mediante crit\u00e9rios<br \/>\nt\u00e9cnicos claros e objetivos, inclusive quanto \u00e0 sua preval\u00eancia na popula\u00e7\u00e3o,<br \/>\nconforme estabelecido em ato normativo pr\u00f3prio.<br \/>\n\u00a7 2\u00ba Cabe aos gestores do Sistema \u00danico de Sa\u00fade (SUS), nas<br \/>\ntr\u00eas esferas de governo, sob orienta\u00e7\u00e3o do Minist\u00e9rio da Sa\u00fade, atualizar as<br \/>\ninforma\u00e7\u00f5es sobre casos de doen\u00e7as raras.<br \/>\n\u00a7 3\u00ba O acesso ao Cadastro Nacional de Doen\u00e7as Raras poder\u00e1<br \/>\nser disponibilizado a qualquer profissional de sa\u00fade devidamente habilitado,<br \/>\nem todo o territ\u00f3rio nacional, observada a legisla\u00e7\u00e3o espec\u00edfica sobre as<br \/>\nprofiss\u00f5es da \u00e1rea da sa\u00fade e a regulamenta\u00e7\u00e3o dos respectivos conselhos<br \/>\nprofissionais.<br \/>\nArt. 2\u00ba Compete ao Minist\u00e9rio da Sa\u00fade definir as doen\u00e7as de<br \/>\nnotifica\u00e7\u00e3o obrigat\u00f3ria a serem inclu\u00eddas no Cadastro de que trata o art. 1\u00ba<br \/>\ndesta Lei.<br \/>\nArt. 3\u00ba A dispensa\u00e7\u00e3o de medicamentos para doen\u00e7as raras<br \/>\ndepender\u00e1 do pr\u00e9vio registro da doen\u00e7a no Cadastro de que trata o art. 1\u00ba<br \/>\ndesta Lei, desde que o medicamento esteja regularmente registrado na<br \/>\nPara verificar a assinatura, acesse https:\/\/infoleg-autenticidade-assinatura.camara.leg.br\/CD256848308100<br \/>\nAssinado por chancela eletr\u00f4nica do(a) Dep. Doutor Luizinho<br \/>\nApresenta\u00e7\u00e3o: 14\/07\/2025 17:21:28.220 &#8211; Mesa<br \/>\n*CD256848308100* PL n.3373\/2025<br \/>Ag\u00eancia Nacional de Vigil\u00e2ncia Sanit\u00e1ria (Anvisa) e incorporado pela<br \/>\nComiss\u00e3o Nacional de Incorpora\u00e7\u00e3o de Tecnologias no Sistema \u00danico de<br \/>\nSa\u00fade (Conitec).<br \/>\n\u00a7 1\u00ba Nos casos em que os medicamentos forem classificados<br \/>\ncomo de alto custo, a sua aquisi\u00e7\u00e3o e distribui\u00e7\u00e3o ser\u00e3o de responsabilidade<br \/>\ndo Minist\u00e9rio da Sa\u00fade, observados os protocolos cl\u00ednicos e diretrizes<br \/>\nterap\u00eauticas por ele definidos.<br \/>\n\u00a7 2\u00ba Ser\u00e3o considerados medicamentos de alto custo aqueles<br \/>\ncujo valor de aplica\u00e7\u00e3o exceda o equivalente a 1.000 (mil) sal\u00e1rios m\u00ednimos.<br \/>\n\u00a7 3\u00ba O Conselho Nacional de Justi\u00e7a poder\u00e1 celebrar termo de<br \/>\ncoopera\u00e7\u00e3o com o Minist\u00e9rio da Sa\u00fade para participa\u00e7\u00e3o no monitoramento<br \/>\ndo processo de aquisi\u00e7\u00e3o e distribui\u00e7\u00e3o de medicamentos de alto custo.<br \/>\nArt. 4\u00ba Nos casos de medicamentos de alto custo referidos no \u00a7<br \/>\n2\u00ba do art. 3\u00ba, a aquisi\u00e7\u00e3o dos medicamentos e tecnologias solicitados por<br \/>\nbenefici\u00e1rios de operadoras de planos de sa\u00fade ocorrer\u00e1 por interm\u00e9dio do<br \/>\nSistema \u00danico de Sa\u00fade (SUS).<br \/>\n\u00a7 1\u00ba As operadoras de planos de sa\u00fade dever\u00e3o ressarcir o<br \/>\nSUS quando os benefici\u00e1rios de planos privados receberem os<br \/>\nmedicamentos eleg\u00edveis nos termos da Lei n\u00ba 9.656, de 3 de junho de 1998,<br \/>\ne previstos no \u00a7 2\u00ba do art. 3\u00ba desta Lei, desde que:<br \/>\nI \u2013 estejam incorporados ao Rol de Procedimentos e Eventos<br \/>\nem Sa\u00fade;<br \/>\nII \u2013 observem as Diretrizes de Utiliza\u00e7\u00e3o definidas pela Ag\u00eancia<br \/>\nNacional de Sa\u00fade Suplementar (ANS).<br \/>\n\u00a7 2\u00ba O ressarcimento ser\u00e1 realizado em conformidade com os<br \/>\nnormativos estabelecidos pela ANS, pelo valor de aquisi\u00e7\u00e3o do<br \/>\nmedicamento.<br \/>\n\u00a7 3\u00ba O descumprimento da obriga\u00e7\u00e3o prevista no \u00a7 1\u00ba deste<br \/>\nartigo ensejar\u00e1 a instaura\u00e7\u00e3o de procedimento administrativo pela ANS,<br \/>\npodendo resultar na perda do registro da operadora junto ao \u00f3rg\u00e3o<br \/>\nregulador.<br \/>\nArt. 5\u00ba Compete ao Minist\u00e9rio da Sa\u00fade a cria\u00e7\u00e3o de plataforma<br \/>\nnacional destinada a:<br \/>\nI \u2013 coletar e analisar dados sobre a quantidade de<br \/>\nmedicamentos demandados por processo administrativo e judicial;<br \/>\nII \u2013 informar o status das incorpora\u00e7\u00f5es de medicamentos e<br \/>\ntecnologias para doen\u00e7as raras no SUS;<br \/>\nIII \u2013 registrar os custos dos tratamentos realizados;<br \/>\nPara verificar a assinatura, acesse https:\/\/infoleg-autenticidade-assinatura.camara.leg.br\/CD256848308100<br \/>\nAssinado por chancela eletr\u00f4nica do(a) Dep. Doutor Luizinho<br \/>\nApresenta\u00e7\u00e3o: 14\/07\/2025 17:21:28.220 &#8211; Mesa<br \/>\n*CD256848308100* PL n.3373\/2025<br \/>IV \u2013 manter dados sobre o acompanhamento de pacientes em<br \/>\ntratamento, incluindo informa\u00e7\u00f5es sobre evolu\u00e7\u00e3o cl\u00ednica, agravamento do<br \/>\nquadro, recidivas e outros aspectos, observando-se o sigilo das informa\u00e7\u00f5es<br \/>\npessoais, nos termos da Lei n\u00ba 13.709, de 14 de agosto de 2018.<br \/>\nArt. 6\u00ba O Poder Executivo regulamentar\u00e1 esta Lei no prazo de<br \/>\nat\u00e9 180 (cento e oitenta) dias, contado da data de sua publica\u00e7\u00e3o.<br \/>\nArt. 7\u00ba Esta Lei entra em vigor ap\u00f3s decorrido o prazo de 1 (um)<br \/>\nano de sua publica\u00e7\u00e3o oficial.<br \/>\nJUSTIFICA\u00c7\u00c3O<br \/>\nO presente projeto de lei visa instituir o Cadastro Nacional de<br \/>\nDoen\u00e7as Raras, com o objetivo de promover o monitoramento, o<br \/>\nacompanhamento e a sistematiza\u00e7\u00e3o de informa\u00e7\u00f5es relativas \u00e0s doen\u00e7as<br \/>\nraras no \u00e2mbito do Sistema \u00danico de Sa\u00fade (SUS).<br \/>\nConforme defini\u00e7\u00e3o do Minist\u00e9rio da Sa\u00fade, uma doen\u00e7a \u00e9<br \/>\nconsiderada rara quando afeta at\u00e9 65 pessoas a cada 100 mil habitantes.<br \/>\nEmbora essas enfermidades sejam individualmente pouco frequentes,<br \/>\nestima-se que existam entre 6 mil e 8 mil tipos diferentes, o que, no conjunto,<br \/>\nimpacta significativamente a sa\u00fade p\u00fablica e demanda pol\u00edticas espec\u00edficas<br \/>\nde aten\u00e7\u00e3o integral.<br \/>\nO Cadastro permitir\u00e1 o registro e a atualiza\u00e7\u00e3o de dados<br \/>\ncl\u00ednicos e demogr\u00e1ficos de pacientes diagnosticados com doen\u00e7as raras, do<br \/>\nnascimento ou em qualquer etapa da vida. A implementa\u00e7\u00e3o dessa base<br \/>\nnacional de dados \u00e9 fundamental para estruturar uma jornada de cuidado<br \/>\ncont\u00ednua e eficaz, assegurando aos pacientes e suas fam\u00edlias o acesso<br \/>\nadequado aos servi\u00e7os de sa\u00fade e ao tratamento necess\u00e1rio.<br \/>\nPelo texto do projeto, a atualiza\u00e7\u00e3o e a manuten\u00e7\u00e3o do<br \/>\nCadastro ser\u00e3o de responsabilidade dos gestores do SUS nas tr\u00eas esferas<br \/>\nde governo, sob coordena\u00e7\u00e3o e orienta\u00e7\u00e3o do Minist\u00e9rio da Sa\u00fade,<br \/>\ngarantindo a uniformidade e a confiabilidade das informa\u00e7\u00f5es.<br \/>\nDestaca-se, ainda, a previs\u00e3o de estrutura\u00e7\u00e3o da dispensa\u00e7\u00e3o<br \/>\nde medicamentos espec\u00edficos para doen\u00e7as raras. Uma vez feito o<br \/>\ndiagn\u00f3stico e efetuado o registro no Cadastro, o paciente dever\u00e1 ter<br \/>\nassegurado o acesso aos medicamentos de forma estruturada.<br \/>\nNos casos em que o paciente seja benefici\u00e1rio de plano de<br \/>\nsa\u00fade, a operadora de assist\u00eancia suplementar dever\u00e1 ressarcir o Sistema<br \/>\n\u00danico de Sa\u00fade (SUS), conforme regulamenta\u00e7\u00e3o da Ag\u00eancia Nacional de<br \/>\nSa\u00fade Suplementar (ANS). Para garantir o fiel cumprimento dessa<br \/>\nPara verificar a assinatura, acesse https:\/\/infoleg-autenticidade-assinatura.camara.leg.br\/CD256848308100<br \/>\nAssinado por chancela eletr\u00f4nica do(a) Dep. Doutor Luizinho<br \/>\nApresenta\u00e7\u00e3o: 14\/07\/2025 17:21:28.220 &#8211; Mesa<br \/>\n*CD256848308100* PL n.3373\/2025<br \/>obriga\u00e7\u00e3o, o projeto prev\u00ea a possibilidade de instaura\u00e7\u00e3o de procedimento<br \/>\nadministrativo pela ANS, o qual poder\u00e1 resultar na perda do registro da<br \/>\noperadora junto ao \u00f3rg\u00e3o regulador, como medida de prote\u00e7\u00e3o ao interesse<br \/>\np\u00fablico.<br \/>\nA institui\u00e7\u00e3o deste Cadastro \u00e9, portanto, medida de justi\u00e7a<br \/>\nsocial, de fortalecimento da pol\u00edtica p\u00fablica de sa\u00fade e de respeito \u00e0<br \/>\ndignidade da pessoa humana. Trata-se de uma resposta concreta \u00e0<br \/>\nnecessidade de se garantir cuidado integral e equ\u00e2nime \u00e0 popula\u00e7\u00e3o<br \/>\nacometida por doen\u00e7as raras no Brasil.<br \/>\nSala das sess\u00f5es, em     de              de 2025.<br \/>\nDeputado DR. LUIZINHO<br \/>\nPROGRESSISTAS\/RJ<br \/>\nPara verificar a assinatura, acesse https:\/\/infoleg-autenticidade-assinatura.camara.leg.br\/CD256848308100<br \/>\nAssinado por chancela eletr\u00f4nica do(a) Dep. Doutor Luizinho<br \/>\nApresenta\u00e7\u00e3o: 14\/07\/2025 17:21:28.220 &#8211; Mesa<br \/>\n*CD256848308100* PL n.3373\/2025<\/article>\n<p><a href='https:\/\/app.legislapp.com.br\/#\/busca?termo='><\/a><\/p>\n<div style=\"text-align: center\">\n      <img decoding=\"async\" style=\"width: 14%;\" src=\"https:\/\/www.legislapp.com.br\/wp-content\/uploads\/2021\/07\/Logo-Legislapp-1-03-1.png\"><br \/>\n      <\/p>\n<div style=\"margin-bottom: 20px;\" class=\"et_pb_button_module_wrapper et_pb_button_5_tb_body_wrapper et_pb_button_alignment_center et_pb_module \">\n         <a class=\"et_pb_button et_pb_button_5_tb_body et_hover_enabled et_pb_bg_layout_dark\" style=\"width: 50%;background-color: black;\" href=\"https:\/\/app.legislapp.com.br\" target=\"_blank\" rel=\"noopener\">Visualizar completo na nossa plataforma (30 dias gr\u00e1tis)<\/a><\/p><\/div>\n<p>      <a href=\"https:\/\/play.google.com\/store\/apps\/details?id=br.com.legislapp\"><img decoding=\"async\" style=\"width: 15%; min-width: 130px;\" src=\"https:\/\/www.legislapp.com.br\/wp-content\/uploads\/google-play.png\"><\/a><br \/>\n      <a href=\"https:\/\/apps.apple.com\/us\/app\/legislapp\/id1568929859\"><img decoding=\"async\" style=\"width: 15%; min-width: 130px\" src=\"https:\/\/www.legislapp.com.br\/wp-content\/uploads\/apple-store.png\"><\/a>\n   <\/div>\n","protected":false},"excerpt":{"rendered":"<p>Avulso Inicial &#8211; Autoria de Doutor Luizinho PODER LEGISLATIVO C\u00c2MARA DOS DEPUTADOS PROJETO DE LEI N\u00ba DE 2025 (Do Sr. Dr. Luizinho) Disp\u00f5e sobre a cria\u00e7\u00e3o do Cadastro Nacional de Doen\u00e7as Raras, estabelece regras para a dispensa\u00e7\u00e3o de medicamentos e d\u00e1 outras provid\u00eancias. O CONGRESSO NACIONAL decreta: Art. 1\u00ba Fica criado o Cadastro Nacional de [&hellip;]<\/p>\n","protected":false},"author":1,"featured_media":0,"parent":0,"menu_order":0,"comment_status":"closed","ping_status":"closed","template":"page-template-blank.php","meta":{"_et_pb_use_builder":"","_et_pb_old_content":"","_et_gb_content_width":"1080","ngg_post_thumbnail":0,"footnotes":""},"class_list":["post-10099","page","type-page","status-publish","hentry"],"yoast_head":"<!-- This site is optimized with the Yoast SEO plugin v24.4 - https:\/\/yoast.com\/wordpress\/plugins\/seo\/ -->\n<title>Avulso Inicial - PL 3373\/2025 - C\u00e2mara - Legislapp<\/title>\n<meta name=\"robots\" content=\"index, follow, max-snippet:-1, max-image-preview:large, max-video-preview:-1\" \/>\n<link rel=\"canonical\" href=\"https:\/\/www.legislapp.com.br\/index.php\/avulso-inicial-pl-3373-2025-camara\/\" \/>\n<meta property=\"og:locale\" content=\"pt_BR\" \/>\n<meta property=\"og:type\" content=\"article\" \/>\n<meta property=\"og:title\" content=\"Avulso Inicial - PL 3373\/2025 - C\u00e2mara - Legislapp\" \/>\n<meta property=\"og:description\" content=\"Avulso Inicial &#8211; Autoria de Doutor Luizinho PODER LEGISLATIVO C\u00c2MARA DOS DEPUTADOS PROJETO DE LEI N\u00ba DE 2025 (Do Sr. Dr. Luizinho) Disp\u00f5e sobre a cria\u00e7\u00e3o do Cadastro Nacional de Doen\u00e7as Raras, estabelece regras para a dispensa\u00e7\u00e3o de medicamentos e d\u00e1 outras provid\u00eancias. O CONGRESSO NACIONAL decreta: Art. 1\u00ba Fica criado o Cadastro Nacional de [&hellip;]\" \/>\n<meta property=\"og:url\" content=\"https:\/\/www.legislapp.com.br\/index.php\/avulso-inicial-pl-3373-2025-camara\/\" \/>\n<meta property=\"og:site_name\" content=\"Legislapp\" \/>\n<meta property=\"article:publisher\" content=\"https:\/\/www.instagram.com\/legislapp\/\" \/>\n<meta property=\"og:image\" content=\"https:\/\/www.legislapp.com.br\/wp-content\/uploads\/2021\/07\/Logo-Legislapp-1-03-1.png\" \/>\n<meta name=\"twitter:card\" content=\"summary_large_image\" \/>\n<meta name=\"twitter:label1\" content=\"Est. tempo de leitura\" \/>\n\t<meta name=\"twitter:data1\" content=\"6 minutos\" \/>\n<script type=\"application\/ld+json\" class=\"yoast-schema-graph\">{\"@context\":\"https:\/\/schema.org\",\"@graph\":[{\"@type\":\"WebPage\",\"@id\":\"https:\/\/www.legislapp.com.br\/index.php\/avulso-inicial-pl-3373-2025-camara\/\",\"url\":\"https:\/\/www.legislapp.com.br\/index.php\/avulso-inicial-pl-3373-2025-camara\/\",\"name\":\"Avulso Inicial - PL 3373\/2025 - C\u00e2mara - Legislapp\",\"isPartOf\":{\"@id\":\"https:\/\/www.legislapp.com.br\/#website\"},\"primaryImageOfPage\":{\"@id\":\"https:\/\/www.legislapp.com.br\/index.php\/avulso-inicial-pl-3373-2025-camara\/#primaryimage\"},\"image\":{\"@id\":\"https:\/\/www.legislapp.com.br\/index.php\/avulso-inicial-pl-3373-2025-camara\/#primaryimage\"},\"thumbnailUrl\":\"https:\/\/www.legislapp.com.br\/wp-content\/uploads\/2021\/07\/Logo-Legislapp-1-03-1.png\",\"datePublished\":\"2025-12-01T14:00:50+00:00\",\"breadcrumb\":{\"@id\":\"https:\/\/www.legislapp.com.br\/index.php\/avulso-inicial-pl-3373-2025-camara\/#breadcrumb\"},\"inLanguage\":\"pt-BR\",\"potentialAction\":[{\"@type\":\"ReadAction\",\"target\":[\"https:\/\/www.legislapp.com.br\/index.php\/avulso-inicial-pl-3373-2025-camara\/\"]}]},{\"@type\":\"ImageObject\",\"inLanguage\":\"pt-BR\",\"@id\":\"https:\/\/www.legislapp.com.br\/index.php\/avulso-inicial-pl-3373-2025-camara\/#primaryimage\",\"url\":\"https:\/\/www.legislapp.com.br\/wp-content\/uploads\/2021\/07\/Logo-Legislapp-1-03-1.png\",\"contentUrl\":\"https:\/\/www.legislapp.com.br\/wp-content\/uploads\/2021\/07\/Logo-Legislapp-1-03-1.png\",\"width\":2679,\"height\":2697},{\"@type\":\"BreadcrumbList\",\"@id\":\"https:\/\/www.legislapp.com.br\/index.php\/avulso-inicial-pl-3373-2025-camara\/#breadcrumb\",\"itemListElement\":[{\"@type\":\"ListItem\",\"position\":1,\"name\":\"In\u00edcio\",\"item\":\"https:\/\/www.legislapp.com.br\/\"},{\"@type\":\"ListItem\",\"position\":2,\"name\":\"Avulso Inicial &#8211; PL 3373\/2025 &#8211; C\u00e2mara\"}]},{\"@type\":\"WebSite\",\"@id\":\"https:\/\/www.legislapp.com.br\/#website\",\"url\":\"https:\/\/www.legislapp.com.br\/\",\"name\":\"Legislapp\",\"description\":\"Intelig\u00eancia governamental em tempo real\",\"publisher\":{\"@id\":\"https:\/\/www.legislapp.com.br\/#organization\"},\"potentialAction\":[{\"@type\":\"SearchAction\",\"target\":{\"@type\":\"EntryPoint\",\"urlTemplate\":\"https:\/\/www.legislapp.com.br\/?s={search_term_string}\"},\"query-input\":{\"@type\":\"PropertyValueSpecification\",\"valueRequired\":true,\"valueName\":\"search_term_string\"}}],\"inLanguage\":\"pt-BR\"},{\"@type\":\"Organization\",\"@id\":\"https:\/\/www.legislapp.com.br\/#organization\",\"name\":\"Legislapp Monitoramento e Intelig\u00eancia Governamental\",\"url\":\"https:\/\/www.legislapp.com.br\/\",\"logo\":{\"@type\":\"ImageObject\",\"inLanguage\":\"pt-BR\",\"@id\":\"https:\/\/www.legislapp.com.br\/#\/schema\/logo\/image\/\",\"url\":\"https:\/\/www.legislapp.com.br\/wp-content\/uploads\/icon.png\",\"contentUrl\":\"https:\/\/www.legislapp.com.br\/wp-content\/uploads\/icon.png\",\"width\":1024,\"height\":1024,\"caption\":\"Legislapp Monitoramento e Intelig\u00eancia Governamental\"},\"image\":{\"@id\":\"https:\/\/www.legislapp.com.br\/#\/schema\/logo\/image\/\"},\"sameAs\":[\"https:\/\/www.instagram.com\/legislapp\/\"]}]}<\/script>\n<!-- \/ Yoast SEO plugin. -->","yoast_head_json":{"title":"Avulso Inicial - PL 3373\/2025 - C\u00e2mara - Legislapp","robots":{"index":"index","follow":"follow","max-snippet":"max-snippet:-1","max-image-preview":"max-image-preview:large","max-video-preview":"max-video-preview:-1"},"canonical":"https:\/\/www.legislapp.com.br\/index.php\/avulso-inicial-pl-3373-2025-camara\/","og_locale":"pt_BR","og_type":"article","og_title":"Avulso Inicial - PL 3373\/2025 - C\u00e2mara - Legislapp","og_description":"Avulso Inicial &#8211; Autoria de Doutor Luizinho PODER LEGISLATIVO C\u00c2MARA DOS DEPUTADOS PROJETO DE LEI N\u00ba DE 2025 (Do Sr. Dr. Luizinho) Disp\u00f5e sobre a cria\u00e7\u00e3o do Cadastro Nacional de Doen\u00e7as Raras, estabelece regras para a dispensa\u00e7\u00e3o de medicamentos e d\u00e1 outras provid\u00eancias. O CONGRESSO NACIONAL decreta: Art. 1\u00ba Fica criado o Cadastro Nacional de [&hellip;]","og_url":"https:\/\/www.legislapp.com.br\/index.php\/avulso-inicial-pl-3373-2025-camara\/","og_site_name":"Legislapp","article_publisher":"https:\/\/www.instagram.com\/legislapp\/","og_image":[{"url":"https:\/\/www.legislapp.com.br\/wp-content\/uploads\/2021\/07\/Logo-Legislapp-1-03-1.png","type":"","width":"","height":""}],"twitter_card":"summary_large_image","twitter_misc":{"Est. tempo de leitura":"6 minutos"},"schema":{"@context":"https:\/\/schema.org","@graph":[{"@type":"WebPage","@id":"https:\/\/www.legislapp.com.br\/index.php\/avulso-inicial-pl-3373-2025-camara\/","url":"https:\/\/www.legislapp.com.br\/index.php\/avulso-inicial-pl-3373-2025-camara\/","name":"Avulso Inicial - PL 3373\/2025 - C\u00e2mara - Legislapp","isPartOf":{"@id":"https:\/\/www.legislapp.com.br\/#website"},"primaryImageOfPage":{"@id":"https:\/\/www.legislapp.com.br\/index.php\/avulso-inicial-pl-3373-2025-camara\/#primaryimage"},"image":{"@id":"https:\/\/www.legislapp.com.br\/index.php\/avulso-inicial-pl-3373-2025-camara\/#primaryimage"},"thumbnailUrl":"https:\/\/www.legislapp.com.br\/wp-content\/uploads\/2021\/07\/Logo-Legislapp-1-03-1.png","datePublished":"2025-12-01T14:00:50+00:00","breadcrumb":{"@id":"https:\/\/www.legislapp.com.br\/index.php\/avulso-inicial-pl-3373-2025-camara\/#breadcrumb"},"inLanguage":"pt-BR","potentialAction":[{"@type":"ReadAction","target":["https:\/\/www.legislapp.com.br\/index.php\/avulso-inicial-pl-3373-2025-camara\/"]}]},{"@type":"ImageObject","inLanguage":"pt-BR","@id":"https:\/\/www.legislapp.com.br\/index.php\/avulso-inicial-pl-3373-2025-camara\/#primaryimage","url":"https:\/\/www.legislapp.com.br\/wp-content\/uploads\/2021\/07\/Logo-Legislapp-1-03-1.png","contentUrl":"https:\/\/www.legislapp.com.br\/wp-content\/uploads\/2021\/07\/Logo-Legislapp-1-03-1.png","width":2679,"height":2697},{"@type":"BreadcrumbList","@id":"https:\/\/www.legislapp.com.br\/index.php\/avulso-inicial-pl-3373-2025-camara\/#breadcrumb","itemListElement":[{"@type":"ListItem","position":1,"name":"In\u00edcio","item":"https:\/\/www.legislapp.com.br\/"},{"@type":"ListItem","position":2,"name":"Avulso Inicial &#8211; PL 3373\/2025 &#8211; C\u00e2mara"}]},{"@type":"WebSite","@id":"https:\/\/www.legislapp.com.br\/#website","url":"https:\/\/www.legislapp.com.br\/","name":"Legislapp","description":"Intelig\u00eancia governamental em tempo real","publisher":{"@id":"https:\/\/www.legislapp.com.br\/#organization"},"potentialAction":[{"@type":"SearchAction","target":{"@type":"EntryPoint","urlTemplate":"https:\/\/www.legislapp.com.br\/?s={search_term_string}"},"query-input":{"@type":"PropertyValueSpecification","valueRequired":true,"valueName":"search_term_string"}}],"inLanguage":"pt-BR"},{"@type":"Organization","@id":"https:\/\/www.legislapp.com.br\/#organization","name":"Legislapp Monitoramento e Intelig\u00eancia Governamental","url":"https:\/\/www.legislapp.com.br\/","logo":{"@type":"ImageObject","inLanguage":"pt-BR","@id":"https:\/\/www.legislapp.com.br\/#\/schema\/logo\/image\/","url":"https:\/\/www.legislapp.com.br\/wp-content\/uploads\/icon.png","contentUrl":"https:\/\/www.legislapp.com.br\/wp-content\/uploads\/icon.png","width":1024,"height":1024,"caption":"Legislapp Monitoramento e Intelig\u00eancia Governamental"},"image":{"@id":"https:\/\/www.legislapp.com.br\/#\/schema\/logo\/image\/"},"sameAs":["https:\/\/www.instagram.com\/legislapp\/"]}]}},"_links":{"self":[{"href":"https:\/\/www.legislapp.com.br\/index.php\/wp-json\/wp\/v2\/pages\/10099","targetHints":{"allow":["GET"]}}],"collection":[{"href":"https:\/\/www.legislapp.com.br\/index.php\/wp-json\/wp\/v2\/pages"}],"about":[{"href":"https:\/\/www.legislapp.com.br\/index.php\/wp-json\/wp\/v2\/types\/page"}],"author":[{"embeddable":true,"href":"https:\/\/www.legislapp.com.br\/index.php\/wp-json\/wp\/v2\/users\/1"}],"replies":[{"embeddable":true,"href":"https:\/\/www.legislapp.com.br\/index.php\/wp-json\/wp\/v2\/comments?post=10099"}],"version-history":[{"count":0,"href":"https:\/\/www.legislapp.com.br\/index.php\/wp-json\/wp\/v2\/pages\/10099\/revisions"}],"wp:attachment":[{"href":"https:\/\/www.legislapp.com.br\/index.php\/wp-json\/wp\/v2\/media?parent=10099"}],"curies":[{"name":"wp","href":"https:\/\/api.w.org\/{rel}","templated":true}]}}