{"id":10113,"date":"2025-12-01T11:01:22","date_gmt":"2025-12-01T14:01:22","guid":{"rendered":"https:\/\/www.legislapp.com.br\/index.php\/avulso-inicial-pl-3622-2025-camara\/"},"modified":"2025-12-01T11:01:22","modified_gmt":"2025-12-01T14:01:22","slug":"avulso-inicial-pl-3622-2025-camara","status":"publish","type":"page","link":"https:\/\/www.legislapp.com.br\/index.php\/avulso-inicial-pl-3622-2025-camara\/","title":{"rendered":"Avulso Inicial &#8211; PL 3622\/2025 &#8211; C\u00e2mara"},"content":{"rendered":"<h1 style='text-align: center;'>Avulso Inicial &#8211; Autoria de Andr\u00e9 Fernandes<\/h3>\n<p><\/p>\n<article>C\u00c2MARA DOS DEPUTADOS<br \/>\nGabinete do Deputado Federal Delegado Paulo Bilynskyj<br \/>\nPra\u00e7a dos Tr\u00eas Poderes, C\u00e2mara dos Deputados, Anexo IV, Gabinete 509<br \/>\n70160-900 \u2013 Bras\u00edlia-DF<br \/>\nPROJETO DE LEI N\u00ba               DE 2025.<br \/>\n(Do Sr. Delegado Paulo Bilynskyj)<br \/>\nExtingue a cobran\u00e7a do Imposto sobre<br \/>\nOpera\u00e7\u00f5es de Cr\u00e9dito, C\u00e2mbio e Seguro, ou<br \/>\nrelativas a T\u00edtulos ou Valores Mobili\u00e1rios \u2013<br \/>\nIOF, por meio da revoga\u00e7\u00e3o de sua<br \/>\ndisciplina infraconstitucional.<br \/>\nO Congresso Nacional decreta:<br \/>\nArt. 1\u00ba Ficam revogadas todas as disposi\u00e7\u00f5es legais e infralegais que autorizam a<br \/>\ncobran\u00e7a do Imposto sobre Opera\u00e7\u00f5es de Cr\u00e9dito, C\u00e2mbio e Seguro, ou relativas a<br \/>\nT\u00edtulos ou Valores Mobili\u00e1rios \u2013 IOF, institu\u00eddo com fundamento no inciso V do caput<br \/>\ndo art. 153 da Constitui\u00e7\u00e3o Federal.<br \/>\nArt. 2\u00ba Ficam especialmente revogados:<br \/>\nI \u2013 a Lei n\u00ba 8.894, de 21 de junho de 1994;<br \/>\n II \u2013 o Decreto-Lei n\u00ba 1.783, de 18 de abril de 1980;<br \/>\n III \u2013 o Decreto n\u00ba 6.306, de 14 de dezembro de 2007;<br \/>\n IV \u2013 todos os demais atos normativos infraconstitucionais que prevejam,<br \/>\nregulamentem ou autorizem a cobran\u00e7a do IOF.<br \/>\nArt. 3\u00ba Esta Lei entra em vigor na data de sua publica\u00e7\u00e3o.<br \/>\nPara verificar as assinaturas, acesse https:\/\/infoleg-autenticidade-assinatura.camara.leg.br\/CD252188146700<br \/>\nAssinado eletronicamente pelo(a) Dep. Delegado Paulo Bilynskyj e outros<br \/>\nApresenta\u00e7\u00e3o: 21\/07\/2025 15:19:51.720 &#8211; Mesa<br \/>\n*CD252188146700* PL n.3622\/2025<br \/>C\u00c2MARA DOS DEPUTADOS<br \/>\nGabinete do Deputado Federal Delegado Paulo Bilynskyj<br \/>\nPra\u00e7a dos Tr\u00eas Poderes, C\u00e2mara dos Deputados, Anexo IV, Gabinete 509<br \/>\n70160-900 \u2013 Bras\u00edlia-DF<br \/>\nJUSTIFICA\u00c7\u00c3O<br \/>\nO presente Projeto de Lei tem por finalidade extinguir, no plano<br \/>\ninfraconstitucional, a cobran\u00e7a do Imposto sobre Opera\u00e7\u00f5es de Cr\u00e9dito, C\u00e2mbio e<br \/>\nSeguro, ou relativas a T\u00edtulos ou Valores Mobili\u00e1rios \u2013 IOF.<br \/>\nInstitu\u00eddo com base no art. 153, inciso V, da Constitui\u00e7\u00e3o Federal, o IOF \u00e9<br \/>\num imposto de car\u00e1ter regulat\u00f3rio, criado com o prop\u00f3sito de permitir ao Poder<br \/>\nExecutivo intervir no mercado financeiro, com vistas \u00e0 estabilidade monet\u00e1ria e ao<br \/>\ncontrole do cr\u00e9dito.<br \/>\nNa pr\u00e1tica, por\u00e9m, o imposto vem sendo mantido como fonte ordin\u00e1ria de<br \/>\narrecada\u00e7\u00e3o, incidindo sobre opera\u00e7\u00f5es amplamente disseminadas no cotidiano dos<br \/>\ncidad\u00e3os e das empresas \u2014 como empr\u00e9stimos, financiamentos, seguros e aplica\u00e7\u00f5es<br \/>\nfinanceiras \u2014, contribuindo para o encarecimento do cr\u00e9dito e para a complexidade<br \/>\ntribut\u00e1ria.<br \/>\nCom a presente proposta, busca-se p\u00f4r fim \u00e0 sua exigibilidade, por meio da<br \/>\nrevoga\u00e7\u00e3o completa da legisla\u00e7\u00e3o que o institui e regulamenta, desonerando a atividade<br \/>\necon\u00f4mica, promovendo maior previsibilidade tribut\u00e1ria e alinhando o sistema nacional<br \/>\nde tributos \u00e0 simplifica\u00e7\u00e3o e racionalidade.<br \/>\nA Constitui\u00e7\u00e3o continuar\u00e1 a prever o imposto, o que permite ao Estado<br \/>\nreavaliar sua pertin\u00eancia em futuro contexto, mediante nova lei. No momento, contudo,<br \/>\nsua elimina\u00e7\u00e3o da esfera infraconstitucional representa medida adequada \u00e0 redu\u00e7\u00e3o da<br \/>\ncarga tribut\u00e1ria e ao incentivo \u00e0 recupera\u00e7\u00e3o da economia nacional.<br \/>\nA revoga\u00e7\u00e3o do Imposto sobre Opera\u00e7\u00f5es Financeiras (IOF) representa uma<br \/>\nmedida de justi\u00e7a fiscal, pois alivia a severa carga tribut\u00e1ria que recai,<br \/>\ndesproporcionalmente, sobre os segmentos mais vulner\u00e1veis da popula\u00e7\u00e3o brasileira. Ao<br \/>\neliminar esse imposto regressivo que incide sobre opera\u00e7\u00f5es financeiras essenciais ao<br \/>\nPara verificar as assinaturas, acesse https:\/\/infoleg-autenticidade-assinatura.camara.leg.br\/CD252188146700<br \/>\nAssinado eletronicamente pelo(a) Dep. Delegado Paulo Bilynskyj e outros<br \/>\nApresenta\u00e7\u00e3o: 21\/07\/2025 15:19:51.720 &#8211; Mesa<br \/>\n*CD252188146700* PL n.3622\/2025<br \/>C\u00c2MARA DOS DEPUTADOS<br \/>\nGabinete do Deputado Federal Delegado Paulo Bilynskyj<br \/>\nPra\u00e7a dos Tr\u00eas Poderes, C\u00e2mara dos Deputados, Anexo IV, Gabinete 509<br \/>\n70160-900 \u2013 Bras\u00edlia-DF<br \/>\ncotidiano das pessoas, promove-se maior equil\u00edbrio e equidade no sistema tribut\u00e1rio,<br \/>\ncontribuindo para a redu\u00e7\u00e3o das desigualdades sociais e para o fortalecimento do poder<br \/>\nde compra das fam\u00edlias de baixa renda. Essa iniciativa reafirma o compromisso do<br \/>\nlegislador com a justi\u00e7a tribut\u00e1ria e com a prote\u00e7\u00e3o dos direitos dos cidad\u00e3os mais<br \/>\nafetados pelo peso dos tributos, refor\u00e7ando o papel do Estado na promo\u00e7\u00e3o do<br \/>\ndesenvolvimento econ\u00f4mico inclusivo e sustent\u00e1vel.<br \/>\nDiante do exposto, solicitamos o apoio dos nobres pares para a aprova\u00e7\u00e3o deste<br \/>\nprojeto de lei.<br \/>\nSala das Comiss\u00f5es, 17 de julho de 2025.<br \/>\nDeputado DELEGADO PAULO BILYNSKYJ<br \/>\n(PL\/SP)<br \/>\nPara verificar as assinaturas, acesse https:\/\/infoleg-autenticidade-assinatura.camara.leg.br\/CD252188146700<br \/>\nAssinado eletronicamente pelo(a) Dep. Delegado Paulo Bilynskyj e outros<br \/>\nApresenta\u00e7\u00e3o: 21\/07\/2025 15:19:51.720 &#8211; Mesa<br \/>\n*CD252188146700* PL n.3622\/2025<br \/>C\u00c2MARA DOS DEPUTADOS<br \/>\nInfoleg &#8211; Autenticador<br \/>\nProjeto de Lei<\/p>\n<p>Deputado(s)<\/p>\n<p> 1  Dep. Delegado Paulo Bilynskyj (PL\/SP)<br \/>\n 2  Dep. Delegado Caveira (PL\/PA)<br \/>\n 3  Dep. Sargento Gon\u00e7alves (PL\/RN)<br \/>\n 4  Dep. General Gir\u00e3o (PL\/RN)<br \/>\n 5  Dep. Pr. Marco Feliciano (PL\/SP)<br \/>\n 6  Dep. Gustavo Gayer (PL\/GO)<br \/>\n 7  Dep. Rosangela Moro (UNI\u00c3O\/SP)<br \/>\n 8  Dep. Z\u00e9 Trov\u00e3o (PL\/SC)<br \/>\n 9  Dep. Cabo Gilberto Silva (PL\/PB)<br \/>\n 10  Dep. Zucco (PL\/RS)<br \/>\n 11  Dep. Joaquim Passarinho (PL\/PA)<br \/>\n 12  Dep. Daniela Reinehr (PL\/SC)<br \/>\n 13  Dep. Dayany Bittencourt (UNI\u00c3O\/CE)<br \/>\n 14  Dep. Silvia Wai\u00e3pi (PL\/AP)<br \/>\n 15  Dep. Coronel Fernanda (PL\/MT)<br \/>\n 16  Dep. Ricardo Guidi (PL\/SC)<br \/>\n 17  Dep. Jefferson Campos (PL\/SP)<br \/>\n 18  Dep. Capit\u00e3o Alden (PL\/BA)<br \/>\n 19  Dep. Jos\u00e9 Medeiros (PL\/MT)<br \/>\n 20  Dep. Roberta Roma (PL\/BA)<br \/>\n 21  Dep. Coronel Chris\u00f3stomo (PL\/RO)<br \/>\n 22  Dep. Nicoletti (UNI\u00c3O\/RR)<br \/>\n 23  Dep. Sargento Fahur (PSD\/PR)<br \/>\n 24  Dep. Luiz Philippe de Orleans e Bra (PL\/SP)<br \/>\n 25  Dep. Rodrigo da Zaeli (PL\/MT)<br \/>\n 26  Dep. Capit\u00e3o Augusto (PL\/SP)<br \/>\n 27  Dep. Daniel Freitas (PL\/SC)<br \/>\n 28  Dep. Rosana Valle (PL\/SP)<br \/>\n 29  Dep. Sanderson (PL\/RS)<br \/>\n 30  Dep. Andr\u00e9 Fernandes (PL\/CE)<br \/>\n 31  Dep. Domingos S\u00e1vio (PL\/MG)<br \/>\n 32  Dep. Evair Vieira de Melo (PP\/ES)<br \/>\nPara verificar as assinaturas, acesse https:\/\/infoleg-autenticidade-assinatura.camara.leg.br\/CD252188146700<br \/>\nAssinado eletronicamente pelo(a) Dep. Delegado Paulo Bilynskyj e outros<br \/>\nApresenta\u00e7\u00e3o: 21\/07\/2025 15:19:51.720 &#8211; Mesa<br \/>\nPL n.3622\/2025<br \/> 33  Dep. Carlos Jordy (PL\/RJ)<br \/>\n 34  Dep. Pastor Diniz (UNI\u00c3O\/RR)<br \/>\nPara verificar as assinaturas, acesse https:\/\/infoleg-autenticidade-assinatura.camara.leg.br\/CD252188146700<br \/>\nAssinado eletronicamente pelo(a) Dep. Delegado Paulo Bilynskyj e outros<br \/>\nApresenta\u00e7\u00e3o: 21\/07\/2025 15:19:51.720 &#8211; Mesa<br \/>\nPL n.3622\/2025<\/article>\n<p><a href='https:\/\/app.legislapp.com.br\/#\/busca?termo='><\/a><\/p>\n<div style=\"text-align: center\">\n      <img decoding=\"async\" style=\"width: 14%;\" src=\"https:\/\/www.legislapp.com.br\/wp-content\/uploads\/2021\/07\/Logo-Legislapp-1-03-1.png\"><br \/>\n      <\/p>\n<div style=\"margin-bottom: 20px;\" class=\"et_pb_button_module_wrapper et_pb_button_5_tb_body_wrapper et_pb_button_alignment_center et_pb_module \">\n         <a class=\"et_pb_button et_pb_button_5_tb_body et_hover_enabled et_pb_bg_layout_dark\" style=\"width: 50%;background-color: black;\" href=\"https:\/\/app.legislapp.com.br\" target=\"_blank\" rel=\"noopener\">Visualizar completo na nossa plataforma (30 dias gr\u00e1tis)<\/a><\/p><\/div>\n<p>      <a href=\"https:\/\/play.google.com\/store\/apps\/details?id=br.com.legislapp\"><img decoding=\"async\" style=\"width: 15%; min-width: 130px;\" src=\"https:\/\/www.legislapp.com.br\/wp-content\/uploads\/google-play.png\"><\/a><br \/>\n      <a href=\"https:\/\/apps.apple.com\/us\/app\/legislapp\/id1568929859\"><img decoding=\"async\" style=\"width: 15%; min-width: 130px\" src=\"https:\/\/www.legislapp.com.br\/wp-content\/uploads\/apple-store.png\"><\/a>\n   <\/div>\n","protected":false},"excerpt":{"rendered":"<p>Avulso Inicial &#8211; Autoria de Andr\u00e9 Fernandes C\u00c2MARA DOS DEPUTADOS Gabinete do Deputado Federal Delegado Paulo Bilynskyj Pra\u00e7a dos Tr\u00eas Poderes, C\u00e2mara dos Deputados, Anexo IV, Gabinete 509 70160-900 \u2013 Bras\u00edlia-DF PROJETO DE LEI N\u00ba DE 2025. (Do Sr. Delegado Paulo Bilynskyj) Extingue a cobran\u00e7a do Imposto sobre Opera\u00e7\u00f5es de Cr\u00e9dito, C\u00e2mbio e Seguro, ou [&hellip;]<\/p>\n","protected":false},"author":1,"featured_media":0,"parent":0,"menu_order":0,"comment_status":"closed","ping_status":"closed","template":"page-template-blank.php","meta":{"_et_pb_use_builder":"","_et_pb_old_content":"","_et_gb_content_width":"1080","ngg_post_thumbnail":0,"footnotes":""},"class_list":["post-10113","page","type-page","status-publish","hentry"],"yoast_head":"<!-- This site is optimized with the Yoast SEO plugin v24.4 - https:\/\/yoast.com\/wordpress\/plugins\/seo\/ -->\n<title>Avulso Inicial - PL 3622\/2025 - C\u00e2mara - Legislapp<\/title>\n<meta name=\"robots\" content=\"index, follow, max-snippet:-1, max-image-preview:large, max-video-preview:-1\" \/>\n<link rel=\"canonical\" href=\"https:\/\/www.legislapp.com.br\/index.php\/avulso-inicial-pl-3622-2025-camara\/\" \/>\n<meta property=\"og:locale\" content=\"pt_BR\" \/>\n<meta property=\"og:type\" content=\"article\" \/>\n<meta property=\"og:title\" content=\"Avulso Inicial - PL 3622\/2025 - C\u00e2mara - Legislapp\" \/>\n<meta property=\"og:description\" content=\"Avulso Inicial &#8211; Autoria de Andr\u00e9 Fernandes C\u00c2MARA DOS DEPUTADOS Gabinete do Deputado Federal Delegado Paulo Bilynskyj Pra\u00e7a dos Tr\u00eas Poderes, C\u00e2mara dos Deputados, Anexo IV, Gabinete 509 70160-900 \u2013 Bras\u00edlia-DF PROJETO DE LEI N\u00ba DE 2025. (Do Sr. Delegado Paulo Bilynskyj) Extingue a cobran\u00e7a do Imposto sobre Opera\u00e7\u00f5es de Cr\u00e9dito, C\u00e2mbio e Seguro, ou [&hellip;]\" \/>\n<meta property=\"og:url\" content=\"https:\/\/www.legislapp.com.br\/index.php\/avulso-inicial-pl-3622-2025-camara\/\" \/>\n<meta property=\"og:site_name\" content=\"Legislapp\" \/>\n<meta property=\"article:publisher\" content=\"https:\/\/www.instagram.com\/legislapp\/\" \/>\n<meta property=\"og:image\" content=\"https:\/\/www.legislapp.com.br\/wp-content\/uploads\/2021\/07\/Logo-Legislapp-1-03-1.png\" \/>\n<meta name=\"twitter:card\" content=\"summary_large_image\" \/>\n<meta name=\"twitter:label1\" content=\"Est. tempo de leitura\" \/>\n\t<meta name=\"twitter:data1\" content=\"5 minutos\" \/>\n<script type=\"application\/ld+json\" class=\"yoast-schema-graph\">{\"@context\":\"https:\/\/schema.org\",\"@graph\":[{\"@type\":\"WebPage\",\"@id\":\"https:\/\/www.legislapp.com.br\/index.php\/avulso-inicial-pl-3622-2025-camara\/\",\"url\":\"https:\/\/www.legislapp.com.br\/index.php\/avulso-inicial-pl-3622-2025-camara\/\",\"name\":\"Avulso Inicial - PL 3622\/2025 - C\u00e2mara - Legislapp\",\"isPartOf\":{\"@id\":\"https:\/\/www.legislapp.com.br\/#website\"},\"primaryImageOfPage\":{\"@id\":\"https:\/\/www.legislapp.com.br\/index.php\/avulso-inicial-pl-3622-2025-camara\/#primaryimage\"},\"image\":{\"@id\":\"https:\/\/www.legislapp.com.br\/index.php\/avulso-inicial-pl-3622-2025-camara\/#primaryimage\"},\"thumbnailUrl\":\"https:\/\/www.legislapp.com.br\/wp-content\/uploads\/2021\/07\/Logo-Legislapp-1-03-1.png\",\"datePublished\":\"2025-12-01T14:01:22+00:00\",\"breadcrumb\":{\"@id\":\"https:\/\/www.legislapp.com.br\/index.php\/avulso-inicial-pl-3622-2025-camara\/#breadcrumb\"},\"inLanguage\":\"pt-BR\",\"potentialAction\":[{\"@type\":\"ReadAction\",\"target\":[\"https:\/\/www.legislapp.com.br\/index.php\/avulso-inicial-pl-3622-2025-camara\/\"]}]},{\"@type\":\"ImageObject\",\"inLanguage\":\"pt-BR\",\"@id\":\"https:\/\/www.legislapp.com.br\/index.php\/avulso-inicial-pl-3622-2025-camara\/#primaryimage\",\"url\":\"https:\/\/www.legislapp.com.br\/wp-content\/uploads\/2021\/07\/Logo-Legislapp-1-03-1.png\",\"contentUrl\":\"https:\/\/www.legislapp.com.br\/wp-content\/uploads\/2021\/07\/Logo-Legislapp-1-03-1.png\",\"width\":2679,\"height\":2697},{\"@type\":\"BreadcrumbList\",\"@id\":\"https:\/\/www.legislapp.com.br\/index.php\/avulso-inicial-pl-3622-2025-camara\/#breadcrumb\",\"itemListElement\":[{\"@type\":\"ListItem\",\"position\":1,\"name\":\"In\u00edcio\",\"item\":\"https:\/\/www.legislapp.com.br\/\"},{\"@type\":\"ListItem\",\"position\":2,\"name\":\"Avulso Inicial &#8211; PL 3622\/2025 &#8211; C\u00e2mara\"}]},{\"@type\":\"WebSite\",\"@id\":\"https:\/\/www.legislapp.com.br\/#website\",\"url\":\"https:\/\/www.legislapp.com.br\/\",\"name\":\"Legislapp\",\"description\":\"Intelig\u00eancia governamental em tempo real\",\"publisher\":{\"@id\":\"https:\/\/www.legislapp.com.br\/#organization\"},\"potentialAction\":[{\"@type\":\"SearchAction\",\"target\":{\"@type\":\"EntryPoint\",\"urlTemplate\":\"https:\/\/www.legislapp.com.br\/?s={search_term_string}\"},\"query-input\":{\"@type\":\"PropertyValueSpecification\",\"valueRequired\":true,\"valueName\":\"search_term_string\"}}],\"inLanguage\":\"pt-BR\"},{\"@type\":\"Organization\",\"@id\":\"https:\/\/www.legislapp.com.br\/#organization\",\"name\":\"Legislapp Monitoramento e Intelig\u00eancia Governamental\",\"url\":\"https:\/\/www.legislapp.com.br\/\",\"logo\":{\"@type\":\"ImageObject\",\"inLanguage\":\"pt-BR\",\"@id\":\"https:\/\/www.legislapp.com.br\/#\/schema\/logo\/image\/\",\"url\":\"https:\/\/www.legislapp.com.br\/wp-content\/uploads\/icon.png\",\"contentUrl\":\"https:\/\/www.legislapp.com.br\/wp-content\/uploads\/icon.png\",\"width\":1024,\"height\":1024,\"caption\":\"Legislapp Monitoramento e Intelig\u00eancia Governamental\"},\"image\":{\"@id\":\"https:\/\/www.legislapp.com.br\/#\/schema\/logo\/image\/\"},\"sameAs\":[\"https:\/\/www.instagram.com\/legislapp\/\"]}]}<\/script>\n<!-- \/ Yoast SEO plugin. -->","yoast_head_json":{"title":"Avulso Inicial - PL 3622\/2025 - C\u00e2mara - Legislapp","robots":{"index":"index","follow":"follow","max-snippet":"max-snippet:-1","max-image-preview":"max-image-preview:large","max-video-preview":"max-video-preview:-1"},"canonical":"https:\/\/www.legislapp.com.br\/index.php\/avulso-inicial-pl-3622-2025-camara\/","og_locale":"pt_BR","og_type":"article","og_title":"Avulso Inicial - PL 3622\/2025 - C\u00e2mara - Legislapp","og_description":"Avulso Inicial &#8211; Autoria de Andr\u00e9 Fernandes C\u00c2MARA DOS DEPUTADOS Gabinete do Deputado Federal Delegado Paulo Bilynskyj Pra\u00e7a dos Tr\u00eas Poderes, C\u00e2mara dos Deputados, Anexo IV, Gabinete 509 70160-900 \u2013 Bras\u00edlia-DF PROJETO DE LEI N\u00ba DE 2025. (Do Sr. Delegado Paulo Bilynskyj) Extingue a cobran\u00e7a do Imposto sobre Opera\u00e7\u00f5es de Cr\u00e9dito, C\u00e2mbio e Seguro, ou [&hellip;]","og_url":"https:\/\/www.legislapp.com.br\/index.php\/avulso-inicial-pl-3622-2025-camara\/","og_site_name":"Legislapp","article_publisher":"https:\/\/www.instagram.com\/legislapp\/","og_image":[{"url":"https:\/\/www.legislapp.com.br\/wp-content\/uploads\/2021\/07\/Logo-Legislapp-1-03-1.png","type":"","width":"","height":""}],"twitter_card":"summary_large_image","twitter_misc":{"Est. tempo de leitura":"5 minutos"},"schema":{"@context":"https:\/\/schema.org","@graph":[{"@type":"WebPage","@id":"https:\/\/www.legislapp.com.br\/index.php\/avulso-inicial-pl-3622-2025-camara\/","url":"https:\/\/www.legislapp.com.br\/index.php\/avulso-inicial-pl-3622-2025-camara\/","name":"Avulso Inicial - PL 3622\/2025 - C\u00e2mara - Legislapp","isPartOf":{"@id":"https:\/\/www.legislapp.com.br\/#website"},"primaryImageOfPage":{"@id":"https:\/\/www.legislapp.com.br\/index.php\/avulso-inicial-pl-3622-2025-camara\/#primaryimage"},"image":{"@id":"https:\/\/www.legislapp.com.br\/index.php\/avulso-inicial-pl-3622-2025-camara\/#primaryimage"},"thumbnailUrl":"https:\/\/www.legislapp.com.br\/wp-content\/uploads\/2021\/07\/Logo-Legislapp-1-03-1.png","datePublished":"2025-12-01T14:01:22+00:00","breadcrumb":{"@id":"https:\/\/www.legislapp.com.br\/index.php\/avulso-inicial-pl-3622-2025-camara\/#breadcrumb"},"inLanguage":"pt-BR","potentialAction":[{"@type":"ReadAction","target":["https:\/\/www.legislapp.com.br\/index.php\/avulso-inicial-pl-3622-2025-camara\/"]}]},{"@type":"ImageObject","inLanguage":"pt-BR","@id":"https:\/\/www.legislapp.com.br\/index.php\/avulso-inicial-pl-3622-2025-camara\/#primaryimage","url":"https:\/\/www.legislapp.com.br\/wp-content\/uploads\/2021\/07\/Logo-Legislapp-1-03-1.png","contentUrl":"https:\/\/www.legislapp.com.br\/wp-content\/uploads\/2021\/07\/Logo-Legislapp-1-03-1.png","width":2679,"height":2697},{"@type":"BreadcrumbList","@id":"https:\/\/www.legislapp.com.br\/index.php\/avulso-inicial-pl-3622-2025-camara\/#breadcrumb","itemListElement":[{"@type":"ListItem","position":1,"name":"In\u00edcio","item":"https:\/\/www.legislapp.com.br\/"},{"@type":"ListItem","position":2,"name":"Avulso Inicial &#8211; PL 3622\/2025 &#8211; C\u00e2mara"}]},{"@type":"WebSite","@id":"https:\/\/www.legislapp.com.br\/#website","url":"https:\/\/www.legislapp.com.br\/","name":"Legislapp","description":"Intelig\u00eancia governamental em tempo real","publisher":{"@id":"https:\/\/www.legislapp.com.br\/#organization"},"potentialAction":[{"@type":"SearchAction","target":{"@type":"EntryPoint","urlTemplate":"https:\/\/www.legislapp.com.br\/?s={search_term_string}"},"query-input":{"@type":"PropertyValueSpecification","valueRequired":true,"valueName":"search_term_string"}}],"inLanguage":"pt-BR"},{"@type":"Organization","@id":"https:\/\/www.legislapp.com.br\/#organization","name":"Legislapp Monitoramento e Intelig\u00eancia Governamental","url":"https:\/\/www.legislapp.com.br\/","logo":{"@type":"ImageObject","inLanguage":"pt-BR","@id":"https:\/\/www.legislapp.com.br\/#\/schema\/logo\/image\/","url":"https:\/\/www.legislapp.com.br\/wp-content\/uploads\/icon.png","contentUrl":"https:\/\/www.legislapp.com.br\/wp-content\/uploads\/icon.png","width":1024,"height":1024,"caption":"Legislapp Monitoramento e Intelig\u00eancia Governamental"},"image":{"@id":"https:\/\/www.legislapp.com.br\/#\/schema\/logo\/image\/"},"sameAs":["https:\/\/www.instagram.com\/legislapp\/"]}]}},"_links":{"self":[{"href":"https:\/\/www.legislapp.com.br\/index.php\/wp-json\/wp\/v2\/pages\/10113","targetHints":{"allow":["GET"]}}],"collection":[{"href":"https:\/\/www.legislapp.com.br\/index.php\/wp-json\/wp\/v2\/pages"}],"about":[{"href":"https:\/\/www.legislapp.com.br\/index.php\/wp-json\/wp\/v2\/types\/page"}],"author":[{"embeddable":true,"href":"https:\/\/www.legislapp.com.br\/index.php\/wp-json\/wp\/v2\/users\/1"}],"replies":[{"embeddable":true,"href":"https:\/\/www.legislapp.com.br\/index.php\/wp-json\/wp\/v2\/comments?post=10113"}],"version-history":[{"count":0,"href":"https:\/\/www.legislapp.com.br\/index.php\/wp-json\/wp\/v2\/pages\/10113\/revisions"}],"wp:attachment":[{"href":"https:\/\/www.legislapp.com.br\/index.php\/wp-json\/wp\/v2\/media?parent=10113"}],"curies":[{"name":"wp","href":"https:\/\/api.w.org\/{rel}","templated":true}]}}