{"id":10120,"date":"2025-12-01T11:01:38","date_gmt":"2025-12-01T14:01:38","guid":{"rendered":"https:\/\/www.legislapp.com.br\/index.php\/avulso-inicial-pl-3482-2025-camara\/"},"modified":"2025-12-01T11:01:38","modified_gmt":"2025-12-01T14:01:38","slug":"avulso-inicial-pl-3482-2025-camara","status":"publish","type":"page","link":"https:\/\/www.legislapp.com.br\/index.php\/avulso-inicial-pl-3482-2025-camara\/","title":{"rendered":"Avulso Inicial &#8211; PL 3482\/2025 &#8211; C\u00e2mara"},"content":{"rendered":"<h1 style='text-align: center;'>Avulso Inicial &#8211; Autoria de Capit\u00e3o Alberto Neto<\/h3>\n<p><\/p>\n<article>PROJETO DE LEI N\u00ba          , DE 2025<br \/>\n(Do Sr. CAPIT\u00c3O ALBERTO NETO)<br \/>\nAltera o Decreto-Lei n\u00ba<br \/>\n2.848, de 7 de dezembro de 1940<br \/>\n(C\u00f3digo Penal), para tipificar o<br \/>\ncrime de comunica\u00e7\u00e3o falsa de<br \/>\nemerg\u00eancia, reconhece o dever<br \/>\nde repara\u00e7\u00e3o dos preju\u00edzos<br \/>\ndecorrentes e estabelece<br \/>\ncampanhas educativas articuladas<br \/>\nvisando a preven\u00e7\u00e3o da referida<br \/>\npr\u00e1tica.<br \/>\nO Congresso Nacional decreta:<br \/>\nArt. 1\u00ba Esta Lei altera o Decreto-Lei n\u00ba 2.848, de 7 de dezembro<br \/>\nde 1940 (C\u00f3digo Penal), para tipificar o crime de comunica\u00e7\u00e3o falsa de<br \/>\nemerg\u00eancia, reconhece o dever de repara\u00e7\u00e3o dos preju\u00edzos decorrentes e<br \/>\nestabelece campanhas educativas articuladas visando a preven\u00e7\u00e3o da referida<br \/>\npr\u00e1tica.<br \/>\nArt. 2\u00ba O Decreto-Lei n\u00ba 2.848, de 7 de dezembro de 1940<br \/>\n(C\u00f3digo Penal), passa a vigorar acrescido do seguinte artigo 265-A:<br \/>\n\u201cComunica\u00e7\u00e3o falsa de emerg\u00eancia<br \/>\nArt. 265-A. Acionar servi\u00e7o p\u00fablico ou particular de emerg\u00eancia<br \/>\npor meio de comunica\u00e7\u00e3o falsa, simulada ou enganosa:<br \/>\nPena &#8211; deten\u00e7\u00e3o, de 6 (seis) meses a 2 (dois) anos, e multa.<br \/>\n\u00a7 1\u00ba Se da conduta resultar mobiliza\u00e7\u00e3o desnecess\u00e1ria de<br \/>\nrecursos operacionais, a pena ser\u00e1 de reclus\u00e3o de 1 (um) a 4<br \/>\n(quatro) anos e multa.<br \/>\n\u00a7 2\u00ba A pena ser\u00e1 de reclus\u00e3o de 3 (tr\u00eas) a 8 (oito) anos e multa<br \/>\nse da conduta resultar les\u00e3o corporal grave ou morte por atraso<br \/>\nno atendimento.<br \/>\n\u00a7 3\u00ba A pena aumenta-se de 1\/3 (um ter\u00e7o) at\u00e9 metade, se o<br \/>\ncrime \u00e9 praticado:<br \/>\nPara verificar a assinatura, acesse https:\/\/infoleg-autenticidade-assinatura.camara.leg.br\/CD256112272500<br \/>\nAssinado eletronicamente pelo(a) Dep. Capit\u00e3o Alberto Neto<br \/>\nApresenta\u00e7\u00e3o: 16\/07\/2025 15:48:07.703 &#8211; Mesa<br \/>\n*CD256112272500* PL n.3482\/2025<br \/>2<br \/>\nI &#8211; durante estado de calamidade p\u00fablica ou de emerg\u00eancia<br \/>\nsocial;<br \/>\nII &#8211; por meio de recurso eletr\u00f4nico ou outro meio capaz de<br \/>\ndificultar a identifica\u00e7\u00e3o do autor.\u201d<br \/>\nArt. 3\u00ba Aquele que comunicar falsamente emerg\u00eancia fica<br \/>\nrespons\u00e1vel por reparar, nos termos da lei civil, os preju\u00edzos advenientes da<br \/>\nconduta.<br \/>\n\u00a7 1\u00ba Consideram-se preju\u00edzos advenientes da conduta descrita<br \/>\nno caput, dentre outros, os gastos envidados para o atendimento da falsa<br \/>\nemerg\u00eancia.<br \/>\n\u00a7 2\u00ba Se a comunica\u00e7\u00e3o falsa a que se refere o caput deste<br \/>\nartigo for praticada por incapaz, observar-se-\u00e3o os incisos I e II do art. 932 da<br \/>\nLei n\u00ba 10.406, de 10 de janeiro de 2002 (C\u00f3digo Civil).<br \/>\nArt. 4\u00ba A Uni\u00e3o, os Estados, o Distrito Federal e os Munic\u00edpios<br \/>\ndever\u00e3o atuar de forma articulada na promo\u00e7\u00e3o de campanhas educativas<br \/>\npermanentes para a divulga\u00e7\u00e3o da import\u00e2ncia dos servi\u00e7os de emerg\u00eancia,<br \/>\nbem como dos riscos, preju\u00edzos e responsabiliza\u00e7\u00e3o decorrentes da falsa<br \/>\ncomunica\u00e7\u00e3o prevista nesta Lei.<br \/>\nArt. 5\u00ba Esta Lei entra em vigor na data de sua publica\u00e7\u00e3o.<br \/>\nJUSTIFICA\u00c7\u00c3O<br \/>\nO Projeto de Lei ora apresentado preenche lacuna legislativa<br \/>\nexistente e estabelece um marco legal necess\u00e1rio para coibir e responsabilizar<br \/>\nde forma proporcional o acionamento, por comunica\u00e7\u00e3o falsa, dos servi\u00e7os de<br \/>\nemerg\u00eancia. Tal conduta compromete gravemente a efici\u00eancia dos servi\u00e7os de<br \/>\nemerg\u00eancia e coloca vidas humanas em risco, afora os preju\u00edzos ao Er\u00e1rio.<br \/>\nCom efeito, um estudo do Senado Federal, datado de 2015, j\u00e1<br \/>\nalertava que o preju\u00edzo gerado por essas liga\u00e7\u00f5es indevidas poderia<br \/>\nPara verificar a assinatura, acesse https:\/\/infoleg-autenticidade-assinatura.camara.leg.br\/CD256112272500<br \/>\nAssinado eletronicamente pelo(a) Dep. Capit\u00e3o Alberto Neto<br \/>\nApresenta\u00e7\u00e3o: 16\/07\/2025 15:48:07.703 &#8211; Mesa<br \/>\n*CD256112272500* PL n.3482\/2025<br \/>3<br \/>\n1<br \/>\nultrapassar a quantia de R$ 1 bilh\u00e3o por ano no Brasil . Os t\u00edtulos de<br \/>\npublica\u00e7\u00f5es a seguir, mais recentes, d\u00e3o bem a dimens\u00e3o de qu\u00e3o grave \u00e9<br \/>\nesse comportamento e a necessidade de tipific\u00e1-lo como crime:<br \/>\nSamu recebeu mais de 27 mil trotes em um ano apenas na<br \/>\n2<br \/>\ncidade do Rio<br \/>\nSamu-JP registra mais de 14 mil trotes em 2024 e<br \/>\n3<br \/>\nalerta sobre preju\u00edzos desta pr\u00e1tica<br \/>\nSamu contabiliza mais de 8 mil trotes e Prefeitura de<br \/>\n4<br \/>\nManaus alerta para os preju\u00edzos ao servi\u00e7o<br \/>\n\u00c9 indiscut\u00edvel que os \u201ctrotes\u201d aos servi\u00e7os de emerg\u00eancia<br \/>\nrepresentam amea\u00e7a direta \u00e0 vida humana, pois, ao ocuparem as linhas<br \/>\ntelef\u00f4nicas desses servi\u00e7os, podem impedir o imediato atendimento e uma<br \/>\nemerg\u00eancia real. N\u00e3o bastasse, h\u00e1 a mobiliza\u00e7\u00e3o de pessoal e de recursos que<br \/>\nficam alocados para um falso atendimento em detrimento de quadros<br \/>\nefetivamente graves.<br \/>\nNesse contexto, afigura-se alvissareira a tipifica\u00e7\u00e3o, no \u00e2mbito<br \/>\ndo Direito Penal, de referida pr\u00e1tica perniciosa, a qual h\u00e1 de ser recha\u00e7ada pela<br \/>\nordem jur\u00eddica em vigor. Ademais, o estabelecimento do dever de repara\u00e7\u00e3o<br \/>\ndos preju\u00edzos advenientes de referida ilicitude \u00e9 essencial para a garantia da<br \/>\njusti\u00e7a corretiva. Parece-nos razo\u00e1vel que todos os danos causados h\u00e3o de ser<br \/>\ncompostos \u2013 inclusive os referentes aos gastos envidados para o atendimento<br \/>\nda falsa ocorr\u00eancia.<br \/>\nOutrossim, torna-se essencial a promo\u00e7\u00e3o de campanhas<br \/>\neducativas articuladas entre os entes federativos com o objetivo de<br \/>\nconscientiza\u00e7\u00e3o da sociedade e preven\u00e7\u00e3o dessa pr\u00e1tica, em especial a partir<br \/>\nda divulga\u00e7\u00e3o das medidas implementadas nesta proposta legislativa.<br \/>\n1<br \/>\n https:\/\/www12.senado.leg.br\/noticias\/materias\/2015\/10\/27\/trotes-podem-custar-r-1-bilhao-por-ano-ao-<br \/>\npais<br \/>\n2<br \/>\n Fonte (O Globo): https:\/\/oglobo.globo.com\/rio\/noticia\/2025\/04\/02\/samu-recebeu-mais-de-27-mil-trotes-<br \/>\nem-um-ano-apenas-na-cidade-do-rio.ghtml; publica\u00e7\u00e3o em: 02 abr. 2025; acesso em: 12 jul. 2025.<br \/>\n3<br \/>\n Fonte (Prefeitura da Jo\u00e3o Pessoa): https:\/\/www.joaopessoa.pb.gov.br\/noticias\/samu-jp-registra-mais-de-<br \/>\n14-mil-trotes-em-2024-e-alerta-sobre-prejuizos-desta-pratica\/; publica\u00e7\u00e3o: 06 jan. 2025; acesso em: 12<br \/>\njul. 2025.<br \/>\n4<br \/>\n Fonte (Prefeitura de Manaus): https:\/\/www.manaus.am.gov.br\/noticia\/chamada\/central-samu-registros\/;<br \/>\npublica\u00e7\u00e3o em: 03 fev. 2025; acesso em: 12 jul. 2027.<br \/>\nPara verificar a assinatura, acesse https:\/\/infoleg-autenticidade-assinatura.camara.leg.br\/CD256112272500<br \/>\nAssinado eletronicamente pelo(a) Dep. Capit\u00e3o Alberto Neto<br \/>\nApresenta\u00e7\u00e3o: 16\/07\/2025 15:48:07.703 &#8211; Mesa<br \/>\n*CD256112272500* PL n.3482\/2025<br \/>4<br \/>\nIsso posto, considerando os inestim\u00e1veis custos humanos e<br \/>\nfinanceiros da comunica\u00e7\u00e3o falsa de emerg\u00eancia, contamos com o apoio dos<br \/>\nnossos nobre Pares para que este Projeto de Lei possa prosperar.<br \/>\nSala das Sess\u00f5es, em 16 de julho de 2025.<br \/>\nDeputado CAPIT\u00c3O ALBERTO NETO<br \/>\nPara verificar a assinatura, acesse https:\/\/infoleg-autenticidade-assinatura.camara.leg.br\/CD256112272500<br \/>\nAssinado eletronicamente pelo(a) Dep. Capit\u00e3o Alberto Neto<br \/>\nApresenta\u00e7\u00e3o: 16\/07\/2025 15:48:07.703 &#8211; Mesa<br \/>\n*CD256112272500* PL n.3482\/2025<\/article>\n<p><a href='https:\/\/app.legislapp.com.br\/#\/busca?termo='><\/a><\/p>\n<div style=\"text-align: center\">\n      <img decoding=\"async\" style=\"width: 14%;\" src=\"https:\/\/www.legislapp.com.br\/wp-content\/uploads\/2021\/07\/Logo-Legislapp-1-03-1.png\"><br \/>\n      <\/p>\n<div style=\"margin-bottom: 20px;\" class=\"et_pb_button_module_wrapper et_pb_button_5_tb_body_wrapper et_pb_button_alignment_center et_pb_module \">\n         <a class=\"et_pb_button et_pb_button_5_tb_body et_hover_enabled et_pb_bg_layout_dark\" style=\"width: 50%;background-color: black;\" href=\"https:\/\/app.legislapp.com.br\" target=\"_blank\" rel=\"noopener\">Visualizar completo na nossa plataforma (30 dias gr\u00e1tis)<\/a><\/p><\/div>\n<p>      <a href=\"https:\/\/play.google.com\/store\/apps\/details?id=br.com.legislapp\"><img decoding=\"async\" style=\"width: 15%; min-width: 130px;\" src=\"https:\/\/www.legislapp.com.br\/wp-content\/uploads\/google-play.png\"><\/a><br \/>\n      <a href=\"https:\/\/apps.apple.com\/us\/app\/legislapp\/id1568929859\"><img decoding=\"async\" style=\"width: 15%; min-width: 130px\" src=\"https:\/\/www.legislapp.com.br\/wp-content\/uploads\/apple-store.png\"><\/a>\n   <\/div>\n","protected":false},"excerpt":{"rendered":"<p>Avulso Inicial &#8211; Autoria de Capit\u00e3o Alberto Neto PROJETO DE LEI N\u00ba , DE 2025 (Do Sr. CAPIT\u00c3O ALBERTO NETO) Altera o Decreto-Lei n\u00ba 2.848, de 7 de dezembro de 1940 (C\u00f3digo Penal), para tipificar o crime de comunica\u00e7\u00e3o falsa de emerg\u00eancia, reconhece o dever de repara\u00e7\u00e3o dos preju\u00edzos decorrentes e estabelece campanhas educativas articuladas [&hellip;]<\/p>\n","protected":false},"author":1,"featured_media":0,"parent":0,"menu_order":0,"comment_status":"closed","ping_status":"closed","template":"page-template-blank.php","meta":{"_et_pb_use_builder":"","_et_pb_old_content":"","_et_gb_content_width":"1080","ngg_post_thumbnail":0,"footnotes":""},"class_list":["post-10120","page","type-page","status-publish","hentry"],"yoast_head":"<!-- This site is optimized with the Yoast SEO plugin v24.4 - https:\/\/yoast.com\/wordpress\/plugins\/seo\/ -->\n<title>Avulso Inicial - PL 3482\/2025 - C\u00e2mara - Legislapp<\/title>\n<meta name=\"robots\" content=\"index, follow, max-snippet:-1, max-image-preview:large, max-video-preview:-1\" \/>\n<link rel=\"canonical\" href=\"https:\/\/www.legislapp.com.br\/index.php\/avulso-inicial-pl-3482-2025-camara\/\" \/>\n<meta property=\"og:locale\" content=\"pt_BR\" \/>\n<meta property=\"og:type\" content=\"article\" \/>\n<meta property=\"og:title\" content=\"Avulso Inicial - PL 3482\/2025 - C\u00e2mara - Legislapp\" \/>\n<meta property=\"og:description\" content=\"Avulso Inicial &#8211; Autoria de Capit\u00e3o Alberto Neto PROJETO DE LEI N\u00ba , DE 2025 (Do Sr. CAPIT\u00c3O ALBERTO NETO) Altera o Decreto-Lei n\u00ba 2.848, de 7 de dezembro de 1940 (C\u00f3digo Penal), para tipificar o crime de comunica\u00e7\u00e3o falsa de emerg\u00eancia, reconhece o dever de repara\u00e7\u00e3o dos preju\u00edzos decorrentes e estabelece campanhas educativas articuladas [&hellip;]\" \/>\n<meta property=\"og:url\" content=\"https:\/\/www.legislapp.com.br\/index.php\/avulso-inicial-pl-3482-2025-camara\/\" \/>\n<meta property=\"og:site_name\" content=\"Legislapp\" \/>\n<meta property=\"article:publisher\" content=\"https:\/\/www.instagram.com\/legislapp\/\" \/>\n<meta property=\"og:image\" content=\"https:\/\/www.legislapp.com.br\/wp-content\/uploads\/2021\/07\/Logo-Legislapp-1-03-1.png\" \/>\n<meta name=\"twitter:card\" content=\"summary_large_image\" \/>\n<meta name=\"twitter:label1\" content=\"Est. tempo de leitura\" \/>\n\t<meta name=\"twitter:data1\" content=\"5 minutos\" \/>\n<script type=\"application\/ld+json\" class=\"yoast-schema-graph\">{\"@context\":\"https:\/\/schema.org\",\"@graph\":[{\"@type\":\"WebPage\",\"@id\":\"https:\/\/www.legislapp.com.br\/index.php\/avulso-inicial-pl-3482-2025-camara\/\",\"url\":\"https:\/\/www.legislapp.com.br\/index.php\/avulso-inicial-pl-3482-2025-camara\/\",\"name\":\"Avulso Inicial - PL 3482\/2025 - C\u00e2mara - Legislapp\",\"isPartOf\":{\"@id\":\"https:\/\/www.legislapp.com.br\/#website\"},\"primaryImageOfPage\":{\"@id\":\"https:\/\/www.legislapp.com.br\/index.php\/avulso-inicial-pl-3482-2025-camara\/#primaryimage\"},\"image\":{\"@id\":\"https:\/\/www.legislapp.com.br\/index.php\/avulso-inicial-pl-3482-2025-camara\/#primaryimage\"},\"thumbnailUrl\":\"https:\/\/www.legislapp.com.br\/wp-content\/uploads\/2021\/07\/Logo-Legislapp-1-03-1.png\",\"datePublished\":\"2025-12-01T14:01:38+00:00\",\"breadcrumb\":{\"@id\":\"https:\/\/www.legislapp.com.br\/index.php\/avulso-inicial-pl-3482-2025-camara\/#breadcrumb\"},\"inLanguage\":\"pt-BR\",\"potentialAction\":[{\"@type\":\"ReadAction\",\"target\":[\"https:\/\/www.legislapp.com.br\/index.php\/avulso-inicial-pl-3482-2025-camara\/\"]}]},{\"@type\":\"ImageObject\",\"inLanguage\":\"pt-BR\",\"@id\":\"https:\/\/www.legislapp.com.br\/index.php\/avulso-inicial-pl-3482-2025-camara\/#primaryimage\",\"url\":\"https:\/\/www.legislapp.com.br\/wp-content\/uploads\/2021\/07\/Logo-Legislapp-1-03-1.png\",\"contentUrl\":\"https:\/\/www.legislapp.com.br\/wp-content\/uploads\/2021\/07\/Logo-Legislapp-1-03-1.png\",\"width\":2679,\"height\":2697},{\"@type\":\"BreadcrumbList\",\"@id\":\"https:\/\/www.legislapp.com.br\/index.php\/avulso-inicial-pl-3482-2025-camara\/#breadcrumb\",\"itemListElement\":[{\"@type\":\"ListItem\",\"position\":1,\"name\":\"In\u00edcio\",\"item\":\"https:\/\/www.legislapp.com.br\/\"},{\"@type\":\"ListItem\",\"position\":2,\"name\":\"Avulso Inicial &#8211; PL 3482\/2025 &#8211; C\u00e2mara\"}]},{\"@type\":\"WebSite\",\"@id\":\"https:\/\/www.legislapp.com.br\/#website\",\"url\":\"https:\/\/www.legislapp.com.br\/\",\"name\":\"Legislapp\",\"description\":\"Intelig\u00eancia governamental em tempo real\",\"publisher\":{\"@id\":\"https:\/\/www.legislapp.com.br\/#organization\"},\"potentialAction\":[{\"@type\":\"SearchAction\",\"target\":{\"@type\":\"EntryPoint\",\"urlTemplate\":\"https:\/\/www.legislapp.com.br\/?s={search_term_string}\"},\"query-input\":{\"@type\":\"PropertyValueSpecification\",\"valueRequired\":true,\"valueName\":\"search_term_string\"}}],\"inLanguage\":\"pt-BR\"},{\"@type\":\"Organization\",\"@id\":\"https:\/\/www.legislapp.com.br\/#organization\",\"name\":\"Legislapp Monitoramento e Intelig\u00eancia Governamental\",\"url\":\"https:\/\/www.legislapp.com.br\/\",\"logo\":{\"@type\":\"ImageObject\",\"inLanguage\":\"pt-BR\",\"@id\":\"https:\/\/www.legislapp.com.br\/#\/schema\/logo\/image\/\",\"url\":\"https:\/\/www.legislapp.com.br\/wp-content\/uploads\/icon.png\",\"contentUrl\":\"https:\/\/www.legislapp.com.br\/wp-content\/uploads\/icon.png\",\"width\":1024,\"height\":1024,\"caption\":\"Legislapp Monitoramento e Intelig\u00eancia Governamental\"},\"image\":{\"@id\":\"https:\/\/www.legislapp.com.br\/#\/schema\/logo\/image\/\"},\"sameAs\":[\"https:\/\/www.instagram.com\/legislapp\/\"]}]}<\/script>\n<!-- \/ Yoast SEO plugin. -->","yoast_head_json":{"title":"Avulso Inicial - PL 3482\/2025 - C\u00e2mara - Legislapp","robots":{"index":"index","follow":"follow","max-snippet":"max-snippet:-1","max-image-preview":"max-image-preview:large","max-video-preview":"max-video-preview:-1"},"canonical":"https:\/\/www.legislapp.com.br\/index.php\/avulso-inicial-pl-3482-2025-camara\/","og_locale":"pt_BR","og_type":"article","og_title":"Avulso Inicial - PL 3482\/2025 - C\u00e2mara - Legislapp","og_description":"Avulso Inicial &#8211; Autoria de Capit\u00e3o Alberto Neto PROJETO DE LEI N\u00ba , DE 2025 (Do Sr. CAPIT\u00c3O ALBERTO NETO) Altera o Decreto-Lei n\u00ba 2.848, de 7 de dezembro de 1940 (C\u00f3digo Penal), para tipificar o crime de comunica\u00e7\u00e3o falsa de emerg\u00eancia, reconhece o dever de repara\u00e7\u00e3o dos preju\u00edzos decorrentes e estabelece campanhas educativas articuladas [&hellip;]","og_url":"https:\/\/www.legislapp.com.br\/index.php\/avulso-inicial-pl-3482-2025-camara\/","og_site_name":"Legislapp","article_publisher":"https:\/\/www.instagram.com\/legislapp\/","og_image":[{"url":"https:\/\/www.legislapp.com.br\/wp-content\/uploads\/2021\/07\/Logo-Legislapp-1-03-1.png","type":"","width":"","height":""}],"twitter_card":"summary_large_image","twitter_misc":{"Est. tempo de leitura":"5 minutos"},"schema":{"@context":"https:\/\/schema.org","@graph":[{"@type":"WebPage","@id":"https:\/\/www.legislapp.com.br\/index.php\/avulso-inicial-pl-3482-2025-camara\/","url":"https:\/\/www.legislapp.com.br\/index.php\/avulso-inicial-pl-3482-2025-camara\/","name":"Avulso Inicial - PL 3482\/2025 - C\u00e2mara - Legislapp","isPartOf":{"@id":"https:\/\/www.legislapp.com.br\/#website"},"primaryImageOfPage":{"@id":"https:\/\/www.legislapp.com.br\/index.php\/avulso-inicial-pl-3482-2025-camara\/#primaryimage"},"image":{"@id":"https:\/\/www.legislapp.com.br\/index.php\/avulso-inicial-pl-3482-2025-camara\/#primaryimage"},"thumbnailUrl":"https:\/\/www.legislapp.com.br\/wp-content\/uploads\/2021\/07\/Logo-Legislapp-1-03-1.png","datePublished":"2025-12-01T14:01:38+00:00","breadcrumb":{"@id":"https:\/\/www.legislapp.com.br\/index.php\/avulso-inicial-pl-3482-2025-camara\/#breadcrumb"},"inLanguage":"pt-BR","potentialAction":[{"@type":"ReadAction","target":["https:\/\/www.legislapp.com.br\/index.php\/avulso-inicial-pl-3482-2025-camara\/"]}]},{"@type":"ImageObject","inLanguage":"pt-BR","@id":"https:\/\/www.legislapp.com.br\/index.php\/avulso-inicial-pl-3482-2025-camara\/#primaryimage","url":"https:\/\/www.legislapp.com.br\/wp-content\/uploads\/2021\/07\/Logo-Legislapp-1-03-1.png","contentUrl":"https:\/\/www.legislapp.com.br\/wp-content\/uploads\/2021\/07\/Logo-Legislapp-1-03-1.png","width":2679,"height":2697},{"@type":"BreadcrumbList","@id":"https:\/\/www.legislapp.com.br\/index.php\/avulso-inicial-pl-3482-2025-camara\/#breadcrumb","itemListElement":[{"@type":"ListItem","position":1,"name":"In\u00edcio","item":"https:\/\/www.legislapp.com.br\/"},{"@type":"ListItem","position":2,"name":"Avulso Inicial &#8211; PL 3482\/2025 &#8211; C\u00e2mara"}]},{"@type":"WebSite","@id":"https:\/\/www.legislapp.com.br\/#website","url":"https:\/\/www.legislapp.com.br\/","name":"Legislapp","description":"Intelig\u00eancia governamental em tempo real","publisher":{"@id":"https:\/\/www.legislapp.com.br\/#organization"},"potentialAction":[{"@type":"SearchAction","target":{"@type":"EntryPoint","urlTemplate":"https:\/\/www.legislapp.com.br\/?s={search_term_string}"},"query-input":{"@type":"PropertyValueSpecification","valueRequired":true,"valueName":"search_term_string"}}],"inLanguage":"pt-BR"},{"@type":"Organization","@id":"https:\/\/www.legislapp.com.br\/#organization","name":"Legislapp Monitoramento e Intelig\u00eancia Governamental","url":"https:\/\/www.legislapp.com.br\/","logo":{"@type":"ImageObject","inLanguage":"pt-BR","@id":"https:\/\/www.legislapp.com.br\/#\/schema\/logo\/image\/","url":"https:\/\/www.legislapp.com.br\/wp-content\/uploads\/icon.png","contentUrl":"https:\/\/www.legislapp.com.br\/wp-content\/uploads\/icon.png","width":1024,"height":1024,"caption":"Legislapp Monitoramento e Intelig\u00eancia Governamental"},"image":{"@id":"https:\/\/www.legislapp.com.br\/#\/schema\/logo\/image\/"},"sameAs":["https:\/\/www.instagram.com\/legislapp\/"]}]}},"_links":{"self":[{"href":"https:\/\/www.legislapp.com.br\/index.php\/wp-json\/wp\/v2\/pages\/10120","targetHints":{"allow":["GET"]}}],"collection":[{"href":"https:\/\/www.legislapp.com.br\/index.php\/wp-json\/wp\/v2\/pages"}],"about":[{"href":"https:\/\/www.legislapp.com.br\/index.php\/wp-json\/wp\/v2\/types\/page"}],"author":[{"embeddable":true,"href":"https:\/\/www.legislapp.com.br\/index.php\/wp-json\/wp\/v2\/users\/1"}],"replies":[{"embeddable":true,"href":"https:\/\/www.legislapp.com.br\/index.php\/wp-json\/wp\/v2\/comments?post=10120"}],"version-history":[{"count":0,"href":"https:\/\/www.legislapp.com.br\/index.php\/wp-json\/wp\/v2\/pages\/10120\/revisions"}],"wp:attachment":[{"href":"https:\/\/www.legislapp.com.br\/index.php\/wp-json\/wp\/v2\/media?parent=10120"}],"curies":[{"name":"wp","href":"https:\/\/api.w.org\/{rel}","templated":true}]}}