{"id":10122,"date":"2025-12-01T11:01:43","date_gmt":"2025-12-01T14:01:43","guid":{"rendered":"https:\/\/www.legislapp.com.br\/index.php\/avulso-inicial-pl-2834-2025-camara\/"},"modified":"2025-12-01T11:01:43","modified_gmt":"2025-12-01T14:01:43","slug":"avulso-inicial-pl-2834-2025-camara","status":"publish","type":"page","link":"https:\/\/www.legislapp.com.br\/index.php\/avulso-inicial-pl-2834-2025-camara\/","title":{"rendered":"Avulso Inicial &#8211; PL 2834\/2025 &#8211; C\u00e2mara"},"content":{"rendered":"<h1 style='text-align: center;'>Avulso Inicial &#8211; Autoria de Aureo Ribeiro<\/h3>\n<p><\/p>\n<article>C\u00e2mara dos Deputados<br \/>\nPROJETO DE LEI N\u00ba              de 2025<br \/>\n(DO SR. AUREO RIBEIRO)<br \/>\nAltera a Lei n\u00ba 14.620, de 13 de julho<br \/>\nde 2023, para dispensar, no \u00e2mbito<br \/>\ndo Programa Minha Casa, Minha<br \/>\nVida, qualquer exig\u00eancia de tempo<br \/>\nm\u00ednimo de resid\u00eancia no Munic\u00edpio,<br \/>\nno Estado ou no Distrito Federal \u00e0s<br \/>\nmulheres v\u00edtimas de viol\u00eancia<br \/>\ndom\u00e9stica e familiar que estejam sob<br \/>\nmedida protetiva de urg\u00eancia.<br \/>\nO CONGRESSO NACIONAL decreta:<br \/>\nArt. 1\u00ba Esta lei altera a Lei n\u00ba 14.620, de 13 de julho de 2023, para<br \/>\ndispensar, no \u00e2mbito do Programa Minha Casa, Minha Vida, qualquer<br \/>\nexig\u00eancia de tempo m\u00ednimo de resid\u00eancia no Munic\u00edpio, no Estado ou no<br \/>\nDistrito Federal \u00e0s mulheres v\u00edtimas de viol\u00eancia dom\u00e9stica e familiar que<br \/>\nestejam sob medida protetiva de urg\u00eancia.<br \/>\nArt. 2\u00ba A Lei n\u00ba 14.620, de 13 de julho de 2023, passa a vigorar<br \/>\nacrescida do seguinte \u00a7 6\u00ba ao art. 10:<br \/>\n\u201cArt. 10. \u2026&#8230;&#8230;&#8230;&#8230;&#8230;&#8230;&#8230;&#8230;&#8230;&#8230;&#8230;&#8230;&#8230;&#8230;&#8230;&#8230;&#8230;&#8230;&#8230;&#8230;&#8230;&#8230;&#8230;&#8230;.<br \/>\n&#8230;&#8230;&#8230;&#8230;&#8230;&#8230;&#8230;&#8230;&#8230;&#8230;&#8230;&#8230;&#8230;&#8230;&#8230;&#8230;&#8230;&#8230;&#8230;&#8230;&#8230;&#8230;&#8230;&#8230;&#8230;&#8230;&#8230;&#8230;&#8230;&#8230;.<br \/>\n\u00a7 6\u00ba Para fins de sele\u00e7\u00e3o, habilita\u00e7\u00e3o e acesso aos benef\u00edcios<br \/>\nhabitacionais previstos nesta Lei, fica dispensada, em rela\u00e7\u00e3o \u00e0<br \/>\nmulher v\u00edtima de viol\u00eancia dom\u00e9stica e familiar que esteja sob<br \/>\nmedida protetiva de urg\u00eancia, qualquer exig\u00eancia de tempo<br \/>\nm\u00ednimo de resid\u00eancia no Munic\u00edpio, no Estado ou no Distrito<br \/>\nFederal.\u201d (NR)<br \/>\nFl. 1 de 3<br \/>\nPara verificar a assinatura, acesse https:\/\/infoleg-autenticidade-assinatura.camara.leg.br\/CD250998516200<br \/>\nAssinado eletronicamente pelo(a) Dep. Aureo Ribeiro<br \/>\nApresenta\u00e7\u00e3o: 11\/06\/2025 18:34:57.837 &#8211; Mesa<br \/>\n*CD250998516200* PL n.2834\/2025<br \/>C\u00e2mara dos Deputados<br \/>\nArt. 3\u00ba Esta lei entra em vigor na data de sua publica\u00e7\u00e3o.<br \/>\nJUSTIFICA\u00c7\u00c3O<br \/>\nA proposi\u00e7\u00e3o visa dispensar, no \u00e2mbito do Programa Minha Casa,<br \/>\nMinha Vida, qualquer exig\u00eancia de tempo m\u00ednimo de resid\u00eancia no Munic\u00edpio,<br \/>\nno Estado ou no Distrito Federal \u00e0s mulheres v\u00edtimas de viol\u00eancia dom\u00e9stica e<br \/>\nfamiliar que estejam sob medida protetiva de urg\u00eancia.<br \/>\nO direito \u00e0 moradia \u00e9 condi\u00e7\u00e3o indispens\u00e1vel para que a mulher<br \/>\nem situa\u00e7\u00e3o de viol\u00eancia dom\u00e9stica e familiar possa romper o ciclo de<br \/>\nagress\u00f5es, assegurar sua integridade f\u00edsica e reconstruir sua autonomia.<br \/>\nA Lei n\u00ba 14.620, de 13 de julho de 2023, faculta \u201caos Estados, ao<br \/>\nDistrito Federal, aos Munic\u00edpios e \u00e0s entidades privadas sem fins lucrativos,<br \/>\nquando promotoras de benef\u00edcios habitacionais, a inclus\u00e3o de outros requisitos<br \/>\ne crit\u00e9rios que busquem refletir situa\u00e7\u00f5es de vulnerabilidade econ\u00f4mica e social<br \/>\nlocais\u201d. Assim, normas estaduais e municipais incluem exig\u00eancia de tempo<br \/>\nm\u00ednimo no estado ou munic\u00edpio.<br \/>\nEntretanto, as normas estaduais ou municipais que exigem tempo<br \/>\nm\u00ednimo de resid\u00eancia para o ingresso em programas habitacionais terminam,<br \/>\nna pr\u00e1tica, por excluir um p\u00fablico que necessita da pol\u00edtica p\u00fablica de habita\u00e7\u00e3o<br \/>\nde forma priorit\u00e1ria: as mulheres que, em raz\u00e3o da viol\u00eancia sofrida, foram<br \/>\nobrigadas a migrar abruptamente em busca de prote\u00e7\u00e3o \u2014 situa\u00e7\u00e3o que a Lei<br \/>\nn.\u00ba 11.340\/2006 reconhece e combate ao prever o afastamento imediato do<br \/>\nagressor ou o acolhimento da v\u00edtima em local seguro.<br \/>\nDesta forma, a proposta harmoniza o Programa Minha Casa,<br \/>\nMinha Vida com a finalidade protetiva da Lei Maria da Penha e com a<br \/>\nConstitui\u00e7\u00e3o Federal, que imp\u00f5e ao Estado o dever de assegurar a conviv\u00eancia<br \/>\nfamiliar sem viol\u00eancia. A dispensa expressa do per\u00edodo de resid\u00eancia m\u00ednima<br \/>\npara este p\u00fablica elimina barreiras burocr\u00e1ticas que retardam ou inviabilizam o<br \/>\nacesso dessas mulheres a benef\u00edcios habitacionais, impedindo que a exig\u00eancia<br \/>\nFl. 2 de 3<br \/>\nPara verificar a assinatura, acesse https:\/\/infoleg-autenticidade-assinatura.camara.leg.br\/CD250998516200<br \/>\nAssinado eletronicamente pelo(a) Dep. Aureo Ribeiro<br \/>\nApresenta\u00e7\u00e3o: 11\/06\/2025 18:34:57.837 &#8211; Mesa<br \/>\n*CD250998516200* PL n.2834\/2025<br \/>C\u00e2mara dos Deputados<br \/>\nadministrativa se torne um novo fator de risco ou um convite ao retorno for\u00e7ado<br \/>\nao ambiente do agressor.<br \/>\nAo acolher a altera\u00e7\u00e3o, o Parlamento contribuir\u00e1 para que o<br \/>\nPrograma Minha Casa, Minha Vida cumpra, com maior efic\u00e1cia, seu pr\u00f3prio<br \/>\nobjetivo de redu\u00e7\u00e3o de vulnerabilidades sociais, garantindo que a prote\u00e7\u00e3o da<br \/>\nvida e da dignidade das mulheres prevale\u00e7a sobre formalidades incompat\u00edveis<br \/>\ncom a urg\u00eancia que tais casos demandam. Por isso, pedimos o apoio dos<br \/>\npares para a aprova\u00e7\u00e3o da proposta.<br \/>\nSala das Sess\u00f5es, em          de                           de 2025<br \/>\nDeputado Federal AUREO RIBEIRO<br \/>\nSolidariedade\/RJ<br \/>\nFl. 3 de 3<br \/>\nPara verificar a assinatura, acesse https:\/\/infoleg-autenticidade-assinatura.camara.leg.br\/CD250998516200<br \/>\nAssinado eletronicamente pelo(a) Dep. Aureo Ribeiro<br \/>\nApresenta\u00e7\u00e3o: 11\/06\/2025 18:34:57.837 &#8211; Mesa<br \/>\n*CD250998516200* PL n.2834\/2025<\/article>\n<p><a href='https:\/\/app.legislapp.com.br\/#\/busca?termo='><\/a><\/p>\n<div style=\"text-align: center\">\n      <img decoding=\"async\" style=\"width: 14%;\" src=\"https:\/\/www.legislapp.com.br\/wp-content\/uploads\/2021\/07\/Logo-Legislapp-1-03-1.png\"><br \/>\n      <\/p>\n<div style=\"margin-bottom: 20px;\" class=\"et_pb_button_module_wrapper et_pb_button_5_tb_body_wrapper et_pb_button_alignment_center et_pb_module \">\n         <a class=\"et_pb_button et_pb_button_5_tb_body et_hover_enabled et_pb_bg_layout_dark\" style=\"width: 50%;background-color: black;\" href=\"https:\/\/app.legislapp.com.br\" target=\"_blank\" rel=\"noopener\">Visualizar completo na nossa plataforma (30 dias gr\u00e1tis)<\/a><\/p><\/div>\n<p>      <a href=\"https:\/\/play.google.com\/store\/apps\/details?id=br.com.legislapp\"><img decoding=\"async\" style=\"width: 15%; min-width: 130px;\" src=\"https:\/\/www.legislapp.com.br\/wp-content\/uploads\/google-play.png\"><\/a><br \/>\n      <a href=\"https:\/\/apps.apple.com\/us\/app\/legislapp\/id1568929859\"><img decoding=\"async\" style=\"width: 15%; min-width: 130px\" src=\"https:\/\/www.legislapp.com.br\/wp-content\/uploads\/apple-store.png\"><\/a>\n   <\/div>\n","protected":false},"excerpt":{"rendered":"<p>Avulso Inicial &#8211; Autoria de Aureo Ribeiro C\u00e2mara dos Deputados PROJETO DE LEI N\u00ba de 2025 (DO SR. AUREO RIBEIRO) Altera a Lei n\u00ba 14.620, de 13 de julho de 2023, para dispensar, no \u00e2mbito do Programa Minha Casa, Minha Vida, qualquer exig\u00eancia de tempo m\u00ednimo de resid\u00eancia no Munic\u00edpio, no Estado ou no Distrito [&hellip;]<\/p>\n","protected":false},"author":1,"featured_media":0,"parent":0,"menu_order":0,"comment_status":"closed","ping_status":"closed","template":"page-template-blank.php","meta":{"_et_pb_use_builder":"","_et_pb_old_content":"","_et_gb_content_width":"1080","ngg_post_thumbnail":0,"footnotes":""},"class_list":["post-10122","page","type-page","status-publish","hentry"],"yoast_head":"<!-- This site is optimized with the Yoast SEO plugin v24.4 - https:\/\/yoast.com\/wordpress\/plugins\/seo\/ -->\n<title>Avulso Inicial - PL 2834\/2025 - C\u00e2mara - Legislapp<\/title>\n<meta name=\"robots\" content=\"index, follow, max-snippet:-1, max-image-preview:large, max-video-preview:-1\" \/>\n<link rel=\"canonical\" href=\"https:\/\/www.legislapp.com.br\/index.php\/avulso-inicial-pl-2834-2025-camara\/\" \/>\n<meta property=\"og:locale\" content=\"pt_BR\" \/>\n<meta property=\"og:type\" content=\"article\" \/>\n<meta property=\"og:title\" content=\"Avulso Inicial - PL 2834\/2025 - C\u00e2mara - Legislapp\" \/>\n<meta property=\"og:description\" content=\"Avulso Inicial &#8211; Autoria de Aureo Ribeiro C\u00e2mara dos Deputados PROJETO DE LEI N\u00ba de 2025 (DO SR. AUREO RIBEIRO) Altera a Lei n\u00ba 14.620, de 13 de julho de 2023, para dispensar, no \u00e2mbito do Programa Minha Casa, Minha Vida, qualquer exig\u00eancia de tempo m\u00ednimo de resid\u00eancia no Munic\u00edpio, no Estado ou no Distrito [&hellip;]\" \/>\n<meta property=\"og:url\" content=\"https:\/\/www.legislapp.com.br\/index.php\/avulso-inicial-pl-2834-2025-camara\/\" \/>\n<meta property=\"og:site_name\" content=\"Legislapp\" \/>\n<meta property=\"article:publisher\" content=\"https:\/\/www.instagram.com\/legislapp\/\" \/>\n<meta property=\"og:image\" content=\"https:\/\/www.legislapp.com.br\/wp-content\/uploads\/2021\/07\/Logo-Legislapp-1-03-1.png\" \/>\n<meta name=\"twitter:card\" content=\"summary_large_image\" \/>\n<meta name=\"twitter:label1\" content=\"Est. tempo de leitura\" \/>\n\t<meta name=\"twitter:data1\" content=\"4 minutos\" \/>\n<script type=\"application\/ld+json\" class=\"yoast-schema-graph\">{\"@context\":\"https:\/\/schema.org\",\"@graph\":[{\"@type\":\"WebPage\",\"@id\":\"https:\/\/www.legislapp.com.br\/index.php\/avulso-inicial-pl-2834-2025-camara\/\",\"url\":\"https:\/\/www.legislapp.com.br\/index.php\/avulso-inicial-pl-2834-2025-camara\/\",\"name\":\"Avulso Inicial - PL 2834\/2025 - C\u00e2mara - Legislapp\",\"isPartOf\":{\"@id\":\"https:\/\/www.legislapp.com.br\/#website\"},\"primaryImageOfPage\":{\"@id\":\"https:\/\/www.legislapp.com.br\/index.php\/avulso-inicial-pl-2834-2025-camara\/#primaryimage\"},\"image\":{\"@id\":\"https:\/\/www.legislapp.com.br\/index.php\/avulso-inicial-pl-2834-2025-camara\/#primaryimage\"},\"thumbnailUrl\":\"https:\/\/www.legislapp.com.br\/wp-content\/uploads\/2021\/07\/Logo-Legislapp-1-03-1.png\",\"datePublished\":\"2025-12-01T14:01:43+00:00\",\"breadcrumb\":{\"@id\":\"https:\/\/www.legislapp.com.br\/index.php\/avulso-inicial-pl-2834-2025-camara\/#breadcrumb\"},\"inLanguage\":\"pt-BR\",\"potentialAction\":[{\"@type\":\"ReadAction\",\"target\":[\"https:\/\/www.legislapp.com.br\/index.php\/avulso-inicial-pl-2834-2025-camara\/\"]}]},{\"@type\":\"ImageObject\",\"inLanguage\":\"pt-BR\",\"@id\":\"https:\/\/www.legislapp.com.br\/index.php\/avulso-inicial-pl-2834-2025-camara\/#primaryimage\",\"url\":\"https:\/\/www.legislapp.com.br\/wp-content\/uploads\/2021\/07\/Logo-Legislapp-1-03-1.png\",\"contentUrl\":\"https:\/\/www.legislapp.com.br\/wp-content\/uploads\/2021\/07\/Logo-Legislapp-1-03-1.png\",\"width\":2679,\"height\":2697},{\"@type\":\"BreadcrumbList\",\"@id\":\"https:\/\/www.legislapp.com.br\/index.php\/avulso-inicial-pl-2834-2025-camara\/#breadcrumb\",\"itemListElement\":[{\"@type\":\"ListItem\",\"position\":1,\"name\":\"In\u00edcio\",\"item\":\"https:\/\/www.legislapp.com.br\/\"},{\"@type\":\"ListItem\",\"position\":2,\"name\":\"Avulso Inicial &#8211; PL 2834\/2025 &#8211; C\u00e2mara\"}]},{\"@type\":\"WebSite\",\"@id\":\"https:\/\/www.legislapp.com.br\/#website\",\"url\":\"https:\/\/www.legislapp.com.br\/\",\"name\":\"Legislapp\",\"description\":\"Intelig\u00eancia governamental em tempo real\",\"publisher\":{\"@id\":\"https:\/\/www.legislapp.com.br\/#organization\"},\"potentialAction\":[{\"@type\":\"SearchAction\",\"target\":{\"@type\":\"EntryPoint\",\"urlTemplate\":\"https:\/\/www.legislapp.com.br\/?s={search_term_string}\"},\"query-input\":{\"@type\":\"PropertyValueSpecification\",\"valueRequired\":true,\"valueName\":\"search_term_string\"}}],\"inLanguage\":\"pt-BR\"},{\"@type\":\"Organization\",\"@id\":\"https:\/\/www.legislapp.com.br\/#organization\",\"name\":\"Legislapp Monitoramento e Intelig\u00eancia Governamental\",\"url\":\"https:\/\/www.legislapp.com.br\/\",\"logo\":{\"@type\":\"ImageObject\",\"inLanguage\":\"pt-BR\",\"@id\":\"https:\/\/www.legislapp.com.br\/#\/schema\/logo\/image\/\",\"url\":\"https:\/\/www.legislapp.com.br\/wp-content\/uploads\/icon.png\",\"contentUrl\":\"https:\/\/www.legislapp.com.br\/wp-content\/uploads\/icon.png\",\"width\":1024,\"height\":1024,\"caption\":\"Legislapp Monitoramento e Intelig\u00eancia Governamental\"},\"image\":{\"@id\":\"https:\/\/www.legislapp.com.br\/#\/schema\/logo\/image\/\"},\"sameAs\":[\"https:\/\/www.instagram.com\/legislapp\/\"]}]}<\/script>\n<!-- \/ Yoast SEO plugin. -->","yoast_head_json":{"title":"Avulso Inicial - PL 2834\/2025 - C\u00e2mara - Legislapp","robots":{"index":"index","follow":"follow","max-snippet":"max-snippet:-1","max-image-preview":"max-image-preview:large","max-video-preview":"max-video-preview:-1"},"canonical":"https:\/\/www.legislapp.com.br\/index.php\/avulso-inicial-pl-2834-2025-camara\/","og_locale":"pt_BR","og_type":"article","og_title":"Avulso Inicial - PL 2834\/2025 - C\u00e2mara - Legislapp","og_description":"Avulso Inicial &#8211; Autoria de Aureo Ribeiro C\u00e2mara dos Deputados PROJETO DE LEI N\u00ba de 2025 (DO SR. AUREO RIBEIRO) Altera a Lei n\u00ba 14.620, de 13 de julho de 2023, para dispensar, no \u00e2mbito do Programa Minha Casa, Minha Vida, qualquer exig\u00eancia de tempo m\u00ednimo de resid\u00eancia no Munic\u00edpio, no Estado ou no Distrito [&hellip;]","og_url":"https:\/\/www.legislapp.com.br\/index.php\/avulso-inicial-pl-2834-2025-camara\/","og_site_name":"Legislapp","article_publisher":"https:\/\/www.instagram.com\/legislapp\/","og_image":[{"url":"https:\/\/www.legislapp.com.br\/wp-content\/uploads\/2021\/07\/Logo-Legislapp-1-03-1.png","type":"","width":"","height":""}],"twitter_card":"summary_large_image","twitter_misc":{"Est. tempo de leitura":"4 minutos"},"schema":{"@context":"https:\/\/schema.org","@graph":[{"@type":"WebPage","@id":"https:\/\/www.legislapp.com.br\/index.php\/avulso-inicial-pl-2834-2025-camara\/","url":"https:\/\/www.legislapp.com.br\/index.php\/avulso-inicial-pl-2834-2025-camara\/","name":"Avulso Inicial - PL 2834\/2025 - C\u00e2mara - Legislapp","isPartOf":{"@id":"https:\/\/www.legislapp.com.br\/#website"},"primaryImageOfPage":{"@id":"https:\/\/www.legislapp.com.br\/index.php\/avulso-inicial-pl-2834-2025-camara\/#primaryimage"},"image":{"@id":"https:\/\/www.legislapp.com.br\/index.php\/avulso-inicial-pl-2834-2025-camara\/#primaryimage"},"thumbnailUrl":"https:\/\/www.legislapp.com.br\/wp-content\/uploads\/2021\/07\/Logo-Legislapp-1-03-1.png","datePublished":"2025-12-01T14:01:43+00:00","breadcrumb":{"@id":"https:\/\/www.legislapp.com.br\/index.php\/avulso-inicial-pl-2834-2025-camara\/#breadcrumb"},"inLanguage":"pt-BR","potentialAction":[{"@type":"ReadAction","target":["https:\/\/www.legislapp.com.br\/index.php\/avulso-inicial-pl-2834-2025-camara\/"]}]},{"@type":"ImageObject","inLanguage":"pt-BR","@id":"https:\/\/www.legislapp.com.br\/index.php\/avulso-inicial-pl-2834-2025-camara\/#primaryimage","url":"https:\/\/www.legislapp.com.br\/wp-content\/uploads\/2021\/07\/Logo-Legislapp-1-03-1.png","contentUrl":"https:\/\/www.legislapp.com.br\/wp-content\/uploads\/2021\/07\/Logo-Legislapp-1-03-1.png","width":2679,"height":2697},{"@type":"BreadcrumbList","@id":"https:\/\/www.legislapp.com.br\/index.php\/avulso-inicial-pl-2834-2025-camara\/#breadcrumb","itemListElement":[{"@type":"ListItem","position":1,"name":"In\u00edcio","item":"https:\/\/www.legislapp.com.br\/"},{"@type":"ListItem","position":2,"name":"Avulso Inicial &#8211; PL 2834\/2025 &#8211; C\u00e2mara"}]},{"@type":"WebSite","@id":"https:\/\/www.legislapp.com.br\/#website","url":"https:\/\/www.legislapp.com.br\/","name":"Legislapp","description":"Intelig\u00eancia governamental em tempo real","publisher":{"@id":"https:\/\/www.legislapp.com.br\/#organization"},"potentialAction":[{"@type":"SearchAction","target":{"@type":"EntryPoint","urlTemplate":"https:\/\/www.legislapp.com.br\/?s={search_term_string}"},"query-input":{"@type":"PropertyValueSpecification","valueRequired":true,"valueName":"search_term_string"}}],"inLanguage":"pt-BR"},{"@type":"Organization","@id":"https:\/\/www.legislapp.com.br\/#organization","name":"Legislapp Monitoramento e Intelig\u00eancia Governamental","url":"https:\/\/www.legislapp.com.br\/","logo":{"@type":"ImageObject","inLanguage":"pt-BR","@id":"https:\/\/www.legislapp.com.br\/#\/schema\/logo\/image\/","url":"https:\/\/www.legislapp.com.br\/wp-content\/uploads\/icon.png","contentUrl":"https:\/\/www.legislapp.com.br\/wp-content\/uploads\/icon.png","width":1024,"height":1024,"caption":"Legislapp Monitoramento e Intelig\u00eancia Governamental"},"image":{"@id":"https:\/\/www.legislapp.com.br\/#\/schema\/logo\/image\/"},"sameAs":["https:\/\/www.instagram.com\/legislapp\/"]}]}},"_links":{"self":[{"href":"https:\/\/www.legislapp.com.br\/index.php\/wp-json\/wp\/v2\/pages\/10122","targetHints":{"allow":["GET"]}}],"collection":[{"href":"https:\/\/www.legislapp.com.br\/index.php\/wp-json\/wp\/v2\/pages"}],"about":[{"href":"https:\/\/www.legislapp.com.br\/index.php\/wp-json\/wp\/v2\/types\/page"}],"author":[{"embeddable":true,"href":"https:\/\/www.legislapp.com.br\/index.php\/wp-json\/wp\/v2\/users\/1"}],"replies":[{"embeddable":true,"href":"https:\/\/www.legislapp.com.br\/index.php\/wp-json\/wp\/v2\/comments?post=10122"}],"version-history":[{"count":0,"href":"https:\/\/www.legislapp.com.br\/index.php\/wp-json\/wp\/v2\/pages\/10122\/revisions"}],"wp:attachment":[{"href":"https:\/\/www.legislapp.com.br\/index.php\/wp-json\/wp\/v2\/media?parent=10122"}],"curies":[{"name":"wp","href":"https:\/\/api.w.org\/{rel}","templated":true}]}}