{"id":10125,"date":"2025-12-01T11:01:54","date_gmt":"2025-12-01T14:01:54","guid":{"rendered":"https:\/\/www.legislapp.com.br\/index.php\/avulso-inicial-pl-4960-2025-camara\/"},"modified":"2025-12-01T11:01:54","modified_gmt":"2025-12-01T14:01:54","slug":"avulso-inicial-pl-4960-2025-camara","status":"publish","type":"page","link":"https:\/\/www.legislapp.com.br\/index.php\/avulso-inicial-pl-4960-2025-camara\/","title":{"rendered":"Avulso Inicial &#8211; PL 4960\/2025 &#8211; C\u00e2mara"},"content":{"rendered":"<h1 style='text-align: center;'>Avulso Inicial &#8211; Autoria de Capit\u00e3o Alden<\/h3>\n<p><\/p>\n<article>C\u00c2MARA DOS DEPUTADOS<br \/>\nGabinete do Deputado Federal Capit\u00e3o Alden \u2013 PL\/BA<br \/>\nPROJETO DE LEI N\u00ba        , DE 2025<br \/>\n(Do Sr. CAPIT\u00c3O ALDEN)<br \/>\nAltera o art. 144-A da Lei n\u00ba 6.880, de 9 de<br \/>\ndezembro de 1980 (Estatuto dos Militares), para<br \/>\nsuprimir restri\u00e7\u00f5es inconstitucionais ao ingresso<br \/>\nem cursos de forma\u00e7\u00e3o de oficiais e pra\u00e7as.<br \/>\nO Congresso Nacional decreta:<br \/>\nArt. 1\u00ba Esta Lei altera o art. 144-A da Lei n\u00ba 6.880, de 9 de<br \/>\ndezembro de 1980 (Estatuto dos Militares), para suprimir restri\u00e7\u00f5es inconstitucionais<br \/>\nao ingresso em cursos de forma\u00e7\u00e3o de oficiais e pra\u00e7as.<br \/>\nArt. 2\u00ba O art. 144-A da Lei n\u00ba 6.880, de 9 de dezembro de 1980,<br \/>\npassa a vigorar com a seguinte reda\u00e7\u00e3o:<br \/>\n\u201cArt. 144-A. O ingresso e a perman\u00eancia nos \u00f3rg\u00e3os de forma\u00e7\u00e3o ou<br \/>\ngradua\u00e7\u00e3o de oficiais e de pra\u00e7as que funcionem em regime de<br \/>\ninternato, dedica\u00e7\u00e3o exclusiva e disponibilidade permanente<br \/>\npeculiar \u00e0 carreira militar depender\u00e3o do atendimento aos requisitos<br \/>\nobjetivos de aptid\u00e3o f\u00edsica, intelectual, psicol\u00f3gica e de idoneidade<br \/>\nmoral, vedada a restri\u00e7\u00e3o fundada em estado civil, exist\u00eancia de<br \/>\nfilhos, dependentes ou uni\u00e3o est\u00e1vel.<br \/>\n&#8230;&#8230;&#8230;&#8230;&#8230;&#8230;&#8230;&#8230;&#8230;&#8230;&#8230;&#8230;&#8230;&#8230;&#8230;&#8230;&#8230;&#8230;&#8230;&#8230;&#8230;&#8230;&#8230;&#8230;&#8230;&#8230;&#8230;&#8230;&#8230;&#8230;&#8230;&#8230;&#8230;&#8230;\u201dNR<br \/>\nArt. 3\u00ba Esta Lei entra em vigor na data de sua publica\u00e7\u00e3o.<br \/>\nJUSTIFICA\u00c7\u00c3O<br \/>\n O Supremo Tribunal Federal, em decis\u00e3o un\u00e2nime, ao julgar o<br \/>\nExtraordin\u00e1rio RE 1530083, declarou a inconstitucionalidade do art. 144-A da Lei n\u00ba<br \/>\n6.880\/1980 (Estatuto dos Militares), que impunha como condi\u00e7\u00e3o de ingresso e<br \/>\nPara verificar a assinatura, acesse https:\/\/infoleg-autenticidade-assinatura.camara.leg.br\/CD258749902300<br \/>\nAssinado eletronicamente pelo(a) Dep. Capit\u00e3o Alden<br \/>\nApresenta\u00e7\u00e3o: 03\/10\/2025 18:02:13.307 &#8211; Mesa<br \/>\n*CD258749902300* PL n.4960\/2025<br \/>C\u00c2MARA DOS DEPUTADOS<br \/>\nGabinete do Deputado Federal Capit\u00e3o Alden \u2013 PL\/BA<br \/>\nperman\u00eancia nos cursos de forma\u00e7\u00e3o de oficiais e pra\u00e7as n\u00e3o possuir filhos ou<br \/>\ndependentes, nem ser casado ou manter uni\u00e3o est\u00e1vel.<br \/>\nSegundo o relator, ministro Luiz Fux, tal norma ofendia os princ\u00edpios<br \/>\nda igualdade, da dignidade da pessoa humana e da prote\u00e7\u00e3o \u00e0 fam\u00edlia, previstos na<br \/>\nConstitui\u00e7\u00e3o Federal (arts. 1\u00ba, III; 5\u00ba, caput; e 226).<br \/>\nA Corte fixou tese de repercuss\u00e3o geral (Tema 1.388), modulando<br \/>\nos efeitos da decis\u00e3o a partir do julgamento.<br \/>\nA presente proposi\u00e7\u00e3o tem por finalidade adequar o texto legal ao<br \/>\nentendimento do Supremo Tribunal Federal, eliminando do ordenamento dispositivo<br \/>\ncuja efic\u00e1cia foi afastada e substituindo-o por reda\u00e7\u00e3o compat\u00edvel com a ordem<br \/>\nconstitucional.<br \/>\nO ingresso nas carreiras militares deve pautar-se por crit\u00e9rios<br \/>\nleg\u00edtimos, como aptid\u00e3o f\u00edsica, psicol\u00f3gica, intelectual e moral, jamais por<br \/>\ncircunst\u00e2ncias de vida familiar que em nada prejudicam a dedica\u00e7\u00e3o, a disciplina e a<br \/>\nhierarquia, valores basilares das For\u00e7as Armadas.<br \/>\nA altera\u00e7\u00e3o proposta refor\u00e7a a seguran\u00e7a jur\u00eddica, evita lit\u00edgios e<br \/>\nprestigia os direitos fundamentais, sem comprometer a efici\u00eancia e a peculiaridade<br \/>\ndo regime militar.<br \/>\nDiante da relev\u00e2ncia da mat\u00e9ria, contamos com o apoio dos nobres<br \/>\nPares para aprova\u00e7\u00e3o deste Projeto de Lei..<br \/>\nSala da Sess\u00e3o, em        de                     de 2025.<br \/>\nDeputado CAPIT\u00c3O ALDEN<br \/>\nPara verificar a assinatura, acesse https:\/\/infoleg-autenticidade-assinatura.camara.leg.br\/CD258749902300<br \/>\nAssinado eletronicamente pelo(a) Dep. Capit\u00e3o Alden<br \/>\nApresenta\u00e7\u00e3o: 03\/10\/2025 18:02:13.307 &#8211; Mesa<br \/>\n*CD258749902300* PL n.4960\/2025<\/article>\n<p><a href='https:\/\/app.legislapp.com.br\/#\/busca?termo='><\/a><\/p>\n<div style=\"text-align: center\">\n      <img decoding=\"async\" style=\"width: 14%;\" src=\"https:\/\/www.legislapp.com.br\/wp-content\/uploads\/2021\/07\/Logo-Legislapp-1-03-1.png\"><br \/>\n      <\/p>\n<div style=\"margin-bottom: 20px;\" class=\"et_pb_button_module_wrapper et_pb_button_5_tb_body_wrapper et_pb_button_alignment_center et_pb_module \">\n         <a class=\"et_pb_button et_pb_button_5_tb_body et_hover_enabled et_pb_bg_layout_dark\" style=\"width: 50%;background-color: black;\" href=\"https:\/\/app.legislapp.com.br\" target=\"_blank\" rel=\"noopener\">Visualizar completo na nossa plataforma (30 dias gr\u00e1tis)<\/a><\/p><\/div>\n<p>      <a href=\"https:\/\/play.google.com\/store\/apps\/details?id=br.com.legislapp\"><img decoding=\"async\" style=\"width: 15%; min-width: 130px;\" src=\"https:\/\/www.legislapp.com.br\/wp-content\/uploads\/google-play.png\"><\/a><br \/>\n      <a href=\"https:\/\/apps.apple.com\/us\/app\/legislapp\/id1568929859\"><img decoding=\"async\" style=\"width: 15%; min-width: 130px\" src=\"https:\/\/www.legislapp.com.br\/wp-content\/uploads\/apple-store.png\"><\/a>\n   <\/div>\n","protected":false},"excerpt":{"rendered":"<p>Avulso Inicial &#8211; Autoria de Capit\u00e3o Alden C\u00c2MARA DOS DEPUTADOS Gabinete do Deputado Federal Capit\u00e3o Alden \u2013 PL\/BA PROJETO DE LEI N\u00ba , DE 2025 (Do Sr. CAPIT\u00c3O ALDEN) Altera o art. 144-A da Lei n\u00ba 6.880, de 9 de dezembro de 1980 (Estatuto dos Militares), para suprimir restri\u00e7\u00f5es inconstitucionais ao ingresso em cursos de [&hellip;]<\/p>\n","protected":false},"author":1,"featured_media":0,"parent":0,"menu_order":0,"comment_status":"closed","ping_status":"closed","template":"page-template-blank.php","meta":{"_et_pb_use_builder":"","_et_pb_old_content":"","_et_gb_content_width":"1080","ngg_post_thumbnail":0,"footnotes":""},"class_list":["post-10125","page","type-page","status-publish","hentry"],"yoast_head":"<!-- This site is optimized with the Yoast SEO plugin v24.4 - https:\/\/yoast.com\/wordpress\/plugins\/seo\/ -->\n<title>Avulso Inicial - PL 4960\/2025 - C\u00e2mara - Legislapp<\/title>\n<meta name=\"robots\" content=\"index, follow, max-snippet:-1, max-image-preview:large, max-video-preview:-1\" \/>\n<link rel=\"canonical\" href=\"https:\/\/www.legislapp.com.br\/index.php\/avulso-inicial-pl-4960-2025-camara\/\" \/>\n<meta property=\"og:locale\" content=\"pt_BR\" \/>\n<meta property=\"og:type\" content=\"article\" \/>\n<meta property=\"og:title\" content=\"Avulso Inicial - PL 4960\/2025 - C\u00e2mara - Legislapp\" \/>\n<meta property=\"og:description\" content=\"Avulso Inicial &#8211; Autoria de Capit\u00e3o Alden C\u00c2MARA DOS DEPUTADOS Gabinete do Deputado Federal Capit\u00e3o Alden \u2013 PL\/BA PROJETO DE LEI N\u00ba , DE 2025 (Do Sr. CAPIT\u00c3O ALDEN) Altera o art. 144-A da Lei n\u00ba 6.880, de 9 de dezembro de 1980 (Estatuto dos Militares), para suprimir restri\u00e7\u00f5es inconstitucionais ao ingresso em cursos de [&hellip;]\" \/>\n<meta property=\"og:url\" content=\"https:\/\/www.legislapp.com.br\/index.php\/avulso-inicial-pl-4960-2025-camara\/\" \/>\n<meta property=\"og:site_name\" content=\"Legislapp\" \/>\n<meta property=\"article:publisher\" content=\"https:\/\/www.instagram.com\/legislapp\/\" \/>\n<meta property=\"og:image\" content=\"https:\/\/www.legislapp.com.br\/wp-content\/uploads\/2021\/07\/Logo-Legislapp-1-03-1.png\" \/>\n<meta name=\"twitter:card\" content=\"summary_large_image\" \/>\n<meta name=\"twitter:label1\" content=\"Est. tempo de leitura\" \/>\n\t<meta name=\"twitter:data1\" content=\"3 minutos\" \/>\n<script type=\"application\/ld+json\" class=\"yoast-schema-graph\">{\"@context\":\"https:\/\/schema.org\",\"@graph\":[{\"@type\":\"WebPage\",\"@id\":\"https:\/\/www.legislapp.com.br\/index.php\/avulso-inicial-pl-4960-2025-camara\/\",\"url\":\"https:\/\/www.legislapp.com.br\/index.php\/avulso-inicial-pl-4960-2025-camara\/\",\"name\":\"Avulso Inicial - PL 4960\/2025 - C\u00e2mara - Legislapp\",\"isPartOf\":{\"@id\":\"https:\/\/www.legislapp.com.br\/#website\"},\"primaryImageOfPage\":{\"@id\":\"https:\/\/www.legislapp.com.br\/index.php\/avulso-inicial-pl-4960-2025-camara\/#primaryimage\"},\"image\":{\"@id\":\"https:\/\/www.legislapp.com.br\/index.php\/avulso-inicial-pl-4960-2025-camara\/#primaryimage\"},\"thumbnailUrl\":\"https:\/\/www.legislapp.com.br\/wp-content\/uploads\/2021\/07\/Logo-Legislapp-1-03-1.png\",\"datePublished\":\"2025-12-01T14:01:54+00:00\",\"breadcrumb\":{\"@id\":\"https:\/\/www.legislapp.com.br\/index.php\/avulso-inicial-pl-4960-2025-camara\/#breadcrumb\"},\"inLanguage\":\"pt-BR\",\"potentialAction\":[{\"@type\":\"ReadAction\",\"target\":[\"https:\/\/www.legislapp.com.br\/index.php\/avulso-inicial-pl-4960-2025-camara\/\"]}]},{\"@type\":\"ImageObject\",\"inLanguage\":\"pt-BR\",\"@id\":\"https:\/\/www.legislapp.com.br\/index.php\/avulso-inicial-pl-4960-2025-camara\/#primaryimage\",\"url\":\"https:\/\/www.legislapp.com.br\/wp-content\/uploads\/2021\/07\/Logo-Legislapp-1-03-1.png\",\"contentUrl\":\"https:\/\/www.legislapp.com.br\/wp-content\/uploads\/2021\/07\/Logo-Legislapp-1-03-1.png\",\"width\":2679,\"height\":2697},{\"@type\":\"BreadcrumbList\",\"@id\":\"https:\/\/www.legislapp.com.br\/index.php\/avulso-inicial-pl-4960-2025-camara\/#breadcrumb\",\"itemListElement\":[{\"@type\":\"ListItem\",\"position\":1,\"name\":\"In\u00edcio\",\"item\":\"https:\/\/www.legislapp.com.br\/\"},{\"@type\":\"ListItem\",\"position\":2,\"name\":\"Avulso Inicial &#8211; PL 4960\/2025 &#8211; C\u00e2mara\"}]},{\"@type\":\"WebSite\",\"@id\":\"https:\/\/www.legislapp.com.br\/#website\",\"url\":\"https:\/\/www.legislapp.com.br\/\",\"name\":\"Legislapp\",\"description\":\"Intelig\u00eancia governamental em tempo real\",\"publisher\":{\"@id\":\"https:\/\/www.legislapp.com.br\/#organization\"},\"potentialAction\":[{\"@type\":\"SearchAction\",\"target\":{\"@type\":\"EntryPoint\",\"urlTemplate\":\"https:\/\/www.legislapp.com.br\/?s={search_term_string}\"},\"query-input\":{\"@type\":\"PropertyValueSpecification\",\"valueRequired\":true,\"valueName\":\"search_term_string\"}}],\"inLanguage\":\"pt-BR\"},{\"@type\":\"Organization\",\"@id\":\"https:\/\/www.legislapp.com.br\/#organization\",\"name\":\"Legislapp Monitoramento e Intelig\u00eancia Governamental\",\"url\":\"https:\/\/www.legislapp.com.br\/\",\"logo\":{\"@type\":\"ImageObject\",\"inLanguage\":\"pt-BR\",\"@id\":\"https:\/\/www.legislapp.com.br\/#\/schema\/logo\/image\/\",\"url\":\"https:\/\/www.legislapp.com.br\/wp-content\/uploads\/icon.png\",\"contentUrl\":\"https:\/\/www.legislapp.com.br\/wp-content\/uploads\/icon.png\",\"width\":1024,\"height\":1024,\"caption\":\"Legislapp Monitoramento e Intelig\u00eancia Governamental\"},\"image\":{\"@id\":\"https:\/\/www.legislapp.com.br\/#\/schema\/logo\/image\/\"},\"sameAs\":[\"https:\/\/www.instagram.com\/legislapp\/\"]}]}<\/script>\n<!-- \/ Yoast SEO plugin. -->","yoast_head_json":{"title":"Avulso Inicial - PL 4960\/2025 - C\u00e2mara - Legislapp","robots":{"index":"index","follow":"follow","max-snippet":"max-snippet:-1","max-image-preview":"max-image-preview:large","max-video-preview":"max-video-preview:-1"},"canonical":"https:\/\/www.legislapp.com.br\/index.php\/avulso-inicial-pl-4960-2025-camara\/","og_locale":"pt_BR","og_type":"article","og_title":"Avulso Inicial - PL 4960\/2025 - C\u00e2mara - Legislapp","og_description":"Avulso Inicial &#8211; Autoria de Capit\u00e3o Alden C\u00c2MARA DOS DEPUTADOS Gabinete do Deputado Federal Capit\u00e3o Alden \u2013 PL\/BA PROJETO DE LEI N\u00ba , DE 2025 (Do Sr. CAPIT\u00c3O ALDEN) Altera o art. 144-A da Lei n\u00ba 6.880, de 9 de dezembro de 1980 (Estatuto dos Militares), para suprimir restri\u00e7\u00f5es inconstitucionais ao ingresso em cursos de [&hellip;]","og_url":"https:\/\/www.legislapp.com.br\/index.php\/avulso-inicial-pl-4960-2025-camara\/","og_site_name":"Legislapp","article_publisher":"https:\/\/www.instagram.com\/legislapp\/","og_image":[{"url":"https:\/\/www.legislapp.com.br\/wp-content\/uploads\/2021\/07\/Logo-Legislapp-1-03-1.png","type":"","width":"","height":""}],"twitter_card":"summary_large_image","twitter_misc":{"Est. tempo de leitura":"3 minutos"},"schema":{"@context":"https:\/\/schema.org","@graph":[{"@type":"WebPage","@id":"https:\/\/www.legislapp.com.br\/index.php\/avulso-inicial-pl-4960-2025-camara\/","url":"https:\/\/www.legislapp.com.br\/index.php\/avulso-inicial-pl-4960-2025-camara\/","name":"Avulso Inicial - PL 4960\/2025 - C\u00e2mara - Legislapp","isPartOf":{"@id":"https:\/\/www.legislapp.com.br\/#website"},"primaryImageOfPage":{"@id":"https:\/\/www.legislapp.com.br\/index.php\/avulso-inicial-pl-4960-2025-camara\/#primaryimage"},"image":{"@id":"https:\/\/www.legislapp.com.br\/index.php\/avulso-inicial-pl-4960-2025-camara\/#primaryimage"},"thumbnailUrl":"https:\/\/www.legislapp.com.br\/wp-content\/uploads\/2021\/07\/Logo-Legislapp-1-03-1.png","datePublished":"2025-12-01T14:01:54+00:00","breadcrumb":{"@id":"https:\/\/www.legislapp.com.br\/index.php\/avulso-inicial-pl-4960-2025-camara\/#breadcrumb"},"inLanguage":"pt-BR","potentialAction":[{"@type":"ReadAction","target":["https:\/\/www.legislapp.com.br\/index.php\/avulso-inicial-pl-4960-2025-camara\/"]}]},{"@type":"ImageObject","inLanguage":"pt-BR","@id":"https:\/\/www.legislapp.com.br\/index.php\/avulso-inicial-pl-4960-2025-camara\/#primaryimage","url":"https:\/\/www.legislapp.com.br\/wp-content\/uploads\/2021\/07\/Logo-Legislapp-1-03-1.png","contentUrl":"https:\/\/www.legislapp.com.br\/wp-content\/uploads\/2021\/07\/Logo-Legislapp-1-03-1.png","width":2679,"height":2697},{"@type":"BreadcrumbList","@id":"https:\/\/www.legislapp.com.br\/index.php\/avulso-inicial-pl-4960-2025-camara\/#breadcrumb","itemListElement":[{"@type":"ListItem","position":1,"name":"In\u00edcio","item":"https:\/\/www.legislapp.com.br\/"},{"@type":"ListItem","position":2,"name":"Avulso Inicial &#8211; PL 4960\/2025 &#8211; C\u00e2mara"}]},{"@type":"WebSite","@id":"https:\/\/www.legislapp.com.br\/#website","url":"https:\/\/www.legislapp.com.br\/","name":"Legislapp","description":"Intelig\u00eancia governamental em tempo real","publisher":{"@id":"https:\/\/www.legislapp.com.br\/#organization"},"potentialAction":[{"@type":"SearchAction","target":{"@type":"EntryPoint","urlTemplate":"https:\/\/www.legislapp.com.br\/?s={search_term_string}"},"query-input":{"@type":"PropertyValueSpecification","valueRequired":true,"valueName":"search_term_string"}}],"inLanguage":"pt-BR"},{"@type":"Organization","@id":"https:\/\/www.legislapp.com.br\/#organization","name":"Legislapp Monitoramento e Intelig\u00eancia Governamental","url":"https:\/\/www.legislapp.com.br\/","logo":{"@type":"ImageObject","inLanguage":"pt-BR","@id":"https:\/\/www.legislapp.com.br\/#\/schema\/logo\/image\/","url":"https:\/\/www.legislapp.com.br\/wp-content\/uploads\/icon.png","contentUrl":"https:\/\/www.legislapp.com.br\/wp-content\/uploads\/icon.png","width":1024,"height":1024,"caption":"Legislapp Monitoramento e Intelig\u00eancia Governamental"},"image":{"@id":"https:\/\/www.legislapp.com.br\/#\/schema\/logo\/image\/"},"sameAs":["https:\/\/www.instagram.com\/legislapp\/"]}]}},"_links":{"self":[{"href":"https:\/\/www.legislapp.com.br\/index.php\/wp-json\/wp\/v2\/pages\/10125","targetHints":{"allow":["GET"]}}],"collection":[{"href":"https:\/\/www.legislapp.com.br\/index.php\/wp-json\/wp\/v2\/pages"}],"about":[{"href":"https:\/\/www.legislapp.com.br\/index.php\/wp-json\/wp\/v2\/types\/page"}],"author":[{"embeddable":true,"href":"https:\/\/www.legislapp.com.br\/index.php\/wp-json\/wp\/v2\/users\/1"}],"replies":[{"embeddable":true,"href":"https:\/\/www.legislapp.com.br\/index.php\/wp-json\/wp\/v2\/comments?post=10125"}],"version-history":[{"count":0,"href":"https:\/\/www.legislapp.com.br\/index.php\/wp-json\/wp\/v2\/pages\/10125\/revisions"}],"wp:attachment":[{"href":"https:\/\/www.legislapp.com.br\/index.php\/wp-json\/wp\/v2\/media?parent=10125"}],"curies":[{"name":"wp","href":"https:\/\/api.w.org\/{rel}","templated":true}]}}