{"id":10133,"date":"2025-12-01T11:02:13","date_gmt":"2025-12-01T14:02:13","guid":{"rendered":"https:\/\/www.legislapp.com.br\/index.php\/avulso-inicial-pl-4139-2025-camara\/"},"modified":"2025-12-01T11:02:13","modified_gmt":"2025-12-01T14:02:13","slug":"avulso-inicial-pl-4139-2025-camara","status":"publish","type":"page","link":"https:\/\/www.legislapp.com.br\/index.php\/avulso-inicial-pl-4139-2025-camara\/","title":{"rendered":"Avulso Inicial &#8211; PL 4139\/2025 &#8211; C\u00e2mara"},"content":{"rendered":"<h1 style='text-align: center;'>Avulso Inicial &#8211; Autoria de Capit\u00e3o Augusto<\/h3>\n<p><\/p>\n<article>PROJETO DE LEI N.\u00ba              , DE 2025<br \/>\n(Do Sr. Capit\u00e3o Augusto)<br \/>\nDisp\u00f5e sobre a aplicabilidade<br \/>\nimediata, no territ\u00f3rio nacional, de<br \/>\nsan\u00e7\u00f5es financeiras e comerciais,<br \/>\nprevistas em lei, impostas por<br \/>\n\u00f3rg\u00e3os judiciais ou governos<br \/>\nestrangeiros relativas ao combate \u00e0<br \/>\ncorrup\u00e7\u00e3o, terrorismo ou viola\u00e7\u00f5es<br \/>\ngraves de direitos humanos<br \/>\nprevistos em tratados internacionais<br \/>\nde que o Brasil seja signat\u00e1rio e<br \/>\ntenha ratificado.<br \/>\nO Congresso Nacional decreta:<br \/>\nArt. 1\u00ba Esta lei determina a aplica\u00e7\u00e3o imediata de san\u00e7\u00f5es<br \/>\nfinanceiras e comerciais, previstas em lei, impostas por \u00f3rg\u00e3os judiciais ou<br \/>\ngovernos estrangeiros, relativas ao combate \u00e0 corrup\u00e7\u00e3o, terrorismo ou<br \/>\nviola\u00e7\u00f5es graves de direitos humanos previstos em tratados internacionais de<br \/>\nque o Brasil seja signat\u00e1rio e tenha ratificado, tendo aplica\u00e7\u00e3o e efeito imediato<br \/>\nno territ\u00f3rio nacional, independentemente de homologa\u00e7\u00e3o pr\u00e9via pelo poder<br \/>\njudici\u00e1rio brasileiro.<br \/>\nArt. 2\u00ba As san\u00e7\u00f5es financeiras e comerciais, previstas em lei,<br \/>\nimpostas por \u00f3rg\u00e3os judiciais ou governos estrangeiros, voltadas ao combate \u00e0<br \/>\ncorrup\u00e7\u00e3o, terrorismo e viola\u00e7\u00f5es graves de direitos humanos previstos em<br \/>\ntratados internacionais de que o Brasil seja signat\u00e1rio e tenha ratificado, t\u00eam<br \/>\nPara verificar a assinatura, acesse https:\/\/infoleg-autenticidade-assinatura.camara.leg.br\/CD256660761600<br \/>\nAssinado eletronicamente pelo(a) Dep. Capit\u00e3o Augusto<br \/>\nApresenta\u00e7\u00e3o: 20\/08\/2025 17:04:07.340 &#8211; Mesa<br \/>\n*CD256660761600* PL n.4139\/2025<br \/>aplica\u00e7\u00e3o e efeito imediato no territ\u00f3rio nacional, independentemente de<br \/>\nhomologa\u00e7\u00e3o pr\u00e9via pelo poder judici\u00e1rio brasileiro.<br \/>\nPar\u00e1grafo \u00fanico. As autoridades p\u00fablicas e as pessoas<br \/>\njur\u00eddicas ou f\u00edsicas ficam obrigadas a observar as restri\u00e7\u00f5es determinadas em<br \/>\ntais san\u00e7\u00f5es, sob pena de responsabilidade administrativa, civil e criminal.<br \/>\nArt. 3\u00b0 O Banco Central do Brasil e o Conselho de Controle de<br \/>\nAtividades Financeiras (COAF) dever\u00e3o regulamentar, no prazo de 60<br \/>\n(sessenta) dias, os procedimentos necess\u00e1rios ao cumprimento desta Lei,<br \/>\ninclusive sobre comunica\u00e7\u00e3o obrigat\u00f3ria, bloqueio de valores e interrup\u00e7\u00e3o de<br \/>\ntransa\u00e7\u00f5es.<br \/>\nArt. 4\u00b0 Esta Lei entra em vigor na data de sua publica\u00e7\u00e3o.<br \/>\nJUSTIFICA\u00c7\u00c3O<br \/>\nO presente Projeto de Lei tem por objetivo harmonizar o<br \/>\nordenamento jur\u00eddico brasileiro com a realidade do sistema financeiro<br \/>\ninternacional, reconhecendo a necessidade de observ\u00e2ncia imediata de<br \/>\nsan\u00e7\u00f5es externas voltadas \u00e0 prote\u00e7\u00e3o de direitos humanos, combate ao<br \/>\nterrorismo e repress\u00e3o \u00e0 corrup\u00e7\u00e3o transnacional, decorrentes de tratados<br \/>\ninternacionais de que Brasil seja signat\u00e1rio e tenha ratificado, ou seja,<br \/>\nincorporado ao seu ordenamento jur\u00eddico.<br \/>\nCom efeito, uma vez que o Brasil tenha incorporado em seu<br \/>\nordenamento tratados internacionais, como a Declara\u00e7\u00e3o Universal dos direitos<br \/>\nda Pessoa Humana e o Conven\u00e7\u00e3o Americana sobre Direitos Humanos (Pacto<br \/>\nde S\u00e3o Jos\u00e9 da Costa Rica), de 22 de novembro de 1969, Decreto n\u00ba 678, de 6<br \/>\nde novembro de 1992, deve se comprometer com sua efic\u00e1cia.<br \/>\nO Brasil n\u00e3o pode ignorar que a rede internacional de<br \/>\ntransa\u00e7\u00f5es financeiras (SWIFT, compensa\u00e7\u00e3o em d\u00f3lar e euro, bancos<br \/>\ncorrespondentes) est\u00e1 subordinada \u00e0s normas e san\u00e7\u00f5es emitidas por grandes<br \/>\npot\u00eancias econ\u00f4micas.<br \/>\nPara verificar a assinatura, acesse https:\/\/infoleg-autenticidade-assinatura.camara.leg.br\/CD256660761600<br \/>\nAssinado eletronicamente pelo(a) Dep. Capit\u00e3o Augusto<br \/>\nApresenta\u00e7\u00e3o: 20\/08\/2025 17:04:07.340 &#8211; Mesa<br \/>\n*CD256660761600* PL n.4139\/2025<br \/>Caso institui\u00e7\u00f5es financeiras nacionais descumpram tais<br \/>\ndetermina\u00e7\u00f5es, o risco concreto \u00e9 sua exclus\u00e3o do sistema internacional de<br \/>\npagamentos, o que significaria um verdadeiro colapso econ\u00f4mico e banc\u00e1rio.<br \/>\nSitua\u00e7\u00f5es que tem se colocado no cen\u00e1rio brasileiro, como a de<br \/>\nobrigar bancos a n\u00e3o cumprirem medidas estrangeiras, respaldadas em lei<br \/>\nestrangeira em conson\u00e2ncia com tratados internacionais dos quais o Brasil \u00e9<br \/>\nsignat\u00e1rio, colocam as institui\u00e7\u00f5es sob risco de serem banidas do sistema<br \/>\nfinanceiro global.<br \/>\nEssa situa\u00e7\u00e3o de inseguran\u00e7a jur\u00eddica coloca em risco n\u00e3o<br \/>\napenas as institui\u00e7\u00f5es financeiras, mas toda a economia brasileira, que<br \/>\ndepende de opera\u00e7\u00f5es em d\u00f3lar e euro para com\u00e9rcio exterior, investimentos e<br \/>\ntransa\u00e7\u00f5es cotidianas.<br \/>\nN\u00e3o se trata de abrir m\u00e3o da soberania, mas de cumprir<br \/>\ncompromisso internacional que ratificamos, incorporando ao nosso<br \/>\nordenamento jur\u00eddico. Al\u00e9m disso, trata-se de reconhecer que a luta contra<br \/>\ncorrup\u00e7\u00e3o, terrorismo e viola\u00e7\u00f5es de direitos humanos \u00e9 universal.<br \/>\nLeis como a Magnitsky, nos Estados Unidos, ou legisla\u00e7\u00f5es<br \/>\nsemelhantes na Uni\u00e3o Europeia, Canad\u00e1 e Reino Unido, t\u00eam se mostrado<br \/>\ninstrumentos eficazes contra tiranos, corruptos e violadores de direitos<br \/>\nhumanos.<br \/>\nAo permitir a efic\u00e1cia imediata dessas medidas no Brasil, o pa\u00eds<br \/>\nse alinha ao esfor\u00e7o global de responsabiliza\u00e7\u00e3o de agentes que atentam<br \/>\ncontra os valores fundamentais da humanidade.<br \/>\nReconhece-se que a proposta toca em tema sens\u00edvel, mas<br \/>\nentende-se que a preserva\u00e7\u00e3o da estabilidade financeira nacional e a<br \/>\ncoopera\u00e7\u00e3o internacional contra crimes graves justificam a proposi\u00e7\u00e3o desta<br \/>\nLei.<br \/>\nO Parlamento, ao debater a mat\u00e9ria, estar\u00e1 cumprindo seu papel<br \/>\nde instigar o debate p\u00fablico e jur\u00eddico sobre a necessidade de moderniza\u00e7\u00e3o do<br \/>\narcabou\u00e7o normativo brasileiro frente \u00e0s novas amea\u00e7as globais.<br \/>\nAo atrelar o cumprimento imediato a san\u00e7\u00f5es envolvendo<br \/>\nPara verificar a assinatura, acesse https:\/\/infoleg-autenticidade-assinatura.camara.leg.br\/CD256660761600<br \/>\nAssinado eletronicamente pelo(a) Dep. Capit\u00e3o Augusto<br \/>\nApresenta\u00e7\u00e3o: 20\/08\/2025 17:04:07.340 &#8211; Mesa<br \/>\n*CD256660761600* PL n.4139\/2025<br \/>compromissos internacionais assinados e ratificados pelo Brasil n\u00e3o se<br \/>\ncompromete a soberania brasileira, ao contr\u00e1rio, a defende, protegendo nosso<br \/>\nsistema financeiro, alinhando o Brasil \u00e0s democracias modernas e oferecendo<br \/>\nseguran\u00e7a jur\u00eddica \u00e0s institui\u00e7\u00f5es banc\u00e1rias e financeiras que operam sob risco<br \/>\nde exclus\u00e3o internacional.<br \/>\nVale destacar que, por exemplo, o artigo 961, \u00a7 5\u00ba, do C\u00f3digo de<br \/>\nProcesso Civil Brasileiro prev\u00ea hip\u00f3tese de senten\u00e7a estrangeira produzir efeito<br \/>\nimediato sem depender de homologa\u00e7\u00e3o pelo judici\u00e1rio brasileiro, o que<br \/>\ndemonstra que a medida aqui proposta (com a grandeza de preservar<br \/>\ncompromisso internacional firmado pelo Brasil na defesa de direitos humanos,<br \/>\ncombate \u00e0 corrup\u00e7\u00e3o e ao terrorismo) n\u00e3o fragiliza a nossa soberania.<br \/>\nDiante do exposto, conto com o apoio dos nobres pares para a<br \/>\naprova\u00e7\u00e3o desta importante proposi\u00e7\u00e3o.<br \/>\nSala das Sess\u00f5es, em         de                         de 2025.<br \/>\nCapit\u00e3o Augusto<br \/>\nDeputado Federal<br \/>\nPL-SP<br \/>\nPara verificar a assinatura, acesse https:\/\/infoleg-autenticidade-assinatura.camara.leg.br\/CD256660761600<br \/>\nAssinado eletronicamente pelo(a) Dep. Capit\u00e3o Augusto<br \/>\nApresenta\u00e7\u00e3o: 20\/08\/2025 17:04:07.340 &#8211; Mesa<br \/>\n*CD256660761600* PL n.4139\/2025<\/article>\n<p><a href='https:\/\/app.legislapp.com.br\/#\/busca?termo='><\/a><\/p>\n<div style=\"text-align: center\">\n      <img decoding=\"async\" style=\"width: 14%;\" src=\"https:\/\/www.legislapp.com.br\/wp-content\/uploads\/2021\/07\/Logo-Legislapp-1-03-1.png\"><br \/>\n      <\/p>\n<div style=\"margin-bottom: 20px;\" class=\"et_pb_button_module_wrapper et_pb_button_5_tb_body_wrapper et_pb_button_alignment_center et_pb_module \">\n         <a class=\"et_pb_button et_pb_button_5_tb_body et_hover_enabled et_pb_bg_layout_dark\" style=\"width: 50%;background-color: black;\" href=\"https:\/\/app.legislapp.com.br\" target=\"_blank\" rel=\"noopener\">Visualizar completo na nossa plataforma (30 dias gr\u00e1tis)<\/a><\/p><\/div>\n<p>      <a href=\"https:\/\/play.google.com\/store\/apps\/details?id=br.com.legislapp\"><img decoding=\"async\" style=\"width: 15%; min-width: 130px;\" src=\"https:\/\/www.legislapp.com.br\/wp-content\/uploads\/google-play.png\"><\/a><br \/>\n      <a href=\"https:\/\/apps.apple.com\/us\/app\/legislapp\/id1568929859\"><img decoding=\"async\" style=\"width: 15%; min-width: 130px\" src=\"https:\/\/www.legislapp.com.br\/wp-content\/uploads\/apple-store.png\"><\/a>\n   <\/div>\n","protected":false},"excerpt":{"rendered":"<p>Avulso Inicial &#8211; Autoria de Capit\u00e3o Augusto PROJETO DE LEI N.\u00ba , DE 2025 (Do Sr. Capit\u00e3o Augusto) Disp\u00f5e sobre a aplicabilidade imediata, no territ\u00f3rio nacional, de san\u00e7\u00f5es financeiras e comerciais, previstas em lei, impostas por \u00f3rg\u00e3os judiciais ou governos estrangeiros relativas ao combate \u00e0 corrup\u00e7\u00e3o, terrorismo ou viola\u00e7\u00f5es graves de direitos humanos previstos em [&hellip;]<\/p>\n","protected":false},"author":1,"featured_media":0,"parent":0,"menu_order":0,"comment_status":"closed","ping_status":"closed","template":"page-template-blank.php","meta":{"_et_pb_use_builder":"","_et_pb_old_content":"","_et_gb_content_width":"1080","ngg_post_thumbnail":0,"footnotes":""},"class_list":["post-10133","page","type-page","status-publish","hentry"],"yoast_head":"<!-- This site is optimized with the Yoast SEO plugin v24.4 - https:\/\/yoast.com\/wordpress\/plugins\/seo\/ -->\n<title>Avulso Inicial - PL 4139\/2025 - C\u00e2mara - Legislapp<\/title>\n<meta name=\"robots\" content=\"index, follow, max-snippet:-1, max-image-preview:large, max-video-preview:-1\" \/>\n<link rel=\"canonical\" href=\"https:\/\/www.legislapp.com.br\/index.php\/avulso-inicial-pl-4139-2025-camara\/\" \/>\n<meta property=\"og:locale\" content=\"pt_BR\" \/>\n<meta property=\"og:type\" content=\"article\" \/>\n<meta property=\"og:title\" content=\"Avulso Inicial - PL 4139\/2025 - C\u00e2mara - Legislapp\" \/>\n<meta property=\"og:description\" content=\"Avulso Inicial &#8211; Autoria de Capit\u00e3o Augusto PROJETO DE LEI N.\u00ba , DE 2025 (Do Sr. Capit\u00e3o Augusto) Disp\u00f5e sobre a aplicabilidade imediata, no territ\u00f3rio nacional, de san\u00e7\u00f5es financeiras e comerciais, previstas em lei, impostas por \u00f3rg\u00e3os judiciais ou governos estrangeiros relativas ao combate \u00e0 corrup\u00e7\u00e3o, terrorismo ou viola\u00e7\u00f5es graves de direitos humanos previstos em [&hellip;]\" \/>\n<meta property=\"og:url\" content=\"https:\/\/www.legislapp.com.br\/index.php\/avulso-inicial-pl-4139-2025-camara\/\" \/>\n<meta property=\"og:site_name\" content=\"Legislapp\" \/>\n<meta property=\"article:publisher\" content=\"https:\/\/www.instagram.com\/legislapp\/\" \/>\n<meta property=\"og:image\" content=\"https:\/\/www.legislapp.com.br\/wp-content\/uploads\/2021\/07\/Logo-Legislapp-1-03-1.png\" \/>\n<meta name=\"twitter:card\" content=\"summary_large_image\" \/>\n<meta name=\"twitter:label1\" content=\"Est. tempo de leitura\" \/>\n\t<meta name=\"twitter:data1\" content=\"5 minutos\" \/>\n<script type=\"application\/ld+json\" class=\"yoast-schema-graph\">{\"@context\":\"https:\/\/schema.org\",\"@graph\":[{\"@type\":\"WebPage\",\"@id\":\"https:\/\/www.legislapp.com.br\/index.php\/avulso-inicial-pl-4139-2025-camara\/\",\"url\":\"https:\/\/www.legislapp.com.br\/index.php\/avulso-inicial-pl-4139-2025-camara\/\",\"name\":\"Avulso Inicial - PL 4139\/2025 - C\u00e2mara - Legislapp\",\"isPartOf\":{\"@id\":\"https:\/\/www.legislapp.com.br\/#website\"},\"primaryImageOfPage\":{\"@id\":\"https:\/\/www.legislapp.com.br\/index.php\/avulso-inicial-pl-4139-2025-camara\/#primaryimage\"},\"image\":{\"@id\":\"https:\/\/www.legislapp.com.br\/index.php\/avulso-inicial-pl-4139-2025-camara\/#primaryimage\"},\"thumbnailUrl\":\"https:\/\/www.legislapp.com.br\/wp-content\/uploads\/2021\/07\/Logo-Legislapp-1-03-1.png\",\"datePublished\":\"2025-12-01T14:02:13+00:00\",\"breadcrumb\":{\"@id\":\"https:\/\/www.legislapp.com.br\/index.php\/avulso-inicial-pl-4139-2025-camara\/#breadcrumb\"},\"inLanguage\":\"pt-BR\",\"potentialAction\":[{\"@type\":\"ReadAction\",\"target\":[\"https:\/\/www.legislapp.com.br\/index.php\/avulso-inicial-pl-4139-2025-camara\/\"]}]},{\"@type\":\"ImageObject\",\"inLanguage\":\"pt-BR\",\"@id\":\"https:\/\/www.legislapp.com.br\/index.php\/avulso-inicial-pl-4139-2025-camara\/#primaryimage\",\"url\":\"https:\/\/www.legislapp.com.br\/wp-content\/uploads\/2021\/07\/Logo-Legislapp-1-03-1.png\",\"contentUrl\":\"https:\/\/www.legislapp.com.br\/wp-content\/uploads\/2021\/07\/Logo-Legislapp-1-03-1.png\",\"width\":2679,\"height\":2697},{\"@type\":\"BreadcrumbList\",\"@id\":\"https:\/\/www.legislapp.com.br\/index.php\/avulso-inicial-pl-4139-2025-camara\/#breadcrumb\",\"itemListElement\":[{\"@type\":\"ListItem\",\"position\":1,\"name\":\"In\u00edcio\",\"item\":\"https:\/\/www.legislapp.com.br\/\"},{\"@type\":\"ListItem\",\"position\":2,\"name\":\"Avulso Inicial &#8211; PL 4139\/2025 &#8211; C\u00e2mara\"}]},{\"@type\":\"WebSite\",\"@id\":\"https:\/\/www.legislapp.com.br\/#website\",\"url\":\"https:\/\/www.legislapp.com.br\/\",\"name\":\"Legislapp\",\"description\":\"Intelig\u00eancia governamental em tempo real\",\"publisher\":{\"@id\":\"https:\/\/www.legislapp.com.br\/#organization\"},\"potentialAction\":[{\"@type\":\"SearchAction\",\"target\":{\"@type\":\"EntryPoint\",\"urlTemplate\":\"https:\/\/www.legislapp.com.br\/?s={search_term_string}\"},\"query-input\":{\"@type\":\"PropertyValueSpecification\",\"valueRequired\":true,\"valueName\":\"search_term_string\"}}],\"inLanguage\":\"pt-BR\"},{\"@type\":\"Organization\",\"@id\":\"https:\/\/www.legislapp.com.br\/#organization\",\"name\":\"Legislapp Monitoramento e Intelig\u00eancia Governamental\",\"url\":\"https:\/\/www.legislapp.com.br\/\",\"logo\":{\"@type\":\"ImageObject\",\"inLanguage\":\"pt-BR\",\"@id\":\"https:\/\/www.legislapp.com.br\/#\/schema\/logo\/image\/\",\"url\":\"https:\/\/www.legislapp.com.br\/wp-content\/uploads\/icon.png\",\"contentUrl\":\"https:\/\/www.legislapp.com.br\/wp-content\/uploads\/icon.png\",\"width\":1024,\"height\":1024,\"caption\":\"Legislapp Monitoramento e Intelig\u00eancia Governamental\"},\"image\":{\"@id\":\"https:\/\/www.legislapp.com.br\/#\/schema\/logo\/image\/\"},\"sameAs\":[\"https:\/\/www.instagram.com\/legislapp\/\"]}]}<\/script>\n<!-- \/ Yoast SEO plugin. -->","yoast_head_json":{"title":"Avulso Inicial - PL 4139\/2025 - C\u00e2mara - Legislapp","robots":{"index":"index","follow":"follow","max-snippet":"max-snippet:-1","max-image-preview":"max-image-preview:large","max-video-preview":"max-video-preview:-1"},"canonical":"https:\/\/www.legislapp.com.br\/index.php\/avulso-inicial-pl-4139-2025-camara\/","og_locale":"pt_BR","og_type":"article","og_title":"Avulso Inicial - PL 4139\/2025 - C\u00e2mara - Legislapp","og_description":"Avulso Inicial &#8211; Autoria de Capit\u00e3o Augusto PROJETO DE LEI N.\u00ba , DE 2025 (Do Sr. Capit\u00e3o Augusto) Disp\u00f5e sobre a aplicabilidade imediata, no territ\u00f3rio nacional, de san\u00e7\u00f5es financeiras e comerciais, previstas em lei, impostas por \u00f3rg\u00e3os judiciais ou governos estrangeiros relativas ao combate \u00e0 corrup\u00e7\u00e3o, terrorismo ou viola\u00e7\u00f5es graves de direitos humanos previstos em [&hellip;]","og_url":"https:\/\/www.legislapp.com.br\/index.php\/avulso-inicial-pl-4139-2025-camara\/","og_site_name":"Legislapp","article_publisher":"https:\/\/www.instagram.com\/legislapp\/","og_image":[{"url":"https:\/\/www.legislapp.com.br\/wp-content\/uploads\/2021\/07\/Logo-Legislapp-1-03-1.png","type":"","width":"","height":""}],"twitter_card":"summary_large_image","twitter_misc":{"Est. tempo de leitura":"5 minutos"},"schema":{"@context":"https:\/\/schema.org","@graph":[{"@type":"WebPage","@id":"https:\/\/www.legislapp.com.br\/index.php\/avulso-inicial-pl-4139-2025-camara\/","url":"https:\/\/www.legislapp.com.br\/index.php\/avulso-inicial-pl-4139-2025-camara\/","name":"Avulso Inicial - PL 4139\/2025 - C\u00e2mara - Legislapp","isPartOf":{"@id":"https:\/\/www.legislapp.com.br\/#website"},"primaryImageOfPage":{"@id":"https:\/\/www.legislapp.com.br\/index.php\/avulso-inicial-pl-4139-2025-camara\/#primaryimage"},"image":{"@id":"https:\/\/www.legislapp.com.br\/index.php\/avulso-inicial-pl-4139-2025-camara\/#primaryimage"},"thumbnailUrl":"https:\/\/www.legislapp.com.br\/wp-content\/uploads\/2021\/07\/Logo-Legislapp-1-03-1.png","datePublished":"2025-12-01T14:02:13+00:00","breadcrumb":{"@id":"https:\/\/www.legislapp.com.br\/index.php\/avulso-inicial-pl-4139-2025-camara\/#breadcrumb"},"inLanguage":"pt-BR","potentialAction":[{"@type":"ReadAction","target":["https:\/\/www.legislapp.com.br\/index.php\/avulso-inicial-pl-4139-2025-camara\/"]}]},{"@type":"ImageObject","inLanguage":"pt-BR","@id":"https:\/\/www.legislapp.com.br\/index.php\/avulso-inicial-pl-4139-2025-camara\/#primaryimage","url":"https:\/\/www.legislapp.com.br\/wp-content\/uploads\/2021\/07\/Logo-Legislapp-1-03-1.png","contentUrl":"https:\/\/www.legislapp.com.br\/wp-content\/uploads\/2021\/07\/Logo-Legislapp-1-03-1.png","width":2679,"height":2697},{"@type":"BreadcrumbList","@id":"https:\/\/www.legislapp.com.br\/index.php\/avulso-inicial-pl-4139-2025-camara\/#breadcrumb","itemListElement":[{"@type":"ListItem","position":1,"name":"In\u00edcio","item":"https:\/\/www.legislapp.com.br\/"},{"@type":"ListItem","position":2,"name":"Avulso Inicial &#8211; PL 4139\/2025 &#8211; C\u00e2mara"}]},{"@type":"WebSite","@id":"https:\/\/www.legislapp.com.br\/#website","url":"https:\/\/www.legislapp.com.br\/","name":"Legislapp","description":"Intelig\u00eancia governamental em tempo real","publisher":{"@id":"https:\/\/www.legislapp.com.br\/#organization"},"potentialAction":[{"@type":"SearchAction","target":{"@type":"EntryPoint","urlTemplate":"https:\/\/www.legislapp.com.br\/?s={search_term_string}"},"query-input":{"@type":"PropertyValueSpecification","valueRequired":true,"valueName":"search_term_string"}}],"inLanguage":"pt-BR"},{"@type":"Organization","@id":"https:\/\/www.legislapp.com.br\/#organization","name":"Legislapp Monitoramento e Intelig\u00eancia Governamental","url":"https:\/\/www.legislapp.com.br\/","logo":{"@type":"ImageObject","inLanguage":"pt-BR","@id":"https:\/\/www.legislapp.com.br\/#\/schema\/logo\/image\/","url":"https:\/\/www.legislapp.com.br\/wp-content\/uploads\/icon.png","contentUrl":"https:\/\/www.legislapp.com.br\/wp-content\/uploads\/icon.png","width":1024,"height":1024,"caption":"Legislapp Monitoramento e Intelig\u00eancia Governamental"},"image":{"@id":"https:\/\/www.legislapp.com.br\/#\/schema\/logo\/image\/"},"sameAs":["https:\/\/www.instagram.com\/legislapp\/"]}]}},"_links":{"self":[{"href":"https:\/\/www.legislapp.com.br\/index.php\/wp-json\/wp\/v2\/pages\/10133","targetHints":{"allow":["GET"]}}],"collection":[{"href":"https:\/\/www.legislapp.com.br\/index.php\/wp-json\/wp\/v2\/pages"}],"about":[{"href":"https:\/\/www.legislapp.com.br\/index.php\/wp-json\/wp\/v2\/types\/page"}],"author":[{"embeddable":true,"href":"https:\/\/www.legislapp.com.br\/index.php\/wp-json\/wp\/v2\/users\/1"}],"replies":[{"embeddable":true,"href":"https:\/\/www.legislapp.com.br\/index.php\/wp-json\/wp\/v2\/comments?post=10133"}],"version-history":[{"count":0,"href":"https:\/\/www.legislapp.com.br\/index.php\/wp-json\/wp\/v2\/pages\/10133\/revisions"}],"wp:attachment":[{"href":"https:\/\/www.legislapp.com.br\/index.php\/wp-json\/wp\/v2\/media?parent=10133"}],"curies":[{"name":"wp","href":"https:\/\/api.w.org\/{rel}","templated":true}]}}