{"id":10159,"date":"2025-12-01T11:03:36","date_gmt":"2025-12-01T14:03:36","guid":{"rendered":"https:\/\/www.legislapp.com.br\/index.php\/avulso-inicial-pl-5546-2025-camara\/"},"modified":"2025-12-01T11:03:36","modified_gmt":"2025-12-01T14:03:36","slug":"avulso-inicial-pl-5546-2025-camara","status":"publish","type":"page","link":"https:\/\/www.legislapp.com.br\/index.php\/avulso-inicial-pl-5546-2025-camara\/","title":{"rendered":"Avulso Inicial &#8211; PL 5546\/2025 &#8211; C\u00e2mara"},"content":{"rendered":"<h1 style='text-align: center;'>Avulso Inicial &#8211; Autoria de Leo Prates<\/h3>\n<p><\/p>\n<article>PROJETO DE LEI N\u00ba  , DE 2025<br \/>\n(Do Sr. L\u00c9O PRATES)<br \/>\nDisp\u00f5e sobre a regulamenta\u00e7\u00e3o das<br \/>\nprofiss\u00f5es de Recreador Infantil e<br \/>\nAnimador Infantil, estabelece seus<br \/>\nrequisitos de forma\u00e7\u00e3o e exerc\u00edcio<br \/>\nprofissional, define direitos e deveres e<br \/>\nd\u00e1 outras provid\u00eancias.<br \/>\nO Congresso Nacional decreta:<br \/>\nArt. 1\u00ba Fica reconhecido em todo o territ\u00f3rio nacional e<br \/>\nregulamentado por esta Lei o exerc\u00edcio das profiss\u00f5es de Recreador Infantil e<br \/>\nAnimador Infantil.<br \/>\nArt. 2\u00ba As profiss\u00f5es de que trata esta lei, se caracterizam<br \/>\npelos seguintes conceitos:<br \/>\nI. Recreador infantil \u00e9 o profissional respons\u00e1vel por<br \/>\nplanejar, coordenar e executar atividades l\u00fadicas,<br \/>\npedag\u00f3gicas e socioeducativas, destinadas ao<br \/>\ndesenvolvimento integral de crian\u00e7as em ambientes como<br \/>\nescolas, clubes, col\u00f4nias de f\u00e9rias, hot\u00e9is, eventos ou<br \/>\ninstitui\u00e7\u00f5es sociais, com foco no aspecto educativo e<br \/>\nrecreativo das atividades.<br \/>\nII. Animador Infantil \u00e9 o profissional que atua em<br \/>\neventos e atividades de entretenimento, utilizando-se de<br \/>\nt\u00e9cnicas de performance, interpreta\u00e7\u00e3o, m\u00fasica, artes<br \/>\nc\u00eanicas, conta\u00e7\u00e3o de hist\u00f3rias e outras formas de<br \/>\nexpress\u00e3o art\u00edstica para promover divers\u00e3o, integra\u00e7\u00e3o e<br \/>\nsocializa\u00e7\u00e3o, com foco no aspecto art\u00edstico e de<br \/>\nentretenimento.<br \/>\nPara verificar a assinatura, acesse https:\/\/infoleg-autenticidade-assinatura.camara.leg.br\/CD258408272200<br \/>\nAssinado eletronicamente pelo(a) Dep. Leo Prates<br \/>\nApresenta\u00e7\u00e3o: 30\/10\/2025 13:18:21.520 &#8211; Mesa<br \/>\n*CD258408272200* PL n.5546\/2025<br \/>2<br \/>\nPar\u00e1grafo \u00fanico. O recreador infantil possui enfoque<br \/>\npedag\u00f3gico e educativo, enquanto o animador infantil possui enfoque art\u00edstico e<br \/>\nexpressivo, sendo ambas as fun\u00e7\u00f5es complementares no contexto da<br \/>\nrecrea\u00e7\u00e3o infantil.<br \/>\nArt. 3\u00ba Poder\u00e3o exercer as profiss\u00f5es de Recreador Infantil e<br \/>\nAnimador Infantil aqueles que atenderem cumulativamente aos seguintes<br \/>\nrequisitos:<br \/>\nI \u2013 possuir no m\u00ednimo dezoito anos completos, salvo na<br \/>\ncondi\u00e7\u00e3o de estagi\u00e1rio ou aprendiz;<br \/>\nII \u2013 haver conclu\u00eddo o ensino fundamental ou<br \/>\ncorrespondente;<br \/>\nIII \u2013 haver conclu\u00eddo, com aproveitamento, curso de<br \/>\nqualifica\u00e7\u00e3o profissional, nas \u00e1reas correlatas a<br \/>\nrecrea\u00e7\u00e3o, lazer, educa\u00e7\u00e3o, artes, pedagogia, psicologia,<br \/>\neduca\u00e7\u00e3o f\u00edsica ou \u00e1reas afins, obedecendo o disposto na<br \/>\nLei n\u00ba 9.394, de 20 de dezembro de 1996 &#8211; Lei de<br \/>\nDiretrizes e Bases da Educa\u00e7\u00e3o Nacional, inclusive com<br \/>\nforma\u00e7\u00e3o inicial e continuada, organizado e<br \/>\nregulamentado pelo Minist\u00e9rio da Educa\u00e7\u00e3o, em<br \/>\nconson\u00e2ncia com o Decreto n\u00ba 5.154, de 23 de julho de<br \/>\n2004;<br \/>\nIV \u2013 n\u00e3o ter antecedentes criminais;<br \/>\nV \u2013 apresentar atestado de aptid\u00e3o f\u00edsica e mental.<br \/>\nPar\u00e1grafo \u00fanico. As pessoas que j\u00e1 se encontrarem exercendo<br \/>\natividades pr\u00f3prias de recreador e animador h\u00e1, no m\u00ednimo, dois anos, por<br \/>\nocasi\u00e3o da data de publica\u00e7\u00e3o desta Lei, ficam dispensadas da exig\u00eancia a que<br \/>\nse refere o inciso III do caput deste artigo, devendo cumpri-la nos tr\u00eas anos<br \/>\nseguintes \u00e0 vig\u00eancia desta Lei.<br \/>\nPara verificar a assinatura, acesse https:\/\/infoleg-autenticidade-assinatura.camara.leg.br\/CD258408272200<br \/>\nAssinado eletronicamente pelo(a) Dep. Leo Prates<br \/>\nApresenta\u00e7\u00e3o: 30\/10\/2025 13:18:21.520 &#8211; Mesa<br \/>\n*CD258408272200* PL n.5546\/2025<br \/>3<br \/>\nArt. 4\u00ba O profissional poder\u00e1 ser contratado livremente pelo<br \/>\nempregador, contratante ou tomador de servi\u00e7o, sendo ainda permitida a sua<br \/>\norganiza\u00e7\u00e3o por meio das seguintes modalidades:<br \/>\nI \u2013 quando empregado por pessoa jur\u00eddica, ser\u00e1 regido<br \/>\npela Consolida\u00e7\u00e3o das Leis do Trabalho &#8211; CLT, aprovada<br \/>\npelo Decreto-Lei n\u00ba 5.452, de 1\u00ba de maio de 1943, e<br \/>\nlegisla\u00e7\u00e3o correlata;<br \/>\nII \u2013 quando contratado como Microempreendedor<br \/>\nIndividual, ser\u00e1 regido pela Lei Complementar n\u00ba 128, de<br \/>\n19 de dezembro de 2008, e legisla\u00e7\u00e3o correlata.<br \/>\nArt. 5\u00ba O profissional poder\u00e1 ser dispensado por justa causa<br \/>\nquando infringir as disposi\u00e7\u00f5es das Leis n\u00bas 8.069, de 13 de julho de 1990 &#8211;<br \/>\nEstatuto da Crian\u00e7a e do Adolescente, e de lei correspondente, em havendo,<br \/>\nquando couber.<br \/>\nArt. 6\u00ba S\u00e3o deveres dos profissionais:<br \/>\nI \u2013 Do Recreador Infantil:<br \/>\na) planejar atividades educativas e recreativas<br \/>\nadequadas \u00e0 faixa et\u00e1ria das crian\u00e7as;<br \/>\nb) incentivar a socializa\u00e7\u00e3o, a criatividade e o<br \/>\naprendizado por meio do brincar;<br \/>\nc) zelar pela integridade f\u00edsica e emocional das<br \/>\ncrian\u00e7as sob sua responsabilidade;<br \/>\nd) atuar em conjunto com pedagogos, psic\u00f3logos ou<br \/>\nprofessores, quando em ambiente educacional.<br \/>\nII \u2013 Do Animador Infantil:<br \/>\na) desenvolver atividades art\u00edsticas, musicais, teatrais, l\u00fadicas e<br \/>\nperform\u00e1ticas;<br \/>\nPara verificar a assinatura, acesse https:\/\/infoleg-autenticidade-assinatura.camara.leg.br\/CD258408272200<br \/>\nAssinado eletronicamente pelo(a) Dep. Leo Prates<br \/>\nApresenta\u00e7\u00e3o: 30\/10\/2025 13:18:21.520 &#8211; Mesa<br \/>\n*CD258408272200* PL n.5546\/2025<br \/>4<br \/>\nb) conduzir festas, eventos e programa\u00e7\u00f5es culturais<br \/>\ncom foco na divers\u00e3o e intera\u00e7\u00e3o;<br \/>\nc) adaptar roteiros e performances \u00e0s caracter\u00edsticas e<br \/>\nnecessidades do p\u00fablico;<br \/>\nd) observar regras de seguran\u00e7a, acessibilidade e<br \/>\nrespeito \u00e0 diversidade cultural.<br \/>\nArt. 7\u00ba \u00c9 vedado ao profissional de recrea\u00e7\u00e3o ou anima\u00e7\u00e3o<br \/>\ninfantil:<br \/>\nI. adotar pr\u00e1ticas que exponham as crian\u00e7as a<br \/>\nconstrangimentos, humilha\u00e7\u00f5es ou riscos;<br \/>\nII. realizar atividades que contrariem princ\u00edpios \u00e9ticos,<br \/>\neducacionais ou de seguran\u00e7a infantil;<br \/>\nIII. exercer a profiss\u00e3o sem o cumprimento dos<br \/>\nrequisitos previstos nesta Lei.<br \/>\nArt. 8\u00ba Caso sejam comprovados maus-tratos e viol\u00eancias<br \/>\npraticados pelo profissional contratado em desacordo com as disposi\u00e7\u00f5es<br \/>\ndesta Lei, a autoridade judici\u00e1ria poder\u00e1 determinar, como medida cautelar, o<br \/>\nafastamento do respons\u00e1vel pela pessoa assistida.<br \/>\nArt. 9\u00ba A fiscaliza\u00e7\u00e3o do exerc\u00edcio das profiss\u00f5es de Recreador<br \/>\nInfantil e Animador Infantil caber\u00e1 ao Minist\u00e9rio do Trabalho e Emprego, sem<br \/>\npreju\u00edzo da cria\u00e7\u00e3o, por ato regulamentar, de \u00f3rg\u00e3os de registro e fiscaliza\u00e7\u00e3o<br \/>\nprofissional espec\u00edficos.<br \/>\nArt. 10 Esta Lei entra em vigor na data de sua publica\u00e7\u00e3o<br \/>\nJUSTIFICA\u00c7\u00c3O<br \/>\nPara verificar a assinatura, acesse https:\/\/infoleg-autenticidade-assinatura.camara.leg.br\/CD258408272200<br \/>\nAssinado eletronicamente pelo(a) Dep. Leo Prates<br \/>\nApresenta\u00e7\u00e3o: 30\/10\/2025 13:18:21.520 &#8211; Mesa<br \/>\n*CD258408272200* PL n.5546\/2025<br \/>5<br \/>\nO presente Projeto de Lei visa suprir a lacuna normativa existente<br \/>\nquanto ao exerc\u00edcio profissional das atividades de recrea\u00e7\u00e3o e anima\u00e7\u00e3o infantil,<br \/>\nsetores em crescente expans\u00e3o nos contextos educacional, tur\u00edstico e de eventos,<br \/>\nmas que ainda carecem de regulamenta\u00e7\u00e3o legal clara.<br \/>\nOs recreadores desempenham papel essencial no desenvolvimento<br \/>\ncognitivo, emocional e social das crian\u00e7as, utilizando o brincar como instrumento<br \/>\npedag\u00f3gico e de socializa\u00e7\u00e3o. J\u00e1 os animadores infantis contribuem para o bem-estar,<br \/>\nalegria e integra\u00e7\u00e3o das fam\u00edlias e comunidades por meio da arte e do entretenimento.<br \/>\nAmbas as fun\u00e7\u00f5es exigem capacita\u00e7\u00e3o t\u00e9cnica, sensibilidade art\u00edstica<br \/>\ne responsabilidade \u00e9tica, especialmente diante do p\u00fablico infantojuvenil, que merece<br \/>\nprote\u00e7\u00e3o integral conforme o art. 227 da Constitui\u00e7\u00e3o Federal.<br \/>\nA exig\u00eancia de forma\u00e7\u00e3o t\u00e9cnica ou superior correlata eleva o padr\u00e3o<br \/>\nde qualidade dos servi\u00e7os prestados, valorizando o profissional e garantindo<br \/>\nseguran\u00e7a \u00e0s crian\u00e7as e tranquilidade \u00e0s fam\u00edlias.<br \/>\nA proposta tamb\u00e9m resguarda os direitos trabalhistas, assegurando<br \/>\nque recreadores e animadores infantis, independentemente de atuarem em<br \/>\ninstitui\u00e7\u00f5es p\u00fablicas, privadas ou aut\u00f4nomas, tenham garantidos seus direitos<br \/>\nconforme o regime de trabalho em que estiverem inseridos.<br \/>\nTrata-se, portanto, de iniciativa que alia prote\u00e7\u00e3o \u00e0 inf\u00e2ncia,<br \/>\nvaloriza\u00e7\u00e3o profissional e promo\u00e7\u00e3o da cultura e do lazer educativo, em conformidade<br \/>\ncom os princ\u00edpios da Lei Complementar n\u00ba 95\/1998, da Consolida\u00e7\u00e3o das Leis do<br \/>\nTrabalho e do Estatuto da Crian\u00e7a e do Adolescente.<br \/>\nAnte o exposto, pedimos o apoio dos Ilustres Pares para a aprova\u00e7\u00e3o<br \/>\ndo presente projeto de lei. Esperamos, pois, contar com o apoio dos nobres colegas<br \/>\npara uma c\u00e9lere aprova\u00e7\u00e3o desta importante iniciativa.<br \/>\nSala das Sess\u00f5es, em        de                     de 2025.<br \/>\nDeputado L\u00c9O PRATES<br \/>\nPara verificar a assinatura, acesse https:\/\/infoleg-autenticidade-assinatura.camara.leg.br\/CD258408272200<br \/>\nAssinado eletronicamente pelo(a) Dep. Leo Prates<br \/>\nApresenta\u00e7\u00e3o: 30\/10\/2025 13:18:21.520 &#8211; Mesa<br \/>\n*CD258408272200* PL n.5546\/2025<\/article>\n<p><a href='https:\/\/app.legislapp.com.br\/#\/busca?termo=Reconhecimento'>Reconhecimento<\/a>, <a href='https:\/\/app.legislapp.com.br\/#\/busca?termo=Atividade profissional'>Atividade profissional<\/a>, <a href='https:\/\/app.legislapp.com.br\/#\/busca?termo=Exerc\u00edcio profissional'>Exerc\u00edcio profissional<\/a>, <a href='https:\/\/app.legislapp.com.br\/#\/busca?termo=Regulamenta\u00e7\u00e3o profissional'>Regulamenta\u00e7\u00e3o profissional<\/a>, <a href='https:\/\/app.legislapp.com.br\/#\/busca?termo=Profiss\u00e3o regulamentada'>Profiss\u00e3o regulamentada<\/a>, <a href='https:\/\/app.legislapp.com.br\/#\/busca?termo=Recrea\u00e7\u00e3o infantil'>Recrea\u00e7\u00e3o infantil<\/a>, <a href='https:\/\/app.legislapp.com.br\/#\/busca?termo=atribui\u00e7\u00e3o'>atribui\u00e7\u00e3o<\/a>, <a href='https:\/\/app.legislapp.com.br\/#\/busca?termo=compet\u00eancia.'>compet\u00eancia.<\/a><\/p>\n<div style=\"text-align: center\">\n      <img decoding=\"async\" style=\"width: 14%;\" src=\"https:\/\/www.legislapp.com.br\/wp-content\/uploads\/2021\/07\/Logo-Legislapp-1-03-1.png\"><br \/>\n      <\/p>\n<div style=\"margin-bottom: 20px;\" class=\"et_pb_button_module_wrapper et_pb_button_5_tb_body_wrapper et_pb_button_alignment_center et_pb_module \">\n         <a class=\"et_pb_button et_pb_button_5_tb_body et_hover_enabled et_pb_bg_layout_dark\" style=\"width: 50%;background-color: black;\" href=\"https:\/\/app.legislapp.com.br\" target=\"_blank\" rel=\"noopener\">Visualizar completo na nossa plataforma (30 dias gr\u00e1tis)<\/a><\/p><\/div>\n<p>      <a href=\"https:\/\/play.google.com\/store\/apps\/details?id=br.com.legislapp\"><img decoding=\"async\" style=\"width: 15%; min-width: 130px;\" src=\"https:\/\/www.legislapp.com.br\/wp-content\/uploads\/google-play.png\"><\/a><br \/>\n      <a href=\"https:\/\/apps.apple.com\/us\/app\/legislapp\/id1568929859\"><img decoding=\"async\" style=\"width: 15%; min-width: 130px\" src=\"https:\/\/www.legislapp.com.br\/wp-content\/uploads\/apple-store.png\"><\/a>\n   <\/div>\n","protected":false},"excerpt":{"rendered":"<p>Avulso Inicial &#8211; Autoria de Leo Prates PROJETO DE LEI N\u00ba , DE 2025 (Do Sr. L\u00c9O PRATES) Disp\u00f5e sobre a regulamenta\u00e7\u00e3o das profiss\u00f5es de Recreador Infantil e Animador Infantil, estabelece seus requisitos de forma\u00e7\u00e3o e exerc\u00edcio profissional, define direitos e deveres e d\u00e1 outras provid\u00eancias. O Congresso Nacional decreta: Art. 1\u00ba Fica reconhecido em [&hellip;]<\/p>\n","protected":false},"author":1,"featured_media":0,"parent":0,"menu_order":0,"comment_status":"closed","ping_status":"closed","template":"page-template-blank.php","meta":{"_et_pb_use_builder":"","_et_pb_old_content":"","_et_gb_content_width":"1080","ngg_post_thumbnail":0,"footnotes":""},"class_list":["post-10159","page","type-page","status-publish","hentry"],"yoast_head":"<!-- This site is optimized with the Yoast SEO plugin v24.4 - https:\/\/yoast.com\/wordpress\/plugins\/seo\/ -->\n<title>Avulso Inicial - PL 5546\/2025 - C\u00e2mara - Legislapp<\/title>\n<meta name=\"robots\" content=\"index, follow, max-snippet:-1, max-image-preview:large, max-video-preview:-1\" \/>\n<link rel=\"canonical\" href=\"https:\/\/www.legislapp.com.br\/index.php\/avulso-inicial-pl-5546-2025-camara\/\" \/>\n<meta property=\"og:locale\" content=\"pt_BR\" \/>\n<meta property=\"og:type\" content=\"article\" \/>\n<meta property=\"og:title\" content=\"Avulso Inicial - PL 5546\/2025 - C\u00e2mara - Legislapp\" \/>\n<meta property=\"og:description\" content=\"Avulso Inicial &#8211; Autoria de Leo Prates PROJETO DE LEI N\u00ba , DE 2025 (Do Sr. L\u00c9O PRATES) Disp\u00f5e sobre a regulamenta\u00e7\u00e3o das profiss\u00f5es de Recreador Infantil e Animador Infantil, estabelece seus requisitos de forma\u00e7\u00e3o e exerc\u00edcio profissional, define direitos e deveres e d\u00e1 outras provid\u00eancias. O Congresso Nacional decreta: Art. 1\u00ba Fica reconhecido em [&hellip;]\" \/>\n<meta property=\"og:url\" content=\"https:\/\/www.legislapp.com.br\/index.php\/avulso-inicial-pl-5546-2025-camara\/\" \/>\n<meta property=\"og:site_name\" content=\"Legislapp\" \/>\n<meta property=\"article:publisher\" content=\"https:\/\/www.instagram.com\/legislapp\/\" \/>\n<meta property=\"og:image\" content=\"https:\/\/www.legislapp.com.br\/wp-content\/uploads\/2021\/07\/Logo-Legislapp-1-03-1.png\" \/>\n<meta name=\"twitter:card\" content=\"summary_large_image\" \/>\n<meta name=\"twitter:label1\" content=\"Est. tempo de leitura\" \/>\n\t<meta name=\"twitter:data1\" content=\"6 minutos\" \/>\n<script type=\"application\/ld+json\" class=\"yoast-schema-graph\">{\"@context\":\"https:\/\/schema.org\",\"@graph\":[{\"@type\":\"WebPage\",\"@id\":\"https:\/\/www.legislapp.com.br\/index.php\/avulso-inicial-pl-5546-2025-camara\/\",\"url\":\"https:\/\/www.legislapp.com.br\/index.php\/avulso-inicial-pl-5546-2025-camara\/\",\"name\":\"Avulso Inicial - PL 5546\/2025 - C\u00e2mara - Legislapp\",\"isPartOf\":{\"@id\":\"https:\/\/www.legislapp.com.br\/#website\"},\"primaryImageOfPage\":{\"@id\":\"https:\/\/www.legislapp.com.br\/index.php\/avulso-inicial-pl-5546-2025-camara\/#primaryimage\"},\"image\":{\"@id\":\"https:\/\/www.legislapp.com.br\/index.php\/avulso-inicial-pl-5546-2025-camara\/#primaryimage\"},\"thumbnailUrl\":\"https:\/\/www.legislapp.com.br\/wp-content\/uploads\/2021\/07\/Logo-Legislapp-1-03-1.png\",\"datePublished\":\"2025-12-01T14:03:36+00:00\",\"breadcrumb\":{\"@id\":\"https:\/\/www.legislapp.com.br\/index.php\/avulso-inicial-pl-5546-2025-camara\/#breadcrumb\"},\"inLanguage\":\"pt-BR\",\"potentialAction\":[{\"@type\":\"ReadAction\",\"target\":[\"https:\/\/www.legislapp.com.br\/index.php\/avulso-inicial-pl-5546-2025-camara\/\"]}]},{\"@type\":\"ImageObject\",\"inLanguage\":\"pt-BR\",\"@id\":\"https:\/\/www.legislapp.com.br\/index.php\/avulso-inicial-pl-5546-2025-camara\/#primaryimage\",\"url\":\"https:\/\/www.legislapp.com.br\/wp-content\/uploads\/2021\/07\/Logo-Legislapp-1-03-1.png\",\"contentUrl\":\"https:\/\/www.legislapp.com.br\/wp-content\/uploads\/2021\/07\/Logo-Legislapp-1-03-1.png\",\"width\":2679,\"height\":2697},{\"@type\":\"BreadcrumbList\",\"@id\":\"https:\/\/www.legislapp.com.br\/index.php\/avulso-inicial-pl-5546-2025-camara\/#breadcrumb\",\"itemListElement\":[{\"@type\":\"ListItem\",\"position\":1,\"name\":\"In\u00edcio\",\"item\":\"https:\/\/www.legislapp.com.br\/\"},{\"@type\":\"ListItem\",\"position\":2,\"name\":\"Avulso Inicial &#8211; PL 5546\/2025 &#8211; C\u00e2mara\"}]},{\"@type\":\"WebSite\",\"@id\":\"https:\/\/www.legislapp.com.br\/#website\",\"url\":\"https:\/\/www.legislapp.com.br\/\",\"name\":\"Legislapp\",\"description\":\"Intelig\u00eancia governamental em tempo real\",\"publisher\":{\"@id\":\"https:\/\/www.legislapp.com.br\/#organization\"},\"potentialAction\":[{\"@type\":\"SearchAction\",\"target\":{\"@type\":\"EntryPoint\",\"urlTemplate\":\"https:\/\/www.legislapp.com.br\/?s={search_term_string}\"},\"query-input\":{\"@type\":\"PropertyValueSpecification\",\"valueRequired\":true,\"valueName\":\"search_term_string\"}}],\"inLanguage\":\"pt-BR\"},{\"@type\":\"Organization\",\"@id\":\"https:\/\/www.legislapp.com.br\/#organization\",\"name\":\"Legislapp Monitoramento e Intelig\u00eancia Governamental\",\"url\":\"https:\/\/www.legislapp.com.br\/\",\"logo\":{\"@type\":\"ImageObject\",\"inLanguage\":\"pt-BR\",\"@id\":\"https:\/\/www.legislapp.com.br\/#\/schema\/logo\/image\/\",\"url\":\"https:\/\/www.legislapp.com.br\/wp-content\/uploads\/icon.png\",\"contentUrl\":\"https:\/\/www.legislapp.com.br\/wp-content\/uploads\/icon.png\",\"width\":1024,\"height\":1024,\"caption\":\"Legislapp Monitoramento e Intelig\u00eancia Governamental\"},\"image\":{\"@id\":\"https:\/\/www.legislapp.com.br\/#\/schema\/logo\/image\/\"},\"sameAs\":[\"https:\/\/www.instagram.com\/legislapp\/\"]}]}<\/script>\n<!-- \/ Yoast SEO plugin. -->","yoast_head_json":{"title":"Avulso Inicial - PL 5546\/2025 - C\u00e2mara - Legislapp","robots":{"index":"index","follow":"follow","max-snippet":"max-snippet:-1","max-image-preview":"max-image-preview:large","max-video-preview":"max-video-preview:-1"},"canonical":"https:\/\/www.legislapp.com.br\/index.php\/avulso-inicial-pl-5546-2025-camara\/","og_locale":"pt_BR","og_type":"article","og_title":"Avulso Inicial - PL 5546\/2025 - C\u00e2mara - Legislapp","og_description":"Avulso Inicial &#8211; Autoria de Leo Prates PROJETO DE LEI N\u00ba , DE 2025 (Do Sr. L\u00c9O PRATES) Disp\u00f5e sobre a regulamenta\u00e7\u00e3o das profiss\u00f5es de Recreador Infantil e Animador Infantil, estabelece seus requisitos de forma\u00e7\u00e3o e exerc\u00edcio profissional, define direitos e deveres e d\u00e1 outras provid\u00eancias. O Congresso Nacional decreta: Art. 1\u00ba Fica reconhecido em [&hellip;]","og_url":"https:\/\/www.legislapp.com.br\/index.php\/avulso-inicial-pl-5546-2025-camara\/","og_site_name":"Legislapp","article_publisher":"https:\/\/www.instagram.com\/legislapp\/","og_image":[{"url":"https:\/\/www.legislapp.com.br\/wp-content\/uploads\/2021\/07\/Logo-Legislapp-1-03-1.png","type":"","width":"","height":""}],"twitter_card":"summary_large_image","twitter_misc":{"Est. tempo de leitura":"6 minutos"},"schema":{"@context":"https:\/\/schema.org","@graph":[{"@type":"WebPage","@id":"https:\/\/www.legislapp.com.br\/index.php\/avulso-inicial-pl-5546-2025-camara\/","url":"https:\/\/www.legislapp.com.br\/index.php\/avulso-inicial-pl-5546-2025-camara\/","name":"Avulso Inicial - PL 5546\/2025 - C\u00e2mara - Legislapp","isPartOf":{"@id":"https:\/\/www.legislapp.com.br\/#website"},"primaryImageOfPage":{"@id":"https:\/\/www.legislapp.com.br\/index.php\/avulso-inicial-pl-5546-2025-camara\/#primaryimage"},"image":{"@id":"https:\/\/www.legislapp.com.br\/index.php\/avulso-inicial-pl-5546-2025-camara\/#primaryimage"},"thumbnailUrl":"https:\/\/www.legislapp.com.br\/wp-content\/uploads\/2021\/07\/Logo-Legislapp-1-03-1.png","datePublished":"2025-12-01T14:03:36+00:00","breadcrumb":{"@id":"https:\/\/www.legislapp.com.br\/index.php\/avulso-inicial-pl-5546-2025-camara\/#breadcrumb"},"inLanguage":"pt-BR","potentialAction":[{"@type":"ReadAction","target":["https:\/\/www.legislapp.com.br\/index.php\/avulso-inicial-pl-5546-2025-camara\/"]}]},{"@type":"ImageObject","inLanguage":"pt-BR","@id":"https:\/\/www.legislapp.com.br\/index.php\/avulso-inicial-pl-5546-2025-camara\/#primaryimage","url":"https:\/\/www.legislapp.com.br\/wp-content\/uploads\/2021\/07\/Logo-Legislapp-1-03-1.png","contentUrl":"https:\/\/www.legislapp.com.br\/wp-content\/uploads\/2021\/07\/Logo-Legislapp-1-03-1.png","width":2679,"height":2697},{"@type":"BreadcrumbList","@id":"https:\/\/www.legislapp.com.br\/index.php\/avulso-inicial-pl-5546-2025-camara\/#breadcrumb","itemListElement":[{"@type":"ListItem","position":1,"name":"In\u00edcio","item":"https:\/\/www.legislapp.com.br\/"},{"@type":"ListItem","position":2,"name":"Avulso Inicial &#8211; PL 5546\/2025 &#8211; C\u00e2mara"}]},{"@type":"WebSite","@id":"https:\/\/www.legislapp.com.br\/#website","url":"https:\/\/www.legislapp.com.br\/","name":"Legislapp","description":"Intelig\u00eancia governamental em tempo real","publisher":{"@id":"https:\/\/www.legislapp.com.br\/#organization"},"potentialAction":[{"@type":"SearchAction","target":{"@type":"EntryPoint","urlTemplate":"https:\/\/www.legislapp.com.br\/?s={search_term_string}"},"query-input":{"@type":"PropertyValueSpecification","valueRequired":true,"valueName":"search_term_string"}}],"inLanguage":"pt-BR"},{"@type":"Organization","@id":"https:\/\/www.legislapp.com.br\/#organization","name":"Legislapp Monitoramento e Intelig\u00eancia Governamental","url":"https:\/\/www.legislapp.com.br\/","logo":{"@type":"ImageObject","inLanguage":"pt-BR","@id":"https:\/\/www.legislapp.com.br\/#\/schema\/logo\/image\/","url":"https:\/\/www.legislapp.com.br\/wp-content\/uploads\/icon.png","contentUrl":"https:\/\/www.legislapp.com.br\/wp-content\/uploads\/icon.png","width":1024,"height":1024,"caption":"Legislapp Monitoramento e Intelig\u00eancia Governamental"},"image":{"@id":"https:\/\/www.legislapp.com.br\/#\/schema\/logo\/image\/"},"sameAs":["https:\/\/www.instagram.com\/legislapp\/"]}]}},"_links":{"self":[{"href":"https:\/\/www.legislapp.com.br\/index.php\/wp-json\/wp\/v2\/pages\/10159","targetHints":{"allow":["GET"]}}],"collection":[{"href":"https:\/\/www.legislapp.com.br\/index.php\/wp-json\/wp\/v2\/pages"}],"about":[{"href":"https:\/\/www.legislapp.com.br\/index.php\/wp-json\/wp\/v2\/types\/page"}],"author":[{"embeddable":true,"href":"https:\/\/www.legislapp.com.br\/index.php\/wp-json\/wp\/v2\/users\/1"}],"replies":[{"embeddable":true,"href":"https:\/\/www.legislapp.com.br\/index.php\/wp-json\/wp\/v2\/comments?post=10159"}],"version-history":[{"count":0,"href":"https:\/\/www.legislapp.com.br\/index.php\/wp-json\/wp\/v2\/pages\/10159\/revisions"}],"wp:attachment":[{"href":"https:\/\/www.legislapp.com.br\/index.php\/wp-json\/wp\/v2\/media?parent=10159"}],"curies":[{"name":"wp","href":"https:\/\/api.w.org\/{rel}","templated":true}]}}