{"id":10161,"date":"2025-12-01T11:03:40","date_gmt":"2025-12-01T14:03:40","guid":{"rendered":"https:\/\/www.legislapp.com.br\/index.php\/avulso-inicial-pl-4231-2025-camara\/"},"modified":"2025-12-01T11:03:40","modified_gmt":"2025-12-01T14:03:40","slug":"avulso-inicial-pl-4231-2025-camara","status":"publish","type":"page","link":"https:\/\/www.legislapp.com.br\/index.php\/avulso-inicial-pl-4231-2025-camara\/","title":{"rendered":"Avulso Inicial &#8211; PL 4231\/2025 &#8211; C\u00e2mara"},"content":{"rendered":"<h1 style='text-align: center;'>Avulso Inicial &#8211; Autoria de Nely Aquino<\/h3>\n<p><\/p>\n<article>C\u00c2MARA DOS DEPUTADOS<br \/>\nGabinete da Deputada Nely Aquino<br \/>\nPROJETO DE LEI N\u00ba , DE 2025.<br \/>\n(DA SRA. NELY AQUINO)<br \/>\nAltera o art. 32 da Lei n\u00ba 9.605, de<br \/>\n12 de fevereiro de 1998, para<br \/>\ndispor sobre o aumento da pena<br \/>\nnos casos de abuso, maus-tratos,<br \/>\nferimento ou mutila\u00e7\u00e3o de<br \/>\nanimais.<br \/>\nO CONGRESSO NACIONAL decreta:<br \/>\nArt. 1\u00ba \u2013 O art. 32 da Lei n\u00ba 9.605, de 12 de fevereiro de 1998, passa a<br \/>\nvigorar com a seguinte reda\u00e7\u00e3o:<br \/>\nArt. 32 &#8230;&#8230;&#8230;&#8230;&#8230;&#8230;&#8230;&#8230;&#8230;&#8230;&#8230;&#8230;&#8230;&#8230;&#8230;&#8230;&#8230;&#8230;&#8230;&#8230;&#8230;&#8230;&#8230;&#8230;&#8230;&#8230;&#8230;&#8230;.<br \/>\n&#8230;&#8230;&#8230;&#8230;&#8230;&#8230;&#8230;&#8230;&#8230;&#8230;&#8230;&#8230;&#8230;&#8230;&#8230;&#8230;&#8230;&#8230;&#8230;&#8230;&#8230;&#8230;&#8230;&#8230;&#8230;&#8230;&#8230;&#8230;&#8230;&#8230;&#8230;&#8230;..<br \/>\n\u00a7 1\u00ba-A. Todo agente que praticar ato de abuso, maus-tratos, ferir<br \/>\nou mutilar animais silvestres, dom\u00e9sticos ou domesticados, nativos ou<br \/>\nex\u00f3ticos, ter\u00e1 pena de reclus\u00e3o, de 2 (dois) a 5 (cinco) anos, multa e<br \/>\nproibi\u00e7\u00e3o de guarda, quando a conduta resultar em les\u00e3o grave, mutila\u00e7\u00e3o ou<br \/>\nmorte do animal.<br \/>\n&#8230;&#8230;&#8230;&#8230;&#8230;&#8230;&#8230;&#8230;&#8230;&#8230;&#8230;&#8230;&#8230;&#8230;&#8230;&#8230;&#8230;&#8230;&#8230;&#8230;&#8230;&#8230;&#8230;&#8230;&#8230;&#8230;&#8230;&#8230;&#8230;&#8230;&#8230;(NR)\u201d.<br \/>\nArt. 2\u00ba \u2013 Esta lei entra em vigor na data da sua publica\u00e7\u00e3o.<br \/>\nC\u00e2mara dos Deputados \u2013 Anexo IV \u2013 Gabinete 943 \u2013 CEP 70160-900 \u2013 Bras\u00edlia\/DF \/ Tel (61) 3215-5943 \u2013<br \/>\ndep.nelyaquino@camara.leg.br<br \/>\nRua Ramalho Ortig\u00e3o, 195 &#8211; Santa Branca \u2013 CEP 31565-100 \u2013 Belo Horizonte\/MG \u2013 Tel\/whats (31) 3665-<br \/>\n3222 \/ (31) 97302.2413<br \/>\nPara verificar a assinatura, acesse https:\/\/infoleg-autenticidade-assinatura.camara.leg.br\/CD255093598100<br \/>\nAssinado eletronicamente pelo(a) Dep. Nely Aquino<br \/>\nApresenta\u00e7\u00e3o: 26\/08\/2025 18:25:22.010 &#8211; Mesa<br \/>\n*CD255093598100* PL n.4231\/2025<br \/>C\u00c2MARA DOS DEPUTADOS<br \/>\nGabinete da Deputada Nely Aquino<br \/>\nJUSTIFICATIVA<br \/>\nA crueldade contra animais representa uma das pr\u00e1ticas mais<br \/>\nrepulsivas e socialmente conden\u00e1veis, por revelar a completa indiferen\u00e7a do<br \/>\nagressor diante do sofrimento de seres vivos que n\u00e3o t\u00eam meios de defesa. A cada<br \/>\nnovo epis\u00f3dio de viol\u00eancia extrema, a sociedade brasileira se mobiliza em rep\u00fadio,<br \/>\nexigindo do Poder P\u00fablico medidas mais severas e eficazes para a prote\u00e7\u00e3o da<br \/>\nfauna.<br \/>\nRecentemente, um caso de grande repercuss\u00e3o nacional evidenciou<br \/>\nessa necessidade: um cavalo foi encontrado com as patas mutiladas de forma<br \/>\nintencional e cruel, em um ato que n\u00e3o apenas vitimou o animal, mas tamb\u00e9m<br \/>\nchocou profundamente a opini\u00e3o p\u00fablica. O epis\u00f3dio exp\u00f4s, mais uma vez, que as<br \/>\npenalidades atualmente previstas pela legisla\u00e7\u00e3o n\u00e3o s\u00e3o suficientes para coibir<br \/>\ncondutas dessa natureza e gravidade.<br \/>\nEmbora a Lei n\u00ba 9.605\/1998 j\u00e1 tipifique os crimes de maus-tratos,<br \/>\nabuso e mutila\u00e7\u00e3o de animais, torna-se imprescind\u00edvel aprimorar o texto legal,<br \/>\nestabelecendo penas mais r\u00edgidas para hip\u00f3teses em que o ato criminoso resulta em<br \/>\nles\u00f5es graves, mutila\u00e7\u00e3o ou morte do animal. A resposta penal precisa ser<br \/>\nproporcional ao dano causado, de modo a desencorajar pr\u00e1ticas que atentam contra<br \/>\na vida e a dignidade animal.<br \/>\nO presente Projeto de Lei tem como objetivo endurecer as puni\u00e7\u00f5es<br \/>\npara os agressores, prevendo reclus\u00e3o de 2 (dois) a 5 (cinco) anos, multa e<br \/>\nproibi\u00e7\u00e3o de guarda de animais. Al\u00e9m de punir com maior rigor, a medida busca<br \/>\nprevenir a reincid\u00eancia e transmitir \u00e0 sociedade uma mensagem clara de que atos<br \/>\nde crueldade n\u00e3o ser\u00e3o tolerados.<br \/>\nTrata-se de uma altera\u00e7\u00e3o legislativa que confere maior efetividade \u00e0<br \/>\ntutela penal ambiental, harmonizando a legisla\u00e7\u00e3o infraconstitucional com o anseio<br \/>\nda coletividade e com os valores \u00e9ticos que reconhecem os animais como seres<br \/>\nsencientes, merecedores de respeito e prote\u00e7\u00e3o.<br \/>\nAnte a oportunidade e relev\u00e2ncia do tema, clamamos pelo apoio dos<br \/>\nnobres Pares para a aprova\u00e7\u00e3o da presente proposi\u00e7\u00e3o.<br \/>\nSala das Sess\u00f5es em,          de            de 2025.<br \/>\nDeputada NELY AQUINO<br \/>\nC\u00e2mara dos Deputados \u2013 Anexo IV \u2013 Gabinete 943 \u2013 CEP 70160-900 \u2013 Bras\u00edlia\/DF \/ Tel (61) 3215-5943 \u2013<br \/>\ndep.nelyaquino@camara.leg.br<br \/>\nRua Ramalho Ortig\u00e3o, 195 &#8211; Santa Branca \u2013 CEP 31565-100 \u2013 Belo Horizonte\/MG \u2013 Tel\/whats (31) 3665-<br \/>\n3222 \/ (31) 97302.2413<br \/>\nPara verificar a assinatura, acesse https:\/\/infoleg-autenticidade-assinatura.camara.leg.br\/CD255093598100<br \/>\nAssinado eletronicamente pelo(a) Dep. Nely Aquino<br \/>\nApresenta\u00e7\u00e3o: 26\/08\/2025 18:25:22.010 &#8211; Mesa<br \/>\n*CD255093598100* PL n.4231\/2025<br \/>C\u00c2MARA DOS DEPUTADOS<br \/>\nGabinete da Deputada Nely Aquino<br \/>\nPODEMOS-MG<br \/>\nC\u00e2mara dos Deputados \u2013 Anexo IV \u2013 Gabinete 943 \u2013 CEP 70160-900 \u2013 Bras\u00edlia\/DF \/ Tel (61) 3215-5943 \u2013<br \/>\ndep.nelyaquino@camara.leg.br<br \/>\nRua Ramalho Ortig\u00e3o, 195 &#8211; Santa Branca \u2013 CEP 31565-100 \u2013 Belo Horizonte\/MG \u2013 Tel\/whats (31) 3665-<br \/>\n3222 \/ (31) 97302.2413<br \/>\nPara verificar a assinatura, acesse https:\/\/infoleg-autenticidade-assinatura.camara.leg.br\/CD255093598100<br \/>\nAssinado eletronicamente pelo(a) Dep. Nely Aquino<br \/>\nApresenta\u00e7\u00e3o: 26\/08\/2025 18:25:22.010 &#8211; Mesa<br \/>\n*CD255093598100* PL n.4231\/2025<\/article>\n<p><a href='https:\/\/app.legislapp.com.br\/#\/busca?termo='><\/a><\/p>\n<div style=\"text-align: center\">\n      <img decoding=\"async\" style=\"width: 14%;\" src=\"https:\/\/www.legislapp.com.br\/wp-content\/uploads\/2021\/07\/Logo-Legislapp-1-03-1.png\"><br \/>\n      <\/p>\n<div style=\"margin-bottom: 20px;\" class=\"et_pb_button_module_wrapper et_pb_button_5_tb_body_wrapper et_pb_button_alignment_center et_pb_module \">\n         <a class=\"et_pb_button et_pb_button_5_tb_body et_hover_enabled et_pb_bg_layout_dark\" style=\"width: 50%;background-color: black;\" href=\"https:\/\/app.legislapp.com.br\" target=\"_blank\" rel=\"noopener\">Visualizar completo na nossa plataforma (30 dias gr\u00e1tis)<\/a><\/p><\/div>\n<p>      <a href=\"https:\/\/play.google.com\/store\/apps\/details?id=br.com.legislapp\"><img decoding=\"async\" style=\"width: 15%; min-width: 130px;\" src=\"https:\/\/www.legislapp.com.br\/wp-content\/uploads\/google-play.png\"><\/a><br \/>\n      <a href=\"https:\/\/apps.apple.com\/us\/app\/legislapp\/id1568929859\"><img decoding=\"async\" style=\"width: 15%; min-width: 130px\" src=\"https:\/\/www.legislapp.com.br\/wp-content\/uploads\/apple-store.png\"><\/a>\n   <\/div>\n","protected":false},"excerpt":{"rendered":"<p>Avulso Inicial &#8211; Autoria de Nely Aquino C\u00c2MARA DOS DEPUTADOS Gabinete da Deputada Nely Aquino PROJETO DE LEI N\u00ba , DE 2025. (DA SRA. NELY AQUINO) Altera o art. 32 da Lei n\u00ba 9.605, de 12 de fevereiro de 1998, para dispor sobre o aumento da pena nos casos de abuso, maus-tratos, ferimento ou mutila\u00e7\u00e3o [&hellip;]<\/p>\n","protected":false},"author":1,"featured_media":0,"parent":0,"menu_order":0,"comment_status":"closed","ping_status":"closed","template":"page-template-blank.php","meta":{"_et_pb_use_builder":"","_et_pb_old_content":"","_et_gb_content_width":"1080","ngg_post_thumbnail":0,"footnotes":""},"class_list":["post-10161","page","type-page","status-publish","hentry"],"yoast_head":"<!-- This site is optimized with the Yoast SEO plugin v24.4 - https:\/\/yoast.com\/wordpress\/plugins\/seo\/ -->\n<title>Avulso Inicial - PL 4231\/2025 - C\u00e2mara - Legislapp<\/title>\n<meta name=\"robots\" content=\"index, follow, max-snippet:-1, max-image-preview:large, max-video-preview:-1\" \/>\n<link rel=\"canonical\" href=\"https:\/\/www.legislapp.com.br\/index.php\/avulso-inicial-pl-4231-2025-camara\/\" \/>\n<meta property=\"og:locale\" content=\"pt_BR\" \/>\n<meta property=\"og:type\" content=\"article\" \/>\n<meta property=\"og:title\" content=\"Avulso Inicial - PL 4231\/2025 - C\u00e2mara - Legislapp\" \/>\n<meta property=\"og:description\" content=\"Avulso Inicial &#8211; Autoria de Nely Aquino C\u00c2MARA DOS DEPUTADOS Gabinete da Deputada Nely Aquino PROJETO DE LEI N\u00ba , DE 2025. (DA SRA. NELY AQUINO) Altera o art. 32 da Lei n\u00ba 9.605, de 12 de fevereiro de 1998, para dispor sobre o aumento da pena nos casos de abuso, maus-tratos, ferimento ou mutila\u00e7\u00e3o [&hellip;]\" \/>\n<meta property=\"og:url\" content=\"https:\/\/www.legislapp.com.br\/index.php\/avulso-inicial-pl-4231-2025-camara\/\" \/>\n<meta property=\"og:site_name\" content=\"Legislapp\" \/>\n<meta property=\"article:publisher\" content=\"https:\/\/www.instagram.com\/legislapp\/\" \/>\n<meta property=\"og:image\" content=\"https:\/\/www.legislapp.com.br\/wp-content\/uploads\/2021\/07\/Logo-Legislapp-1-03-1.png\" \/>\n<meta name=\"twitter:card\" content=\"summary_large_image\" \/>\n<meta name=\"twitter:label1\" content=\"Est. tempo de leitura\" \/>\n\t<meta name=\"twitter:data1\" content=\"3 minutos\" \/>\n<script type=\"application\/ld+json\" class=\"yoast-schema-graph\">{\"@context\":\"https:\/\/schema.org\",\"@graph\":[{\"@type\":\"WebPage\",\"@id\":\"https:\/\/www.legislapp.com.br\/index.php\/avulso-inicial-pl-4231-2025-camara\/\",\"url\":\"https:\/\/www.legislapp.com.br\/index.php\/avulso-inicial-pl-4231-2025-camara\/\",\"name\":\"Avulso Inicial - PL 4231\/2025 - C\u00e2mara - Legislapp\",\"isPartOf\":{\"@id\":\"https:\/\/www.legislapp.com.br\/#website\"},\"primaryImageOfPage\":{\"@id\":\"https:\/\/www.legislapp.com.br\/index.php\/avulso-inicial-pl-4231-2025-camara\/#primaryimage\"},\"image\":{\"@id\":\"https:\/\/www.legislapp.com.br\/index.php\/avulso-inicial-pl-4231-2025-camara\/#primaryimage\"},\"thumbnailUrl\":\"https:\/\/www.legislapp.com.br\/wp-content\/uploads\/2021\/07\/Logo-Legislapp-1-03-1.png\",\"datePublished\":\"2025-12-01T14:03:40+00:00\",\"breadcrumb\":{\"@id\":\"https:\/\/www.legislapp.com.br\/index.php\/avulso-inicial-pl-4231-2025-camara\/#breadcrumb\"},\"inLanguage\":\"pt-BR\",\"potentialAction\":[{\"@type\":\"ReadAction\",\"target\":[\"https:\/\/www.legislapp.com.br\/index.php\/avulso-inicial-pl-4231-2025-camara\/\"]}]},{\"@type\":\"ImageObject\",\"inLanguage\":\"pt-BR\",\"@id\":\"https:\/\/www.legislapp.com.br\/index.php\/avulso-inicial-pl-4231-2025-camara\/#primaryimage\",\"url\":\"https:\/\/www.legislapp.com.br\/wp-content\/uploads\/2021\/07\/Logo-Legislapp-1-03-1.png\",\"contentUrl\":\"https:\/\/www.legislapp.com.br\/wp-content\/uploads\/2021\/07\/Logo-Legislapp-1-03-1.png\",\"width\":2679,\"height\":2697},{\"@type\":\"BreadcrumbList\",\"@id\":\"https:\/\/www.legislapp.com.br\/index.php\/avulso-inicial-pl-4231-2025-camara\/#breadcrumb\",\"itemListElement\":[{\"@type\":\"ListItem\",\"position\":1,\"name\":\"In\u00edcio\",\"item\":\"https:\/\/www.legislapp.com.br\/\"},{\"@type\":\"ListItem\",\"position\":2,\"name\":\"Avulso Inicial &#8211; PL 4231\/2025 &#8211; C\u00e2mara\"}]},{\"@type\":\"WebSite\",\"@id\":\"https:\/\/www.legislapp.com.br\/#website\",\"url\":\"https:\/\/www.legislapp.com.br\/\",\"name\":\"Legislapp\",\"description\":\"Intelig\u00eancia governamental em tempo real\",\"publisher\":{\"@id\":\"https:\/\/www.legislapp.com.br\/#organization\"},\"potentialAction\":[{\"@type\":\"SearchAction\",\"target\":{\"@type\":\"EntryPoint\",\"urlTemplate\":\"https:\/\/www.legislapp.com.br\/?s={search_term_string}\"},\"query-input\":{\"@type\":\"PropertyValueSpecification\",\"valueRequired\":true,\"valueName\":\"search_term_string\"}}],\"inLanguage\":\"pt-BR\"},{\"@type\":\"Organization\",\"@id\":\"https:\/\/www.legislapp.com.br\/#organization\",\"name\":\"Legislapp Monitoramento e Intelig\u00eancia Governamental\",\"url\":\"https:\/\/www.legislapp.com.br\/\",\"logo\":{\"@type\":\"ImageObject\",\"inLanguage\":\"pt-BR\",\"@id\":\"https:\/\/www.legislapp.com.br\/#\/schema\/logo\/image\/\",\"url\":\"https:\/\/www.legislapp.com.br\/wp-content\/uploads\/icon.png\",\"contentUrl\":\"https:\/\/www.legislapp.com.br\/wp-content\/uploads\/icon.png\",\"width\":1024,\"height\":1024,\"caption\":\"Legislapp Monitoramento e Intelig\u00eancia Governamental\"},\"image\":{\"@id\":\"https:\/\/www.legislapp.com.br\/#\/schema\/logo\/image\/\"},\"sameAs\":[\"https:\/\/www.instagram.com\/legislapp\/\"]}]}<\/script>\n<!-- \/ Yoast SEO plugin. -->","yoast_head_json":{"title":"Avulso Inicial - PL 4231\/2025 - C\u00e2mara - Legislapp","robots":{"index":"index","follow":"follow","max-snippet":"max-snippet:-1","max-image-preview":"max-image-preview:large","max-video-preview":"max-video-preview:-1"},"canonical":"https:\/\/www.legislapp.com.br\/index.php\/avulso-inicial-pl-4231-2025-camara\/","og_locale":"pt_BR","og_type":"article","og_title":"Avulso Inicial - PL 4231\/2025 - C\u00e2mara - Legislapp","og_description":"Avulso Inicial &#8211; Autoria de Nely Aquino C\u00c2MARA DOS DEPUTADOS Gabinete da Deputada Nely Aquino PROJETO DE LEI N\u00ba , DE 2025. (DA SRA. NELY AQUINO) Altera o art. 32 da Lei n\u00ba 9.605, de 12 de fevereiro de 1998, para dispor sobre o aumento da pena nos casos de abuso, maus-tratos, ferimento ou mutila\u00e7\u00e3o [&hellip;]","og_url":"https:\/\/www.legislapp.com.br\/index.php\/avulso-inicial-pl-4231-2025-camara\/","og_site_name":"Legislapp","article_publisher":"https:\/\/www.instagram.com\/legislapp\/","og_image":[{"url":"https:\/\/www.legislapp.com.br\/wp-content\/uploads\/2021\/07\/Logo-Legislapp-1-03-1.png","type":"","width":"","height":""}],"twitter_card":"summary_large_image","twitter_misc":{"Est. tempo de leitura":"3 minutos"},"schema":{"@context":"https:\/\/schema.org","@graph":[{"@type":"WebPage","@id":"https:\/\/www.legislapp.com.br\/index.php\/avulso-inicial-pl-4231-2025-camara\/","url":"https:\/\/www.legislapp.com.br\/index.php\/avulso-inicial-pl-4231-2025-camara\/","name":"Avulso Inicial - PL 4231\/2025 - C\u00e2mara - Legislapp","isPartOf":{"@id":"https:\/\/www.legislapp.com.br\/#website"},"primaryImageOfPage":{"@id":"https:\/\/www.legislapp.com.br\/index.php\/avulso-inicial-pl-4231-2025-camara\/#primaryimage"},"image":{"@id":"https:\/\/www.legislapp.com.br\/index.php\/avulso-inicial-pl-4231-2025-camara\/#primaryimage"},"thumbnailUrl":"https:\/\/www.legislapp.com.br\/wp-content\/uploads\/2021\/07\/Logo-Legislapp-1-03-1.png","datePublished":"2025-12-01T14:03:40+00:00","breadcrumb":{"@id":"https:\/\/www.legislapp.com.br\/index.php\/avulso-inicial-pl-4231-2025-camara\/#breadcrumb"},"inLanguage":"pt-BR","potentialAction":[{"@type":"ReadAction","target":["https:\/\/www.legislapp.com.br\/index.php\/avulso-inicial-pl-4231-2025-camara\/"]}]},{"@type":"ImageObject","inLanguage":"pt-BR","@id":"https:\/\/www.legislapp.com.br\/index.php\/avulso-inicial-pl-4231-2025-camara\/#primaryimage","url":"https:\/\/www.legislapp.com.br\/wp-content\/uploads\/2021\/07\/Logo-Legislapp-1-03-1.png","contentUrl":"https:\/\/www.legislapp.com.br\/wp-content\/uploads\/2021\/07\/Logo-Legislapp-1-03-1.png","width":2679,"height":2697},{"@type":"BreadcrumbList","@id":"https:\/\/www.legislapp.com.br\/index.php\/avulso-inicial-pl-4231-2025-camara\/#breadcrumb","itemListElement":[{"@type":"ListItem","position":1,"name":"In\u00edcio","item":"https:\/\/www.legislapp.com.br\/"},{"@type":"ListItem","position":2,"name":"Avulso Inicial &#8211; PL 4231\/2025 &#8211; C\u00e2mara"}]},{"@type":"WebSite","@id":"https:\/\/www.legislapp.com.br\/#website","url":"https:\/\/www.legislapp.com.br\/","name":"Legislapp","description":"Intelig\u00eancia governamental em tempo real","publisher":{"@id":"https:\/\/www.legislapp.com.br\/#organization"},"potentialAction":[{"@type":"SearchAction","target":{"@type":"EntryPoint","urlTemplate":"https:\/\/www.legislapp.com.br\/?s={search_term_string}"},"query-input":{"@type":"PropertyValueSpecification","valueRequired":true,"valueName":"search_term_string"}}],"inLanguage":"pt-BR"},{"@type":"Organization","@id":"https:\/\/www.legislapp.com.br\/#organization","name":"Legislapp Monitoramento e Intelig\u00eancia Governamental","url":"https:\/\/www.legislapp.com.br\/","logo":{"@type":"ImageObject","inLanguage":"pt-BR","@id":"https:\/\/www.legislapp.com.br\/#\/schema\/logo\/image\/","url":"https:\/\/www.legislapp.com.br\/wp-content\/uploads\/icon.png","contentUrl":"https:\/\/www.legislapp.com.br\/wp-content\/uploads\/icon.png","width":1024,"height":1024,"caption":"Legislapp Monitoramento e Intelig\u00eancia Governamental"},"image":{"@id":"https:\/\/www.legislapp.com.br\/#\/schema\/logo\/image\/"},"sameAs":["https:\/\/www.instagram.com\/legislapp\/"]}]}},"_links":{"self":[{"href":"https:\/\/www.legislapp.com.br\/index.php\/wp-json\/wp\/v2\/pages\/10161","targetHints":{"allow":["GET"]}}],"collection":[{"href":"https:\/\/www.legislapp.com.br\/index.php\/wp-json\/wp\/v2\/pages"}],"about":[{"href":"https:\/\/www.legislapp.com.br\/index.php\/wp-json\/wp\/v2\/types\/page"}],"author":[{"embeddable":true,"href":"https:\/\/www.legislapp.com.br\/index.php\/wp-json\/wp\/v2\/users\/1"}],"replies":[{"embeddable":true,"href":"https:\/\/www.legislapp.com.br\/index.php\/wp-json\/wp\/v2\/comments?post=10161"}],"version-history":[{"count":0,"href":"https:\/\/www.legislapp.com.br\/index.php\/wp-json\/wp\/v2\/pages\/10161\/revisions"}],"wp:attachment":[{"href":"https:\/\/www.legislapp.com.br\/index.php\/wp-json\/wp\/v2\/media?parent=10161"}],"curies":[{"name":"wp","href":"https:\/\/api.w.org\/{rel}","templated":true}]}}