{"id":10177,"date":"2025-12-01T11:04:29","date_gmt":"2025-12-01T14:04:29","guid":{"rendered":"https:\/\/www.legislapp.com.br\/index.php\/avulso-inicial-pl-5392-2025-camara\/"},"modified":"2025-12-01T11:04:29","modified_gmt":"2025-12-01T14:04:29","slug":"avulso-inicial-pl-5392-2025-camara","status":"publish","type":"page","link":"https:\/\/www.legislapp.com.br\/index.php\/avulso-inicial-pl-5392-2025-camara\/","title":{"rendered":"Avulso Inicial &#8211; PL 5392\/2025 &#8211; C\u00e2mara"},"content":{"rendered":"<h1 style='text-align: center;'>Avulso Inicial &#8211; Autoria de Baleia Rossi<\/h3>\n<p><\/p>\n<article>PROJETO DE LEI N\u00ba ___\/2025<br \/>\n(Do Sr. Baleia Rossi)<br \/>\nCria o Cadastro Nacional que disp\u00f5e<br \/>\nsobre a proibi\u00e7\u00e3o de liga\u00e7\u00f5es<br \/>\ntelef\u00f4nicas indesejadas originadas de<br \/>\nn\u00fameros aleat\u00f3rios, ocultos ou n\u00e3o<br \/>\nidentific\u00e1veis, e d\u00e1 outras provid\u00eancias.<br \/>\nO CONGRESSO NACIONAL DECRETA:<br \/>\nArt. 1\u00ba  Fica proibida, no \u00e2mbito do territ\u00f3rio nacional a realiza\u00e7\u00e3o de liga\u00e7\u00f5es<br \/>\ntelef\u00f4nicas originadas de n\u00fameros aleat\u00f3rios, mascarados, ocultos ou que<br \/>\nimpossibilitem a identifica\u00e7\u00e3o do n\u00famero de origem, quando destinadas a<br \/>\nconsumidores ou cidad\u00e3os.<br \/>\nArt. 2\u00ba  Para os fins desta Lei, considera-se:<br \/>\nI \u2013 n\u00fameros aleat\u00f3rios ou mascarados: aqueles gerados por sistemas<br \/>\nautomatizados que simulam diferentes origens telef\u00f4nicas, com o<br \/>\nobjetivo de ocultar ou disfar\u00e7ar os verdadeiros n\u00fameros emissores;<br \/>\nII \u2013 liga\u00e7\u00f5es indesejadas: aquelas feitas sem autoriza\u00e7\u00e3o pr\u00e9via dos<br \/>\nconsumidores e sem finalidade leg\u00edtima previamente reconhecidas pelos<br \/>\ndestinat\u00e1rios.<br \/>\nArt. 3\u00ba As empresas de telemarketing, institui\u00e7\u00f5es financeiras, operadoras de<br \/>\ntelefonia e quaisquer outras pessoas jur\u00eddicas que realizem liga\u00e7\u00f5es a<br \/>\nconsumidores dever\u00e3o:<br \/>\nI \u2013 utilizar exclusivamente n\u00fameros telef\u00f4nicos identific\u00e1veis e<br \/>\nregistrados junto \u00e0 Ag\u00eancia Nacional de Telecomunica\u00e7\u00f5es (Anatel);<br \/>\nII \u2013 disponibilizar, de forma clara, a identifica\u00e7\u00e3o da empresa durante o<br \/>\nin\u00edcio da chamada;<br \/>\nIII \u2013 respeitar o cadastro nacional e estadual de bloqueio de recebimento<br \/>\nde liga\u00e7\u00f5es de telemarketing, quando existente.<br \/>\nArt. 4\u00ba  \u00c9 vedada a utiliza\u00e7\u00e3o de tecnologias de gera\u00e7\u00e3o de n\u00fameros aleat\u00f3rios,<br \/>\nmascaramento ou oculta\u00e7\u00e3o de identidade para efetuar liga\u00e7\u00f5es, inclusive por<br \/>\nmeio de aplicativos, rob\u00f4s de atendimento (robocalls) ou centrais<br \/>\nautomatizadas.<br \/>\nPara verificar a assinatura, acesse https:\/\/infoleg-autenticidade-assinatura.camara.leg.br\/CD253534173000<br \/>\nAssinado eletronicamente pelo(a) Dep. Baleia Rossi<br \/>\nApresenta\u00e7\u00e3o: 23\/10\/2025 15:23:54.837 &#8211; Mesa<br \/>\n*CD253534173000* PL n.5392\/2025<br \/>Art. 5\u00ba O descumprimento do disposto nesta Lei sujeitar\u00e1 o infrator \u00e0s seguintes<br \/>\nsan\u00e7\u00f5es administrativas, sem preju\u00edzo das demais penalidades previstas em<br \/>\nlegisla\u00e7\u00e3o espec\u00edfica:<br \/>\nI advert\u00eancia;<br \/>\nII \u2013 multa de at\u00e9 10 sal\u00e1rios m\u00ednimos, aplicada em dobro em caso de<br \/>\nreincid\u00eancia;<br \/>\nIII \u2013 suspens\u00e3o tempor\u00e1ria do servi\u00e7o;<br \/>\nIV \u2013 cassa\u00e7\u00e3o do alvar\u00e1 de funcionamento, nos casos de reiterada<br \/>\ninfra\u00e7\u00e3o.<br \/>\nArt. 6\u00ba  Os \u00f3rg\u00e3os de defesa do consumidor, como o PROCON e a Anatel,<br \/>\nser\u00e3o respons\u00e1veis pela fiscaliza\u00e7\u00e3o e aplica\u00e7\u00e3o das penalidades previstas<br \/>\nnesta Lei.<br \/>\nArt. 7\u00ba  O Poder Executivo regulamentar\u00e1 esta Lei no prazo de 90 (noventa)<br \/>\ndias a contar de sua publica\u00e7\u00e3o.<br \/>\nArt. 8\u00ba Esta Lei entra em vigor na data de sua publica\u00e7\u00e3o.<br \/>\nJUSTIFICATIVA<br \/>\nO presente Projeto de Lei tem por objetivo criar um cadastro nacional<br \/>\nque disponha sobre a proibi\u00e7\u00e3o e tamb\u00e9m, coibir as liga\u00e7\u00f5es indesejadas e<br \/>\nabusivas que utilizam n\u00fameros aleat\u00f3rios, ocultos ou mascarados, pr\u00e1tica que<br \/>\ntem se tornado cada vez mais comum e inc\u00f4moda, perturbando a paz dos<br \/>\nconsumidores.<br \/>\nEssas liga\u00e7\u00f5es, muitas vezes automatizadas, s\u00e3o utilizadas tanto por<br \/>\nempresas de telemarketing quanto por criminosos, que se valem do anonimato<br \/>\npara aplicar golpes ou violar a privacidade dos consumidores.<br \/>\nAl\u00e9m de causar transtornos, a pr\u00e1tica configura viola\u00e7\u00e3o ao direito do<br \/>\nconsumidor e fere princ\u00edpios de transpar\u00eancia e seguran\u00e7a nas comunica\u00e7\u00f5es.<br \/>\nA proposta busca, portanto, proteger o cidad\u00e3o, garantir a identifica\u00e7\u00e3o<br \/>\ndo emissor da liga\u00e7\u00e3o e desestimular pr\u00e1ticas fraudulentas e invasivas.<br \/>\nSala das Sess\u00f5es       de          de 2025<br \/>\nDeputado BALEIA ROSSI<br \/>\nMDB\/SP<br \/>\nPara verificar a assinatura, acesse https:\/\/infoleg-autenticidade-assinatura.camara.leg.br\/CD253534173000<br \/>\nAssinado eletronicamente pelo(a) Dep. Baleia Rossi<br \/>\nApresenta\u00e7\u00e3o: 23\/10\/2025 15:23:54.837 &#8211; Mesa<br \/>\n*CD253534173000* PL n.5392\/2025<br \/>Para verificar a assinatura, acesse https:\/\/infoleg-autenticidade-assinatura.camara.leg.br\/CD253534173000<br \/>\nAssinado eletronicamente pelo(a) Dep. Baleia Rossi<br \/>\nApresenta\u00e7\u00e3o: 23\/10\/2025 15:23:54.837 &#8211; Mesa<br \/>\n*CD253534173000* PL n.5392\/2025<\/article>\n<p><a href='https:\/\/app.legislapp.com.br\/#\/busca?termo=Proibi\u00e7\u00e3o'>Proibi\u00e7\u00e3o<\/a>, <a href='https:\/\/app.legislapp.com.br\/#\/busca?termo=liga\u00e7\u00e3o telef\u00f4nica'>liga\u00e7\u00e3o telef\u00f4nica<\/a>, <a href='https:\/\/app.legislapp.com.br\/#\/busca?termo=impossibilidade'>impossibilidade<\/a>, <a href='https:\/\/app.legislapp.com.br\/#\/busca?termo=identifica\u00e7\u00e3o'>identifica\u00e7\u00e3o<\/a>, <a href='https:\/\/app.legislapp.com.br\/#\/busca?termo=tecnologia'>tecnologia<\/a>, <a href='https:\/\/app.legislapp.com.br\/#\/busca?termo=gera\u00e7\u00e3o'>gera\u00e7\u00e3o<\/a>, <a href='https:\/\/app.legislapp.com.br\/#\/busca?termo=n\u00famero'>n\u00famero<\/a>, <a href='https:\/\/app.legislapp.com.br\/#\/busca?termo=telefone'>telefone<\/a>, <a href='https:\/\/app.legislapp.com.br\/#\/busca?termo=robocall'>robocall<\/a>, <a href='https:\/\/app.legislapp.com.br\/#\/busca?termo=software aplicativo'>software aplicativo<\/a>, <a href='https:\/\/app.legislapp.com.br\/#\/busca?termo=cria\u00e7\u00e3o'>cria\u00e7\u00e3o<\/a>, <a href='https:\/\/app.legislapp.com.br\/#\/busca?termo=cadastro'>cadastro<\/a>, <a href='https:\/\/app.legislapp.com.br\/#\/busca?termo=diretrizes'>diretrizes<\/a>, <a href='https:\/\/app.legislapp.com.br\/#\/busca?termo=telemarketing'>telemarketing<\/a>, <a href='https:\/\/app.legislapp.com.br\/#\/busca?termo=golpe financeiro'>golpe financeiro<\/a>, <a href='https:\/\/app.legislapp.com.br\/#\/busca?termo=direito do consumidor.'>direito do consumidor.<\/a><\/p>\n<div style=\"text-align: center\">\n      <img decoding=\"async\" style=\"width: 14%;\" src=\"https:\/\/www.legislapp.com.br\/wp-content\/uploads\/2021\/07\/Logo-Legislapp-1-03-1.png\"><br \/>\n      <\/p>\n<div style=\"margin-bottom: 20px;\" class=\"et_pb_button_module_wrapper et_pb_button_5_tb_body_wrapper et_pb_button_alignment_center et_pb_module \">\n         <a class=\"et_pb_button et_pb_button_5_tb_body et_hover_enabled et_pb_bg_layout_dark\" style=\"width: 50%;background-color: black;\" href=\"https:\/\/app.legislapp.com.br\" target=\"_blank\" rel=\"noopener\">Visualizar completo na nossa plataforma (30 dias gr\u00e1tis)<\/a><\/p><\/div>\n<p>      <a href=\"https:\/\/play.google.com\/store\/apps\/details?id=br.com.legislapp\"><img decoding=\"async\" style=\"width: 15%; min-width: 130px;\" src=\"https:\/\/www.legislapp.com.br\/wp-content\/uploads\/google-play.png\"><\/a><br \/>\n      <a href=\"https:\/\/apps.apple.com\/us\/app\/legislapp\/id1568929859\"><img decoding=\"async\" style=\"width: 15%; min-width: 130px\" src=\"https:\/\/www.legislapp.com.br\/wp-content\/uploads\/apple-store.png\"><\/a>\n   <\/div>\n","protected":false},"excerpt":{"rendered":"<p>Avulso Inicial &#8211; Autoria de Baleia Rossi PROJETO DE LEI N\u00ba ___\/2025 (Do Sr. Baleia Rossi) Cria o Cadastro Nacional que disp\u00f5e sobre a proibi\u00e7\u00e3o de liga\u00e7\u00f5es telef\u00f4nicas indesejadas originadas de n\u00fameros aleat\u00f3rios, ocultos ou n\u00e3o identific\u00e1veis, e d\u00e1 outras provid\u00eancias. O CONGRESSO NACIONAL DECRETA: Art. 1\u00ba Fica proibida, no \u00e2mbito do territ\u00f3rio nacional a [&hellip;]<\/p>\n","protected":false},"author":1,"featured_media":0,"parent":0,"menu_order":0,"comment_status":"closed","ping_status":"closed","template":"page-template-blank.php","meta":{"_et_pb_use_builder":"","_et_pb_old_content":"","_et_gb_content_width":"1080","ngg_post_thumbnail":0,"footnotes":""},"class_list":["post-10177","page","type-page","status-publish","hentry"],"yoast_head":"<!-- This site is optimized with the Yoast SEO plugin v24.4 - https:\/\/yoast.com\/wordpress\/plugins\/seo\/ -->\n<title>Avulso Inicial - PL 5392\/2025 - C\u00e2mara - Legislapp<\/title>\n<meta name=\"robots\" content=\"index, follow, max-snippet:-1, max-image-preview:large, max-video-preview:-1\" \/>\n<link rel=\"canonical\" href=\"https:\/\/www.legislapp.com.br\/index.php\/avulso-inicial-pl-5392-2025-camara\/\" \/>\n<meta property=\"og:locale\" content=\"pt_BR\" \/>\n<meta property=\"og:type\" content=\"article\" \/>\n<meta property=\"og:title\" content=\"Avulso Inicial - PL 5392\/2025 - C\u00e2mara - Legislapp\" \/>\n<meta property=\"og:description\" content=\"Avulso Inicial &#8211; Autoria de Baleia Rossi PROJETO DE LEI N\u00ba ___\/2025 (Do Sr. Baleia Rossi) Cria o Cadastro Nacional que disp\u00f5e sobre a proibi\u00e7\u00e3o de liga\u00e7\u00f5es telef\u00f4nicas indesejadas originadas de n\u00fameros aleat\u00f3rios, ocultos ou n\u00e3o identific\u00e1veis, e d\u00e1 outras provid\u00eancias. O CONGRESSO NACIONAL DECRETA: Art. 1\u00ba Fica proibida, no \u00e2mbito do territ\u00f3rio nacional a [&hellip;]\" \/>\n<meta property=\"og:url\" content=\"https:\/\/www.legislapp.com.br\/index.php\/avulso-inicial-pl-5392-2025-camara\/\" \/>\n<meta property=\"og:site_name\" content=\"Legislapp\" \/>\n<meta property=\"article:publisher\" content=\"https:\/\/www.instagram.com\/legislapp\/\" \/>\n<meta property=\"og:image\" content=\"https:\/\/www.legislapp.com.br\/wp-content\/uploads\/2021\/07\/Logo-Legislapp-1-03-1.png\" \/>\n<meta name=\"twitter:card\" content=\"summary_large_image\" \/>\n<meta name=\"twitter:label1\" content=\"Est. tempo de leitura\" \/>\n\t<meta name=\"twitter:data1\" content=\"3 minutos\" \/>\n<script type=\"application\/ld+json\" class=\"yoast-schema-graph\">{\"@context\":\"https:\/\/schema.org\",\"@graph\":[{\"@type\":\"WebPage\",\"@id\":\"https:\/\/www.legislapp.com.br\/index.php\/avulso-inicial-pl-5392-2025-camara\/\",\"url\":\"https:\/\/www.legislapp.com.br\/index.php\/avulso-inicial-pl-5392-2025-camara\/\",\"name\":\"Avulso Inicial - PL 5392\/2025 - C\u00e2mara - Legislapp\",\"isPartOf\":{\"@id\":\"https:\/\/www.legislapp.com.br\/#website\"},\"primaryImageOfPage\":{\"@id\":\"https:\/\/www.legislapp.com.br\/index.php\/avulso-inicial-pl-5392-2025-camara\/#primaryimage\"},\"image\":{\"@id\":\"https:\/\/www.legislapp.com.br\/index.php\/avulso-inicial-pl-5392-2025-camara\/#primaryimage\"},\"thumbnailUrl\":\"https:\/\/www.legislapp.com.br\/wp-content\/uploads\/2021\/07\/Logo-Legislapp-1-03-1.png\",\"datePublished\":\"2025-12-01T14:04:29+00:00\",\"breadcrumb\":{\"@id\":\"https:\/\/www.legislapp.com.br\/index.php\/avulso-inicial-pl-5392-2025-camara\/#breadcrumb\"},\"inLanguage\":\"pt-BR\",\"potentialAction\":[{\"@type\":\"ReadAction\",\"target\":[\"https:\/\/www.legislapp.com.br\/index.php\/avulso-inicial-pl-5392-2025-camara\/\"]}]},{\"@type\":\"ImageObject\",\"inLanguage\":\"pt-BR\",\"@id\":\"https:\/\/www.legislapp.com.br\/index.php\/avulso-inicial-pl-5392-2025-camara\/#primaryimage\",\"url\":\"https:\/\/www.legislapp.com.br\/wp-content\/uploads\/2021\/07\/Logo-Legislapp-1-03-1.png\",\"contentUrl\":\"https:\/\/www.legislapp.com.br\/wp-content\/uploads\/2021\/07\/Logo-Legislapp-1-03-1.png\",\"width\":2679,\"height\":2697},{\"@type\":\"BreadcrumbList\",\"@id\":\"https:\/\/www.legislapp.com.br\/index.php\/avulso-inicial-pl-5392-2025-camara\/#breadcrumb\",\"itemListElement\":[{\"@type\":\"ListItem\",\"position\":1,\"name\":\"In\u00edcio\",\"item\":\"https:\/\/www.legislapp.com.br\/\"},{\"@type\":\"ListItem\",\"position\":2,\"name\":\"Avulso Inicial &#8211; PL 5392\/2025 &#8211; C\u00e2mara\"}]},{\"@type\":\"WebSite\",\"@id\":\"https:\/\/www.legislapp.com.br\/#website\",\"url\":\"https:\/\/www.legislapp.com.br\/\",\"name\":\"Legislapp\",\"description\":\"Intelig\u00eancia governamental em tempo real\",\"publisher\":{\"@id\":\"https:\/\/www.legislapp.com.br\/#organization\"},\"potentialAction\":[{\"@type\":\"SearchAction\",\"target\":{\"@type\":\"EntryPoint\",\"urlTemplate\":\"https:\/\/www.legislapp.com.br\/?s={search_term_string}\"},\"query-input\":{\"@type\":\"PropertyValueSpecification\",\"valueRequired\":true,\"valueName\":\"search_term_string\"}}],\"inLanguage\":\"pt-BR\"},{\"@type\":\"Organization\",\"@id\":\"https:\/\/www.legislapp.com.br\/#organization\",\"name\":\"Legislapp Monitoramento e Intelig\u00eancia Governamental\",\"url\":\"https:\/\/www.legislapp.com.br\/\",\"logo\":{\"@type\":\"ImageObject\",\"inLanguage\":\"pt-BR\",\"@id\":\"https:\/\/www.legislapp.com.br\/#\/schema\/logo\/image\/\",\"url\":\"https:\/\/www.legislapp.com.br\/wp-content\/uploads\/icon.png\",\"contentUrl\":\"https:\/\/www.legislapp.com.br\/wp-content\/uploads\/icon.png\",\"width\":1024,\"height\":1024,\"caption\":\"Legislapp Monitoramento e Intelig\u00eancia Governamental\"},\"image\":{\"@id\":\"https:\/\/www.legislapp.com.br\/#\/schema\/logo\/image\/\"},\"sameAs\":[\"https:\/\/www.instagram.com\/legislapp\/\"]}]}<\/script>\n<!-- \/ Yoast SEO plugin. -->","yoast_head_json":{"title":"Avulso Inicial - PL 5392\/2025 - C\u00e2mara - Legislapp","robots":{"index":"index","follow":"follow","max-snippet":"max-snippet:-1","max-image-preview":"max-image-preview:large","max-video-preview":"max-video-preview:-1"},"canonical":"https:\/\/www.legislapp.com.br\/index.php\/avulso-inicial-pl-5392-2025-camara\/","og_locale":"pt_BR","og_type":"article","og_title":"Avulso Inicial - PL 5392\/2025 - C\u00e2mara - Legislapp","og_description":"Avulso Inicial &#8211; Autoria de Baleia Rossi PROJETO DE LEI N\u00ba ___\/2025 (Do Sr. Baleia Rossi) Cria o Cadastro Nacional que disp\u00f5e sobre a proibi\u00e7\u00e3o de liga\u00e7\u00f5es telef\u00f4nicas indesejadas originadas de n\u00fameros aleat\u00f3rios, ocultos ou n\u00e3o identific\u00e1veis, e d\u00e1 outras provid\u00eancias. O CONGRESSO NACIONAL DECRETA: Art. 1\u00ba Fica proibida, no \u00e2mbito do territ\u00f3rio nacional a [&hellip;]","og_url":"https:\/\/www.legislapp.com.br\/index.php\/avulso-inicial-pl-5392-2025-camara\/","og_site_name":"Legislapp","article_publisher":"https:\/\/www.instagram.com\/legislapp\/","og_image":[{"url":"https:\/\/www.legislapp.com.br\/wp-content\/uploads\/2021\/07\/Logo-Legislapp-1-03-1.png","type":"","width":"","height":""}],"twitter_card":"summary_large_image","twitter_misc":{"Est. tempo de leitura":"3 minutos"},"schema":{"@context":"https:\/\/schema.org","@graph":[{"@type":"WebPage","@id":"https:\/\/www.legislapp.com.br\/index.php\/avulso-inicial-pl-5392-2025-camara\/","url":"https:\/\/www.legislapp.com.br\/index.php\/avulso-inicial-pl-5392-2025-camara\/","name":"Avulso Inicial - PL 5392\/2025 - C\u00e2mara - Legislapp","isPartOf":{"@id":"https:\/\/www.legislapp.com.br\/#website"},"primaryImageOfPage":{"@id":"https:\/\/www.legislapp.com.br\/index.php\/avulso-inicial-pl-5392-2025-camara\/#primaryimage"},"image":{"@id":"https:\/\/www.legislapp.com.br\/index.php\/avulso-inicial-pl-5392-2025-camara\/#primaryimage"},"thumbnailUrl":"https:\/\/www.legislapp.com.br\/wp-content\/uploads\/2021\/07\/Logo-Legislapp-1-03-1.png","datePublished":"2025-12-01T14:04:29+00:00","breadcrumb":{"@id":"https:\/\/www.legislapp.com.br\/index.php\/avulso-inicial-pl-5392-2025-camara\/#breadcrumb"},"inLanguage":"pt-BR","potentialAction":[{"@type":"ReadAction","target":["https:\/\/www.legislapp.com.br\/index.php\/avulso-inicial-pl-5392-2025-camara\/"]}]},{"@type":"ImageObject","inLanguage":"pt-BR","@id":"https:\/\/www.legislapp.com.br\/index.php\/avulso-inicial-pl-5392-2025-camara\/#primaryimage","url":"https:\/\/www.legislapp.com.br\/wp-content\/uploads\/2021\/07\/Logo-Legislapp-1-03-1.png","contentUrl":"https:\/\/www.legislapp.com.br\/wp-content\/uploads\/2021\/07\/Logo-Legislapp-1-03-1.png","width":2679,"height":2697},{"@type":"BreadcrumbList","@id":"https:\/\/www.legislapp.com.br\/index.php\/avulso-inicial-pl-5392-2025-camara\/#breadcrumb","itemListElement":[{"@type":"ListItem","position":1,"name":"In\u00edcio","item":"https:\/\/www.legislapp.com.br\/"},{"@type":"ListItem","position":2,"name":"Avulso Inicial &#8211; PL 5392\/2025 &#8211; C\u00e2mara"}]},{"@type":"WebSite","@id":"https:\/\/www.legislapp.com.br\/#website","url":"https:\/\/www.legislapp.com.br\/","name":"Legislapp","description":"Intelig\u00eancia governamental em tempo real","publisher":{"@id":"https:\/\/www.legislapp.com.br\/#organization"},"potentialAction":[{"@type":"SearchAction","target":{"@type":"EntryPoint","urlTemplate":"https:\/\/www.legislapp.com.br\/?s={search_term_string}"},"query-input":{"@type":"PropertyValueSpecification","valueRequired":true,"valueName":"search_term_string"}}],"inLanguage":"pt-BR"},{"@type":"Organization","@id":"https:\/\/www.legislapp.com.br\/#organization","name":"Legislapp Monitoramento e Intelig\u00eancia Governamental","url":"https:\/\/www.legislapp.com.br\/","logo":{"@type":"ImageObject","inLanguage":"pt-BR","@id":"https:\/\/www.legislapp.com.br\/#\/schema\/logo\/image\/","url":"https:\/\/www.legislapp.com.br\/wp-content\/uploads\/icon.png","contentUrl":"https:\/\/www.legislapp.com.br\/wp-content\/uploads\/icon.png","width":1024,"height":1024,"caption":"Legislapp Monitoramento e Intelig\u00eancia Governamental"},"image":{"@id":"https:\/\/www.legislapp.com.br\/#\/schema\/logo\/image\/"},"sameAs":["https:\/\/www.instagram.com\/legislapp\/"]}]}},"_links":{"self":[{"href":"https:\/\/www.legislapp.com.br\/index.php\/wp-json\/wp\/v2\/pages\/10177","targetHints":{"allow":["GET"]}}],"collection":[{"href":"https:\/\/www.legislapp.com.br\/index.php\/wp-json\/wp\/v2\/pages"}],"about":[{"href":"https:\/\/www.legislapp.com.br\/index.php\/wp-json\/wp\/v2\/types\/page"}],"author":[{"embeddable":true,"href":"https:\/\/www.legislapp.com.br\/index.php\/wp-json\/wp\/v2\/users\/1"}],"replies":[{"embeddable":true,"href":"https:\/\/www.legislapp.com.br\/index.php\/wp-json\/wp\/v2\/comments?post=10177"}],"version-history":[{"count":0,"href":"https:\/\/www.legislapp.com.br\/index.php\/wp-json\/wp\/v2\/pages\/10177\/revisions"}],"wp:attachment":[{"href":"https:\/\/www.legislapp.com.br\/index.php\/wp-json\/wp\/v2\/media?parent=10177"}],"curies":[{"name":"wp","href":"https:\/\/api.w.org\/{rel}","templated":true}]}}