{"id":10187,"date":"2025-12-01T11:05:00","date_gmt":"2025-12-01T14:05:00","guid":{"rendered":"https:\/\/www.legislapp.com.br\/index.php\/avulso-inicial-pl-4118-2025-camara\/"},"modified":"2025-12-01T11:05:00","modified_gmt":"2025-12-01T14:05:00","slug":"avulso-inicial-pl-4118-2025-camara","status":"publish","type":"page","link":"https:\/\/www.legislapp.com.br\/index.php\/avulso-inicial-pl-4118-2025-camara\/","title":{"rendered":"Avulso Inicial &#8211; PL 4118\/2025 &#8211; C\u00e2mara"},"content":{"rendered":"<h1 style='text-align: center;'>Avulso Inicial &#8211; Autoria de Pedro Aihara<\/h3>\n<p><\/p>\n<article>C\u00c2MARA DOS DEPUTADOS<br \/>\nGabinete Dep. Federal PEDRO AIHARA &#8211; MG<br \/>\nPROJETO DE LEI N\u00ba          DE 2025.<br \/>\n(do Sr. PEDRO AIHARA)<br \/>\nAltera o Art. 32 da Lei n\u00ba 9.605, de<br \/>\n12 de fevereiro de 1998, para agravar as<br \/>\npenas cominadas aos crimes de maus-<br \/>\ntratos contra animais e incluir a<br \/>\ncriminaliza\u00e7\u00e3o da filmagem e divulga\u00e7\u00e3o<br \/>\nde tais atos.<br \/>\nO Congresso Nacional decreta:<br \/>\nArt. 1\u00ba O Art. 32 da Lei n\u00ba 9.605, de 12 de fevereiro de 1998, passa a<br \/>\nvigorar com as seguintes altera\u00e7\u00f5es:<br \/>\n&#8220;Art. 32&#8230;&#8230;&#8230;&#8230;&#8230;&#8230;&#8230;&#8230;&#8230;&#8230;&#8230;&#8230;&#8230;&#8230;&#8230;&#8230;&#8230;&#8230;&#8230;&#8230;&#8230;&#8230;&#8230;&#8230;&#8230;&#8230;&#8230;&#8230;&#8230;&#8230;&#8230;&#8230;.<br \/>\nPena &#8211; reclus\u00e3o, de 1 (um) a 3 (tr\u00eas) anos, e multa.<br \/>\n&#8230;&#8230;&#8230;&#8230;&#8230;&#8230;&#8230;&#8230;&#8230;&#8230;&#8230;&#8230;&#8230;&#8230;&#8230;&#8230;&#8230;&#8230;&#8230;&#8230;&#8230;&#8230;&#8230;&#8230;&#8230;&#8230;&#8230;&#8230;&#8230;&#8230;&#8230;&#8230;&#8230;<br \/>\n\u00a7 3\u00ba A pena \u00e9 aumentada de um ter\u00e7o \u00e0 metade se os delitos previstos<br \/>\nneste artigo forem filmados, fotografados ou registrados por qualquer<br \/>\nmeio audiovisual, e\/ou se o material que contenha cenas das praticas<br \/>\ndo caput deste artigo for divulgado, por qualquer meio, inclusive em<br \/>\nredes sociais, com o intuito de incitar, promover ou glorificar tais<br \/>\ncondutas.\u201d<br \/>\nArt. 2\u00ba Esta Lei entra em vigor na data de sua publica\u00e7\u00e3o.<br \/>\nJUSTIFICA\u00c7\u00c3O<br \/>\nA crescente conscientiza\u00e7\u00e3o sobre o bem-estar animal impulsiona a<br \/>\nsociedade a demandar respostas mais rigorosas do poder p\u00fablico frente aos atos de<br \/>\ncrueldade. Casos chocantes de maus-tratos, como o recente incidente em Bananal,<br \/>\nS\u00e3o Paulo, onde um cavalo foi brutalmente mutilado, evidenciam a urg\u00eancia de<br \/>\naprimorar a legisla\u00e7\u00e3o existente. Embora a Lei n\u00ba 9.605, de 12 de fevereiro de 1998<br \/>\n(Lei de Crimes Ambientais), j\u00e1 preveja san\u00e7\u00f5es para abuso, maus-tratos, ferimento ou<br \/>\nPara verificar a assinatura, acesse https:\/\/infoleg-autenticidade-assinatura.camara.leg.br\/CD256250477300<br \/>\nAssinado eletronicamente pelo(a) Dep. Pedro Aihara<br \/>\nApresenta\u00e7\u00e3o: 20\/08\/2025 11:15:14.237 &#8211; Mesa<br \/>\n*CD256250477300* PL n.4118\/2025<br \/>C\u00c2MARA DOS DEPUTADOS<br \/>\nGabinete Dep. Federal PEDRO AIHARA &#8211; MG<br \/>\nmutila\u00e7\u00e3o de animais, a pena atual de deten\u00e7\u00e3o de tr\u00eas meses a um ano, e multa,<br \/>\nmostra-se branda diante da gravidade de certas condutas, especialmente aquelas que<br \/>\nresultam em morte ou que s\u00e3o perpetradas e divulgadas com requintes de crueldade,<br \/>\nmuitas vezes viralizando em plataformas digitais.<br \/>\nEste projeto de lei visa, portanto, agravar a pena para os crimes de<br \/>\nmaus-tratos a animais, elevando-a para reclus\u00e3o de 1 (um) a 3 (tr\u00eas) anos. Al\u00e9m disso,<br \/>\ninclui uma qualificadora espec\u00edfica para os casos em que os delitos forem filmados,<br \/>\nfotografados ou registrados por qualquer meio audiovisual, e\/ou se o material que<br \/>\ncontenha cenas de abuso, maus-tratos, ferimento ou mutila\u00e7\u00e3o de animais for<br \/>\ndivulgado, por qualquer meio, inclusive em redes sociais, com o intuito de incitar,<br \/>\npromover ou glorificar tais condutas. Tais altera\u00e7\u00f5es s\u00e3o fundamentais para alinhar a<br \/>\nlegisla\u00e7\u00e3o brasileira \u00e0s demandas sociais e \u00e0s pr\u00e1ticas de pa\u00edses que j\u00e1 reconhecem a<br \/>\ngravidade desses crimes.<br \/>\nOs n\u00fameros de maus-tratos e abandono de animais no Brasil s\u00e3o<br \/>\nalarmantes e demonstram a dimens\u00e3o do problema. Em 2023, o pa\u00eds registrou cerca<br \/>\nde 184.960 animais abandonados ou resgatados por maus-tratos sob a tutela de<br \/>\norganiza\u00e7\u00f5es n\u00e3o governamentais (ONGs). Estima-se que mais de 30 milh\u00f5es de<br \/>\nanimais, entre c\u00e3es e gatos, vivam em situa\u00e7\u00e3o de abandono no pa\u00eds. O crescimento<br \/>\ndas ocorr\u00eancias \u00e9 not\u00e1vel: em 2024, foram registradas 420 ocorr\u00eancias de maus-tratos<br \/>\na animais no Esp\u00edrito Santo, um aumento de 8% em rela\u00e7\u00e3o a 2023. No Rio de Janeiro,<br \/>\nforam 930 casos em 2024, com uma m\u00e9dia de duas ocorr\u00eancias por dia. Os casos<br \/>\nvariam desde neglig\u00eancia at\u00e9 atos de extrema viol\u00eancia, como espancamentos e<br \/>\nmutila\u00e7\u00f5es. A morte do animal, como no caso do cavalo em Bananal, \u00e9 um agravante<br \/>\nque, embora previsto, necessita de uma resposta penal mais severa. Esses dados<br \/>\nsublinham a necessidade de uma legisla\u00e7\u00e3o mais eficaz que n\u00e3o apenas puna, mas<br \/>\ntamb\u00e9m atue como um forte inibidor para a pr\u00e1tica de tais crimes. A pena atual de<br \/>\ndeten\u00e7\u00e3o, que permite o cumprimento em regime semiaberto ou aberto, muitas vezes<br \/>\nn\u00e3o reflete a reprovabilidade social da conduta e a dor infligida aos animais.<br \/>\nPara verificar a assinatura, acesse https:\/\/infoleg-autenticidade-assinatura.camara.leg.br\/CD256250477300<br \/>\nAssinado eletronicamente pelo(a) Dep. Pedro Aihara<br \/>\nApresenta\u00e7\u00e3o: 20\/08\/2025 11:15:14.237 &#8211; Mesa<br \/>\n*CD256250477300* PL n.4118\/2025<br \/>C\u00c2MARA DOS DEPUTADOS<br \/>\nGabinete Dep. Federal PEDRO AIHARA &#8211; MG<br \/>\nA era digital trouxe consigo um fen\u00f4meno preocupante: a filmagem e a<br \/>\ndivulga\u00e7\u00e3o de atos de crueldade contra animais em redes sociais. Embora, em alguns<br \/>\ncasos, a divulga\u00e7\u00e3o possa ter o intuito de denunciar, h\u00e1 uma crescente tend\u00eancia de<br \/>\nuso dessas plataformas para incitar, promover ou at\u00e9 mesmo glorificar a viol\u00eancia<br \/>\nanimal. V\u00eddeos e imagens de maus-tratos viralizam, expondo a crueldade a um p\u00fablico<br \/>\nvasto e, em alguns casos, incentivando a repeti\u00e7\u00e3o de tais atos por indiv\u00edduos que<br \/>\nbuscam notoriedade ou que se sentem impunes. Essa exposi\u00e7\u00e3o banaliza a viol\u00eancia,<br \/>\ndessensibiliza a sociedade e, o que \u00e9 mais grave, pode servir como um manual para a<br \/>\npr\u00e1tica de novos crimes. A facilidade de acesso e compartilhamento dessas imagens<br \/>\namplifica o dano, transformando a v\u00edtima animal em mero espet\u00e1culo e o agressor em<br \/>\num potencial espectador ou imitador. A inclus\u00e3o de uma qualificadora espec\u00edfica para a<br \/>\nfilmagem e divulga\u00e7\u00e3o desses atos \u00e9 crucial para coibir essa pr\u00e1tica e responsabilizar<br \/>\naqueles que utilizam as plataformas digitais para disseminar a crueldade,<br \/>\ntransformando-as em ferramentas para a perpetua\u00e7\u00e3o da viol\u00eancia.<br \/>\nDiversos pa\u00edses ao redor do mundo t\u00eam reconhecido a gravidade dos<br \/>\ncrimes contra animais e implementado legisla\u00e7\u00f5es mais rigorosas, inclusive com penas<br \/>\nde reclus\u00e3o e agravantes para a divulga\u00e7\u00e3o de maus-tratos. Essa tend\u00eancia global<br \/>\nreflete uma evolu\u00e7\u00e3o na compreens\u00e3o do status dos animais como seres sencientes e<br \/>\na necessidade de prote\u00e7\u00e3o legal robusta. Nos Estados Unidos, a Lei de Preven\u00e7\u00e3o da<br \/>\nCrueldade Animal e Tortura (PACT Act), sancionada em 2019, tornou a crueldade<br \/>\nanimal um crime federal, com penas que variam de multas a at\u00e9 7 anos de pris\u00e3o e<br \/>\ncriminaliza a cria\u00e7\u00e3o e distribui\u00e7\u00e3o de v\u00eddeos de luta de animais e outros atos de<br \/>\ncrueldade. O Reino Unido, com sua Lei de Bem-Estar Animal de 2006, prev\u00ea penas de<br \/>\nat\u00e9 5 anos de pris\u00e3o para os casos mais graves, e a divulga\u00e7\u00e3o de material que<br \/>\npromova ou glorifique a crueldade animal tamb\u00e9m \u00e9 tratada com seriedade. A<br \/>\nAlemanha, por meio do Artigo 17 da Tierschutzgesetz, imp\u00f5e penas de at\u00e9 3 anos de<br \/>\npris\u00e3o ou multas substanciais para quem causar dor ou sofrimento significativo a um<br \/>\nanimal, considerando a divulga\u00e7\u00e3o de atos de crueldade como um agravante. No<br \/>\nCanad\u00e1, o C\u00f3digo Penal prev\u00ea penas de at\u00e9 5 anos de pris\u00e3o para crimes graves<br \/>\ncontra animais, com a jurisprud\u00eancia aplicando penas mais severas em casos de<br \/>\nPara verificar a assinatura, acesse https:\/\/infoleg-autenticidade-assinatura.camara.leg.br\/CD256250477300<br \/>\nAssinado eletronicamente pelo(a) Dep. Pedro Aihara<br \/>\nApresenta\u00e7\u00e3o: 20\/08\/2025 11:15:14.237 &#8211; Mesa<br \/>\n*CD256250477300* PL n.4118\/2025<br \/>C\u00c2MARA DOS DEPUTADOS<br \/>\nGabinete Dep. Federal PEDRO AIHARA &#8211; MG<br \/>\nviol\u00eancia extrema ou quando h\u00e1 divulga\u00e7\u00e3o de imagens. Na Austr\u00e1lia, a legisla\u00e7\u00e3o<br \/>\nestadual e territorial prev\u00ea penas significativas, como 5 anos de pris\u00e3o e multas<br \/>\nelevadas em Nova Gales do Sul, e a divulga\u00e7\u00e3o de material de crueldade animal \u00e9<br \/>\nconsiderada uma ofensa grave. Esses exemplos demonstram que a tend\u00eancia global \u00e9<br \/>\nde endurecimento das penas para crimes contra animais, reconhecendo a necessidade<br \/>\nde proteger seres sencientes e coibir a dissemina\u00e7\u00e3o de viol\u00eancia. A proposta de<br \/>\naltera\u00e7\u00e3o do Art. 32 da Lei n\u00ba 9.605\/98 alinha o Brasil a essa tend\u00eancia internacional,<br \/>\nfortalecendo a prote\u00e7\u00e3o animal e aprimorando a resposta penal a esses delitos.<br \/>\nDiante do exposto, a altera\u00e7\u00e3o proposta para o Art. 32 da Lei n\u00ba<br \/>\n9.605\/98 \u00e9 uma medida necess\u00e1ria e urgente para combater os crescentes casos de<br \/>\nmaus-tratos a animais no Brasil. O aumento da pena para reclus\u00e3o de 1 (um) a 3 (tr\u00eas)<br \/>\nanos e a inclus\u00e3o da qualificadora para a filmagem e divulga\u00e7\u00e3o de atos de crueldade<br \/>\nrefletem a gravidade desses crimes e a necessidade de uma resposta penal mais<br \/>\neficaz.<br \/>\nEsta proposta legislativa n\u00e3o apenas visa punir os agressores de forma<br \/>\nmais proporcional \u00e0 gravidade de seus atos, mas tamb\u00e9m busca inibir a pr\u00e1tica de tais<br \/>\ncrimes e a dissemina\u00e7\u00e3o de conte\u00fado violento, protegendo a integridade dos animais e<br \/>\npromovendo uma cultura de respeito e compaix\u00e3o. Ao alinhar a legisla\u00e7\u00e3o brasileira \u00e0s<br \/>\nmelhores pr\u00e1ticas internacionais, o Brasil reafirma seu compromisso com o bem-estar<br \/>\nanimal e com a constru\u00e7\u00e3o de uma sociedade mais justa e \u00e9tica.<br \/>\nSala das Sess\u00f5es, em        de                     de 2025<br \/>\n     PEDRO AIHARA<br \/>\n     Deputado Federal<br \/>\nPara verificar a assinatura, acesse https:\/\/infoleg-autenticidade-assinatura.camara.leg.br\/CD256250477300<br \/>\nAssinado eletronicamente pelo(a) Dep. Pedro Aihara<br \/>\nApresenta\u00e7\u00e3o: 20\/08\/2025 11:15:14.237 &#8211; Mesa<br \/>\n*CD256250477300* PL n.4118\/2025<\/article>\n<p><a href='https:\/\/app.legislapp.com.br\/#\/busca?termo=Altera\u00e7\u00e3o'>Altera\u00e7\u00e3o<\/a>, <a href='https:\/\/app.legislapp.com.br\/#\/busca?termo=Lei dos Crimes Ambientais (1998)'>Lei dos Crimes Ambientais (1998)<\/a>, <a href='https:\/\/app.legislapp.com.br\/#\/busca?termo=Agrava\u00e7\u00e3o penal'>Agrava\u00e7\u00e3o penal<\/a>, <a href='https:\/\/app.legislapp.com.br\/#\/busca?termo=maus-tratos'>maus-tratos<\/a>, <a href='https:\/\/app.legislapp.com.br\/#\/busca?termo=animal'>animal<\/a>, <a href='https:\/\/app.legislapp.com.br\/#\/busca?termo=aumento da pena'>aumento da pena<\/a>, <a href='https:\/\/app.legislapp.com.br\/#\/busca?termo=filmagem'>filmagem<\/a>, <a href='https:\/\/app.legislapp.com.br\/#\/busca?termo=divulga\u00e7\u00e3o'>divulga\u00e7\u00e3o<\/a>, <a href='https:\/\/app.legislapp.com.br\/#\/busca?termo=rede social.'>rede social.<\/a><\/p>\n<div style=\"text-align: center\">\n      <img decoding=\"async\" style=\"width: 14%;\" src=\"https:\/\/www.legislapp.com.br\/wp-content\/uploads\/2021\/07\/Logo-Legislapp-1-03-1.png\"><br \/>\n      <\/p>\n<div style=\"margin-bottom: 20px;\" class=\"et_pb_button_module_wrapper et_pb_button_5_tb_body_wrapper et_pb_button_alignment_center et_pb_module \">\n         <a class=\"et_pb_button et_pb_button_5_tb_body et_hover_enabled et_pb_bg_layout_dark\" style=\"width: 50%;background-color: black;\" href=\"https:\/\/app.legislapp.com.br\" target=\"_blank\" rel=\"noopener\">Visualizar completo na nossa plataforma (30 dias gr\u00e1tis)<\/a><\/p><\/div>\n<p>      <a href=\"https:\/\/play.google.com\/store\/apps\/details?id=br.com.legislapp\"><img decoding=\"async\" style=\"width: 15%; min-width: 130px;\" src=\"https:\/\/www.legislapp.com.br\/wp-content\/uploads\/google-play.png\"><\/a><br \/>\n      <a href=\"https:\/\/apps.apple.com\/us\/app\/legislapp\/id1568929859\"><img decoding=\"async\" style=\"width: 15%; min-width: 130px\" src=\"https:\/\/www.legislapp.com.br\/wp-content\/uploads\/apple-store.png\"><\/a>\n   <\/div>\n","protected":false},"excerpt":{"rendered":"<p>Avulso Inicial &#8211; Autoria de Pedro Aihara C\u00c2MARA DOS DEPUTADOS Gabinete Dep. Federal PEDRO AIHARA &#8211; MG PROJETO DE LEI N\u00ba DE 2025. (do Sr. PEDRO AIHARA) Altera o Art. 32 da Lei n\u00ba 9.605, de 12 de fevereiro de 1998, para agravar as penas cominadas aos crimes de maus- tratos contra animais e incluir [&hellip;]<\/p>\n","protected":false},"author":1,"featured_media":0,"parent":0,"menu_order":0,"comment_status":"closed","ping_status":"closed","template":"page-template-blank.php","meta":{"_et_pb_use_builder":"","_et_pb_old_content":"","_et_gb_content_width":"1080","ngg_post_thumbnail":0,"footnotes":""},"class_list":["post-10187","page","type-page","status-publish","hentry"],"yoast_head":"<!-- This site is optimized with the Yoast SEO plugin v24.4 - https:\/\/yoast.com\/wordpress\/plugins\/seo\/ -->\n<title>Avulso Inicial - PL 4118\/2025 - C\u00e2mara - Legislapp<\/title>\n<meta name=\"robots\" content=\"index, follow, max-snippet:-1, max-image-preview:large, max-video-preview:-1\" \/>\n<link rel=\"canonical\" href=\"https:\/\/www.legislapp.com.br\/index.php\/avulso-inicial-pl-4118-2025-camara\/\" \/>\n<meta property=\"og:locale\" content=\"pt_BR\" \/>\n<meta property=\"og:type\" content=\"article\" \/>\n<meta property=\"og:title\" content=\"Avulso Inicial - PL 4118\/2025 - C\u00e2mara - Legislapp\" \/>\n<meta property=\"og:description\" content=\"Avulso Inicial &#8211; Autoria de Pedro Aihara C\u00c2MARA DOS DEPUTADOS Gabinete Dep. Federal PEDRO AIHARA &#8211; MG PROJETO DE LEI N\u00ba DE 2025. (do Sr. PEDRO AIHARA) Altera o Art. 32 da Lei n\u00ba 9.605, de 12 de fevereiro de 1998, para agravar as penas cominadas aos crimes de maus- tratos contra animais e incluir [&hellip;]\" \/>\n<meta property=\"og:url\" content=\"https:\/\/www.legislapp.com.br\/index.php\/avulso-inicial-pl-4118-2025-camara\/\" \/>\n<meta property=\"og:site_name\" content=\"Legislapp\" \/>\n<meta property=\"article:publisher\" content=\"https:\/\/www.instagram.com\/legislapp\/\" \/>\n<meta property=\"og:image\" content=\"https:\/\/www.legislapp.com.br\/wp-content\/uploads\/2021\/07\/Logo-Legislapp-1-03-1.png\" \/>\n<meta name=\"twitter:card\" content=\"summary_large_image\" \/>\n<meta name=\"twitter:label1\" content=\"Est. tempo de leitura\" \/>\n\t<meta name=\"twitter:data1\" content=\"7 minutos\" \/>\n<script type=\"application\/ld+json\" class=\"yoast-schema-graph\">{\"@context\":\"https:\/\/schema.org\",\"@graph\":[{\"@type\":\"WebPage\",\"@id\":\"https:\/\/www.legislapp.com.br\/index.php\/avulso-inicial-pl-4118-2025-camara\/\",\"url\":\"https:\/\/www.legislapp.com.br\/index.php\/avulso-inicial-pl-4118-2025-camara\/\",\"name\":\"Avulso Inicial - PL 4118\/2025 - C\u00e2mara - Legislapp\",\"isPartOf\":{\"@id\":\"https:\/\/www.legislapp.com.br\/#website\"},\"primaryImageOfPage\":{\"@id\":\"https:\/\/www.legislapp.com.br\/index.php\/avulso-inicial-pl-4118-2025-camara\/#primaryimage\"},\"image\":{\"@id\":\"https:\/\/www.legislapp.com.br\/index.php\/avulso-inicial-pl-4118-2025-camara\/#primaryimage\"},\"thumbnailUrl\":\"https:\/\/www.legislapp.com.br\/wp-content\/uploads\/2021\/07\/Logo-Legislapp-1-03-1.png\",\"datePublished\":\"2025-12-01T14:05:00+00:00\",\"breadcrumb\":{\"@id\":\"https:\/\/www.legislapp.com.br\/index.php\/avulso-inicial-pl-4118-2025-camara\/#breadcrumb\"},\"inLanguage\":\"pt-BR\",\"potentialAction\":[{\"@type\":\"ReadAction\",\"target\":[\"https:\/\/www.legislapp.com.br\/index.php\/avulso-inicial-pl-4118-2025-camara\/\"]}]},{\"@type\":\"ImageObject\",\"inLanguage\":\"pt-BR\",\"@id\":\"https:\/\/www.legislapp.com.br\/index.php\/avulso-inicial-pl-4118-2025-camara\/#primaryimage\",\"url\":\"https:\/\/www.legislapp.com.br\/wp-content\/uploads\/2021\/07\/Logo-Legislapp-1-03-1.png\",\"contentUrl\":\"https:\/\/www.legislapp.com.br\/wp-content\/uploads\/2021\/07\/Logo-Legislapp-1-03-1.png\",\"width\":2679,\"height\":2697},{\"@type\":\"BreadcrumbList\",\"@id\":\"https:\/\/www.legislapp.com.br\/index.php\/avulso-inicial-pl-4118-2025-camara\/#breadcrumb\",\"itemListElement\":[{\"@type\":\"ListItem\",\"position\":1,\"name\":\"In\u00edcio\",\"item\":\"https:\/\/www.legislapp.com.br\/\"},{\"@type\":\"ListItem\",\"position\":2,\"name\":\"Avulso Inicial &#8211; PL 4118\/2025 &#8211; C\u00e2mara\"}]},{\"@type\":\"WebSite\",\"@id\":\"https:\/\/www.legislapp.com.br\/#website\",\"url\":\"https:\/\/www.legislapp.com.br\/\",\"name\":\"Legislapp\",\"description\":\"Intelig\u00eancia governamental em tempo real\",\"publisher\":{\"@id\":\"https:\/\/www.legislapp.com.br\/#organization\"},\"potentialAction\":[{\"@type\":\"SearchAction\",\"target\":{\"@type\":\"EntryPoint\",\"urlTemplate\":\"https:\/\/www.legislapp.com.br\/?s={search_term_string}\"},\"query-input\":{\"@type\":\"PropertyValueSpecification\",\"valueRequired\":true,\"valueName\":\"search_term_string\"}}],\"inLanguage\":\"pt-BR\"},{\"@type\":\"Organization\",\"@id\":\"https:\/\/www.legislapp.com.br\/#organization\",\"name\":\"Legislapp Monitoramento e Intelig\u00eancia Governamental\",\"url\":\"https:\/\/www.legislapp.com.br\/\",\"logo\":{\"@type\":\"ImageObject\",\"inLanguage\":\"pt-BR\",\"@id\":\"https:\/\/www.legislapp.com.br\/#\/schema\/logo\/image\/\",\"url\":\"https:\/\/www.legislapp.com.br\/wp-content\/uploads\/icon.png\",\"contentUrl\":\"https:\/\/www.legislapp.com.br\/wp-content\/uploads\/icon.png\",\"width\":1024,\"height\":1024,\"caption\":\"Legislapp Monitoramento e Intelig\u00eancia Governamental\"},\"image\":{\"@id\":\"https:\/\/www.legislapp.com.br\/#\/schema\/logo\/image\/\"},\"sameAs\":[\"https:\/\/www.instagram.com\/legislapp\/\"]}]}<\/script>\n<!-- \/ Yoast SEO plugin. -->","yoast_head_json":{"title":"Avulso Inicial - PL 4118\/2025 - C\u00e2mara - Legislapp","robots":{"index":"index","follow":"follow","max-snippet":"max-snippet:-1","max-image-preview":"max-image-preview:large","max-video-preview":"max-video-preview:-1"},"canonical":"https:\/\/www.legislapp.com.br\/index.php\/avulso-inicial-pl-4118-2025-camara\/","og_locale":"pt_BR","og_type":"article","og_title":"Avulso Inicial - PL 4118\/2025 - C\u00e2mara - Legislapp","og_description":"Avulso Inicial &#8211; Autoria de Pedro Aihara C\u00c2MARA DOS DEPUTADOS Gabinete Dep. Federal PEDRO AIHARA &#8211; MG PROJETO DE LEI N\u00ba DE 2025. (do Sr. PEDRO AIHARA) Altera o Art. 32 da Lei n\u00ba 9.605, de 12 de fevereiro de 1998, para agravar as penas cominadas aos crimes de maus- tratos contra animais e incluir [&hellip;]","og_url":"https:\/\/www.legislapp.com.br\/index.php\/avulso-inicial-pl-4118-2025-camara\/","og_site_name":"Legislapp","article_publisher":"https:\/\/www.instagram.com\/legislapp\/","og_image":[{"url":"https:\/\/www.legislapp.com.br\/wp-content\/uploads\/2021\/07\/Logo-Legislapp-1-03-1.png","type":"","width":"","height":""}],"twitter_card":"summary_large_image","twitter_misc":{"Est. tempo de leitura":"7 minutos"},"schema":{"@context":"https:\/\/schema.org","@graph":[{"@type":"WebPage","@id":"https:\/\/www.legislapp.com.br\/index.php\/avulso-inicial-pl-4118-2025-camara\/","url":"https:\/\/www.legislapp.com.br\/index.php\/avulso-inicial-pl-4118-2025-camara\/","name":"Avulso Inicial - PL 4118\/2025 - C\u00e2mara - Legislapp","isPartOf":{"@id":"https:\/\/www.legislapp.com.br\/#website"},"primaryImageOfPage":{"@id":"https:\/\/www.legislapp.com.br\/index.php\/avulso-inicial-pl-4118-2025-camara\/#primaryimage"},"image":{"@id":"https:\/\/www.legislapp.com.br\/index.php\/avulso-inicial-pl-4118-2025-camara\/#primaryimage"},"thumbnailUrl":"https:\/\/www.legislapp.com.br\/wp-content\/uploads\/2021\/07\/Logo-Legislapp-1-03-1.png","datePublished":"2025-12-01T14:05:00+00:00","breadcrumb":{"@id":"https:\/\/www.legislapp.com.br\/index.php\/avulso-inicial-pl-4118-2025-camara\/#breadcrumb"},"inLanguage":"pt-BR","potentialAction":[{"@type":"ReadAction","target":["https:\/\/www.legislapp.com.br\/index.php\/avulso-inicial-pl-4118-2025-camara\/"]}]},{"@type":"ImageObject","inLanguage":"pt-BR","@id":"https:\/\/www.legislapp.com.br\/index.php\/avulso-inicial-pl-4118-2025-camara\/#primaryimage","url":"https:\/\/www.legislapp.com.br\/wp-content\/uploads\/2021\/07\/Logo-Legislapp-1-03-1.png","contentUrl":"https:\/\/www.legislapp.com.br\/wp-content\/uploads\/2021\/07\/Logo-Legislapp-1-03-1.png","width":2679,"height":2697},{"@type":"BreadcrumbList","@id":"https:\/\/www.legislapp.com.br\/index.php\/avulso-inicial-pl-4118-2025-camara\/#breadcrumb","itemListElement":[{"@type":"ListItem","position":1,"name":"In\u00edcio","item":"https:\/\/www.legislapp.com.br\/"},{"@type":"ListItem","position":2,"name":"Avulso Inicial &#8211; PL 4118\/2025 &#8211; C\u00e2mara"}]},{"@type":"WebSite","@id":"https:\/\/www.legislapp.com.br\/#website","url":"https:\/\/www.legislapp.com.br\/","name":"Legislapp","description":"Intelig\u00eancia governamental em tempo real","publisher":{"@id":"https:\/\/www.legislapp.com.br\/#organization"},"potentialAction":[{"@type":"SearchAction","target":{"@type":"EntryPoint","urlTemplate":"https:\/\/www.legislapp.com.br\/?s={search_term_string}"},"query-input":{"@type":"PropertyValueSpecification","valueRequired":true,"valueName":"search_term_string"}}],"inLanguage":"pt-BR"},{"@type":"Organization","@id":"https:\/\/www.legislapp.com.br\/#organization","name":"Legislapp Monitoramento e Intelig\u00eancia Governamental","url":"https:\/\/www.legislapp.com.br\/","logo":{"@type":"ImageObject","inLanguage":"pt-BR","@id":"https:\/\/www.legislapp.com.br\/#\/schema\/logo\/image\/","url":"https:\/\/www.legislapp.com.br\/wp-content\/uploads\/icon.png","contentUrl":"https:\/\/www.legislapp.com.br\/wp-content\/uploads\/icon.png","width":1024,"height":1024,"caption":"Legislapp Monitoramento e Intelig\u00eancia Governamental"},"image":{"@id":"https:\/\/www.legislapp.com.br\/#\/schema\/logo\/image\/"},"sameAs":["https:\/\/www.instagram.com\/legislapp\/"]}]}},"_links":{"self":[{"href":"https:\/\/www.legislapp.com.br\/index.php\/wp-json\/wp\/v2\/pages\/10187","targetHints":{"allow":["GET"]}}],"collection":[{"href":"https:\/\/www.legislapp.com.br\/index.php\/wp-json\/wp\/v2\/pages"}],"about":[{"href":"https:\/\/www.legislapp.com.br\/index.php\/wp-json\/wp\/v2\/types\/page"}],"author":[{"embeddable":true,"href":"https:\/\/www.legislapp.com.br\/index.php\/wp-json\/wp\/v2\/users\/1"}],"replies":[{"embeddable":true,"href":"https:\/\/www.legislapp.com.br\/index.php\/wp-json\/wp\/v2\/comments?post=10187"}],"version-history":[{"count":0,"href":"https:\/\/www.legislapp.com.br\/index.php\/wp-json\/wp\/v2\/pages\/10187\/revisions"}],"wp:attachment":[{"href":"https:\/\/www.legislapp.com.br\/index.php\/wp-json\/wp\/v2\/media?parent=10187"}],"curies":[{"name":"wp","href":"https:\/\/api.w.org\/{rel}","templated":true}]}}