{"id":10189,"date":"2025-12-01T11:05:04","date_gmt":"2025-12-01T14:05:04","guid":{"rendered":"https:\/\/www.legislapp.com.br\/index.php\/avulso-inicial-pl-4513-2025-camara\/"},"modified":"2025-12-01T11:05:04","modified_gmt":"2025-12-01T14:05:04","slug":"avulso-inicial-pl-4513-2025-camara","status":"publish","type":"page","link":"https:\/\/www.legislapp.com.br\/index.php\/avulso-inicial-pl-4513-2025-camara\/","title":{"rendered":"Avulso Inicial &#8211; PL 4513\/2025 &#8211; C\u00e2mara"},"content":{"rendered":"<h1 style='text-align: center;'>Avulso Inicial &#8211; Autoria de Jonas Donizette<\/h3>\n<p><\/p>\n<article>PROJETO DE LEI N\u00ba          , DE 2025<br \/>\n(Do Sr. JONAS DONIZETTE)<br \/>\nAltera a Consolida\u00e7\u00e3o das Leis do<br \/>\nTrabalho (CLT), aprovada pelo Decreto-Lei<br \/>\nn\u00ba 5.452, de 1\u00ba de maio de 1943, para dispor<br \/>\nsobre a concess\u00e3o de justi\u00e7a gratuita aos<br \/>\nsindicatos em a\u00e7\u00f5es coletivas.<br \/>\nO Congresso Nacional decreta:<br \/>\nArt. 1\u00ba O art. 790 da Consolida\u00e7\u00e3o das Leis do Trabalho (CLT),<br \/>\naprovada pelo Decreto-Lei n\u00ba 5.452, de 1\u00ba de maio de 1943, passa a vigorar<br \/>\nacrescido do seguinte \u00a7 5\u00ba:<br \/>\n\u201c\u00a7 5\u00ba Nas a\u00e7\u00f5es coletivas ajuizadas por sindicato, na qualidade de<br \/>\nsubstituto processual, a concess\u00e3o da justi\u00e7a gratuita independer\u00e1 da<br \/>\ncomprova\u00e7\u00e3o de hipossufici\u00eancia financeira, salvo nos casos de<br \/>\ncomprovada m\u00e1-f\u00e9.\u201d<br \/>\nArt. 2\u00ba Esta lei entra em vigor na data de sua publica\u00e7\u00e3o.<br \/>\nJUSTIFICA\u00c7\u00c3O<br \/>\nO fortalecimento da atua\u00e7\u00e3o coletiva dos sindicatos \u00e9 essencial<br \/>\npara a defesa de direitos trabalhistas em escala ampla. No entanto, a exig\u00eancia<br \/>\nde comprova\u00e7\u00e3o de hipossufici\u00eancia econ\u00f4mica aplicada \u00e0s entidades sindicais<br \/>\ntem criado entraves desnecess\u00e1rios ao acesso \u00e0 Justi\u00e7a, reduzindo a<br \/>\nefetividade das a\u00e7\u00f5es coletivas e enfraquecendo o papel do sindicato como<br \/>\nrepresentante leg\u00edtimo da categoria.<br \/>\n\u00c9 nesse contexto que se apresenta o presente Projeto de Lei,<br \/>\ncom o objetivo de garantir que os sindicatos, quando atuarem como substitutos<br \/>\nprocessuais em a\u00e7\u00f5es coletivas, tenham direito \u00e0 concess\u00e3o da justi\u00e7a gratuita<br \/>\nindependentemente de comprova\u00e7\u00e3o de insufici\u00eancia financeira, ressalvados<br \/>\nos casos de m\u00e1-f\u00e9. A medida busca alinhar a legisla\u00e7\u00e3o trabalhista \u00e0 realidade<br \/>\nPara verificar a assinatura, acesse https:\/\/infoleg-autenticidade-assinatura.camara.leg.br\/CD253485333700<br \/>\nAssinado eletronicamente pelo(a) Dep. Jonas Donizette<br \/>\nApresenta\u00e7\u00e3o: 10\/09\/2025 09:44:25.697 &#8211; Mesa<br \/>\n*CD253485333700* PL n.4513\/2025<br \/>2<br \/>\nda atua\u00e7\u00e3o sindical e assegurar que as demandas coletivas n\u00e3o sejam<br \/>\ninviabilizadas por obst\u00e1culos formais incompat\u00edveis com o princ\u00edpio do amplo<br \/>\nacesso \u00e0 Justi\u00e7a.<br \/>\nO Tribunal Superior do Trabalho j\u00e1 consolidou esse<br \/>\nentendimento. No julgamento do processo n\u00ba 0000992-21.2023.5.07.0038,<br \/>\nrelatado pela Ministra Dela\u00edde Miranda Arantes em 27 de mar\u00e7o de 2025, a 2\u00aa<br \/>\nTurma destacou que, ainda que conste apenas um trabalhador como<br \/>\nsubstitu\u00eddo, a a\u00e7\u00e3o proposta pelo sindicato mant\u00e9m car\u00e1ter coletivo, nos termos<br \/>\ndo art. 8\u00ba, III, da Constitui\u00e7\u00e3o Federal.<br \/>\nEmbora predominasse at\u00e9 ent\u00e3o o entendimento de que a<br \/>\nconcess\u00e3o da gratuidade dependeria de prova da insufici\u00eancia de recursos,<br \/>\nconforme S\u00famula 463, II, do TST, a Relatora afirmou que, em se tratando de<br \/>\nsubstitui\u00e7\u00e3o processual, incidem as garantias previstas no art. 18 da Lei da<br \/>\nA\u00e7\u00e3o Civil P\u00fablica e no art. 87 do C\u00f3digo de Defesa do Consumidor, conforme<br \/>\nregistrado na decis\u00e3o:<br \/>\n\u201co objetivo do microssistema legal supracitado \u00e9 incentivar a<br \/>\npromo\u00e7\u00e3o da defesa dos direitos e interesses coletivos e<br \/>\nindividuais da categoria profissional, de modo a tornar eficaz a<br \/>\natua\u00e7\u00e3o sindical no conflito entre o capital e o trabalho. Assim,<br \/>\nentendo que se aplicam ao sindicato, quando autor de<br \/>\ndemandas coletivas, as disposi\u00e7\u00f5es do C\u00f3digo de Defesa do<br \/>\nConsumidor e da Lei de A\u00e7\u00e3o Civil P\u00fablica, a qual disp\u00f5e que o<br \/>\nautor da a\u00e7\u00e3o ser\u00e1 condenado ao pagamento de honor\u00e1rios<br \/>\nadvocat\u00edcios e custas processuais somente nos casos em que<br \/>\nficar comprovada a sua m\u00e1-f\u00e9.\u201d (TST, RRAg-992-<br \/>\n21.2023.5.07.0038, 2\u00aa Turma, Rel. Ministra Dela\u00edde Miranda<br \/>\n1<br \/>\nArantes, julgado em 30\/04\/2025) .<br \/>\nAo incorporar esse entendimento ao texto da CLT, a<br \/>\nproposi\u00e7\u00e3o harmoniza o processo coletivo trabalhista com a evolu\u00e7\u00e3o<br \/>\njurisprudencial, confere maior seguran\u00e7a jur\u00eddica e refor\u00e7a os princ\u00edpios<br \/>\nconstitucionais do acesso \u00e0 justi\u00e7a (art. 5\u00ba, XXXV), da ampla defesa (art. 5\u00ba,<br \/>\nLV) e da valoriza\u00e7\u00e3o do trabalho humano (art. 170, caput).<br \/>\n1<br \/>\n \u00b9 BRASIL. Tribunal Superior do Trabalho. Recurso de Revista com Agravo n\u00ba 0000992-<br \/>\n21.2023.5.07.0038. 2\u00aa Turma. Relatora: Ministra Dela\u00edde Miranda Arantes. Bras\u00edlia, DF, 27 mar. 2025.<br \/>\nDispon\u00edvel em:<br \/>\nhttps:\/\/www.migalhas.com.br\/arquivos\/2025\/4\/C5795365AC67CF_Documento_de90560.pdf. Acesso<br \/>\nem: 5 set. 2025.<br \/>\nPara verificar a assinatura, acesse https:\/\/infoleg-autenticidade-assinatura.camara.leg.br\/CD253485333700<br \/>\nAssinado eletronicamente pelo(a) Dep. Jonas Donizette<br \/>\nApresenta\u00e7\u00e3o: 10\/09\/2025 09:44:25.697 &#8211; Mesa<br \/>\n*CD253485333700* PL n.4513\/2025<br \/>3<br \/>\nTrata-se, portanto, de medida legislativa que fortalece a<br \/>\natua\u00e7\u00e3o sindical, garante efetividade \u00e0s a\u00e7\u00f5es coletivas trabalhistas e promove<br \/>\no pleno acesso \u00e0 justi\u00e7a social. Diante da relev\u00e2ncia do tema, conclamo os<br \/>\nnobres Pares a apoiarem a aprova\u00e7\u00e3o do presente Projeto de Lei.<br \/>\nSala das Sess\u00f5es, em        de                     de 2025.<br \/>\nDeputado JONAS DONIZETTE<br \/>\n2025-13044<br \/>\nPara verificar a assinatura, acesse https:\/\/infoleg-autenticidade-assinatura.camara.leg.br\/CD253485333700<br \/>\nAssinado eletronicamente pelo(a) Dep. Jonas Donizette<br \/>\nApresenta\u00e7\u00e3o: 10\/09\/2025 09:44:25.697 &#8211; Mesa<br \/>\n*CD253485333700* PL n.4513\/2025<\/article>\n<p><a href='https:\/\/app.legislapp.com.br\/#\/busca?termo=Altera\u00e7\u00e3o'>Altera\u00e7\u00e3o<\/a>, <a href='https:\/\/app.legislapp.com.br\/#\/busca?termo=Consolida\u00e7\u00e3o das Leis do Trabalho (CLT) (1943)'>Consolida\u00e7\u00e3o das Leis do Trabalho (CLT) (1943)<\/a>, <a href='https:\/\/app.legislapp.com.br\/#\/busca?termo=crit\u00e9rio'>crit\u00e9rio<\/a>, <a href='https:\/\/app.legislapp.com.br\/#\/busca?termo=justi\u00e7a gratuita'>justi\u00e7a gratuita<\/a>, <a href='https:\/\/app.legislapp.com.br\/#\/busca?termo=ajuizamento'>ajuizamento<\/a>, <a href='https:\/\/app.legislapp.com.br\/#\/busca?termo=a\u00e7\u00e3o coletiva'>a\u00e7\u00e3o coletiva<\/a>, <a href='https:\/\/app.legislapp.com.br\/#\/busca?termo=sindicato.'>sindicato.<\/a><\/p>\n<div style=\"text-align: center\">\n      <img decoding=\"async\" style=\"width: 14%;\" src=\"https:\/\/www.legislapp.com.br\/wp-content\/uploads\/2021\/07\/Logo-Legislapp-1-03-1.png\"><br \/>\n      <\/p>\n<div style=\"margin-bottom: 20px;\" class=\"et_pb_button_module_wrapper et_pb_button_5_tb_body_wrapper et_pb_button_alignment_center et_pb_module \">\n         <a class=\"et_pb_button et_pb_button_5_tb_body et_hover_enabled et_pb_bg_layout_dark\" style=\"width: 50%;background-color: black;\" href=\"https:\/\/app.legislapp.com.br\" target=\"_blank\" rel=\"noopener\">Visualizar completo na nossa plataforma (30 dias gr\u00e1tis)<\/a><\/p><\/div>\n<p>      <a href=\"https:\/\/play.google.com\/store\/apps\/details?id=br.com.legislapp\"><img decoding=\"async\" style=\"width: 15%; min-width: 130px;\" src=\"https:\/\/www.legislapp.com.br\/wp-content\/uploads\/google-play.png\"><\/a><br \/>\n      <a href=\"https:\/\/apps.apple.com\/us\/app\/legislapp\/id1568929859\"><img decoding=\"async\" style=\"width: 15%; min-width: 130px\" src=\"https:\/\/www.legislapp.com.br\/wp-content\/uploads\/apple-store.png\"><\/a>\n   <\/div>\n","protected":false},"excerpt":{"rendered":"<p>Avulso Inicial &#8211; Autoria de Jonas Donizette PROJETO DE LEI N\u00ba , DE 2025 (Do Sr. JONAS DONIZETTE) Altera a Consolida\u00e7\u00e3o das Leis do Trabalho (CLT), aprovada pelo Decreto-Lei n\u00ba 5.452, de 1\u00ba de maio de 1943, para dispor sobre a concess\u00e3o de justi\u00e7a gratuita aos sindicatos em a\u00e7\u00f5es coletivas. O Congresso Nacional decreta: Art. [&hellip;]<\/p>\n","protected":false},"author":1,"featured_media":0,"parent":0,"menu_order":0,"comment_status":"closed","ping_status":"closed","template":"page-template-blank.php","meta":{"_et_pb_use_builder":"","_et_pb_old_content":"","_et_gb_content_width":"1080","ngg_post_thumbnail":0,"footnotes":""},"class_list":["post-10189","page","type-page","status-publish","hentry"],"yoast_head":"<!-- This site is optimized with the Yoast SEO plugin v24.4 - https:\/\/yoast.com\/wordpress\/plugins\/seo\/ -->\n<title>Avulso Inicial - PL 4513\/2025 - C\u00e2mara - Legislapp<\/title>\n<meta name=\"robots\" content=\"index, follow, max-snippet:-1, max-image-preview:large, max-video-preview:-1\" \/>\n<link rel=\"canonical\" href=\"https:\/\/www.legislapp.com.br\/index.php\/avulso-inicial-pl-4513-2025-camara\/\" \/>\n<meta property=\"og:locale\" content=\"pt_BR\" \/>\n<meta property=\"og:type\" content=\"article\" \/>\n<meta property=\"og:title\" content=\"Avulso Inicial - PL 4513\/2025 - C\u00e2mara - Legislapp\" \/>\n<meta property=\"og:description\" content=\"Avulso Inicial &#8211; Autoria de Jonas Donizette PROJETO DE LEI N\u00ba , DE 2025 (Do Sr. JONAS DONIZETTE) Altera a Consolida\u00e7\u00e3o das Leis do Trabalho (CLT), aprovada pelo Decreto-Lei n\u00ba 5.452, de 1\u00ba de maio de 1943, para dispor sobre a concess\u00e3o de justi\u00e7a gratuita aos sindicatos em a\u00e7\u00f5es coletivas. O Congresso Nacional decreta: Art. [&hellip;]\" \/>\n<meta property=\"og:url\" content=\"https:\/\/www.legislapp.com.br\/index.php\/avulso-inicial-pl-4513-2025-camara\/\" \/>\n<meta property=\"og:site_name\" content=\"Legislapp\" \/>\n<meta property=\"article:publisher\" content=\"https:\/\/www.instagram.com\/legislapp\/\" \/>\n<meta property=\"og:image\" content=\"https:\/\/www.legislapp.com.br\/wp-content\/uploads\/2021\/07\/Logo-Legislapp-1-03-1.png\" \/>\n<meta name=\"twitter:card\" content=\"summary_large_image\" \/>\n<meta name=\"twitter:label1\" content=\"Est. tempo de leitura\" \/>\n\t<meta name=\"twitter:data1\" content=\"4 minutos\" \/>\n<script type=\"application\/ld+json\" class=\"yoast-schema-graph\">{\"@context\":\"https:\/\/schema.org\",\"@graph\":[{\"@type\":\"WebPage\",\"@id\":\"https:\/\/www.legislapp.com.br\/index.php\/avulso-inicial-pl-4513-2025-camara\/\",\"url\":\"https:\/\/www.legislapp.com.br\/index.php\/avulso-inicial-pl-4513-2025-camara\/\",\"name\":\"Avulso Inicial - PL 4513\/2025 - C\u00e2mara - Legislapp\",\"isPartOf\":{\"@id\":\"https:\/\/www.legislapp.com.br\/#website\"},\"primaryImageOfPage\":{\"@id\":\"https:\/\/www.legislapp.com.br\/index.php\/avulso-inicial-pl-4513-2025-camara\/#primaryimage\"},\"image\":{\"@id\":\"https:\/\/www.legislapp.com.br\/index.php\/avulso-inicial-pl-4513-2025-camara\/#primaryimage\"},\"thumbnailUrl\":\"https:\/\/www.legislapp.com.br\/wp-content\/uploads\/2021\/07\/Logo-Legislapp-1-03-1.png\",\"datePublished\":\"2025-12-01T14:05:04+00:00\",\"breadcrumb\":{\"@id\":\"https:\/\/www.legislapp.com.br\/index.php\/avulso-inicial-pl-4513-2025-camara\/#breadcrumb\"},\"inLanguage\":\"pt-BR\",\"potentialAction\":[{\"@type\":\"ReadAction\",\"target\":[\"https:\/\/www.legislapp.com.br\/index.php\/avulso-inicial-pl-4513-2025-camara\/\"]}]},{\"@type\":\"ImageObject\",\"inLanguage\":\"pt-BR\",\"@id\":\"https:\/\/www.legislapp.com.br\/index.php\/avulso-inicial-pl-4513-2025-camara\/#primaryimage\",\"url\":\"https:\/\/www.legislapp.com.br\/wp-content\/uploads\/2021\/07\/Logo-Legislapp-1-03-1.png\",\"contentUrl\":\"https:\/\/www.legislapp.com.br\/wp-content\/uploads\/2021\/07\/Logo-Legislapp-1-03-1.png\",\"width\":2679,\"height\":2697},{\"@type\":\"BreadcrumbList\",\"@id\":\"https:\/\/www.legislapp.com.br\/index.php\/avulso-inicial-pl-4513-2025-camara\/#breadcrumb\",\"itemListElement\":[{\"@type\":\"ListItem\",\"position\":1,\"name\":\"In\u00edcio\",\"item\":\"https:\/\/www.legislapp.com.br\/\"},{\"@type\":\"ListItem\",\"position\":2,\"name\":\"Avulso Inicial &#8211; PL 4513\/2025 &#8211; C\u00e2mara\"}]},{\"@type\":\"WebSite\",\"@id\":\"https:\/\/www.legislapp.com.br\/#website\",\"url\":\"https:\/\/www.legislapp.com.br\/\",\"name\":\"Legislapp\",\"description\":\"Intelig\u00eancia governamental em tempo real\",\"publisher\":{\"@id\":\"https:\/\/www.legislapp.com.br\/#organization\"},\"potentialAction\":[{\"@type\":\"SearchAction\",\"target\":{\"@type\":\"EntryPoint\",\"urlTemplate\":\"https:\/\/www.legislapp.com.br\/?s={search_term_string}\"},\"query-input\":{\"@type\":\"PropertyValueSpecification\",\"valueRequired\":true,\"valueName\":\"search_term_string\"}}],\"inLanguage\":\"pt-BR\"},{\"@type\":\"Organization\",\"@id\":\"https:\/\/www.legislapp.com.br\/#organization\",\"name\":\"Legislapp Monitoramento e Intelig\u00eancia Governamental\",\"url\":\"https:\/\/www.legislapp.com.br\/\",\"logo\":{\"@type\":\"ImageObject\",\"inLanguage\":\"pt-BR\",\"@id\":\"https:\/\/www.legislapp.com.br\/#\/schema\/logo\/image\/\",\"url\":\"https:\/\/www.legislapp.com.br\/wp-content\/uploads\/icon.png\",\"contentUrl\":\"https:\/\/www.legislapp.com.br\/wp-content\/uploads\/icon.png\",\"width\":1024,\"height\":1024,\"caption\":\"Legislapp Monitoramento e Intelig\u00eancia Governamental\"},\"image\":{\"@id\":\"https:\/\/www.legislapp.com.br\/#\/schema\/logo\/image\/\"},\"sameAs\":[\"https:\/\/www.instagram.com\/legislapp\/\"]}]}<\/script>\n<!-- \/ Yoast SEO plugin. -->","yoast_head_json":{"title":"Avulso Inicial - PL 4513\/2025 - C\u00e2mara - Legislapp","robots":{"index":"index","follow":"follow","max-snippet":"max-snippet:-1","max-image-preview":"max-image-preview:large","max-video-preview":"max-video-preview:-1"},"canonical":"https:\/\/www.legislapp.com.br\/index.php\/avulso-inicial-pl-4513-2025-camara\/","og_locale":"pt_BR","og_type":"article","og_title":"Avulso Inicial - PL 4513\/2025 - C\u00e2mara - Legislapp","og_description":"Avulso Inicial &#8211; Autoria de Jonas Donizette PROJETO DE LEI N\u00ba , DE 2025 (Do Sr. JONAS DONIZETTE) Altera a Consolida\u00e7\u00e3o das Leis do Trabalho (CLT), aprovada pelo Decreto-Lei n\u00ba 5.452, de 1\u00ba de maio de 1943, para dispor sobre a concess\u00e3o de justi\u00e7a gratuita aos sindicatos em a\u00e7\u00f5es coletivas. O Congresso Nacional decreta: Art. [&hellip;]","og_url":"https:\/\/www.legislapp.com.br\/index.php\/avulso-inicial-pl-4513-2025-camara\/","og_site_name":"Legislapp","article_publisher":"https:\/\/www.instagram.com\/legislapp\/","og_image":[{"url":"https:\/\/www.legislapp.com.br\/wp-content\/uploads\/2021\/07\/Logo-Legislapp-1-03-1.png","type":"","width":"","height":""}],"twitter_card":"summary_large_image","twitter_misc":{"Est. tempo de leitura":"4 minutos"},"schema":{"@context":"https:\/\/schema.org","@graph":[{"@type":"WebPage","@id":"https:\/\/www.legislapp.com.br\/index.php\/avulso-inicial-pl-4513-2025-camara\/","url":"https:\/\/www.legislapp.com.br\/index.php\/avulso-inicial-pl-4513-2025-camara\/","name":"Avulso Inicial - PL 4513\/2025 - C\u00e2mara - Legislapp","isPartOf":{"@id":"https:\/\/www.legislapp.com.br\/#website"},"primaryImageOfPage":{"@id":"https:\/\/www.legislapp.com.br\/index.php\/avulso-inicial-pl-4513-2025-camara\/#primaryimage"},"image":{"@id":"https:\/\/www.legislapp.com.br\/index.php\/avulso-inicial-pl-4513-2025-camara\/#primaryimage"},"thumbnailUrl":"https:\/\/www.legislapp.com.br\/wp-content\/uploads\/2021\/07\/Logo-Legislapp-1-03-1.png","datePublished":"2025-12-01T14:05:04+00:00","breadcrumb":{"@id":"https:\/\/www.legislapp.com.br\/index.php\/avulso-inicial-pl-4513-2025-camara\/#breadcrumb"},"inLanguage":"pt-BR","potentialAction":[{"@type":"ReadAction","target":["https:\/\/www.legislapp.com.br\/index.php\/avulso-inicial-pl-4513-2025-camara\/"]}]},{"@type":"ImageObject","inLanguage":"pt-BR","@id":"https:\/\/www.legislapp.com.br\/index.php\/avulso-inicial-pl-4513-2025-camara\/#primaryimage","url":"https:\/\/www.legislapp.com.br\/wp-content\/uploads\/2021\/07\/Logo-Legislapp-1-03-1.png","contentUrl":"https:\/\/www.legislapp.com.br\/wp-content\/uploads\/2021\/07\/Logo-Legislapp-1-03-1.png","width":2679,"height":2697},{"@type":"BreadcrumbList","@id":"https:\/\/www.legislapp.com.br\/index.php\/avulso-inicial-pl-4513-2025-camara\/#breadcrumb","itemListElement":[{"@type":"ListItem","position":1,"name":"In\u00edcio","item":"https:\/\/www.legislapp.com.br\/"},{"@type":"ListItem","position":2,"name":"Avulso Inicial &#8211; PL 4513\/2025 &#8211; C\u00e2mara"}]},{"@type":"WebSite","@id":"https:\/\/www.legislapp.com.br\/#website","url":"https:\/\/www.legislapp.com.br\/","name":"Legislapp","description":"Intelig\u00eancia governamental em tempo real","publisher":{"@id":"https:\/\/www.legislapp.com.br\/#organization"},"potentialAction":[{"@type":"SearchAction","target":{"@type":"EntryPoint","urlTemplate":"https:\/\/www.legislapp.com.br\/?s={search_term_string}"},"query-input":{"@type":"PropertyValueSpecification","valueRequired":true,"valueName":"search_term_string"}}],"inLanguage":"pt-BR"},{"@type":"Organization","@id":"https:\/\/www.legislapp.com.br\/#organization","name":"Legislapp Monitoramento e Intelig\u00eancia Governamental","url":"https:\/\/www.legislapp.com.br\/","logo":{"@type":"ImageObject","inLanguage":"pt-BR","@id":"https:\/\/www.legislapp.com.br\/#\/schema\/logo\/image\/","url":"https:\/\/www.legislapp.com.br\/wp-content\/uploads\/icon.png","contentUrl":"https:\/\/www.legislapp.com.br\/wp-content\/uploads\/icon.png","width":1024,"height":1024,"caption":"Legislapp Monitoramento e Intelig\u00eancia Governamental"},"image":{"@id":"https:\/\/www.legislapp.com.br\/#\/schema\/logo\/image\/"},"sameAs":["https:\/\/www.instagram.com\/legislapp\/"]}]}},"_links":{"self":[{"href":"https:\/\/www.legislapp.com.br\/index.php\/wp-json\/wp\/v2\/pages\/10189","targetHints":{"allow":["GET"]}}],"collection":[{"href":"https:\/\/www.legislapp.com.br\/index.php\/wp-json\/wp\/v2\/pages"}],"about":[{"href":"https:\/\/www.legislapp.com.br\/index.php\/wp-json\/wp\/v2\/types\/page"}],"author":[{"embeddable":true,"href":"https:\/\/www.legislapp.com.br\/index.php\/wp-json\/wp\/v2\/users\/1"}],"replies":[{"embeddable":true,"href":"https:\/\/www.legislapp.com.br\/index.php\/wp-json\/wp\/v2\/comments?post=10189"}],"version-history":[{"count":0,"href":"https:\/\/www.legislapp.com.br\/index.php\/wp-json\/wp\/v2\/pages\/10189\/revisions"}],"wp:attachment":[{"href":"https:\/\/www.legislapp.com.br\/index.php\/wp-json\/wp\/v2\/media?parent=10189"}],"curies":[{"name":"wp","href":"https:\/\/api.w.org\/{rel}","templated":true}]}}