{"id":10218,"date":"2025-12-01T11:06:25","date_gmt":"2025-12-01T14:06:25","guid":{"rendered":"https:\/\/www.legislapp.com.br\/index.php\/avulso-inicial-pl-4943-2025-camara\/"},"modified":"2025-12-01T11:06:25","modified_gmt":"2025-12-01T14:06:25","slug":"avulso-inicial-pl-4943-2025-camara","status":"publish","type":"page","link":"https:\/\/www.legislapp.com.br\/index.php\/avulso-inicial-pl-4943-2025-camara\/","title":{"rendered":"Avulso Inicial &#8211; PL 4943\/2025 &#8211; C\u00e2mara"},"content":{"rendered":"<h1 style='text-align: center;'>Avulso Inicial &#8211; Autoria de Celso Russomanno<\/h3>\n<p><\/p>\n<article>PROJETO DE LEI N\u00ba          , DE 2025<br \/>\n(Do Sr. CELSO RUSSOMANNO)<br \/>\nDisp\u00f5e sobre a obrigatoriedade de<br \/>\ninformar o nome e o CNPJ do distribuidor ou<br \/>\nfornecedor das bebidas comercializadas em<br \/>\ncard\u00e1pios de bares, restaurantes, casas<br \/>\nnoturnas e estabelecimentos similares, e d\u00e1<br \/>\noutras provid\u00eancias.<br \/>\nO Congresso Nacional decreta:<br \/>\nArt. 1\u00ba Fica estabelecida a obrigatoriedade de bares,<br \/>\nrestaurantes, lanchonetes, casas noturnas e estabelecimentos similares que<br \/>\ncomercializam bebidas alco\u00f3licas, informar em seus card\u00e1pios o nome<br \/>\ncompleto e o n\u00famero de inscri\u00e7\u00e3o no Cadastro Nacional da Pessoa Jur\u00eddica<br \/>\n(CNPJ) do distribuidor ou fornecedor de cada marca de bebida ofertada.<br \/>\n\u00a7 1\u00ba Para fins desta Lei, considera-se distribuidor ou fornecedor<br \/>\na pessoa jur\u00eddica que vendeu o produto diretamente ao estabelecimento.<br \/>\n\u00a7 2\u00ba A obrigatoriedade prevista no caput se aplica a todas as<br \/>\nbebidas comercializadas em embalagens fechadas, engarrafadas ou enlatadas<br \/>\ne, no que couber, a bebidas vendidas em dose ou in natura.<br \/>\nArt. 2\u00ba A informa\u00e7\u00e3o exigida dever\u00e1 ser apresentada de forma<br \/>\nclara, leg\u00edvel e de f\u00e1cil acesso ao consumidor, podendo constar no rodap\u00e9 do<br \/>\ncard\u00e1pio f\u00edsico ou digital, em se\u00e7\u00e3o espec\u00edfica ou, preferencialmente, listada ao<br \/>\nlado da respectiva marca da bebida.<br \/>\nArt.3\u00ba O descumprimento do disposto nesta lei sujeitar\u00e1 o<br \/>\nestabelecimento infrator \u00e0s penalidades dispostas no art. 56 da Lei n\u00ba 8.078, de<br \/>\n11 de setembro de 1990 &#8211; C\u00f3digo de Defesa do Consumidor, sem preju\u00edzo de<br \/>\noutras san\u00e7\u00f5es cab\u00edveis.<br \/>\no<br \/>\nArt.4 Os estabelecimentos ter\u00e3o o prazo de 90 (noventa) dias,<br \/>\na partir da publica\u00e7\u00e3o desta lei, para se adequarem \u00e0s novas exig\u00eancias.<br \/>\nPara verificar a assinatura, acesse https:\/\/infoleg-autenticidade-assinatura.camara.leg.br\/CD257445731500<br \/>\nAssinado eletronicamente pelo(a) Dep. Celso Russomanno<br \/>\nApresenta\u00e7\u00e3o: 02\/10\/2025 15:36:19.247 &#8211; Mesa<br \/>\n*CD257445731500* PL n.4943\/2025<br \/>2<br \/>\nArt. 5\u00ba Esta Lei entra em vigor na data de sua publica\u00e7\u00e3o.<br \/>\nJUSTIFICA\u00c7\u00c3O<br \/>\nO presente Projeto de Lei tem por finalidade, motivado pela<br \/>\nurg\u00eancia, proteger a sa\u00fade p\u00fablica e a vida dos consumidores diante do<br \/>\nalarmante e crescente n\u00famero de casos de intoxica\u00e7\u00e3o grave, cegueira e morte<br \/>\ndecorrentes da adultera\u00e7\u00e3o de bebidas alco\u00f3licas com metanol.<br \/>\nO metanol (\u00e1lcool met\u00edlico) \u00e9 uma subst\u00e2ncia altamente t\u00f3xica,<br \/>\nincolor e inodora, que, ao ser metabolizado pelo corpo humano, se converte em<br \/>\nformalde\u00eddo e \u00e1cido f\u00f3rmico, levando a fal\u00eancia de \u00f3rg\u00e3os, les\u00f5es cerebrais<br \/>\npermanentes e, frequentemente, ao \u00f3bito. Sua presen\u00e7a em bebidas<br \/>\nalco\u00f3licas, como destilados de marcas conhecidas (gin, vodca, u\u00edsque), n\u00e3o \u00e9<br \/>\nacidental, mas sim resultado de um crime contra a sa\u00fade p\u00fablica e, muitas<br \/>\nvezes, de um esquema de falsifica\u00e7\u00e3o.<br \/>\nAtualmente, a dificuldade em rastrear rapidamente a origem de<br \/>\numa bebida adulterada permite que a cadeia criminosa se mantenha oculta por<br \/>\ntempo suficiente para causar mais v\u00edtimas e dissipar provas.<br \/>\nA obrigatoriedade de constar no card\u00e1pio o nome e o CNPJ do<br \/>\ndistribuidor que vendeu o produto ao estabelecimento \u00e9 um instrumento<br \/>\nessencial de rastreabilidade e transpar\u00eancia, agindo em duas frentes vitais:<br \/>\n1. Prote\u00e7\u00e3o Imediata ao Consumidor: Em um cen\u00e1rio de surto de<br \/>\nintoxica\u00e7\u00e3o, a informa\u00e7\u00e3o no card\u00e1pio permite que o consumidor,<br \/>\nautoridades sanit\u00e1rias ou a pr\u00f3pria imprensa identifiquem a origem<br \/>\nimediata do produto contaminado, possibilitando uma interdi\u00e7\u00e3o e<br \/>\nrecolhimento mais r\u00e1pidos daquele lote espec\u00edfico, isolando a fonte do<br \/>\nperigo e salvando vidas.<br \/>\n2. Ferramenta para a Fiscaliza\u00e7\u00e3o e Investiga\u00e7\u00e3o: A medida cria um<br \/>\nregistro p\u00fablico e acess\u00edvel sobre a origem dos produtos<br \/>\ncomercializados. Se uma v\u00edtima apresentar um quadro de intoxica\u00e7\u00e3o<br \/>\npor metanol ap\u00f3s consumir uma bebida em um determinado bar, as<br \/>\nautoridades ter\u00e3o de imediato, o nome e o CNPJ do distribuidor que<br \/>\nPara verificar a assinatura, acesse https:\/\/infoleg-autenticidade-assinatura.camara.leg.br\/CD257445731500<br \/>\nAssinado eletronicamente pelo(a) Dep. Celso Russomanno<br \/>\nApresenta\u00e7\u00e3o: 02\/10\/2025 15:36:19.247 &#8211; Mesa<br \/>\n*CD257445731500* PL n.4943\/2025<br \/>3<br \/>\nforneceu o lote. Isso direciona a investiga\u00e7\u00e3o de forma eficiente,<br \/>\npermitindo que a fiscaliza\u00e7\u00e3o saia da ponta (o bar) e atinja o elo<br \/>\nvulner\u00e1vel da cadeia (o distribuidor informal ou criminoso) que est\u00e1<br \/>\ninjetando os produtos adulterados no mercado.<br \/>\n Ao tornar obrigat\u00f3ria a divulga\u00e7\u00e3o da fonte de aquisi\u00e7\u00e3o, o<br \/>\nprojeto indiretamente estimula os estabelecimentos a comprarem apenas de<br \/>\ndistribuidoras devidamente registradas, id\u00f4neas e com nota fiscal, pois o bar,<br \/>\nao estampar o nome do fornecedor em seu card\u00e1pio, assume um compromisso<br \/>\np\u00fablico com a legalidade e a proced\u00eancia do produto. Distribuidores informais,<br \/>\nsem CNPJ ou com hist\u00f3rico de irregularidades, ser\u00e3o automaticamente<br \/>\ndesencorajados, dificultando sua opera\u00e7\u00e3o e fechando as portas para a<br \/>\ncircula\u00e7\u00e3o de bebidas falsificadas.<br \/>\n Trata-se, portanto, de uma medida de custo baix\u00edssimo para<br \/>\nos estabelecimentos, mas de valor inestim\u00e1vel para a seguran\u00e7a e a vida do<br \/>\nconsumidor, cumprindo o dever constitucional do Estado de promover a defesa<br \/>\ndo consumidor e a prote\u00e7\u00e3o \u00e0 sa\u00fade.<br \/>\nDiante da relev\u00e2ncia e urg\u00eancia da mat\u00e9ria, conclamamos os<br \/>\nnobres Parlamentares a apoiarem a aprova\u00e7\u00e3o deste Projeto de Lei.<br \/>\nSala das Sess\u00f5es, em        de                     de 2025.<br \/>\nDeputado CELSO RUSSOMANNO<br \/>\nPara verificar a assinatura, acesse https:\/\/infoleg-autenticidade-assinatura.camara.leg.br\/CD257445731500<br \/>\nAssinado eletronicamente pelo(a) Dep. Celso Russomanno<br \/>\nApresenta\u00e7\u00e3o: 02\/10\/2025 15:36:19.247 &#8211; Mesa<br \/>\n*CD257445731500* PL n.4943\/2025<\/article>\n<p><a href='https:\/\/app.legislapp.com.br\/#\/busca?termo='><\/a><\/p>\n<div style=\"text-align: center\">\n      <img decoding=\"async\" style=\"width: 14%;\" src=\"https:\/\/www.legislapp.com.br\/wp-content\/uploads\/2021\/07\/Logo-Legislapp-1-03-1.png\"><br \/>\n      <\/p>\n<div style=\"margin-bottom: 20px;\" class=\"et_pb_button_module_wrapper et_pb_button_5_tb_body_wrapper et_pb_button_alignment_center et_pb_module \">\n         <a class=\"et_pb_button et_pb_button_5_tb_body et_hover_enabled et_pb_bg_layout_dark\" style=\"width: 50%;background-color: black;\" href=\"https:\/\/app.legislapp.com.br\" target=\"_blank\" rel=\"noopener\">Visualizar completo na nossa plataforma (30 dias gr\u00e1tis)<\/a><\/p><\/div>\n<p>      <a href=\"https:\/\/play.google.com\/store\/apps\/details?id=br.com.legislapp\"><img decoding=\"async\" style=\"width: 15%; min-width: 130px;\" src=\"https:\/\/www.legislapp.com.br\/wp-content\/uploads\/google-play.png\"><\/a><br \/>\n      <a href=\"https:\/\/apps.apple.com\/us\/app\/legislapp\/id1568929859\"><img decoding=\"async\" style=\"width: 15%; min-width: 130px\" src=\"https:\/\/www.legislapp.com.br\/wp-content\/uploads\/apple-store.png\"><\/a>\n   <\/div>\n","protected":false},"excerpt":{"rendered":"<p>Avulso Inicial &#8211; Autoria de Celso Russomanno PROJETO DE LEI N\u00ba , DE 2025 (Do Sr. CELSO RUSSOMANNO) Disp\u00f5e sobre a obrigatoriedade de informar o nome e o CNPJ do distribuidor ou fornecedor das bebidas comercializadas em card\u00e1pios de bares, restaurantes, casas noturnas e estabelecimentos similares, e d\u00e1 outras provid\u00eancias. O Congresso Nacional decreta: Art. [&hellip;]<\/p>\n","protected":false},"author":1,"featured_media":0,"parent":0,"menu_order":0,"comment_status":"closed","ping_status":"closed","template":"page-template-blank.php","meta":{"_et_pb_use_builder":"","_et_pb_old_content":"","_et_gb_content_width":"1080","ngg_post_thumbnail":0,"footnotes":""},"class_list":["post-10218","page","type-page","status-publish","hentry"],"yoast_head":"<!-- This site is optimized with the Yoast SEO plugin v24.4 - https:\/\/yoast.com\/wordpress\/plugins\/seo\/ -->\n<title>Avulso Inicial - PL 4943\/2025 - C\u00e2mara - Legislapp<\/title>\n<meta name=\"robots\" content=\"index, follow, max-snippet:-1, max-image-preview:large, max-video-preview:-1\" \/>\n<link rel=\"canonical\" href=\"https:\/\/www.legislapp.com.br\/index.php\/avulso-inicial-pl-4943-2025-camara\/\" \/>\n<meta property=\"og:locale\" content=\"pt_BR\" \/>\n<meta property=\"og:type\" content=\"article\" \/>\n<meta property=\"og:title\" content=\"Avulso Inicial - PL 4943\/2025 - C\u00e2mara - Legislapp\" \/>\n<meta property=\"og:description\" content=\"Avulso Inicial &#8211; Autoria de Celso Russomanno PROJETO DE LEI N\u00ba , DE 2025 (Do Sr. CELSO RUSSOMANNO) Disp\u00f5e sobre a obrigatoriedade de informar o nome e o CNPJ do distribuidor ou fornecedor das bebidas comercializadas em card\u00e1pios de bares, restaurantes, casas noturnas e estabelecimentos similares, e d\u00e1 outras provid\u00eancias. O Congresso Nacional decreta: Art. [&hellip;]\" \/>\n<meta property=\"og:url\" content=\"https:\/\/www.legislapp.com.br\/index.php\/avulso-inicial-pl-4943-2025-camara\/\" \/>\n<meta property=\"og:site_name\" content=\"Legislapp\" \/>\n<meta property=\"article:publisher\" content=\"https:\/\/www.instagram.com\/legislapp\/\" \/>\n<meta property=\"og:image\" content=\"https:\/\/www.legislapp.com.br\/wp-content\/uploads\/2021\/07\/Logo-Legislapp-1-03-1.png\" \/>\n<meta name=\"twitter:card\" content=\"summary_large_image\" \/>\n<meta name=\"twitter:label1\" content=\"Est. tempo de leitura\" \/>\n\t<meta name=\"twitter:data1\" content=\"4 minutos\" \/>\n<script type=\"application\/ld+json\" class=\"yoast-schema-graph\">{\"@context\":\"https:\/\/schema.org\",\"@graph\":[{\"@type\":\"WebPage\",\"@id\":\"https:\/\/www.legislapp.com.br\/index.php\/avulso-inicial-pl-4943-2025-camara\/\",\"url\":\"https:\/\/www.legislapp.com.br\/index.php\/avulso-inicial-pl-4943-2025-camara\/\",\"name\":\"Avulso Inicial - PL 4943\/2025 - C\u00e2mara - Legislapp\",\"isPartOf\":{\"@id\":\"https:\/\/www.legislapp.com.br\/#website\"},\"primaryImageOfPage\":{\"@id\":\"https:\/\/www.legislapp.com.br\/index.php\/avulso-inicial-pl-4943-2025-camara\/#primaryimage\"},\"image\":{\"@id\":\"https:\/\/www.legislapp.com.br\/index.php\/avulso-inicial-pl-4943-2025-camara\/#primaryimage\"},\"thumbnailUrl\":\"https:\/\/www.legislapp.com.br\/wp-content\/uploads\/2021\/07\/Logo-Legislapp-1-03-1.png\",\"datePublished\":\"2025-12-01T14:06:25+00:00\",\"breadcrumb\":{\"@id\":\"https:\/\/www.legislapp.com.br\/index.php\/avulso-inicial-pl-4943-2025-camara\/#breadcrumb\"},\"inLanguage\":\"pt-BR\",\"potentialAction\":[{\"@type\":\"ReadAction\",\"target\":[\"https:\/\/www.legislapp.com.br\/index.php\/avulso-inicial-pl-4943-2025-camara\/\"]}]},{\"@type\":\"ImageObject\",\"inLanguage\":\"pt-BR\",\"@id\":\"https:\/\/www.legislapp.com.br\/index.php\/avulso-inicial-pl-4943-2025-camara\/#primaryimage\",\"url\":\"https:\/\/www.legislapp.com.br\/wp-content\/uploads\/2021\/07\/Logo-Legislapp-1-03-1.png\",\"contentUrl\":\"https:\/\/www.legislapp.com.br\/wp-content\/uploads\/2021\/07\/Logo-Legislapp-1-03-1.png\",\"width\":2679,\"height\":2697},{\"@type\":\"BreadcrumbList\",\"@id\":\"https:\/\/www.legislapp.com.br\/index.php\/avulso-inicial-pl-4943-2025-camara\/#breadcrumb\",\"itemListElement\":[{\"@type\":\"ListItem\",\"position\":1,\"name\":\"In\u00edcio\",\"item\":\"https:\/\/www.legislapp.com.br\/\"},{\"@type\":\"ListItem\",\"position\":2,\"name\":\"Avulso Inicial &#8211; PL 4943\/2025 &#8211; C\u00e2mara\"}]},{\"@type\":\"WebSite\",\"@id\":\"https:\/\/www.legislapp.com.br\/#website\",\"url\":\"https:\/\/www.legislapp.com.br\/\",\"name\":\"Legislapp\",\"description\":\"Intelig\u00eancia governamental em tempo real\",\"publisher\":{\"@id\":\"https:\/\/www.legislapp.com.br\/#organization\"},\"potentialAction\":[{\"@type\":\"SearchAction\",\"target\":{\"@type\":\"EntryPoint\",\"urlTemplate\":\"https:\/\/www.legislapp.com.br\/?s={search_term_string}\"},\"query-input\":{\"@type\":\"PropertyValueSpecification\",\"valueRequired\":true,\"valueName\":\"search_term_string\"}}],\"inLanguage\":\"pt-BR\"},{\"@type\":\"Organization\",\"@id\":\"https:\/\/www.legislapp.com.br\/#organization\",\"name\":\"Legislapp Monitoramento e Intelig\u00eancia Governamental\",\"url\":\"https:\/\/www.legislapp.com.br\/\",\"logo\":{\"@type\":\"ImageObject\",\"inLanguage\":\"pt-BR\",\"@id\":\"https:\/\/www.legislapp.com.br\/#\/schema\/logo\/image\/\",\"url\":\"https:\/\/www.legislapp.com.br\/wp-content\/uploads\/icon.png\",\"contentUrl\":\"https:\/\/www.legislapp.com.br\/wp-content\/uploads\/icon.png\",\"width\":1024,\"height\":1024,\"caption\":\"Legislapp Monitoramento e Intelig\u00eancia Governamental\"},\"image\":{\"@id\":\"https:\/\/www.legislapp.com.br\/#\/schema\/logo\/image\/\"},\"sameAs\":[\"https:\/\/www.instagram.com\/legislapp\/\"]}]}<\/script>\n<!-- \/ Yoast SEO plugin. -->","yoast_head_json":{"title":"Avulso Inicial - PL 4943\/2025 - C\u00e2mara - Legislapp","robots":{"index":"index","follow":"follow","max-snippet":"max-snippet:-1","max-image-preview":"max-image-preview:large","max-video-preview":"max-video-preview:-1"},"canonical":"https:\/\/www.legislapp.com.br\/index.php\/avulso-inicial-pl-4943-2025-camara\/","og_locale":"pt_BR","og_type":"article","og_title":"Avulso Inicial - PL 4943\/2025 - C\u00e2mara - Legislapp","og_description":"Avulso Inicial &#8211; Autoria de Celso Russomanno PROJETO DE LEI N\u00ba , DE 2025 (Do Sr. CELSO RUSSOMANNO) Disp\u00f5e sobre a obrigatoriedade de informar o nome e o CNPJ do distribuidor ou fornecedor das bebidas comercializadas em card\u00e1pios de bares, restaurantes, casas noturnas e estabelecimentos similares, e d\u00e1 outras provid\u00eancias. O Congresso Nacional decreta: Art. [&hellip;]","og_url":"https:\/\/www.legislapp.com.br\/index.php\/avulso-inicial-pl-4943-2025-camara\/","og_site_name":"Legislapp","article_publisher":"https:\/\/www.instagram.com\/legislapp\/","og_image":[{"url":"https:\/\/www.legislapp.com.br\/wp-content\/uploads\/2021\/07\/Logo-Legislapp-1-03-1.png","type":"","width":"","height":""}],"twitter_card":"summary_large_image","twitter_misc":{"Est. tempo de leitura":"4 minutos"},"schema":{"@context":"https:\/\/schema.org","@graph":[{"@type":"WebPage","@id":"https:\/\/www.legislapp.com.br\/index.php\/avulso-inicial-pl-4943-2025-camara\/","url":"https:\/\/www.legislapp.com.br\/index.php\/avulso-inicial-pl-4943-2025-camara\/","name":"Avulso Inicial - PL 4943\/2025 - C\u00e2mara - Legislapp","isPartOf":{"@id":"https:\/\/www.legislapp.com.br\/#website"},"primaryImageOfPage":{"@id":"https:\/\/www.legislapp.com.br\/index.php\/avulso-inicial-pl-4943-2025-camara\/#primaryimage"},"image":{"@id":"https:\/\/www.legislapp.com.br\/index.php\/avulso-inicial-pl-4943-2025-camara\/#primaryimage"},"thumbnailUrl":"https:\/\/www.legislapp.com.br\/wp-content\/uploads\/2021\/07\/Logo-Legislapp-1-03-1.png","datePublished":"2025-12-01T14:06:25+00:00","breadcrumb":{"@id":"https:\/\/www.legislapp.com.br\/index.php\/avulso-inicial-pl-4943-2025-camara\/#breadcrumb"},"inLanguage":"pt-BR","potentialAction":[{"@type":"ReadAction","target":["https:\/\/www.legislapp.com.br\/index.php\/avulso-inicial-pl-4943-2025-camara\/"]}]},{"@type":"ImageObject","inLanguage":"pt-BR","@id":"https:\/\/www.legislapp.com.br\/index.php\/avulso-inicial-pl-4943-2025-camara\/#primaryimage","url":"https:\/\/www.legislapp.com.br\/wp-content\/uploads\/2021\/07\/Logo-Legislapp-1-03-1.png","contentUrl":"https:\/\/www.legislapp.com.br\/wp-content\/uploads\/2021\/07\/Logo-Legislapp-1-03-1.png","width":2679,"height":2697},{"@type":"BreadcrumbList","@id":"https:\/\/www.legislapp.com.br\/index.php\/avulso-inicial-pl-4943-2025-camara\/#breadcrumb","itemListElement":[{"@type":"ListItem","position":1,"name":"In\u00edcio","item":"https:\/\/www.legislapp.com.br\/"},{"@type":"ListItem","position":2,"name":"Avulso Inicial &#8211; PL 4943\/2025 &#8211; C\u00e2mara"}]},{"@type":"WebSite","@id":"https:\/\/www.legislapp.com.br\/#website","url":"https:\/\/www.legislapp.com.br\/","name":"Legislapp","description":"Intelig\u00eancia governamental em tempo real","publisher":{"@id":"https:\/\/www.legislapp.com.br\/#organization"},"potentialAction":[{"@type":"SearchAction","target":{"@type":"EntryPoint","urlTemplate":"https:\/\/www.legislapp.com.br\/?s={search_term_string}"},"query-input":{"@type":"PropertyValueSpecification","valueRequired":true,"valueName":"search_term_string"}}],"inLanguage":"pt-BR"},{"@type":"Organization","@id":"https:\/\/www.legislapp.com.br\/#organization","name":"Legislapp Monitoramento e Intelig\u00eancia Governamental","url":"https:\/\/www.legislapp.com.br\/","logo":{"@type":"ImageObject","inLanguage":"pt-BR","@id":"https:\/\/www.legislapp.com.br\/#\/schema\/logo\/image\/","url":"https:\/\/www.legislapp.com.br\/wp-content\/uploads\/icon.png","contentUrl":"https:\/\/www.legislapp.com.br\/wp-content\/uploads\/icon.png","width":1024,"height":1024,"caption":"Legislapp Monitoramento e Intelig\u00eancia Governamental"},"image":{"@id":"https:\/\/www.legislapp.com.br\/#\/schema\/logo\/image\/"},"sameAs":["https:\/\/www.instagram.com\/legislapp\/"]}]}},"_links":{"self":[{"href":"https:\/\/www.legislapp.com.br\/index.php\/wp-json\/wp\/v2\/pages\/10218","targetHints":{"allow":["GET"]}}],"collection":[{"href":"https:\/\/www.legislapp.com.br\/index.php\/wp-json\/wp\/v2\/pages"}],"about":[{"href":"https:\/\/www.legislapp.com.br\/index.php\/wp-json\/wp\/v2\/types\/page"}],"author":[{"embeddable":true,"href":"https:\/\/www.legislapp.com.br\/index.php\/wp-json\/wp\/v2\/users\/1"}],"replies":[{"embeddable":true,"href":"https:\/\/www.legislapp.com.br\/index.php\/wp-json\/wp\/v2\/comments?post=10218"}],"version-history":[{"count":0,"href":"https:\/\/www.legislapp.com.br\/index.php\/wp-json\/wp\/v2\/pages\/10218\/revisions"}],"wp:attachment":[{"href":"https:\/\/www.legislapp.com.br\/index.php\/wp-json\/wp\/v2\/media?parent=10218"}],"curies":[{"name":"wp","href":"https:\/\/api.w.org\/{rel}","templated":true}]}}