{"id":10234,"date":"2025-12-01T11:07:25","date_gmt":"2025-12-01T14:07:25","guid":{"rendered":"https:\/\/www.legislapp.com.br\/index.php\/avulso-inicial-pl-4028-2025-camara\/"},"modified":"2025-12-01T11:07:25","modified_gmt":"2025-12-01T14:07:25","slug":"avulso-inicial-pl-4028-2025-camara","status":"publish","type":"page","link":"https:\/\/www.legislapp.com.br\/index.php\/avulso-inicial-pl-4028-2025-camara\/","title":{"rendered":"Avulso Inicial &#8211; PL 4028\/2025 &#8211; C\u00e2mara"},"content":{"rendered":"<h1 style='text-align: center;'>Avulso Inicial &#8211; Autoria de Murilo Galdino<\/h3>\n<p><\/p>\n<article>PROJETO DE LEI N\u00ba          , DE 2025<br \/>\n(Do Sr. MURILO GALDINO)<br \/>\nAltera a Lei n\u00ba 14.811, de 12 de janeiro<br \/>\nde 2024, para dispor sobre a aten\u00e7\u00e3o<br \/>\nespecial \u00e0 preven\u00e7\u00e3o e combate \u00e0 viol\u00eancia<br \/>\ncontra crian\u00e7as e adolescentes com<br \/>\ndefici\u00eancia na implementa\u00e7\u00e3o de medidas de<br \/>\nprote\u00e7\u00e3o \u00e0 crian\u00e7a e ao adolescente contra a<br \/>\nviol\u00eancia nos estabelecimentos educacionais<br \/>\nou similares.<br \/>\nO Congresso Nacional decreta:<br \/>\nArt. 1\u00ba O art. 2\u00ba da Lei n\u00ba 14.811, de 12 de janeiro de 2024,<br \/>\npassa a vigorar acrescido do seguinte par\u00e1grafo, numerado seu par\u00e1grafo<br \/>\n\u00fanico:<br \/>\n\u201cArt. 2\u00ba &#8230;&#8230;&#8230;&#8230;&#8230;&#8230;&#8230;&#8230;&#8230;&#8230;&#8230;&#8230;&#8230;&#8230;&#8230;&#8230;&#8230;&#8230;&#8230;&#8230;&#8230;&#8230;&#8230;&#8230;&#8230;&#8230;&#8230;&#8230;.<br \/>\n\u00a7 1\u00ba &#8230;&#8230;&#8230;&#8230;&#8230;&#8230;&#8230;&#8230;&#8230;&#8230;&#8230;&#8230;&#8230;&#8230;&#8230;&#8230;&#8230;&#8230;&#8230;&#8230;&#8230;&#8230;&#8230;&#8230;&#8230;&#8230;&#8230;&#8230;&#8230;&#8230;<br \/>\n\u00a7 2\u00ba Na implementa\u00e7\u00e3o das medidas de preven\u00e7\u00e3o e combate<br \/>\n\u00e0 viol\u00eancia referidas no caput, dar-se-\u00e1 aten\u00e7\u00e3o especial \u00e0<br \/>\npreven\u00e7\u00e3o e combate \u00e0 viol\u00eancia contra crian\u00e7as e<br \/>\nadolescentes com defici\u00eancia.\u201d (NR)<br \/>\nArt. 2\u00ba Esta Lei entra em vigor na data de sua publica\u00e7\u00e3o.<br \/>\nJUSTIFICA\u00c7\u00c3O<br \/>\nA viol\u00eancia contra crian\u00e7as e adolescentes, infelizmente, \u00e9 uma<br \/>\nrealidade persistente no Brasil, especialmente em espa\u00e7os onde essas<br \/>\npessoas deveriam estar protegidas, como institui\u00e7\u00f5es educacionais. Dentro<br \/>\ndesse contexto, crian\u00e7as e adolescentes com defici\u00eancia encontram-se em<br \/>\nPara verificar a assinatura, acesse https:\/\/infoleg-autenticidade-assinatura.camara.leg.br\/CD259867963400<br \/>\nAssinado eletronicamente pelo(a) Dep. Murilo Galdino<br \/>\nApresenta\u00e7\u00e3o: 15\/08\/2025 15:26:07.190 &#8211; Mesa<br \/>\n*CD259867963400* PL n.4028\/2025<br \/>2<br \/>\nsitua\u00e7\u00e3o de ainda maior vulnerabilidade, em raz\u00e3o de barreiras<br \/>\ncomunicacionais e atitudinais que dificultam a identifica\u00e7\u00e3o, den\u00fancia e<br \/>\napura\u00e7\u00e3o de casos de viol\u00eancia.<br \/>\nA Lei Brasileira de Inclus\u00e3o da Pessoa com Defici\u00eancia (Lei n\u00ba<br \/>\n13.146\/2015), por sua vez, refor\u00e7a que a pessoa com defici\u00eancia tem direito \u00e0<br \/>\nprote\u00e7\u00e3o contra qualquer forma de neglig\u00eancia, discrimina\u00e7\u00e3o, viol\u00eancia,<br \/>\ncrueldade ou opress\u00e3o, em qualquer contexto.<br \/>\nDiante disso, o presente projeto de lei tem por finalidade alterar<br \/>\no art. 2\u00ba da Lei n\u00ba 14.811, de 12 de janeiro de 2024, que institui medidas de<br \/>\nprote\u00e7\u00e3o \u00e0 crian\u00e7a e ao adolescente contra a viol\u00eancia nos estabelecimentos<br \/>\neducacionais ou similares, para definir que, na implementa\u00e7\u00e3o dessas<br \/>\nmedidas, dar-se-\u00e1 aten\u00e7\u00e3o especial \u00e0 preven\u00e7\u00e3o e combate \u00e0 viol\u00eancia contra<br \/>\ncrian\u00e7as e adolescentes com defici\u00eancia.<br \/>\nA altera\u00e7\u00e3o ora proposta visa consolidar um arcabou\u00e7o legal<br \/>\nmais robusto, que promova a responsabilidade ativa dos entes federativos na<br \/>\nconstru\u00e7\u00e3o de pol\u00edticas p\u00fablicas espec\u00edficas e eficazes, assegurando a<br \/>\npromo\u00e7\u00e3o dos direitos fundamentais das crian\u00e7as e adolescentes com<br \/>\ndefici\u00eancia em ambientes escolares.<br \/>\nO refor\u00e7o \u00e0 obrigatoriedade da atua\u00e7\u00e3o conjunta entre os entes<br \/>\nfederativos \u00e9 um avan\u00e7o no sentido do cumprimento do pacto federativo e da<br \/>\nefici\u00eancia na gest\u00e3o p\u00fablica, especialmente em pol\u00edticas de educa\u00e7\u00e3o inclusiva<br \/>\ne prote\u00e7\u00e3o infanto-juvenil.<br \/>\nPor essas raz\u00f5es, contamos com o apoio dos nobres Pares<br \/>\npara a aprova\u00e7\u00e3o deste projeto de lei, de modo a promover uma educa\u00e7\u00e3o<br \/>\nverdadeiramente inclusiva, segura e respeitosa para todas as crian\u00e7as e<br \/>\nadolescentes brasileiros.<br \/>\nSala das Sess\u00f5es, em        de                     de 2025.<br \/>\nDeputado MURILO GALDINO<br \/>\nPara verificar a assinatura, acesse https:\/\/infoleg-autenticidade-assinatura.camara.leg.br\/CD259867963400<br \/>\nAssinado eletronicamente pelo(a) Dep. Murilo Galdino<br \/>\nApresenta\u00e7\u00e3o: 15\/08\/2025 15:26:07.190 &#8211; Mesa<br \/>\n*CD259867963400* PL n.4028\/2025<\/article>\n<p><a href='https:\/\/app.legislapp.com.br\/#\/busca?termo='><\/a><\/p>\n<div style=\"text-align: center\">\n      <img decoding=\"async\" style=\"width: 14%;\" src=\"https:\/\/www.legislapp.com.br\/wp-content\/uploads\/2021\/07\/Logo-Legislapp-1-03-1.png\"><br \/>\n      <\/p>\n<div style=\"margin-bottom: 20px;\" class=\"et_pb_button_module_wrapper et_pb_button_5_tb_body_wrapper et_pb_button_alignment_center et_pb_module \">\n         <a class=\"et_pb_button et_pb_button_5_tb_body et_hover_enabled et_pb_bg_layout_dark\" style=\"width: 50%;background-color: black;\" href=\"https:\/\/app.legislapp.com.br\" target=\"_blank\" rel=\"noopener\">Visualizar completo na nossa plataforma (30 dias gr\u00e1tis)<\/a><\/p><\/div>\n<p>      <a href=\"https:\/\/play.google.com\/store\/apps\/details?id=br.com.legislapp\"><img decoding=\"async\" style=\"width: 15%; min-width: 130px;\" src=\"https:\/\/www.legislapp.com.br\/wp-content\/uploads\/google-play.png\"><\/a><br \/>\n      <a href=\"https:\/\/apps.apple.com\/us\/app\/legislapp\/id1568929859\"><img decoding=\"async\" style=\"width: 15%; min-width: 130px\" src=\"https:\/\/www.legislapp.com.br\/wp-content\/uploads\/apple-store.png\"><\/a>\n   <\/div>\n","protected":false},"excerpt":{"rendered":"<p>Avulso Inicial &#8211; Autoria de Murilo Galdino PROJETO DE LEI N\u00ba , DE 2025 (Do Sr. MURILO GALDINO) Altera a Lei n\u00ba 14.811, de 12 de janeiro de 2024, para dispor sobre a aten\u00e7\u00e3o especial \u00e0 preven\u00e7\u00e3o e combate \u00e0 viol\u00eancia contra crian\u00e7as e adolescentes com defici\u00eancia na implementa\u00e7\u00e3o de medidas de prote\u00e7\u00e3o \u00e0 crian\u00e7a [&hellip;]<\/p>\n","protected":false},"author":1,"featured_media":0,"parent":0,"menu_order":0,"comment_status":"closed","ping_status":"closed","template":"page-template-blank.php","meta":{"_et_pb_use_builder":"","_et_pb_old_content":"","_et_gb_content_width":"1080","ngg_post_thumbnail":0,"footnotes":""},"class_list":["post-10234","page","type-page","status-publish","hentry"],"yoast_head":"<!-- This site is optimized with the Yoast SEO plugin v24.4 - https:\/\/yoast.com\/wordpress\/plugins\/seo\/ -->\n<title>Avulso Inicial - PL 4028\/2025 - C\u00e2mara - Legislapp<\/title>\n<meta name=\"robots\" content=\"index, follow, max-snippet:-1, max-image-preview:large, max-video-preview:-1\" \/>\n<link rel=\"canonical\" href=\"https:\/\/www.legislapp.com.br\/index.php\/avulso-inicial-pl-4028-2025-camara\/\" \/>\n<meta property=\"og:locale\" content=\"pt_BR\" \/>\n<meta property=\"og:type\" content=\"article\" \/>\n<meta property=\"og:title\" content=\"Avulso Inicial - PL 4028\/2025 - C\u00e2mara - Legislapp\" \/>\n<meta property=\"og:description\" content=\"Avulso Inicial &#8211; Autoria de Murilo Galdino PROJETO DE LEI N\u00ba , DE 2025 (Do Sr. MURILO GALDINO) Altera a Lei n\u00ba 14.811, de 12 de janeiro de 2024, para dispor sobre a aten\u00e7\u00e3o especial \u00e0 preven\u00e7\u00e3o e combate \u00e0 viol\u00eancia contra crian\u00e7as e adolescentes com defici\u00eancia na implementa\u00e7\u00e3o de medidas de prote\u00e7\u00e3o \u00e0 crian\u00e7a [&hellip;]\" \/>\n<meta property=\"og:url\" content=\"https:\/\/www.legislapp.com.br\/index.php\/avulso-inicial-pl-4028-2025-camara\/\" \/>\n<meta property=\"og:site_name\" content=\"Legislapp\" \/>\n<meta property=\"article:publisher\" content=\"https:\/\/www.instagram.com\/legislapp\/\" \/>\n<meta property=\"og:image\" content=\"https:\/\/www.legislapp.com.br\/wp-content\/uploads\/2021\/07\/Logo-Legislapp-1-03-1.png\" \/>\n<meta name=\"twitter:card\" content=\"summary_large_image\" \/>\n<meta name=\"twitter:label1\" content=\"Est. tempo de leitura\" \/>\n\t<meta name=\"twitter:data1\" content=\"3 minutos\" \/>\n<script type=\"application\/ld+json\" class=\"yoast-schema-graph\">{\"@context\":\"https:\/\/schema.org\",\"@graph\":[{\"@type\":\"WebPage\",\"@id\":\"https:\/\/www.legislapp.com.br\/index.php\/avulso-inicial-pl-4028-2025-camara\/\",\"url\":\"https:\/\/www.legislapp.com.br\/index.php\/avulso-inicial-pl-4028-2025-camara\/\",\"name\":\"Avulso Inicial - PL 4028\/2025 - C\u00e2mara - Legislapp\",\"isPartOf\":{\"@id\":\"https:\/\/www.legislapp.com.br\/#website\"},\"primaryImageOfPage\":{\"@id\":\"https:\/\/www.legislapp.com.br\/index.php\/avulso-inicial-pl-4028-2025-camara\/#primaryimage\"},\"image\":{\"@id\":\"https:\/\/www.legislapp.com.br\/index.php\/avulso-inicial-pl-4028-2025-camara\/#primaryimage\"},\"thumbnailUrl\":\"https:\/\/www.legislapp.com.br\/wp-content\/uploads\/2021\/07\/Logo-Legislapp-1-03-1.png\",\"datePublished\":\"2025-12-01T14:07:25+00:00\",\"breadcrumb\":{\"@id\":\"https:\/\/www.legislapp.com.br\/index.php\/avulso-inicial-pl-4028-2025-camara\/#breadcrumb\"},\"inLanguage\":\"pt-BR\",\"potentialAction\":[{\"@type\":\"ReadAction\",\"target\":[\"https:\/\/www.legislapp.com.br\/index.php\/avulso-inicial-pl-4028-2025-camara\/\"]}]},{\"@type\":\"ImageObject\",\"inLanguage\":\"pt-BR\",\"@id\":\"https:\/\/www.legislapp.com.br\/index.php\/avulso-inicial-pl-4028-2025-camara\/#primaryimage\",\"url\":\"https:\/\/www.legislapp.com.br\/wp-content\/uploads\/2021\/07\/Logo-Legislapp-1-03-1.png\",\"contentUrl\":\"https:\/\/www.legislapp.com.br\/wp-content\/uploads\/2021\/07\/Logo-Legislapp-1-03-1.png\",\"width\":2679,\"height\":2697},{\"@type\":\"BreadcrumbList\",\"@id\":\"https:\/\/www.legislapp.com.br\/index.php\/avulso-inicial-pl-4028-2025-camara\/#breadcrumb\",\"itemListElement\":[{\"@type\":\"ListItem\",\"position\":1,\"name\":\"In\u00edcio\",\"item\":\"https:\/\/www.legislapp.com.br\/\"},{\"@type\":\"ListItem\",\"position\":2,\"name\":\"Avulso Inicial &#8211; PL 4028\/2025 &#8211; C\u00e2mara\"}]},{\"@type\":\"WebSite\",\"@id\":\"https:\/\/www.legislapp.com.br\/#website\",\"url\":\"https:\/\/www.legislapp.com.br\/\",\"name\":\"Legislapp\",\"description\":\"Intelig\u00eancia governamental em tempo real\",\"publisher\":{\"@id\":\"https:\/\/www.legislapp.com.br\/#organization\"},\"potentialAction\":[{\"@type\":\"SearchAction\",\"target\":{\"@type\":\"EntryPoint\",\"urlTemplate\":\"https:\/\/www.legislapp.com.br\/?s={search_term_string}\"},\"query-input\":{\"@type\":\"PropertyValueSpecification\",\"valueRequired\":true,\"valueName\":\"search_term_string\"}}],\"inLanguage\":\"pt-BR\"},{\"@type\":\"Organization\",\"@id\":\"https:\/\/www.legislapp.com.br\/#organization\",\"name\":\"Legislapp Monitoramento e Intelig\u00eancia Governamental\",\"url\":\"https:\/\/www.legislapp.com.br\/\",\"logo\":{\"@type\":\"ImageObject\",\"inLanguage\":\"pt-BR\",\"@id\":\"https:\/\/www.legislapp.com.br\/#\/schema\/logo\/image\/\",\"url\":\"https:\/\/www.legislapp.com.br\/wp-content\/uploads\/icon.png\",\"contentUrl\":\"https:\/\/www.legislapp.com.br\/wp-content\/uploads\/icon.png\",\"width\":1024,\"height\":1024,\"caption\":\"Legislapp Monitoramento e Intelig\u00eancia Governamental\"},\"image\":{\"@id\":\"https:\/\/www.legislapp.com.br\/#\/schema\/logo\/image\/\"},\"sameAs\":[\"https:\/\/www.instagram.com\/legislapp\/\"]}]}<\/script>\n<!-- \/ Yoast SEO plugin. -->","yoast_head_json":{"title":"Avulso Inicial - PL 4028\/2025 - C\u00e2mara - Legislapp","robots":{"index":"index","follow":"follow","max-snippet":"max-snippet:-1","max-image-preview":"max-image-preview:large","max-video-preview":"max-video-preview:-1"},"canonical":"https:\/\/www.legislapp.com.br\/index.php\/avulso-inicial-pl-4028-2025-camara\/","og_locale":"pt_BR","og_type":"article","og_title":"Avulso Inicial - PL 4028\/2025 - C\u00e2mara - Legislapp","og_description":"Avulso Inicial &#8211; Autoria de Murilo Galdino PROJETO DE LEI N\u00ba , DE 2025 (Do Sr. MURILO GALDINO) Altera a Lei n\u00ba 14.811, de 12 de janeiro de 2024, para dispor sobre a aten\u00e7\u00e3o especial \u00e0 preven\u00e7\u00e3o e combate \u00e0 viol\u00eancia contra crian\u00e7as e adolescentes com defici\u00eancia na implementa\u00e7\u00e3o de medidas de prote\u00e7\u00e3o \u00e0 crian\u00e7a [&hellip;]","og_url":"https:\/\/www.legislapp.com.br\/index.php\/avulso-inicial-pl-4028-2025-camara\/","og_site_name":"Legislapp","article_publisher":"https:\/\/www.instagram.com\/legislapp\/","og_image":[{"url":"https:\/\/www.legislapp.com.br\/wp-content\/uploads\/2021\/07\/Logo-Legislapp-1-03-1.png","type":"","width":"","height":""}],"twitter_card":"summary_large_image","twitter_misc":{"Est. tempo de leitura":"3 minutos"},"schema":{"@context":"https:\/\/schema.org","@graph":[{"@type":"WebPage","@id":"https:\/\/www.legislapp.com.br\/index.php\/avulso-inicial-pl-4028-2025-camara\/","url":"https:\/\/www.legislapp.com.br\/index.php\/avulso-inicial-pl-4028-2025-camara\/","name":"Avulso Inicial - PL 4028\/2025 - C\u00e2mara - Legislapp","isPartOf":{"@id":"https:\/\/www.legislapp.com.br\/#website"},"primaryImageOfPage":{"@id":"https:\/\/www.legislapp.com.br\/index.php\/avulso-inicial-pl-4028-2025-camara\/#primaryimage"},"image":{"@id":"https:\/\/www.legislapp.com.br\/index.php\/avulso-inicial-pl-4028-2025-camara\/#primaryimage"},"thumbnailUrl":"https:\/\/www.legislapp.com.br\/wp-content\/uploads\/2021\/07\/Logo-Legislapp-1-03-1.png","datePublished":"2025-12-01T14:07:25+00:00","breadcrumb":{"@id":"https:\/\/www.legislapp.com.br\/index.php\/avulso-inicial-pl-4028-2025-camara\/#breadcrumb"},"inLanguage":"pt-BR","potentialAction":[{"@type":"ReadAction","target":["https:\/\/www.legislapp.com.br\/index.php\/avulso-inicial-pl-4028-2025-camara\/"]}]},{"@type":"ImageObject","inLanguage":"pt-BR","@id":"https:\/\/www.legislapp.com.br\/index.php\/avulso-inicial-pl-4028-2025-camara\/#primaryimage","url":"https:\/\/www.legislapp.com.br\/wp-content\/uploads\/2021\/07\/Logo-Legislapp-1-03-1.png","contentUrl":"https:\/\/www.legislapp.com.br\/wp-content\/uploads\/2021\/07\/Logo-Legislapp-1-03-1.png","width":2679,"height":2697},{"@type":"BreadcrumbList","@id":"https:\/\/www.legislapp.com.br\/index.php\/avulso-inicial-pl-4028-2025-camara\/#breadcrumb","itemListElement":[{"@type":"ListItem","position":1,"name":"In\u00edcio","item":"https:\/\/www.legislapp.com.br\/"},{"@type":"ListItem","position":2,"name":"Avulso Inicial &#8211; PL 4028\/2025 &#8211; C\u00e2mara"}]},{"@type":"WebSite","@id":"https:\/\/www.legislapp.com.br\/#website","url":"https:\/\/www.legislapp.com.br\/","name":"Legislapp","description":"Intelig\u00eancia governamental em tempo real","publisher":{"@id":"https:\/\/www.legislapp.com.br\/#organization"},"potentialAction":[{"@type":"SearchAction","target":{"@type":"EntryPoint","urlTemplate":"https:\/\/www.legislapp.com.br\/?s={search_term_string}"},"query-input":{"@type":"PropertyValueSpecification","valueRequired":true,"valueName":"search_term_string"}}],"inLanguage":"pt-BR"},{"@type":"Organization","@id":"https:\/\/www.legislapp.com.br\/#organization","name":"Legislapp Monitoramento e Intelig\u00eancia Governamental","url":"https:\/\/www.legislapp.com.br\/","logo":{"@type":"ImageObject","inLanguage":"pt-BR","@id":"https:\/\/www.legislapp.com.br\/#\/schema\/logo\/image\/","url":"https:\/\/www.legislapp.com.br\/wp-content\/uploads\/icon.png","contentUrl":"https:\/\/www.legislapp.com.br\/wp-content\/uploads\/icon.png","width":1024,"height":1024,"caption":"Legislapp Monitoramento e Intelig\u00eancia Governamental"},"image":{"@id":"https:\/\/www.legislapp.com.br\/#\/schema\/logo\/image\/"},"sameAs":["https:\/\/www.instagram.com\/legislapp\/"]}]}},"_links":{"self":[{"href":"https:\/\/www.legislapp.com.br\/index.php\/wp-json\/wp\/v2\/pages\/10234","targetHints":{"allow":["GET"]}}],"collection":[{"href":"https:\/\/www.legislapp.com.br\/index.php\/wp-json\/wp\/v2\/pages"}],"about":[{"href":"https:\/\/www.legislapp.com.br\/index.php\/wp-json\/wp\/v2\/types\/page"}],"author":[{"embeddable":true,"href":"https:\/\/www.legislapp.com.br\/index.php\/wp-json\/wp\/v2\/users\/1"}],"replies":[{"embeddable":true,"href":"https:\/\/www.legislapp.com.br\/index.php\/wp-json\/wp\/v2\/comments?post=10234"}],"version-history":[{"count":0,"href":"https:\/\/www.legislapp.com.br\/index.php\/wp-json\/wp\/v2\/pages\/10234\/revisions"}],"wp:attachment":[{"href":"https:\/\/www.legislapp.com.br\/index.php\/wp-json\/wp\/v2\/media?parent=10234"}],"curies":[{"name":"wp","href":"https:\/\/api.w.org\/{rel}","templated":true}]}}