{"id":10241,"date":"2025-12-01T11:07:52","date_gmt":"2025-12-01T14:07:52","guid":{"rendered":"https:\/\/www.legislapp.com.br\/index.php\/avulso-inicial-pl-3024-2025-camara\/"},"modified":"2025-12-01T11:07:52","modified_gmt":"2025-12-01T14:07:52","slug":"avulso-inicial-pl-3024-2025-camara","status":"publish","type":"page","link":"https:\/\/www.legislapp.com.br\/index.php\/avulso-inicial-pl-3024-2025-camara\/","title":{"rendered":"Avulso Inicial &#8211; PL 3024\/2025 &#8211; C\u00e2mara"},"content":{"rendered":"<h1 style='text-align: center;'>Avulso Inicial &#8211; Autoria de Heitor Schuch<\/h3>\n<p><\/p>\n<article>PROJETO DE LEI N\u00ba          , DE 2025<br \/>\n(Do Sr. HEITOR SCHUCH)<br \/>\nDisp\u00f5e sobre a Pol\u00edtica Nacional de Apoio \u00e0 Juventude<br \/>\nRural e institui o Fundo Nacional de Apoio \u00e0 Juventude<br \/>\nRural.<br \/>\nO Congresso Nacional decreta:<br \/>\nArt. 1\u00ba Esta Lei disp\u00f5e sobre a Pol\u00edtica Nacional de Apoio \u00e0 Juventude Rural<br \/>\n(PNAP-Jovem) e institui o Fundo Nacional de Apoio \u00e0 Juventude Rural (FUNAJUR).<br \/>\nArt. 2\u00ba Fica institu\u00edda a Pol\u00edtica Nacional de Apoio \u00e0 Juventude Rural (PNAP-<br \/>\nJovem), destinada ao financiamento de projetos produtivos conduzidos por jovens agricultores<br \/>\nfamiliares, com os seguintes objetivos:<br \/>\nI &#8211; promover o acesso de jovens agricultores familiares a recursos financeiros e<br \/>\nassist\u00eancia t\u00e9cnica a fim de fortalecer suas atividades produtivas;<br \/>\nII \u2013 incentivar a perman\u00eancia do jovem no campo, contribuindo para a sucess\u00e3o<br \/>\nrural e a produ\u00e7\u00e3o de alimentos;<br \/>\nIII &#8211; fomentar o desenvolvimento rural sustent\u00e1vel por meio da gera\u00e7\u00e3o de<br \/>\nemprego e renda;<br \/>\nIV &#8211; estimular a agroind\u00fastria e a agrega\u00e7\u00e3o de valor \u00e0 produ\u00e7\u00e3o rural,<br \/>\nincentivando circuitos curtos de comercializa\u00e7\u00e3o e consumo;<br \/>\nV \u2013 incentivar a ado\u00e7\u00e3o de pr\u00e1ticas agroecol\u00f3gicas com vistas \u00e0 preserva\u00e7\u00e3o<br \/>\nambiental e ao uso sustent\u00e1vel dos recursos naturais;<br \/>\nVI &#8211; estimular a inova\u00e7\u00e3o e a difus\u00e3o de tecnologias adaptadas \u00e0s caracter\u00edsticas<br \/>\nda agricultura familiar, promovendo o aumento da produtividade e a sustentabilidade no campo.<br \/>\nArt. 3\u00ba S\u00e3o benefici\u00e1rios da PNAP-Jovem os jovens com idade entre 16 e 29<br \/>\nanos, integrantes de unidades familiares de produ\u00e7\u00e3o agr\u00e1ria, que atendam aos requisitos da Lei<br \/>\nn\u00ba 11.326, de 24 de julho de 2006, e a uma ou mais das seguintes condi\u00e7\u00f5es, al\u00e9m das demais<br \/>\ncondi\u00e7\u00f5es estabelecidas pelo Conselho Monet\u00e1rio Nacional:<br \/>\nI &#8211; tenham conclu\u00eddo ou estejam cursando o \u00faltimo ano em centros rurais de<br \/>\nforma\u00e7\u00e3o por altern\u00e2ncia;<br \/>\nPara verificar a assinatura, acesse https:\/\/infoleg-autenticidade-assinatura.camara.leg.br\/CD251951956300<br \/>\nAssinado eletronicamente pelo(a) Dep. Heitor Schuch<br \/>\nApresenta\u00e7\u00e3o: 24\/06\/2025 10:31:05.257 &#8211; Mesa<br \/>\n*CD251951956300* PL n.3024\/2025<br \/>2<br \/>\nII &#8211; tenham conclu\u00eddo ou estejam cursando o \u00faltimo ano em escolas t\u00e9cnicas<br \/>\nagr\u00edcolas de n\u00edvel m\u00e9dio;<br \/>\nIII &#8211; estejam cursando, h\u00e1 mais de 1 (um) ano, curso de ci\u00eancias agr\u00e1rias ou<br \/>\nmedicina veterin\u00e1ria em institui\u00e7\u00e3o de ensino superior; ou<br \/>\nIV &#8211; tenham conclu\u00eddo cursos de forma\u00e7\u00e3o ou capacita\u00e7\u00e3o no \u00e2mbito do<br \/>\nPrograma Nacional de Acesso ao Ensino T\u00e9cnico e Emprego (Pronatec) ou do Programa<br \/>\nNacional de Educa\u00e7\u00e3o no Campo (Pronacampo); ou<br \/>\nV &#8211; tenham orienta\u00e7\u00e3o e acompanhamento de empresa de assist\u00eancia t\u00e9cnica e<br \/>\nextens\u00e3o rural reconhecida pelo Minist\u00e9rio do Desenvolvimento Agr\u00e1rio e Agricultura Familiar<br \/>\n(MDA).<br \/>\nArt. 4\u00ba Para atingir seus objetivos, a PNAP-Jovem ser\u00e1 implementada por meio<br \/>\ndas seguintes a\u00e7\u00f5es:<br \/>\nI &#8211; cr\u00e9dito rural: financiamento de investimento em projetos produtivos individuais<br \/>\ne coletivos conduzidos por jovens integrantes de unidades familiares de produ\u00e7\u00e3o agr\u00e1ria, por<br \/>\nmeio de linhas de cr\u00e9dito espec\u00edficas, com taxas de juros favorecidas, prazos de car\u00eancia<br \/>\nampliados e b\u00f4nus de adimpl\u00eancia, conforme o porte do benefici\u00e1rio;<br \/>\nII &#8211; assist\u00eancia t\u00e9cnica e extens\u00e3o rural (ATER): assist\u00eancia t\u00e9cnica para a<br \/>\nelabora\u00e7\u00e3o, implementa\u00e7\u00e3o e monitoramento de projetos produtivos de jovens rurais, em parceria<br \/>\ncom institui\u00e7\u00f5es p\u00fablicas e privadas de pesquisa, assist\u00eancia t\u00e9cnica e extens\u00e3o rural;<br \/>\nIII &#8211; forma\u00e7\u00e3o e capacita\u00e7\u00e3o: cursos e programas de capacita\u00e7\u00e3o profissional<br \/>\ndirecionados ao desenvolvimento de habilidades t\u00e9cnicas e gerenciais dos jovens rurais;<br \/>\nIV \u2013 apoio \u00e0 comercializa\u00e7\u00e3o: apoio \u00e0 inser\u00e7\u00e3o dos jovens rurais em mercados<br \/>\nlocais e regionais, bem como o desenvolvimento de canais de comercializa\u00e7\u00e3o direta, mercados<br \/>\ninstitucionais e plataformas digitais;<br \/>\nV \u2013 incentivo ao cooperativismo e ao associativismo: fortalecer a organiza\u00e7\u00e3o dos<br \/>\njovens visando acessar mercados e fortalecer suas atividades produtivas;<br \/>\nVI &#8211; fomento produtivo: transfer\u00eancia de recursos financeiros n\u00e3o reembols\u00e1veis<br \/>\npara a estrutura\u00e7\u00e3o de projetos produtivos de jovens rurais, no \u00e2mbito do programa de Fomento<br \/>\n\u00e0s Atividades Produtivas Rurais, de que trata a Lei n\u00ba 12.512, de 14 de outubro de 2011.<br \/>\nPar\u00e1grafo \u00fanico. Os recursos para o financiamento da PNAP-Jovem ser\u00e3o<br \/>\nprovidos pelo Fundo Nacional de Apoio \u00e0 Juventude Rural (FUNAJUR), institu\u00eddo conforme as<br \/>\ndisposi\u00e7\u00f5es desta Lei.<br \/>\nPara verificar a assinatura, acesse https:\/\/infoleg-autenticidade-assinatura.camara.leg.br\/CD251951956300<br \/>\nAssinado eletronicamente pelo(a) Dep. Heitor Schuch<br \/>\nApresenta\u00e7\u00e3o: 24\/06\/2025 10:31:05.257 &#8211; Mesa<br \/>\n*CD251951956300* PL n.3024\/2025<br \/>3<br \/>\nArt. 5\u00b0 Fica institu\u00eddo o Fundo Nacional de Apoio \u00e0 Juventude Rural (FUNAJUR),<br \/>\nde natureza cont\u00e1bil e financeira, constitu\u00eddo pelas seguintes fontes de recursos:<br \/>\nI &#8211; dota\u00e7\u00f5es consignadas na Lei Or\u00e7ament\u00e1ria Anual (LOA) da Uni\u00e3o e em seus<br \/>\ncr\u00e9ditos adicionais;<br \/>\nII &#8211; recursos decorrentes de acordos, ajustes, contratos e conv\u00eanios celebrados<br \/>\ncom \u00f3rg\u00e3os e entidades das administra\u00e7\u00f5es p\u00fablicas federal, estadual, distrital e municipal;<br \/>\nIII &#8211; doa\u00e7\u00f5es de entidades nacionais e internacionais, p\u00fablicas e privadas;<br \/>\nIV &#8211; revers\u00e3o de saldos anuais n\u00e3o aplicados pelo Fundo;<br \/>\nV &#8211; t\u00edtulos da d\u00edvida p\u00fablica federal;<br \/>\nVI \u2013 recursos oriundos de juros e amortiza\u00e7\u00f5es de financiamentos;<br \/>\nVII \u2013 rendimentos auferidos com a aplica\u00e7\u00e3o de recursos do fundo;<br \/>\nVIII &#8211; outras fontes de recursos que lhe forem especificamente destinadas.<br \/>\n\u00a7 1\u00ba Os recursos de que trata o inciso I do caput podem ser aplicados<br \/>\ndiretamente pelo \u00f3rg\u00e3o competente do Poder Executivo, ou transferidos mediante conv\u00eanios,<br \/>\ntermos de parceria, acordos, ajustes ou outros instrumentos cong\u00eaneres previstos em lei aos<br \/>\nestados que implementarem fundos estaduais de apoio \u00e0 juventude rural, em conson\u00e2ncia com<br \/>\nos objetivos da PNAP-Jovem.<br \/>\n\u00a7 2\u00ba O FUNAJUR ser\u00e1 operado por institui\u00e7\u00e3o financeira oficial federal.<br \/>\nArt. 6\u00ba O FUNAJUR ser\u00e1 administrado por Comit\u00ea Gestor, cuja compet\u00eancia e<br \/>\ncomposi\u00e7\u00e3o ser\u00e3o estabelecidas em regulamento, asseguradas a participa\u00e7\u00e3o parit\u00e1ria de<br \/>\nrepresentantes do Poder P\u00fablico e da sociedade civil.<br \/>\nArt. 7\u00ba Esta Lei entra em vigor na data de sua publica\u00e7\u00e3o.<br \/>\nJUSTIFICA\u00c7\u00c3O<br \/>\nA agricultura familiar desempenha papel crucial no desenvolvimento econ\u00f4mico e<br \/>\nsocial do Brasil, sendo respons\u00e1vel por significativa parcela da produ\u00e7\u00e3o de alimentos e pela<br \/>\nmanuten\u00e7\u00e3o de comunidades rurais que dinamizam a economia dos munic\u00edpios brasileiros.<br \/>\nA sucess\u00e3o familiar rural \u00e9 tema de extrema import\u00e2ncia quando se trata da<br \/>\ncontinuidade dos neg\u00f3cios no campo. No entanto, os dados indicam que entre as pessoas<br \/>\nocupadas nas \u00e1reas rurais h\u00e1 preval\u00eancia de adultos e idosos. O Censo Agropecu\u00e1rio de 2017,<br \/>\nPara verificar a assinatura, acesse https:\/\/infoleg-autenticidade-assinatura.camara.leg.br\/CD251951956300<br \/>\nAssinado eletronicamente pelo(a) Dep. Heitor Schuch<br \/>\nApresenta\u00e7\u00e3o: 24\/06\/2025 10:31:05.257 &#8211; Mesa<br \/>\n*CD251951956300* PL n.3024\/2025<br \/>4<br \/>\ndivulgado pelo Instituo brasileiro de geografia e Estat\u00edstica (IBGE), mostra que um a cada quatro<br \/>\nprodutores rurais tem mais de 65 anos, indicando a necessidade de maior aten\u00e7\u00e3o \u00e0 inclus\u00e3o<br \/>\nprodutiva dos jovens rurais.<br \/>\nDados da Pesquisa Nacional por Amostra de Domic\u00edlio &#8211; PNAD dos anos de 2016<br \/>\ne de 2022 mostram que o n\u00famero de jovens entre 18 e 24 anos ocupados nas \u00e1reas rurais de<br \/>\ntodo o Brasil teve decresceu 14% no per\u00edodo. Na faixa et\u00e1ria de 25 a 29 anos, a queda foi de<br \/>\n11%, enquanto na faixa et\u00e1ria acima de 30 at\u00e9 49 anos o decr\u00e9scimo foi de apenas 4%. Nas<br \/>\nfaixas et\u00e1rias mais elevadas, de 50 a 59 anos, houve aumento de 2%, e acima dos 60 anos,<br \/>\nincremento de 12% no n\u00famero de pessoas ocupadas nas \u00e1reas rurais no mesmo per\u00edodo.<br \/>\nPortanto, os dados da PNAD permitem constatar que o meio rural brasileiro enfrenta dificuldades<br \/>\npara a inclus\u00e3o de jovens, na compara\u00e7\u00e3o com os demais grupos.<br \/>\nA perman\u00eancia dos jovens no campo tem sido um desafio constante, devido a<br \/>\nfatores como a dificuldade de acesso ao cr\u00e9dito rural, assist\u00eancia t\u00e9cnica e acesso a mercados,<br \/>\nal\u00e9m da car\u00eancia de servi\u00e7os b\u00e1sicos, lazer, cultura, esporte, conectividade e novas tecnologias.<br \/>\nNesse contexto, a Pol\u00edtica Nacional de Apoio \u00e0 Juventude Rural (PNAP-Jovem)<br \/>\ntem por objetivo oferecer apoio financeiro, t\u00e9cnico e educacional para jovens da agricultura<br \/>\nfamiliar, incentivando-os a permanecer no campo e realizar seus projetos de vida no meio rural. A<br \/>\nPNAP-Jovem visa propiciar melhores condi\u00e7\u00f5es de sucess\u00e3o no campo, reduzindo as<br \/>\ndesigualdades regionais e permitindo que os jovens se tornem protagonistas do desenvolvimento<br \/>\nrural sustent\u00e1vel.<br \/>\nAdemais, a cria\u00e7\u00e3o do Fundo Nacional de Apoio \u00e0 Juventude Rural (FUNAJUR)<br \/>\nobjetiva prover recursos para o financiamento da PNAP-Jovem. Essas medidas s\u00e3o fundamentais<br \/>\npara promover a gera\u00e7\u00e3o de emprego e renda e melhorar a qualidade de vida dos jovens do<br \/>\ncampo.<br \/>\nDessa forma, solicito o apoio dos nobres Pares \u00e0 aprova\u00e7\u00e3o deste Projeto de Lei,<br \/>\nque representa passo importante para a consolida\u00e7\u00e3o e capacita\u00e7\u00e3o das novas gera\u00e7\u00f5es de<br \/>\nagricultores comprometidos com a sustentabilidade e o desenvolvimento socioecon\u00f4mico das<br \/>\n\u00e1reas rurais do Pa\u00eds.<br \/>\nSala das Sess\u00f5es, em        de junho de 2025.<br \/>\nDeputado HEITOR SCHUCH<br \/>\nPara verificar a assinatura, acesse https:\/\/infoleg-autenticidade-assinatura.camara.leg.br\/CD251951956300<br \/>\nAssinado eletronicamente pelo(a) Dep. Heitor Schuch<br \/>\nApresenta\u00e7\u00e3o: 24\/06\/2025 10:31:05.257 &#8211; Mesa<br \/>\n*CD251951956300* PL n.3024\/2025<\/article>\n<p><a href='https:\/\/app.legislapp.com.br\/#\/busca?termo=Cria\u00e7\u00e3o'>Cria\u00e7\u00e3o<\/a>, <a href='https:\/\/app.legislapp.com.br\/#\/busca?termo=Pol\u00edtica Nacional de Apoio \u00e0 Juventude Rural (PNAP-Jovem)'>Pol\u00edtica Nacional de Apoio \u00e0 Juventude Rural (PNAP-Jovem)<\/a>, <a href='https:\/\/app.legislapp.com.br\/#\/busca?termo=Fundo Nacional de Apoio \u00e0 Juventude Rural (FUNAJUR)'>Fundo Nacional de Apoio \u00e0 Juventude Rural (FUNAJUR)<\/a>, <a href='https:\/\/app.legislapp.com.br\/#\/busca?termo=crit\u00e9rio'>crit\u00e9rio<\/a>, <a href='https:\/\/app.legislapp.com.br\/#\/busca?termo=financiamento rural'>financiamento rural<\/a>, <a href='https:\/\/app.legislapp.com.br\/#\/busca?termo=cr\u00e9dito rural'>cr\u00e9dito rural<\/a>, <a href='https:\/\/app.legislapp.com.br\/#\/busca?termo=educa\u00e7\u00e3o continuada'>educa\u00e7\u00e3o continuada<\/a>, <a href='https:\/\/app.legislapp.com.br\/#\/busca?termo=Assist\u00eancia T\u00e9cnica e Extens\u00e3o Rural (ATER)'>Assist\u00eancia T\u00e9cnica e Extens\u00e3o Rural (ATER)<\/a>, <a href='https:\/\/app.legislapp.com.br\/#\/busca?termo=jovem rural'>jovem rural<\/a>, <a href='https:\/\/app.legislapp.com.br\/#\/busca?termo=agricultor familiar'>agricultor familiar<\/a>, <a href='https:\/\/app.legislapp.com.br\/#\/busca?termo=agricultura familiar'>agricultura familiar<\/a>, <a href='https:\/\/app.legislapp.com.br\/#\/busca?termo=empreendimento familiar rural'>empreendimento familiar rural<\/a>, <a href='https:\/\/app.legislapp.com.br\/#\/busca?termo=empresa familiar rural'>empresa familiar rural<\/a>, <a href='https:\/\/app.legislapp.com.br\/#\/busca?termo=diretrizes.'>diretrizes.<\/a><\/p>\n<div style=\"text-align: center\">\n      <img decoding=\"async\" style=\"width: 14%;\" src=\"https:\/\/www.legislapp.com.br\/wp-content\/uploads\/2021\/07\/Logo-Legislapp-1-03-1.png\"><br \/>\n      <\/p>\n<div style=\"margin-bottom: 20px;\" class=\"et_pb_button_module_wrapper et_pb_button_5_tb_body_wrapper et_pb_button_alignment_center et_pb_module \">\n         <a class=\"et_pb_button et_pb_button_5_tb_body et_hover_enabled et_pb_bg_layout_dark\" style=\"width: 50%;background-color: black;\" href=\"https:\/\/app.legislapp.com.br\" target=\"_blank\" rel=\"noopener\">Visualizar completo na nossa plataforma (30 dias gr\u00e1tis)<\/a><\/p><\/div>\n<p>      <a href=\"https:\/\/play.google.com\/store\/apps\/details?id=br.com.legislapp\"><img decoding=\"async\" style=\"width: 15%; min-width: 130px;\" src=\"https:\/\/www.legislapp.com.br\/wp-content\/uploads\/google-play.png\"><\/a><br \/>\n      <a href=\"https:\/\/apps.apple.com\/us\/app\/legislapp\/id1568929859\"><img decoding=\"async\" style=\"width: 15%; min-width: 130px\" src=\"https:\/\/www.legislapp.com.br\/wp-content\/uploads\/apple-store.png\"><\/a>\n   <\/div>\n","protected":false},"excerpt":{"rendered":"<p>Avulso Inicial &#8211; Autoria de Heitor Schuch PROJETO DE LEI N\u00ba , DE 2025 (Do Sr. HEITOR SCHUCH) Disp\u00f5e sobre a Pol\u00edtica Nacional de Apoio \u00e0 Juventude Rural e institui o Fundo Nacional de Apoio \u00e0 Juventude Rural. O Congresso Nacional decreta: Art. 1\u00ba Esta Lei disp\u00f5e sobre a Pol\u00edtica Nacional de Apoio \u00e0 Juventude [&hellip;]<\/p>\n","protected":false},"author":1,"featured_media":0,"parent":0,"menu_order":0,"comment_status":"closed","ping_status":"closed","template":"page-template-blank.php","meta":{"_et_pb_use_builder":"","_et_pb_old_content":"","_et_gb_content_width":"1080","ngg_post_thumbnail":0,"footnotes":""},"class_list":["post-10241","page","type-page","status-publish","hentry"],"yoast_head":"<!-- This site is optimized with the Yoast SEO plugin v24.4 - https:\/\/yoast.com\/wordpress\/plugins\/seo\/ -->\n<title>Avulso Inicial - PL 3024\/2025 - C\u00e2mara - Legislapp<\/title>\n<meta name=\"robots\" content=\"index, follow, max-snippet:-1, max-image-preview:large, max-video-preview:-1\" \/>\n<link rel=\"canonical\" href=\"https:\/\/www.legislapp.com.br\/index.php\/avulso-inicial-pl-3024-2025-camara\/\" \/>\n<meta property=\"og:locale\" content=\"pt_BR\" \/>\n<meta property=\"og:type\" content=\"article\" \/>\n<meta property=\"og:title\" content=\"Avulso Inicial - PL 3024\/2025 - C\u00e2mara - Legislapp\" \/>\n<meta property=\"og:description\" content=\"Avulso Inicial &#8211; Autoria de Heitor Schuch PROJETO DE LEI N\u00ba , DE 2025 (Do Sr. HEITOR SCHUCH) Disp\u00f5e sobre a Pol\u00edtica Nacional de Apoio \u00e0 Juventude Rural e institui o Fundo Nacional de Apoio \u00e0 Juventude Rural. O Congresso Nacional decreta: Art. 1\u00ba Esta Lei disp\u00f5e sobre a Pol\u00edtica Nacional de Apoio \u00e0 Juventude [&hellip;]\" \/>\n<meta property=\"og:url\" content=\"https:\/\/www.legislapp.com.br\/index.php\/avulso-inicial-pl-3024-2025-camara\/\" \/>\n<meta property=\"og:site_name\" content=\"Legislapp\" \/>\n<meta property=\"article:publisher\" content=\"https:\/\/www.instagram.com\/legislapp\/\" \/>\n<meta property=\"og:image\" content=\"https:\/\/www.legislapp.com.br\/wp-content\/uploads\/2021\/07\/Logo-Legislapp-1-03-1.png\" \/>\n<meta name=\"twitter:card\" content=\"summary_large_image\" \/>\n<meta name=\"twitter:label1\" content=\"Est. tempo de leitura\" \/>\n\t<meta name=\"twitter:data1\" content=\"8 minutos\" \/>\n<script type=\"application\/ld+json\" class=\"yoast-schema-graph\">{\"@context\":\"https:\/\/schema.org\",\"@graph\":[{\"@type\":\"WebPage\",\"@id\":\"https:\/\/www.legislapp.com.br\/index.php\/avulso-inicial-pl-3024-2025-camara\/\",\"url\":\"https:\/\/www.legislapp.com.br\/index.php\/avulso-inicial-pl-3024-2025-camara\/\",\"name\":\"Avulso Inicial - PL 3024\/2025 - C\u00e2mara - Legislapp\",\"isPartOf\":{\"@id\":\"https:\/\/www.legislapp.com.br\/#website\"},\"primaryImageOfPage\":{\"@id\":\"https:\/\/www.legislapp.com.br\/index.php\/avulso-inicial-pl-3024-2025-camara\/#primaryimage\"},\"image\":{\"@id\":\"https:\/\/www.legislapp.com.br\/index.php\/avulso-inicial-pl-3024-2025-camara\/#primaryimage\"},\"thumbnailUrl\":\"https:\/\/www.legislapp.com.br\/wp-content\/uploads\/2021\/07\/Logo-Legislapp-1-03-1.png\",\"datePublished\":\"2025-12-01T14:07:52+00:00\",\"breadcrumb\":{\"@id\":\"https:\/\/www.legislapp.com.br\/index.php\/avulso-inicial-pl-3024-2025-camara\/#breadcrumb\"},\"inLanguage\":\"pt-BR\",\"potentialAction\":[{\"@type\":\"ReadAction\",\"target\":[\"https:\/\/www.legislapp.com.br\/index.php\/avulso-inicial-pl-3024-2025-camara\/\"]}]},{\"@type\":\"ImageObject\",\"inLanguage\":\"pt-BR\",\"@id\":\"https:\/\/www.legislapp.com.br\/index.php\/avulso-inicial-pl-3024-2025-camara\/#primaryimage\",\"url\":\"https:\/\/www.legislapp.com.br\/wp-content\/uploads\/2021\/07\/Logo-Legislapp-1-03-1.png\",\"contentUrl\":\"https:\/\/www.legislapp.com.br\/wp-content\/uploads\/2021\/07\/Logo-Legislapp-1-03-1.png\",\"width\":2679,\"height\":2697},{\"@type\":\"BreadcrumbList\",\"@id\":\"https:\/\/www.legislapp.com.br\/index.php\/avulso-inicial-pl-3024-2025-camara\/#breadcrumb\",\"itemListElement\":[{\"@type\":\"ListItem\",\"position\":1,\"name\":\"In\u00edcio\",\"item\":\"https:\/\/www.legislapp.com.br\/\"},{\"@type\":\"ListItem\",\"position\":2,\"name\":\"Avulso Inicial &#8211; PL 3024\/2025 &#8211; C\u00e2mara\"}]},{\"@type\":\"WebSite\",\"@id\":\"https:\/\/www.legislapp.com.br\/#website\",\"url\":\"https:\/\/www.legislapp.com.br\/\",\"name\":\"Legislapp\",\"description\":\"Intelig\u00eancia governamental em tempo real\",\"publisher\":{\"@id\":\"https:\/\/www.legislapp.com.br\/#organization\"},\"potentialAction\":[{\"@type\":\"SearchAction\",\"target\":{\"@type\":\"EntryPoint\",\"urlTemplate\":\"https:\/\/www.legislapp.com.br\/?s={search_term_string}\"},\"query-input\":{\"@type\":\"PropertyValueSpecification\",\"valueRequired\":true,\"valueName\":\"search_term_string\"}}],\"inLanguage\":\"pt-BR\"},{\"@type\":\"Organization\",\"@id\":\"https:\/\/www.legislapp.com.br\/#organization\",\"name\":\"Legislapp Monitoramento e Intelig\u00eancia Governamental\",\"url\":\"https:\/\/www.legislapp.com.br\/\",\"logo\":{\"@type\":\"ImageObject\",\"inLanguage\":\"pt-BR\",\"@id\":\"https:\/\/www.legislapp.com.br\/#\/schema\/logo\/image\/\",\"url\":\"https:\/\/www.legislapp.com.br\/wp-content\/uploads\/icon.png\",\"contentUrl\":\"https:\/\/www.legislapp.com.br\/wp-content\/uploads\/icon.png\",\"width\":1024,\"height\":1024,\"caption\":\"Legislapp Monitoramento e Intelig\u00eancia Governamental\"},\"image\":{\"@id\":\"https:\/\/www.legislapp.com.br\/#\/schema\/logo\/image\/\"},\"sameAs\":[\"https:\/\/www.instagram.com\/legislapp\/\"]}]}<\/script>\n<!-- \/ Yoast SEO plugin. -->","yoast_head_json":{"title":"Avulso Inicial - PL 3024\/2025 - C\u00e2mara - Legislapp","robots":{"index":"index","follow":"follow","max-snippet":"max-snippet:-1","max-image-preview":"max-image-preview:large","max-video-preview":"max-video-preview:-1"},"canonical":"https:\/\/www.legislapp.com.br\/index.php\/avulso-inicial-pl-3024-2025-camara\/","og_locale":"pt_BR","og_type":"article","og_title":"Avulso Inicial - PL 3024\/2025 - C\u00e2mara - Legislapp","og_description":"Avulso Inicial &#8211; Autoria de Heitor Schuch PROJETO DE LEI N\u00ba , DE 2025 (Do Sr. HEITOR SCHUCH) Disp\u00f5e sobre a Pol\u00edtica Nacional de Apoio \u00e0 Juventude Rural e institui o Fundo Nacional de Apoio \u00e0 Juventude Rural. O Congresso Nacional decreta: Art. 1\u00ba Esta Lei disp\u00f5e sobre a Pol\u00edtica Nacional de Apoio \u00e0 Juventude [&hellip;]","og_url":"https:\/\/www.legislapp.com.br\/index.php\/avulso-inicial-pl-3024-2025-camara\/","og_site_name":"Legislapp","article_publisher":"https:\/\/www.instagram.com\/legislapp\/","og_image":[{"url":"https:\/\/www.legislapp.com.br\/wp-content\/uploads\/2021\/07\/Logo-Legislapp-1-03-1.png","type":"","width":"","height":""}],"twitter_card":"summary_large_image","twitter_misc":{"Est. tempo de leitura":"8 minutos"},"schema":{"@context":"https:\/\/schema.org","@graph":[{"@type":"WebPage","@id":"https:\/\/www.legislapp.com.br\/index.php\/avulso-inicial-pl-3024-2025-camara\/","url":"https:\/\/www.legislapp.com.br\/index.php\/avulso-inicial-pl-3024-2025-camara\/","name":"Avulso Inicial - PL 3024\/2025 - C\u00e2mara - Legislapp","isPartOf":{"@id":"https:\/\/www.legislapp.com.br\/#website"},"primaryImageOfPage":{"@id":"https:\/\/www.legislapp.com.br\/index.php\/avulso-inicial-pl-3024-2025-camara\/#primaryimage"},"image":{"@id":"https:\/\/www.legislapp.com.br\/index.php\/avulso-inicial-pl-3024-2025-camara\/#primaryimage"},"thumbnailUrl":"https:\/\/www.legislapp.com.br\/wp-content\/uploads\/2021\/07\/Logo-Legislapp-1-03-1.png","datePublished":"2025-12-01T14:07:52+00:00","breadcrumb":{"@id":"https:\/\/www.legislapp.com.br\/index.php\/avulso-inicial-pl-3024-2025-camara\/#breadcrumb"},"inLanguage":"pt-BR","potentialAction":[{"@type":"ReadAction","target":["https:\/\/www.legislapp.com.br\/index.php\/avulso-inicial-pl-3024-2025-camara\/"]}]},{"@type":"ImageObject","inLanguage":"pt-BR","@id":"https:\/\/www.legislapp.com.br\/index.php\/avulso-inicial-pl-3024-2025-camara\/#primaryimage","url":"https:\/\/www.legislapp.com.br\/wp-content\/uploads\/2021\/07\/Logo-Legislapp-1-03-1.png","contentUrl":"https:\/\/www.legislapp.com.br\/wp-content\/uploads\/2021\/07\/Logo-Legislapp-1-03-1.png","width":2679,"height":2697},{"@type":"BreadcrumbList","@id":"https:\/\/www.legislapp.com.br\/index.php\/avulso-inicial-pl-3024-2025-camara\/#breadcrumb","itemListElement":[{"@type":"ListItem","position":1,"name":"In\u00edcio","item":"https:\/\/www.legislapp.com.br\/"},{"@type":"ListItem","position":2,"name":"Avulso Inicial &#8211; PL 3024\/2025 &#8211; C\u00e2mara"}]},{"@type":"WebSite","@id":"https:\/\/www.legislapp.com.br\/#website","url":"https:\/\/www.legislapp.com.br\/","name":"Legislapp","description":"Intelig\u00eancia governamental em tempo real","publisher":{"@id":"https:\/\/www.legislapp.com.br\/#organization"},"potentialAction":[{"@type":"SearchAction","target":{"@type":"EntryPoint","urlTemplate":"https:\/\/www.legislapp.com.br\/?s={search_term_string}"},"query-input":{"@type":"PropertyValueSpecification","valueRequired":true,"valueName":"search_term_string"}}],"inLanguage":"pt-BR"},{"@type":"Organization","@id":"https:\/\/www.legislapp.com.br\/#organization","name":"Legislapp Monitoramento e Intelig\u00eancia Governamental","url":"https:\/\/www.legislapp.com.br\/","logo":{"@type":"ImageObject","inLanguage":"pt-BR","@id":"https:\/\/www.legislapp.com.br\/#\/schema\/logo\/image\/","url":"https:\/\/www.legislapp.com.br\/wp-content\/uploads\/icon.png","contentUrl":"https:\/\/www.legislapp.com.br\/wp-content\/uploads\/icon.png","width":1024,"height":1024,"caption":"Legislapp Monitoramento e Intelig\u00eancia Governamental"},"image":{"@id":"https:\/\/www.legislapp.com.br\/#\/schema\/logo\/image\/"},"sameAs":["https:\/\/www.instagram.com\/legislapp\/"]}]}},"_links":{"self":[{"href":"https:\/\/www.legislapp.com.br\/index.php\/wp-json\/wp\/v2\/pages\/10241","targetHints":{"allow":["GET"]}}],"collection":[{"href":"https:\/\/www.legislapp.com.br\/index.php\/wp-json\/wp\/v2\/pages"}],"about":[{"href":"https:\/\/www.legislapp.com.br\/index.php\/wp-json\/wp\/v2\/types\/page"}],"author":[{"embeddable":true,"href":"https:\/\/www.legislapp.com.br\/index.php\/wp-json\/wp\/v2\/users\/1"}],"replies":[{"embeddable":true,"href":"https:\/\/www.legislapp.com.br\/index.php\/wp-json\/wp\/v2\/comments?post=10241"}],"version-history":[{"count":0,"href":"https:\/\/www.legislapp.com.br\/index.php\/wp-json\/wp\/v2\/pages\/10241\/revisions"}],"wp:attachment":[{"href":"https:\/\/www.legislapp.com.br\/index.php\/wp-json\/wp\/v2\/media?parent=10241"}],"curies":[{"name":"wp","href":"https:\/\/api.w.org\/{rel}","templated":true}]}}