{"id":10256,"date":"2025-12-01T11:08:33","date_gmt":"2025-12-01T14:08:33","guid":{"rendered":"https:\/\/www.legislapp.com.br\/index.php\/avulso-inicial-pl-5422-2025-camara\/"},"modified":"2025-12-01T11:08:33","modified_gmt":"2025-12-01T14:08:33","slug":"avulso-inicial-pl-5422-2025-camara","status":"publish","type":"page","link":"https:\/\/www.legislapp.com.br\/index.php\/avulso-inicial-pl-5422-2025-camara\/","title":{"rendered":"Avulso Inicial &#8211; PL 5422\/2025 &#8211; C\u00e2mara"},"content":{"rendered":"<h1 style='text-align: center;'>Avulso Inicial &#8211; Autoria de Capit\u00e3o Augusto<\/h3>\n<p><\/p>\n<article>PROJETO DE LEI N.\u00ba              , DE 2025<br \/>\n(Do Sr. Capit\u00e3o Augusto)<br \/>\nPermite a utiliza\u00e7\u00e3o de animais<br \/>\ndom\u00e9sticos adestrados em<br \/>\napresenta\u00e7\u00f5es p\u00fablicas de<br \/>\nentretenimento e disp\u00f5e sobre<br \/>\ndiretrizes gerais de bem-estar<br \/>\nanimal.<br \/>\nO Congresso Nacional decreta:<br \/>\nArt. 1\u00ba Esta Lei permite a utiliza\u00e7\u00e3o de animais dom\u00e9sticos<br \/>\nadestrados em apresenta\u00e7\u00f5es p\u00fablicas de entretenimento e disp\u00f5e sobre<br \/>\ndiretrizes gerais de bem-estar animal.<br \/>\nArt. 2\u00ba Ficam autorizadas, em todo o territ\u00f3rio nacional, as<br \/>\napresenta\u00e7\u00f5es com animais dom\u00e9sticos adestrados em circos, casas de<br \/>\nespet\u00e1culos, exposi\u00e7\u00f5es e demais atividades de entretenimento itinerantes e<br \/>\nn\u00e3o itinerantes.<br \/>\nArt. 3\u00ba Para efeitos desta Lei, consideram-se animais<br \/>\ndom\u00e9sticos aqueles reconhecidos por autoridade sanit\u00e1ria competente como<br \/>\nanimais historicamente adaptados \u00e0 conviv\u00eancia humana.<br \/>\nArt. 4\u00ba As apresenta\u00e7\u00f5es previstas nesta Lei devem observar<br \/>\nos seguintes princ\u00edpios de bem-estar:<br \/>\nPara verificar a assinatura, acesse https:\/\/infoleg-autenticidade-assinatura.camara.leg.br\/CD258434446100<br \/>\nAssinado eletronicamente pelo(a) Dep. Capit\u00e3o Augusto<br \/>\nApresenta\u00e7\u00e3o: 27\/10\/2025 11:34:28.023 &#8211; Mesa<br \/>\n*CD258434446100* PL n.5422\/2025<br \/>I \u2014 respeito, cuidado e prote\u00e7\u00e3o integral dos animais;<br \/>\nII \u2014 veda\u00e7\u00e3o de maus-tratos ou pr\u00e1ticas que causem<br \/>\nsofrimento;<br \/>\nIII \u2014 manuten\u00e7\u00e3o de condi\u00e7\u00f5es adequadas de sa\u00fade e<br \/>\nseguran\u00e7a.<br \/>\nArt. 5\u00ba Fica reconhecido o valor cultural, art\u00edstico e educativo da<br \/>\nparticipa\u00e7\u00e3o de animais dom\u00e9sticos adestrados em apresenta\u00e7\u00f5es p\u00fablicas,<br \/>\ndesde que realizada em ambiente seguro, em conformidade com esta Lei e<br \/>\ncom as normas t\u00e9cnicas da Associa\u00e7\u00e3o Brasileira de Normas T\u00e9cnicas &#8211;<br \/>\nABNT.<br \/>\nArt. 6\u00ba O Poder Executivo regulamentar\u00e1 esta Lei em at\u00e9 60<br \/>\n(sessenta) dias ap\u00f3s a sua publica\u00e7\u00e3o, estabelecendo normas complementares<br \/>\npara a fiscaliza\u00e7\u00e3o, certifica\u00e7\u00e3o e demais procedimentos.<br \/>\nArt. 7\u00ba Esta Lei entra em vigor na data de sua publica\u00e7\u00e3o.<br \/>\nJUSTIFICA\u00c7\u00c3O<br \/>\nO presente Projeto de Lei tem por objetivo garantir seguran\u00e7a<br \/>\njur\u00eddica \u00e0 utiliza\u00e7\u00e3o de animais dom\u00e9sticos adestrados em circos, casas de<br \/>\nespet\u00e1culos, eventos culturais e demais atividades de entretenimento que,<br \/>\nhistoricamente, integram a cultura popular brasileira.<br \/>\nAo longo dos anos, consolidou-se no Pa\u00eds uma percep\u00e7\u00e3o<br \/>\nequivocada de que toda utiliza\u00e7\u00e3o de animais em apresenta\u00e7\u00f5es representaria<br \/>\nmaus-tratos. Tal generaliza\u00e7\u00e3o ignora a pr\u00e1tica moderna dos circos e<br \/>\nexposi\u00e7\u00f5es que atuam com animais dom\u00e9sticos, sob acompanhamento<br \/>\nveterin\u00e1rio, com t\u00e9cnicas de refor\u00e7o positivo, respeito \u00e0s condi\u00e7\u00f5es de<br \/>\ndescanso, alimenta\u00e7\u00e3o e manejo adequado. Nesses casos, o animal deixa de<br \/>\nPara verificar a assinatura, acesse https:\/\/infoleg-autenticidade-assinatura.camara.leg.br\/CD258434446100<br \/>\nAssinado eletronicamente pelo(a) Dep. Capit\u00e3o Augusto<br \/>\nApresenta\u00e7\u00e3o: 27\/10\/2025 11:34:28.023 &#8211; Mesa<br \/>\n*CD258434446100* PL n.5422\/2025<br \/>ser visto como v\u00edtima e passa a ser protagonista, recebendo aten\u00e7\u00e3o, cuidado<br \/>\ne valoriza\u00e7\u00e3o.<br \/>\nImportante destacar que a participa\u00e7\u00e3o de animais dom\u00e9sticos<br \/>\n\u2014 como c\u00e3es, cavalos, p\u00f4neis, coelhos e animais de fazenda \u2014 tem car\u00e1ter<br \/>\neducativo, social e cultural, aproximando as crian\u00e7as e fam\u00edlias do universo do<br \/>\ncuidado, do respeito, da empatia e da conviv\u00eancia harmoniosa com os animais.<br \/>\nA arte circense e os espet\u00e1culos que envolvem tais animais promovem valores<br \/>\nde responsabilidade e despertam sensibilidade ambiental, inclusive<br \/>\npromovendo a posse respons\u00e1vel.<br \/>\nPortanto, a presente proposi\u00e7\u00e3o:<br \/>\n&#8211; preserva a milenar tradi\u00e7\u00e3o cultural do circo e do<br \/>\nentretenimento familiar no Brasil;<br \/>\n&#8211; garante seguran\u00e7a jur\u00eddica aos profissionais do setor, hoje<br \/>\nsujeitos \u00e0 inseguran\u00e7a normativa;<br \/>\n&#8211; refor\u00e7a o bem-estar animal sem criminalizar quem age<br \/>\ncorretamente;<br \/>\n&#8211; promove educa\u00e7\u00e3o e conscientiza\u00e7\u00e3o atrav\u00e9s da arte e da<br \/>\ncultura circense<br \/>\n&#8211; harmoniza preserva\u00e7\u00e3o cultural com responsabilidade<br \/>\nhumana.<br \/>\nDiante do exposto, entendendo o valor cultural, educativo e<br \/>\nsocial dessas pr\u00e1ticas, bem como a necessidade de afastar interpreta\u00e7\u00f5es<br \/>\nrestritivas que prejudicam atividades legais e fiscaliz\u00e1veis, solicitamos o apoio<br \/>\ndos nobres pares para aprova\u00e7\u00e3o deste projeto.<br \/>\nSala das Sess\u00f5es, em         de                         de 2025.<br \/>\nCapit\u00e3o Augusto<br \/>\nDeputado Federal<br \/>\nPL-SP<br \/>\nPara verificar a assinatura, acesse https:\/\/infoleg-autenticidade-assinatura.camara.leg.br\/CD258434446100<br \/>\nAssinado eletronicamente pelo(a) Dep. Capit\u00e3o Augusto<br \/>\nApresenta\u00e7\u00e3o: 27\/10\/2025 11:34:28.023 &#8211; Mesa<br \/>\n*CD258434446100* PL n.5422\/2025<\/article>\n<p><a href='https:\/\/app.legislapp.com.br\/#\/busca?termo=Autoriza\u00e7\u00e3o'>Autoriza\u00e7\u00e3o<\/a>, <a href='https:\/\/app.legislapp.com.br\/#\/busca?termo=animal dom\u00e9stico'>animal dom\u00e9stico<\/a>, <a href='https:\/\/app.legislapp.com.br\/#\/busca?termo=circo'>circo<\/a>, <a href='https:\/\/app.legislapp.com.br\/#\/busca?termo=atividade itinerante'>atividade itinerante<\/a>, <a href='https:\/\/app.legislapp.com.br\/#\/busca?termo=arte circense'>arte circense<\/a>, <a href='https:\/\/app.legislapp.com.br\/#\/busca?termo=espet\u00e1culo'>espet\u00e1culo<\/a>, <a href='https:\/\/app.legislapp.com.br\/#\/busca?termo=exposi\u00e7\u00e3o (evento)'>exposi\u00e7\u00e3o (evento)<\/a>, <a href='https:\/\/app.legislapp.com.br\/#\/busca?termo=diretrizes'>diretrizes<\/a>, <a href='https:\/\/app.legislapp.com.br\/#\/busca?termo=cachorro'>cachorro<\/a>, <a href='https:\/\/app.legislapp.com.br\/#\/busca?termo=cavalo'>cavalo<\/a>, <a href='https:\/\/app.legislapp.com.br\/#\/busca?termo=coelho.'>coelho.<\/a><\/p>\n<div style=\"text-align: center\">\n      <img decoding=\"async\" style=\"width: 14%;\" src=\"https:\/\/www.legislapp.com.br\/wp-content\/uploads\/2021\/07\/Logo-Legislapp-1-03-1.png\"><br \/>\n      <\/p>\n<div style=\"margin-bottom: 20px;\" class=\"et_pb_button_module_wrapper et_pb_button_5_tb_body_wrapper et_pb_button_alignment_center et_pb_module \">\n         <a class=\"et_pb_button et_pb_button_5_tb_body et_hover_enabled et_pb_bg_layout_dark\" style=\"width: 50%;background-color: black;\" href=\"https:\/\/app.legislapp.com.br\" target=\"_blank\" rel=\"noopener\">Visualizar completo na nossa plataforma (30 dias gr\u00e1tis)<\/a><\/p><\/div>\n<p>      <a href=\"https:\/\/play.google.com\/store\/apps\/details?id=br.com.legislapp\"><img decoding=\"async\" style=\"width: 15%; min-width: 130px;\" src=\"https:\/\/www.legislapp.com.br\/wp-content\/uploads\/google-play.png\"><\/a><br \/>\n      <a href=\"https:\/\/apps.apple.com\/us\/app\/legislapp\/id1568929859\"><img decoding=\"async\" style=\"width: 15%; min-width: 130px\" src=\"https:\/\/www.legislapp.com.br\/wp-content\/uploads\/apple-store.png\"><\/a>\n   <\/div>\n","protected":false},"excerpt":{"rendered":"<p>Avulso Inicial &#8211; Autoria de Capit\u00e3o Augusto PROJETO DE LEI N.\u00ba , DE 2025 (Do Sr. Capit\u00e3o Augusto) Permite a utiliza\u00e7\u00e3o de animais dom\u00e9sticos adestrados em apresenta\u00e7\u00f5es p\u00fablicas de entretenimento e disp\u00f5e sobre diretrizes gerais de bem-estar animal. O Congresso Nacional decreta: Art. 1\u00ba Esta Lei permite a utiliza\u00e7\u00e3o de animais dom\u00e9sticos adestrados em apresenta\u00e7\u00f5es [&hellip;]<\/p>\n","protected":false},"author":1,"featured_media":0,"parent":0,"menu_order":0,"comment_status":"closed","ping_status":"closed","template":"page-template-blank.php","meta":{"_et_pb_use_builder":"","_et_pb_old_content":"","_et_gb_content_width":"1080","ngg_post_thumbnail":0,"footnotes":""},"class_list":["post-10256","page","type-page","status-publish","hentry"],"yoast_head":"<!-- This site is optimized with the Yoast SEO plugin v24.4 - https:\/\/yoast.com\/wordpress\/plugins\/seo\/ -->\n<title>Avulso Inicial - PL 5422\/2025 - C\u00e2mara - Legislapp<\/title>\n<meta name=\"robots\" content=\"index, follow, max-snippet:-1, max-image-preview:large, max-video-preview:-1\" \/>\n<link rel=\"canonical\" href=\"https:\/\/www.legislapp.com.br\/index.php\/avulso-inicial-pl-5422-2025-camara\/\" \/>\n<meta property=\"og:locale\" content=\"pt_BR\" \/>\n<meta property=\"og:type\" content=\"article\" \/>\n<meta property=\"og:title\" content=\"Avulso Inicial - PL 5422\/2025 - C\u00e2mara - Legislapp\" \/>\n<meta property=\"og:description\" content=\"Avulso Inicial &#8211; Autoria de Capit\u00e3o Augusto PROJETO DE LEI N.\u00ba , DE 2025 (Do Sr. Capit\u00e3o Augusto) Permite a utiliza\u00e7\u00e3o de animais dom\u00e9sticos adestrados em apresenta\u00e7\u00f5es p\u00fablicas de entretenimento e disp\u00f5e sobre diretrizes gerais de bem-estar animal. O Congresso Nacional decreta: Art. 1\u00ba Esta Lei permite a utiliza\u00e7\u00e3o de animais dom\u00e9sticos adestrados em apresenta\u00e7\u00f5es [&hellip;]\" \/>\n<meta property=\"og:url\" content=\"https:\/\/www.legislapp.com.br\/index.php\/avulso-inicial-pl-5422-2025-camara\/\" \/>\n<meta property=\"og:site_name\" content=\"Legislapp\" \/>\n<meta property=\"article:publisher\" content=\"https:\/\/www.instagram.com\/legislapp\/\" \/>\n<meta property=\"og:image\" content=\"https:\/\/www.legislapp.com.br\/wp-content\/uploads\/2021\/07\/Logo-Legislapp-1-03-1.png\" \/>\n<meta name=\"twitter:card\" content=\"summary_large_image\" \/>\n<meta name=\"twitter:label1\" content=\"Est. tempo de leitura\" \/>\n\t<meta name=\"twitter:data1\" content=\"4 minutos\" \/>\n<script type=\"application\/ld+json\" class=\"yoast-schema-graph\">{\"@context\":\"https:\/\/schema.org\",\"@graph\":[{\"@type\":\"WebPage\",\"@id\":\"https:\/\/www.legislapp.com.br\/index.php\/avulso-inicial-pl-5422-2025-camara\/\",\"url\":\"https:\/\/www.legislapp.com.br\/index.php\/avulso-inicial-pl-5422-2025-camara\/\",\"name\":\"Avulso Inicial - PL 5422\/2025 - C\u00e2mara - Legislapp\",\"isPartOf\":{\"@id\":\"https:\/\/www.legislapp.com.br\/#website\"},\"primaryImageOfPage\":{\"@id\":\"https:\/\/www.legislapp.com.br\/index.php\/avulso-inicial-pl-5422-2025-camara\/#primaryimage\"},\"image\":{\"@id\":\"https:\/\/www.legislapp.com.br\/index.php\/avulso-inicial-pl-5422-2025-camara\/#primaryimage\"},\"thumbnailUrl\":\"https:\/\/www.legislapp.com.br\/wp-content\/uploads\/2021\/07\/Logo-Legislapp-1-03-1.png\",\"datePublished\":\"2025-12-01T14:08:33+00:00\",\"breadcrumb\":{\"@id\":\"https:\/\/www.legislapp.com.br\/index.php\/avulso-inicial-pl-5422-2025-camara\/#breadcrumb\"},\"inLanguage\":\"pt-BR\",\"potentialAction\":[{\"@type\":\"ReadAction\",\"target\":[\"https:\/\/www.legislapp.com.br\/index.php\/avulso-inicial-pl-5422-2025-camara\/\"]}]},{\"@type\":\"ImageObject\",\"inLanguage\":\"pt-BR\",\"@id\":\"https:\/\/www.legislapp.com.br\/index.php\/avulso-inicial-pl-5422-2025-camara\/#primaryimage\",\"url\":\"https:\/\/www.legislapp.com.br\/wp-content\/uploads\/2021\/07\/Logo-Legislapp-1-03-1.png\",\"contentUrl\":\"https:\/\/www.legislapp.com.br\/wp-content\/uploads\/2021\/07\/Logo-Legislapp-1-03-1.png\",\"width\":2679,\"height\":2697},{\"@type\":\"BreadcrumbList\",\"@id\":\"https:\/\/www.legislapp.com.br\/index.php\/avulso-inicial-pl-5422-2025-camara\/#breadcrumb\",\"itemListElement\":[{\"@type\":\"ListItem\",\"position\":1,\"name\":\"In\u00edcio\",\"item\":\"https:\/\/www.legislapp.com.br\/\"},{\"@type\":\"ListItem\",\"position\":2,\"name\":\"Avulso Inicial &#8211; PL 5422\/2025 &#8211; C\u00e2mara\"}]},{\"@type\":\"WebSite\",\"@id\":\"https:\/\/www.legislapp.com.br\/#website\",\"url\":\"https:\/\/www.legislapp.com.br\/\",\"name\":\"Legislapp\",\"description\":\"Intelig\u00eancia governamental em tempo real\",\"publisher\":{\"@id\":\"https:\/\/www.legislapp.com.br\/#organization\"},\"potentialAction\":[{\"@type\":\"SearchAction\",\"target\":{\"@type\":\"EntryPoint\",\"urlTemplate\":\"https:\/\/www.legislapp.com.br\/?s={search_term_string}\"},\"query-input\":{\"@type\":\"PropertyValueSpecification\",\"valueRequired\":true,\"valueName\":\"search_term_string\"}}],\"inLanguage\":\"pt-BR\"},{\"@type\":\"Organization\",\"@id\":\"https:\/\/www.legislapp.com.br\/#organization\",\"name\":\"Legislapp Monitoramento e Intelig\u00eancia Governamental\",\"url\":\"https:\/\/www.legislapp.com.br\/\",\"logo\":{\"@type\":\"ImageObject\",\"inLanguage\":\"pt-BR\",\"@id\":\"https:\/\/www.legislapp.com.br\/#\/schema\/logo\/image\/\",\"url\":\"https:\/\/www.legislapp.com.br\/wp-content\/uploads\/icon.png\",\"contentUrl\":\"https:\/\/www.legislapp.com.br\/wp-content\/uploads\/icon.png\",\"width\":1024,\"height\":1024,\"caption\":\"Legislapp Monitoramento e Intelig\u00eancia Governamental\"},\"image\":{\"@id\":\"https:\/\/www.legislapp.com.br\/#\/schema\/logo\/image\/\"},\"sameAs\":[\"https:\/\/www.instagram.com\/legislapp\/\"]}]}<\/script>\n<!-- \/ Yoast SEO plugin. -->","yoast_head_json":{"title":"Avulso Inicial - PL 5422\/2025 - C\u00e2mara - Legislapp","robots":{"index":"index","follow":"follow","max-snippet":"max-snippet:-1","max-image-preview":"max-image-preview:large","max-video-preview":"max-video-preview:-1"},"canonical":"https:\/\/www.legislapp.com.br\/index.php\/avulso-inicial-pl-5422-2025-camara\/","og_locale":"pt_BR","og_type":"article","og_title":"Avulso Inicial - PL 5422\/2025 - C\u00e2mara - Legislapp","og_description":"Avulso Inicial &#8211; Autoria de Capit\u00e3o Augusto PROJETO DE LEI N.\u00ba , DE 2025 (Do Sr. Capit\u00e3o Augusto) Permite a utiliza\u00e7\u00e3o de animais dom\u00e9sticos adestrados em apresenta\u00e7\u00f5es p\u00fablicas de entretenimento e disp\u00f5e sobre diretrizes gerais de bem-estar animal. O Congresso Nacional decreta: Art. 1\u00ba Esta Lei permite a utiliza\u00e7\u00e3o de animais dom\u00e9sticos adestrados em apresenta\u00e7\u00f5es [&hellip;]","og_url":"https:\/\/www.legislapp.com.br\/index.php\/avulso-inicial-pl-5422-2025-camara\/","og_site_name":"Legislapp","article_publisher":"https:\/\/www.instagram.com\/legislapp\/","og_image":[{"url":"https:\/\/www.legislapp.com.br\/wp-content\/uploads\/2021\/07\/Logo-Legislapp-1-03-1.png","type":"","width":"","height":""}],"twitter_card":"summary_large_image","twitter_misc":{"Est. tempo de leitura":"4 minutos"},"schema":{"@context":"https:\/\/schema.org","@graph":[{"@type":"WebPage","@id":"https:\/\/www.legislapp.com.br\/index.php\/avulso-inicial-pl-5422-2025-camara\/","url":"https:\/\/www.legislapp.com.br\/index.php\/avulso-inicial-pl-5422-2025-camara\/","name":"Avulso Inicial - PL 5422\/2025 - C\u00e2mara - Legislapp","isPartOf":{"@id":"https:\/\/www.legislapp.com.br\/#website"},"primaryImageOfPage":{"@id":"https:\/\/www.legislapp.com.br\/index.php\/avulso-inicial-pl-5422-2025-camara\/#primaryimage"},"image":{"@id":"https:\/\/www.legislapp.com.br\/index.php\/avulso-inicial-pl-5422-2025-camara\/#primaryimage"},"thumbnailUrl":"https:\/\/www.legislapp.com.br\/wp-content\/uploads\/2021\/07\/Logo-Legislapp-1-03-1.png","datePublished":"2025-12-01T14:08:33+00:00","breadcrumb":{"@id":"https:\/\/www.legislapp.com.br\/index.php\/avulso-inicial-pl-5422-2025-camara\/#breadcrumb"},"inLanguage":"pt-BR","potentialAction":[{"@type":"ReadAction","target":["https:\/\/www.legislapp.com.br\/index.php\/avulso-inicial-pl-5422-2025-camara\/"]}]},{"@type":"ImageObject","inLanguage":"pt-BR","@id":"https:\/\/www.legislapp.com.br\/index.php\/avulso-inicial-pl-5422-2025-camara\/#primaryimage","url":"https:\/\/www.legislapp.com.br\/wp-content\/uploads\/2021\/07\/Logo-Legislapp-1-03-1.png","contentUrl":"https:\/\/www.legislapp.com.br\/wp-content\/uploads\/2021\/07\/Logo-Legislapp-1-03-1.png","width":2679,"height":2697},{"@type":"BreadcrumbList","@id":"https:\/\/www.legislapp.com.br\/index.php\/avulso-inicial-pl-5422-2025-camara\/#breadcrumb","itemListElement":[{"@type":"ListItem","position":1,"name":"In\u00edcio","item":"https:\/\/www.legislapp.com.br\/"},{"@type":"ListItem","position":2,"name":"Avulso Inicial &#8211; PL 5422\/2025 &#8211; C\u00e2mara"}]},{"@type":"WebSite","@id":"https:\/\/www.legislapp.com.br\/#website","url":"https:\/\/www.legislapp.com.br\/","name":"Legislapp","description":"Intelig\u00eancia governamental em tempo real","publisher":{"@id":"https:\/\/www.legislapp.com.br\/#organization"},"potentialAction":[{"@type":"SearchAction","target":{"@type":"EntryPoint","urlTemplate":"https:\/\/www.legislapp.com.br\/?s={search_term_string}"},"query-input":{"@type":"PropertyValueSpecification","valueRequired":true,"valueName":"search_term_string"}}],"inLanguage":"pt-BR"},{"@type":"Organization","@id":"https:\/\/www.legislapp.com.br\/#organization","name":"Legislapp Monitoramento e Intelig\u00eancia Governamental","url":"https:\/\/www.legislapp.com.br\/","logo":{"@type":"ImageObject","inLanguage":"pt-BR","@id":"https:\/\/www.legislapp.com.br\/#\/schema\/logo\/image\/","url":"https:\/\/www.legislapp.com.br\/wp-content\/uploads\/icon.png","contentUrl":"https:\/\/www.legislapp.com.br\/wp-content\/uploads\/icon.png","width":1024,"height":1024,"caption":"Legislapp Monitoramento e Intelig\u00eancia Governamental"},"image":{"@id":"https:\/\/www.legislapp.com.br\/#\/schema\/logo\/image\/"},"sameAs":["https:\/\/www.instagram.com\/legislapp\/"]}]}},"_links":{"self":[{"href":"https:\/\/www.legislapp.com.br\/index.php\/wp-json\/wp\/v2\/pages\/10256","targetHints":{"allow":["GET"]}}],"collection":[{"href":"https:\/\/www.legislapp.com.br\/index.php\/wp-json\/wp\/v2\/pages"}],"about":[{"href":"https:\/\/www.legislapp.com.br\/index.php\/wp-json\/wp\/v2\/types\/page"}],"author":[{"embeddable":true,"href":"https:\/\/www.legislapp.com.br\/index.php\/wp-json\/wp\/v2\/users\/1"}],"replies":[{"embeddable":true,"href":"https:\/\/www.legislapp.com.br\/index.php\/wp-json\/wp\/v2\/comments?post=10256"}],"version-history":[{"count":0,"href":"https:\/\/www.legislapp.com.br\/index.php\/wp-json\/wp\/v2\/pages\/10256\/revisions"}],"wp:attachment":[{"href":"https:\/\/www.legislapp.com.br\/index.php\/wp-json\/wp\/v2\/media?parent=10256"}],"curies":[{"name":"wp","href":"https:\/\/api.w.org\/{rel}","templated":true}]}}