{"id":10287,"date":"2025-12-01T11:10:21","date_gmt":"2025-12-01T14:10:21","guid":{"rendered":"https:\/\/www.legislapp.com.br\/index.php\/avulso-inicial-pl-3209-2025-camara\/"},"modified":"2025-12-01T11:10:21","modified_gmt":"2025-12-01T14:10:21","slug":"avulso-inicial-pl-3209-2025-camara","status":"publish","type":"page","link":"https:\/\/www.legislapp.com.br\/index.php\/avulso-inicial-pl-3209-2025-camara\/","title":{"rendered":"Avulso Inicial &#8211; PL 3209\/2025 &#8211; C\u00e2mara"},"content":{"rendered":"<h1 style='text-align: center;'>Avulso Inicial &#8211; Autoria de Helena Lima<\/h3>\n<p><\/p>\n<article> C\u00c2MARA DOS DEPUTADOS<br \/>\n Gabinete da Deputada Helena Lima MDB\/RR<br \/>\n&#8220;Esporte \u00e9 transforma\u00e7\u00e3o social.&#8221;<br \/>\nPROJETO DE LEI N\u00ba          , DE 2025<br \/>\n(Da Sra. HELENA LIMA)<br \/>\nAcrescenta \u00a7\u00a7 3-A, 3-B e 3-C ao art. 26 da<br \/>\nLei n.\u00ba 9.394, de 20 de dezembro de 1996<br \/>\n(Lei de Diretrizes e Bases da Educa\u00e7\u00e3o<br \/>\nNacional), para estabelecer carga hor\u00e1ria<br \/>\nm\u00ednima de educa\u00e7\u00e3o f\u00edsica na educa\u00e7\u00e3o<br \/>\nb\u00e1sica.<br \/>\nO Congresso Nacional decreta:<br \/>\nArt. 1\u00ba O art. 26 da Lei n\u00ba 9.394, de 20 de dezembro de 1996<br \/>\n(Lei de Diretrizes e Bases da Educa\u00e7\u00e3o Nacional), passa a vigorar com a<br \/>\nseguinte reda\u00e7\u00e3o:<br \/>\n\u201cArt. 26 &#8230;&#8230;&#8230;&#8230;&#8230;&#8230;&#8230;&#8230;&#8230;&#8230;&#8230;&#8230;&#8230;&#8230;&#8230;&#8230;&#8230;&#8230;&#8230;&#8230;..<br \/>\n&#8230;&#8230;&#8230;&#8230;&#8230;&#8230;&#8230;&#8230;&#8230;&#8230;&#8230;&#8230;&#8230;&#8230;&#8230;&#8230;&#8230;&#8230;&#8230;&#8230;&#8230;&#8230;&#8230;&#8230;&#8230;<br \/>\n\u00a7 3\u00ba-A A carga hor\u00e1ria da educa\u00e7\u00e3o f\u00edsica ser\u00e1 de, no<br \/>\nm\u00ednimo 3 (tr\u00eas) horas semanais.<br \/>\n\u00a7 3\u00ba-B A carga hor\u00e1ria da educa\u00e7\u00e3o f\u00edsica ser\u00e1<br \/>\naumentada gradativamente at\u00e9 que atinja o m\u00ednimo de 6<br \/>\n(seis) horas semanais em escolas com regime de tempo<br \/>\nintegral.<br \/>\n\u00a7 3\u00ba-C A carga hor\u00e1ria mencionada no \u00a7 3\u00ba-B deste artigo,<br \/>\nser\u00e1 composta de 4 horas-aula de atividades e 2 horas-<br \/>\naula te\u00f3ricas sobre consci\u00eancia corporal e conhecimentos<br \/>\nb\u00e1sicos de ci\u00eancia do movimento.<br \/>\n&#8230;&#8230;&#8230;&#8230;&#8230;&#8230;&#8230;&#8230;&#8230;&#8230;&#8230;&#8230;&#8230;&#8230;&#8230;&#8230;&#8230;&#8230;&#8230;&#8230;.\u201d (NR)<br \/>\nArt. 2\u00b0 Al\u00e9m de quadras cobertas e polivalentes, as escolas<br \/>\nque venham a ser constru\u00eddas a partir da data de vig\u00eancia desta Lei dever\u00e3o<br \/>\nconter, em seu projeto arquitet\u00f4nico, espa\u00e7o adequado \u00e0 pr\u00e1tica de, pelo<br \/>\nmenos, mais duas modalidades desportivas.<br \/>\nC\u00e2mara dos Deputados | Anexo III \u2013 Gabinete 191 | CEP 70160-<br \/>\n900 &#8211; Bras\u00edlia, DF<br \/>\nTel (61) 3215-5191 | dep.helenalima.camara.leg.br<br \/>\nPara verificar a assinatura, acesse https:\/\/infoleg-autenticidade-assinatura.camara.leg.br\/CD254773521900<br \/>\nAssinado eletronicamente pelo(a) Dep. Helena Lima<br \/>\nApresenta\u00e7\u00e3o: 02\/07\/2025 17:32:39.447 &#8211; Mesa<br \/>\n*CD254773521900* PL n.3209\/2025<br \/> C\u00c2MARA DOS DEPUTADOS<br \/>\n Gabinete da Deputada Helena Lima MDB\/RR<br \/>\n&#8220;Esporte \u00e9 transforma\u00e7\u00e3o social.&#8221;<br \/>\nPar\u00e1grafo \u00fanico. Ser\u00e3o reformadas, no prazo de cinco anos a<br \/>\ncontar da publica\u00e7\u00e3o desta Lei, as escolas que n\u00e3o disp\u00f5em de condi\u00e7\u00f5es,<br \/>\npara atender ao que est\u00e1 disposto no caput.<br \/>\nArt. 3\u00b0 Esta lei entra em vigor na data de sua publica\u00e7\u00e3o.<br \/>\nJUSTIFICA\u00c7\u00c3O<br \/>\nA pr\u00e1tica regular de atividades f\u00edsicas assume crescente<br \/>\nrelev\u00e2ncia como estrat\u00e9gia essencial para promover n\u00e3o apenas a cultura do<br \/>\nmovimento, mas tamb\u00e9m a integra\u00e7\u00e3o social, o desenvolvimento integral e a<br \/>\nsa\u00fade psicof\u00edsica de crian\u00e7as, adolescentes e jovens.<br \/>\nEstudos cient\u00edficos reiteram, de forma contundente, que a<br \/>\natividade f\u00edsica est\u00e1 intrinsecamente ligada ao fortalecimento das fun\u00e7\u00f5es<br \/>\ncognitivas, \u00e0 regula\u00e7\u00e3o emocional, ao aumento da capacidade de concentra\u00e7\u00e3o<br \/>\ne \u00e0 melhoria do bem-estar geral. Al\u00e9m disso, tais atividades representam<br \/>\noportunidades vitais de intera\u00e7\u00e3o humana, contrastando com o isolamento<br \/>\nprogressivo imposto pela hiperconex\u00e3o digital.<br \/>\nParadoxalmente, observa-se que as novas gera\u00e7\u00f5es est\u00e3o<br \/>\nimersas em uma rotina marcada pelo sedentarismo e pela depend\u00eancia de<br \/>\ndispositivos eletr\u00f4nicos, celulares, tablets, computadores e videogames, que<br \/>\nsubstituem experi\u00eancias concretas de socializa\u00e7\u00e3o e movimento. Esse cen\u00e1rio<br \/>\n\u00e9 alarmante, j\u00e1 que a ci\u00eancia comprova que a passividade f\u00edsica est\u00e1 associada<br \/>\na riscos como ansiedade, d\u00e9ficit de aten\u00e7\u00e3o e fragiliza\u00e7\u00e3o das rela\u00e7\u00f5es<br \/>\ninterpessoais.<br \/>\nDiante desse contexto, \u00e9 urgente reconhecer que a falta de<br \/>\nespa\u00e7os p\u00fablicos adequados e seguros para a pr\u00e1tica esportiva e recreativa<br \/>\nexclui milhares de jovens de um direito fundamental. Nesse v\u00e1cuo, a escola<br \/>\nemerge como institui\u00e7\u00e3o-chave, \u00fanica com capilaridade e voca\u00e7\u00e3o para<br \/>\noferecer acesso democr\u00e1tico a atividades corporais estruturadas, inclusivas e<br \/>\npedagogicamente orientadas. Mais do que um ambiente de ensino formal, a<br \/>\nC\u00e2mara dos Deputados | Anexo III \u2013 Gabinete 191 | CEP 70160-<br \/>\n900 &#8211; Bras\u00edlia, DF<br \/>\nTel (61) 3215-5191 | dep.helenalima.camara.leg.br<br \/>\nPara verificar a assinatura, acesse https:\/\/infoleg-autenticidade-assinatura.camara.leg.br\/CD254773521900<br \/>\nAssinado eletronicamente pelo(a) Dep. Helena Lima<br \/>\nApresenta\u00e7\u00e3o: 02\/07\/2025 17:32:39.447 &#8211; Mesa<br \/>\n*CD254773521900* PL n.3209\/2025<br \/> C\u00c2MARA DOS DEPUTADOS<br \/>\n Gabinete da Deputada Helena Lima MDB\/RR<br \/>\n&#8220;Esporte \u00e9 transforma\u00e7\u00e3o social.&#8221;<br \/>\nescola deve ser um n\u00facleo de promo\u00e7\u00e3o de sa\u00fade coletiva, estimulando<br \/>\nh\u00e1bitos que transcendam suas paredes e impactem positivamente a vida em<br \/>\nsociedade.<br \/>\nPortanto, esta proposi\u00e7\u00e3o n\u00e3o apenas visa combater os efeitos<br \/>\nnegativos da era digital, mas tamb\u00e9m reafirmar o papel da escola como agente<br \/>\ntransformador, garantindo que todas as crian\u00e7as e jovens tenham condi\u00e7\u00f5es<br \/>\nequ\u00e2nimes para desenvolver seu potencial f\u00edsico, emocional e social.<br \/>\nPelos argumentos expostos, contamos com o apoio dos nobres<br \/>\ncolegas para viabilizar essa proposi\u00e7\u00e3o crucial.<br \/>\nSala das Sess\u00f5es, em        de                     de 2025.<br \/>\nDeputada HELENA LIMA<br \/>\nC\u00e2mara dos Deputados | Anexo III \u2013 Gabinete 191 | CEP 70160-<br \/>\n900 &#8211; Bras\u00edlia, DF<br \/>\nTel (61) 3215-5191 | dep.helenalima.camara.leg.br<br \/>\nPara verificar a assinatura, acesse https:\/\/infoleg-autenticidade-assinatura.camara.leg.br\/CD254773521900<br \/>\nAssinado eletronicamente pelo(a) Dep. Helena Lima<br \/>\nApresenta\u00e7\u00e3o: 02\/07\/2025 17:32:39.447 &#8211; Mesa<br \/>\n*CD254773521900* PL n.3209\/2025<\/article>\n<p><a href='https:\/\/app.legislapp.com.br\/#\/busca?termo=Altera\u00e7\u00e3o'>Altera\u00e7\u00e3o<\/a>, <a href='https:\/\/app.legislapp.com.br\/#\/busca?termo=Lei de Diretrizes e Bases da Educa\u00e7\u00e3o Nacional (1996)'>Lei de Diretrizes e Bases da Educa\u00e7\u00e3o Nacional (1996)<\/a>, <a href='https:\/\/app.legislapp.com.br\/#\/busca?termo=aumento'>aumento<\/a>, <a href='https:\/\/app.legislapp.com.br\/#\/busca?termo=carga hor\u00e1ria'>carga hor\u00e1ria<\/a>, <a href='https:\/\/app.legislapp.com.br\/#\/busca?termo=educa\u00e7\u00e3o f\u00edsica'>educa\u00e7\u00e3o f\u00edsica<\/a>, <a href='https:\/\/app.legislapp.com.br\/#\/busca?termo=educa\u00e7\u00e3o b\u00e1sica'>educa\u00e7\u00e3o b\u00e1sica<\/a>, <a href='https:\/\/app.legislapp.com.br\/#\/busca?termo=constru\u00e7\u00e3o'>constru\u00e7\u00e3o<\/a>, <a href='https:\/\/app.legislapp.com.br\/#\/busca?termo=adequa\u00e7\u00e3o'>adequa\u00e7\u00e3o<\/a>, <a href='https:\/\/app.legislapp.com.br\/#\/busca?termo=quadra esportiva.'>quadra esportiva.<\/a><\/p>\n<div style=\"text-align: center\">\n      <img decoding=\"async\" style=\"width: 14%;\" src=\"https:\/\/www.legislapp.com.br\/wp-content\/uploads\/2021\/07\/Logo-Legislapp-1-03-1.png\"><br \/>\n      <\/p>\n<div style=\"margin-bottom: 20px;\" class=\"et_pb_button_module_wrapper et_pb_button_5_tb_body_wrapper et_pb_button_alignment_center et_pb_module \">\n         <a class=\"et_pb_button et_pb_button_5_tb_body et_hover_enabled et_pb_bg_layout_dark\" style=\"width: 50%;background-color: black;\" href=\"https:\/\/app.legislapp.com.br\" target=\"_blank\" rel=\"noopener\">Visualizar completo na nossa plataforma (30 dias gr\u00e1tis)<\/a><\/p><\/div>\n<p>      <a href=\"https:\/\/play.google.com\/store\/apps\/details?id=br.com.legislapp\"><img decoding=\"async\" style=\"width: 15%; min-width: 130px;\" src=\"https:\/\/www.legislapp.com.br\/wp-content\/uploads\/google-play.png\"><\/a><br \/>\n      <a href=\"https:\/\/apps.apple.com\/us\/app\/legislapp\/id1568929859\"><img decoding=\"async\" style=\"width: 15%; min-width: 130px\" src=\"https:\/\/www.legislapp.com.br\/wp-content\/uploads\/apple-store.png\"><\/a>\n   <\/div>\n","protected":false},"excerpt":{"rendered":"<p>Avulso Inicial &#8211; Autoria de Helena Lima C\u00c2MARA DOS DEPUTADOS Gabinete da Deputada Helena Lima MDB\/RR &#8220;Esporte \u00e9 transforma\u00e7\u00e3o social.&#8221; PROJETO DE LEI N\u00ba , DE 2025 (Da Sra. HELENA LIMA) Acrescenta \u00a7\u00a7 3-A, 3-B e 3-C ao art. 26 da Lei n.\u00ba 9.394, de 20 de dezembro de 1996 (Lei de Diretrizes e Bases [&hellip;]<\/p>\n","protected":false},"author":1,"featured_media":0,"parent":0,"menu_order":0,"comment_status":"closed","ping_status":"closed","template":"page-template-blank.php","meta":{"_et_pb_use_builder":"","_et_pb_old_content":"","_et_gb_content_width":"1080","ngg_post_thumbnail":0,"footnotes":""},"class_list":["post-10287","page","type-page","status-publish","hentry"],"yoast_head":"<!-- This site is optimized with the Yoast SEO plugin v24.4 - https:\/\/yoast.com\/wordpress\/plugins\/seo\/ -->\n<title>Avulso Inicial - PL 3209\/2025 - C\u00e2mara - Legislapp<\/title>\n<meta name=\"robots\" content=\"index, follow, max-snippet:-1, max-image-preview:large, max-video-preview:-1\" \/>\n<link rel=\"canonical\" href=\"https:\/\/www.legislapp.com.br\/index.php\/avulso-inicial-pl-3209-2025-camara\/\" \/>\n<meta property=\"og:locale\" content=\"pt_BR\" \/>\n<meta property=\"og:type\" content=\"article\" \/>\n<meta property=\"og:title\" content=\"Avulso Inicial - PL 3209\/2025 - C\u00e2mara - Legislapp\" \/>\n<meta property=\"og:description\" content=\"Avulso Inicial &#8211; Autoria de Helena Lima C\u00c2MARA DOS DEPUTADOS Gabinete da Deputada Helena Lima MDB\/RR &#8220;Esporte \u00e9 transforma\u00e7\u00e3o social.&#8221; PROJETO DE LEI N\u00ba , DE 2025 (Da Sra. HELENA LIMA) Acrescenta \u00a7\u00a7 3-A, 3-B e 3-C ao art. 26 da Lei n.\u00ba 9.394, de 20 de dezembro de 1996 (Lei de Diretrizes e Bases [&hellip;]\" \/>\n<meta property=\"og:url\" content=\"https:\/\/www.legislapp.com.br\/index.php\/avulso-inicial-pl-3209-2025-camara\/\" \/>\n<meta property=\"og:site_name\" content=\"Legislapp\" \/>\n<meta property=\"article:publisher\" content=\"https:\/\/www.instagram.com\/legislapp\/\" \/>\n<meta property=\"og:image\" content=\"https:\/\/www.legislapp.com.br\/wp-content\/uploads\/2021\/07\/Logo-Legislapp-1-03-1.png\" \/>\n<meta name=\"twitter:card\" content=\"summary_large_image\" \/>\n<meta name=\"twitter:label1\" content=\"Est. tempo de leitura\" \/>\n\t<meta name=\"twitter:data1\" content=\"4 minutos\" \/>\n<script type=\"application\/ld+json\" class=\"yoast-schema-graph\">{\"@context\":\"https:\/\/schema.org\",\"@graph\":[{\"@type\":\"WebPage\",\"@id\":\"https:\/\/www.legislapp.com.br\/index.php\/avulso-inicial-pl-3209-2025-camara\/\",\"url\":\"https:\/\/www.legislapp.com.br\/index.php\/avulso-inicial-pl-3209-2025-camara\/\",\"name\":\"Avulso Inicial - PL 3209\/2025 - C\u00e2mara - Legislapp\",\"isPartOf\":{\"@id\":\"https:\/\/www.legislapp.com.br\/#website\"},\"primaryImageOfPage\":{\"@id\":\"https:\/\/www.legislapp.com.br\/index.php\/avulso-inicial-pl-3209-2025-camara\/#primaryimage\"},\"image\":{\"@id\":\"https:\/\/www.legislapp.com.br\/index.php\/avulso-inicial-pl-3209-2025-camara\/#primaryimage\"},\"thumbnailUrl\":\"https:\/\/www.legislapp.com.br\/wp-content\/uploads\/2021\/07\/Logo-Legislapp-1-03-1.png\",\"datePublished\":\"2025-12-01T14:10:21+00:00\",\"breadcrumb\":{\"@id\":\"https:\/\/www.legislapp.com.br\/index.php\/avulso-inicial-pl-3209-2025-camara\/#breadcrumb\"},\"inLanguage\":\"pt-BR\",\"potentialAction\":[{\"@type\":\"ReadAction\",\"target\":[\"https:\/\/www.legislapp.com.br\/index.php\/avulso-inicial-pl-3209-2025-camara\/\"]}]},{\"@type\":\"ImageObject\",\"inLanguage\":\"pt-BR\",\"@id\":\"https:\/\/www.legislapp.com.br\/index.php\/avulso-inicial-pl-3209-2025-camara\/#primaryimage\",\"url\":\"https:\/\/www.legislapp.com.br\/wp-content\/uploads\/2021\/07\/Logo-Legislapp-1-03-1.png\",\"contentUrl\":\"https:\/\/www.legislapp.com.br\/wp-content\/uploads\/2021\/07\/Logo-Legislapp-1-03-1.png\",\"width\":2679,\"height\":2697},{\"@type\":\"BreadcrumbList\",\"@id\":\"https:\/\/www.legislapp.com.br\/index.php\/avulso-inicial-pl-3209-2025-camara\/#breadcrumb\",\"itemListElement\":[{\"@type\":\"ListItem\",\"position\":1,\"name\":\"In\u00edcio\",\"item\":\"https:\/\/www.legislapp.com.br\/\"},{\"@type\":\"ListItem\",\"position\":2,\"name\":\"Avulso Inicial &#8211; PL 3209\/2025 &#8211; C\u00e2mara\"}]},{\"@type\":\"WebSite\",\"@id\":\"https:\/\/www.legislapp.com.br\/#website\",\"url\":\"https:\/\/www.legislapp.com.br\/\",\"name\":\"Legislapp\",\"description\":\"Intelig\u00eancia governamental em tempo real\",\"publisher\":{\"@id\":\"https:\/\/www.legislapp.com.br\/#organization\"},\"potentialAction\":[{\"@type\":\"SearchAction\",\"target\":{\"@type\":\"EntryPoint\",\"urlTemplate\":\"https:\/\/www.legislapp.com.br\/?s={search_term_string}\"},\"query-input\":{\"@type\":\"PropertyValueSpecification\",\"valueRequired\":true,\"valueName\":\"search_term_string\"}}],\"inLanguage\":\"pt-BR\"},{\"@type\":\"Organization\",\"@id\":\"https:\/\/www.legislapp.com.br\/#organization\",\"name\":\"Legislapp Monitoramento e Intelig\u00eancia Governamental\",\"url\":\"https:\/\/www.legislapp.com.br\/\",\"logo\":{\"@type\":\"ImageObject\",\"inLanguage\":\"pt-BR\",\"@id\":\"https:\/\/www.legislapp.com.br\/#\/schema\/logo\/image\/\",\"url\":\"https:\/\/www.legislapp.com.br\/wp-content\/uploads\/icon.png\",\"contentUrl\":\"https:\/\/www.legislapp.com.br\/wp-content\/uploads\/icon.png\",\"width\":1024,\"height\":1024,\"caption\":\"Legislapp Monitoramento e Intelig\u00eancia Governamental\"},\"image\":{\"@id\":\"https:\/\/www.legislapp.com.br\/#\/schema\/logo\/image\/\"},\"sameAs\":[\"https:\/\/www.instagram.com\/legislapp\/\"]}]}<\/script>\n<!-- \/ Yoast SEO plugin. -->","yoast_head_json":{"title":"Avulso Inicial - PL 3209\/2025 - C\u00e2mara - Legislapp","robots":{"index":"index","follow":"follow","max-snippet":"max-snippet:-1","max-image-preview":"max-image-preview:large","max-video-preview":"max-video-preview:-1"},"canonical":"https:\/\/www.legislapp.com.br\/index.php\/avulso-inicial-pl-3209-2025-camara\/","og_locale":"pt_BR","og_type":"article","og_title":"Avulso Inicial - PL 3209\/2025 - C\u00e2mara - Legislapp","og_description":"Avulso Inicial &#8211; Autoria de Helena Lima C\u00c2MARA DOS DEPUTADOS Gabinete da Deputada Helena Lima MDB\/RR &#8220;Esporte \u00e9 transforma\u00e7\u00e3o social.&#8221; PROJETO DE LEI N\u00ba , DE 2025 (Da Sra. HELENA LIMA) Acrescenta \u00a7\u00a7 3-A, 3-B e 3-C ao art. 26 da Lei n.\u00ba 9.394, de 20 de dezembro de 1996 (Lei de Diretrizes e Bases [&hellip;]","og_url":"https:\/\/www.legislapp.com.br\/index.php\/avulso-inicial-pl-3209-2025-camara\/","og_site_name":"Legislapp","article_publisher":"https:\/\/www.instagram.com\/legislapp\/","og_image":[{"url":"https:\/\/www.legislapp.com.br\/wp-content\/uploads\/2021\/07\/Logo-Legislapp-1-03-1.png","type":"","width":"","height":""}],"twitter_card":"summary_large_image","twitter_misc":{"Est. tempo de leitura":"4 minutos"},"schema":{"@context":"https:\/\/schema.org","@graph":[{"@type":"WebPage","@id":"https:\/\/www.legislapp.com.br\/index.php\/avulso-inicial-pl-3209-2025-camara\/","url":"https:\/\/www.legislapp.com.br\/index.php\/avulso-inicial-pl-3209-2025-camara\/","name":"Avulso Inicial - PL 3209\/2025 - C\u00e2mara - Legislapp","isPartOf":{"@id":"https:\/\/www.legislapp.com.br\/#website"},"primaryImageOfPage":{"@id":"https:\/\/www.legislapp.com.br\/index.php\/avulso-inicial-pl-3209-2025-camara\/#primaryimage"},"image":{"@id":"https:\/\/www.legislapp.com.br\/index.php\/avulso-inicial-pl-3209-2025-camara\/#primaryimage"},"thumbnailUrl":"https:\/\/www.legislapp.com.br\/wp-content\/uploads\/2021\/07\/Logo-Legislapp-1-03-1.png","datePublished":"2025-12-01T14:10:21+00:00","breadcrumb":{"@id":"https:\/\/www.legislapp.com.br\/index.php\/avulso-inicial-pl-3209-2025-camara\/#breadcrumb"},"inLanguage":"pt-BR","potentialAction":[{"@type":"ReadAction","target":["https:\/\/www.legislapp.com.br\/index.php\/avulso-inicial-pl-3209-2025-camara\/"]}]},{"@type":"ImageObject","inLanguage":"pt-BR","@id":"https:\/\/www.legislapp.com.br\/index.php\/avulso-inicial-pl-3209-2025-camara\/#primaryimage","url":"https:\/\/www.legislapp.com.br\/wp-content\/uploads\/2021\/07\/Logo-Legislapp-1-03-1.png","contentUrl":"https:\/\/www.legislapp.com.br\/wp-content\/uploads\/2021\/07\/Logo-Legislapp-1-03-1.png","width":2679,"height":2697},{"@type":"BreadcrumbList","@id":"https:\/\/www.legislapp.com.br\/index.php\/avulso-inicial-pl-3209-2025-camara\/#breadcrumb","itemListElement":[{"@type":"ListItem","position":1,"name":"In\u00edcio","item":"https:\/\/www.legislapp.com.br\/"},{"@type":"ListItem","position":2,"name":"Avulso Inicial &#8211; PL 3209\/2025 &#8211; C\u00e2mara"}]},{"@type":"WebSite","@id":"https:\/\/www.legislapp.com.br\/#website","url":"https:\/\/www.legislapp.com.br\/","name":"Legislapp","description":"Intelig\u00eancia governamental em tempo real","publisher":{"@id":"https:\/\/www.legislapp.com.br\/#organization"},"potentialAction":[{"@type":"SearchAction","target":{"@type":"EntryPoint","urlTemplate":"https:\/\/www.legislapp.com.br\/?s={search_term_string}"},"query-input":{"@type":"PropertyValueSpecification","valueRequired":true,"valueName":"search_term_string"}}],"inLanguage":"pt-BR"},{"@type":"Organization","@id":"https:\/\/www.legislapp.com.br\/#organization","name":"Legislapp Monitoramento e Intelig\u00eancia Governamental","url":"https:\/\/www.legislapp.com.br\/","logo":{"@type":"ImageObject","inLanguage":"pt-BR","@id":"https:\/\/www.legislapp.com.br\/#\/schema\/logo\/image\/","url":"https:\/\/www.legislapp.com.br\/wp-content\/uploads\/icon.png","contentUrl":"https:\/\/www.legislapp.com.br\/wp-content\/uploads\/icon.png","width":1024,"height":1024,"caption":"Legislapp Monitoramento e Intelig\u00eancia Governamental"},"image":{"@id":"https:\/\/www.legislapp.com.br\/#\/schema\/logo\/image\/"},"sameAs":["https:\/\/www.instagram.com\/legislapp\/"]}]}},"_links":{"self":[{"href":"https:\/\/www.legislapp.com.br\/index.php\/wp-json\/wp\/v2\/pages\/10287","targetHints":{"allow":["GET"]}}],"collection":[{"href":"https:\/\/www.legislapp.com.br\/index.php\/wp-json\/wp\/v2\/pages"}],"about":[{"href":"https:\/\/www.legislapp.com.br\/index.php\/wp-json\/wp\/v2\/types\/page"}],"author":[{"embeddable":true,"href":"https:\/\/www.legislapp.com.br\/index.php\/wp-json\/wp\/v2\/users\/1"}],"replies":[{"embeddable":true,"href":"https:\/\/www.legislapp.com.br\/index.php\/wp-json\/wp\/v2\/comments?post=10287"}],"version-history":[{"count":0,"href":"https:\/\/www.legislapp.com.br\/index.php\/wp-json\/wp\/v2\/pages\/10287\/revisions"}],"wp:attachment":[{"href":"https:\/\/www.legislapp.com.br\/index.php\/wp-json\/wp\/v2\/media?parent=10287"}],"curies":[{"name":"wp","href":"https:\/\/api.w.org\/{rel}","templated":true}]}}