{"id":10294,"date":"2025-12-01T11:10:54","date_gmt":"2025-12-01T14:10:54","guid":{"rendered":"https:\/\/www.legislapp.com.br\/index.php\/avulso-inicial-pl-4148-2025-camara\/"},"modified":"2025-12-01T11:10:54","modified_gmt":"2025-12-01T14:10:54","slug":"avulso-inicial-pl-4148-2025-camara","status":"publish","type":"page","link":"https:\/\/www.legislapp.com.br\/index.php\/avulso-inicial-pl-4148-2025-camara\/","title":{"rendered":"Avulso Inicial &#8211; PL 4148\/2025 &#8211; C\u00e2mara"},"content":{"rendered":"<h1 style='text-align: center;'>Avulso Inicial &#8211; Autoria de Gisela Simona<\/h3>\n<p><\/p>\n<article> C\u00c2MARA DOS DEPUTADOS<br \/>\nGabinete da Deputada GISELA SIMONA \u2013 UNI\u00c3O\/MT<br \/>\nPROJETO DE LEI N\u00ba          , DE 2025<br \/>\n(Da Sra. Deputada  Gisela Simona)<br \/>\nTorna obrigat\u00f3ria a utiliza\u00e7\u00e3o de c\u00f3digo<br \/>\nnum\u00e9rico padronizado para<br \/>\nidentifica\u00e7\u00e3o de chamadas de<br \/>\ntelemarketing ativo no territ\u00f3rio<br \/>\nnacional e d\u00e1 outras provid\u00eancias.<br \/>\nO Congresso Nacional decreta:<br \/>\nArt. 1\u00b0 As chamadas telef\u00f4nicas originadas por servi\u00e7os de<br \/>\ntelemarketing ativo, realizadas por meio de qualquer tecnologia ou modalidade<br \/>\nde telecomunica\u00e7\u00e3o, dever\u00e3o utilizar obrigatoriamente c\u00f3digo n\u00e3o geogr\u00e1fico<br \/>\npadronizado de tr\u00eas d\u00edgitos.<br \/>\n\u00a7 1\u00ba O c\u00f3digo dever\u00e1 constar no in\u00edcio do n\u00famero de origem e ser<br \/>\nexibido integralmente no identificador de chamadas do destinat\u00e1rio.<br \/>\n\u00a7 2\u00ba Considera-se telemarketing ativo, para fins desta lei, a oferta<br \/>\nou promo\u00e7\u00e3o de produtos, servi\u00e7os, doa\u00e7\u00f5es ou campanhas, por qualquer meio de<br \/>\ntelecomunica\u00e7\u00e3o que envolva chamada telef\u00f4nica originada por pessoa f\u00edsica,<br \/>\njur\u00eddica ou entidade, com ou sem fins lucrativos, de forma automatizada ou<br \/>\nmanual.<br \/>\nArt. 2\u00b0 A implementa\u00e7\u00e3o da obrigatoriedade prevista nesta Lei<br \/>\nobservar\u00e1 os seguintes crit\u00e9rios m\u00ednimos:<br \/>\nI \u2013 prazo m\u00e1ximo de 90 (noventa) dias para adapta\u00e7\u00e3o das<br \/>\nprestadoras do Servi\u00e7o M\u00f3vel Pessoal (SMP);<br \/>\nII \u2013 prazo m\u00e1ximo de 180 (cento e oitenta) dias para adapta\u00e7\u00e3o<br \/>\ndas prestadoras do Servi\u00e7o Telef\u00f4nico Fixo Comutado (STFC);<br \/>\nIII \u2013 veda\u00e7\u00e3o ao uso do c\u00f3digo por chamadas que n\u00e3o se<br \/>\ncaracterizem como telemarketing ativo, configurando infra\u00e7\u00e3o em caso de<br \/>\nutiliza\u00e7\u00e3o indevida;<br \/>\nC\u00e2mara dos Deputados | Anexo IV \u2013 6\u00ba andar \u2013 Gabinete 602 | 70100-970 Bras\u00edlia DF<br \/>\nTel (61) 3215-5602 | dep.giselasimona@camara.leg.br<br \/>\nPara verificar a assinatura, acesse https:\/\/infoleg-autenticidade-assinatura.camara.leg.br\/CD250172398100<br \/>\nAssinado eletronicamente pelo(a) Dep. Gisela Simona<br \/>\nApresenta\u00e7\u00e3o: 20\/08\/2025 19:24:15.733 &#8211; Mesa<br \/>\n*CD250172398100* PL n.4148\/2025<br \/>IV \u2013 obriga\u00e7\u00e3o das prestadoras de telecomunica\u00e7\u00f5es de<br \/>\nimplementar bloqueio preventivo e gratuito das chamadas originadas com o<br \/>\nc\u00f3digo, sempre que solicitado pelo consumidor;<br \/>\nV \u2013 fiscaliza\u00e7\u00e3o priorit\u00e1ria para empresas ou entidades que<br \/>\noriginem mais de 300 mil chamadas mensais.<br \/>\nPar\u00e1grafo \u00fanico. O Poder Executivo por interm\u00e9dio Ag\u00eancia<br \/>\nNacional de Telecomunica\u00e7\u00f5es (Anatel), regulamentar\u00e1 as condi\u00e7\u00f5es t\u00e9cnicas de<br \/>\nimplementa\u00e7\u00e3o e fiscaliza\u00e7\u00e3o, sendo admitidas dispensas apenas em hip\u00f3teses de<br \/>\nutilidade p\u00fablica ou emerg\u00eancia, devidamente justificadas.<br \/>\nArt. 3\u00ba O descumprimento desta Lei sujeitar\u00e1 o infrator:<br \/>\nI \u2013 \u00e0s san\u00e7\u00f5es previstas no C\u00f3digo de Defesa do Consumidor (Lei<br \/>\nn\u00ba 8.078, de 11 de setembro de 1990);<br \/>\nII \u2013 \u00e0s penalidades previstas na Lei Geral de Telecomunica\u00e7\u00f5es<br \/>\n(Lei n\u00ba 9.472, de 16 de julho de 1997).<br \/>\nArt. 4\u00ba Esta lei entra em vigor ap\u00f3s decorridos 180 (cento e<br \/>\noitenta) dias de sua publica\u00e7\u00e3o.<br \/>\nJUSTIFICA\u00c7\u00c3O<br \/>\nO presente Projeto de Lei tem por objetivo assegurar ao<br \/>\nconsumidor o direito de identificar, de forma clara e inequ\u00edvoca, as<br \/>\nchamadas telef\u00f4nicas originadas por servi\u00e7os de telemarketing ativo,<br \/>\nmediante a utiliza\u00e7\u00e3o obrigat\u00f3ria de c\u00f3digo n\u00e3o geogr\u00e1fico padronizado de<br \/>\ntr\u00eas d\u00edgitos.<br \/>\nA prote\u00e7\u00e3o do consumidor \u00e9 direito fundamental previsto no<br \/>\nart. 5\u00ba, XXXII, e princ\u00edpio da ordem econ\u00f4mica no art. 170, V, ambos da<br \/>\nConstitui\u00e7\u00e3o Federal. A compet\u00eancia para legislar sobre telecomunica\u00e7\u00f5es<br \/>\n\u00e9 privativa da Uni\u00e3o (art. 22, IV), cabendo ao Congresso Nacional<br \/>\nestabelecer normas gerais que garantam transpar\u00eancia, seguran\u00e7a e<br \/>\nprote\u00e7\u00e3o contra abusos nesse setor.<br \/>\nO C\u00f3digo de Defesa do Consumidor (Lei n\u00ba 8.078\/1990)<br \/>\nassegura, em seu art. 6\u00ba, III, o direito \u00e0 informa\u00e7\u00e3o adequada e clara, e, no<br \/>\nart. 39, pro\u00edbe pr\u00e1ticas abusivas. No contexto das telecomunica\u00e7\u00f5es, a<br \/>\nidentifica\u00e7\u00e3o pr\u00e9via e inequ\u00edvoca de chamadas de telemarketing \u00e9 condi\u00e7\u00e3o<br \/>\nC\u00e2mara dos Deputados | Anexo IV \u2013 6\u00ba andar \u2013 Gabinete 602 | 70100-970 Bras\u00edlia DF<br \/>\nTel (61) 3215-5602 | dep.giselasimona@camara.leg.br<br \/>\nPara verificar a assinatura, acesse https:\/\/infoleg-autenticidade-assinatura.camara.leg.br\/CD250172398100<br \/>\nAssinado eletronicamente pelo(a) Dep. Gisela Simona<br \/>\nApresenta\u00e7\u00e3o: 20\/08\/2025 19:24:15.733 &#8211; Mesa<br \/>\n*CD250172398100* PL n.4148\/2025<br \/>indispens\u00e1vel para o exerc\u00edcio desse direito, permitindo ao consumidor<br \/>\ndecidir se deseja ou n\u00e3o atender determinada liga\u00e7\u00e3o.<br \/>\nA Ag\u00eancia Nacional de Telecomunica\u00e7\u00f5es (Anatel)<br \/>\ninstituiu, em 2021, por meio do Ato n\u00ba 10.413, o uso do c\u00f3digo n\u00e3o<br \/>\ngeogr\u00e1fico (CNG) 0303 para identificar chamadas de telemarketing ativo,<br \/>\nposteriormente revogado pelo Ato n\u00ba 13.672, de 27 de setembro de 2022.<br \/>\nEntretanto, em agosto de 2025, o Conselho Diretor da Ag\u00eancia revogou a<br \/>\nobrigatoriedade do uso do 0303, tornando-o facultativo, sob o argumento<br \/>\nde que o prefixo gerou \u201cestigmatiza\u00e7\u00e3o\u201d e baixa taxa de atendimento.<br \/>\nTal flexibiliza\u00e7\u00e3o, embora possa atender a interesses de<br \/>\nentidades e empresas que dependem do contato telef\u00f4nico, fragiliza a<br \/>\nposi\u00e7\u00e3o do consumidor, que perde uma ferramenta simples e eficaz para<br \/>\nidentificar chamadas indesejadas e se proteger contra abusos e golpes. Sem<br \/>\num padr\u00e3o num\u00e9rico fixo, aumenta-se a dificuldade de bloqueio sistem\u00e1tico<br \/>\nde chamadas abusivas e o risco de pr\u00e1ticas fraudulentas como o spoofing.<br \/>\nO presente Projeto de Lei eleva a obrigatoriedade do uso de<br \/>\num c\u00f3digo padronizado de identifica\u00e7\u00e3o de telemarketing ao n\u00edvel legal,<br \/>\nretirando-a da instabilidade de regulamentos administrativos que podem ser<br \/>\nalterados sem participa\u00e7\u00e3o efetiva do Congresso Nacional. Ao mesmo<br \/>\ntempo, permite que a Anatel regulamente os detalhes t\u00e9cnicos e<br \/>\nexcepcione, de forma motivada, casos de utilidade p\u00fablica ou emerg\u00eancia.<br \/>\nCom esta medida, asseguramos transpar\u00eancia, fortalecemos<br \/>\na fiscaliza\u00e7\u00e3o e protegemos milh\u00f5es de consumidores brasileiros, sem<br \/>\nimpedir a atua\u00e7\u00e3o leg\u00edtima de empresas e entidades que respeitam as boas<br \/>\npr\u00e1ticas de contato com o p\u00fablico.<br \/>\nDiante do exposto, solicito o apoio dos nobres Pares para a<br \/>\nAPROVA\u00c7\u00c3O deste projeto, em defesa do direito \u00e0 informa\u00e7\u00e3o, da<br \/>\nseguran\u00e7a e da dignidade do consumidor brasileiro.<br \/>\nSala das Sess\u00f5es, em        de                     de 2025.<br \/>\nDeputada GISELA SIMONA<br \/>\nUni\u00e3o-MT<br \/>\nC\u00e2mara dos Deputados | Anexo IV \u2013 6\u00ba andar \u2013 Gabinete 602 | 70100-970 Bras\u00edlia DF<br \/>\nTel (61) 3215-5602 | dep.giselasimona@camara.leg.br<br \/>\nPara verificar a assinatura, acesse https:\/\/infoleg-autenticidade-assinatura.camara.leg.br\/CD250172398100<br \/>\nAssinado eletronicamente pelo(a) Dep. Gisela Simona<br \/>\nApresenta\u00e7\u00e3o: 20\/08\/2025 19:24:15.733 &#8211; Mesa<br \/>\n*CD250172398100* PL n.4148\/2025<\/article>\n<p><a href='https:\/\/app.legislapp.com.br\/#\/busca?termo=Obrigatoriedade'>Obrigatoriedade<\/a>, <a href='https:\/\/app.legislapp.com.br\/#\/busca?termo=utiliza\u00e7\u00e3o'>utiliza\u00e7\u00e3o<\/a>, <a href='https:\/\/app.legislapp.com.br\/#\/busca?termo=C\u00f3digo N\u00e3o Geogr\u00e1fico (CNG)'>C\u00f3digo N\u00e3o Geogr\u00e1fico (CNG)<\/a>, <a href='https:\/\/app.legislapp.com.br\/#\/busca?termo=telemarketing ativo'>telemarketing ativo<\/a>, <a href='https:\/\/app.legislapp.com.br\/#\/busca?termo=oferta'>oferta<\/a>, <a href='https:\/\/app.legislapp.com.br\/#\/busca?termo=promo\u00e7\u00e3o'>promo\u00e7\u00e3o<\/a>, <a href='https:\/\/app.legislapp.com.br\/#\/busca?termo=produtos'>produtos<\/a>, <a href='https:\/\/app.legislapp.com.br\/#\/busca?termo=servi\u00e7os'>servi\u00e7os<\/a>, <a href='https:\/\/app.legislapp.com.br\/#\/busca?termo=campanha'>campanha<\/a>, <a href='https:\/\/app.legislapp.com.br\/#\/busca?termo=direito do consumidor'>direito do consumidor<\/a>, <a href='https:\/\/app.legislapp.com.br\/#\/busca?termo=descumprimento'>descumprimento<\/a>, <a href='https:\/\/app.legislapp.com.br\/#\/busca?termo=penalidade'>penalidade<\/a>, <a href='https:\/\/app.legislapp.com.br\/#\/busca?termo=diretrizes.'>diretrizes.<\/a><\/p>\n<div style=\"text-align: center\">\n      <img decoding=\"async\" style=\"width: 14%;\" src=\"https:\/\/www.legislapp.com.br\/wp-content\/uploads\/2021\/07\/Logo-Legislapp-1-03-1.png\"><br \/>\n      <\/p>\n<div style=\"margin-bottom: 20px;\" class=\"et_pb_button_module_wrapper et_pb_button_5_tb_body_wrapper et_pb_button_alignment_center et_pb_module \">\n         <a class=\"et_pb_button et_pb_button_5_tb_body et_hover_enabled et_pb_bg_layout_dark\" style=\"width: 50%;background-color: black;\" href=\"https:\/\/app.legislapp.com.br\" target=\"_blank\" rel=\"noopener\">Visualizar completo na nossa plataforma (30 dias gr\u00e1tis)<\/a><\/p><\/div>\n<p>      <a href=\"https:\/\/play.google.com\/store\/apps\/details?id=br.com.legislapp\"><img decoding=\"async\" style=\"width: 15%; min-width: 130px;\" src=\"https:\/\/www.legislapp.com.br\/wp-content\/uploads\/google-play.png\"><\/a><br \/>\n      <a href=\"https:\/\/apps.apple.com\/us\/app\/legislapp\/id1568929859\"><img decoding=\"async\" style=\"width: 15%; min-width: 130px\" src=\"https:\/\/www.legislapp.com.br\/wp-content\/uploads\/apple-store.png\"><\/a>\n   <\/div>\n","protected":false},"excerpt":{"rendered":"<p>Avulso Inicial &#8211; Autoria de Gisela Simona C\u00c2MARA DOS DEPUTADOS Gabinete da Deputada GISELA SIMONA \u2013 UNI\u00c3O\/MT PROJETO DE LEI N\u00ba , DE 2025 (Da Sra. Deputada Gisela Simona) Torna obrigat\u00f3ria a utiliza\u00e7\u00e3o de c\u00f3digo num\u00e9rico padronizado para identifica\u00e7\u00e3o de chamadas de telemarketing ativo no territ\u00f3rio nacional e d\u00e1 outras provid\u00eancias. O Congresso Nacional decreta: [&hellip;]<\/p>\n","protected":false},"author":1,"featured_media":0,"parent":0,"menu_order":0,"comment_status":"closed","ping_status":"closed","template":"page-template-blank.php","meta":{"_et_pb_use_builder":"","_et_pb_old_content":"","_et_gb_content_width":"1080","ngg_post_thumbnail":0,"footnotes":""},"class_list":["post-10294","page","type-page","status-publish","hentry"],"yoast_head":"<!-- This site is optimized with the Yoast SEO plugin v24.4 - https:\/\/yoast.com\/wordpress\/plugins\/seo\/ -->\n<title>Avulso Inicial - PL 4148\/2025 - C\u00e2mara - Legislapp<\/title>\n<meta name=\"robots\" content=\"index, follow, max-snippet:-1, max-image-preview:large, max-video-preview:-1\" \/>\n<link rel=\"canonical\" href=\"https:\/\/www.legislapp.com.br\/index.php\/avulso-inicial-pl-4148-2025-camara\/\" \/>\n<meta property=\"og:locale\" content=\"pt_BR\" \/>\n<meta property=\"og:type\" content=\"article\" \/>\n<meta property=\"og:title\" content=\"Avulso Inicial - PL 4148\/2025 - C\u00e2mara - Legislapp\" \/>\n<meta property=\"og:description\" content=\"Avulso Inicial &#8211; Autoria de Gisela Simona C\u00c2MARA DOS DEPUTADOS Gabinete da Deputada GISELA SIMONA \u2013 UNI\u00c3O\/MT PROJETO DE LEI N\u00ba , DE 2025 (Da Sra. Deputada Gisela Simona) Torna obrigat\u00f3ria a utiliza\u00e7\u00e3o de c\u00f3digo num\u00e9rico padronizado para identifica\u00e7\u00e3o de chamadas de telemarketing ativo no territ\u00f3rio nacional e d\u00e1 outras provid\u00eancias. O Congresso Nacional decreta: [&hellip;]\" \/>\n<meta property=\"og:url\" content=\"https:\/\/www.legislapp.com.br\/index.php\/avulso-inicial-pl-4148-2025-camara\/\" \/>\n<meta property=\"og:site_name\" content=\"Legislapp\" \/>\n<meta property=\"article:publisher\" content=\"https:\/\/www.instagram.com\/legislapp\/\" \/>\n<meta property=\"og:image\" content=\"https:\/\/www.legislapp.com.br\/wp-content\/uploads\/2021\/07\/Logo-Legislapp-1-03-1.png\" \/>\n<meta name=\"twitter:card\" content=\"summary_large_image\" \/>\n<meta name=\"twitter:label1\" content=\"Est. tempo de leitura\" \/>\n\t<meta name=\"twitter:data1\" content=\"5 minutos\" \/>\n<script type=\"application\/ld+json\" class=\"yoast-schema-graph\">{\"@context\":\"https:\/\/schema.org\",\"@graph\":[{\"@type\":\"WebPage\",\"@id\":\"https:\/\/www.legislapp.com.br\/index.php\/avulso-inicial-pl-4148-2025-camara\/\",\"url\":\"https:\/\/www.legislapp.com.br\/index.php\/avulso-inicial-pl-4148-2025-camara\/\",\"name\":\"Avulso Inicial - PL 4148\/2025 - C\u00e2mara - Legislapp\",\"isPartOf\":{\"@id\":\"https:\/\/www.legislapp.com.br\/#website\"},\"primaryImageOfPage\":{\"@id\":\"https:\/\/www.legislapp.com.br\/index.php\/avulso-inicial-pl-4148-2025-camara\/#primaryimage\"},\"image\":{\"@id\":\"https:\/\/www.legislapp.com.br\/index.php\/avulso-inicial-pl-4148-2025-camara\/#primaryimage\"},\"thumbnailUrl\":\"https:\/\/www.legislapp.com.br\/wp-content\/uploads\/2021\/07\/Logo-Legislapp-1-03-1.png\",\"datePublished\":\"2025-12-01T14:10:54+00:00\",\"breadcrumb\":{\"@id\":\"https:\/\/www.legislapp.com.br\/index.php\/avulso-inicial-pl-4148-2025-camara\/#breadcrumb\"},\"inLanguage\":\"pt-BR\",\"potentialAction\":[{\"@type\":\"ReadAction\",\"target\":[\"https:\/\/www.legislapp.com.br\/index.php\/avulso-inicial-pl-4148-2025-camara\/\"]}]},{\"@type\":\"ImageObject\",\"inLanguage\":\"pt-BR\",\"@id\":\"https:\/\/www.legislapp.com.br\/index.php\/avulso-inicial-pl-4148-2025-camara\/#primaryimage\",\"url\":\"https:\/\/www.legislapp.com.br\/wp-content\/uploads\/2021\/07\/Logo-Legislapp-1-03-1.png\",\"contentUrl\":\"https:\/\/www.legislapp.com.br\/wp-content\/uploads\/2021\/07\/Logo-Legislapp-1-03-1.png\",\"width\":2679,\"height\":2697},{\"@type\":\"BreadcrumbList\",\"@id\":\"https:\/\/www.legislapp.com.br\/index.php\/avulso-inicial-pl-4148-2025-camara\/#breadcrumb\",\"itemListElement\":[{\"@type\":\"ListItem\",\"position\":1,\"name\":\"In\u00edcio\",\"item\":\"https:\/\/www.legislapp.com.br\/\"},{\"@type\":\"ListItem\",\"position\":2,\"name\":\"Avulso Inicial &#8211; PL 4148\/2025 &#8211; C\u00e2mara\"}]},{\"@type\":\"WebSite\",\"@id\":\"https:\/\/www.legislapp.com.br\/#website\",\"url\":\"https:\/\/www.legislapp.com.br\/\",\"name\":\"Legislapp\",\"description\":\"Intelig\u00eancia governamental em tempo real\",\"publisher\":{\"@id\":\"https:\/\/www.legislapp.com.br\/#organization\"},\"potentialAction\":[{\"@type\":\"SearchAction\",\"target\":{\"@type\":\"EntryPoint\",\"urlTemplate\":\"https:\/\/www.legislapp.com.br\/?s={search_term_string}\"},\"query-input\":{\"@type\":\"PropertyValueSpecification\",\"valueRequired\":true,\"valueName\":\"search_term_string\"}}],\"inLanguage\":\"pt-BR\"},{\"@type\":\"Organization\",\"@id\":\"https:\/\/www.legislapp.com.br\/#organization\",\"name\":\"Legislapp Monitoramento e Intelig\u00eancia Governamental\",\"url\":\"https:\/\/www.legislapp.com.br\/\",\"logo\":{\"@type\":\"ImageObject\",\"inLanguage\":\"pt-BR\",\"@id\":\"https:\/\/www.legislapp.com.br\/#\/schema\/logo\/image\/\",\"url\":\"https:\/\/www.legislapp.com.br\/wp-content\/uploads\/icon.png\",\"contentUrl\":\"https:\/\/www.legislapp.com.br\/wp-content\/uploads\/icon.png\",\"width\":1024,\"height\":1024,\"caption\":\"Legislapp Monitoramento e Intelig\u00eancia Governamental\"},\"image\":{\"@id\":\"https:\/\/www.legislapp.com.br\/#\/schema\/logo\/image\/\"},\"sameAs\":[\"https:\/\/www.instagram.com\/legislapp\/\"]}]}<\/script>\n<!-- \/ Yoast SEO plugin. -->","yoast_head_json":{"title":"Avulso Inicial - PL 4148\/2025 - C\u00e2mara - Legislapp","robots":{"index":"index","follow":"follow","max-snippet":"max-snippet:-1","max-image-preview":"max-image-preview:large","max-video-preview":"max-video-preview:-1"},"canonical":"https:\/\/www.legislapp.com.br\/index.php\/avulso-inicial-pl-4148-2025-camara\/","og_locale":"pt_BR","og_type":"article","og_title":"Avulso Inicial - PL 4148\/2025 - C\u00e2mara - Legislapp","og_description":"Avulso Inicial &#8211; Autoria de Gisela Simona C\u00c2MARA DOS DEPUTADOS Gabinete da Deputada GISELA SIMONA \u2013 UNI\u00c3O\/MT PROJETO DE LEI N\u00ba , DE 2025 (Da Sra. Deputada Gisela Simona) Torna obrigat\u00f3ria a utiliza\u00e7\u00e3o de c\u00f3digo num\u00e9rico padronizado para identifica\u00e7\u00e3o de chamadas de telemarketing ativo no territ\u00f3rio nacional e d\u00e1 outras provid\u00eancias. O Congresso Nacional decreta: [&hellip;]","og_url":"https:\/\/www.legislapp.com.br\/index.php\/avulso-inicial-pl-4148-2025-camara\/","og_site_name":"Legislapp","article_publisher":"https:\/\/www.instagram.com\/legislapp\/","og_image":[{"url":"https:\/\/www.legislapp.com.br\/wp-content\/uploads\/2021\/07\/Logo-Legislapp-1-03-1.png","type":"","width":"","height":""}],"twitter_card":"summary_large_image","twitter_misc":{"Est. tempo de leitura":"5 minutos"},"schema":{"@context":"https:\/\/schema.org","@graph":[{"@type":"WebPage","@id":"https:\/\/www.legislapp.com.br\/index.php\/avulso-inicial-pl-4148-2025-camara\/","url":"https:\/\/www.legislapp.com.br\/index.php\/avulso-inicial-pl-4148-2025-camara\/","name":"Avulso Inicial - PL 4148\/2025 - C\u00e2mara - Legislapp","isPartOf":{"@id":"https:\/\/www.legislapp.com.br\/#website"},"primaryImageOfPage":{"@id":"https:\/\/www.legislapp.com.br\/index.php\/avulso-inicial-pl-4148-2025-camara\/#primaryimage"},"image":{"@id":"https:\/\/www.legislapp.com.br\/index.php\/avulso-inicial-pl-4148-2025-camara\/#primaryimage"},"thumbnailUrl":"https:\/\/www.legislapp.com.br\/wp-content\/uploads\/2021\/07\/Logo-Legislapp-1-03-1.png","datePublished":"2025-12-01T14:10:54+00:00","breadcrumb":{"@id":"https:\/\/www.legislapp.com.br\/index.php\/avulso-inicial-pl-4148-2025-camara\/#breadcrumb"},"inLanguage":"pt-BR","potentialAction":[{"@type":"ReadAction","target":["https:\/\/www.legislapp.com.br\/index.php\/avulso-inicial-pl-4148-2025-camara\/"]}]},{"@type":"ImageObject","inLanguage":"pt-BR","@id":"https:\/\/www.legislapp.com.br\/index.php\/avulso-inicial-pl-4148-2025-camara\/#primaryimage","url":"https:\/\/www.legislapp.com.br\/wp-content\/uploads\/2021\/07\/Logo-Legislapp-1-03-1.png","contentUrl":"https:\/\/www.legislapp.com.br\/wp-content\/uploads\/2021\/07\/Logo-Legislapp-1-03-1.png","width":2679,"height":2697},{"@type":"BreadcrumbList","@id":"https:\/\/www.legislapp.com.br\/index.php\/avulso-inicial-pl-4148-2025-camara\/#breadcrumb","itemListElement":[{"@type":"ListItem","position":1,"name":"In\u00edcio","item":"https:\/\/www.legislapp.com.br\/"},{"@type":"ListItem","position":2,"name":"Avulso Inicial &#8211; PL 4148\/2025 &#8211; C\u00e2mara"}]},{"@type":"WebSite","@id":"https:\/\/www.legislapp.com.br\/#website","url":"https:\/\/www.legislapp.com.br\/","name":"Legislapp","description":"Intelig\u00eancia governamental em tempo real","publisher":{"@id":"https:\/\/www.legislapp.com.br\/#organization"},"potentialAction":[{"@type":"SearchAction","target":{"@type":"EntryPoint","urlTemplate":"https:\/\/www.legislapp.com.br\/?s={search_term_string}"},"query-input":{"@type":"PropertyValueSpecification","valueRequired":true,"valueName":"search_term_string"}}],"inLanguage":"pt-BR"},{"@type":"Organization","@id":"https:\/\/www.legislapp.com.br\/#organization","name":"Legislapp Monitoramento e Intelig\u00eancia Governamental","url":"https:\/\/www.legislapp.com.br\/","logo":{"@type":"ImageObject","inLanguage":"pt-BR","@id":"https:\/\/www.legislapp.com.br\/#\/schema\/logo\/image\/","url":"https:\/\/www.legislapp.com.br\/wp-content\/uploads\/icon.png","contentUrl":"https:\/\/www.legislapp.com.br\/wp-content\/uploads\/icon.png","width":1024,"height":1024,"caption":"Legislapp Monitoramento e Intelig\u00eancia Governamental"},"image":{"@id":"https:\/\/www.legislapp.com.br\/#\/schema\/logo\/image\/"},"sameAs":["https:\/\/www.instagram.com\/legislapp\/"]}]}},"_links":{"self":[{"href":"https:\/\/www.legislapp.com.br\/index.php\/wp-json\/wp\/v2\/pages\/10294","targetHints":{"allow":["GET"]}}],"collection":[{"href":"https:\/\/www.legislapp.com.br\/index.php\/wp-json\/wp\/v2\/pages"}],"about":[{"href":"https:\/\/www.legislapp.com.br\/index.php\/wp-json\/wp\/v2\/types\/page"}],"author":[{"embeddable":true,"href":"https:\/\/www.legislapp.com.br\/index.php\/wp-json\/wp\/v2\/users\/1"}],"replies":[{"embeddable":true,"href":"https:\/\/www.legislapp.com.br\/index.php\/wp-json\/wp\/v2\/comments?post=10294"}],"version-history":[{"count":0,"href":"https:\/\/www.legislapp.com.br\/index.php\/wp-json\/wp\/v2\/pages\/10294\/revisions"}],"wp:attachment":[{"href":"https:\/\/www.legislapp.com.br\/index.php\/wp-json\/wp\/v2\/media?parent=10294"}],"curies":[{"name":"wp","href":"https:\/\/api.w.org\/{rel}","templated":true}]}}