{"id":10305,"date":"2025-12-01T11:11:25","date_gmt":"2025-12-01T14:11:25","guid":{"rendered":"https:\/\/www.legislapp.com.br\/index.php\/avulso-inicial-pl-4100-2025-camara\/"},"modified":"2025-12-01T11:11:25","modified_gmt":"2025-12-01T14:11:25","slug":"avulso-inicial-pl-4100-2025-camara","status":"publish","type":"page","link":"https:\/\/www.legislapp.com.br\/index.php\/avulso-inicial-pl-4100-2025-camara\/","title":{"rendered":"Avulso Inicial &#8211; PL 4100\/2025 &#8211; C\u00e2mara"},"content":{"rendered":"<h1 style='text-align: center;'>Avulso Inicial &#8211; Autoria de Jonas Donizette<\/h3>\n<p><\/p>\n<article>PROJETO DE LEI N\u00ba          , DE 2025<br \/>\n(Do Sr. JONAS DONIZETTE)<br \/>\nAltera o Decreto- Lei 5.452, de 1 de<br \/>\nmaio de 1943 (CLT) para tratar da realiza\u00e7\u00e3o<br \/>\nde cursos obrigat\u00f3rios de aperfei\u00e7oamento.<br \/>\nO Congresso Nacional decreta:<br \/>\nArt. 1\u00ba Esta Lei altera o Decreto-Lei 5452, de 1 de maio de<br \/>\n1943- Consolida\u00e7\u00e3o das Leis do Trabalho- para tratar da realiza\u00e7\u00e3o de cursos<br \/>\nde aperfei\u00e7oamento.<br \/>\nArt. 2\u00ba O art. 59 do Decreto-Lei 5452 de 1 de maio de 1943,<br \/>\nque aprova a Consolida\u00e7\u00e3o das Leis do Trabalho, Lei 9.695, passa a vigorar<br \/>\ncom a seguinte reda\u00e7\u00e3o:<br \/>\n\u201cArt. 59&#8230;&#8230;&#8230;&#8230;&#8230;&#8230;&#8230;&#8230;&#8230;&#8230;&#8230;&#8230;&#8230;&#8230;&#8230;&#8230;&#8230;&#8230;&#8230;&#8230;&#8230;&#8230;&#8230;&#8230;&#8230;&#8230;&#8230;&#8230;&#8230;.<br \/>\n \u00a7 7- O per\u00edodo destinado \u00e0 realiza\u00e7\u00e3o de cursos obrigat\u00f3rios<br \/>\nde aperfei\u00e7oamento, quando ultrapassa o limite m\u00e1ximo da<br \/>\njornada de trabalho, deve ser remunerado como trabalho<br \/>\nextraordin\u00e1rio.<br \/>\n\u00a7 8- \u00c9 obrigat\u00f3rio o reembolso de curso de certifica\u00e7\u00e3o pago<br \/>\npelo trabalhador, cuja qualifica\u00e7\u00e3o seja exigida pela empresa.<br \/>\n(NR)<br \/>\nArt. 3\u00ba Esta Lei entra em vigor na data de sua publica\u00e7\u00e3o.<br \/>\nJUSTIFICA\u00c7\u00c3O<br \/>\nO presente Projeto de Lei tem por objetivo assegurar uma<br \/>\nmaior prote\u00e7\u00e3o aos direitos dos trabalhadores no que se refere \u00e0 qualifica\u00e7\u00e3o<br \/>\nprofissional exigida pelo empregador, buscando garantir o reconhecimento do<br \/>\ntempo destinado \u00e0 realiza\u00e7\u00e3o de cursos obrigat\u00f3rios como parte da jornada de<br \/>\nPara verificar a assinatura, acesse https:\/\/infoleg-autenticidade-assinatura.camara.leg.br\/CD259171167200<br \/>\nAssinado eletronicamente pelo(a) Dep. Jonas Donizette<br \/>\nApresenta\u00e7\u00e3o: 19\/08\/2025 18:09:55.297 &#8211; MESA<br \/>\n*CD259171167200* PL n.4100\/2025<br \/>2<br \/>\ntrabalho e a restitui\u00e7\u00e3o de valores pagos pelo trabalhador em cursos de<br \/>\ncertifica\u00e7\u00e3o exigidos pela empresa.<br \/>\nA proposta se fundamenta em entendimento consolidado do<br \/>\nTribunal Superior do Trabalho (TST), que tem reconhecido que o per\u00edodo<br \/>\ndestinado \u00e0 realiza\u00e7\u00e3o de cursos obrigat\u00f3rios de aperfei\u00e7oamento, quando<br \/>\nultrapassa o limite m\u00e1ximo da jornada regular, deve ser remunerado como<br \/>\ntrabalho extraordin\u00e1rio. Tal entendimento considera que esse tempo configura-<br \/>\nse como efetivo per\u00edodo \u00e0 disposi\u00e7\u00e3o do empregador, nos termos do artigo 4\u00ba<br \/>\nda Consolida\u00e7\u00e3o das Leis do Trabalho (CLT).<br \/>\nIlustra esse posicionamento a recente decis\u00e3o da 7\u00aa Turma do<br \/>\nTST, que condenou o Banco Bradesco S.A. ao pagamento de horas extras a<br \/>\numa empregada que foi obrigada a realizar cursos on-line fora do expediente.<br \/>\nEmbora o ju\u00edzo de primeiro grau e o Tribunal Regional do Trabalho da 18\u00aa<br \/>\nRegi\u00e3o (GO) tenham inicialmente indeferido o pedido, sob o argumento de que<br \/>\nos cursos visavam ao aperfei\u00e7oamento profissional e n\u00e3o havia puni\u00e7\u00e3o pela<br \/>\nn\u00e3o participa\u00e7\u00e3o, o TST reformou as decis\u00f5es anteriores. O relator do recurso,<br \/>\nministro Cl\u00e1udio Brand\u00e3o, destacou que, ainda que os cursos tenham objetivo<br \/>\nde qualifica\u00e7\u00e3o, se s\u00e3o exigidos pelo empregador e realizados fora do<br \/>\nexpediente, devem ser computados como jornada extraordin\u00e1ria. (Processo<br \/>\nARR-10604-29.2016.5.18.0003 \u2014 Valor Econ\u00f4mico, 12\/03\/2025).<br \/>\nA jurisprud\u00eancia, embora pacificada na inst\u00e2ncia superior,<br \/>\nainda encontra resist\u00eancia nas inst\u00e2ncias inferiores, gerando inseguran\u00e7a<br \/>\njur\u00eddica e tratamento desigual entre trabalhadores em situa\u00e7\u00f5es semelhantes. A<br \/>\npresente proposi\u00e7\u00e3o busca, assim, conferir seguran\u00e7a normativa \u00e0 mat\u00e9ria,<br \/>\nassegurando que o tempo destinado a cursos obrigat\u00f3rios seja expressamente<br \/>\nconsiderado como tempo de trabalho, com a devida remunera\u00e7\u00e3o<br \/>\nextraordin\u00e1ria quando excedido o limite da jornada contratual.<br \/>\nAl\u00e9m disso, o Projeto de Lei prev\u00ea a obrigatoriedade de<br \/>\nreembolso, pelo empregador, dos valores pagos pelo trabalhador em cursos de<br \/>\ncertifica\u00e7\u00e3o exigidos para o exerc\u00edcio de sua fun\u00e7\u00e3o. Trata-se de medida de<br \/>\njusti\u00e7a e equil\u00edbrio na rela\u00e7\u00e3o empregat\u00edcia, tendo em vista que, muitas vezes,<br \/>\na empresa imp\u00f5e a qualifica\u00e7\u00e3o como condi\u00e7\u00e3o para a perman\u00eancia ou<br \/>\nPara verificar a assinatura, acesse https:\/\/infoleg-autenticidade-assinatura.camara.leg.br\/CD259171167200<br \/>\nAssinado eletronicamente pelo(a) Dep. Jonas Donizette<br \/>\nApresenta\u00e7\u00e3o: 19\/08\/2025 18:09:55.297 &#8211; MESA<br \/>\n*CD259171167200* PL n.4100\/2025<br \/>3<br \/>\nprogress\u00e3o na fun\u00e7\u00e3o, transferindo ao trabalhador um custo que deveria ser<br \/>\nassumido pelo empregador.<br \/>\nAs medidas aqui propostas visam valorizar a for\u00e7a de trabalho,<br \/>\nincentivar a qualifica\u00e7\u00e3o cont\u00ednua, evitar abusos na imposi\u00e7\u00e3o de encargos aos<br \/>\nempregados e contribuir para o aprimoramento das rela\u00e7\u00f5es laborais no pa\u00eds.<br \/>\nDiante do exposto, e considerando a relev\u00e2ncia da mat\u00e9ria,<br \/>\nconto com o apoio dos nobres Pares para a aprova\u00e7\u00e3o deste Projeto de Lei.<\/p>\n<p>Sala das Sess\u00f5es, em        de                     de 2025.<br \/>\nDeputado JONAS DONIZETTE<br \/>\nPara verificar a assinatura, acesse https:\/\/infoleg-autenticidade-assinatura.camara.leg.br\/CD259171167200<br \/>\nAssinado eletronicamente pelo(a) Dep. Jonas Donizette<br \/>\nApresenta\u00e7\u00e3o: 19\/08\/2025 18:09:55.297 &#8211; MESA<br \/>\n*CD259171167200* PL n.4100\/2025<\/article>\n<p><a href='https:\/\/app.legislapp.com.br\/#\/busca?termo='><\/a><\/p>\n<div style=\"text-align: center\">\n      <img decoding=\"async\" style=\"width: 14%;\" src=\"https:\/\/www.legislapp.com.br\/wp-content\/uploads\/2021\/07\/Logo-Legislapp-1-03-1.png\"><br \/>\n      <\/p>\n<div style=\"margin-bottom: 20px;\" class=\"et_pb_button_module_wrapper et_pb_button_5_tb_body_wrapper et_pb_button_alignment_center et_pb_module \">\n         <a class=\"et_pb_button et_pb_button_5_tb_body et_hover_enabled et_pb_bg_layout_dark\" style=\"width: 50%;background-color: black;\" href=\"https:\/\/app.legislapp.com.br\" target=\"_blank\" rel=\"noopener\">Visualizar completo na nossa plataforma (30 dias gr\u00e1tis)<\/a><\/p><\/div>\n<p>      <a href=\"https:\/\/play.google.com\/store\/apps\/details?id=br.com.legislapp\"><img decoding=\"async\" style=\"width: 15%; min-width: 130px;\" src=\"https:\/\/www.legislapp.com.br\/wp-content\/uploads\/google-play.png\"><\/a><br \/>\n      <a href=\"https:\/\/apps.apple.com\/us\/app\/legislapp\/id1568929859\"><img decoding=\"async\" style=\"width: 15%; min-width: 130px\" src=\"https:\/\/www.legislapp.com.br\/wp-content\/uploads\/apple-store.png\"><\/a>\n   <\/div>\n","protected":false},"excerpt":{"rendered":"<p>Avulso Inicial &#8211; Autoria de Jonas Donizette PROJETO DE LEI N\u00ba , DE 2025 (Do Sr. JONAS DONIZETTE) Altera o Decreto- Lei 5.452, de 1 de maio de 1943 (CLT) para tratar da realiza\u00e7\u00e3o de cursos obrigat\u00f3rios de aperfei\u00e7oamento. O Congresso Nacional decreta: Art. 1\u00ba Esta Lei altera o Decreto-Lei 5452, de 1 de maio [&hellip;]<\/p>\n","protected":false},"author":1,"featured_media":0,"parent":0,"menu_order":0,"comment_status":"closed","ping_status":"closed","template":"page-template-blank.php","meta":{"_et_pb_use_builder":"","_et_pb_old_content":"","_et_gb_content_width":"1080","ngg_post_thumbnail":0,"footnotes":""},"class_list":["post-10305","page","type-page","status-publish","hentry"],"yoast_head":"<!-- This site is optimized with the Yoast SEO plugin v24.4 - https:\/\/yoast.com\/wordpress\/plugins\/seo\/ -->\n<title>Avulso Inicial - PL 4100\/2025 - C\u00e2mara - Legislapp<\/title>\n<meta name=\"robots\" content=\"index, follow, max-snippet:-1, max-image-preview:large, max-video-preview:-1\" \/>\n<link rel=\"canonical\" href=\"https:\/\/www.legislapp.com.br\/index.php\/avulso-inicial-pl-4100-2025-camara\/\" \/>\n<meta property=\"og:locale\" content=\"pt_BR\" \/>\n<meta property=\"og:type\" content=\"article\" \/>\n<meta property=\"og:title\" content=\"Avulso Inicial - PL 4100\/2025 - C\u00e2mara - Legislapp\" \/>\n<meta property=\"og:description\" content=\"Avulso Inicial &#8211; Autoria de Jonas Donizette PROJETO DE LEI N\u00ba , DE 2025 (Do Sr. JONAS DONIZETTE) Altera o Decreto- Lei 5.452, de 1 de maio de 1943 (CLT) para tratar da realiza\u00e7\u00e3o de cursos obrigat\u00f3rios de aperfei\u00e7oamento. O Congresso Nacional decreta: Art. 1\u00ba Esta Lei altera o Decreto-Lei 5452, de 1 de maio [&hellip;]\" \/>\n<meta property=\"og:url\" content=\"https:\/\/www.legislapp.com.br\/index.php\/avulso-inicial-pl-4100-2025-camara\/\" \/>\n<meta property=\"og:site_name\" content=\"Legislapp\" \/>\n<meta property=\"article:publisher\" content=\"https:\/\/www.instagram.com\/legislapp\/\" \/>\n<meta property=\"og:image\" content=\"https:\/\/www.legislapp.com.br\/wp-content\/uploads\/2021\/07\/Logo-Legislapp-1-03-1.png\" \/>\n<meta name=\"twitter:card\" content=\"summary_large_image\" \/>\n<meta name=\"twitter:label1\" content=\"Est. tempo de leitura\" \/>\n\t<meta name=\"twitter:data1\" content=\"4 minutos\" \/>\n<script type=\"application\/ld+json\" class=\"yoast-schema-graph\">{\"@context\":\"https:\/\/schema.org\",\"@graph\":[{\"@type\":\"WebPage\",\"@id\":\"https:\/\/www.legislapp.com.br\/index.php\/avulso-inicial-pl-4100-2025-camara\/\",\"url\":\"https:\/\/www.legislapp.com.br\/index.php\/avulso-inicial-pl-4100-2025-camara\/\",\"name\":\"Avulso Inicial - PL 4100\/2025 - C\u00e2mara - Legislapp\",\"isPartOf\":{\"@id\":\"https:\/\/www.legislapp.com.br\/#website\"},\"primaryImageOfPage\":{\"@id\":\"https:\/\/www.legislapp.com.br\/index.php\/avulso-inicial-pl-4100-2025-camara\/#primaryimage\"},\"image\":{\"@id\":\"https:\/\/www.legislapp.com.br\/index.php\/avulso-inicial-pl-4100-2025-camara\/#primaryimage\"},\"thumbnailUrl\":\"https:\/\/www.legislapp.com.br\/wp-content\/uploads\/2021\/07\/Logo-Legislapp-1-03-1.png\",\"datePublished\":\"2025-12-01T14:11:25+00:00\",\"breadcrumb\":{\"@id\":\"https:\/\/www.legislapp.com.br\/index.php\/avulso-inicial-pl-4100-2025-camara\/#breadcrumb\"},\"inLanguage\":\"pt-BR\",\"potentialAction\":[{\"@type\":\"ReadAction\",\"target\":[\"https:\/\/www.legislapp.com.br\/index.php\/avulso-inicial-pl-4100-2025-camara\/\"]}]},{\"@type\":\"ImageObject\",\"inLanguage\":\"pt-BR\",\"@id\":\"https:\/\/www.legislapp.com.br\/index.php\/avulso-inicial-pl-4100-2025-camara\/#primaryimage\",\"url\":\"https:\/\/www.legislapp.com.br\/wp-content\/uploads\/2021\/07\/Logo-Legislapp-1-03-1.png\",\"contentUrl\":\"https:\/\/www.legislapp.com.br\/wp-content\/uploads\/2021\/07\/Logo-Legislapp-1-03-1.png\",\"width\":2679,\"height\":2697},{\"@type\":\"BreadcrumbList\",\"@id\":\"https:\/\/www.legislapp.com.br\/index.php\/avulso-inicial-pl-4100-2025-camara\/#breadcrumb\",\"itemListElement\":[{\"@type\":\"ListItem\",\"position\":1,\"name\":\"In\u00edcio\",\"item\":\"https:\/\/www.legislapp.com.br\/\"},{\"@type\":\"ListItem\",\"position\":2,\"name\":\"Avulso Inicial &#8211; PL 4100\/2025 &#8211; C\u00e2mara\"}]},{\"@type\":\"WebSite\",\"@id\":\"https:\/\/www.legislapp.com.br\/#website\",\"url\":\"https:\/\/www.legislapp.com.br\/\",\"name\":\"Legislapp\",\"description\":\"Intelig\u00eancia governamental em tempo real\",\"publisher\":{\"@id\":\"https:\/\/www.legislapp.com.br\/#organization\"},\"potentialAction\":[{\"@type\":\"SearchAction\",\"target\":{\"@type\":\"EntryPoint\",\"urlTemplate\":\"https:\/\/www.legislapp.com.br\/?s={search_term_string}\"},\"query-input\":{\"@type\":\"PropertyValueSpecification\",\"valueRequired\":true,\"valueName\":\"search_term_string\"}}],\"inLanguage\":\"pt-BR\"},{\"@type\":\"Organization\",\"@id\":\"https:\/\/www.legislapp.com.br\/#organization\",\"name\":\"Legislapp Monitoramento e Intelig\u00eancia Governamental\",\"url\":\"https:\/\/www.legislapp.com.br\/\",\"logo\":{\"@type\":\"ImageObject\",\"inLanguage\":\"pt-BR\",\"@id\":\"https:\/\/www.legislapp.com.br\/#\/schema\/logo\/image\/\",\"url\":\"https:\/\/www.legislapp.com.br\/wp-content\/uploads\/icon.png\",\"contentUrl\":\"https:\/\/www.legislapp.com.br\/wp-content\/uploads\/icon.png\",\"width\":1024,\"height\":1024,\"caption\":\"Legislapp Monitoramento e Intelig\u00eancia Governamental\"},\"image\":{\"@id\":\"https:\/\/www.legislapp.com.br\/#\/schema\/logo\/image\/\"},\"sameAs\":[\"https:\/\/www.instagram.com\/legislapp\/\"]}]}<\/script>\n<!-- \/ Yoast SEO plugin. -->","yoast_head_json":{"title":"Avulso Inicial - PL 4100\/2025 - C\u00e2mara - Legislapp","robots":{"index":"index","follow":"follow","max-snippet":"max-snippet:-1","max-image-preview":"max-image-preview:large","max-video-preview":"max-video-preview:-1"},"canonical":"https:\/\/www.legislapp.com.br\/index.php\/avulso-inicial-pl-4100-2025-camara\/","og_locale":"pt_BR","og_type":"article","og_title":"Avulso Inicial - PL 4100\/2025 - C\u00e2mara - Legislapp","og_description":"Avulso Inicial &#8211; Autoria de Jonas Donizette PROJETO DE LEI N\u00ba , DE 2025 (Do Sr. JONAS DONIZETTE) Altera o Decreto- Lei 5.452, de 1 de maio de 1943 (CLT) para tratar da realiza\u00e7\u00e3o de cursos obrigat\u00f3rios de aperfei\u00e7oamento. O Congresso Nacional decreta: Art. 1\u00ba Esta Lei altera o Decreto-Lei 5452, de 1 de maio [&hellip;]","og_url":"https:\/\/www.legislapp.com.br\/index.php\/avulso-inicial-pl-4100-2025-camara\/","og_site_name":"Legislapp","article_publisher":"https:\/\/www.instagram.com\/legislapp\/","og_image":[{"url":"https:\/\/www.legislapp.com.br\/wp-content\/uploads\/2021\/07\/Logo-Legislapp-1-03-1.png","type":"","width":"","height":""}],"twitter_card":"summary_large_image","twitter_misc":{"Est. tempo de leitura":"4 minutos"},"schema":{"@context":"https:\/\/schema.org","@graph":[{"@type":"WebPage","@id":"https:\/\/www.legislapp.com.br\/index.php\/avulso-inicial-pl-4100-2025-camara\/","url":"https:\/\/www.legislapp.com.br\/index.php\/avulso-inicial-pl-4100-2025-camara\/","name":"Avulso Inicial - PL 4100\/2025 - C\u00e2mara - Legislapp","isPartOf":{"@id":"https:\/\/www.legislapp.com.br\/#website"},"primaryImageOfPage":{"@id":"https:\/\/www.legislapp.com.br\/index.php\/avulso-inicial-pl-4100-2025-camara\/#primaryimage"},"image":{"@id":"https:\/\/www.legislapp.com.br\/index.php\/avulso-inicial-pl-4100-2025-camara\/#primaryimage"},"thumbnailUrl":"https:\/\/www.legislapp.com.br\/wp-content\/uploads\/2021\/07\/Logo-Legislapp-1-03-1.png","datePublished":"2025-12-01T14:11:25+00:00","breadcrumb":{"@id":"https:\/\/www.legislapp.com.br\/index.php\/avulso-inicial-pl-4100-2025-camara\/#breadcrumb"},"inLanguage":"pt-BR","potentialAction":[{"@type":"ReadAction","target":["https:\/\/www.legislapp.com.br\/index.php\/avulso-inicial-pl-4100-2025-camara\/"]}]},{"@type":"ImageObject","inLanguage":"pt-BR","@id":"https:\/\/www.legislapp.com.br\/index.php\/avulso-inicial-pl-4100-2025-camara\/#primaryimage","url":"https:\/\/www.legislapp.com.br\/wp-content\/uploads\/2021\/07\/Logo-Legislapp-1-03-1.png","contentUrl":"https:\/\/www.legislapp.com.br\/wp-content\/uploads\/2021\/07\/Logo-Legislapp-1-03-1.png","width":2679,"height":2697},{"@type":"BreadcrumbList","@id":"https:\/\/www.legislapp.com.br\/index.php\/avulso-inicial-pl-4100-2025-camara\/#breadcrumb","itemListElement":[{"@type":"ListItem","position":1,"name":"In\u00edcio","item":"https:\/\/www.legislapp.com.br\/"},{"@type":"ListItem","position":2,"name":"Avulso Inicial &#8211; PL 4100\/2025 &#8211; C\u00e2mara"}]},{"@type":"WebSite","@id":"https:\/\/www.legislapp.com.br\/#website","url":"https:\/\/www.legislapp.com.br\/","name":"Legislapp","description":"Intelig\u00eancia governamental em tempo real","publisher":{"@id":"https:\/\/www.legislapp.com.br\/#organization"},"potentialAction":[{"@type":"SearchAction","target":{"@type":"EntryPoint","urlTemplate":"https:\/\/www.legislapp.com.br\/?s={search_term_string}"},"query-input":{"@type":"PropertyValueSpecification","valueRequired":true,"valueName":"search_term_string"}}],"inLanguage":"pt-BR"},{"@type":"Organization","@id":"https:\/\/www.legislapp.com.br\/#organization","name":"Legislapp Monitoramento e Intelig\u00eancia Governamental","url":"https:\/\/www.legislapp.com.br\/","logo":{"@type":"ImageObject","inLanguage":"pt-BR","@id":"https:\/\/www.legislapp.com.br\/#\/schema\/logo\/image\/","url":"https:\/\/www.legislapp.com.br\/wp-content\/uploads\/icon.png","contentUrl":"https:\/\/www.legislapp.com.br\/wp-content\/uploads\/icon.png","width":1024,"height":1024,"caption":"Legislapp Monitoramento e Intelig\u00eancia Governamental"},"image":{"@id":"https:\/\/www.legislapp.com.br\/#\/schema\/logo\/image\/"},"sameAs":["https:\/\/www.instagram.com\/legislapp\/"]}]}},"_links":{"self":[{"href":"https:\/\/www.legislapp.com.br\/index.php\/wp-json\/wp\/v2\/pages\/10305","targetHints":{"allow":["GET"]}}],"collection":[{"href":"https:\/\/www.legislapp.com.br\/index.php\/wp-json\/wp\/v2\/pages"}],"about":[{"href":"https:\/\/www.legislapp.com.br\/index.php\/wp-json\/wp\/v2\/types\/page"}],"author":[{"embeddable":true,"href":"https:\/\/www.legislapp.com.br\/index.php\/wp-json\/wp\/v2\/users\/1"}],"replies":[{"embeddable":true,"href":"https:\/\/www.legislapp.com.br\/index.php\/wp-json\/wp\/v2\/comments?post=10305"}],"version-history":[{"count":0,"href":"https:\/\/www.legislapp.com.br\/index.php\/wp-json\/wp\/v2\/pages\/10305\/revisions"}],"wp:attachment":[{"href":"https:\/\/www.legislapp.com.br\/index.php\/wp-json\/wp\/v2\/media?parent=10305"}],"curies":[{"name":"wp","href":"https:\/\/api.w.org\/{rel}","templated":true}]}}