{"id":10309,"date":"2025-12-01T11:11:37","date_gmt":"2025-12-01T14:11:37","guid":{"rendered":"https:\/\/www.legislapp.com.br\/index.php\/avulso-inicial-pl-5361-2025-camara\/"},"modified":"2025-12-01T11:11:37","modified_gmt":"2025-12-01T14:11:37","slug":"avulso-inicial-pl-5361-2025-camara","status":"publish","type":"page","link":"https:\/\/www.legislapp.com.br\/index.php\/avulso-inicial-pl-5361-2025-camara\/","title":{"rendered":"Avulso Inicial &#8211; PL 5361\/2025 &#8211; C\u00e2mara"},"content":{"rendered":"<h1 style='text-align: center;'>Avulso Inicial &#8211; Autoria de Juscelino Filho<\/h3>\n<p><\/p>\n<article>C \u00c2 M A R A   D O S   D E P U T A D O S<br \/>\nPROJETO DE LEI N\u00ba             , DE 2025<br \/>\n(Deputado Juscelino Filho)<br \/>\nDisp\u00f5e sobre o fornecimento de<br \/>\nSistema Flash de monitoriza\u00e7\u00e3o da<br \/>\nglicose por escaneamento<br \/>\nintermitente para o monitoramento da<br \/>\nglicose em pacientes com Diabetes<br \/>\nMellitus tipo 1 pela rede p\u00fablica de<br \/>\nsa\u00fade e d\u00e1 outras provid\u00eancias.<br \/>\nO Congresso Nacional decreta:<br \/>\nArt. 1\u00ba Fica o Poder P\u00fablico obrigado ao fornecimento de Sistema Flash<br \/>\nde monitoriza\u00e7\u00e3o da glicose por escaneamento intermitente para o<br \/>\nmonitoramento da glicose em pacientes com Diabetes Mellitus tipo 1(um) pela<br \/>\nrede p\u00fablica de sa\u00fade, desde que a prescri\u00e7\u00e3o esteja em conformidade com a<br \/>\nRela\u00e7\u00e3o Nacional de Medicamentos Essenciais \u2013 RENAME e com os<br \/>\nProtocolos Cl\u00ednicos e Diretrizes Terap\u00eauticas ou com a rela\u00e7\u00e3o espec\u00edfica<br \/>\ncomplementar estadual, distrital ou municipal de medicamentos.<br \/>\nArt. 2\u00ba O dispositivo de monitoriza\u00e7\u00e3o de que trata o art. 1\u00ba ser\u00e1<br \/>\nfornecido ap\u00f3s a emiss\u00e3o de relat\u00f3rio m\u00e9dico que contenha:<br \/>\nI &#8211; Identifica\u00e7\u00e3o do benefici\u00e1rio;<br \/>\nII &#8211; Identifica\u00e7\u00e3o do m\u00e9dico respons\u00e1vel pelo paciente;<br \/>\nIII &#8211; Diagn\u00f3stico;<br \/>\nIV &#8211; Justificativa do uso; e<br \/>\nV &#8211; Especifica\u00e7\u00e3o da necessidade e ou \/ urg\u00eancia.<br \/>\nPara verificar a assinatura, acesse https:\/\/infoleg-autenticidade-assinatura.camara.leg.br\/CD257681833700<br \/>\nAssinado eletronicamente pelo(a) Dep. Juscelino Filho<br \/>\nApresenta\u00e7\u00e3o: 22\/10\/2025 14:40:57.310 &#8211; Mesa<br \/>\n*CD257681833700* PL n.5361\/2025<br \/>C \u00c2 M A R A   D O S   D E P U T A D O S<br \/>\nArt. 3\u00ba As despesas de trata esta Lei ser\u00e3o pactuadas no \u00e2mbito da<br \/>\nComiss\u00e3o Intergestores Tripartite (CIT).<br \/>\nArt. 4\u00ba O Poder Executivo regulamentar\u00e1 a presente lei no prazo de<br \/>\ncento e oitenta dias ap\u00f3s sua publica\u00e7\u00e3o.<br \/>\nArt. 5\u00b0 Esta Lei entra em vigor na data de sua publica\u00e7\u00e3o.<br \/>\nJUSTIFICA\u00c7\u00c3O<br \/>\n1<br \/>\nDe acordo com a Associa\u00e7\u00e3o Paulista de Medicina , diabetes \u00e9 uma das<br \/>\nmaiores crises de sa\u00fade p\u00fablica do s\u00e9culo XXI e a Am\u00e9rica Latina,<br \/>\nespecialmente o Brasil, est\u00e1 no centro dessa epidemia. De acordo com os<br \/>\ndados mais recentes do Atlas de Diabetes 2025, o n\u00famero de adultos vivendo<br \/>\ncom a condi\u00e7\u00e3o deve crescer de forma acelerada nas pr\u00f3ximas d\u00e9cadas. Em<br \/>\ntoda a Am\u00e9rica Central e do Sul, a proje\u00e7\u00e3o \u00e9 de um aumento de 45% nos<br \/>\ncasos at\u00e9 2050, saltando de 35,4 milh\u00f5es de pessoas em 2024 para mais de<br \/>\n51,5 milh\u00f5es. O Brasil \u00e9, de longe, o pa\u00eds mais afetado da regi\u00e3o, com n\u00fameros<br \/>\nque seguem uma trajet\u00f3ria preocupante, impulsionados pelo envelhecimento<br \/>\npopulacional, aumento do sedentarismo, crescimento da obesidade e<br \/>\ndesigualdade no acesso \u00e0 sa\u00fade.<br \/>\nAs proje\u00e7\u00f5es para o futuro refor\u00e7am a urg\u00eancia de medidas mais<br \/>\neficazes. O mundo deve ultrapassar 850 milh\u00f5es de pessoas com diabetes at\u00e9<br \/>\n2050, e o Brasil continuar\u00e1 entre os dez pa\u00edses com maior n\u00famero de casos. O<br \/>\ncrescimento acelerado de casos diagnosticados est\u00e1 diretamente ligado ao<br \/>\nestilo de vida urbano, caracterizado por dietas ricas em alimentos<br \/>\nultraprocessados, bebidas a\u00e7ucaradas e baixos n\u00edveis de atividade f\u00edsica, al\u00e9m<br \/>\nde fatores como polui\u00e7\u00e3o e estresse cr\u00f4nico. A obesidade infantil tamb\u00e9m<br \/>\npreocupa, j\u00e1 que o diabetes tipo 2 passou a surgir cada vez mais cedo,<br \/>\ninclusive entre adolescentes e jovens adultos.<br \/>\nEm rela\u00e7\u00e3o ao diabetes tipo 1, estima-se que a doen\u00e7a atinja cerca de<br \/>\n600 mil pessoas no Brasil, o que representa de 5% a 10% de todos os casos<br \/>\nde diabetes. Os mais afetados s\u00e3o crian\u00e7as e adolescentes, obrigados a fazer<br \/>\n1<br \/>\n &#8211; Dispon\u00edvel em https:\/\/www.apm.org.br\/diabetes-avanca-na-america-latina-e-coloca-brasil-no-<br \/>\ncentro-da-crise-de-saude\/<br \/>\nPara verificar a assinatura, acesse https:\/\/infoleg-autenticidade-assinatura.camara.leg.br\/CD257681833700<br \/>\nAssinado eletronicamente pelo(a) Dep. Juscelino Filho<br \/>\nApresenta\u00e7\u00e3o: 22\/10\/2025 14:40:57.310 &#8211; Mesa<br \/>\n*CD257681833700* PL n.5361\/2025<br \/>C \u00c2 M A R A   D O S   D E P U T A D O S<br \/>\nmedi\u00e7\u00f5es cont\u00ednuas dos n\u00edveis de glicose por meio de picadas no dedo.<br \/>\nPortanto, o fornecimento do Sistema Flash de monitora\u00e7\u00e3o, al\u00e9m de reduzir o<br \/>\nsofrimento com as picadas, permitir\u00e1 leituras r\u00e1pidas e otimizadas ao aproximar<br \/>\num leitor espec\u00edfico ou smartphone, al\u00e9m do incremento da fun\u00e7\u00e3o de alarme, o<br \/>\nque tamb\u00e9m poder\u00e1 provocar o surgimento de novas tecnologias e o aumento<br \/>\nda ades\u00e3o a dispositivos baseados em sensores.<br \/>\n2<br \/>\nDe acordo com o Brazilian Journal Of Health Review , a hiperglicemia \u00e9<br \/>\no mais importante fator de risco pass\u00edvel de interven\u00e7\u00e3o para complica\u00e7\u00f5es<br \/>\nmicrovasculares e macrovasculares do diabetes. O controle ass\u00edduo dos n\u00edveis<br \/>\nde glicose pode prevenir e retardar substancialmente essas complica\u00e7\u00f5es.<br \/>\nEspecialistas refor\u00e7am que combater e tratar corretamente o diabetes exige<br \/>\npol\u00edticas p\u00fablicas de preven\u00e7\u00e3o, rastreamento sistem\u00e1tico, programas de<br \/>\neduca\u00e7\u00e3o em sa\u00fade e garantia de acesso ao tratamento. O Brasil tem alguns<br \/>\navan\u00e7os importantes, como a oferta gratuita de insulinas e medicamentos via<br \/>\nSUS, mas ainda carece de programas nacionais mais robustos de triagem e<br \/>\nacompanhamento.<br \/>\nPor todo o exposto, torna-se necess\u00e1rio e urgente garantir \u00e0s pessoas<br \/>\ndiagnosticadas com o diabetes tipo 1, em especial crian\u00e7as e adolescente, o<br \/>\nacesso a essa nova tecnologia de monitoramento.<br \/>\nSala das Sess\u00f5es, em         de outubro de 2025.<br \/>\nDeputado Juscelino Filho<br \/>\nUni\u00e3o\/MA<br \/>\n2<br \/>\n &#8211; Dispon\u00edvel em https:\/\/ojs.brazilianjournals.com.br\/ojs\/index.php\/BJHR\/article\/download\/<br \/>\n72002\/50472\/177179<br \/>\nPara verificar a assinatura, acesse https:\/\/infoleg-autenticidade-assinatura.camara.leg.br\/CD257681833700<br \/>\nAssinado eletronicamente pelo(a) Dep. Juscelino Filho<br \/>\nApresenta\u00e7\u00e3o: 22\/10\/2025 14:40:57.310 &#8211; Mesa<br \/>\n*CD257681833700* PL n.5361\/2025<\/article>\n<p><a href='https:\/\/app.legislapp.com.br\/#\/busca?termo=Obrigatoriedade'>Obrigatoriedade<\/a>, <a href='https:\/\/app.legislapp.com.br\/#\/busca?termo=Poder p\u00fablico'>Poder p\u00fablico<\/a>, <a href='https:\/\/app.legislapp.com.br\/#\/busca?termo=fornecimento'>fornecimento<\/a>, <a href='https:\/\/app.legislapp.com.br\/#\/busca?termo=Rede p\u00fablica de sa\u00fade'>Rede p\u00fablica de sa\u00fade<\/a>, <a href='https:\/\/app.legislapp.com.br\/#\/busca?termo=Equipamento'>Equipamento<\/a>, <a href='https:\/\/app.legislapp.com.br\/#\/busca?termo=Medidor glic\u00eamico'>Medidor glic\u00eamico<\/a>, <a href='https:\/\/app.legislapp.com.br\/#\/busca?termo=monitoramento'>monitoramento<\/a>, <a href='https:\/\/app.legislapp.com.br\/#\/busca?termo=Diabetes tipo 1'>Diabetes tipo 1<\/a>, <a href='https:\/\/app.legislapp.com.br\/#\/busca?termo=Rela\u00e7\u00e3o Nacional de Medicamentos Essenciais (RENAME).'>Rela\u00e7\u00e3o Nacional de Medicamentos Essenciais (RENAME).<\/a><\/p>\n<div style=\"text-align: center\">\n      <img decoding=\"async\" style=\"width: 14%;\" src=\"https:\/\/www.legislapp.com.br\/wp-content\/uploads\/2021\/07\/Logo-Legislapp-1-03-1.png\"><br \/>\n      <\/p>\n<div style=\"margin-bottom: 20px;\" class=\"et_pb_button_module_wrapper et_pb_button_5_tb_body_wrapper et_pb_button_alignment_center et_pb_module \">\n         <a class=\"et_pb_button et_pb_button_5_tb_body et_hover_enabled et_pb_bg_layout_dark\" style=\"width: 50%;background-color: black;\" href=\"https:\/\/app.legislapp.com.br\" target=\"_blank\" rel=\"noopener\">Visualizar completo na nossa plataforma (30 dias gr\u00e1tis)<\/a><\/p><\/div>\n<p>      <a href=\"https:\/\/play.google.com\/store\/apps\/details?id=br.com.legislapp\"><img decoding=\"async\" style=\"width: 15%; min-width: 130px;\" src=\"https:\/\/www.legislapp.com.br\/wp-content\/uploads\/google-play.png\"><\/a><br \/>\n      <a href=\"https:\/\/apps.apple.com\/us\/app\/legislapp\/id1568929859\"><img decoding=\"async\" style=\"width: 15%; min-width: 130px\" src=\"https:\/\/www.legislapp.com.br\/wp-content\/uploads\/apple-store.png\"><\/a>\n   <\/div>\n","protected":false},"excerpt":{"rendered":"<p>Avulso Inicial &#8211; Autoria de Juscelino Filho C \u00c2 M A R A D O S D E P U T A D O S PROJETO DE LEI N\u00ba , DE 2025 (Deputado Juscelino Filho) Disp\u00f5e sobre o fornecimento de Sistema Flash de monitoriza\u00e7\u00e3o da glicose por escaneamento intermitente para o monitoramento da glicose em [&hellip;]<\/p>\n","protected":false},"author":1,"featured_media":0,"parent":0,"menu_order":0,"comment_status":"closed","ping_status":"closed","template":"page-template-blank.php","meta":{"_et_pb_use_builder":"","_et_pb_old_content":"","_et_gb_content_width":"1080","ngg_post_thumbnail":0,"footnotes":""},"class_list":["post-10309","page","type-page","status-publish","hentry"],"yoast_head":"<!-- This site is optimized with the Yoast SEO plugin v24.4 - https:\/\/yoast.com\/wordpress\/plugins\/seo\/ -->\n<title>Avulso Inicial - PL 5361\/2025 - C\u00e2mara - Legislapp<\/title>\n<meta name=\"robots\" content=\"index, follow, max-snippet:-1, max-image-preview:large, max-video-preview:-1\" \/>\n<link rel=\"canonical\" href=\"https:\/\/www.legislapp.com.br\/index.php\/avulso-inicial-pl-5361-2025-camara\/\" \/>\n<meta property=\"og:locale\" content=\"pt_BR\" \/>\n<meta property=\"og:type\" content=\"article\" \/>\n<meta property=\"og:title\" content=\"Avulso Inicial - PL 5361\/2025 - C\u00e2mara - Legislapp\" \/>\n<meta property=\"og:description\" content=\"Avulso Inicial &#8211; Autoria de Juscelino Filho C \u00c2 M A R A D O S D E P U T A D O S PROJETO DE LEI N\u00ba , DE 2025 (Deputado Juscelino Filho) Disp\u00f5e sobre o fornecimento de Sistema Flash de monitoriza\u00e7\u00e3o da glicose por escaneamento intermitente para o monitoramento da glicose em [&hellip;]\" \/>\n<meta property=\"og:url\" content=\"https:\/\/www.legislapp.com.br\/index.php\/avulso-inicial-pl-5361-2025-camara\/\" \/>\n<meta property=\"og:site_name\" content=\"Legislapp\" \/>\n<meta property=\"article:publisher\" content=\"https:\/\/www.instagram.com\/legislapp\/\" \/>\n<meta property=\"og:image\" content=\"https:\/\/www.legislapp.com.br\/wp-content\/uploads\/2021\/07\/Logo-Legislapp-1-03-1.png\" \/>\n<meta name=\"twitter:card\" content=\"summary_large_image\" \/>\n<meta name=\"twitter:label1\" content=\"Est. tempo de leitura\" \/>\n\t<meta name=\"twitter:data1\" content=\"5 minutos\" \/>\n<script type=\"application\/ld+json\" class=\"yoast-schema-graph\">{\"@context\":\"https:\/\/schema.org\",\"@graph\":[{\"@type\":\"WebPage\",\"@id\":\"https:\/\/www.legislapp.com.br\/index.php\/avulso-inicial-pl-5361-2025-camara\/\",\"url\":\"https:\/\/www.legislapp.com.br\/index.php\/avulso-inicial-pl-5361-2025-camara\/\",\"name\":\"Avulso Inicial - PL 5361\/2025 - C\u00e2mara - Legislapp\",\"isPartOf\":{\"@id\":\"https:\/\/www.legislapp.com.br\/#website\"},\"primaryImageOfPage\":{\"@id\":\"https:\/\/www.legislapp.com.br\/index.php\/avulso-inicial-pl-5361-2025-camara\/#primaryimage\"},\"image\":{\"@id\":\"https:\/\/www.legislapp.com.br\/index.php\/avulso-inicial-pl-5361-2025-camara\/#primaryimage\"},\"thumbnailUrl\":\"https:\/\/www.legislapp.com.br\/wp-content\/uploads\/2021\/07\/Logo-Legislapp-1-03-1.png\",\"datePublished\":\"2025-12-01T14:11:37+00:00\",\"breadcrumb\":{\"@id\":\"https:\/\/www.legislapp.com.br\/index.php\/avulso-inicial-pl-5361-2025-camara\/#breadcrumb\"},\"inLanguage\":\"pt-BR\",\"potentialAction\":[{\"@type\":\"ReadAction\",\"target\":[\"https:\/\/www.legislapp.com.br\/index.php\/avulso-inicial-pl-5361-2025-camara\/\"]}]},{\"@type\":\"ImageObject\",\"inLanguage\":\"pt-BR\",\"@id\":\"https:\/\/www.legislapp.com.br\/index.php\/avulso-inicial-pl-5361-2025-camara\/#primaryimage\",\"url\":\"https:\/\/www.legislapp.com.br\/wp-content\/uploads\/2021\/07\/Logo-Legislapp-1-03-1.png\",\"contentUrl\":\"https:\/\/www.legislapp.com.br\/wp-content\/uploads\/2021\/07\/Logo-Legislapp-1-03-1.png\",\"width\":2679,\"height\":2697},{\"@type\":\"BreadcrumbList\",\"@id\":\"https:\/\/www.legislapp.com.br\/index.php\/avulso-inicial-pl-5361-2025-camara\/#breadcrumb\",\"itemListElement\":[{\"@type\":\"ListItem\",\"position\":1,\"name\":\"In\u00edcio\",\"item\":\"https:\/\/www.legislapp.com.br\/\"},{\"@type\":\"ListItem\",\"position\":2,\"name\":\"Avulso Inicial &#8211; PL 5361\/2025 &#8211; C\u00e2mara\"}]},{\"@type\":\"WebSite\",\"@id\":\"https:\/\/www.legislapp.com.br\/#website\",\"url\":\"https:\/\/www.legislapp.com.br\/\",\"name\":\"Legislapp\",\"description\":\"Intelig\u00eancia governamental em tempo real\",\"publisher\":{\"@id\":\"https:\/\/www.legislapp.com.br\/#organization\"},\"potentialAction\":[{\"@type\":\"SearchAction\",\"target\":{\"@type\":\"EntryPoint\",\"urlTemplate\":\"https:\/\/www.legislapp.com.br\/?s={search_term_string}\"},\"query-input\":{\"@type\":\"PropertyValueSpecification\",\"valueRequired\":true,\"valueName\":\"search_term_string\"}}],\"inLanguage\":\"pt-BR\"},{\"@type\":\"Organization\",\"@id\":\"https:\/\/www.legislapp.com.br\/#organization\",\"name\":\"Legislapp Monitoramento e Intelig\u00eancia Governamental\",\"url\":\"https:\/\/www.legislapp.com.br\/\",\"logo\":{\"@type\":\"ImageObject\",\"inLanguage\":\"pt-BR\",\"@id\":\"https:\/\/www.legislapp.com.br\/#\/schema\/logo\/image\/\",\"url\":\"https:\/\/www.legislapp.com.br\/wp-content\/uploads\/icon.png\",\"contentUrl\":\"https:\/\/www.legislapp.com.br\/wp-content\/uploads\/icon.png\",\"width\":1024,\"height\":1024,\"caption\":\"Legislapp Monitoramento e Intelig\u00eancia Governamental\"},\"image\":{\"@id\":\"https:\/\/www.legislapp.com.br\/#\/schema\/logo\/image\/\"},\"sameAs\":[\"https:\/\/www.instagram.com\/legislapp\/\"]}]}<\/script>\n<!-- \/ Yoast SEO plugin. -->","yoast_head_json":{"title":"Avulso Inicial - PL 5361\/2025 - C\u00e2mara - Legislapp","robots":{"index":"index","follow":"follow","max-snippet":"max-snippet:-1","max-image-preview":"max-image-preview:large","max-video-preview":"max-video-preview:-1"},"canonical":"https:\/\/www.legislapp.com.br\/index.php\/avulso-inicial-pl-5361-2025-camara\/","og_locale":"pt_BR","og_type":"article","og_title":"Avulso Inicial - PL 5361\/2025 - C\u00e2mara - Legislapp","og_description":"Avulso Inicial &#8211; Autoria de Juscelino Filho C \u00c2 M A R A D O S D E P U T A D O S PROJETO DE LEI N\u00ba , DE 2025 (Deputado Juscelino Filho) Disp\u00f5e sobre o fornecimento de Sistema Flash de monitoriza\u00e7\u00e3o da glicose por escaneamento intermitente para o monitoramento da glicose em [&hellip;]","og_url":"https:\/\/www.legislapp.com.br\/index.php\/avulso-inicial-pl-5361-2025-camara\/","og_site_name":"Legislapp","article_publisher":"https:\/\/www.instagram.com\/legislapp\/","og_image":[{"url":"https:\/\/www.legislapp.com.br\/wp-content\/uploads\/2021\/07\/Logo-Legislapp-1-03-1.png","type":"","width":"","height":""}],"twitter_card":"summary_large_image","twitter_misc":{"Est. tempo de leitura":"5 minutos"},"schema":{"@context":"https:\/\/schema.org","@graph":[{"@type":"WebPage","@id":"https:\/\/www.legislapp.com.br\/index.php\/avulso-inicial-pl-5361-2025-camara\/","url":"https:\/\/www.legislapp.com.br\/index.php\/avulso-inicial-pl-5361-2025-camara\/","name":"Avulso Inicial - PL 5361\/2025 - C\u00e2mara - Legislapp","isPartOf":{"@id":"https:\/\/www.legislapp.com.br\/#website"},"primaryImageOfPage":{"@id":"https:\/\/www.legislapp.com.br\/index.php\/avulso-inicial-pl-5361-2025-camara\/#primaryimage"},"image":{"@id":"https:\/\/www.legislapp.com.br\/index.php\/avulso-inicial-pl-5361-2025-camara\/#primaryimage"},"thumbnailUrl":"https:\/\/www.legislapp.com.br\/wp-content\/uploads\/2021\/07\/Logo-Legislapp-1-03-1.png","datePublished":"2025-12-01T14:11:37+00:00","breadcrumb":{"@id":"https:\/\/www.legislapp.com.br\/index.php\/avulso-inicial-pl-5361-2025-camara\/#breadcrumb"},"inLanguage":"pt-BR","potentialAction":[{"@type":"ReadAction","target":["https:\/\/www.legislapp.com.br\/index.php\/avulso-inicial-pl-5361-2025-camara\/"]}]},{"@type":"ImageObject","inLanguage":"pt-BR","@id":"https:\/\/www.legislapp.com.br\/index.php\/avulso-inicial-pl-5361-2025-camara\/#primaryimage","url":"https:\/\/www.legislapp.com.br\/wp-content\/uploads\/2021\/07\/Logo-Legislapp-1-03-1.png","contentUrl":"https:\/\/www.legislapp.com.br\/wp-content\/uploads\/2021\/07\/Logo-Legislapp-1-03-1.png","width":2679,"height":2697},{"@type":"BreadcrumbList","@id":"https:\/\/www.legislapp.com.br\/index.php\/avulso-inicial-pl-5361-2025-camara\/#breadcrumb","itemListElement":[{"@type":"ListItem","position":1,"name":"In\u00edcio","item":"https:\/\/www.legislapp.com.br\/"},{"@type":"ListItem","position":2,"name":"Avulso Inicial &#8211; PL 5361\/2025 &#8211; C\u00e2mara"}]},{"@type":"WebSite","@id":"https:\/\/www.legislapp.com.br\/#website","url":"https:\/\/www.legislapp.com.br\/","name":"Legislapp","description":"Intelig\u00eancia governamental em tempo real","publisher":{"@id":"https:\/\/www.legislapp.com.br\/#organization"},"potentialAction":[{"@type":"SearchAction","target":{"@type":"EntryPoint","urlTemplate":"https:\/\/www.legislapp.com.br\/?s={search_term_string}"},"query-input":{"@type":"PropertyValueSpecification","valueRequired":true,"valueName":"search_term_string"}}],"inLanguage":"pt-BR"},{"@type":"Organization","@id":"https:\/\/www.legislapp.com.br\/#organization","name":"Legislapp Monitoramento e Intelig\u00eancia Governamental","url":"https:\/\/www.legislapp.com.br\/","logo":{"@type":"ImageObject","inLanguage":"pt-BR","@id":"https:\/\/www.legislapp.com.br\/#\/schema\/logo\/image\/","url":"https:\/\/www.legislapp.com.br\/wp-content\/uploads\/icon.png","contentUrl":"https:\/\/www.legislapp.com.br\/wp-content\/uploads\/icon.png","width":1024,"height":1024,"caption":"Legislapp Monitoramento e Intelig\u00eancia Governamental"},"image":{"@id":"https:\/\/www.legislapp.com.br\/#\/schema\/logo\/image\/"},"sameAs":["https:\/\/www.instagram.com\/legislapp\/"]}]}},"_links":{"self":[{"href":"https:\/\/www.legislapp.com.br\/index.php\/wp-json\/wp\/v2\/pages\/10309","targetHints":{"allow":["GET"]}}],"collection":[{"href":"https:\/\/www.legislapp.com.br\/index.php\/wp-json\/wp\/v2\/pages"}],"about":[{"href":"https:\/\/www.legislapp.com.br\/index.php\/wp-json\/wp\/v2\/types\/page"}],"author":[{"embeddable":true,"href":"https:\/\/www.legislapp.com.br\/index.php\/wp-json\/wp\/v2\/users\/1"}],"replies":[{"embeddable":true,"href":"https:\/\/www.legislapp.com.br\/index.php\/wp-json\/wp\/v2\/comments?post=10309"}],"version-history":[{"count":0,"href":"https:\/\/www.legislapp.com.br\/index.php\/wp-json\/wp\/v2\/pages\/10309\/revisions"}],"wp:attachment":[{"href":"https:\/\/www.legislapp.com.br\/index.php\/wp-json\/wp\/v2\/media?parent=10309"}],"curies":[{"name":"wp","href":"https:\/\/api.w.org\/{rel}","templated":true}]}}