{"id":10313,"date":"2025-12-01T11:11:49","date_gmt":"2025-12-01T14:11:49","guid":{"rendered":"https:\/\/www.legislapp.com.br\/index.php\/avulso-inicial-pl-5213-2025-camara\/"},"modified":"2025-12-01T11:11:49","modified_gmt":"2025-12-01T14:11:49","slug":"avulso-inicial-pl-5213-2025-camara","status":"publish","type":"page","link":"https:\/\/www.legislapp.com.br\/index.php\/avulso-inicial-pl-5213-2025-camara\/","title":{"rendered":"Avulso Inicial &#8211; PL 5213\/2025 &#8211; C\u00e2mara"},"content":{"rendered":"<h1 style='text-align: center;'>Avulso Inicial &#8211; Autoria de Caio Vianna<\/h3>\n<p><\/p>\n<article>\n<p>C\u00c2MARA DOS DEPUTADOS <\/p>\n<p>PROJETO DE LEI N.\u00ba 5.213, DE 2025<br \/>\n(Do Sr. Caio Vianna) <\/p>\n<p>Altera a Lei n\u00ba 13.756, de 12 de dezembro de 2018, para reorganizar a<br \/>\ndistribui\u00e7\u00e3o dos percentuais destinados ao Minist\u00e9rio do Esporte advindos<br \/>\ndo produto da arrecada\u00e7\u00e3o da loteria de progn\u00f3sticos num\u00e9ricos, a fim de<br \/>\nincluir a Federa\u00e7\u00e3o Nacional dos Atletas Profissionais de Futebol<br \/>\n(FENAPAF). <\/p>\n<p>DESPACHO:<br \/>\n\u00c0S COMISS\u00d5ES DE<br \/>\nESPORTE;<br \/>\nFINAN\u00c7AS E TRIBUTA\u00c7\u00c3O (M\u00c9RITO E ART. 54, RICD) E<br \/>\nCONSTITUI\u00c7\u00c3O E JUSTI\u00c7A E DE CIDADANIA (ART. 54 RICD) <\/p>\n<p>APRECIA\u00c7\u00c3O:<br \/>\nProposi\u00e7\u00e3o Sujeita \u00e0 Aprecia\u00e7\u00e3o Conclusiva pelas Comiss\u00f5es &#8211; Art. 24 II <\/p>\n<p>PUBLICA\u00c7\u00c3O INICIAL<br \/>\nArt. 137, caput &#8211; RICD <\/p>\n<p>Coordena\u00e7\u00e3o de Comiss\u00f5es Permanentes &#8211; DECOM &#8211; P_6748<br \/>\nCONFERE COM O ORIGINAL AUTENTICADO <br \/>2<br \/>\nC\u00c2MARA DOS DEPUTADOS<br \/>\nGabinete do Deputado Caio Vianna<\/p>\n<p>PROJETO DE LEI N\u00ba          , DE 2025<br \/>\n(Do Sr. CAIO VIANNA)<br \/>\nAltera a Lei n\u00ba 13.756, de 12 de dezembro<br \/>\nde 2018, para reorganizar a distribui\u00e7\u00e3o dos<br \/>\npercentuais destinados ao Minist\u00e9rio do<br \/>\nEsporte advindos do produto da arrecada\u00e7\u00e3o<br \/>\nda loteria de progn\u00f3sticos num\u00e9ricos, a fim<br \/>\nde incluir a Federa\u00e7\u00e3o Nacional dos Atletas<br \/>\nProfissionais de Futebol (FENAPAF).<br \/>\nO Congresso Nacional decreta:<br \/>\nArt. 1\u00ba Esta lei altera a Lei n\u00ba 13.756, de 12 de dezembro de<br \/>\n2018, para reorganizar a distribui\u00e7\u00e3o dos percentuais destinados ao Minist\u00e9rio<br \/>\ndo Esporte advindos do produto da arrecada\u00e7\u00e3o da loteria de progn\u00f3sticos<br \/>\nnum\u00e9ricos, a fim de incluir a Federa\u00e7\u00e3o Nacional dos Atletas Profissionais de<br \/>\nFutebol (FENAPAF).<br \/>\nArt. 2\u00ba A Lei n\u00ba 13.756, de 12 de dezembro de 2018, passa a<br \/>\nvigorar com as seguintes altera\u00e7\u00f5es:<br \/>\n\u201cArt. 16. &#8230;&#8230;&#8230;&#8230;&#8230;&#8230;&#8230;&#8230;&#8230;&#8230;&#8230;&#8230;&#8230;&#8230;&#8230;&#8230;&#8230;&#8230;&#8230;&#8230;&#8230;&#8230;&#8230;&#8230;&#8230;&#8230;.<br \/>\n&#8230;&#8230;&#8230;&#8230;&#8230;&#8230;&#8230;&#8230;&#8230;&#8230;&#8230;&#8230;&#8230;&#8230;&#8230;&#8230;&#8230;&#8230;&#8230;&#8230;&#8230;&#8230;&#8230;&#8230;&#8230;&#8230;&#8230;&#8230;&#8230;&#8230;&#8230;<br \/>\n\u00a7 2\u00ba &#8230;&#8230;&#8230;&#8230;&#8230;&#8230;&#8230;&#8230;&#8230;&#8230;&#8230;&#8230;&#8230;&#8230;&#8230;&#8230;&#8230;&#8230;&#8230;&#8230;&#8230;&#8230;&#8230;&#8230;&#8230;&#8230;&#8230;&#8230;<br \/>\nI &#8211; &#8230;&#8230;&#8230;&#8230;&#8230;&#8230;&#8230;&#8230;&#8230;&#8230;&#8230;&#8230;&#8230;&#8230;&#8230;&#8230;&#8230;&#8230;&#8230;&#8230;&#8230;&#8230;&#8230;&#8230;&#8230;&#8230;&#8230;&#8230;&#8230;.<br \/>\na)  2,45% (dois inteiros e quarenta e cinco cent\u00e9simos por<br \/>\ncento) para o Minist\u00e9rio do Esporte;<br \/>\n&#8230;&#8230;&#8230;&#8230;&#8230;&#8230;&#8230;&#8230;&#8230;&#8230;&#8230;&#8230;&#8230;&#8230;&#8230;&#8230;&#8230;&#8230;&#8230;&#8230;&#8230;&#8230;&#8230;&#8230;&#8230;&#8230;&#8230;&#8230;&#8230;&#8230;&#8230;<br \/>\n&#8230;&#8230;&#8230;&#8230;&#8230;&#8230;&#8230;&#8230;&#8230;&#8230;&#8230;&#8230;&#8230;&#8230;&#8230;&#8230;&#8230;&#8230;&#8230;&#8230;&#8230;&#8230;&#8230;&#8230;&#8230;&#8230;&#8230;&#8230;&#8230;&#8230;&#8230;<br \/>\ne) 0,01% (um cent\u00e9simo por cento) para a Federa\u00e7\u00e3o<br \/>\nNacional dos Atletas Profissionais de<\/p>\n<p>Futebol (FENAPAF);\u201d (NR)<\/p>\n<p>\u201cArt. 22. &#8230;&#8230;&#8230;&#8230;&#8230;&#8230;&#8230;&#8230;&#8230;&#8230;&#8230;&#8230;&#8230;&#8230;&#8230;&#8230;&#8230;&#8230;&#8230;&#8230;&#8230;&#8230;&#8230;&#8230;&#8230;&#8230;.<br \/>\nCoordena\u00e7\u00e3o de Comiss\u00f5es Permanentes &#8211; DECOM &#8211; P_6748<br \/>\nCONFERE COM O ORIGINAL AUTENTICADO<br \/>\nPL 5213\/2025<br \/>\nPara verificar a assinatura, acesse https:\/\/infoleg-autenticidade-assinatura.camara.leg.br\/CD250973920400<br \/>\n2<br \/>\nAssinado eletronicamente pelo(a) Dep. Caio Vianna<br \/>\nApresenta\u00e7\u00e3o: 15\/10\/2025 17:22:01.900 &#8211; MesaApresenta\u00e7\u00e3o: 15\/10\/2025 17:22:01.900 &#8211; Mesa<br \/>\n*CD250973920400**CD250973920400* PL n.5213\/2025PL n.5213\/2025<br \/>3<br \/>\n2<br \/>\n&#8230;&#8230;&#8230;&#8230;&#8230;&#8230;&#8230;&#8230;&#8230;&#8230;&#8230;&#8230;&#8230;&#8230;&#8230;&#8230;&#8230;&#8230;&#8230;&#8230;&#8230;&#8230;&#8230;&#8230;&#8230;&#8230;&#8230;&#8230;&#8230;&#8230;..<br \/>\nXI &#8211; Federa\u00e7\u00e3o Nacional dos Atletas Profissionais de<br \/>\nFutebol (FENAPAF).\u201d (NR)<br \/>\nArt. 3\u00ba Esta lei entra em vigor ap\u00f3s decorridos 90 dias da data<br \/>\nde sua publica\u00e7\u00e3o oficial.<br \/>\nJUSTIFICA\u00c7\u00c3O<br \/>\nA proposta ora apresentada tem por objetivo corrigir uma<br \/>\nlacuna existente na destina\u00e7\u00e3o dos recursos provenientes da arrecada\u00e7\u00e3o das<br \/>\nloterias de progn\u00f3sticos num\u00e9ricos, assegurando a inclus\u00e3o da Federa\u00e7\u00e3o<br \/>\nNacional dos Atletas Profissionais de Futebol (FENAPAF) entre as entidades<br \/>\nbeneficiadas pela Lei n\u00ba 13.756, de 12 de dezembro de 2018.<br \/>\nA FENAPAF \u00e9 uma entidade que congrega sindicatos de<br \/>\natletas profissionais de futebol em todo o territ\u00f3rio nacional, desempenhando<br \/>\npapel relevante na defesa dos direitos dos atletas, al\u00e9m de contribuir para a<br \/>\nmelhoria das condi\u00e7\u00f5es de trabalho e para o desenvolvimento social e<br \/>\nprofissional da categoria.<br \/>\nEmbora o futebol seja uma das principais express\u00f5es culturais<br \/>\ne econ\u00f4micas do pa\u00eds, respons\u00e1vel por movimentar bilh\u00f5es de reais<br \/>\nanualmente e projetar o Brasil internacionalmente, seus protagonistas &#8211; os<br \/>\natletas &#8211; nem sempre s\u00e3o devidamente amparados por pol\u00edticas p\u00fablicas ou por<br \/>\nestruturas que garantam sua dignidade e seguran\u00e7a profissional.<br \/>\nA inclus\u00e3o da FENAPAF entre as entidades benefici\u00e1rias da<br \/>\narrecada\u00e7\u00e3o lot\u00e9rica busca justamente fortalecer a representatividade dos<br \/>\natletas e fomentar programas voltados \u00e0 forma\u00e7\u00e3o, qualifica\u00e7\u00e3o, reinser\u00e7\u00e3o<br \/>\nprofissional e assist\u00eancia social dos jogadores. Trata-se, portanto, de medida<br \/>\nde justi\u00e7a e de reconhecimento \u00e0queles que constroem, dentro de campo, parte <\/p>\n<p>importante da identidade nacional.<br \/>\nA presente proposi\u00e7\u00e3o representa verdadeiro avan\u00e7o<br \/>\ninstitucional, social e esportivo, promovendo maior equidade na distribui\u00e7\u00e3o dos<br \/>\nCoordena\u00e7\u00e3o de Comiss\u00f5es Permanentes &#8211; DECOM &#8211; P_6748<br \/>\nCONFERE COM O ORIGINAL AUTENTICADO<br \/>\nPL 5213\/2025<br \/>\nPara verificar a assinatura, acesse https:\/\/infoleg-autenticidade-assinatura.camara.leg.br\/CD250973920400<br \/>\n3<br \/>\nAssinado eletronicamente pelo(a) Dep. Caio Vianna<br \/>\nApresenta\u00e7\u00e3o: 15\/10\/2025 17:22:01.900 &#8211; MesaApresenta\u00e7\u00e3o: 15\/10\/2025 17:22:01.900 &#8211; Mesa<br \/>\n*CD250973920400**CD250973920400* PL n.5213\/2025PL n.5213\/2025<br \/>4<br \/>\n3<br \/>\nrecursos p\u00fablicos e refor\u00e7ando o compromisso do Estado brasileiro com o<br \/>\ndesenvolvimento humano e profissional dos atletas. Al\u00e9m disso, o percentual<br \/>\nproposto \u00e9 reduzido e n\u00e3o compromete a destina\u00e7\u00e3o atual dos recursos do<br \/>\nMinist\u00e9rio do Esporte, mantendo o equil\u00edbrio or\u00e7ament\u00e1rio e o atendimento aos<br \/>\ndemais benefici\u00e1rios j\u00e1 previstos em lei.<br \/>\nPelas raz\u00f5es expostas, solicito o apoio dos nobres Pares para<br \/>\na aprova\u00e7\u00e3o deste Projeto de Lei.<br \/>\nSala das Sess\u00f5es, em 15 de outubro de 2025.<br \/>\nDeputado CAIO VIANNA<br \/>\n2025-17425<\/p>\n<p>Coordena\u00e7\u00e3o de Comiss\u00f5es Permanentes &#8211; DECOM &#8211; P_6748<br \/>\nCONFERE COM O ORIGINAL AUTENTICADO<br \/>\nPL 5213\/2025<br \/>\nPara verificar a assinatura, acesse https:\/\/infoleg-autenticidade-assinatura.camara.leg.br\/CD250973920400<br \/>\n4<br \/>\nAssinado eletronicamente pelo(a) Dep. Caio Vianna<br \/>\nApresenta\u00e7\u00e3o: 15\/10\/2025 17:22:01.900 &#8211; MesaApresenta\u00e7\u00e3o: 15\/10\/2025 17:22:01.900 &#8211; Mesa<br \/>\n*CD250973920400**CD250973920400* PL n.5213\/2025PL n.5213\/2025<br \/>5 <\/p>\n<p>C\u00c2MARA DOS DEPUTADOS<br \/>\nCENTRO DE DOCUMENTA\u00c7\u00c3O E INFORMA\u00c7\u00c3O \u2013 CEDI<br \/>\nCoordena\u00e7\u00e3o de Organiza\u00e7\u00e3o da Informa\u00e7\u00e3o Legislativa \u2013 CELEG  <\/p>\n<p>LEI N\u00ba 13.756, DE 12 DE  https:\/\/normas.leg.br\/?urn=urn:lex:br:federal:lei:201812-<br \/>\nDEZEMBRO DE 2018  12;13756   <\/p>\n<p>FIM DO DOCUMENTO<br \/>\nCoordena\u00e7\u00e3o de Comiss\u00f5es Permanentes &#8211; DECOM &#8211; P_6748<br \/>\nCONFERE COM O ORIGINAL AUTENTICADO<br \/>\nPL 5213\/2025 <\/article>\n<p><a href='https:\/\/app.legislapp.com.br\/#\/busca?termo=Altera\u00e7\u00e3o'>Altera\u00e7\u00e3o<\/a>, <a href='https:\/\/app.legislapp.com.br\/#\/busca?termo=Lei Federal'>Lei Federal<\/a>, <a href='https:\/\/app.legislapp.com.br\/#\/busca?termo=destina\u00e7\u00e3o'>destina\u00e7\u00e3o<\/a>, <a href='https:\/\/app.legislapp.com.br\/#\/busca?termo=percentual'>percentual<\/a>, <a href='https:\/\/app.legislapp.com.br\/#\/busca?termo=Concurso de progn\u00f3stico'>Concurso de progn\u00f3stico<\/a>, <a href='https:\/\/app.legislapp.com.br\/#\/busca?termo=loteria'>loteria<\/a>, <a href='https:\/\/app.legislapp.com.br\/#\/busca?termo=Federa\u00e7\u00e3o Nacional dos Atletas Profissionais de Futebol (Fenapaf).'>Federa\u00e7\u00e3o Nacional dos Atletas Profissionais de Futebol (Fenapaf).<\/a><\/p>\n<div style=\"text-align: center\">\n      <img decoding=\"async\" style=\"width: 14%;\" src=\"https:\/\/www.legislapp.com.br\/wp-content\/uploads\/2021\/07\/Logo-Legislapp-1-03-1.png\"><br \/>\n      <\/p>\n<div style=\"margin-bottom: 20px;\" class=\"et_pb_button_module_wrapper et_pb_button_5_tb_body_wrapper et_pb_button_alignment_center et_pb_module \">\n         <a class=\"et_pb_button et_pb_button_5_tb_body et_hover_enabled et_pb_bg_layout_dark\" style=\"width: 50%;background-color: black;\" href=\"https:\/\/app.legislapp.com.br\" target=\"_blank\" rel=\"noopener\">Visualizar completo na nossa plataforma (30 dias gr\u00e1tis)<\/a><\/p><\/div>\n<p>      <a href=\"https:\/\/play.google.com\/store\/apps\/details?id=br.com.legislapp\"><img decoding=\"async\" style=\"width: 15%; min-width: 130px;\" src=\"https:\/\/www.legislapp.com.br\/wp-content\/uploads\/google-play.png\"><\/a><br \/>\n      <a href=\"https:\/\/apps.apple.com\/us\/app\/legislapp\/id1568929859\"><img decoding=\"async\" style=\"width: 15%; min-width: 130px\" src=\"https:\/\/www.legislapp.com.br\/wp-content\/uploads\/apple-store.png\"><\/a>\n   <\/div>\n","protected":false},"excerpt":{"rendered":"<p>Avulso Inicial &#8211; Autoria de Caio Vianna C\u00c2MARA DOS DEPUTADOS PROJETO DE LEI N.\u00ba 5.213, DE 2025 (Do Sr. Caio Vianna) Altera a Lei n\u00ba 13.756, de 12 de dezembro de 2018, para reorganizar a distribui\u00e7\u00e3o dos percentuais destinados ao Minist\u00e9rio do Esporte advindos do produto da arrecada\u00e7\u00e3o da loteria de progn\u00f3sticos num\u00e9ricos, a fim [&hellip;]<\/p>\n","protected":false},"author":1,"featured_media":0,"parent":0,"menu_order":0,"comment_status":"closed","ping_status":"closed","template":"page-template-blank.php","meta":{"_et_pb_use_builder":"","_et_pb_old_content":"","_et_gb_content_width":"1080","ngg_post_thumbnail":0,"footnotes":""},"class_list":["post-10313","page","type-page","status-publish","hentry"],"yoast_head":"<!-- This site is optimized with the Yoast SEO plugin v24.4 - https:\/\/yoast.com\/wordpress\/plugins\/seo\/ -->\n<title>Avulso Inicial - PL 5213\/2025 - C\u00e2mara - Legislapp<\/title>\n<meta name=\"robots\" content=\"index, follow, max-snippet:-1, max-image-preview:large, max-video-preview:-1\" \/>\n<link rel=\"canonical\" href=\"https:\/\/www.legislapp.com.br\/index.php\/avulso-inicial-pl-5213-2025-camara\/\" \/>\n<meta property=\"og:locale\" content=\"pt_BR\" \/>\n<meta property=\"og:type\" content=\"article\" \/>\n<meta property=\"og:title\" content=\"Avulso Inicial - PL 5213\/2025 - C\u00e2mara - Legislapp\" \/>\n<meta property=\"og:description\" content=\"Avulso Inicial &#8211; Autoria de Caio Vianna C\u00c2MARA DOS DEPUTADOS PROJETO DE LEI N.\u00ba 5.213, DE 2025 (Do Sr. Caio Vianna) Altera a Lei n\u00ba 13.756, de 12 de dezembro de 2018, para reorganizar a distribui\u00e7\u00e3o dos percentuais destinados ao Minist\u00e9rio do Esporte advindos do produto da arrecada\u00e7\u00e3o da loteria de progn\u00f3sticos num\u00e9ricos, a fim [&hellip;]\" \/>\n<meta property=\"og:url\" content=\"https:\/\/www.legislapp.com.br\/index.php\/avulso-inicial-pl-5213-2025-camara\/\" \/>\n<meta property=\"og:site_name\" content=\"Legislapp\" \/>\n<meta property=\"article:publisher\" content=\"https:\/\/www.instagram.com\/legislapp\/\" \/>\n<meta property=\"og:image\" content=\"https:\/\/www.legislapp.com.br\/wp-content\/uploads\/2021\/07\/Logo-Legislapp-1-03-1.png\" \/>\n<meta name=\"twitter:card\" content=\"summary_large_image\" \/>\n<meta name=\"twitter:label1\" content=\"Est. tempo de leitura\" \/>\n\t<meta name=\"twitter:data1\" content=\"4 minutos\" \/>\n<script type=\"application\/ld+json\" class=\"yoast-schema-graph\">{\"@context\":\"https:\/\/schema.org\",\"@graph\":[{\"@type\":\"WebPage\",\"@id\":\"https:\/\/www.legislapp.com.br\/index.php\/avulso-inicial-pl-5213-2025-camara\/\",\"url\":\"https:\/\/www.legislapp.com.br\/index.php\/avulso-inicial-pl-5213-2025-camara\/\",\"name\":\"Avulso Inicial - PL 5213\/2025 - C\u00e2mara - Legislapp\",\"isPartOf\":{\"@id\":\"https:\/\/www.legislapp.com.br\/#website\"},\"primaryImageOfPage\":{\"@id\":\"https:\/\/www.legislapp.com.br\/index.php\/avulso-inicial-pl-5213-2025-camara\/#primaryimage\"},\"image\":{\"@id\":\"https:\/\/www.legislapp.com.br\/index.php\/avulso-inicial-pl-5213-2025-camara\/#primaryimage\"},\"thumbnailUrl\":\"https:\/\/www.legislapp.com.br\/wp-content\/uploads\/2021\/07\/Logo-Legislapp-1-03-1.png\",\"datePublished\":\"2025-12-01T14:11:49+00:00\",\"breadcrumb\":{\"@id\":\"https:\/\/www.legislapp.com.br\/index.php\/avulso-inicial-pl-5213-2025-camara\/#breadcrumb\"},\"inLanguage\":\"pt-BR\",\"potentialAction\":[{\"@type\":\"ReadAction\",\"target\":[\"https:\/\/www.legislapp.com.br\/index.php\/avulso-inicial-pl-5213-2025-camara\/\"]}]},{\"@type\":\"ImageObject\",\"inLanguage\":\"pt-BR\",\"@id\":\"https:\/\/www.legislapp.com.br\/index.php\/avulso-inicial-pl-5213-2025-camara\/#primaryimage\",\"url\":\"https:\/\/www.legislapp.com.br\/wp-content\/uploads\/2021\/07\/Logo-Legislapp-1-03-1.png\",\"contentUrl\":\"https:\/\/www.legislapp.com.br\/wp-content\/uploads\/2021\/07\/Logo-Legislapp-1-03-1.png\",\"width\":2679,\"height\":2697},{\"@type\":\"BreadcrumbList\",\"@id\":\"https:\/\/www.legislapp.com.br\/index.php\/avulso-inicial-pl-5213-2025-camara\/#breadcrumb\",\"itemListElement\":[{\"@type\":\"ListItem\",\"position\":1,\"name\":\"In\u00edcio\",\"item\":\"https:\/\/www.legislapp.com.br\/\"},{\"@type\":\"ListItem\",\"position\":2,\"name\":\"Avulso Inicial &#8211; PL 5213\/2025 &#8211; C\u00e2mara\"}]},{\"@type\":\"WebSite\",\"@id\":\"https:\/\/www.legislapp.com.br\/#website\",\"url\":\"https:\/\/www.legislapp.com.br\/\",\"name\":\"Legislapp\",\"description\":\"Intelig\u00eancia governamental em tempo real\",\"publisher\":{\"@id\":\"https:\/\/www.legislapp.com.br\/#organization\"},\"potentialAction\":[{\"@type\":\"SearchAction\",\"target\":{\"@type\":\"EntryPoint\",\"urlTemplate\":\"https:\/\/www.legislapp.com.br\/?s={search_term_string}\"},\"query-input\":{\"@type\":\"PropertyValueSpecification\",\"valueRequired\":true,\"valueName\":\"search_term_string\"}}],\"inLanguage\":\"pt-BR\"},{\"@type\":\"Organization\",\"@id\":\"https:\/\/www.legislapp.com.br\/#organization\",\"name\":\"Legislapp Monitoramento e Intelig\u00eancia Governamental\",\"url\":\"https:\/\/www.legislapp.com.br\/\",\"logo\":{\"@type\":\"ImageObject\",\"inLanguage\":\"pt-BR\",\"@id\":\"https:\/\/www.legislapp.com.br\/#\/schema\/logo\/image\/\",\"url\":\"https:\/\/www.legislapp.com.br\/wp-content\/uploads\/icon.png\",\"contentUrl\":\"https:\/\/www.legislapp.com.br\/wp-content\/uploads\/icon.png\",\"width\":1024,\"height\":1024,\"caption\":\"Legislapp Monitoramento e Intelig\u00eancia Governamental\"},\"image\":{\"@id\":\"https:\/\/www.legislapp.com.br\/#\/schema\/logo\/image\/\"},\"sameAs\":[\"https:\/\/www.instagram.com\/legislapp\/\"]}]}<\/script>\n<!-- \/ Yoast SEO plugin. -->","yoast_head_json":{"title":"Avulso Inicial - PL 5213\/2025 - C\u00e2mara - Legislapp","robots":{"index":"index","follow":"follow","max-snippet":"max-snippet:-1","max-image-preview":"max-image-preview:large","max-video-preview":"max-video-preview:-1"},"canonical":"https:\/\/www.legislapp.com.br\/index.php\/avulso-inicial-pl-5213-2025-camara\/","og_locale":"pt_BR","og_type":"article","og_title":"Avulso Inicial - PL 5213\/2025 - C\u00e2mara - Legislapp","og_description":"Avulso Inicial &#8211; Autoria de Caio Vianna C\u00c2MARA DOS DEPUTADOS PROJETO DE LEI N.\u00ba 5.213, DE 2025 (Do Sr. Caio Vianna) Altera a Lei n\u00ba 13.756, de 12 de dezembro de 2018, para reorganizar a distribui\u00e7\u00e3o dos percentuais destinados ao Minist\u00e9rio do Esporte advindos do produto da arrecada\u00e7\u00e3o da loteria de progn\u00f3sticos num\u00e9ricos, a fim [&hellip;]","og_url":"https:\/\/www.legislapp.com.br\/index.php\/avulso-inicial-pl-5213-2025-camara\/","og_site_name":"Legislapp","article_publisher":"https:\/\/www.instagram.com\/legislapp\/","og_image":[{"url":"https:\/\/www.legislapp.com.br\/wp-content\/uploads\/2021\/07\/Logo-Legislapp-1-03-1.png","type":"","width":"","height":""}],"twitter_card":"summary_large_image","twitter_misc":{"Est. tempo de leitura":"4 minutos"},"schema":{"@context":"https:\/\/schema.org","@graph":[{"@type":"WebPage","@id":"https:\/\/www.legislapp.com.br\/index.php\/avulso-inicial-pl-5213-2025-camara\/","url":"https:\/\/www.legislapp.com.br\/index.php\/avulso-inicial-pl-5213-2025-camara\/","name":"Avulso Inicial - PL 5213\/2025 - C\u00e2mara - Legislapp","isPartOf":{"@id":"https:\/\/www.legislapp.com.br\/#website"},"primaryImageOfPage":{"@id":"https:\/\/www.legislapp.com.br\/index.php\/avulso-inicial-pl-5213-2025-camara\/#primaryimage"},"image":{"@id":"https:\/\/www.legislapp.com.br\/index.php\/avulso-inicial-pl-5213-2025-camara\/#primaryimage"},"thumbnailUrl":"https:\/\/www.legislapp.com.br\/wp-content\/uploads\/2021\/07\/Logo-Legislapp-1-03-1.png","datePublished":"2025-12-01T14:11:49+00:00","breadcrumb":{"@id":"https:\/\/www.legislapp.com.br\/index.php\/avulso-inicial-pl-5213-2025-camara\/#breadcrumb"},"inLanguage":"pt-BR","potentialAction":[{"@type":"ReadAction","target":["https:\/\/www.legislapp.com.br\/index.php\/avulso-inicial-pl-5213-2025-camara\/"]}]},{"@type":"ImageObject","inLanguage":"pt-BR","@id":"https:\/\/www.legislapp.com.br\/index.php\/avulso-inicial-pl-5213-2025-camara\/#primaryimage","url":"https:\/\/www.legislapp.com.br\/wp-content\/uploads\/2021\/07\/Logo-Legislapp-1-03-1.png","contentUrl":"https:\/\/www.legislapp.com.br\/wp-content\/uploads\/2021\/07\/Logo-Legislapp-1-03-1.png","width":2679,"height":2697},{"@type":"BreadcrumbList","@id":"https:\/\/www.legislapp.com.br\/index.php\/avulso-inicial-pl-5213-2025-camara\/#breadcrumb","itemListElement":[{"@type":"ListItem","position":1,"name":"In\u00edcio","item":"https:\/\/www.legislapp.com.br\/"},{"@type":"ListItem","position":2,"name":"Avulso Inicial &#8211; PL 5213\/2025 &#8211; C\u00e2mara"}]},{"@type":"WebSite","@id":"https:\/\/www.legislapp.com.br\/#website","url":"https:\/\/www.legislapp.com.br\/","name":"Legislapp","description":"Intelig\u00eancia governamental em tempo real","publisher":{"@id":"https:\/\/www.legislapp.com.br\/#organization"},"potentialAction":[{"@type":"SearchAction","target":{"@type":"EntryPoint","urlTemplate":"https:\/\/www.legislapp.com.br\/?s={search_term_string}"},"query-input":{"@type":"PropertyValueSpecification","valueRequired":true,"valueName":"search_term_string"}}],"inLanguage":"pt-BR"},{"@type":"Organization","@id":"https:\/\/www.legislapp.com.br\/#organization","name":"Legislapp Monitoramento e Intelig\u00eancia Governamental","url":"https:\/\/www.legislapp.com.br\/","logo":{"@type":"ImageObject","inLanguage":"pt-BR","@id":"https:\/\/www.legislapp.com.br\/#\/schema\/logo\/image\/","url":"https:\/\/www.legislapp.com.br\/wp-content\/uploads\/icon.png","contentUrl":"https:\/\/www.legislapp.com.br\/wp-content\/uploads\/icon.png","width":1024,"height":1024,"caption":"Legislapp Monitoramento e Intelig\u00eancia Governamental"},"image":{"@id":"https:\/\/www.legislapp.com.br\/#\/schema\/logo\/image\/"},"sameAs":["https:\/\/www.instagram.com\/legislapp\/"]}]}},"_links":{"self":[{"href":"https:\/\/www.legislapp.com.br\/index.php\/wp-json\/wp\/v2\/pages\/10313","targetHints":{"allow":["GET"]}}],"collection":[{"href":"https:\/\/www.legislapp.com.br\/index.php\/wp-json\/wp\/v2\/pages"}],"about":[{"href":"https:\/\/www.legislapp.com.br\/index.php\/wp-json\/wp\/v2\/types\/page"}],"author":[{"embeddable":true,"href":"https:\/\/www.legislapp.com.br\/index.php\/wp-json\/wp\/v2\/users\/1"}],"replies":[{"embeddable":true,"href":"https:\/\/www.legislapp.com.br\/index.php\/wp-json\/wp\/v2\/comments?post=10313"}],"version-history":[{"count":0,"href":"https:\/\/www.legislapp.com.br\/index.php\/wp-json\/wp\/v2\/pages\/10313\/revisions"}],"wp:attachment":[{"href":"https:\/\/www.legislapp.com.br\/index.php\/wp-json\/wp\/v2\/media?parent=10313"}],"curies":[{"name":"wp","href":"https:\/\/api.w.org\/{rel}","templated":true}]}}