{"id":10325,"date":"2025-12-01T11:12:39","date_gmt":"2025-12-01T14:12:39","guid":{"rendered":"https:\/\/www.legislapp.com.br\/index.php\/avulso-inicial-pl-5371-2025-camara\/"},"modified":"2025-12-01T11:12:39","modified_gmt":"2025-12-01T14:12:39","slug":"avulso-inicial-pl-5371-2025-camara","status":"publish","type":"page","link":"https:\/\/www.legislapp.com.br\/index.php\/avulso-inicial-pl-5371-2025-camara\/","title":{"rendered":"Avulso Inicial &#8211; PL 5371\/2025 &#8211; C\u00e2mara"},"content":{"rendered":"<h1 style='text-align: center;'>Avulso Inicial &#8211; Autoria de J\u00fanior Mano<\/h3>\n<p><\/p>\n<article>GABINETE DO DEPUTADO FEDERAL JUNIOR MANO \u2013<br \/>\nPSB\/CE<br \/>\nPROJETO DE LEI N\u00ba                  \/2025<br \/>\n(Do Sr J\u00fanior Mano)<br \/>\nAltera a Lei 9.394, de 20 de dezembro de 1996<br \/>\n(Lei de Diretrizes e Bases da Educa\u00e7\u00e3o Nacional);<br \/>\ne, altera a Lei 14.113, de 25 de dezembro de<br \/>\n2020 (Fundeb); para dispor sobre a inclus\u00e3o dos<br \/>\nprofissionais de apoio escolar que atuam nas<br \/>\nredes p\u00fablicas de ensino entre os profissionais da<br \/>\neduca\u00e7\u00e3o b\u00e1sica, para fins de pagamento com<br \/>\nrecursos do Fundo de Manuten\u00e7\u00e3o e<br \/>\nDesenvolvimento da Educa\u00e7\u00e3o B\u00e1sica e de<br \/>\nValoriza\u00e7\u00e3o dos Profissionais da Educa\u00e7\u00e3o<br \/>\n(FUNDEB), e d\u00e1 outras provid\u00eancias.<br \/>\nO CONGRESSO NACIONAL decreta:<br \/>\nArt. 1\u00ba Esta lei altera o art. 61 da Lei n\u00ba 9.394, de 20 de dezembro de 1996 (Lei<br \/>\nde Diretrizes e Bases da Educa\u00e7\u00e3o Nacional), que passa a vigorar com as seguintes<br \/>\naltera\u00e7\u00f5es:<br \/>\n\u201cArt. 61. &#8230;&#8230;&#8230;&#8230;&#8230;&#8230;&#8230;&#8230;&#8230;&#8230;&#8230;&#8230;&#8230;&#8230;&#8230;&#8230;&#8230;&#8230;&#8230;&#8230;&#8230;&#8230;&#8230;&#8230;&#8230;&#8230;&#8230;&#8230;&#8230;&#8230;&#8230;&#8230;&#8230;&#8230;..<br \/>\n&#8230;&#8230;&#8230;&#8230;&#8230;&#8230;&#8230;&#8230;&#8230;&#8230;&#8230;&#8230;&#8230;&#8230;&#8230;&#8230;&#8230;&#8230;&#8230;&#8230;&#8230;&#8230;&#8230;&#8230;&#8230;&#8230;&#8230;&#8230;&#8230;&#8230;&#8230;&#8230;&#8230;&#8230;&#8230;&#8230;&#8230;&#8230;&#8230;<br \/>\nVI \u2013 os psic\u00f3logos e servi\u00e7o social que atuem em atividades de apoio<br \/>\npedag\u00f3gico, socioemocional e psicossocial no \u00e2mbito das institui\u00e7\u00f5es de<br \/>\nPara verificar a assinatura, acesse https:\/\/infoleg-autenticidade-assinatura.camara.leg.br\/CD255818488800<br \/>\nAssinado eletronicamente pelo(a) Dep. J\u00fanior Mano<br \/>\nApresenta\u00e7\u00e3o: 22\/10\/2025 17:31:38.673 &#8211; MesaApresenta\u00e7\u00e3o: 22\/10\/2025 17:31:38.673 &#8211; Mesa<br \/>\n*CD255818488800**CD255818488800* PL n.5371\/2025PL n.5371\/2025<br \/>GABINETE DO DEPUTADO FEDERAL JUNIOR MANO \u2013<br \/>\nPSB\/CE<br \/>\neduca\u00e7\u00e3o b\u00e1sica.<br \/>\nVII \u2013 profissionais de apoio escolar ou cuidador, os acompanhantes<br \/>\nescolares, monitores escolares, assistentes terap\u00eauticos, acompanhante<br \/>\nespecializado, mediador escolar, monitor escolar e demais fun\u00e7\u00f5es que<br \/>\natuem em apoio escolar.<br \/>\n&#8230;&#8230;&#8230;&#8230;&#8230;&#8230;&#8230;&#8230;&#8230;&#8230;&#8230;&#8230;&#8230;&#8230;&#8230;&#8230;&#8230;&#8230;&#8230;&#8230;&#8230;&#8230;&#8230;&#8230;&#8230;&#8230;&#8230;&#8230;&#8230;&#8230;&#8230;&#8230;&#8230;&#8230;&#8230;&#8230;\u201d (NR)<br \/>\nArt. 2\u00ba o art. 26 da Lei n\u00ba 14.113, de 25 de dezembro de 2020, passa a vigorar<br \/>\ncom as seguintes altera\u00e7\u00f5es:<br \/>\n\u201cArt. 26. &#8230;&#8230;&#8230;&#8230;&#8230;&#8230;&#8230;&#8230;&#8230;&#8230;&#8230;&#8230;&#8230;&#8230;&#8230;&#8230;&#8230;&#8230;&#8230;&#8230;&#8230;&#8230;&#8230;&#8230;&#8230;&#8230;&#8230;&#8230;&#8230;&#8230;&#8230;&#8230;&#8230;&#8230;&#8230;<br \/>\n\u00a71\u00ba &#8230;&#8230;&#8230;&#8230;&#8230;&#8230;&#8230;&#8230;&#8230;&#8230;&#8230;&#8230;&#8230;&#8230;&#8230;&#8230;&#8230;&#8230;&#8230;&#8230;&#8230;&#8230;&#8230;&#8230;&#8230;&#8230;&#8230;&#8230;&#8230;&#8230;&#8230;&#8230;&#8230;&#8230;&#8230;&#8230;&#8230;.<br \/>\n&#8230;&#8230;&#8230;&#8230;&#8230;&#8230;&#8230;&#8230;&#8230;&#8230;&#8230;&#8230;&#8230;&#8230;&#8230;&#8230;&#8230;&#8230;&#8230;&#8230;&#8230;&#8230;&#8230;&#8230;&#8230;&#8230;&#8230;&#8230;&#8230;&#8230;&#8230;&#8230;&#8230;&#8230;&#8230;&#8230;&#8230;&#8230;&#8230;.<br \/>\nIII \u2013 profissionais de apoio escolar: psic\u00f3logos, assistente social, que<br \/>\natuem nas redes p\u00fablicas de ensino da educa\u00e7\u00e3o b\u00e1sica,<br \/>\ndesempenhando fun\u00e7\u00f5es voltadas ao apoio pedag\u00f3gico, socioemocional<br \/>\ne psicossocial aos estudantes e profissionais da educa\u00e7\u00e3o, em efetivo<br \/>\nexerc\u00edcio nas redes de ensino de educa\u00e7\u00e3o b\u00e1sica;<br \/>\nIV \u2013 efetivo exerc\u00edcio: a atua\u00e7\u00e3o efetiva no desempenho das atividades<br \/>\ndos profissionais referidos no inciso II deste par\u00e1grafo associada \u00e0 regular<br \/>\nvincula\u00e7\u00e3o contratual, tempor\u00e1ria ou estatut\u00e1ria com o ente<br \/>\ngovernamental que o remunera, n\u00e3o descaracterizada por eventuais<br \/>\nafastamentos tempor\u00e1rios previstos em lei com \u00f4nus para o empregador<br \/>\nque n\u00e3o impliquem rompimento da rela\u00e7\u00e3o jur\u00eddica existente.<br \/>\n&#8230;&#8230;&#8230;&#8230;&#8230;&#8230;&#8230;&#8230;&#8230;&#8230;&#8230;&#8230;&#8230;&#8230;&#8230;&#8230;&#8230;&#8230;&#8230;&#8230;&#8230;&#8230;&#8230;&#8230;&#8230;&#8230;&#8230;&#8230;&#8230;&#8230;&#8230;&#8230;&#8230;&#8230;&#8230;&#8230;&#8230;&#8230;&#8230;.<br \/>\n.<br \/>\n \u201cArt. 26-A. Os Estados, o Distrito Federal e os Munic\u00edpios poder\u00e3o<br \/>\nremunerar, com a parcela dos 30% (trinta por cento) n\u00e3o subvinculada<br \/>\naos profissionais da educa\u00e7\u00e3o referidos no inciso II e III do \u00a7 1\u00ba do art. 26<br \/>\ndesta Lei, os profissionais de apoio, aux\u00edlio ou suporte escolar, desde que<br \/>\nPara verificar a assinatura, acesse https:\/\/infoleg-autenticidade-assinatura.camara.leg.br\/CD255818488800<br \/>\nAssinado eletronicamente pelo(a) Dep. J\u00fanior Mano<br \/>\nApresenta\u00e7\u00e3o: 22\/10\/2025 17:31:38.673 &#8211; MesaApresenta\u00e7\u00e3o: 22\/10\/2025 17:31:38.673 &#8211; Mesa<br \/>\n*CD255818488800**CD255818488800* PL n.5371\/2025PL n.5371\/2025<br \/>GABINETE DO DEPUTADO FEDERAL JUNIOR MANO \u2013<br \/>\nPSB\/CE<br \/>\nintegrantes de equipes multiprofissionais que atendam aos educandos,<br \/>\nnos termos da Lei n\u00ba 13.935 de 11 de dezembro de 2019, observado o<br \/>\ndisposto no caput do art. 27 desta Lei.   (Inclu\u00eddo pela Lei n\u00ba 14.276, de<br \/>\n2021).<br \/>\nPar\u00e1grafo \u00fanico: Consideram-se profissionais de apoio escolar, aquele<br \/>\nque:<br \/>\nI \u2013 auxilia o aluno em atividades b\u00e1sicas de vida, como alimenta\u00e7\u00e3o,<br \/>\nhigiene e locomo\u00e7\u00e3o;<br \/>\nII \u2013 oferece suporte a alunos com necessidades espec\u00edficas, como<br \/>\nTranstorno do Espectro Autista;<br \/>\nIII \u2013 oferece suporte a alunos e professores com materiais ou orienta\u00e7\u00f5es;<br \/>\n\u201cIV \u2013 apoia o professor titular nas atividades pedag\u00f3gicas e do<br \/>\naprendizado em sala de aula.\u201d (NR)<br \/>\nArt. 3\u00ba Esta Lei entra em vigor na data de sua publica\u00e7\u00e3o.<br \/>\nPara verificar a assinatura, acesse https:\/\/infoleg-autenticidade-assinatura.camara.leg.br\/CD255818488800<br \/>\nAssinado eletronicamente pelo(a) Dep. J\u00fanior Mano<br \/>\nApresenta\u00e7\u00e3o: 22\/10\/2025 17:31:38.673 &#8211; MesaApresenta\u00e7\u00e3o: 22\/10\/2025 17:31:38.673 &#8211; Mesa<br \/>\n*CD255818488800**CD255818488800* PL n.5371\/2025PL n.5371\/2025<br \/>GABINETE DO DEPUTADO FEDERAL JUNIOR MANO \u2013<br \/>\nPSB\/CE<br \/>\nJUSTIFICATIVA<br \/>\nO presente Projeto de Lei busca corrigir uma lacuna existente na legisla\u00e7\u00e3o<br \/>\neducacional brasileira, ao reconhecer expressamente os psic\u00f3logos e demais<br \/>\nprofissionais que atuam na educa\u00e7\u00e3o b\u00e1sica como profissionais da educa\u00e7\u00e3o,<br \/>\npossibilitando sua remunera\u00e7\u00e3o com recursos do FUNDEB e inclus\u00e3o nos rateios de<br \/>\nsobras or\u00e7ament\u00e1rias.<br \/>\nA Lei n\u00ba 14.113\/2020, que regulamenta o novo FUNDEB, determina que pelo<br \/>\nmenos 70% dos recursos do Fundo seja destinado \u00e0 remunera\u00e7\u00e3o dos profissionais da<br \/>\neduca\u00e7\u00e3o b\u00e1sica em efetivo exerc\u00edcio. No entanto, a aus\u00eancia de men\u00e7\u00e3o expl\u00edcita aos<br \/>\npsic\u00f3logos educacionais e escolares, aos acompanhantes especializados, assistentes<br \/>\nterap\u00eauticos e demais profissionais atuantes na educa\u00e7\u00e3o b\u00e1sica, tem levado \u00e0<br \/>\nexclus\u00e3o injusta destes profissionais do rol de benefici\u00e1rios do referido Fundo.<br \/>\nEsses profissionais exercem papel fundamental na promo\u00e7\u00e3o da sa\u00fade mental,<br \/>\nemocional, individual e social dos estudantes, bem como no apoio pedag\u00f3gico e<br \/>\nformativo aos professores. Sua atua\u00e7\u00e3o \u00e9 indispens\u00e1vel para garantir ambientes<br \/>\nescolares mais equilibrados, inclusivos e prop\u00edcios \u00e0 aprendizagem.<br \/>\nA Lei n\u00ba 13.935\/2019 j\u00e1 reconhece a necessidade da presen\u00e7a de psic\u00f3logos e<br \/>\nassistentes sociais nas redes p\u00fablicas de educa\u00e7\u00e3o b\u00e1sica, mas a aus\u00eancia de<br \/>\nprevis\u00e3o expressa na legisla\u00e7\u00e3o do FUNDEB tem gerado inseguran\u00e7a jur\u00eddica e<br \/>\ndesigualdade remunerat\u00f3ria.<br \/>\nPortanto, este projeto representa uma justi\u00e7a hist\u00f3rica e moral para com esses<br \/>\nprofissionais, que atuam lado a lado com professores, pedagogos e gestores escolares<br \/>\nna forma\u00e7\u00e3o integral dos estudantes.<br \/>\nAo reconhecer os psic\u00f3logos como profissionais da educa\u00e7\u00e3o para fins de<br \/>\npagamento com recursos do FUNDEB, o Parlamento valoriza o trabalho<br \/>\nmultiprofissional na educa\u00e7\u00e3o p\u00fablica brasileira, fortalece as pol\u00edticas educacionais e<br \/>\npromove a equidade entre todos os servidores que contribuem para a qualidade do<br \/>\nensino.<br \/>\nPara verificar a assinatura, acesse https:\/\/infoleg-autenticidade-assinatura.camara.leg.br\/CD255818488800<br \/>\nAssinado eletronicamente pelo(a) Dep. J\u00fanior Mano<br \/>\nApresenta\u00e7\u00e3o: 22\/10\/2025 17:31:38.673 &#8211; MesaApresenta\u00e7\u00e3o: 22\/10\/2025 17:31:38.673 &#8211; Mesa<br \/>\n*CD255818488800**CD255818488800* PL n.5371\/2025PL n.5371\/2025<br \/>GABINETE DO DEPUTADO FEDERAL JUNIOR MANO \u2013<br \/>\nPSB\/CE<br \/>\nDiante do exposto, solicitamos o apoio dos nobres Pares para a aprova\u00e7\u00e3o<br \/>\ndeste Projeto de Lei, que representa um passo essencial na valoriza\u00e7\u00e3o dos psic\u00f3logos<br \/>\ne na consolida\u00e7\u00e3o de uma educa\u00e7\u00e3o p\u00fablica mais humana e inclusiva.<br \/>\nSala das Sess\u00f5es, em ___ de ___________ de 2025.<br \/>\nDeputado J\u00fanior Mano<br \/>\nPSB \u2013 Cear\u00e1<br \/>\nPara verificar a assinatura, acesse https:\/\/infoleg-autenticidade-assinatura.camara.leg.br\/CD255818488800<br \/>\nAssinado eletronicamente pelo(a) Dep. J\u00fanior Mano<br \/>\nApresenta\u00e7\u00e3o: 22\/10\/2025 17:31:38.673 &#8211; MesaApresenta\u00e7\u00e3o: 22\/10\/2025 17:31:38.673 &#8211; Mesa<br \/>\n*CD255818488800**CD255818488800* PL n.5371\/2025PL n.5371\/2025<\/article>\n<p><a href='https:\/\/app.legislapp.com.br\/#\/busca?termo='><\/a><\/p>\n<div style=\"text-align: center\">\n      <img decoding=\"async\" style=\"width: 14%;\" src=\"https:\/\/www.legislapp.com.br\/wp-content\/uploads\/2021\/07\/Logo-Legislapp-1-03-1.png\"><br \/>\n      <\/p>\n<div style=\"margin-bottom: 20px;\" class=\"et_pb_button_module_wrapper et_pb_button_5_tb_body_wrapper et_pb_button_alignment_center et_pb_module \">\n         <a class=\"et_pb_button et_pb_button_5_tb_body et_hover_enabled et_pb_bg_layout_dark\" style=\"width: 50%;background-color: black;\" href=\"https:\/\/app.legislapp.com.br\" target=\"_blank\" rel=\"noopener\">Visualizar completo na nossa plataforma (30 dias gr\u00e1tis)<\/a><\/p><\/div>\n<p>      <a href=\"https:\/\/play.google.com\/store\/apps\/details?id=br.com.legislapp\"><img decoding=\"async\" style=\"width: 15%; min-width: 130px;\" src=\"https:\/\/www.legislapp.com.br\/wp-content\/uploads\/google-play.png\"><\/a><br \/>\n      <a href=\"https:\/\/apps.apple.com\/us\/app\/legislapp\/id1568929859\"><img decoding=\"async\" style=\"width: 15%; min-width: 130px\" src=\"https:\/\/www.legislapp.com.br\/wp-content\/uploads\/apple-store.png\"><\/a>\n   <\/div>\n","protected":false},"excerpt":{"rendered":"<p>Avulso Inicial &#8211; Autoria de J\u00fanior Mano GABINETE DO DEPUTADO FEDERAL JUNIOR MANO \u2013 PSB\/CE PROJETO DE LEI N\u00ba \/2025 (Do Sr J\u00fanior Mano) Altera a Lei 9.394, de 20 de dezembro de 1996 (Lei de Diretrizes e Bases da Educa\u00e7\u00e3o Nacional); e, altera a Lei 14.113, de 25 de dezembro de 2020 (Fundeb); para [&hellip;]<\/p>\n","protected":false},"author":1,"featured_media":0,"parent":0,"menu_order":0,"comment_status":"closed","ping_status":"closed","template":"page-template-blank.php","meta":{"_et_pb_use_builder":"","_et_pb_old_content":"","_et_gb_content_width":"1080","ngg_post_thumbnail":0,"footnotes":""},"class_list":["post-10325","page","type-page","status-publish","hentry"],"yoast_head":"<!-- This site is optimized with the Yoast SEO plugin v24.4 - https:\/\/yoast.com\/wordpress\/plugins\/seo\/ -->\n<title>Avulso Inicial - PL 5371\/2025 - C\u00e2mara - Legislapp<\/title>\n<meta name=\"robots\" content=\"index, follow, max-snippet:-1, max-image-preview:large, max-video-preview:-1\" \/>\n<link rel=\"canonical\" href=\"https:\/\/www.legislapp.com.br\/index.php\/avulso-inicial-pl-5371-2025-camara\/\" \/>\n<meta property=\"og:locale\" content=\"pt_BR\" \/>\n<meta property=\"og:type\" content=\"article\" \/>\n<meta property=\"og:title\" content=\"Avulso Inicial - PL 5371\/2025 - C\u00e2mara - Legislapp\" \/>\n<meta property=\"og:description\" content=\"Avulso Inicial &#8211; Autoria de J\u00fanior Mano GABINETE DO DEPUTADO FEDERAL JUNIOR MANO \u2013 PSB\/CE PROJETO DE LEI N\u00ba \/2025 (Do Sr J\u00fanior Mano) Altera a Lei 9.394, de 20 de dezembro de 1996 (Lei de Diretrizes e Bases da Educa\u00e7\u00e3o Nacional); e, altera a Lei 14.113, de 25 de dezembro de 2020 (Fundeb); para [&hellip;]\" \/>\n<meta property=\"og:url\" content=\"https:\/\/www.legislapp.com.br\/index.php\/avulso-inicial-pl-5371-2025-camara\/\" \/>\n<meta property=\"og:site_name\" content=\"Legislapp\" \/>\n<meta property=\"article:publisher\" content=\"https:\/\/www.instagram.com\/legislapp\/\" \/>\n<meta property=\"og:image\" content=\"https:\/\/www.legislapp.com.br\/wp-content\/uploads\/2021\/07\/Logo-Legislapp-1-03-1.png\" \/>\n<meta name=\"twitter:card\" content=\"summary_large_image\" \/>\n<meta name=\"twitter:label1\" content=\"Est. tempo de leitura\" \/>\n\t<meta name=\"twitter:data1\" content=\"5 minutos\" \/>\n<script type=\"application\/ld+json\" class=\"yoast-schema-graph\">{\"@context\":\"https:\/\/schema.org\",\"@graph\":[{\"@type\":\"WebPage\",\"@id\":\"https:\/\/www.legislapp.com.br\/index.php\/avulso-inicial-pl-5371-2025-camara\/\",\"url\":\"https:\/\/www.legislapp.com.br\/index.php\/avulso-inicial-pl-5371-2025-camara\/\",\"name\":\"Avulso Inicial - PL 5371\/2025 - C\u00e2mara - Legislapp\",\"isPartOf\":{\"@id\":\"https:\/\/www.legislapp.com.br\/#website\"},\"primaryImageOfPage\":{\"@id\":\"https:\/\/www.legislapp.com.br\/index.php\/avulso-inicial-pl-5371-2025-camara\/#primaryimage\"},\"image\":{\"@id\":\"https:\/\/www.legislapp.com.br\/index.php\/avulso-inicial-pl-5371-2025-camara\/#primaryimage\"},\"thumbnailUrl\":\"https:\/\/www.legislapp.com.br\/wp-content\/uploads\/2021\/07\/Logo-Legislapp-1-03-1.png\",\"datePublished\":\"2025-12-01T14:12:39+00:00\",\"breadcrumb\":{\"@id\":\"https:\/\/www.legislapp.com.br\/index.php\/avulso-inicial-pl-5371-2025-camara\/#breadcrumb\"},\"inLanguage\":\"pt-BR\",\"potentialAction\":[{\"@type\":\"ReadAction\",\"target\":[\"https:\/\/www.legislapp.com.br\/index.php\/avulso-inicial-pl-5371-2025-camara\/\"]}]},{\"@type\":\"ImageObject\",\"inLanguage\":\"pt-BR\",\"@id\":\"https:\/\/www.legislapp.com.br\/index.php\/avulso-inicial-pl-5371-2025-camara\/#primaryimage\",\"url\":\"https:\/\/www.legislapp.com.br\/wp-content\/uploads\/2021\/07\/Logo-Legislapp-1-03-1.png\",\"contentUrl\":\"https:\/\/www.legislapp.com.br\/wp-content\/uploads\/2021\/07\/Logo-Legislapp-1-03-1.png\",\"width\":2679,\"height\":2697},{\"@type\":\"BreadcrumbList\",\"@id\":\"https:\/\/www.legislapp.com.br\/index.php\/avulso-inicial-pl-5371-2025-camara\/#breadcrumb\",\"itemListElement\":[{\"@type\":\"ListItem\",\"position\":1,\"name\":\"In\u00edcio\",\"item\":\"https:\/\/www.legislapp.com.br\/\"},{\"@type\":\"ListItem\",\"position\":2,\"name\":\"Avulso Inicial &#8211; PL 5371\/2025 &#8211; C\u00e2mara\"}]},{\"@type\":\"WebSite\",\"@id\":\"https:\/\/www.legislapp.com.br\/#website\",\"url\":\"https:\/\/www.legislapp.com.br\/\",\"name\":\"Legislapp\",\"description\":\"Intelig\u00eancia governamental em tempo real\",\"publisher\":{\"@id\":\"https:\/\/www.legislapp.com.br\/#organization\"},\"potentialAction\":[{\"@type\":\"SearchAction\",\"target\":{\"@type\":\"EntryPoint\",\"urlTemplate\":\"https:\/\/www.legislapp.com.br\/?s={search_term_string}\"},\"query-input\":{\"@type\":\"PropertyValueSpecification\",\"valueRequired\":true,\"valueName\":\"search_term_string\"}}],\"inLanguage\":\"pt-BR\"},{\"@type\":\"Organization\",\"@id\":\"https:\/\/www.legislapp.com.br\/#organization\",\"name\":\"Legislapp Monitoramento e Intelig\u00eancia Governamental\",\"url\":\"https:\/\/www.legislapp.com.br\/\",\"logo\":{\"@type\":\"ImageObject\",\"inLanguage\":\"pt-BR\",\"@id\":\"https:\/\/www.legislapp.com.br\/#\/schema\/logo\/image\/\",\"url\":\"https:\/\/www.legislapp.com.br\/wp-content\/uploads\/icon.png\",\"contentUrl\":\"https:\/\/www.legislapp.com.br\/wp-content\/uploads\/icon.png\",\"width\":1024,\"height\":1024,\"caption\":\"Legislapp Monitoramento e Intelig\u00eancia Governamental\"},\"image\":{\"@id\":\"https:\/\/www.legislapp.com.br\/#\/schema\/logo\/image\/\"},\"sameAs\":[\"https:\/\/www.instagram.com\/legislapp\/\"]}]}<\/script>\n<!-- \/ Yoast SEO plugin. -->","yoast_head_json":{"title":"Avulso Inicial - PL 5371\/2025 - C\u00e2mara - Legislapp","robots":{"index":"index","follow":"follow","max-snippet":"max-snippet:-1","max-image-preview":"max-image-preview:large","max-video-preview":"max-video-preview:-1"},"canonical":"https:\/\/www.legislapp.com.br\/index.php\/avulso-inicial-pl-5371-2025-camara\/","og_locale":"pt_BR","og_type":"article","og_title":"Avulso Inicial - PL 5371\/2025 - C\u00e2mara - Legislapp","og_description":"Avulso Inicial &#8211; Autoria de J\u00fanior Mano GABINETE DO DEPUTADO FEDERAL JUNIOR MANO \u2013 PSB\/CE PROJETO DE LEI N\u00ba \/2025 (Do Sr J\u00fanior Mano) Altera a Lei 9.394, de 20 de dezembro de 1996 (Lei de Diretrizes e Bases da Educa\u00e7\u00e3o Nacional); e, altera a Lei 14.113, de 25 de dezembro de 2020 (Fundeb); para [&hellip;]","og_url":"https:\/\/www.legislapp.com.br\/index.php\/avulso-inicial-pl-5371-2025-camara\/","og_site_name":"Legislapp","article_publisher":"https:\/\/www.instagram.com\/legislapp\/","og_image":[{"url":"https:\/\/www.legislapp.com.br\/wp-content\/uploads\/2021\/07\/Logo-Legislapp-1-03-1.png","type":"","width":"","height":""}],"twitter_card":"summary_large_image","twitter_misc":{"Est. tempo de leitura":"5 minutos"},"schema":{"@context":"https:\/\/schema.org","@graph":[{"@type":"WebPage","@id":"https:\/\/www.legislapp.com.br\/index.php\/avulso-inicial-pl-5371-2025-camara\/","url":"https:\/\/www.legislapp.com.br\/index.php\/avulso-inicial-pl-5371-2025-camara\/","name":"Avulso Inicial - PL 5371\/2025 - C\u00e2mara - Legislapp","isPartOf":{"@id":"https:\/\/www.legislapp.com.br\/#website"},"primaryImageOfPage":{"@id":"https:\/\/www.legislapp.com.br\/index.php\/avulso-inicial-pl-5371-2025-camara\/#primaryimage"},"image":{"@id":"https:\/\/www.legislapp.com.br\/index.php\/avulso-inicial-pl-5371-2025-camara\/#primaryimage"},"thumbnailUrl":"https:\/\/www.legislapp.com.br\/wp-content\/uploads\/2021\/07\/Logo-Legislapp-1-03-1.png","datePublished":"2025-12-01T14:12:39+00:00","breadcrumb":{"@id":"https:\/\/www.legislapp.com.br\/index.php\/avulso-inicial-pl-5371-2025-camara\/#breadcrumb"},"inLanguage":"pt-BR","potentialAction":[{"@type":"ReadAction","target":["https:\/\/www.legislapp.com.br\/index.php\/avulso-inicial-pl-5371-2025-camara\/"]}]},{"@type":"ImageObject","inLanguage":"pt-BR","@id":"https:\/\/www.legislapp.com.br\/index.php\/avulso-inicial-pl-5371-2025-camara\/#primaryimage","url":"https:\/\/www.legislapp.com.br\/wp-content\/uploads\/2021\/07\/Logo-Legislapp-1-03-1.png","contentUrl":"https:\/\/www.legislapp.com.br\/wp-content\/uploads\/2021\/07\/Logo-Legislapp-1-03-1.png","width":2679,"height":2697},{"@type":"BreadcrumbList","@id":"https:\/\/www.legislapp.com.br\/index.php\/avulso-inicial-pl-5371-2025-camara\/#breadcrumb","itemListElement":[{"@type":"ListItem","position":1,"name":"In\u00edcio","item":"https:\/\/www.legislapp.com.br\/"},{"@type":"ListItem","position":2,"name":"Avulso Inicial &#8211; PL 5371\/2025 &#8211; C\u00e2mara"}]},{"@type":"WebSite","@id":"https:\/\/www.legislapp.com.br\/#website","url":"https:\/\/www.legislapp.com.br\/","name":"Legislapp","description":"Intelig\u00eancia governamental em tempo real","publisher":{"@id":"https:\/\/www.legislapp.com.br\/#organization"},"potentialAction":[{"@type":"SearchAction","target":{"@type":"EntryPoint","urlTemplate":"https:\/\/www.legislapp.com.br\/?s={search_term_string}"},"query-input":{"@type":"PropertyValueSpecification","valueRequired":true,"valueName":"search_term_string"}}],"inLanguage":"pt-BR"},{"@type":"Organization","@id":"https:\/\/www.legislapp.com.br\/#organization","name":"Legislapp Monitoramento e Intelig\u00eancia Governamental","url":"https:\/\/www.legislapp.com.br\/","logo":{"@type":"ImageObject","inLanguage":"pt-BR","@id":"https:\/\/www.legislapp.com.br\/#\/schema\/logo\/image\/","url":"https:\/\/www.legislapp.com.br\/wp-content\/uploads\/icon.png","contentUrl":"https:\/\/www.legislapp.com.br\/wp-content\/uploads\/icon.png","width":1024,"height":1024,"caption":"Legislapp Monitoramento e Intelig\u00eancia Governamental"},"image":{"@id":"https:\/\/www.legislapp.com.br\/#\/schema\/logo\/image\/"},"sameAs":["https:\/\/www.instagram.com\/legislapp\/"]}]}},"_links":{"self":[{"href":"https:\/\/www.legislapp.com.br\/index.php\/wp-json\/wp\/v2\/pages\/10325","targetHints":{"allow":["GET"]}}],"collection":[{"href":"https:\/\/www.legislapp.com.br\/index.php\/wp-json\/wp\/v2\/pages"}],"about":[{"href":"https:\/\/www.legislapp.com.br\/index.php\/wp-json\/wp\/v2\/types\/page"}],"author":[{"embeddable":true,"href":"https:\/\/www.legislapp.com.br\/index.php\/wp-json\/wp\/v2\/users\/1"}],"replies":[{"embeddable":true,"href":"https:\/\/www.legislapp.com.br\/index.php\/wp-json\/wp\/v2\/comments?post=10325"}],"version-history":[{"count":0,"href":"https:\/\/www.legislapp.com.br\/index.php\/wp-json\/wp\/v2\/pages\/10325\/revisions"}],"wp:attachment":[{"href":"https:\/\/www.legislapp.com.br\/index.php\/wp-json\/wp\/v2\/media?parent=10325"}],"curies":[{"name":"wp","href":"https:\/\/api.w.org\/{rel}","templated":true}]}}