{"id":10329,"date":"2025-12-01T11:12:47","date_gmt":"2025-12-01T14:12:47","guid":{"rendered":"https:\/\/www.legislapp.com.br\/index.php\/avulso-inicial-pl-4625-2025-camara\/"},"modified":"2025-12-01T11:12:47","modified_gmt":"2025-12-01T14:12:47","slug":"avulso-inicial-pl-4625-2025-camara","status":"publish","type":"page","link":"https:\/\/www.legislapp.com.br\/index.php\/avulso-inicial-pl-4625-2025-camara\/","title":{"rendered":"Avulso Inicial &#8211; PL 4625\/2025 &#8211; C\u00e2mara"},"content":{"rendered":"<h1 style='text-align: center;'>Avulso Inicial &#8211; Autoria de Airton Faleiro<\/h3>\n<p><\/p>\n<article>PROJETO DE LEI N\u00ba          , DE 2025<br \/>\n(Do Sr. AIRTON FALEIRO)<br \/>\nReconhece as \u201cMarujadas no Par\u00e1\u201d<br \/>\ncomo manifesta\u00e7\u00f5es da cultura nacional.<br \/>\nO Congresso Nacional decreta:<br \/>\nArt. 1\u00ba Ficam reconhecidas as \u201cMarujadas no Par\u00e1\u201d como<br \/>\nmanifesta\u00e7\u00f5es da cultura nacional<br \/>\nArt. 2\u00ba Esta Lei entra em vigor na data de sua publica\u00e7\u00e3o.<br \/>\nJUSTIFICA\u00c7\u00c3O<br \/>\nAs Marujadas de S\u00e3o Benedito no Par\u00e1 foram reconhecidas em<br \/>\nsetembro de 2024 como Patrim\u00f4nio Cultural do Brasil pelo Conselho Consultivo<br \/>\ndo Patrim\u00f4nio Cultural do Instituto do Patrim\u00f4nio Hist\u00f3rico e Art\u00edstico Nacional<br \/>\n1<br \/>\n(Iphan) . Tratam-se de celebra\u00e7\u00f5es enraizadas na f\u00e9 popular e na mem\u00f3ria das<br \/>\ncomunidades do nordeste paraense, distintas de outros autos mar\u00edtimos do<br \/>\npa\u00eds pela centralidade da devo\u00e7\u00e3o aos santos e pela maneira como integram<br \/>\nreligiosidade, cultura e vida comunit\u00e1ria.<br \/>\nO destaque \u00e9 para S\u00e3o Benedito, conhecido como \u201csanto<br \/>\nnegro\u201d e protetor dos desamparados, cuja hist\u00f3ria de humildade e milagres<br \/>\nligados \u00e0 alimenta\u00e7\u00e3o se reflete nas pr\u00e1ticas de partilha e nos almo\u00e7os<br \/>\ncomunit\u00e1rios que marcam essas festas. Em alguns munic\u00edpios, como<br \/>\nTracuateua e Capanema, tamb\u00e9m se presta culto a S\u00e3o Sebasti\u00e3o, com cores,<br \/>\nritos e datas pr\u00f3prios.<br \/>\n1<br \/>\n https:\/\/www.gov.br\/iphan\/pt-br\/assuntos\/noticias\/marujadas-de-sao-benedito-o-para-sao-reconhecidas-<br \/>\ncomo-patrimonio-cultural-do-brasil<br \/>\nPara verificar a assinatura, acesse https:\/\/infoleg-autenticidade-assinatura.camara.leg.br\/CD258499207900<br \/>\nAssinado eletronicamente pelo(a) Dep. Airton Faleiro<br \/>\nApresenta\u00e7\u00e3o: 16\/09\/2025 20:27:13.380 &#8211; Mesa<br \/>\n*CD258499207900* PL n.4625\/2025<br \/>2<br \/>\nCom origem anterior ao s\u00e9culo XIX, essas manifesta\u00e7\u00f5es<br \/>\npreservam tradi\u00e7\u00f5es transmitidas de gera\u00e7\u00e3o em gera\u00e7\u00e3o, como o<br \/>\nlevantamento e a derrubada do mastro, ladainhas, missas, cortejos e dan\u00e7as.<br \/>\nAo longo do ano, a esmola\u00e7\u00e3o mobiliza as comunidades, e os almo\u00e7os<br \/>\noferecidos por promesseiros e ju\u00edzes, sempre fartos e abertos a todos,<br \/>\nrefor\u00e7am o esp\u00edrito de solidariedade que marca a celebra\u00e7\u00e3o. A organiza\u00e7\u00e3o<br \/>\nenvolve figuras como a Capitoa, o Capit\u00e3o e os Ju\u00edzes, al\u00e9m de m\u00fasicos,<br \/>\nartes\u00e3os, marujos e marujas. A vestimenta \u00e9 s\u00edmbolo de identidade, com<br \/>\ndestaque para o chap\u00e9u enfeitado com penas de ganso e fitas coloridas.<br \/>\nEssas informa\u00e7\u00f5es, entre outras, est\u00e3o documentadas no<br \/>\nprocesso de registro do bem, conduzido pelo Departamento de Patrim\u00f4nio<br \/>\nImaterial (DPI) do Iphan, e s\u00e3o acess\u00edveis ao p\u00fablico, evidenciando que as<br \/>\nmarujadas v\u00e3o muito al\u00e9m de uma festa e constituem uma heran\u00e7a viva que<br \/>\nre\u00fane devo\u00e7\u00e3o, dan\u00e7a, m\u00fasica, gastronomia e mem\u00f3ria, fortalecendo a<br \/>\nidentidade cultural paraense e brasileira.<br \/>\nO reconhecimento como Patrim\u00f4nio Cultural do Brasil resultou<br \/>\nde um processo iniciado em 2011 pela Irmandade da Marujada de Bragan\u00e7a e,<br \/>\nentre 2018 e 2022, foi ampliado para incluir tamb\u00e9m as marujadas de<br \/>\nCapanema, Quatipuru, Augusto Corr\u00eaa, Tracuateua, Primavera e Ananindeua.<br \/>\nA denomina\u00e7\u00e3o \u201cMarujadas de S\u00e3o Benedito no Par\u00e1\u201d foi escolhida em di\u00e1logo<br \/>\ncom as comunidades, com o objetivo de valorizar a pluralidade e a abrang\u00eancia<br \/>\ndessa celebra\u00e7\u00e3o.<br \/>\nO registro realizado pelo Iphan \u00e9 fundamental para garantir a<br \/>\nsalvaguarda dessas manifesta\u00e7\u00f5es culturais. O reconhecimento ora proposto<br \/>\nsoma-se a esse esfor\u00e7o como gesto de refor\u00e7o e homenagem, reafirmando o<br \/>\ncompromisso p\u00fablico com a preserva\u00e7\u00e3o de sua mem\u00f3ria e de seu significado<br \/>\npara as comunidades e para o pa\u00eds.<br \/>\nA t\u00edtulo de complementa\u00e7\u00e3o, pontuamos a celebra\u00e7\u00e3o das<br \/>\nMarujadas de S\u00e3o Sebasti\u00e3o, que tamb\u00e9m se presta culto a S\u00e3o Sebasti\u00e3o, e<br \/>\npossui suas cores, ritos e datas pr\u00f3prias, reafirmando a pluralidade dessas<br \/>\ncelebra\u00e7\u00f5es.<br \/>\nPara verificar a assinatura, acesse https:\/\/infoleg-autenticidade-assinatura.camara.leg.br\/CD258499207900<br \/>\nAssinado eletronicamente pelo(a) Dep. Airton Faleiro<br \/>\nApresenta\u00e7\u00e3o: 16\/09\/2025 20:27:13.380 &#8211; Mesa<br \/>\n*CD258499207900* PL n.4625\/2025<br \/>3<br \/>\nDiante do exposto, e considerando a relev\u00e2ncia hist\u00f3rica e<br \/>\ncultural das Marujadas no Par\u00e1, conclamamos os nobres pares \u00e0 aprova\u00e7\u00e3o do<br \/>\npresente Projeto de Lei.<br \/>\nSala das Sess\u00f5es, em        de                     de 2025.<br \/>\nDeputado AIRTON FALEIRO<br \/>\nPara verificar a assinatura, acesse https:\/\/infoleg-autenticidade-assinatura.camara.leg.br\/CD258499207900<br \/>\nAssinado eletronicamente pelo(a) Dep. Airton Faleiro<br \/>\nApresenta\u00e7\u00e3o: 16\/09\/2025 20:27:13.380 &#8211; Mesa<br \/>\n*CD258499207900* PL n.4625\/2025<\/article>\n<p><a href='https:\/\/app.legislapp.com.br\/#\/busca?termo=Reconhecimento'>Reconhecimento<\/a>, <a href='https:\/\/app.legislapp.com.br\/#\/busca?termo=Marujada de S\u00e3o Benedito'>Marujada de S\u00e3o Benedito<\/a>, <a href='https:\/\/app.legislapp.com.br\/#\/busca?termo=Par\u00e1 (Estado)'>Par\u00e1 (Estado)<\/a>, <a href='https:\/\/app.legislapp.com.br\/#\/busca?termo=manifesta\u00e7\u00e3o cultural.'>manifesta\u00e7\u00e3o cultural.<\/a><\/p>\n<div style=\"text-align: center\">\n      <img decoding=\"async\" style=\"width: 14%;\" src=\"https:\/\/www.legislapp.com.br\/wp-content\/uploads\/2021\/07\/Logo-Legislapp-1-03-1.png\"><br \/>\n      <\/p>\n<div style=\"margin-bottom: 20px;\" class=\"et_pb_button_module_wrapper et_pb_button_5_tb_body_wrapper et_pb_button_alignment_center et_pb_module \">\n         <a class=\"et_pb_button et_pb_button_5_tb_body et_hover_enabled et_pb_bg_layout_dark\" style=\"width: 50%;background-color: black;\" href=\"https:\/\/app.legislapp.com.br\" target=\"_blank\" rel=\"noopener\">Visualizar completo na nossa plataforma (30 dias gr\u00e1tis)<\/a><\/p><\/div>\n<p>      <a href=\"https:\/\/play.google.com\/store\/apps\/details?id=br.com.legislapp\"><img decoding=\"async\" style=\"width: 15%; min-width: 130px;\" src=\"https:\/\/www.legislapp.com.br\/wp-content\/uploads\/google-play.png\"><\/a><br \/>\n      <a href=\"https:\/\/apps.apple.com\/us\/app\/legislapp\/id1568929859\"><img decoding=\"async\" style=\"width: 15%; min-width: 130px\" src=\"https:\/\/www.legislapp.com.br\/wp-content\/uploads\/apple-store.png\"><\/a>\n   <\/div>\n","protected":false},"excerpt":{"rendered":"<p>Avulso Inicial &#8211; Autoria de Airton Faleiro PROJETO DE LEI N\u00ba , DE 2025 (Do Sr. AIRTON FALEIRO) Reconhece as \u201cMarujadas no Par\u00e1\u201d como manifesta\u00e7\u00f5es da cultura nacional. O Congresso Nacional decreta: Art. 1\u00ba Ficam reconhecidas as \u201cMarujadas no Par\u00e1\u201d como manifesta\u00e7\u00f5es da cultura nacional Art. 2\u00ba Esta Lei entra em vigor na data de [&hellip;]<\/p>\n","protected":false},"author":1,"featured_media":0,"parent":0,"menu_order":0,"comment_status":"closed","ping_status":"closed","template":"page-template-blank.php","meta":{"_et_pb_use_builder":"","_et_pb_old_content":"","_et_gb_content_width":"1080","ngg_post_thumbnail":0,"footnotes":""},"class_list":["post-10329","page","type-page","status-publish","hentry"],"yoast_head":"<!-- This site is optimized with the Yoast SEO plugin v24.4 - https:\/\/yoast.com\/wordpress\/plugins\/seo\/ -->\n<title>Avulso Inicial - PL 4625\/2025 - C\u00e2mara - Legislapp<\/title>\n<meta name=\"robots\" content=\"index, follow, max-snippet:-1, max-image-preview:large, max-video-preview:-1\" \/>\n<link rel=\"canonical\" href=\"https:\/\/www.legislapp.com.br\/index.php\/avulso-inicial-pl-4625-2025-camara\/\" \/>\n<meta property=\"og:locale\" content=\"pt_BR\" \/>\n<meta property=\"og:type\" content=\"article\" \/>\n<meta property=\"og:title\" content=\"Avulso Inicial - PL 4625\/2025 - C\u00e2mara - Legislapp\" \/>\n<meta property=\"og:description\" content=\"Avulso Inicial &#8211; Autoria de Airton Faleiro PROJETO DE LEI N\u00ba , DE 2025 (Do Sr. AIRTON FALEIRO) Reconhece as \u201cMarujadas no Par\u00e1\u201d como manifesta\u00e7\u00f5es da cultura nacional. O Congresso Nacional decreta: Art. 1\u00ba Ficam reconhecidas as \u201cMarujadas no Par\u00e1\u201d como manifesta\u00e7\u00f5es da cultura nacional Art. 2\u00ba Esta Lei entra em vigor na data de [&hellip;]\" \/>\n<meta property=\"og:url\" content=\"https:\/\/www.legislapp.com.br\/index.php\/avulso-inicial-pl-4625-2025-camara\/\" \/>\n<meta property=\"og:site_name\" content=\"Legislapp\" \/>\n<meta property=\"article:publisher\" content=\"https:\/\/www.instagram.com\/legislapp\/\" \/>\n<meta property=\"og:image\" content=\"https:\/\/www.legislapp.com.br\/wp-content\/uploads\/2021\/07\/Logo-Legislapp-1-03-1.png\" \/>\n<meta name=\"twitter:card\" content=\"summary_large_image\" \/>\n<meta name=\"twitter:label1\" content=\"Est. tempo de leitura\" \/>\n\t<meta name=\"twitter:data1\" content=\"4 minutos\" \/>\n<script type=\"application\/ld+json\" class=\"yoast-schema-graph\">{\"@context\":\"https:\/\/schema.org\",\"@graph\":[{\"@type\":\"WebPage\",\"@id\":\"https:\/\/www.legislapp.com.br\/index.php\/avulso-inicial-pl-4625-2025-camara\/\",\"url\":\"https:\/\/www.legislapp.com.br\/index.php\/avulso-inicial-pl-4625-2025-camara\/\",\"name\":\"Avulso Inicial - PL 4625\/2025 - C\u00e2mara - Legislapp\",\"isPartOf\":{\"@id\":\"https:\/\/www.legislapp.com.br\/#website\"},\"primaryImageOfPage\":{\"@id\":\"https:\/\/www.legislapp.com.br\/index.php\/avulso-inicial-pl-4625-2025-camara\/#primaryimage\"},\"image\":{\"@id\":\"https:\/\/www.legislapp.com.br\/index.php\/avulso-inicial-pl-4625-2025-camara\/#primaryimage\"},\"thumbnailUrl\":\"https:\/\/www.legislapp.com.br\/wp-content\/uploads\/2021\/07\/Logo-Legislapp-1-03-1.png\",\"datePublished\":\"2025-12-01T14:12:47+00:00\",\"breadcrumb\":{\"@id\":\"https:\/\/www.legislapp.com.br\/index.php\/avulso-inicial-pl-4625-2025-camara\/#breadcrumb\"},\"inLanguage\":\"pt-BR\",\"potentialAction\":[{\"@type\":\"ReadAction\",\"target\":[\"https:\/\/www.legislapp.com.br\/index.php\/avulso-inicial-pl-4625-2025-camara\/\"]}]},{\"@type\":\"ImageObject\",\"inLanguage\":\"pt-BR\",\"@id\":\"https:\/\/www.legislapp.com.br\/index.php\/avulso-inicial-pl-4625-2025-camara\/#primaryimage\",\"url\":\"https:\/\/www.legislapp.com.br\/wp-content\/uploads\/2021\/07\/Logo-Legislapp-1-03-1.png\",\"contentUrl\":\"https:\/\/www.legislapp.com.br\/wp-content\/uploads\/2021\/07\/Logo-Legislapp-1-03-1.png\",\"width\":2679,\"height\":2697},{\"@type\":\"BreadcrumbList\",\"@id\":\"https:\/\/www.legislapp.com.br\/index.php\/avulso-inicial-pl-4625-2025-camara\/#breadcrumb\",\"itemListElement\":[{\"@type\":\"ListItem\",\"position\":1,\"name\":\"In\u00edcio\",\"item\":\"https:\/\/www.legislapp.com.br\/\"},{\"@type\":\"ListItem\",\"position\":2,\"name\":\"Avulso Inicial &#8211; PL 4625\/2025 &#8211; C\u00e2mara\"}]},{\"@type\":\"WebSite\",\"@id\":\"https:\/\/www.legislapp.com.br\/#website\",\"url\":\"https:\/\/www.legislapp.com.br\/\",\"name\":\"Legislapp\",\"description\":\"Intelig\u00eancia governamental em tempo real\",\"publisher\":{\"@id\":\"https:\/\/www.legislapp.com.br\/#organization\"},\"potentialAction\":[{\"@type\":\"SearchAction\",\"target\":{\"@type\":\"EntryPoint\",\"urlTemplate\":\"https:\/\/www.legislapp.com.br\/?s={search_term_string}\"},\"query-input\":{\"@type\":\"PropertyValueSpecification\",\"valueRequired\":true,\"valueName\":\"search_term_string\"}}],\"inLanguage\":\"pt-BR\"},{\"@type\":\"Organization\",\"@id\":\"https:\/\/www.legislapp.com.br\/#organization\",\"name\":\"Legislapp Monitoramento e Intelig\u00eancia Governamental\",\"url\":\"https:\/\/www.legislapp.com.br\/\",\"logo\":{\"@type\":\"ImageObject\",\"inLanguage\":\"pt-BR\",\"@id\":\"https:\/\/www.legislapp.com.br\/#\/schema\/logo\/image\/\",\"url\":\"https:\/\/www.legislapp.com.br\/wp-content\/uploads\/icon.png\",\"contentUrl\":\"https:\/\/www.legislapp.com.br\/wp-content\/uploads\/icon.png\",\"width\":1024,\"height\":1024,\"caption\":\"Legislapp Monitoramento e Intelig\u00eancia Governamental\"},\"image\":{\"@id\":\"https:\/\/www.legislapp.com.br\/#\/schema\/logo\/image\/\"},\"sameAs\":[\"https:\/\/www.instagram.com\/legislapp\/\"]}]}<\/script>\n<!-- \/ Yoast SEO plugin. -->","yoast_head_json":{"title":"Avulso Inicial - PL 4625\/2025 - C\u00e2mara - Legislapp","robots":{"index":"index","follow":"follow","max-snippet":"max-snippet:-1","max-image-preview":"max-image-preview:large","max-video-preview":"max-video-preview:-1"},"canonical":"https:\/\/www.legislapp.com.br\/index.php\/avulso-inicial-pl-4625-2025-camara\/","og_locale":"pt_BR","og_type":"article","og_title":"Avulso Inicial - PL 4625\/2025 - C\u00e2mara - Legislapp","og_description":"Avulso Inicial &#8211; Autoria de Airton Faleiro PROJETO DE LEI N\u00ba , DE 2025 (Do Sr. AIRTON FALEIRO) Reconhece as \u201cMarujadas no Par\u00e1\u201d como manifesta\u00e7\u00f5es da cultura nacional. O Congresso Nacional decreta: Art. 1\u00ba Ficam reconhecidas as \u201cMarujadas no Par\u00e1\u201d como manifesta\u00e7\u00f5es da cultura nacional Art. 2\u00ba Esta Lei entra em vigor na data de [&hellip;]","og_url":"https:\/\/www.legislapp.com.br\/index.php\/avulso-inicial-pl-4625-2025-camara\/","og_site_name":"Legislapp","article_publisher":"https:\/\/www.instagram.com\/legislapp\/","og_image":[{"url":"https:\/\/www.legislapp.com.br\/wp-content\/uploads\/2021\/07\/Logo-Legislapp-1-03-1.png","type":"","width":"","height":""}],"twitter_card":"summary_large_image","twitter_misc":{"Est. tempo de leitura":"4 minutos"},"schema":{"@context":"https:\/\/schema.org","@graph":[{"@type":"WebPage","@id":"https:\/\/www.legislapp.com.br\/index.php\/avulso-inicial-pl-4625-2025-camara\/","url":"https:\/\/www.legislapp.com.br\/index.php\/avulso-inicial-pl-4625-2025-camara\/","name":"Avulso Inicial - PL 4625\/2025 - C\u00e2mara - Legislapp","isPartOf":{"@id":"https:\/\/www.legislapp.com.br\/#website"},"primaryImageOfPage":{"@id":"https:\/\/www.legislapp.com.br\/index.php\/avulso-inicial-pl-4625-2025-camara\/#primaryimage"},"image":{"@id":"https:\/\/www.legislapp.com.br\/index.php\/avulso-inicial-pl-4625-2025-camara\/#primaryimage"},"thumbnailUrl":"https:\/\/www.legislapp.com.br\/wp-content\/uploads\/2021\/07\/Logo-Legislapp-1-03-1.png","datePublished":"2025-12-01T14:12:47+00:00","breadcrumb":{"@id":"https:\/\/www.legislapp.com.br\/index.php\/avulso-inicial-pl-4625-2025-camara\/#breadcrumb"},"inLanguage":"pt-BR","potentialAction":[{"@type":"ReadAction","target":["https:\/\/www.legislapp.com.br\/index.php\/avulso-inicial-pl-4625-2025-camara\/"]}]},{"@type":"ImageObject","inLanguage":"pt-BR","@id":"https:\/\/www.legislapp.com.br\/index.php\/avulso-inicial-pl-4625-2025-camara\/#primaryimage","url":"https:\/\/www.legislapp.com.br\/wp-content\/uploads\/2021\/07\/Logo-Legislapp-1-03-1.png","contentUrl":"https:\/\/www.legislapp.com.br\/wp-content\/uploads\/2021\/07\/Logo-Legislapp-1-03-1.png","width":2679,"height":2697},{"@type":"BreadcrumbList","@id":"https:\/\/www.legislapp.com.br\/index.php\/avulso-inicial-pl-4625-2025-camara\/#breadcrumb","itemListElement":[{"@type":"ListItem","position":1,"name":"In\u00edcio","item":"https:\/\/www.legislapp.com.br\/"},{"@type":"ListItem","position":2,"name":"Avulso Inicial &#8211; PL 4625\/2025 &#8211; C\u00e2mara"}]},{"@type":"WebSite","@id":"https:\/\/www.legislapp.com.br\/#website","url":"https:\/\/www.legislapp.com.br\/","name":"Legislapp","description":"Intelig\u00eancia governamental em tempo real","publisher":{"@id":"https:\/\/www.legislapp.com.br\/#organization"},"potentialAction":[{"@type":"SearchAction","target":{"@type":"EntryPoint","urlTemplate":"https:\/\/www.legislapp.com.br\/?s={search_term_string}"},"query-input":{"@type":"PropertyValueSpecification","valueRequired":true,"valueName":"search_term_string"}}],"inLanguage":"pt-BR"},{"@type":"Organization","@id":"https:\/\/www.legislapp.com.br\/#organization","name":"Legislapp Monitoramento e Intelig\u00eancia Governamental","url":"https:\/\/www.legislapp.com.br\/","logo":{"@type":"ImageObject","inLanguage":"pt-BR","@id":"https:\/\/www.legislapp.com.br\/#\/schema\/logo\/image\/","url":"https:\/\/www.legislapp.com.br\/wp-content\/uploads\/icon.png","contentUrl":"https:\/\/www.legislapp.com.br\/wp-content\/uploads\/icon.png","width":1024,"height":1024,"caption":"Legislapp Monitoramento e Intelig\u00eancia Governamental"},"image":{"@id":"https:\/\/www.legislapp.com.br\/#\/schema\/logo\/image\/"},"sameAs":["https:\/\/www.instagram.com\/legislapp\/"]}]}},"_links":{"self":[{"href":"https:\/\/www.legislapp.com.br\/index.php\/wp-json\/wp\/v2\/pages\/10329","targetHints":{"allow":["GET"]}}],"collection":[{"href":"https:\/\/www.legislapp.com.br\/index.php\/wp-json\/wp\/v2\/pages"}],"about":[{"href":"https:\/\/www.legislapp.com.br\/index.php\/wp-json\/wp\/v2\/types\/page"}],"author":[{"embeddable":true,"href":"https:\/\/www.legislapp.com.br\/index.php\/wp-json\/wp\/v2\/users\/1"}],"replies":[{"embeddable":true,"href":"https:\/\/www.legislapp.com.br\/index.php\/wp-json\/wp\/v2\/comments?post=10329"}],"version-history":[{"count":0,"href":"https:\/\/www.legislapp.com.br\/index.php\/wp-json\/wp\/v2\/pages\/10329\/revisions"}],"wp:attachment":[{"href":"https:\/\/www.legislapp.com.br\/index.php\/wp-json\/wp\/v2\/media?parent=10329"}],"curies":[{"name":"wp","href":"https:\/\/api.w.org\/{rel}","templated":true}]}}