{"id":10353,"date":"2025-12-01T11:14:15","date_gmt":"2025-12-01T14:14:15","guid":{"rendered":"https:\/\/www.legislapp.com.br\/index.php\/avulso-inicial-pl-5514-2025-camara\/"},"modified":"2025-12-01T11:14:15","modified_gmt":"2025-12-01T14:14:15","slug":"avulso-inicial-pl-5514-2025-camara","status":"publish","type":"page","link":"https:\/\/www.legislapp.com.br\/index.php\/avulso-inicial-pl-5514-2025-camara\/","title":{"rendered":"Avulso Inicial &#8211; PL 5514\/2025 &#8211; C\u00e2mara"},"content":{"rendered":"<h1 style='text-align: center;'>Avulso Inicial &#8211; Autoria de Marcos Tavares<\/h3>\n<p><\/p>\n<article>C\u00c2MARA DOS DEPUTADOS<br \/>\nDEPUTADO FEDERAL MARCOS TAVARES<br \/>\nPROJETO DE LEI N\u00ba     DE                      DE 2025<br \/>\n(Do Senhor Marcos Tavares)<br \/>\nAltera a Lei n\u00ba 8.742, de 7 de dezembro de 1993<br \/>\n(Lei Org\u00e2nica da Assist\u00eancia Social \u2013 LOAS),<br \/>\npara reconhecer o Transtorno do D\u00e9ficit de<br \/>\nAten\u00e7\u00e3o com Hiperatividade (TDAH) como<br \/>\ncondi\u00e7\u00e3o apta ao enquadramento no conceito<br \/>\nde pessoa com defici\u00eancia, quando<br \/>\ncomprovadas limita\u00e7\u00f5es significativas na<br \/>\nautonomia, no desenvolvimento e na vida social,<br \/>\npara fins de concess\u00e3o do Benef\u00edcio de<br \/>\nPresta\u00e7\u00e3o Continuada (BPC), e d\u00e1 outras<br \/>\nprovid\u00eancias.<br \/>\nO CONGRESSO NACIONAL decreta:<br \/>\nArt. 1\u00ba O art. 20 da Lei n\u00ba 8.742, de 7 de dezembro de 1993, passa a<br \/>\nvigorar com a seguinte reda\u00e7\u00e3o:<br \/>\n\u201cArt. 20&#8230;&#8230;&#8230;&#8230;&#8230;&#8230;&#8230;&#8230;&#8230;&#8230;&#8230;&#8230;&#8230;&#8230;&#8230;&#8230;&#8230;&#8230;&#8230;&#8230;&#8230;&#8230;&#8230;&#8230;&#8230;&#8230;&#8230;&#8230;&#8230;&#8230;&#8230;&#8230;&#8230;.<br \/>\n\u00a7 2\u00ba Para os efeitos deste artigo, considera-se pessoa com defici\u00eancia<br \/>\naquela que tem impedimentos de longo prazo de natureza f\u00edsica, mental,<br \/>\nintelectual ou sensorial, os quais, em intera\u00e7\u00e3o com uma ou mais barreiras,<br \/>\npossam obstruir sua participa\u00e7\u00e3o plena e efetiva na sociedade em igualdade de<br \/>\ncondi\u00e7\u00f5es com as demais pessoas.<br \/>\n\u00a7 2\u00ba-A. O Transtorno do D\u00e9ficit de Aten\u00e7\u00e3o com Hiperatividade (TDAH)<br \/>\nser\u00e1 reconhecido, para os fins do caput, como condi\u00e7\u00e3o apta ao enquadramento<br \/>\nno conceito de defici\u00eancia, quando comprovadas limita\u00e7\u00f5es relevantes de<br \/>\nautonomia, de aprendizado, de comportamento adaptativo, de concentra\u00e7\u00e3o, ou<br \/>\nde intera\u00e7\u00e3o social, atestadas por equipe multiprofissional composta, no m\u00ednimo,<br \/>\npor m\u00e9dico, psic\u00f3logo e assistente social.<br \/>\n\u00a7 2\u00ba-B. O reconhecimento do TDAH como defici\u00eancia observar\u00e1 a<br \/>\navalia\u00e7\u00e3o biopsicossocial prevista no \u00a7 6\u00ba deste artigo, com base na<br \/>\nClassifica\u00e7\u00e3o Internacional de Doen\u00e7as (CID-11) e nas diretrizes da Organiza\u00e7\u00e3o<br \/>\nMundial da Sa\u00fade e do Minist\u00e9rio da Sa\u00fade.<br \/>\n_________________________________________________________________________________________________________________________<br \/>\nPra\u00e7a dos Tr\u00eas Poderes &#8211; Anexo IV \u2013 Gabinete 611 &#8211; C\u00e2mara dos Deputados &#8211; CEP: 70.160-900 \u2013 Bras\u00edlia\/DF<br \/>\nContato: (61) 3215-5611 e-mail: dep.marcostavares@camara.leg.br<br \/>\nPara verificar a assinatura, acesse https:\/\/infoleg-autenticidade-assinatura.camara.leg.br\/CD250542830900<br \/>\nAssinado eletronicamente pelo(a) Dep. Marcos Tavares<br \/>\nApresenta\u00e7\u00e3o: 29\/10\/2025 18:53:30.093 &#8211; Mesa<br \/>\n*CD250542830900* PL n.5514\/2025<br \/>C\u00c2MARA DOS DEPUTADOS<br \/>\nDEPUTADO FEDERAL MARCOS TAVARES<br \/>\n\u00a7 2\u00ba-C. O Poder Executivo regulamentar\u00e1, em at\u00e9 120 (cento e vinte) dias,<br \/>\nos par\u00e2metros t\u00e9cnicos de avalia\u00e7\u00e3o e acompanhamento dos benefici\u00e1rios com<br \/>\nTDAH, garantindo prioridade na tramita\u00e7\u00e3o e atendimento especializado no<br \/>\n\u00e2mbito do INSS e da rede p\u00fablica de sa\u00fade. \u201c(NR)<br \/>\nArt. 2\u00ba O Poder Executivo federal, por meio do Minist\u00e9rio do<br \/>\nDesenvolvimento e Assist\u00eancia Social, Fam\u00edlia e Combate \u00e0 Fome, dever\u00e1<br \/>\nestabelecer protocolos espec\u00edficos de atendimento e avalia\u00e7\u00e3o biopsicossocial<br \/>\npara pessoas com TDAH, visando garantir a uniformidade dos crit\u00e9rios de<br \/>\nconcess\u00e3o do BPC em todo o territ\u00f3rio nacional.<br \/>\nArt. 3\u00ba Esta Lei entra em vigor na data de sua publica\u00e7\u00e3o.<br \/>\nSala das Sess\u00f5es, em       de                  de 2025.<br \/>\nMARCOS TAVARES<br \/>\nDeputado Federal<br \/>\nPDT-RJ<br \/>\nJUSTIFICATIVA<br \/>\n_________________________________________________________________________________________________________________________<br \/>\nPra\u00e7a dos Tr\u00eas Poderes &#8211; Anexo IV \u2013 Gabinete 611 &#8211; C\u00e2mara dos Deputados &#8211; CEP: 70.160-900 \u2013 Bras\u00edlia\/DF<br \/>\nContato: (61) 3215-5611 e-mail: dep.marcostavares@camara.leg.br<br \/>\nPara verificar a assinatura, acesse https:\/\/infoleg-autenticidade-assinatura.camara.leg.br\/CD250542830900<br \/>\nAssinado eletronicamente pelo(a) Dep. Marcos Tavares<br \/>\nApresenta\u00e7\u00e3o: 29\/10\/2025 18:53:30.093 &#8211; Mesa<br \/>\n*CD250542830900* PL n.5514\/2025<br \/>C\u00c2MARA DOS DEPUTADOS<br \/>\nDEPUTADO FEDERAL MARCOS TAVARES<br \/>\nO presente Projeto de Lei Federal tem como objetivo reconhecer<br \/>\nexpressamente o Transtorno do D\u00e9ficit de Aten\u00e7\u00e3o com Hiperatividade (TDAH)<br \/>\ncomo condi\u00e7\u00e3o que pode ser enquadrada no conceito de pessoa com defici\u00eancia,<br \/>\npara fins de acesso ao Benef\u00edcio de Presta\u00e7\u00e3o Continuada (BPC) previsto na Lei<br \/>\nOrg\u00e2nica da Assist\u00eancia Social (LOAS).<br \/>\nA iniciativa foi motivada por decis\u00e3o recente da Justi\u00e7a Federal, que<br \/>\ngarantiu o BPC a uma crian\u00e7a de 8 anos diagnosticada com TDAH, entendendo<br \/>\nque, embora n\u00e3o houvesse defici\u00eancia f\u00edsica vis\u00edvel, o transtorno comprometia<br \/>\nsua autonomia, rendimento escolar e vida social, exigindo acompanhamento<br \/>\npermanente e suporte familiar cont\u00ednuo. O magistrado reconheceu que o TDAH<br \/>\npode, sim, ser equiparado a defici\u00eancia quando gera limita\u00e7\u00f5es significativas no<br \/>\ndesenvolvimento e na integra\u00e7\u00e3o social, aplicando os princ\u00edpios da dignidade da<br \/>\npessoa humana e da igualdade de oportunidades.<br \/>\nSegundo o Minist\u00e9rio da Sa\u00fade (Boletim de Sa\u00fade Mental, 2024), o TDAH<br \/>\nafeta entre 5% e 8% das crian\u00e7as em idade escolar no Brasil, e 60% dos casos<br \/>\npersistem na vida adulta. O transtorno est\u00e1 inclu\u00eddo na Classifica\u00e7\u00e3o<br \/>\nInternacional de Doen\u00e7as (CID-11, c\u00f3digo 6A05) da Organiza\u00e7\u00e3o Mundial da<br \/>\nSa\u00fade (OMS) como condi\u00e7\u00e3o neurodesenvolvimental de longa dura\u00e7\u00e3o,<br \/>\ncaracterizada por d\u00e9ficit de aten\u00e7\u00e3o, impulsividade e hiperatividade persistentes,<br \/>\nque podem comprometer gravemente o aprendizado, o conv\u00edvio social e a<br \/>\nautonomia funcional.<br \/>\nO Instituto Brasileiro de Geografia e Estat\u00edstica (IBGE, PNAD Cont\u00ednua,<br \/>\n2023) aponta que cerca de 9,4 milh\u00f5es de brasileiros apresentam algum tipo de<br \/>\ntranstorno do neurodesenvolvimento, e que 1 em cada 20 estudantes sofre<br \/>\npreju\u00edzos relevantes em raz\u00e3o de TDAH n\u00e3o tratado adequadamente. Al\u00e9m disso,<br \/>\nestudos da Fiocruz (2023) mostram que o custo m\u00e9dio mensal com medica\u00e7\u00e3o,<br \/>\nterapia ocupacional, fonoaudiologia e acompanhamento psicol\u00f3gico para<br \/>\ncrian\u00e7as com TDAH supera R$ 1.200, valor incompat\u00edvel com a renda de fam\u00edlias<br \/>\nem situa\u00e7\u00e3o de vulnerabilidade social.<br \/>\nAtualmente, o Benef\u00edcio de Presta\u00e7\u00e3o Continuada (BPC) garante um<br \/>\nsal\u00e1rio m\u00ednimo mensal a pessoas idosas ou com defici\u00eancia que n\u00e3o possuem<br \/>\nmeios de se sustentar nem de serem sustentadas pela fam\u00edlia, conforme os arts.<br \/>\n20 e 21 da Lei n\u00ba 8.742\/1993. Contudo, a aus\u00eancia de previs\u00e3o expressa sobre o<br \/>\n_________________________________________________________________________________________________________________________<br \/>\nPra\u00e7a dos Tr\u00eas Poderes &#8211; Anexo IV \u2013 Gabinete 611 &#8211; C\u00e2mara dos Deputados &#8211; CEP: 70.160-900 \u2013 Bras\u00edlia\/DF<br \/>\nContato: (61) 3215-5611 e-mail: dep.marcostavares@camara.leg.br<br \/>\nPara verificar a assinatura, acesse https:\/\/infoleg-autenticidade-assinatura.camara.leg.br\/CD250542830900<br \/>\nAssinado eletronicamente pelo(a) Dep. Marcos Tavares<br \/>\nApresenta\u00e7\u00e3o: 29\/10\/2025 18:53:30.093 &#8211; Mesa<br \/>\n*CD250542830900* PL n.5514\/2025<br \/>C\u00c2MARA DOS DEPUTADOS<br \/>\nDEPUTADO FEDERAL MARCOS TAVARES<br \/>\nTDAH tem levado a interpreta\u00e7\u00f5es restritivas e indeferimentos administrativos<br \/>\ninjustos, mesmo diante de laudos t\u00e9cnicos que comprovam limita\u00e7\u00f5es<br \/>\nsignificativas.<br \/>\nA proposta busca corrigir essa lacuna, uniformizando o entendimento<br \/>\nnacional e evitando a depend\u00eancia de decis\u00f5es judiciais para assegurar um<br \/>\ndireito que j\u00e1 decorre da Constitui\u00e7\u00e3o Federal, que em seus arts. 1\u00ba, III; 6\u00ba; 203,<br \/>\nV; e 227, garante o direito \u00e0 dignidade, \u00e0 sa\u00fade, \u00e0 prote\u00e7\u00e3o integral e \u00e0<br \/>\nassist\u00eancia social \u00e0s pessoas com defici\u00eancia e em vulnerabilidade.<br \/>\nA Organiza\u00e7\u00e3o das Na\u00e7\u00f5es Unidas (ONU), por meio da Conven\u00e7\u00e3o sobre<br \/>\nos Direitos das Pessoas com Defici\u00eancia (ratificada no Brasil com status<br \/>\nconstitucional pelo Decreto n\u00ba 6.949\/2009), estabelece que qualquer impedimento<br \/>\nde longo prazo, f\u00edsico, mental, intelectual ou sensorial que limite a participa\u00e7\u00e3o<br \/>\nplena na sociedade deve ser reconhecido como defici\u00eancia, independentemente<br \/>\nde visibilidade f\u00edsica.<br \/>\nReconhecer o TDAH como poss\u00edvel causa de defici\u00eancia \u00e9 reconhecer a<br \/>\nrealidade de milhares de fam\u00edlias brasileiras que enfrentam diariamente o<br \/>\nimpacto desse transtorno invis\u00edvel. Trata-se de uma quest\u00e3o de justi\u00e7a social e<br \/>\nequidade, garantindo amparo \u00e0s crian\u00e7as e adolescentes cujo desenvolvimento \u00e9<br \/>\ncomprometido por uma condi\u00e7\u00e3o que exige cuidados cont\u00ednuos e suporte<br \/>\nmultidisciplinar.<br \/>\nDo ponto de vista or\u00e7ament\u00e1rio, a medida \u00e9 vi\u00e1vel e proporcional,<br \/>\nconsiderando que o p\u00fablico potencialmente beneficiado representa menos de<br \/>\n0,5% dos benefici\u00e1rios atuais do BPC, segundo estimativas do IPEA (2024). Al\u00e9m<br \/>\ndisso, ao garantir o acesso precoce a tratamento e suporte, reduz-se a<br \/>\ndepend\u00eancia de pol\u00edticas assistenciais futuras, gerando impacto positivo de longo<br \/>\nprazo na inclus\u00e3o educacional e laboral dessas crian\u00e7as.<br \/>\nO projeto tamb\u00e9m est\u00e1 alinhado aos Objetivos de Desenvolvimento<br \/>\nSustent\u00e1vel (ODS) da Agenda 2030 da ONU, especialmente:<br \/>\n\uf0b7 ODS 3 (Sa\u00fade e Bem-Estar): assegurar vida saud\u00e1vel e promover o<br \/>\nbem-estar para todos;<br \/>\n\uf0b7 ODS 4 (Educa\u00e7\u00e3o de Qualidade): garantir educa\u00e7\u00e3o inclusiva e<br \/>\nequitativa;<br \/>\n\uf0b7 ODS 10 (Redu\u00e7\u00e3o das Desigualdades): promover inclus\u00e3o social e<br \/>\necon\u00f4mica de pessoas com defici\u00eancia.<br \/>\n_________________________________________________________________________________________________________________________<br \/>\nPra\u00e7a dos Tr\u00eas Poderes &#8211; Anexo IV \u2013 Gabinete 611 &#8211; C\u00e2mara dos Deputados &#8211; CEP: 70.160-900 \u2013 Bras\u00edlia\/DF<br \/>\nContato: (61) 3215-5611 e-mail: dep.marcostavares@camara.leg.br<br \/>\nPara verificar a assinatura, acesse https:\/\/infoleg-autenticidade-assinatura.camara.leg.br\/CD250542830900<br \/>\nAssinado eletronicamente pelo(a) Dep. Marcos Tavares<br \/>\nApresenta\u00e7\u00e3o: 29\/10\/2025 18:53:30.093 &#8211; Mesa<br \/>\n*CD250542830900* PL n.5514\/2025<br \/>C\u00c2MARA DOS DEPUTADOS<br \/>\nDEPUTADO FEDERAL MARCOS TAVARES<br \/>\nA aprova\u00e7\u00e3o deste Projeto de Lei representa um avan\u00e7o civilizat\u00f3rio, ao<br \/>\nreconhecer que o TDAH n\u00e3o \u00e9 desaten\u00e7\u00e3o, \u00e9 uma condi\u00e7\u00e3o neurobiol\u00f3gica real<br \/>\nque exige tratamento, empatia e pol\u00edticas p\u00fablicas consistentes. Garantir o BPC a<br \/>\nquem vive com limita\u00e7\u00f5es severas decorrentes desse transtorno \u00e9 garantir o<br \/>\ndireito \u00e0 dignidade e \u00e0 igualdade material.<br \/>\nSala das Sess\u00f5es, em       de                  de 2025.<br \/>\nMARCOS TAVARES<br \/>\nDeputado Federal<br \/>\nPDT-RJ<br \/>\n_________________________________________________________________________________________________________________________<br \/>\nPra\u00e7a dos Tr\u00eas Poderes &#8211; Anexo IV \u2013 Gabinete 611 &#8211; C\u00e2mara dos Deputados &#8211; CEP: 70.160-900 \u2013 Bras\u00edlia\/DF<br \/>\nContato: (61) 3215-5611 e-mail: dep.marcostavares@camara.leg.br<br \/>\nPara verificar a assinatura, acesse https:\/\/infoleg-autenticidade-assinatura.camara.leg.br\/CD250542830900<br \/>\nAssinado eletronicamente pelo(a) Dep. Marcos Tavares<br \/>\nApresenta\u00e7\u00e3o: 29\/10\/2025 18:53:30.093 &#8211; Mesa<br \/>\n*CD250542830900* PL n.5514\/2025<\/article>\n<p><a href='https:\/\/app.legislapp.com.br\/#\/busca?termo=Altera\u00e7\u00e3o'>Altera\u00e7\u00e3o<\/a>, <a href='https:\/\/app.legislapp.com.br\/#\/busca?termo=Lei Org\u00e2nica da Assist\u00eancia Social (1993)'>Lei Org\u00e2nica da Assist\u00eancia Social (1993)<\/a>, <a href='https:\/\/app.legislapp.com.br\/#\/busca?termo=reconhecimento'>reconhecimento<\/a>, <a href='https:\/\/app.legislapp.com.br\/#\/busca?termo=Transtorno do D\u00e9ficit de Aten\u00e7\u00e3o com Hiperatividade (TDAH)'>Transtorno do D\u00e9ficit de Aten\u00e7\u00e3o com Hiperatividade (TDAH)<\/a>, <a href='https:\/\/app.legislapp.com.br\/#\/busca?termo=enquadramento'>enquadramento<\/a>, <a href='https:\/\/app.legislapp.com.br\/#\/busca?termo=Pessoa com defici\u00eancia'>Pessoa com defici\u00eancia<\/a>, <a href='https:\/\/app.legislapp.com.br\/#\/busca?termo=autoriza\u00e7\u00e3o'>autoriza\u00e7\u00e3o<\/a>, <a href='https:\/\/app.legislapp.com.br\/#\/busca?termo=acesso'>acesso<\/a>, <a href='https:\/\/app.legislapp.com.br\/#\/busca?termo=Benef\u00edcio de Presta\u00e7\u00e3o Continuada (BPC).'>Benef\u00edcio de Presta\u00e7\u00e3o Continuada (BPC).<\/a><\/p>\n<div style=\"text-align: center\">\n      <img decoding=\"async\" style=\"width: 14%;\" src=\"https:\/\/www.legislapp.com.br\/wp-content\/uploads\/2021\/07\/Logo-Legislapp-1-03-1.png\"><br \/>\n      <\/p>\n<div style=\"margin-bottom: 20px;\" class=\"et_pb_button_module_wrapper et_pb_button_5_tb_body_wrapper et_pb_button_alignment_center et_pb_module \">\n         <a class=\"et_pb_button et_pb_button_5_tb_body et_hover_enabled et_pb_bg_layout_dark\" style=\"width: 50%;background-color: black;\" href=\"https:\/\/app.legislapp.com.br\" target=\"_blank\" rel=\"noopener\">Visualizar completo na nossa plataforma (30 dias gr\u00e1tis)<\/a><\/p><\/div>\n<p>      <a href=\"https:\/\/play.google.com\/store\/apps\/details?id=br.com.legislapp\"><img decoding=\"async\" style=\"width: 15%; min-width: 130px;\" src=\"https:\/\/www.legislapp.com.br\/wp-content\/uploads\/google-play.png\"><\/a><br \/>\n      <a href=\"https:\/\/apps.apple.com\/us\/app\/legislapp\/id1568929859\"><img decoding=\"async\" style=\"width: 15%; min-width: 130px\" src=\"https:\/\/www.legislapp.com.br\/wp-content\/uploads\/apple-store.png\"><\/a>\n   <\/div>\n","protected":false},"excerpt":{"rendered":"<p>Avulso Inicial &#8211; Autoria de Marcos Tavares C\u00c2MARA DOS DEPUTADOS DEPUTADO FEDERAL MARCOS TAVARES PROJETO DE LEI N\u00ba DE DE 2025 (Do Senhor Marcos Tavares) Altera a Lei n\u00ba 8.742, de 7 de dezembro de 1993 (Lei Org\u00e2nica da Assist\u00eancia Social \u2013 LOAS), para reconhecer o Transtorno do D\u00e9ficit de Aten\u00e7\u00e3o com Hiperatividade (TDAH) como [&hellip;]<\/p>\n","protected":false},"author":1,"featured_media":0,"parent":0,"menu_order":0,"comment_status":"closed","ping_status":"closed","template":"page-template-blank.php","meta":{"_et_pb_use_builder":"","_et_pb_old_content":"","_et_gb_content_width":"1080","ngg_post_thumbnail":0,"footnotes":""},"class_list":["post-10353","page","type-page","status-publish","hentry"],"yoast_head":"<!-- This site is optimized with the Yoast SEO plugin v24.4 - https:\/\/yoast.com\/wordpress\/plugins\/seo\/ -->\n<title>Avulso Inicial - PL 5514\/2025 - C\u00e2mara - Legislapp<\/title>\n<meta name=\"robots\" content=\"index, follow, max-snippet:-1, max-image-preview:large, max-video-preview:-1\" \/>\n<link rel=\"canonical\" href=\"https:\/\/www.legislapp.com.br\/index.php\/avulso-inicial-pl-5514-2025-camara\/\" \/>\n<meta property=\"og:locale\" content=\"pt_BR\" \/>\n<meta property=\"og:type\" content=\"article\" \/>\n<meta property=\"og:title\" content=\"Avulso Inicial - PL 5514\/2025 - C\u00e2mara - Legislapp\" \/>\n<meta property=\"og:description\" content=\"Avulso Inicial &#8211; Autoria de Marcos Tavares C\u00c2MARA DOS DEPUTADOS DEPUTADO FEDERAL MARCOS TAVARES PROJETO DE LEI N\u00ba DE DE 2025 (Do Senhor Marcos Tavares) Altera a Lei n\u00ba 8.742, de 7 de dezembro de 1993 (Lei Org\u00e2nica da Assist\u00eancia Social \u2013 LOAS), para reconhecer o Transtorno do D\u00e9ficit de Aten\u00e7\u00e3o com Hiperatividade (TDAH) como [&hellip;]\" \/>\n<meta property=\"og:url\" content=\"https:\/\/www.legislapp.com.br\/index.php\/avulso-inicial-pl-5514-2025-camara\/\" \/>\n<meta property=\"og:site_name\" content=\"Legislapp\" \/>\n<meta property=\"article:publisher\" content=\"https:\/\/www.instagram.com\/legislapp\/\" \/>\n<meta property=\"og:image\" content=\"https:\/\/www.legislapp.com.br\/wp-content\/uploads\/2021\/07\/Logo-Legislapp-1-03-1.png\" \/>\n<meta name=\"twitter:card\" content=\"summary_large_image\" \/>\n<meta name=\"twitter:label1\" content=\"Est. tempo de leitura\" \/>\n\t<meta name=\"twitter:data1\" content=\"8 minutos\" \/>\n<script type=\"application\/ld+json\" class=\"yoast-schema-graph\">{\"@context\":\"https:\/\/schema.org\",\"@graph\":[{\"@type\":\"WebPage\",\"@id\":\"https:\/\/www.legislapp.com.br\/index.php\/avulso-inicial-pl-5514-2025-camara\/\",\"url\":\"https:\/\/www.legislapp.com.br\/index.php\/avulso-inicial-pl-5514-2025-camara\/\",\"name\":\"Avulso Inicial - PL 5514\/2025 - C\u00e2mara - Legislapp\",\"isPartOf\":{\"@id\":\"https:\/\/www.legislapp.com.br\/#website\"},\"primaryImageOfPage\":{\"@id\":\"https:\/\/www.legislapp.com.br\/index.php\/avulso-inicial-pl-5514-2025-camara\/#primaryimage\"},\"image\":{\"@id\":\"https:\/\/www.legislapp.com.br\/index.php\/avulso-inicial-pl-5514-2025-camara\/#primaryimage\"},\"thumbnailUrl\":\"https:\/\/www.legislapp.com.br\/wp-content\/uploads\/2021\/07\/Logo-Legislapp-1-03-1.png\",\"datePublished\":\"2025-12-01T14:14:15+00:00\",\"breadcrumb\":{\"@id\":\"https:\/\/www.legislapp.com.br\/index.php\/avulso-inicial-pl-5514-2025-camara\/#breadcrumb\"},\"inLanguage\":\"pt-BR\",\"potentialAction\":[{\"@type\":\"ReadAction\",\"target\":[\"https:\/\/www.legislapp.com.br\/index.php\/avulso-inicial-pl-5514-2025-camara\/\"]}]},{\"@type\":\"ImageObject\",\"inLanguage\":\"pt-BR\",\"@id\":\"https:\/\/www.legislapp.com.br\/index.php\/avulso-inicial-pl-5514-2025-camara\/#primaryimage\",\"url\":\"https:\/\/www.legislapp.com.br\/wp-content\/uploads\/2021\/07\/Logo-Legislapp-1-03-1.png\",\"contentUrl\":\"https:\/\/www.legislapp.com.br\/wp-content\/uploads\/2021\/07\/Logo-Legislapp-1-03-1.png\",\"width\":2679,\"height\":2697},{\"@type\":\"BreadcrumbList\",\"@id\":\"https:\/\/www.legislapp.com.br\/index.php\/avulso-inicial-pl-5514-2025-camara\/#breadcrumb\",\"itemListElement\":[{\"@type\":\"ListItem\",\"position\":1,\"name\":\"In\u00edcio\",\"item\":\"https:\/\/www.legislapp.com.br\/\"},{\"@type\":\"ListItem\",\"position\":2,\"name\":\"Avulso Inicial &#8211; PL 5514\/2025 &#8211; C\u00e2mara\"}]},{\"@type\":\"WebSite\",\"@id\":\"https:\/\/www.legislapp.com.br\/#website\",\"url\":\"https:\/\/www.legislapp.com.br\/\",\"name\":\"Legislapp\",\"description\":\"Intelig\u00eancia governamental em tempo real\",\"publisher\":{\"@id\":\"https:\/\/www.legislapp.com.br\/#organization\"},\"potentialAction\":[{\"@type\":\"SearchAction\",\"target\":{\"@type\":\"EntryPoint\",\"urlTemplate\":\"https:\/\/www.legislapp.com.br\/?s={search_term_string}\"},\"query-input\":{\"@type\":\"PropertyValueSpecification\",\"valueRequired\":true,\"valueName\":\"search_term_string\"}}],\"inLanguage\":\"pt-BR\"},{\"@type\":\"Organization\",\"@id\":\"https:\/\/www.legislapp.com.br\/#organization\",\"name\":\"Legislapp Monitoramento e Intelig\u00eancia Governamental\",\"url\":\"https:\/\/www.legislapp.com.br\/\",\"logo\":{\"@type\":\"ImageObject\",\"inLanguage\":\"pt-BR\",\"@id\":\"https:\/\/www.legislapp.com.br\/#\/schema\/logo\/image\/\",\"url\":\"https:\/\/www.legislapp.com.br\/wp-content\/uploads\/icon.png\",\"contentUrl\":\"https:\/\/www.legislapp.com.br\/wp-content\/uploads\/icon.png\",\"width\":1024,\"height\":1024,\"caption\":\"Legislapp Monitoramento e Intelig\u00eancia Governamental\"},\"image\":{\"@id\":\"https:\/\/www.legislapp.com.br\/#\/schema\/logo\/image\/\"},\"sameAs\":[\"https:\/\/www.instagram.com\/legislapp\/\"]}]}<\/script>\n<!-- \/ Yoast SEO plugin. -->","yoast_head_json":{"title":"Avulso Inicial - PL 5514\/2025 - C\u00e2mara - Legislapp","robots":{"index":"index","follow":"follow","max-snippet":"max-snippet:-1","max-image-preview":"max-image-preview:large","max-video-preview":"max-video-preview:-1"},"canonical":"https:\/\/www.legislapp.com.br\/index.php\/avulso-inicial-pl-5514-2025-camara\/","og_locale":"pt_BR","og_type":"article","og_title":"Avulso Inicial - PL 5514\/2025 - C\u00e2mara - Legislapp","og_description":"Avulso Inicial &#8211; Autoria de Marcos Tavares C\u00c2MARA DOS DEPUTADOS DEPUTADO FEDERAL MARCOS TAVARES PROJETO DE LEI N\u00ba DE DE 2025 (Do Senhor Marcos Tavares) Altera a Lei n\u00ba 8.742, de 7 de dezembro de 1993 (Lei Org\u00e2nica da Assist\u00eancia Social \u2013 LOAS), para reconhecer o Transtorno do D\u00e9ficit de Aten\u00e7\u00e3o com Hiperatividade (TDAH) como [&hellip;]","og_url":"https:\/\/www.legislapp.com.br\/index.php\/avulso-inicial-pl-5514-2025-camara\/","og_site_name":"Legislapp","article_publisher":"https:\/\/www.instagram.com\/legislapp\/","og_image":[{"url":"https:\/\/www.legislapp.com.br\/wp-content\/uploads\/2021\/07\/Logo-Legislapp-1-03-1.png","type":"","width":"","height":""}],"twitter_card":"summary_large_image","twitter_misc":{"Est. tempo de leitura":"8 minutos"},"schema":{"@context":"https:\/\/schema.org","@graph":[{"@type":"WebPage","@id":"https:\/\/www.legislapp.com.br\/index.php\/avulso-inicial-pl-5514-2025-camara\/","url":"https:\/\/www.legislapp.com.br\/index.php\/avulso-inicial-pl-5514-2025-camara\/","name":"Avulso Inicial - PL 5514\/2025 - C\u00e2mara - Legislapp","isPartOf":{"@id":"https:\/\/www.legislapp.com.br\/#website"},"primaryImageOfPage":{"@id":"https:\/\/www.legislapp.com.br\/index.php\/avulso-inicial-pl-5514-2025-camara\/#primaryimage"},"image":{"@id":"https:\/\/www.legislapp.com.br\/index.php\/avulso-inicial-pl-5514-2025-camara\/#primaryimage"},"thumbnailUrl":"https:\/\/www.legislapp.com.br\/wp-content\/uploads\/2021\/07\/Logo-Legislapp-1-03-1.png","datePublished":"2025-12-01T14:14:15+00:00","breadcrumb":{"@id":"https:\/\/www.legislapp.com.br\/index.php\/avulso-inicial-pl-5514-2025-camara\/#breadcrumb"},"inLanguage":"pt-BR","potentialAction":[{"@type":"ReadAction","target":["https:\/\/www.legislapp.com.br\/index.php\/avulso-inicial-pl-5514-2025-camara\/"]}]},{"@type":"ImageObject","inLanguage":"pt-BR","@id":"https:\/\/www.legislapp.com.br\/index.php\/avulso-inicial-pl-5514-2025-camara\/#primaryimage","url":"https:\/\/www.legislapp.com.br\/wp-content\/uploads\/2021\/07\/Logo-Legislapp-1-03-1.png","contentUrl":"https:\/\/www.legislapp.com.br\/wp-content\/uploads\/2021\/07\/Logo-Legislapp-1-03-1.png","width":2679,"height":2697},{"@type":"BreadcrumbList","@id":"https:\/\/www.legislapp.com.br\/index.php\/avulso-inicial-pl-5514-2025-camara\/#breadcrumb","itemListElement":[{"@type":"ListItem","position":1,"name":"In\u00edcio","item":"https:\/\/www.legislapp.com.br\/"},{"@type":"ListItem","position":2,"name":"Avulso Inicial &#8211; PL 5514\/2025 &#8211; C\u00e2mara"}]},{"@type":"WebSite","@id":"https:\/\/www.legislapp.com.br\/#website","url":"https:\/\/www.legislapp.com.br\/","name":"Legislapp","description":"Intelig\u00eancia governamental em tempo real","publisher":{"@id":"https:\/\/www.legislapp.com.br\/#organization"},"potentialAction":[{"@type":"SearchAction","target":{"@type":"EntryPoint","urlTemplate":"https:\/\/www.legislapp.com.br\/?s={search_term_string}"},"query-input":{"@type":"PropertyValueSpecification","valueRequired":true,"valueName":"search_term_string"}}],"inLanguage":"pt-BR"},{"@type":"Organization","@id":"https:\/\/www.legislapp.com.br\/#organization","name":"Legislapp Monitoramento e Intelig\u00eancia Governamental","url":"https:\/\/www.legislapp.com.br\/","logo":{"@type":"ImageObject","inLanguage":"pt-BR","@id":"https:\/\/www.legislapp.com.br\/#\/schema\/logo\/image\/","url":"https:\/\/www.legislapp.com.br\/wp-content\/uploads\/icon.png","contentUrl":"https:\/\/www.legislapp.com.br\/wp-content\/uploads\/icon.png","width":1024,"height":1024,"caption":"Legislapp Monitoramento e Intelig\u00eancia Governamental"},"image":{"@id":"https:\/\/www.legislapp.com.br\/#\/schema\/logo\/image\/"},"sameAs":["https:\/\/www.instagram.com\/legislapp\/"]}]}},"_links":{"self":[{"href":"https:\/\/www.legislapp.com.br\/index.php\/wp-json\/wp\/v2\/pages\/10353","targetHints":{"allow":["GET"]}}],"collection":[{"href":"https:\/\/www.legislapp.com.br\/index.php\/wp-json\/wp\/v2\/pages"}],"about":[{"href":"https:\/\/www.legislapp.com.br\/index.php\/wp-json\/wp\/v2\/types\/page"}],"author":[{"embeddable":true,"href":"https:\/\/www.legislapp.com.br\/index.php\/wp-json\/wp\/v2\/users\/1"}],"replies":[{"embeddable":true,"href":"https:\/\/www.legislapp.com.br\/index.php\/wp-json\/wp\/v2\/comments?post=10353"}],"version-history":[{"count":0,"href":"https:\/\/www.legislapp.com.br\/index.php\/wp-json\/wp\/v2\/pages\/10353\/revisions"}],"wp:attachment":[{"href":"https:\/\/www.legislapp.com.br\/index.php\/wp-json\/wp\/v2\/media?parent=10353"}],"curies":[{"name":"wp","href":"https:\/\/api.w.org\/{rel}","templated":true}]}}