{"id":10366,"date":"2025-12-01T11:15:03","date_gmt":"2025-12-01T14:15:03","guid":{"rendered":"https:\/\/www.legislapp.com.br\/index.php\/avulso-inicial-pl-4162-2025-camara\/"},"modified":"2025-12-01T11:15:03","modified_gmt":"2025-12-01T14:15:03","slug":"avulso-inicial-pl-4162-2025-camara","status":"publish","type":"page","link":"https:\/\/www.legislapp.com.br\/index.php\/avulso-inicial-pl-4162-2025-camara\/","title":{"rendered":"Avulso Inicial &#8211; PL 4162\/2025 &#8211; C\u00e2mara"},"content":{"rendered":"<h1 style='text-align: center;'>Avulso Inicial &#8211; Autoria de Pastor Gil<\/h3>\n<p><\/p>\n<article>PROJETO DE LEI N\u00ba          , DE 2025<br \/>\n(Do Sr. PASTOR GIL)<br \/>\nAltera a Consolida\u00e7\u00e3o das Leis do<br \/>\nTrabalho (CLT), aprovada pelo Decreto-Lei<br \/>\nn\u00ba 5.452, de 1\u00ba de maio de 1943, para dispor<br \/>\nsobre o afastamento de trabalhadores<br \/>\nceletistas durante o per\u00edodo eleitoral.<br \/>\nO Congresso Nacional decreta:<br \/>\nArt. 1\u00ba A Consolida\u00e7\u00e3o das Leis do Trabalho (CLT), aprovada<br \/>\npelo Decreto-Lei n\u00ba 5.452, de 1\u00ba de maio de 1943, passa a vigorar com a<br \/>\nseguinte reda\u00e7\u00e3o:<br \/>\n\u201cArt. 471-A. O empregado ter\u00e1 direito a licen\u00e7a durante o<br \/>\nper\u00edodo que mediar entre o registro de sua candidatura perante<br \/>\na Justi\u00e7a Eleitoral e o dia do pleito eleitoral.<br \/>\nPar\u00e1grafo \u00fanico. A manuten\u00e7\u00e3o ou n\u00e3o da remunera\u00e7\u00e3o<br \/>\ndurante o per\u00edodo de afastamento ser\u00e1 objeto de acordo entre<br \/>\no trabalhador e seu empregador.<br \/>\nArt. 2\u00ba Esta Lei entra em vigor na data de sua publica\u00e7\u00e3o.<br \/>\nJUSTIFICA\u00c7\u00c3O<br \/>\nA presente proposi\u00e7\u00e3o legislativa tem como objetivo primordial<br \/>\nfortalecer os alicerces da nossa democracia, garantindo que o exerc\u00edcio dos<br \/>\ndireitos pol\u00edticos seja uma possibilidade real para todos os cidad\u00e3os<br \/>\ntrabalhadores. Ao propor a inser\u00e7\u00e3o do art. 471-A na Consolida\u00e7\u00e3o das Leis do<br \/>\nTrabalho (CLT), buscamos remover um obst\u00e1culo significativo \u00e0 participa\u00e7\u00e3o de<br \/>\nempregados do setor privado no processo eleitoral como candidatos.<br \/>\nAtualmente, um trabalhador regido pela CLT que deseja se<br \/>\ncandidatar a um cargo eletivo n\u00e3o conta com salvaguarda legal que lhe<br \/>\nassegure afastamento remunerado ou negociado do emprego no per\u00edodo<br \/>\nPara verificar a assinatura, acesse https:\/\/infoleg-autenticidade-assinatura.camara.leg.br\/CD253379182400<br \/>\nAssinado eletronicamente pelo(a) Dep. Pastor Gil<br \/>\nApresenta\u00e7\u00e3o: 21\/08\/2025 13:28:00.080 &#8211; Mesa<br \/>\n*CD253379182400* PL n.4162\/2025<br \/>2<br \/>\ncr\u00edtico entre o registro da candidatura e o pleito. \u00c9 nesse intervalo que o<br \/>\npostulante precisa participar de atos de campanha, elaborar propostas,<br \/>\ncomparecer a debates e cumprir obriga\u00e7\u00f5es impostas pela Justi\u00e7a Eleitoral.<br \/>\nA aus\u00eancia de uma norma que lhe garanta o direito de se<br \/>\nafastar temporariamente de suas fun\u00e7\u00f5es para se dedicar ao pleito eleitoral cria<br \/>\numa barreira pr\u00e1tica. Essa barreira restringe o direito fundamental \u00e0 cidadania<br \/>\ne \u00e0 participa\u00e7\u00e3o pol\u00edtica, consagrado na Constitui\u00e7\u00e3o Federal, a um grupo<br \/>\nseleto de pessoas que j\u00e1 possuem estabilidade financeira ou flexibilidade<br \/>\nprofissional, limitando a diversidade de representantes no poder p\u00fablico.<br \/>\nPara sanar essa lacuna, o projeto de lei prop\u00f5e a cria\u00e7\u00e3o da<br \/>\n&#8220;licen\u00e7a-candidatura&#8221;, que permite ao empregado se afastar de suas atividades<br \/>\nno per\u00edodo entre o registro de sua candidatura e a data da elei\u00e7\u00e3o. O principal<br \/>\nobjetivo \u00e9 assegurar a isonomia de condi\u00e7\u00f5es entre os candidatos, permitindo<br \/>\nque o trabalhador-candidato possa se dedicar integralmente \u00e0 apresenta\u00e7\u00e3o de<br \/>\nsuas propostas ao eleitorado, em p\u00e9 de igualdade com outros concorrentes.<br \/>\nDo ponto de vista social e pol\u00edtico, a proposta democratiza o<br \/>\nacesso aos cargos eletivos. Ao viabilizar que um maior n\u00famero de cidad\u00e3os<br \/>\npossa participar ativamente da vida pol\u00edtica, enriquecemos o debate p\u00fablico<br \/>\ncom novas perspectivas e experi\u00eancias, resultando em pol\u00edticas p\u00fablicas mais<br \/>\nconectadas com a realidade da maioria da popula\u00e7\u00e3o.<br \/>\nNo que tange ao impacto econ\u00f4mico e \u00e0 rela\u00e7\u00e3o de trabalho, a<br \/>\nproposta foi desenhada de forma equilibrada. O par\u00e1grafo \u00fanico do artigo<br \/>\nproposto estabelece que a remunera\u00e7\u00e3o durante o per\u00edodo de afastamento<br \/>\nser\u00e1 objeto de acordo entre empregado e empregador. Essa solu\u00e7\u00e3o flex\u00edvel \u00e9<br \/>\nfundamental, pois respeita a autonomia das partes, permitindo que encontrem<br \/>\numa solu\u00e7\u00e3o mutuamente satisfat\u00f3ria.<br \/>\nAl\u00e9m disso, evita a imposi\u00e7\u00e3o de um \u00f4nus financeiro unilateral<br \/>\nao empregador, reconhecendo as diversas realidades econ\u00f4micas das<br \/>\nempresas no pa\u00eds. A negocia\u00e7\u00e3o pode resultar em diferentes arranjos, como a<br \/>\nmanuten\u00e7\u00e3o do sal\u00e1rio, o pagamento de uma ajuda de custo ou a suspens\u00e3o<br \/>\nda remunera\u00e7\u00e3o, conforme a capacidade do empregador e o interesse do<br \/>\nempregado.<br \/>\nPara verificar a assinatura, acesse https:\/\/infoleg-autenticidade-assinatura.camara.leg.br\/CD253379182400<br \/>\nAssinado eletronicamente pelo(a) Dep. Pastor Gil<br \/>\nApresenta\u00e7\u00e3o: 21\/08\/2025 13:28:00.080 &#8211; Mesa<br \/>\n*CD253379182400* PL n.4162\/2025<br \/>3<br \/>\nDiante do exposto, a cria\u00e7\u00e3o da licen\u00e7a para o empregado<br \/>\ncandidato, nos moldes propostos, \u00e9 uma medida justa, necess\u00e1ria e<br \/>\nequilibrada. Ela representa um avan\u00e7o significativo para a consolida\u00e7\u00e3o de uma<br \/>\ndemocracia mais inclusiva e representativa. Contamos, assim, com o apoio dos<br \/>\nnobres pares para a aprova\u00e7\u00e3o deste importante Projeto de Lei.<br \/>\nSala das Sess\u00f5es, em        de                     de 2025.<br \/>\nDeputado PASTOR GIL PL\/MA<br \/>\nPara verificar a assinatura, acesse https:\/\/infoleg-autenticidade-assinatura.camara.leg.br\/CD253379182400<br \/>\nAssinado eletronicamente pelo(a) Dep. Pastor Gil<br \/>\nApresenta\u00e7\u00e3o: 21\/08\/2025 13:28:00.080 &#8211; Mesa<br \/>\n*CD253379182400* PL n.4162\/2025<\/article>\n<p><a href='https:\/\/app.legislapp.com.br\/#\/busca?termo='><\/a><\/p>\n<div style=\"text-align: center\">\n      <img decoding=\"async\" style=\"width: 14%;\" src=\"https:\/\/www.legislapp.com.br\/wp-content\/uploads\/2021\/07\/Logo-Legislapp-1-03-1.png\"><br \/>\n      <\/p>\n<div style=\"margin-bottom: 20px;\" class=\"et_pb_button_module_wrapper et_pb_button_5_tb_body_wrapper et_pb_button_alignment_center et_pb_module \">\n         <a class=\"et_pb_button et_pb_button_5_tb_body et_hover_enabled et_pb_bg_layout_dark\" style=\"width: 50%;background-color: black;\" href=\"https:\/\/app.legislapp.com.br\" target=\"_blank\" rel=\"noopener\">Visualizar completo na nossa plataforma (30 dias gr\u00e1tis)<\/a><\/p><\/div>\n<p>      <a href=\"https:\/\/play.google.com\/store\/apps\/details?id=br.com.legislapp\"><img decoding=\"async\" style=\"width: 15%; min-width: 130px;\" src=\"https:\/\/www.legislapp.com.br\/wp-content\/uploads\/google-play.png\"><\/a><br \/>\n      <a href=\"https:\/\/apps.apple.com\/us\/app\/legislapp\/id1568929859\"><img decoding=\"async\" style=\"width: 15%; min-width: 130px\" src=\"https:\/\/www.legislapp.com.br\/wp-content\/uploads\/apple-store.png\"><\/a>\n   <\/div>\n","protected":false},"excerpt":{"rendered":"<p>Avulso Inicial &#8211; Autoria de Pastor Gil PROJETO DE LEI N\u00ba , DE 2025 (Do Sr. PASTOR GIL) Altera a Consolida\u00e7\u00e3o das Leis do Trabalho (CLT), aprovada pelo Decreto-Lei n\u00ba 5.452, de 1\u00ba de maio de 1943, para dispor sobre o afastamento de trabalhadores celetistas durante o per\u00edodo eleitoral. O Congresso Nacional decreta: Art. 1\u00ba [&hellip;]<\/p>\n","protected":false},"author":1,"featured_media":0,"parent":0,"menu_order":0,"comment_status":"closed","ping_status":"closed","template":"page-template-blank.php","meta":{"_et_pb_use_builder":"","_et_pb_old_content":"","_et_gb_content_width":"1080","ngg_post_thumbnail":0,"footnotes":""},"class_list":["post-10366","page","type-page","status-publish","hentry"],"yoast_head":"<!-- This site is optimized with the Yoast SEO plugin v24.4 - https:\/\/yoast.com\/wordpress\/plugins\/seo\/ -->\n<title>Avulso Inicial - PL 4162\/2025 - C\u00e2mara - Legislapp<\/title>\n<meta name=\"robots\" content=\"index, follow, max-snippet:-1, max-image-preview:large, max-video-preview:-1\" \/>\n<link rel=\"canonical\" href=\"https:\/\/www.legislapp.com.br\/index.php\/avulso-inicial-pl-4162-2025-camara\/\" \/>\n<meta property=\"og:locale\" content=\"pt_BR\" \/>\n<meta property=\"og:type\" content=\"article\" \/>\n<meta property=\"og:title\" content=\"Avulso Inicial - PL 4162\/2025 - C\u00e2mara - Legislapp\" \/>\n<meta property=\"og:description\" content=\"Avulso Inicial &#8211; Autoria de Pastor Gil PROJETO DE LEI N\u00ba , DE 2025 (Do Sr. PASTOR GIL) Altera a Consolida\u00e7\u00e3o das Leis do Trabalho (CLT), aprovada pelo Decreto-Lei n\u00ba 5.452, de 1\u00ba de maio de 1943, para dispor sobre o afastamento de trabalhadores celetistas durante o per\u00edodo eleitoral. O Congresso Nacional decreta: Art. 1\u00ba [&hellip;]\" \/>\n<meta property=\"og:url\" content=\"https:\/\/www.legislapp.com.br\/index.php\/avulso-inicial-pl-4162-2025-camara\/\" \/>\n<meta property=\"og:site_name\" content=\"Legislapp\" \/>\n<meta property=\"article:publisher\" content=\"https:\/\/www.instagram.com\/legislapp\/\" \/>\n<meta property=\"og:image\" content=\"https:\/\/www.legislapp.com.br\/wp-content\/uploads\/2021\/07\/Logo-Legislapp-1-03-1.png\" \/>\n<meta name=\"twitter:card\" content=\"summary_large_image\" \/>\n<meta name=\"twitter:label1\" content=\"Est. tempo de leitura\" \/>\n\t<meta name=\"twitter:data1\" content=\"4 minutos\" \/>\n<script type=\"application\/ld+json\" class=\"yoast-schema-graph\">{\"@context\":\"https:\/\/schema.org\",\"@graph\":[{\"@type\":\"WebPage\",\"@id\":\"https:\/\/www.legislapp.com.br\/index.php\/avulso-inicial-pl-4162-2025-camara\/\",\"url\":\"https:\/\/www.legislapp.com.br\/index.php\/avulso-inicial-pl-4162-2025-camara\/\",\"name\":\"Avulso Inicial - PL 4162\/2025 - C\u00e2mara - Legislapp\",\"isPartOf\":{\"@id\":\"https:\/\/www.legislapp.com.br\/#website\"},\"primaryImageOfPage\":{\"@id\":\"https:\/\/www.legislapp.com.br\/index.php\/avulso-inicial-pl-4162-2025-camara\/#primaryimage\"},\"image\":{\"@id\":\"https:\/\/www.legislapp.com.br\/index.php\/avulso-inicial-pl-4162-2025-camara\/#primaryimage\"},\"thumbnailUrl\":\"https:\/\/www.legislapp.com.br\/wp-content\/uploads\/2021\/07\/Logo-Legislapp-1-03-1.png\",\"datePublished\":\"2025-12-01T14:15:03+00:00\",\"breadcrumb\":{\"@id\":\"https:\/\/www.legislapp.com.br\/index.php\/avulso-inicial-pl-4162-2025-camara\/#breadcrumb\"},\"inLanguage\":\"pt-BR\",\"potentialAction\":[{\"@type\":\"ReadAction\",\"target\":[\"https:\/\/www.legislapp.com.br\/index.php\/avulso-inicial-pl-4162-2025-camara\/\"]}]},{\"@type\":\"ImageObject\",\"inLanguage\":\"pt-BR\",\"@id\":\"https:\/\/www.legislapp.com.br\/index.php\/avulso-inicial-pl-4162-2025-camara\/#primaryimage\",\"url\":\"https:\/\/www.legislapp.com.br\/wp-content\/uploads\/2021\/07\/Logo-Legislapp-1-03-1.png\",\"contentUrl\":\"https:\/\/www.legislapp.com.br\/wp-content\/uploads\/2021\/07\/Logo-Legislapp-1-03-1.png\",\"width\":2679,\"height\":2697},{\"@type\":\"BreadcrumbList\",\"@id\":\"https:\/\/www.legislapp.com.br\/index.php\/avulso-inicial-pl-4162-2025-camara\/#breadcrumb\",\"itemListElement\":[{\"@type\":\"ListItem\",\"position\":1,\"name\":\"In\u00edcio\",\"item\":\"https:\/\/www.legislapp.com.br\/\"},{\"@type\":\"ListItem\",\"position\":2,\"name\":\"Avulso Inicial &#8211; PL 4162\/2025 &#8211; C\u00e2mara\"}]},{\"@type\":\"WebSite\",\"@id\":\"https:\/\/www.legislapp.com.br\/#website\",\"url\":\"https:\/\/www.legislapp.com.br\/\",\"name\":\"Legislapp\",\"description\":\"Intelig\u00eancia governamental em tempo real\",\"publisher\":{\"@id\":\"https:\/\/www.legislapp.com.br\/#organization\"},\"potentialAction\":[{\"@type\":\"SearchAction\",\"target\":{\"@type\":\"EntryPoint\",\"urlTemplate\":\"https:\/\/www.legislapp.com.br\/?s={search_term_string}\"},\"query-input\":{\"@type\":\"PropertyValueSpecification\",\"valueRequired\":true,\"valueName\":\"search_term_string\"}}],\"inLanguage\":\"pt-BR\"},{\"@type\":\"Organization\",\"@id\":\"https:\/\/www.legislapp.com.br\/#organization\",\"name\":\"Legislapp Monitoramento e Intelig\u00eancia Governamental\",\"url\":\"https:\/\/www.legislapp.com.br\/\",\"logo\":{\"@type\":\"ImageObject\",\"inLanguage\":\"pt-BR\",\"@id\":\"https:\/\/www.legislapp.com.br\/#\/schema\/logo\/image\/\",\"url\":\"https:\/\/www.legislapp.com.br\/wp-content\/uploads\/icon.png\",\"contentUrl\":\"https:\/\/www.legislapp.com.br\/wp-content\/uploads\/icon.png\",\"width\":1024,\"height\":1024,\"caption\":\"Legislapp Monitoramento e Intelig\u00eancia Governamental\"},\"image\":{\"@id\":\"https:\/\/www.legislapp.com.br\/#\/schema\/logo\/image\/\"},\"sameAs\":[\"https:\/\/www.instagram.com\/legislapp\/\"]}]}<\/script>\n<!-- \/ Yoast SEO plugin. -->","yoast_head_json":{"title":"Avulso Inicial - PL 4162\/2025 - C\u00e2mara - Legislapp","robots":{"index":"index","follow":"follow","max-snippet":"max-snippet:-1","max-image-preview":"max-image-preview:large","max-video-preview":"max-video-preview:-1"},"canonical":"https:\/\/www.legislapp.com.br\/index.php\/avulso-inicial-pl-4162-2025-camara\/","og_locale":"pt_BR","og_type":"article","og_title":"Avulso Inicial - PL 4162\/2025 - C\u00e2mara - Legislapp","og_description":"Avulso Inicial &#8211; Autoria de Pastor Gil PROJETO DE LEI N\u00ba , DE 2025 (Do Sr. PASTOR GIL) Altera a Consolida\u00e7\u00e3o das Leis do Trabalho (CLT), aprovada pelo Decreto-Lei n\u00ba 5.452, de 1\u00ba de maio de 1943, para dispor sobre o afastamento de trabalhadores celetistas durante o per\u00edodo eleitoral. O Congresso Nacional decreta: Art. 1\u00ba [&hellip;]","og_url":"https:\/\/www.legislapp.com.br\/index.php\/avulso-inicial-pl-4162-2025-camara\/","og_site_name":"Legislapp","article_publisher":"https:\/\/www.instagram.com\/legislapp\/","og_image":[{"url":"https:\/\/www.legislapp.com.br\/wp-content\/uploads\/2021\/07\/Logo-Legislapp-1-03-1.png","type":"","width":"","height":""}],"twitter_card":"summary_large_image","twitter_misc":{"Est. tempo de leitura":"4 minutos"},"schema":{"@context":"https:\/\/schema.org","@graph":[{"@type":"WebPage","@id":"https:\/\/www.legislapp.com.br\/index.php\/avulso-inicial-pl-4162-2025-camara\/","url":"https:\/\/www.legislapp.com.br\/index.php\/avulso-inicial-pl-4162-2025-camara\/","name":"Avulso Inicial - PL 4162\/2025 - C\u00e2mara - Legislapp","isPartOf":{"@id":"https:\/\/www.legislapp.com.br\/#website"},"primaryImageOfPage":{"@id":"https:\/\/www.legislapp.com.br\/index.php\/avulso-inicial-pl-4162-2025-camara\/#primaryimage"},"image":{"@id":"https:\/\/www.legislapp.com.br\/index.php\/avulso-inicial-pl-4162-2025-camara\/#primaryimage"},"thumbnailUrl":"https:\/\/www.legislapp.com.br\/wp-content\/uploads\/2021\/07\/Logo-Legislapp-1-03-1.png","datePublished":"2025-12-01T14:15:03+00:00","breadcrumb":{"@id":"https:\/\/www.legislapp.com.br\/index.php\/avulso-inicial-pl-4162-2025-camara\/#breadcrumb"},"inLanguage":"pt-BR","potentialAction":[{"@type":"ReadAction","target":["https:\/\/www.legislapp.com.br\/index.php\/avulso-inicial-pl-4162-2025-camara\/"]}]},{"@type":"ImageObject","inLanguage":"pt-BR","@id":"https:\/\/www.legislapp.com.br\/index.php\/avulso-inicial-pl-4162-2025-camara\/#primaryimage","url":"https:\/\/www.legislapp.com.br\/wp-content\/uploads\/2021\/07\/Logo-Legislapp-1-03-1.png","contentUrl":"https:\/\/www.legislapp.com.br\/wp-content\/uploads\/2021\/07\/Logo-Legislapp-1-03-1.png","width":2679,"height":2697},{"@type":"BreadcrumbList","@id":"https:\/\/www.legislapp.com.br\/index.php\/avulso-inicial-pl-4162-2025-camara\/#breadcrumb","itemListElement":[{"@type":"ListItem","position":1,"name":"In\u00edcio","item":"https:\/\/www.legislapp.com.br\/"},{"@type":"ListItem","position":2,"name":"Avulso Inicial &#8211; PL 4162\/2025 &#8211; C\u00e2mara"}]},{"@type":"WebSite","@id":"https:\/\/www.legislapp.com.br\/#website","url":"https:\/\/www.legislapp.com.br\/","name":"Legislapp","description":"Intelig\u00eancia governamental em tempo real","publisher":{"@id":"https:\/\/www.legislapp.com.br\/#organization"},"potentialAction":[{"@type":"SearchAction","target":{"@type":"EntryPoint","urlTemplate":"https:\/\/www.legislapp.com.br\/?s={search_term_string}"},"query-input":{"@type":"PropertyValueSpecification","valueRequired":true,"valueName":"search_term_string"}}],"inLanguage":"pt-BR"},{"@type":"Organization","@id":"https:\/\/www.legislapp.com.br\/#organization","name":"Legislapp Monitoramento e Intelig\u00eancia Governamental","url":"https:\/\/www.legislapp.com.br\/","logo":{"@type":"ImageObject","inLanguage":"pt-BR","@id":"https:\/\/www.legislapp.com.br\/#\/schema\/logo\/image\/","url":"https:\/\/www.legislapp.com.br\/wp-content\/uploads\/icon.png","contentUrl":"https:\/\/www.legislapp.com.br\/wp-content\/uploads\/icon.png","width":1024,"height":1024,"caption":"Legislapp Monitoramento e Intelig\u00eancia Governamental"},"image":{"@id":"https:\/\/www.legislapp.com.br\/#\/schema\/logo\/image\/"},"sameAs":["https:\/\/www.instagram.com\/legislapp\/"]}]}},"_links":{"self":[{"href":"https:\/\/www.legislapp.com.br\/index.php\/wp-json\/wp\/v2\/pages\/10366","targetHints":{"allow":["GET"]}}],"collection":[{"href":"https:\/\/www.legislapp.com.br\/index.php\/wp-json\/wp\/v2\/pages"}],"about":[{"href":"https:\/\/www.legislapp.com.br\/index.php\/wp-json\/wp\/v2\/types\/page"}],"author":[{"embeddable":true,"href":"https:\/\/www.legislapp.com.br\/index.php\/wp-json\/wp\/v2\/users\/1"}],"replies":[{"embeddable":true,"href":"https:\/\/www.legislapp.com.br\/index.php\/wp-json\/wp\/v2\/comments?post=10366"}],"version-history":[{"count":0,"href":"https:\/\/www.legislapp.com.br\/index.php\/wp-json\/wp\/v2\/pages\/10366\/revisions"}],"wp:attachment":[{"href":"https:\/\/www.legislapp.com.br\/index.php\/wp-json\/wp\/v2\/media?parent=10366"}],"curies":[{"name":"wp","href":"https:\/\/api.w.org\/{rel}","templated":true}]}}