{"id":10375,"date":"2025-12-01T11:15:26","date_gmt":"2025-12-01T14:15:26","guid":{"rendered":"https:\/\/www.legislapp.com.br\/index.php\/avulso-inicial-pl-2831-2011-camara\/"},"modified":"2025-12-01T11:15:26","modified_gmt":"2025-12-01T14:15:26","slug":"avulso-inicial-pl-2831-2011-camara","status":"publish","type":"page","link":"https:\/\/www.legislapp.com.br\/index.php\/avulso-inicial-pl-2831-2011-camara\/","title":{"rendered":"Avulso Inicial &#8211; PL 2831\/2011 &#8211; C\u00e2mara"},"content":{"rendered":"<h1 style='text-align: center;'>Avulso Inicial &#8211; Autoria de Alceu Moreira<\/h3>\n<p><\/p>\n<article>o<br \/>\nPROJETO DE LEI N             , DE<br \/>\n(Do Sr. Alceu Moreira)<br \/>\nDisp\u00f5e sobre a cria\u00e7\u00e3o de Zona de<br \/>\nProcessamento de Exporta\u00e7\u00e3o (ZPE) no<br \/>\nMunic\u00edpio de S\u00e3o Jos\u00e9 do Norte, no Estado<br \/>\ndo Rio Grande do Sul.<br \/>\nO Congresso Nacional decreta:<br \/>\nArt. 1\u00ba Fica o Poder Executivo autorizado a criar Zona de<br \/>\nProcessamento de Exporta\u00e7\u00e3o (ZPE) no munic\u00edpio de S\u00e3o Jos\u00e9 do Norte, no<br \/>\nEstado do Rio Grande do Sul.<br \/>\nPar\u00e1grafo \u00fanico. A cria\u00e7\u00e3o, as caracter\u00edsticas, os<br \/>\nobjetivos e o funcionamento da Zona de Processamento de Exporta\u00e7\u00e3o de que<br \/>\ntrata este artigo ser\u00e3o regulados pela Lei n\u00ba 11.508, de 20 de julho de 2007, e<br \/>\npela legisla\u00e7\u00e3o pertinente.<br \/>\nArt. 2\u00ba Esta Lei entra em vigor na data de sua publica\u00e7\u00e3o.<br \/>\nJUSTIFICA\u00c7\u00c3O<br \/>\nEsta \u00e9 uma proposi\u00e7\u00e3o de extrema relev\u00e2ncia n\u00e3o apenas<br \/>\npara o munic\u00edpio de S\u00e3o Jos\u00e9 do Norte, no litoral do Estado do Rio Grande do<br \/>\nSul, como tamb\u00e9m para a regi\u00e3o \u00e0 qual est\u00e1 inserida, que abrange tamb\u00e9m as<br \/>\ncidades de Rio Grande e Pelotas e outras cidades litor\u00e2neas que, como a<br \/>\npr\u00f3pria S\u00e3o Jos\u00e9, s\u00e3o de menor express\u00e3o econ\u00f4mica.  <br \/> <br \/>\nA import\u00e2ncia deriva do fato de se propor a cria\u00e7\u00e3o de<br \/>\numa Zona de Processamento de Exporta\u00e7\u00e3o \u2013 ZPE no munic\u00edpio, que<br \/>\ncontribuir\u00e1 de forma relevante para a dinamiza\u00e7\u00e3o da regi\u00e3o.<br \/>\nCom efeito, deve-se destacar que as ZPEs v\u00eam sendo<br \/>\nimplantadas com sucesso em v\u00e1rios pa\u00edses do mundo, e s\u00e3o respons\u00e1veis por<br \/>\nimportante atra\u00e7\u00e3o de investimentos estrangeiros que contribuem para a<br \/>\nexpans\u00e3o das exporta\u00e7\u00f5es. Assim, \u00e9 propiciado um importante processo de<br \/>\nagrega\u00e7\u00e3o de valor aos bens produzidos, com o qual tamb\u00e9m se observa a<br \/>\ncria\u00e7\u00e3o de postos de trabalho, utiliza\u00e7\u00e3o de novas tecnologias e processos<br \/>\nprodutivos e aprimoramento das t\u00e9cnicas de gest\u00e3o empresarial, de maneira<br \/>\nque as ZPEs se mostram, assim, como importantes instrumentos para a o<br \/>\ndesenvolvimento econ\u00f4mico regional.<br \/>\nSob o ponto de vista t\u00e9cnico, as ZPEs caracterizam-se<br \/>\ncomo \u00e1reas de livre com\u00e9rcio, destinadas \u00e0 instala\u00e7\u00e3o de empresas voltadas<br \/>\npara a produ\u00e7\u00e3o de bens a serem comercializados no exterior, sendo<br \/>\nconsideradas zonas prim\u00e1rias para efeito de controle aduaneiro. Trata-se,<br \/>\nassim, de \u00e1reas delimitadas, nas quais empresas voltadas a exporta\u00e7\u00f5es<br \/>\ngozam de benef\u00edcios diversos, como incentivos tribut\u00e1rios e cambiais e<br \/>\nprocedimentos aduaneiros simplificados.<br \/>\nNas ZPEs h\u00e1, enfim, desonera\u00e7\u00e3o do investimento,<br \/>\nredu\u00e7\u00e3o da burocracia, agilidade aduaneira e suspens\u00e3o e isen\u00e7\u00e3o tribut\u00e1ria,<br \/>\ndentre diversos outros aspectos que incentivam a expans\u00e3o das empresas ali<br \/>\ninstaladas, sendo que a possibilidade de manuten\u00e7\u00e3o no exterior das divisas<br \/>\nestrangeiras obtidas com as exporta\u00e7\u00f5es evita a aprecia\u00e7\u00e3o da moeda nacional<br \/>\nque, a prop\u00f3sito, corr\u00f3i a competividade das empresas brasileiras no acirrado<br \/>\ncom\u00e9rcio internacional.<br \/>\nAssim, os objetivos prec\u00edpuos dessas Zonas s\u00e3o, dentre<br \/>\noutros, a redu\u00e7\u00e3o de desequil\u00edbrios regionais, a gera\u00e7\u00e3o de emprego e renda, a<br \/>\natra\u00e7\u00e3o de investimentos, a expans\u00e3o das exporta\u00e7\u00f5es e a promo\u00e7\u00e3o de novas<br \/>\ntecnologias. <br \/> <br \/>\nDeve-se destacar que a implanta\u00e7\u00e3o de uma ZPE<br \/>\nacarreta diversas oportunidades empresariais, incluindo, por exemplo, a<br \/>\nforma\u00e7\u00e3o de uma cadeia de empresas voltadas ao fornecimento (com<br \/>\ndesonera\u00e7\u00e3o de tributos) \u00e0s ind\u00fastrias que encontram-se instaladas nessas<br \/>\nZonas. N\u00e3o menos importante \u00e9 a possibilidade de forma\u00e7\u00e3o de arranjos<br \/>\nprodutivos locais, nos quais ocorre a aglomera\u00e7\u00e3o de empreendimentos de<br \/>\numa mesma atividade produtiva em uma determinada regi\u00e3o geogr\u00e1fica, que<br \/>\ncontribui de forma importante para a consecu\u00e7\u00e3o de ganhos de produtividade.<br \/>\nAdemais, h\u00e1 tamb\u00e9m a expectativa de dinamiza\u00e7\u00e3o a curto prazo da economia<br \/>\nlocal pela pr\u00f3pria necessidade de instala\u00e7\u00e3o da infra-estrutura da ZPE e dos<br \/>\nprojetos industriais que ser\u00e3o nela implantados.<br \/>\nNesse contexto, h\u00e1 determinados par\u00e2metros que s\u00e3o<br \/>\nconsiderados como importantes para o sucesso de uma ZPE, os quais s\u00e3o<br \/>\ninclusive estabelecidos por lei como requisitos. No caso de S\u00e3o Jos\u00e9 do Norte,<br \/>\ntodos os requisitos s\u00e3o plenamente atendidos, conforme ser\u00e1 exposto a seguir.<br \/>\nNo que se refere \u00e0 localiza\u00e7\u00e3o, o munic\u00edpio encontra-se<br \/>\nmuito pr\u00f3ximo ao Aeroporto Internacional de Pelotas al\u00e9m de ser<br \/>\nrigorosamente vizinho ao Porto de Rio Grande, o mais importante do Estado.<br \/>\nTrata-se de porto mar\u00edtimo dotado de caracter\u00edsticas naturais privilegiadas,<br \/>\ncapaz de ser desenvolvido racionalmente, em condi\u00e7\u00f5es de atender \u00e0<br \/>\nnavega\u00e7\u00e3o de longo curso, que exige boas profundidades.<br \/>\nA prop\u00f3sito, como h\u00e1 limita\u00e7\u00f5es para a expans\u00e3o do<br \/>\nPorto na cidade vizinha de Rio Grande, o munic\u00edpio de S\u00e3o Jos\u00e9 do Norte<br \/>\ntornou-se op\u00e7\u00e3o importante e vi\u00e1vel para recepcionar novos investimentos<br \/>\nportu\u00e1rios, havendo projetos j\u00e1 encaminhados referentes \u00e0 constru\u00e7\u00e3o de<br \/>\nterminais, e tamb\u00e9m de constru\u00e7\u00e3o naval.<br \/>\nDe acordo com mat\u00e9ria publicada no Jornal do Com\u00e9rcio,<br \/>\na materializa\u00e7\u00e3o de um porto e de um polo naval em S\u00e3o Jos\u00e9 do Norte<br \/>\ncontribuir\u00e1 para um melhor aproveitamento das hidrovias ga\u00fachas, prev\u00ea o<br \/>\npresidente da Associa\u00e7\u00e3o Brasileira dos Terminais Portu\u00e1rios (ABTP), Wilen<br \/>\nManteli. Essa perspectiva se fortalece pela liga\u00e7\u00e3o que a Lagoa dos Patos<br \/>\npossibilita com a Regi\u00e3o Metropolitana do Estado e demais rios interiores. \u201cS\u00e3o<br \/>\nJos\u00e9 do Norte encontra-se em uma posi\u00e7\u00e3o estrat\u00e9gica para opera\u00e7\u00f5es de<br \/>\n1<br \/>\ntransbordo de cargas\u201d, menciona o presidente da ABTP. <\/p>\n<p>1<br \/>\n Mat\u00e9ria publicada em 17\/fev\/2011. Dispon\u00edvel em:<br \/>\n<http:\/\/jcrs.uol.com.br\/site\/noticia.php?codn=54882>. Acesso em: nov.2011 <br \/> <br \/>\nQuanto \u00e0s hidrovias, a expans\u00e3o econ\u00f4mica da cidade<br \/>\nque se pretende com a ZPE possibilitar\u00e1 um melhor aproveitamento das vias<br \/>\nnaveg\u00e1veis, face \u00e0 liga\u00e7\u00e3o da Lagoa dos Patos, que banha o munic\u00edpio, com a<br \/>\nRegi\u00e3o Metropolitana do Estado e demais rios interiores, estando portanto<br \/>\nlocalizado em uma regi\u00e3o estrat\u00e9gica.<br \/>\nN\u00e3o menos importante \u00e9 observar que a regi\u00e3o tamb\u00e9m<br \/>\nest\u00e1 plenamente apta a disponibilizar a infraestrutura e os servi\u00e7os necess\u00e1rios<br \/>\npara viabilizar a ZPE.<br \/>\nPor outro lado, a instala\u00e7\u00e3o da ZPE no munic\u00edpio \u00e9 crucial<br \/>\npara a retomada de seu desenvolvimento econ\u00f4mico, sobretudo da regi\u00e3o<br \/>\nlitor\u00e2nea, carente que \u00e9 de novos investimentos, e que urgentemente precisa<br \/>\nter sua economia dinamizada.<br \/>\nEnfim, \u00e9 crucial e urgente a cria\u00e7\u00e3o de alternativas que<br \/>\npossam contribuir para a absor\u00e7\u00e3o da m\u00e3o-de-obra local, insuficientemente<br \/>\naproveitada pelo reduzido desenvolvimento econ\u00f4mico que alcan\u00e7ou.<br \/>\nDesta forma, certos do aspecto amplamente merit\u00f3rio da<br \/>\npresente proposi\u00e7\u00e3o, contamos com o apoio dos nobres pares para a sua<br \/>\naprova\u00e7\u00e3o.<br \/>\n               Sala das Sess\u00f5es, em 01 de dezembro de 2011.<br \/>\nDeputado ALCEU MOREIRA <\/article>\n<p><a href='https:\/\/app.legislapp.com.br\/#\/busca?termo=Cria\u00e7\u00e3o'>Cria\u00e7\u00e3o<\/a>, <a href='https:\/\/app.legislapp.com.br\/#\/busca?termo=Zona de Processamento de Exporta\u00e7\u00e3o (ZPE)'>Zona de Processamento de Exporta\u00e7\u00e3o (ZPE)<\/a>, <a href='https:\/\/app.legislapp.com.br\/#\/busca?termo=S\u00e3o Jos\u00e9 do Norte (RS)'>S\u00e3o Jos\u00e9 do Norte (RS)<\/a>, <a href='https:\/\/app.legislapp.com.br\/#\/busca?termo=Rio Grande do Sul.'>Rio Grande do Sul.<\/a><\/p>\n<div style=\"text-align: center\">\n      <img decoding=\"async\" style=\"width: 14%;\" src=\"https:\/\/www.legislapp.com.br\/wp-content\/uploads\/2021\/07\/Logo-Legislapp-1-03-1.png\"><br \/>\n      <\/p>\n<div style=\"margin-bottom: 20px;\" class=\"et_pb_button_module_wrapper et_pb_button_5_tb_body_wrapper et_pb_button_alignment_center et_pb_module \">\n         <a class=\"et_pb_button et_pb_button_5_tb_body et_hover_enabled et_pb_bg_layout_dark\" style=\"width: 50%;background-color: black;\" href=\"https:\/\/app.legislapp.com.br\" target=\"_blank\" rel=\"noopener\">Visualizar completo na nossa plataforma (30 dias gr\u00e1tis)<\/a><\/p><\/div>\n<p>      <a href=\"https:\/\/play.google.com\/store\/apps\/details?id=br.com.legislapp\"><img decoding=\"async\" style=\"width: 15%; min-width: 130px;\" src=\"https:\/\/www.legislapp.com.br\/wp-content\/uploads\/google-play.png\"><\/a><br \/>\n      <a href=\"https:\/\/apps.apple.com\/us\/app\/legislapp\/id1568929859\"><img decoding=\"async\" style=\"width: 15%; min-width: 130px\" src=\"https:\/\/www.legislapp.com.br\/wp-content\/uploads\/apple-store.png\"><\/a>\n   <\/div>\n","protected":false},"excerpt":{"rendered":"<p>Avulso Inicial &#8211; Autoria de Alceu Moreira o PROJETO DE LEI N , DE (Do Sr. Alceu Moreira) Disp\u00f5e sobre a cria\u00e7\u00e3o de Zona de Processamento de Exporta\u00e7\u00e3o (ZPE) no Munic\u00edpio de S\u00e3o Jos\u00e9 do Norte, no Estado do Rio Grande do Sul. O Congresso Nacional decreta: Art. 1\u00ba Fica o Poder Executivo autorizado a [&hellip;]<\/p>\n","protected":false},"author":1,"featured_media":0,"parent":0,"menu_order":0,"comment_status":"closed","ping_status":"closed","template":"page-template-blank.php","meta":{"_et_pb_use_builder":"","_et_pb_old_content":"","_et_gb_content_width":"1080","ngg_post_thumbnail":0,"footnotes":""},"class_list":["post-10375","page","type-page","status-publish","hentry"],"yoast_head":"<!-- This site is optimized with the Yoast SEO plugin v24.4 - https:\/\/yoast.com\/wordpress\/plugins\/seo\/ -->\n<title>Avulso Inicial - PL 2831\/2011 - C\u00e2mara - Legislapp<\/title>\n<meta name=\"robots\" content=\"index, follow, max-snippet:-1, max-image-preview:large, max-video-preview:-1\" \/>\n<link rel=\"canonical\" href=\"https:\/\/www.legislapp.com.br\/index.php\/avulso-inicial-pl-2831-2011-camara\/\" \/>\n<meta property=\"og:locale\" content=\"pt_BR\" \/>\n<meta property=\"og:type\" content=\"article\" \/>\n<meta property=\"og:title\" content=\"Avulso Inicial - PL 2831\/2011 - C\u00e2mara - Legislapp\" \/>\n<meta property=\"og:description\" content=\"Avulso Inicial &#8211; Autoria de Alceu Moreira o PROJETO DE LEI N , DE (Do Sr. Alceu Moreira) Disp\u00f5e sobre a cria\u00e7\u00e3o de Zona de Processamento de Exporta\u00e7\u00e3o (ZPE) no Munic\u00edpio de S\u00e3o Jos\u00e9 do Norte, no Estado do Rio Grande do Sul. O Congresso Nacional decreta: Art. 1\u00ba Fica o Poder Executivo autorizado a [&hellip;]\" \/>\n<meta property=\"og:url\" content=\"https:\/\/www.legislapp.com.br\/index.php\/avulso-inicial-pl-2831-2011-camara\/\" \/>\n<meta property=\"og:site_name\" content=\"Legislapp\" \/>\n<meta property=\"article:publisher\" content=\"https:\/\/www.instagram.com\/legislapp\/\" \/>\n<meta property=\"og:image\" content=\"https:\/\/www.legislapp.com.br\/wp-content\/uploads\/2021\/07\/Logo-Legislapp-1-03-1.png\" \/>\n<meta name=\"twitter:card\" content=\"summary_large_image\" \/>\n<meta name=\"twitter:label1\" content=\"Est. tempo de leitura\" \/>\n\t<meta name=\"twitter:data1\" content=\"6 minutos\" \/>\n<script type=\"application\/ld+json\" class=\"yoast-schema-graph\">{\"@context\":\"https:\/\/schema.org\",\"@graph\":[{\"@type\":\"WebPage\",\"@id\":\"https:\/\/www.legislapp.com.br\/index.php\/avulso-inicial-pl-2831-2011-camara\/\",\"url\":\"https:\/\/www.legislapp.com.br\/index.php\/avulso-inicial-pl-2831-2011-camara\/\",\"name\":\"Avulso Inicial - PL 2831\/2011 - C\u00e2mara - Legislapp\",\"isPartOf\":{\"@id\":\"https:\/\/www.legislapp.com.br\/#website\"},\"primaryImageOfPage\":{\"@id\":\"https:\/\/www.legislapp.com.br\/index.php\/avulso-inicial-pl-2831-2011-camara\/#primaryimage\"},\"image\":{\"@id\":\"https:\/\/www.legislapp.com.br\/index.php\/avulso-inicial-pl-2831-2011-camara\/#primaryimage\"},\"thumbnailUrl\":\"https:\/\/www.legislapp.com.br\/wp-content\/uploads\/2021\/07\/Logo-Legislapp-1-03-1.png\",\"datePublished\":\"2025-12-01T14:15:26+00:00\",\"breadcrumb\":{\"@id\":\"https:\/\/www.legislapp.com.br\/index.php\/avulso-inicial-pl-2831-2011-camara\/#breadcrumb\"},\"inLanguage\":\"pt-BR\",\"potentialAction\":[{\"@type\":\"ReadAction\",\"target\":[\"https:\/\/www.legislapp.com.br\/index.php\/avulso-inicial-pl-2831-2011-camara\/\"]}]},{\"@type\":\"ImageObject\",\"inLanguage\":\"pt-BR\",\"@id\":\"https:\/\/www.legislapp.com.br\/index.php\/avulso-inicial-pl-2831-2011-camara\/#primaryimage\",\"url\":\"https:\/\/www.legislapp.com.br\/wp-content\/uploads\/2021\/07\/Logo-Legislapp-1-03-1.png\",\"contentUrl\":\"https:\/\/www.legislapp.com.br\/wp-content\/uploads\/2021\/07\/Logo-Legislapp-1-03-1.png\",\"width\":2679,\"height\":2697},{\"@type\":\"BreadcrumbList\",\"@id\":\"https:\/\/www.legislapp.com.br\/index.php\/avulso-inicial-pl-2831-2011-camara\/#breadcrumb\",\"itemListElement\":[{\"@type\":\"ListItem\",\"position\":1,\"name\":\"In\u00edcio\",\"item\":\"https:\/\/www.legislapp.com.br\/\"},{\"@type\":\"ListItem\",\"position\":2,\"name\":\"Avulso Inicial &#8211; PL 2831\/2011 &#8211; C\u00e2mara\"}]},{\"@type\":\"WebSite\",\"@id\":\"https:\/\/www.legislapp.com.br\/#website\",\"url\":\"https:\/\/www.legislapp.com.br\/\",\"name\":\"Legislapp\",\"description\":\"Intelig\u00eancia governamental em tempo real\",\"publisher\":{\"@id\":\"https:\/\/www.legislapp.com.br\/#organization\"},\"potentialAction\":[{\"@type\":\"SearchAction\",\"target\":{\"@type\":\"EntryPoint\",\"urlTemplate\":\"https:\/\/www.legislapp.com.br\/?s={search_term_string}\"},\"query-input\":{\"@type\":\"PropertyValueSpecification\",\"valueRequired\":true,\"valueName\":\"search_term_string\"}}],\"inLanguage\":\"pt-BR\"},{\"@type\":\"Organization\",\"@id\":\"https:\/\/www.legislapp.com.br\/#organization\",\"name\":\"Legislapp Monitoramento e Intelig\u00eancia Governamental\",\"url\":\"https:\/\/www.legislapp.com.br\/\",\"logo\":{\"@type\":\"ImageObject\",\"inLanguage\":\"pt-BR\",\"@id\":\"https:\/\/www.legislapp.com.br\/#\/schema\/logo\/image\/\",\"url\":\"https:\/\/www.legislapp.com.br\/wp-content\/uploads\/icon.png\",\"contentUrl\":\"https:\/\/www.legislapp.com.br\/wp-content\/uploads\/icon.png\",\"width\":1024,\"height\":1024,\"caption\":\"Legislapp Monitoramento e Intelig\u00eancia Governamental\"},\"image\":{\"@id\":\"https:\/\/www.legislapp.com.br\/#\/schema\/logo\/image\/\"},\"sameAs\":[\"https:\/\/www.instagram.com\/legislapp\/\"]}]}<\/script>\n<!-- \/ Yoast SEO plugin. -->","yoast_head_json":{"title":"Avulso Inicial - PL 2831\/2011 - C\u00e2mara - Legislapp","robots":{"index":"index","follow":"follow","max-snippet":"max-snippet:-1","max-image-preview":"max-image-preview:large","max-video-preview":"max-video-preview:-1"},"canonical":"https:\/\/www.legislapp.com.br\/index.php\/avulso-inicial-pl-2831-2011-camara\/","og_locale":"pt_BR","og_type":"article","og_title":"Avulso Inicial - PL 2831\/2011 - C\u00e2mara - Legislapp","og_description":"Avulso Inicial &#8211; Autoria de Alceu Moreira o PROJETO DE LEI N , DE (Do Sr. Alceu Moreira) Disp\u00f5e sobre a cria\u00e7\u00e3o de Zona de Processamento de Exporta\u00e7\u00e3o (ZPE) no Munic\u00edpio de S\u00e3o Jos\u00e9 do Norte, no Estado do Rio Grande do Sul. O Congresso Nacional decreta: Art. 1\u00ba Fica o Poder Executivo autorizado a [&hellip;]","og_url":"https:\/\/www.legislapp.com.br\/index.php\/avulso-inicial-pl-2831-2011-camara\/","og_site_name":"Legislapp","article_publisher":"https:\/\/www.instagram.com\/legislapp\/","og_image":[{"url":"https:\/\/www.legislapp.com.br\/wp-content\/uploads\/2021\/07\/Logo-Legislapp-1-03-1.png","type":"","width":"","height":""}],"twitter_card":"summary_large_image","twitter_misc":{"Est. tempo de leitura":"6 minutos"},"schema":{"@context":"https:\/\/schema.org","@graph":[{"@type":"WebPage","@id":"https:\/\/www.legislapp.com.br\/index.php\/avulso-inicial-pl-2831-2011-camara\/","url":"https:\/\/www.legislapp.com.br\/index.php\/avulso-inicial-pl-2831-2011-camara\/","name":"Avulso Inicial - PL 2831\/2011 - C\u00e2mara - Legislapp","isPartOf":{"@id":"https:\/\/www.legislapp.com.br\/#website"},"primaryImageOfPage":{"@id":"https:\/\/www.legislapp.com.br\/index.php\/avulso-inicial-pl-2831-2011-camara\/#primaryimage"},"image":{"@id":"https:\/\/www.legislapp.com.br\/index.php\/avulso-inicial-pl-2831-2011-camara\/#primaryimage"},"thumbnailUrl":"https:\/\/www.legislapp.com.br\/wp-content\/uploads\/2021\/07\/Logo-Legislapp-1-03-1.png","datePublished":"2025-12-01T14:15:26+00:00","breadcrumb":{"@id":"https:\/\/www.legislapp.com.br\/index.php\/avulso-inicial-pl-2831-2011-camara\/#breadcrumb"},"inLanguage":"pt-BR","potentialAction":[{"@type":"ReadAction","target":["https:\/\/www.legislapp.com.br\/index.php\/avulso-inicial-pl-2831-2011-camara\/"]}]},{"@type":"ImageObject","inLanguage":"pt-BR","@id":"https:\/\/www.legislapp.com.br\/index.php\/avulso-inicial-pl-2831-2011-camara\/#primaryimage","url":"https:\/\/www.legislapp.com.br\/wp-content\/uploads\/2021\/07\/Logo-Legislapp-1-03-1.png","contentUrl":"https:\/\/www.legislapp.com.br\/wp-content\/uploads\/2021\/07\/Logo-Legislapp-1-03-1.png","width":2679,"height":2697},{"@type":"BreadcrumbList","@id":"https:\/\/www.legislapp.com.br\/index.php\/avulso-inicial-pl-2831-2011-camara\/#breadcrumb","itemListElement":[{"@type":"ListItem","position":1,"name":"In\u00edcio","item":"https:\/\/www.legislapp.com.br\/"},{"@type":"ListItem","position":2,"name":"Avulso Inicial &#8211; PL 2831\/2011 &#8211; C\u00e2mara"}]},{"@type":"WebSite","@id":"https:\/\/www.legislapp.com.br\/#website","url":"https:\/\/www.legislapp.com.br\/","name":"Legislapp","description":"Intelig\u00eancia governamental em tempo real","publisher":{"@id":"https:\/\/www.legislapp.com.br\/#organization"},"potentialAction":[{"@type":"SearchAction","target":{"@type":"EntryPoint","urlTemplate":"https:\/\/www.legislapp.com.br\/?s={search_term_string}"},"query-input":{"@type":"PropertyValueSpecification","valueRequired":true,"valueName":"search_term_string"}}],"inLanguage":"pt-BR"},{"@type":"Organization","@id":"https:\/\/www.legislapp.com.br\/#organization","name":"Legislapp Monitoramento e Intelig\u00eancia Governamental","url":"https:\/\/www.legislapp.com.br\/","logo":{"@type":"ImageObject","inLanguage":"pt-BR","@id":"https:\/\/www.legislapp.com.br\/#\/schema\/logo\/image\/","url":"https:\/\/www.legislapp.com.br\/wp-content\/uploads\/icon.png","contentUrl":"https:\/\/www.legislapp.com.br\/wp-content\/uploads\/icon.png","width":1024,"height":1024,"caption":"Legislapp Monitoramento e Intelig\u00eancia Governamental"},"image":{"@id":"https:\/\/www.legislapp.com.br\/#\/schema\/logo\/image\/"},"sameAs":["https:\/\/www.instagram.com\/legislapp\/"]}]}},"_links":{"self":[{"href":"https:\/\/www.legislapp.com.br\/index.php\/wp-json\/wp\/v2\/pages\/10375","targetHints":{"allow":["GET"]}}],"collection":[{"href":"https:\/\/www.legislapp.com.br\/index.php\/wp-json\/wp\/v2\/pages"}],"about":[{"href":"https:\/\/www.legislapp.com.br\/index.php\/wp-json\/wp\/v2\/types\/page"}],"author":[{"embeddable":true,"href":"https:\/\/www.legislapp.com.br\/index.php\/wp-json\/wp\/v2\/users\/1"}],"replies":[{"embeddable":true,"href":"https:\/\/www.legislapp.com.br\/index.php\/wp-json\/wp\/v2\/comments?post=10375"}],"version-history":[{"count":0,"href":"https:\/\/www.legislapp.com.br\/index.php\/wp-json\/wp\/v2\/pages\/10375\/revisions"}],"wp:attachment":[{"href":"https:\/\/www.legislapp.com.br\/index.php\/wp-json\/wp\/v2\/media?parent=10375"}],"curies":[{"name":"wp","href":"https:\/\/api.w.org\/{rel}","templated":true}]}}