{"id":10390,"date":"2025-12-01T11:16:06","date_gmt":"2025-12-01T14:16:06","guid":{"rendered":"https:\/\/www.legislapp.com.br\/index.php\/avulso-inicial-pl-3166-2025-camara\/"},"modified":"2025-12-01T11:16:06","modified_gmt":"2025-12-01T14:16:06","slug":"avulso-inicial-pl-3166-2025-camara","status":"publish","type":"page","link":"https:\/\/www.legislapp.com.br\/index.php\/avulso-inicial-pl-3166-2025-camara\/","title":{"rendered":"Avulso Inicial &#8211; PL 3166\/2025 &#8211; C\u00e2mara"},"content":{"rendered":"<h1 style='text-align: center;'>Avulso Inicial &#8211; Autoria de Nat\u00e1lia Bonavides<\/h3>\n<p><\/p>\n<article>PROJETO DE LEI N\u00ba          , DE 2025<br \/>\n(Da Dep. Nat\u00e1lia Bonavides)<br \/>\nInstitui a Pol\u00edtica Nacional de aten\u00e7\u00e3o \u00e0<br \/>\npessoa com doen\u00e7a de Beh\u00e7et.<br \/>\nO Congresso Nacional decreta:<br \/>\nArt. 1\u00b0 Esta Lei institui a Pol\u00edtica Nacional de Aten\u00e7\u00e3o Integral \u00e0<br \/>\nPessoa com doen\u00e7a de Beh\u00e7et e estabelece diretrizes para sua consecu\u00e7\u00e3o.<br \/>\nArt. 2\u00ba A pessoa diagnosticada com doen\u00e7a de Beh\u00e7et ser\u00e1<br \/>\nlegalmente reconhecida como pessoa com defici\u00eancia, nos termos da<br \/>\nlegisla\u00e7\u00e3o aplic\u00e1vel, fazendo jus aos direitos, garantias e benef\u00edcios previstos<br \/>\nno ordenamento jur\u00eddico para essa condi\u00e7\u00e3o.<br \/>\nArt. 3\u00ba A Pol\u00edtica Nacional de Aten\u00e7\u00e3o Integral \u00e0 Pessoa com<br \/>\nDoen\u00e7a de Beh\u00e7et tem como principais objetivos:<br \/>\nI \u2013 garantir o acesso adequado ao cuidado integral;<br \/>\nII \u2013 a redu\u00e7\u00e3o dos impactos e danos associados \u00e0 doen\u00e7a de<br \/>\nBeh\u00e7et;<br \/>\nIII \u2013 contribuir para a melhoria da qualidade de vida das<br \/>\npessoas diagnosticadas com a doen\u00e7a de Beh\u00e7et;<br \/>\nIV \u2013 reduzir a incapacidade causada pela doen\u00e7a de Beh\u00e7et.<br \/>\n\u00a7 1\u00ba Fazem parte do cuidado integral referido no inciso I do<br \/>\ncaput deste artigo a preven\u00e7\u00e3o, o rastreamento, o diagn\u00f3stico precoce, o<br \/>\ntratamento, o acesso gratuito a todos os medicamentos receitados pelo<br \/>\nprofissional competente, e a reabilita\u00e7\u00e3o do paciente, bem como o apoio<br \/>\npsicol\u00f3gico oferecido a ele e a seus familiares.<br \/>\n\u00a7 2\u00ba Os componentes do cuidado integral, referidos no \u00a7 1\u00ba<br \/>\ndeste artigo, devem ser oferecidos de forma oportuna e gratuita, permitindo a<br \/>\ncontinuidade do cuidado.<br \/>\nPara verificar a assinatura, acesse https:\/\/infoleg-autenticidade-assinatura.camara.leg.br\/CD255585056200<br \/>\nAssinado eletronicamente pelo(a) Dep. Nat\u00e1lia Bonavides<br \/>\nApresenta\u00e7\u00e3o: 01\/07\/2025 17:39:34.050 &#8211; Mesa<br \/>\n*CD255585056200* PL n.3166\/2025<br \/>Art. 4\u00ba A Pol\u00edtica Nacional de Aten\u00e7\u00e3o Integral \u00e0 Pessoa com<br \/>\ndoen\u00e7a de Beh\u00e7et observar\u00e1 as seguintes diretrizes:<br \/>\nI \u2013 a articula\u00e7\u00e3o intersetorial na formula\u00e7\u00e3o e implementa\u00e7\u00e3o<br \/>\nde a\u00e7\u00f5es e pol\u00edticas p\u00fablicas nas \u00e1reas da sa\u00fade, da educa\u00e7\u00e3o e da<br \/>\nassist\u00eancia social;<br \/>\nII \u2013 a promo\u00e7\u00e3o da equidade em todas as fases do<br \/>\ndesenvolvimento humano e em todas as esferas de atua\u00e7\u00e3o, considerando as<br \/>\nnecessidades individuais e os determinantes sociais da sa\u00fade;<br \/>\nIII \u2013 a aten\u00e7\u00e3o integral e humanizada, com garantia de acesso<br \/>\nuniversal e cont\u00ednuo \u00e0 educa\u00e7\u00e3o, \u00e0 sa\u00fade e \u00e0 assist\u00eancia social, assegurando o<br \/>\ndiagn\u00f3stico precoce, o atendimento multiprofissional e o tratamento adequado,<br \/>\ndesde a aten\u00e7\u00e3o prim\u00e1ria at\u00e9 os servi\u00e7os de habilita\u00e7\u00e3o e reabilita\u00e7\u00e3o;<br \/>\nIV \u2013 constru\u00e7\u00e3o e acompanhamento de maneira participativa e<br \/>\nplural;<br \/>\nV \u2013 ado\u00e7\u00e3o de boas pr\u00e1ticas em planejamento, gest\u00e3o,<br \/>\navalia\u00e7\u00e3o e divulga\u00e7\u00e3o da pol\u00edtica p\u00fablica;<br \/>\nVI \u2013 vis\u00e3o permanente de integralidade e interdisciplinaridade;<br \/>\nVII \u2013 apoio \u00e0 aten\u00e7\u00e3o prim\u00e1ria \u00e0 sa\u00fade e capacita\u00e7\u00e3o de todos<br \/>\nos profissionais e servi\u00e7os que a integram;<br \/>\nVIII \u2013 uso da medicina baseada em evid\u00eancias para o<br \/>\nestabelecimento de protocolos de tratamento, farmacol\u00f3gico ou n\u00e3o;<br \/>\nIX \u2013 articula\u00e7\u00e3o com servi\u00e7os e programas j\u00e1 existentes;<br \/>\nX \u2013 garantia do uso de tecnologia em todos os n\u00edveis de a\u00e7\u00e3o,<br \/>\ninclu\u00eddos o diagn\u00f3stico, o tratamento e o acompanhamento do paciente;<br \/>\nXI \u2013 descentraliza\u00e7\u00e3o;<br \/>\nXII \u2013 oferta gratuita de terapia farmacol\u00f3gica.<br \/>\nArt. 5\u00b0 S\u00e3o princ\u00edpios e diretrizes relacionados ao tratamento<br \/>\ndo paciente com diagn\u00f3stico da doen\u00e7a de Beh\u00e7et no \u00e2mbito da Pol\u00edtica<br \/>\nNacional de Aten\u00e7\u00e3o Integral \u00e0 Pessoa com doen\u00e7a de Beh\u00e7et:<br \/>\nPara verificar a assinatura, acesse https:\/\/infoleg-autenticidade-assinatura.camara.leg.br\/CD255585056200<br \/>\nAssinado eletronicamente pelo(a) Dep. Nat\u00e1lia Bonavides<br \/>\nApresenta\u00e7\u00e3o: 01\/07\/2025 17:39:34.050 &#8211; Mesa<br \/>\n*CD255585056200* PL n.3166\/2025<br \/>I \u2013 incorpora\u00e7\u00e3o e uso de tecnologias, consideradas as<br \/>\nrecomenda\u00e7\u00f5es formuladas por \u00f3rg\u00e3os governamentais a partir do processo de<br \/>\navalia\u00e7\u00e3o de tecnologias em sa\u00fade e da avalia\u00e7\u00e3o econ\u00f4mica;<br \/>\nII \u2013 utiliza\u00e7\u00e3o de alternativas terap\u00eauticas mais precisas<br \/>\nmediante indica\u00e7\u00e3o justificada de m\u00e9dico assistente, conforme os protocolos e<br \/>\nas diretrizes do Minist\u00e9rio da Sa\u00fade;<br \/>\nIII \u2013 tratamento oportuno e seguro dos pacientes<br \/>\ndiagnosticados com a doen\u00e7a de Beh\u00e7et o mais pr\u00f3ximo poss\u00edvel ao seu<br \/>\ndomic\u00edlio, observados os crit\u00e9rios de escala e de escopo;<br \/>\nIV \u2013 realiza\u00e7\u00e3o de tratamento dos casos raros ou muito raros<br \/>\nque exijam alto n\u00edvel de especializa\u00e7\u00e3o e maior porte tecnol\u00f3gico em<br \/>\nestabelecimentos de sa\u00fade de refer\u00eancia nacional, garantidas sua<br \/>\nregulamenta\u00e7\u00e3o e regula\u00e7\u00e3o;<br \/>\nV \u2013 elabora\u00e7\u00e3o de diretrizes para garantia de abastecimento de<br \/>\nmedicamentos essenciais, monitoramento dos f\u00e1rmacos e alerta do risco de<br \/>\nfalta de insumos essenciais;<br \/>\nVI \u2013 oferta gratuita aos medicamentos essenciais receitados<br \/>\npara tratamento da doen\u00e7a.<br \/>\nArt. 6\u00b0 O poder p\u00fablico manter\u00e1 Cadastro Nacional de Pessoas<br \/>\ncom Doen\u00e7a de Beh\u00e7et que incluir\u00e1 um sistema de dados com capacidade de<br \/>\nregistro da confirma\u00e7\u00e3o do diagn\u00f3stico, bem como de todo o processo de<br \/>\nassist\u00eancia, de tratamento e de recupera\u00e7\u00e3o, entre outras que permitam a<br \/>\nsupervis\u00e3o eficaz da execu\u00e7\u00e3o desta Pol\u00edtica Nacional.<br \/>\nArt. 7\u00b0 O poder p\u00fablico promover\u00e1 campanhas nacionais de<br \/>\ndivulga\u00e7\u00e3o da doen\u00e7a de Beh\u00e7et, buscando combater o preconceito e garantir<br \/>\no bem estar do portador da doen\u00e7a.<br \/>\nArt. 8\u00b0 Caber\u00e1 ao poder p\u00fablico realizar a orienta\u00e7\u00e3o e a<br \/>\nconscientiza\u00e7\u00e3o dos prestadores de servi\u00e7os de sa\u00fade p\u00fablicos e privados<br \/>\nsobre a doen\u00e7a de Beh\u00e7et, instruindo o profissional sobre os sintomas,<br \/>\ntratamentos e a melhor forma de atendimento.<br \/>\nPara verificar a assinatura, acesse https:\/\/infoleg-autenticidade-assinatura.camara.leg.br\/CD255585056200<br \/>\nAssinado eletronicamente pelo(a) Dep. Nat\u00e1lia Bonavides<br \/>\nApresenta\u00e7\u00e3o: 01\/07\/2025 17:39:34.050 &#8211; Mesa<br \/>\n*CD255585056200* PL n.3166\/2025<br \/>\u00a7 1\u00ba As a\u00e7\u00f5es previstas no caput deste artigo dever\u00e3o ser<br \/>\nexecutadas inclusive no \u00e2mbito da Estrat\u00e9gia Sa\u00fade da Fam\u00edlia e de outras<br \/>\npol\u00edticas p\u00fablicas estruturantes.<br \/>\n\u00a7 2\u00ba A organiza\u00e7\u00e3o de servi\u00e7os, de fluxos e de rotinas e a<br \/>\ncapacita\u00e7\u00e3o dos profissionais de sa\u00fade ser\u00e3o estabelecidas pelos gestores do<br \/>\nSistema \u00danico de Sa\u00fade (SUS).<br \/>\nArt. 9\u00ba O SUS apoiar\u00e1 a pesquisa e o desenvolvimento de<br \/>\ntratamentos e de medicamentos para a doen\u00e7a de Beh\u00e7et em colabora\u00e7\u00e3o com<br \/>\norganismos internacionais e institui\u00e7\u00f5es de pesquisa, inclusive por meio do<br \/>\ncompartilhamento de dados e informa\u00e7\u00f5es, do financiamento \u00e0 pesquisa e do<br \/>\napoio a fundos internacionais de pesquisa e inova\u00e7\u00e3o direcionados ao<br \/>\ndiagn\u00f3stico e ao tratamento dessas enfermidades.<br \/>\nArt. 10. Esta Lei entra em vigor na data de sua publica\u00e7\u00e3o.<br \/>\nJUSTIFICA\u00c7\u00c3O<br \/>\nO presente projeto de lei institui a Pol\u00edtica Nacional de Aten\u00e7\u00e3o Integral \u00e0<br \/>\nPessoa com Doen\u00e7a de Beh\u00e7et, reconhecendo-a como uma condi\u00e7\u00e3o<br \/>\nmultifacetada, cr\u00f4nica e rara, que afeta desde vasos sangu\u00edneos at\u00e9 \u00f3rg\u00e3os<br \/>\nvitais, imp\u00f5e sofrimento f\u00edsico, emocional, social e econ\u00f4mico aos pacientes e<br \/>\nseus familiares. Embora seja uma enfermidade de baixa preval\u00eancia, os<br \/>\nimpactos s\u00e3o profundos, pois acomete principalmente pessoas na faixa et\u00e1ria<br \/>\nde 25 a 40 anos, per\u00edodo produtivo da vida<br \/>\nReconhecer legalmente os diagnosticados com Beh\u00e7et como pessoas<br \/>\ncom defici\u00eancia (art. 2\u00ba) \u00e9 passo essencial para garantir o acesso a direitos<br \/>\nprevistos em lei, tais como prioridade em atendimento, vagas reservadas,<br \/>\nisen\u00e7\u00f5es tribut\u00e1rias e apoio social, promovendo a inclus\u00e3o e mitigando as<br \/>\nbarreiras enfrentadas no cotidiano.<br \/>\nAo estabelecer a aten\u00e7\u00e3o integral (art. 3\u00ba e \u00a7\u00a7), o texto assegura a\u00e7\u00f5es<br \/>\nque v\u00e3o desde a preven\u00e7\u00e3o e rastreamento at\u00e9 o diagn\u00f3stico precoce,<br \/>\ntratamento, reabilita\u00e7\u00e3o e apoio psicol\u00f3gico gratuito, contemplando demandas<br \/>\nPara verificar a assinatura, acesse https:\/\/infoleg-autenticidade-assinatura.camara.leg.br\/CD255585056200<br \/>\nAssinado eletronicamente pelo(a) Dep. Nat\u00e1lia Bonavides<br \/>\nApresenta\u00e7\u00e3o: 01\/07\/2025 17:39:34.050 &#8211; Mesa<br \/>\n*CD255585056200* PL n.3166\/2025<br \/>que se estendem \u00e0 fam\u00edlia. Tais medidas s\u00e3o fundamentais para reduzir<br \/>\nagravos, evitar incapacidades e melhorar a qualidade de vida.<br \/>\nO projeto tamb\u00e9m refor\u00e7a diretrizes robustas de gest\u00e3o, como a<br \/>\narticula\u00e7\u00e3o intersetorial (sa\u00fade, educa\u00e7\u00e3o e assist\u00eancia social), aten\u00e7\u00e3o<br \/>\nhumanizada, pr\u00e1ticas baseadas em evid\u00eancia, regionaliza\u00e7\u00e3o dos servi\u00e7os, uso<br \/>\nde tecnologia e capacita\u00e7\u00e3o de profissionais (arts. 4\u00ba e 5\u00ba). Esse arcabou\u00e7o<br \/>\ngarante que o atendimento seja oportuno, seguro e pr\u00f3ximo da resid\u00eancia do<br \/>\npaciente, com refer\u00eancia para casos de alta complexidade.<br \/>\nA cria\u00e7\u00e3o de um Cadastro Nacional de Pessoas com Doen\u00e7a de Beh\u00e7et<br \/>\n(art. 6\u00ba) permitir\u00e1 monitoramento epidemiol\u00f3gico, gest\u00e3o de estoque de<br \/>\nmedicamentos, avalia\u00e7\u00e3o de efic\u00e1cia da pol\u00edtica e planejamento assertivo com<br \/>\nbase em dados reais. Isso fortalece o SUS como sistema governado por<br \/>\ninforma\u00e7\u00f5es confi\u00e1veis e orientado para resultados.<br \/>\nAl\u00e9m disso, o projeto prev\u00ea campanhas de divulga\u00e7\u00e3o (art. 7\u00ba) e<br \/>\ncapacita\u00e7\u00e3o dos profissionais da Estrat\u00e9gia Sa\u00fade da Fam\u00edlia e demais n\u00edveis<br \/>\ndo SUS (art. 8\u00ba), o que ajuda a reduzir o preconceito, melhora a identifica\u00e7\u00e3o<br \/>\nprecoce dos casos e aperfei\u00e7oa o encaminhamento e o acolhimento dos<br \/>\npacientes.<br \/>\nPor fim, ao apoiar a pesquisa e desenvolvimento de tratamentos e<br \/>\nmedicamentos (art. 9\u00ba), especialmente em parceria com a comunidade<br \/>\ncient\u00edfica nacional e internacional, o Estado estimula a inova\u00e7\u00e3o, sem<br \/>\ndepend\u00eancia exclusiva de tecnologias importadas, promovendo acesso a<br \/>\nterapias mais eficazes.<br \/>\nEm resumo, esta lei responde com firmeza \u00e0 necessidade de amparo \u00e0s<br \/>\npessoas com doen\u00e7a de Beh\u00e7et, promovendo o reconhecimento de seus<br \/>\ndireitos, ampliando o acesso a cuidados de sa\u00fade integrados e de qualidade,<br \/>\nfortalecendo o SUS, combatendo injusti\u00e7as e incentivando avan\u00e7os cient\u00edficos,<br \/>\nem benef\u00edcio direto da popula\u00e7\u00e3o afetada e da sociedade brasileira.<br \/>\nSala das sess\u00f5es, em       de julho de 2025.<br \/>\nPara verificar a assinatura, acesse https:\/\/infoleg-autenticidade-assinatura.camara.leg.br\/CD255585056200<br \/>\nAssinado eletronicamente pelo(a) Dep. Nat\u00e1lia Bonavides<br \/>\nApresenta\u00e7\u00e3o: 01\/07\/2025 17:39:34.050 &#8211; Mesa<br \/>\n*CD255585056200* PL n.3166\/2025<br \/>Deputada Federal NAT\u00c1LIA BONAVIDES<br \/>\nPT\/RN<br \/>\nPara verificar a assinatura, acesse https:\/\/infoleg-autenticidade-assinatura.camara.leg.br\/CD255585056200<br \/>\nAssinado eletronicamente pelo(a) Dep. Nat\u00e1lia Bonavides<br \/>\nApresenta\u00e7\u00e3o: 01\/07\/2025 17:39:34.050 &#8211; Mesa<br \/>\n*CD255585056200* PL n.3166\/2025<\/article>\n<p><a href='https:\/\/app.legislapp.com.br\/#\/busca?termo=Cria\u00e7\u00e3o'>Cria\u00e7\u00e3o<\/a>, <a href='https:\/\/app.legislapp.com.br\/#\/busca?termo=Pol\u00edtica Nacional de aten\u00e7\u00e3o \u00e0 pessoa com doen\u00e7a de Beh\u00e7et'>Pol\u00edtica Nacional de aten\u00e7\u00e3o \u00e0 pessoa com doen\u00e7a de Beh\u00e7et<\/a>, <a href='https:\/\/app.legislapp.com.br\/#\/busca?termo=equipara\u00e7\u00e3o'>equipara\u00e7\u00e3o<\/a>, <a href='https:\/\/app.legislapp.com.br\/#\/busca?termo=pessoa com defici\u00eancia'>pessoa com defici\u00eancia<\/a>, <a href='https:\/\/app.legislapp.com.br\/#\/busca?termo=garantia'>garantia<\/a>, <a href='https:\/\/app.legislapp.com.br\/#\/busca?termo=Direitos do deficiente'>Direitos do deficiente<\/a>, <a href='https:\/\/app.legislapp.com.br\/#\/busca?termo=diretrizes.'>diretrizes.<\/a><\/p>\n<div style=\"text-align: center\">\n      <img decoding=\"async\" style=\"width: 14%;\" src=\"https:\/\/www.legislapp.com.br\/wp-content\/uploads\/2021\/07\/Logo-Legislapp-1-03-1.png\"><br \/>\n      <\/p>\n<div style=\"margin-bottom: 20px;\" class=\"et_pb_button_module_wrapper et_pb_button_5_tb_body_wrapper et_pb_button_alignment_center et_pb_module \">\n         <a class=\"et_pb_button et_pb_button_5_tb_body et_hover_enabled et_pb_bg_layout_dark\" style=\"width: 50%;background-color: black;\" href=\"https:\/\/app.legislapp.com.br\" target=\"_blank\" rel=\"noopener\">Visualizar completo na nossa plataforma (30 dias gr\u00e1tis)<\/a><\/p><\/div>\n<p>      <a href=\"https:\/\/play.google.com\/store\/apps\/details?id=br.com.legislapp\"><img decoding=\"async\" style=\"width: 15%; min-width: 130px;\" src=\"https:\/\/www.legislapp.com.br\/wp-content\/uploads\/google-play.png\"><\/a><br \/>\n      <a href=\"https:\/\/apps.apple.com\/us\/app\/legislapp\/id1568929859\"><img decoding=\"async\" style=\"width: 15%; min-width: 130px\" src=\"https:\/\/www.legislapp.com.br\/wp-content\/uploads\/apple-store.png\"><\/a>\n   <\/div>\n","protected":false},"excerpt":{"rendered":"<p>Avulso Inicial &#8211; Autoria de Nat\u00e1lia Bonavides PROJETO DE LEI N\u00ba , DE 2025 (Da Dep. Nat\u00e1lia Bonavides) Institui a Pol\u00edtica Nacional de aten\u00e7\u00e3o \u00e0 pessoa com doen\u00e7a de Beh\u00e7et. O Congresso Nacional decreta: Art. 1\u00b0 Esta Lei institui a Pol\u00edtica Nacional de Aten\u00e7\u00e3o Integral \u00e0 Pessoa com doen\u00e7a de Beh\u00e7et e estabelece diretrizes para [&hellip;]<\/p>\n","protected":false},"author":1,"featured_media":0,"parent":0,"menu_order":0,"comment_status":"closed","ping_status":"closed","template":"page-template-blank.php","meta":{"_et_pb_use_builder":"","_et_pb_old_content":"","_et_gb_content_width":"1080","ngg_post_thumbnail":0,"footnotes":""},"class_list":["post-10390","page","type-page","status-publish","hentry"],"yoast_head":"<!-- This site is optimized with the Yoast SEO plugin v24.4 - https:\/\/yoast.com\/wordpress\/plugins\/seo\/ -->\n<title>Avulso Inicial - PL 3166\/2025 - C\u00e2mara - Legislapp<\/title>\n<meta name=\"robots\" content=\"index, follow, max-snippet:-1, max-image-preview:large, max-video-preview:-1\" \/>\n<link rel=\"canonical\" href=\"https:\/\/www.legislapp.com.br\/index.php\/avulso-inicial-pl-3166-2025-camara\/\" \/>\n<meta property=\"og:locale\" content=\"pt_BR\" \/>\n<meta property=\"og:type\" content=\"article\" \/>\n<meta property=\"og:title\" content=\"Avulso Inicial - PL 3166\/2025 - C\u00e2mara - Legislapp\" \/>\n<meta property=\"og:description\" content=\"Avulso Inicial &#8211; Autoria de Nat\u00e1lia Bonavides PROJETO DE LEI N\u00ba , DE 2025 (Da Dep. Nat\u00e1lia Bonavides) Institui a Pol\u00edtica Nacional de aten\u00e7\u00e3o \u00e0 pessoa com doen\u00e7a de Beh\u00e7et. O Congresso Nacional decreta: Art. 1\u00b0 Esta Lei institui a Pol\u00edtica Nacional de Aten\u00e7\u00e3o Integral \u00e0 Pessoa com doen\u00e7a de Beh\u00e7et e estabelece diretrizes para [&hellip;]\" \/>\n<meta property=\"og:url\" content=\"https:\/\/www.legislapp.com.br\/index.php\/avulso-inicial-pl-3166-2025-camara\/\" \/>\n<meta property=\"og:site_name\" content=\"Legislapp\" \/>\n<meta property=\"article:publisher\" content=\"https:\/\/www.instagram.com\/legislapp\/\" \/>\n<meta property=\"og:image\" content=\"https:\/\/www.legislapp.com.br\/wp-content\/uploads\/2021\/07\/Logo-Legislapp-1-03-1.png\" \/>\n<meta name=\"twitter:card\" content=\"summary_large_image\" \/>\n<meta name=\"twitter:label1\" content=\"Est. tempo de leitura\" \/>\n\t<meta name=\"twitter:data1\" content=\"8 minutos\" \/>\n<script type=\"application\/ld+json\" class=\"yoast-schema-graph\">{\"@context\":\"https:\/\/schema.org\",\"@graph\":[{\"@type\":\"WebPage\",\"@id\":\"https:\/\/www.legislapp.com.br\/index.php\/avulso-inicial-pl-3166-2025-camara\/\",\"url\":\"https:\/\/www.legislapp.com.br\/index.php\/avulso-inicial-pl-3166-2025-camara\/\",\"name\":\"Avulso Inicial - PL 3166\/2025 - C\u00e2mara - Legislapp\",\"isPartOf\":{\"@id\":\"https:\/\/www.legislapp.com.br\/#website\"},\"primaryImageOfPage\":{\"@id\":\"https:\/\/www.legislapp.com.br\/index.php\/avulso-inicial-pl-3166-2025-camara\/#primaryimage\"},\"image\":{\"@id\":\"https:\/\/www.legislapp.com.br\/index.php\/avulso-inicial-pl-3166-2025-camara\/#primaryimage\"},\"thumbnailUrl\":\"https:\/\/www.legislapp.com.br\/wp-content\/uploads\/2021\/07\/Logo-Legislapp-1-03-1.png\",\"datePublished\":\"2025-12-01T14:16:06+00:00\",\"breadcrumb\":{\"@id\":\"https:\/\/www.legislapp.com.br\/index.php\/avulso-inicial-pl-3166-2025-camara\/#breadcrumb\"},\"inLanguage\":\"pt-BR\",\"potentialAction\":[{\"@type\":\"ReadAction\",\"target\":[\"https:\/\/www.legislapp.com.br\/index.php\/avulso-inicial-pl-3166-2025-camara\/\"]}]},{\"@type\":\"ImageObject\",\"inLanguage\":\"pt-BR\",\"@id\":\"https:\/\/www.legislapp.com.br\/index.php\/avulso-inicial-pl-3166-2025-camara\/#primaryimage\",\"url\":\"https:\/\/www.legislapp.com.br\/wp-content\/uploads\/2021\/07\/Logo-Legislapp-1-03-1.png\",\"contentUrl\":\"https:\/\/www.legislapp.com.br\/wp-content\/uploads\/2021\/07\/Logo-Legislapp-1-03-1.png\",\"width\":2679,\"height\":2697},{\"@type\":\"BreadcrumbList\",\"@id\":\"https:\/\/www.legislapp.com.br\/index.php\/avulso-inicial-pl-3166-2025-camara\/#breadcrumb\",\"itemListElement\":[{\"@type\":\"ListItem\",\"position\":1,\"name\":\"In\u00edcio\",\"item\":\"https:\/\/www.legislapp.com.br\/\"},{\"@type\":\"ListItem\",\"position\":2,\"name\":\"Avulso Inicial &#8211; PL 3166\/2025 &#8211; C\u00e2mara\"}]},{\"@type\":\"WebSite\",\"@id\":\"https:\/\/www.legislapp.com.br\/#website\",\"url\":\"https:\/\/www.legislapp.com.br\/\",\"name\":\"Legislapp\",\"description\":\"Intelig\u00eancia governamental em tempo real\",\"publisher\":{\"@id\":\"https:\/\/www.legislapp.com.br\/#organization\"},\"potentialAction\":[{\"@type\":\"SearchAction\",\"target\":{\"@type\":\"EntryPoint\",\"urlTemplate\":\"https:\/\/www.legislapp.com.br\/?s={search_term_string}\"},\"query-input\":{\"@type\":\"PropertyValueSpecification\",\"valueRequired\":true,\"valueName\":\"search_term_string\"}}],\"inLanguage\":\"pt-BR\"},{\"@type\":\"Organization\",\"@id\":\"https:\/\/www.legislapp.com.br\/#organization\",\"name\":\"Legislapp Monitoramento e Intelig\u00eancia Governamental\",\"url\":\"https:\/\/www.legislapp.com.br\/\",\"logo\":{\"@type\":\"ImageObject\",\"inLanguage\":\"pt-BR\",\"@id\":\"https:\/\/www.legislapp.com.br\/#\/schema\/logo\/image\/\",\"url\":\"https:\/\/www.legislapp.com.br\/wp-content\/uploads\/icon.png\",\"contentUrl\":\"https:\/\/www.legislapp.com.br\/wp-content\/uploads\/icon.png\",\"width\":1024,\"height\":1024,\"caption\":\"Legislapp Monitoramento e Intelig\u00eancia Governamental\"},\"image\":{\"@id\":\"https:\/\/www.legislapp.com.br\/#\/schema\/logo\/image\/\"},\"sameAs\":[\"https:\/\/www.instagram.com\/legislapp\/\"]}]}<\/script>\n<!-- \/ Yoast SEO plugin. -->","yoast_head_json":{"title":"Avulso Inicial - PL 3166\/2025 - C\u00e2mara - Legislapp","robots":{"index":"index","follow":"follow","max-snippet":"max-snippet:-1","max-image-preview":"max-image-preview:large","max-video-preview":"max-video-preview:-1"},"canonical":"https:\/\/www.legislapp.com.br\/index.php\/avulso-inicial-pl-3166-2025-camara\/","og_locale":"pt_BR","og_type":"article","og_title":"Avulso Inicial - PL 3166\/2025 - C\u00e2mara - Legislapp","og_description":"Avulso Inicial &#8211; Autoria de Nat\u00e1lia Bonavides PROJETO DE LEI N\u00ba , DE 2025 (Da Dep. Nat\u00e1lia Bonavides) Institui a Pol\u00edtica Nacional de aten\u00e7\u00e3o \u00e0 pessoa com doen\u00e7a de Beh\u00e7et. O Congresso Nacional decreta: Art. 1\u00b0 Esta Lei institui a Pol\u00edtica Nacional de Aten\u00e7\u00e3o Integral \u00e0 Pessoa com doen\u00e7a de Beh\u00e7et e estabelece diretrizes para [&hellip;]","og_url":"https:\/\/www.legislapp.com.br\/index.php\/avulso-inicial-pl-3166-2025-camara\/","og_site_name":"Legislapp","article_publisher":"https:\/\/www.instagram.com\/legislapp\/","og_image":[{"url":"https:\/\/www.legislapp.com.br\/wp-content\/uploads\/2021\/07\/Logo-Legislapp-1-03-1.png","type":"","width":"","height":""}],"twitter_card":"summary_large_image","twitter_misc":{"Est. tempo de leitura":"8 minutos"},"schema":{"@context":"https:\/\/schema.org","@graph":[{"@type":"WebPage","@id":"https:\/\/www.legislapp.com.br\/index.php\/avulso-inicial-pl-3166-2025-camara\/","url":"https:\/\/www.legislapp.com.br\/index.php\/avulso-inicial-pl-3166-2025-camara\/","name":"Avulso Inicial - PL 3166\/2025 - C\u00e2mara - Legislapp","isPartOf":{"@id":"https:\/\/www.legislapp.com.br\/#website"},"primaryImageOfPage":{"@id":"https:\/\/www.legislapp.com.br\/index.php\/avulso-inicial-pl-3166-2025-camara\/#primaryimage"},"image":{"@id":"https:\/\/www.legislapp.com.br\/index.php\/avulso-inicial-pl-3166-2025-camara\/#primaryimage"},"thumbnailUrl":"https:\/\/www.legislapp.com.br\/wp-content\/uploads\/2021\/07\/Logo-Legislapp-1-03-1.png","datePublished":"2025-12-01T14:16:06+00:00","breadcrumb":{"@id":"https:\/\/www.legislapp.com.br\/index.php\/avulso-inicial-pl-3166-2025-camara\/#breadcrumb"},"inLanguage":"pt-BR","potentialAction":[{"@type":"ReadAction","target":["https:\/\/www.legislapp.com.br\/index.php\/avulso-inicial-pl-3166-2025-camara\/"]}]},{"@type":"ImageObject","inLanguage":"pt-BR","@id":"https:\/\/www.legislapp.com.br\/index.php\/avulso-inicial-pl-3166-2025-camara\/#primaryimage","url":"https:\/\/www.legislapp.com.br\/wp-content\/uploads\/2021\/07\/Logo-Legislapp-1-03-1.png","contentUrl":"https:\/\/www.legislapp.com.br\/wp-content\/uploads\/2021\/07\/Logo-Legislapp-1-03-1.png","width":2679,"height":2697},{"@type":"BreadcrumbList","@id":"https:\/\/www.legislapp.com.br\/index.php\/avulso-inicial-pl-3166-2025-camara\/#breadcrumb","itemListElement":[{"@type":"ListItem","position":1,"name":"In\u00edcio","item":"https:\/\/www.legislapp.com.br\/"},{"@type":"ListItem","position":2,"name":"Avulso Inicial &#8211; PL 3166\/2025 &#8211; C\u00e2mara"}]},{"@type":"WebSite","@id":"https:\/\/www.legislapp.com.br\/#website","url":"https:\/\/www.legislapp.com.br\/","name":"Legislapp","description":"Intelig\u00eancia governamental em tempo real","publisher":{"@id":"https:\/\/www.legislapp.com.br\/#organization"},"potentialAction":[{"@type":"SearchAction","target":{"@type":"EntryPoint","urlTemplate":"https:\/\/www.legislapp.com.br\/?s={search_term_string}"},"query-input":{"@type":"PropertyValueSpecification","valueRequired":true,"valueName":"search_term_string"}}],"inLanguage":"pt-BR"},{"@type":"Organization","@id":"https:\/\/www.legislapp.com.br\/#organization","name":"Legislapp Monitoramento e Intelig\u00eancia Governamental","url":"https:\/\/www.legislapp.com.br\/","logo":{"@type":"ImageObject","inLanguage":"pt-BR","@id":"https:\/\/www.legislapp.com.br\/#\/schema\/logo\/image\/","url":"https:\/\/www.legislapp.com.br\/wp-content\/uploads\/icon.png","contentUrl":"https:\/\/www.legislapp.com.br\/wp-content\/uploads\/icon.png","width":1024,"height":1024,"caption":"Legislapp Monitoramento e Intelig\u00eancia Governamental"},"image":{"@id":"https:\/\/www.legislapp.com.br\/#\/schema\/logo\/image\/"},"sameAs":["https:\/\/www.instagram.com\/legislapp\/"]}]}},"_links":{"self":[{"href":"https:\/\/www.legislapp.com.br\/index.php\/wp-json\/wp\/v2\/pages\/10390","targetHints":{"allow":["GET"]}}],"collection":[{"href":"https:\/\/www.legislapp.com.br\/index.php\/wp-json\/wp\/v2\/pages"}],"about":[{"href":"https:\/\/www.legislapp.com.br\/index.php\/wp-json\/wp\/v2\/types\/page"}],"author":[{"embeddable":true,"href":"https:\/\/www.legislapp.com.br\/index.php\/wp-json\/wp\/v2\/users\/1"}],"replies":[{"embeddable":true,"href":"https:\/\/www.legislapp.com.br\/index.php\/wp-json\/wp\/v2\/comments?post=10390"}],"version-history":[{"count":0,"href":"https:\/\/www.legislapp.com.br\/index.php\/wp-json\/wp\/v2\/pages\/10390\/revisions"}],"wp:attachment":[{"href":"https:\/\/www.legislapp.com.br\/index.php\/wp-json\/wp\/v2\/media?parent=10390"}],"curies":[{"name":"wp","href":"https:\/\/api.w.org\/{rel}","templated":true}]}}