{"id":10409,"date":"2025-12-01T11:16:55","date_gmt":"2025-12-01T14:16:55","guid":{"rendered":"https:\/\/www.legislapp.com.br\/index.php\/avulso-inicial-pl-5404-2025-camara\/"},"modified":"2025-12-01T11:16:55","modified_gmt":"2025-12-01T14:16:55","slug":"avulso-inicial-pl-5404-2025-camara","status":"publish","type":"page","link":"https:\/\/www.legislapp.com.br\/index.php\/avulso-inicial-pl-5404-2025-camara\/","title":{"rendered":"Avulso Inicial &#8211; PL 5404\/2025 &#8211; C\u00e2mara"},"content":{"rendered":"<h1 style='text-align: center;'>Avulso Inicial &#8211; Autoria de Luiz Fernando Vampiro<\/h3>\n<p><\/p>\n<article>PROJETO DE LEI N\u00ba          , DE 2025<br \/>\n(Do Sr. LUIZ FERNANDO VAMPIRO)<br \/>\nTipifica a conduta do indiv\u00edduo que<br \/>\ncontrata outrem para exercer, de forma<br \/>\nilegal, a profiss\u00e3o de m\u00e9dico, dentista ou<br \/>\nfarmac\u00eautico, desde que saiba ou deva<br \/>\nsaber dessa condi\u00e7\u00e3o.<br \/>\nO Congresso Nacional decreta:<br \/>\nArt. 1\u00ba Esta lei altera o Decreto-Lei n\u00ba 2.848, de 7 de dezembro<br \/>\nde 1940 (C\u00f3digo Penal), para tipificar a conduta do indiv\u00edduo que contrata<br \/>\noutrem para exercer, de forma ilegal, a profiss\u00e3o de m\u00e9dico, dentista ou<br \/>\nfarmac\u00eautico, desde que saiba ou deva saber dessa condi\u00e7\u00e3o.<br \/>\nArt. 2\u00ba O art. 282 do Decreto-Lei n\u00ba 2.848, de 7 de dezembro de<br \/>\n1940, passa a vigorar acrescido do seguinte \u00a7 2\u00ba, renumerando-se o atual<br \/>\npar\u00e1grafo \u00fanico para \u00a7 1\u00ba:<br \/>\n\u201cArt. 282. &#8230;&#8230;&#8230;&#8230;&#8230;&#8230;&#8230;&#8230;&#8230;&#8230;&#8230;&#8230;&#8230;&#8230;&#8230;&#8230;&#8230;&#8230;&#8230;&#8230;&#8230;&#8230;&#8230;..<br \/>\n&#8230;&#8230;&#8230;&#8230;&#8230;&#8230;&#8230;&#8230;&#8230;&#8230;&#8230;&#8230;&#8230;&#8230;&#8230;&#8230;&#8230;&#8230;&#8230;&#8230;&#8230;&#8230;&#8230;&#8230;&#8230;&#8230;&#8230;&#8230;&#8230;<br \/>\n\u00a7 1\u00ba &#8230;&#8230;&#8230;&#8230;&#8230;&#8230;&#8230;&#8230;&#8230;&#8230;&#8230;&#8230;&#8230;&#8230;&#8230;&#8230;&#8230;&#8230;&#8230;&#8230;&#8230;&#8230;&#8230;&#8230;&#8230;&#8230;..<br \/>\n\u00a7 2\u00ba Incorre nas mesmas penas quem contrata outrem para<br \/>\nexercer qualquer das profiss\u00f5es descritas no caput sem<br \/>\nautoriza\u00e7\u00e3o legal ou excedendo-lhe os limites, desde que saiba<br \/>\nou deva saber dessa condi\u00e7\u00e3o.\u201d (NR)<br \/>\nArt. 3\u00ba Esta lei entra em vigor na data de sua publica\u00e7\u00e3o.<br \/>\nJUSTIFICA\u00c7\u00c3O<br \/>\nA proposta de acr\u00e9scimo do \u00a7 2\u00ba ao art. 282 do C\u00f3digo Penal<br \/>\nbusca aprimorar esse tipo penal, estendendo a puni\u00e7\u00e3o n\u00e3o apenas a quem<br \/>\nPara verificar a assinatura, acesse https:\/\/infoleg-autenticidade-assinatura.camara.leg.br\/CD256345614000<br \/>\nAssinado eletronicamente pelo(a) Dep. Luiz Fernando Vampiro<br \/>\nApresenta\u00e7\u00e3o: 24\/10\/2025 11:09:54.077 &#8211; Mesa<br \/>\n*CD256345614000* PL n.5404\/2025<br \/>2<br \/>\nexerce atividade profissional sem habilita\u00e7\u00e3o legal, mas tamb\u00e9m \u00e0quele que,<br \/>\nde forma consciente, fomenta ou se beneficia desse exerc\u00edcio irregular.<br \/>\nA medida visa enfrentar um fen\u00f4meno que tem se mostrado<br \/>\nrecorrente e socialmente danoso: a prolifera\u00e7\u00e3o de cl\u00ednicas, consult\u00f3rios e<br \/>\nestabelecimentos que empregam falsos profissionais ou permitem a atua\u00e7\u00e3o de<br \/>\npessoas que n\u00e3o possuem autoriza\u00e7\u00e3o legal para faz\u00ea-lo. Nessas situa\u00e7\u00f5es,<br \/>\nn\u00e3o raramente, a figura do contratante desempenha papel central na<br \/>\nviabiliza\u00e7\u00e3o do il\u00edcito, ao promover a inser\u00e7\u00e3o do agente irregular no mercado e<br \/>\nauferir vantagem econ\u00f4mica com a presta\u00e7\u00e3o de servi\u00e7os potencialmente<br \/>\nlesivos \u00e0 sa\u00fade p\u00fablica.<br \/>\nA proposta se justifica, portanto, pela necessidade de coibir<br \/>\ncondutas de intermedia\u00e7\u00e3o e cumplicidade que, embora n\u00e3o se enquadrem<br \/>\nformalmente na tipifica\u00e7\u00e3o vigente, produzem os mesmos efeitos perniciosos \u00e0<br \/>\ncoletividade.<br \/>\nTrata-se de uma medida que refor\u00e7a a tutela penal da sa\u00fade<br \/>\np\u00fablica e da confian\u00e7a social nas profiss\u00f5es regulamentadas, ao mesmo tempo<br \/>\nem que promove isonomia na aplica\u00e7\u00e3o da lei penal. Na pr\u00e1tica, n\u00e3o h\u00e1 raz\u00e3o<br \/>\npara punir apenas o falso m\u00e9dico, dentista ou farmac\u00eautico, e deixar impune<br \/>\naquele que, por descuido ou interesse econ\u00f4mico, cria as condi\u00e7\u00f5es materiais<br \/>\npara o exerc\u00edcio irregular dessas atividades. A corre\u00e7\u00e3o dessa lacuna, portanto,<br \/>\nrepresenta uma evolu\u00e7\u00e3o necess\u00e1ria do sistema penal diante das novas formas<br \/>\nde organiza\u00e7\u00e3o dos servi\u00e7os de sa\u00fade.<br \/>\nEm raz\u00e3o do exposto, contamos com a colabora\u00e7\u00e3o dos nobres<br \/>\npares para a aprova\u00e7\u00e3o desta proposi\u00e7\u00e3o.<br \/>\nSala das Sess\u00f5es, em        de                     de 2025.<br \/>\nDeputado LUIZ FERNANDO VAMPIRO<br \/>\nPara verificar a assinatura, acesse https:\/\/infoleg-autenticidade-assinatura.camara.leg.br\/CD256345614000<br \/>\nAssinado eletronicamente pelo(a) Dep. Luiz Fernando Vampiro<br \/>\nApresenta\u00e7\u00e3o: 24\/10\/2025 11:09:54.077 &#8211; Mesa<br \/>\n*CD256345614000* PL n.5404\/2025<\/article>\n<p><a href='https:\/\/app.legislapp.com.br\/#\/busca?termo=Altera\u00e7\u00e3o'>Altera\u00e7\u00e3o<\/a>, <a href='https:\/\/app.legislapp.com.br\/#\/busca?termo=C\u00f3digo Penal (1940)'>C\u00f3digo Penal (1940)<\/a>, <a href='https:\/\/app.legislapp.com.br\/#\/busca?termo=crime contra a sa\u00fade p\u00fablica'>crime contra a sa\u00fade p\u00fablica<\/a>, <a href='https:\/\/app.legislapp.com.br\/#\/busca?termo=exerc\u00edcio ilegal da medicina'>exerc\u00edcio ilegal da medicina<\/a>, <a href='https:\/\/app.legislapp.com.br\/#\/busca?termo=exerc\u00edcio ilegal das profiss\u00f5es da \u00e1rea da sa\u00fade'>exerc\u00edcio ilegal das profiss\u00f5es da \u00e1rea da sa\u00fade<\/a>, <a href='https:\/\/app.legislapp.com.br\/#\/busca?termo=exerc\u00edcio ilegal da arte dent\u00e1ria'>exerc\u00edcio ilegal da arte dent\u00e1ria<\/a>, <a href='https:\/\/app.legislapp.com.br\/#\/busca?termo=tipifica\u00e7\u00e3o de conduta'>tipifica\u00e7\u00e3o de conduta<\/a>, <a href='https:\/\/app.legislapp.com.br\/#\/busca?termo=contratante'>contratante<\/a>, <a href='https:\/\/app.legislapp.com.br\/#\/busca?termo=contrata\u00e7\u00e3o'>contrata\u00e7\u00e3o<\/a>, <a href='https:\/\/app.legislapp.com.br\/#\/busca?termo=profissional'>profissional<\/a>, <a href='https:\/\/app.legislapp.com.br\/#\/busca?termo=exerc\u00edcio ilegal da profiss\u00e3o.'>exerc\u00edcio ilegal da profiss\u00e3o.<\/a><\/p>\n<div style=\"text-align: center\">\n      <img decoding=\"async\" style=\"width: 14%;\" src=\"https:\/\/www.legislapp.com.br\/wp-content\/uploads\/2021\/07\/Logo-Legislapp-1-03-1.png\"><br \/>\n      <\/p>\n<div style=\"margin-bottom: 20px;\" class=\"et_pb_button_module_wrapper et_pb_button_5_tb_body_wrapper et_pb_button_alignment_center et_pb_module \">\n         <a class=\"et_pb_button et_pb_button_5_tb_body et_hover_enabled et_pb_bg_layout_dark\" style=\"width: 50%;background-color: black;\" href=\"https:\/\/app.legislapp.com.br\" target=\"_blank\" rel=\"noopener\">Visualizar completo na nossa plataforma (30 dias gr\u00e1tis)<\/a><\/p><\/div>\n<p>      <a href=\"https:\/\/play.google.com\/store\/apps\/details?id=br.com.legislapp\"><img decoding=\"async\" style=\"width: 15%; min-width: 130px;\" src=\"https:\/\/www.legislapp.com.br\/wp-content\/uploads\/google-play.png\"><\/a><br \/>\n      <a href=\"https:\/\/apps.apple.com\/us\/app\/legislapp\/id1568929859\"><img decoding=\"async\" style=\"width: 15%; min-width: 130px\" src=\"https:\/\/www.legislapp.com.br\/wp-content\/uploads\/apple-store.png\"><\/a>\n   <\/div>\n","protected":false},"excerpt":{"rendered":"<p>Avulso Inicial &#8211; Autoria de Luiz Fernando Vampiro PROJETO DE LEI N\u00ba , DE 2025 (Do Sr. LUIZ FERNANDO VAMPIRO) Tipifica a conduta do indiv\u00edduo que contrata outrem para exercer, de forma ilegal, a profiss\u00e3o de m\u00e9dico, dentista ou farmac\u00eautico, desde que saiba ou deva saber dessa condi\u00e7\u00e3o. O Congresso Nacional decreta: Art. 1\u00ba Esta [&hellip;]<\/p>\n","protected":false},"author":1,"featured_media":0,"parent":0,"menu_order":0,"comment_status":"closed","ping_status":"closed","template":"page-template-blank.php","meta":{"_et_pb_use_builder":"","_et_pb_old_content":"","_et_gb_content_width":"1080","ngg_post_thumbnail":0,"footnotes":""},"class_list":["post-10409","page","type-page","status-publish","hentry"],"yoast_head":"<!-- This site is optimized with the Yoast SEO plugin v24.4 - https:\/\/yoast.com\/wordpress\/plugins\/seo\/ -->\n<title>Avulso Inicial - PL 5404\/2025 - C\u00e2mara - Legislapp<\/title>\n<meta name=\"robots\" content=\"index, follow, max-snippet:-1, max-image-preview:large, max-video-preview:-1\" \/>\n<link rel=\"canonical\" href=\"https:\/\/www.legislapp.com.br\/index.php\/avulso-inicial-pl-5404-2025-camara\/\" \/>\n<meta property=\"og:locale\" content=\"pt_BR\" \/>\n<meta property=\"og:type\" content=\"article\" \/>\n<meta property=\"og:title\" content=\"Avulso Inicial - PL 5404\/2025 - C\u00e2mara - Legislapp\" \/>\n<meta property=\"og:description\" content=\"Avulso Inicial &#8211; Autoria de Luiz Fernando Vampiro PROJETO DE LEI N\u00ba , DE 2025 (Do Sr. LUIZ FERNANDO VAMPIRO) Tipifica a conduta do indiv\u00edduo que contrata outrem para exercer, de forma ilegal, a profiss\u00e3o de m\u00e9dico, dentista ou farmac\u00eautico, desde que saiba ou deva saber dessa condi\u00e7\u00e3o. O Congresso Nacional decreta: Art. 1\u00ba Esta [&hellip;]\" \/>\n<meta property=\"og:url\" content=\"https:\/\/www.legislapp.com.br\/index.php\/avulso-inicial-pl-5404-2025-camara\/\" \/>\n<meta property=\"og:site_name\" content=\"Legislapp\" \/>\n<meta property=\"article:publisher\" content=\"https:\/\/www.instagram.com\/legislapp\/\" \/>\n<meta property=\"og:image\" content=\"https:\/\/www.legislapp.com.br\/wp-content\/uploads\/2021\/07\/Logo-Legislapp-1-03-1.png\" \/>\n<meta name=\"twitter:card\" content=\"summary_large_image\" \/>\n<meta name=\"twitter:label1\" content=\"Est. tempo de leitura\" \/>\n\t<meta name=\"twitter:data1\" content=\"3 minutos\" \/>\n<script type=\"application\/ld+json\" class=\"yoast-schema-graph\">{\"@context\":\"https:\/\/schema.org\",\"@graph\":[{\"@type\":\"WebPage\",\"@id\":\"https:\/\/www.legislapp.com.br\/index.php\/avulso-inicial-pl-5404-2025-camara\/\",\"url\":\"https:\/\/www.legislapp.com.br\/index.php\/avulso-inicial-pl-5404-2025-camara\/\",\"name\":\"Avulso Inicial - PL 5404\/2025 - C\u00e2mara - Legislapp\",\"isPartOf\":{\"@id\":\"https:\/\/www.legislapp.com.br\/#website\"},\"primaryImageOfPage\":{\"@id\":\"https:\/\/www.legislapp.com.br\/index.php\/avulso-inicial-pl-5404-2025-camara\/#primaryimage\"},\"image\":{\"@id\":\"https:\/\/www.legislapp.com.br\/index.php\/avulso-inicial-pl-5404-2025-camara\/#primaryimage\"},\"thumbnailUrl\":\"https:\/\/www.legislapp.com.br\/wp-content\/uploads\/2021\/07\/Logo-Legislapp-1-03-1.png\",\"datePublished\":\"2025-12-01T14:16:55+00:00\",\"breadcrumb\":{\"@id\":\"https:\/\/www.legislapp.com.br\/index.php\/avulso-inicial-pl-5404-2025-camara\/#breadcrumb\"},\"inLanguage\":\"pt-BR\",\"potentialAction\":[{\"@type\":\"ReadAction\",\"target\":[\"https:\/\/www.legislapp.com.br\/index.php\/avulso-inicial-pl-5404-2025-camara\/\"]}]},{\"@type\":\"ImageObject\",\"inLanguage\":\"pt-BR\",\"@id\":\"https:\/\/www.legislapp.com.br\/index.php\/avulso-inicial-pl-5404-2025-camara\/#primaryimage\",\"url\":\"https:\/\/www.legislapp.com.br\/wp-content\/uploads\/2021\/07\/Logo-Legislapp-1-03-1.png\",\"contentUrl\":\"https:\/\/www.legislapp.com.br\/wp-content\/uploads\/2021\/07\/Logo-Legislapp-1-03-1.png\",\"width\":2679,\"height\":2697},{\"@type\":\"BreadcrumbList\",\"@id\":\"https:\/\/www.legislapp.com.br\/index.php\/avulso-inicial-pl-5404-2025-camara\/#breadcrumb\",\"itemListElement\":[{\"@type\":\"ListItem\",\"position\":1,\"name\":\"In\u00edcio\",\"item\":\"https:\/\/www.legislapp.com.br\/\"},{\"@type\":\"ListItem\",\"position\":2,\"name\":\"Avulso Inicial &#8211; PL 5404\/2025 &#8211; C\u00e2mara\"}]},{\"@type\":\"WebSite\",\"@id\":\"https:\/\/www.legislapp.com.br\/#website\",\"url\":\"https:\/\/www.legislapp.com.br\/\",\"name\":\"Legislapp\",\"description\":\"Intelig\u00eancia governamental em tempo real\",\"publisher\":{\"@id\":\"https:\/\/www.legislapp.com.br\/#organization\"},\"potentialAction\":[{\"@type\":\"SearchAction\",\"target\":{\"@type\":\"EntryPoint\",\"urlTemplate\":\"https:\/\/www.legislapp.com.br\/?s={search_term_string}\"},\"query-input\":{\"@type\":\"PropertyValueSpecification\",\"valueRequired\":true,\"valueName\":\"search_term_string\"}}],\"inLanguage\":\"pt-BR\"},{\"@type\":\"Organization\",\"@id\":\"https:\/\/www.legislapp.com.br\/#organization\",\"name\":\"Legislapp Monitoramento e Intelig\u00eancia Governamental\",\"url\":\"https:\/\/www.legislapp.com.br\/\",\"logo\":{\"@type\":\"ImageObject\",\"inLanguage\":\"pt-BR\",\"@id\":\"https:\/\/www.legislapp.com.br\/#\/schema\/logo\/image\/\",\"url\":\"https:\/\/www.legislapp.com.br\/wp-content\/uploads\/icon.png\",\"contentUrl\":\"https:\/\/www.legislapp.com.br\/wp-content\/uploads\/icon.png\",\"width\":1024,\"height\":1024,\"caption\":\"Legislapp Monitoramento e Intelig\u00eancia Governamental\"},\"image\":{\"@id\":\"https:\/\/www.legislapp.com.br\/#\/schema\/logo\/image\/\"},\"sameAs\":[\"https:\/\/www.instagram.com\/legislapp\/\"]}]}<\/script>\n<!-- \/ Yoast SEO plugin. -->","yoast_head_json":{"title":"Avulso Inicial - PL 5404\/2025 - C\u00e2mara - Legislapp","robots":{"index":"index","follow":"follow","max-snippet":"max-snippet:-1","max-image-preview":"max-image-preview:large","max-video-preview":"max-video-preview:-1"},"canonical":"https:\/\/www.legislapp.com.br\/index.php\/avulso-inicial-pl-5404-2025-camara\/","og_locale":"pt_BR","og_type":"article","og_title":"Avulso Inicial - PL 5404\/2025 - C\u00e2mara - Legislapp","og_description":"Avulso Inicial &#8211; Autoria de Luiz Fernando Vampiro PROJETO DE LEI N\u00ba , DE 2025 (Do Sr. LUIZ FERNANDO VAMPIRO) Tipifica a conduta do indiv\u00edduo que contrata outrem para exercer, de forma ilegal, a profiss\u00e3o de m\u00e9dico, dentista ou farmac\u00eautico, desde que saiba ou deva saber dessa condi\u00e7\u00e3o. O Congresso Nacional decreta: Art. 1\u00ba Esta [&hellip;]","og_url":"https:\/\/www.legislapp.com.br\/index.php\/avulso-inicial-pl-5404-2025-camara\/","og_site_name":"Legislapp","article_publisher":"https:\/\/www.instagram.com\/legislapp\/","og_image":[{"url":"https:\/\/www.legislapp.com.br\/wp-content\/uploads\/2021\/07\/Logo-Legislapp-1-03-1.png","type":"","width":"","height":""}],"twitter_card":"summary_large_image","twitter_misc":{"Est. tempo de leitura":"3 minutos"},"schema":{"@context":"https:\/\/schema.org","@graph":[{"@type":"WebPage","@id":"https:\/\/www.legislapp.com.br\/index.php\/avulso-inicial-pl-5404-2025-camara\/","url":"https:\/\/www.legislapp.com.br\/index.php\/avulso-inicial-pl-5404-2025-camara\/","name":"Avulso Inicial - PL 5404\/2025 - C\u00e2mara - Legislapp","isPartOf":{"@id":"https:\/\/www.legislapp.com.br\/#website"},"primaryImageOfPage":{"@id":"https:\/\/www.legislapp.com.br\/index.php\/avulso-inicial-pl-5404-2025-camara\/#primaryimage"},"image":{"@id":"https:\/\/www.legislapp.com.br\/index.php\/avulso-inicial-pl-5404-2025-camara\/#primaryimage"},"thumbnailUrl":"https:\/\/www.legislapp.com.br\/wp-content\/uploads\/2021\/07\/Logo-Legislapp-1-03-1.png","datePublished":"2025-12-01T14:16:55+00:00","breadcrumb":{"@id":"https:\/\/www.legislapp.com.br\/index.php\/avulso-inicial-pl-5404-2025-camara\/#breadcrumb"},"inLanguage":"pt-BR","potentialAction":[{"@type":"ReadAction","target":["https:\/\/www.legislapp.com.br\/index.php\/avulso-inicial-pl-5404-2025-camara\/"]}]},{"@type":"ImageObject","inLanguage":"pt-BR","@id":"https:\/\/www.legislapp.com.br\/index.php\/avulso-inicial-pl-5404-2025-camara\/#primaryimage","url":"https:\/\/www.legislapp.com.br\/wp-content\/uploads\/2021\/07\/Logo-Legislapp-1-03-1.png","contentUrl":"https:\/\/www.legislapp.com.br\/wp-content\/uploads\/2021\/07\/Logo-Legislapp-1-03-1.png","width":2679,"height":2697},{"@type":"BreadcrumbList","@id":"https:\/\/www.legislapp.com.br\/index.php\/avulso-inicial-pl-5404-2025-camara\/#breadcrumb","itemListElement":[{"@type":"ListItem","position":1,"name":"In\u00edcio","item":"https:\/\/www.legislapp.com.br\/"},{"@type":"ListItem","position":2,"name":"Avulso Inicial &#8211; PL 5404\/2025 &#8211; C\u00e2mara"}]},{"@type":"WebSite","@id":"https:\/\/www.legislapp.com.br\/#website","url":"https:\/\/www.legislapp.com.br\/","name":"Legislapp","description":"Intelig\u00eancia governamental em tempo real","publisher":{"@id":"https:\/\/www.legislapp.com.br\/#organization"},"potentialAction":[{"@type":"SearchAction","target":{"@type":"EntryPoint","urlTemplate":"https:\/\/www.legislapp.com.br\/?s={search_term_string}"},"query-input":{"@type":"PropertyValueSpecification","valueRequired":true,"valueName":"search_term_string"}}],"inLanguage":"pt-BR"},{"@type":"Organization","@id":"https:\/\/www.legislapp.com.br\/#organization","name":"Legislapp Monitoramento e Intelig\u00eancia Governamental","url":"https:\/\/www.legislapp.com.br\/","logo":{"@type":"ImageObject","inLanguage":"pt-BR","@id":"https:\/\/www.legislapp.com.br\/#\/schema\/logo\/image\/","url":"https:\/\/www.legislapp.com.br\/wp-content\/uploads\/icon.png","contentUrl":"https:\/\/www.legislapp.com.br\/wp-content\/uploads\/icon.png","width":1024,"height":1024,"caption":"Legislapp Monitoramento e Intelig\u00eancia Governamental"},"image":{"@id":"https:\/\/www.legislapp.com.br\/#\/schema\/logo\/image\/"},"sameAs":["https:\/\/www.instagram.com\/legislapp\/"]}]}},"_links":{"self":[{"href":"https:\/\/www.legislapp.com.br\/index.php\/wp-json\/wp\/v2\/pages\/10409","targetHints":{"allow":["GET"]}}],"collection":[{"href":"https:\/\/www.legislapp.com.br\/index.php\/wp-json\/wp\/v2\/pages"}],"about":[{"href":"https:\/\/www.legislapp.com.br\/index.php\/wp-json\/wp\/v2\/types\/page"}],"author":[{"embeddable":true,"href":"https:\/\/www.legislapp.com.br\/index.php\/wp-json\/wp\/v2\/users\/1"}],"replies":[{"embeddable":true,"href":"https:\/\/www.legislapp.com.br\/index.php\/wp-json\/wp\/v2\/comments?post=10409"}],"version-history":[{"count":0,"href":"https:\/\/www.legislapp.com.br\/index.php\/wp-json\/wp\/v2\/pages\/10409\/revisions"}],"wp:attachment":[{"href":"https:\/\/www.legislapp.com.br\/index.php\/wp-json\/wp\/v2\/media?parent=10409"}],"curies":[{"name":"wp","href":"https:\/\/api.w.org\/{rel}","templated":true}]}}