{"id":10414,"date":"2025-12-01T11:17:07","date_gmt":"2025-12-01T14:17:07","guid":{"rendered":"https:\/\/www.legislapp.com.br\/index.php\/avulso-inicial-pl-3353-2025-camara\/"},"modified":"2025-12-01T11:17:07","modified_gmt":"2025-12-01T14:17:07","slug":"avulso-inicial-pl-3353-2025-camara","status":"publish","type":"page","link":"https:\/\/www.legislapp.com.br\/index.php\/avulso-inicial-pl-3353-2025-camara\/","title":{"rendered":"Avulso Inicial &#8211; PL 3353\/2025 &#8211; C\u00e2mara"},"content":{"rendered":"<h1 style='text-align: center;'>Avulso Inicial &#8211; Autoria de Pastor Sargento Isid\u00f3rio<\/h3>\n<p><\/p>\n<article>C\u00c2MARA DOS DEPUTADOS<br \/>\nDeputado Federal Pastor Sargento Isid\u00f3rio \u2013 AVANTE\/BA<br \/>\nPROJETO DE LEI n.\u00ba       , DE 2025.<br \/>\n(Do Senhor Sargento Pastor Isid\u00f3rio)<br \/>\nAutoriza o Poder P\u00fablico a cassar o alvar\u00e1 de<br \/>\nfuncionamento de estabelecimentos que<br \/>\ncomercializem combust\u00edveis adulterados,<br \/>\nmediante a constata\u00e7\u00e3o pela autoridade<br \/>\ncompetente.<br \/>\nO CONGRESSO NACIONAL decreta:<br \/>\nArt. 1\u00ba &#8211; Fica o Poder P\u00fablico autorizado a cassa\u00e7\u00e3o do alvar\u00e1 de<br \/>\nfuncionamento de postos de combust\u00edveis que forem flagrados comercializando<br \/>\ncombust\u00edveis adulterados, conforme apura\u00e7\u00e3o e notifica\u00e7\u00e3o formalizada pelos<br \/>\n\u00f3rg\u00e3os competentes.<br \/>\nArt. 2\u00ba &#8211; Para os efeitos desta Lei, considera-se combust\u00edvel adulterado<br \/>\naquele que:<br \/>\nI \u2013 n\u00e3o atende \u00e0s especifica\u00e7\u00f5es definidas pela Ag\u00eancia Nacional do<br \/>\nPetr\u00f3leo, G\u00e1s Natural e Biocombust\u00edveis \u2013 ANP;<br \/>\nII \u2013 apresentar composi\u00e7\u00e3o alterada com subst\u00e2ncias n\u00e3o autorizadas<br \/>\nou em desacordo com os padr\u00f5es t\u00e9cnicos estabelecidos;<br \/>\nIII \u2013 causar danos \u00e0 sa\u00fade p\u00fablica, ao meio ambiente ou ao patrim\u00f4nio<br \/>\ndos consumidores em decorr\u00eancia de sua adultera\u00e7\u00e3o.<br \/>\nArt. 3\u00ba &#8211; A cassa\u00e7\u00e3o do alvar\u00e1 se dar\u00e1 ap\u00f3s processo administrativo<br \/>\nregular, assegurado o contradit\u00f3rio e a ampla defesa, mediante a comprova\u00e7\u00e3o<br \/>\nda infra\u00e7\u00e3o por laudo t\u00e9cnico emitido por \u00f3rg\u00e3o fiscalizador competente.<br \/>\nPara verificar a assinatura, acesse https:\/\/infoleg-autenticidade-assinatura.camara.leg.br\/CD251441007300<br \/>\nAssinado eletronicamente pelo(a) Dep. Pastor Sargento Isid\u00f3rio<br \/>\nApresenta\u00e7\u00e3o: 11\/07\/2025 08:59:33.400 &#8211; Mesa<br \/>\n*CD251441007300* PL n.3353\/2025<br \/>C\u00c2MARA DOS DEPUTADOS<br \/>\nDeputado Federal Pastor Sargento Isid\u00f3rio \u2013 AVANTE\/BA<br \/>\nArt. 4\u00ba &#8211; Verificada a reincid\u00eancia, o estabelecimento e seus s\u00f3cios<br \/>\npoder\u00e3o ser proibidos de obter novo alvar\u00e1 de funcionamento para atividades<br \/>\nsimilares pelo prazo m\u00ednimo de 5 (cinco) anos, em todo o territ\u00f3rio nacional.<br \/>\nArt. 5\u00ba &#8211; O disposto nesta Lei n\u00e3o prejudica a aplica\u00e7\u00e3o de outras<br \/>\nsan\u00e7\u00f5es civis, penais ou administrativas cab\u00edveis, inclusive indeniza\u00e7\u00f5es por<br \/>\ndanos causados a consumidores ou ao meio ambiente.<br \/>\nArt. 6\u00ba &#8211; Esta Lei entra em vigor na data de sua publica\u00e7\u00e3o.<br \/>\nJUSTIFICATIVA<br \/>\nO presente Projeto de Lei visa proteger o consumidor brasileiro, a<br \/>\nsa\u00fade p\u00fablica, o meio ambiente e a ordem econ\u00f4mica contra a nociva pr\u00e1tica<br \/>\nda venda de combust\u00edveis adulterados, infelizmente ainda comum em muitas<br \/>\nregi\u00f5es do pa\u00eds.<br \/>\nPostos que comercializam combust\u00edveis fora das especifica\u00e7\u00f5es legais<br \/>\ncausam graves preju\u00edzos aos ve\u00edculos, aos cidad\u00e3os e ao pr\u00f3prio Estado, pois<br \/>\nal\u00e9m de enganar o consumidor, contribuem para a degrada\u00e7\u00e3o ambiental e<br \/>\nevas\u00e3o de receitas.<br \/>\nMais grave ainda, trata-se de conduta fraudulenta e atentat\u00f3ria \u00e0 f\u00e9<br \/>\np\u00fablica, cuja puni\u00e7\u00e3o deve ser firme e exemplar. N\u00e3o se trata apenas de aplicar<br \/>\nmultas, mas de retirar do mercado os maus empres\u00e1rios, que colocam em risco<br \/>\na vida das pessoas em busca de lucro f\u00e1cil e il\u00edcito.<br \/>\nPara verificar a assinatura, acesse https:\/\/infoleg-autenticidade-assinatura.camara.leg.br\/CD251441007300<br \/>\nAssinado eletronicamente pelo(a) Dep. Pastor Sargento Isid\u00f3rio<br \/>\nApresenta\u00e7\u00e3o: 11\/07\/2025 08:59:33.400 &#8211; Mesa<br \/>\n*CD251441007300* PL n.3353\/2025<br \/>C\u00c2MARA DOS DEPUTADOS<br \/>\nDeputado Federal Pastor Sargento Isid\u00f3rio \u2013 AVANTE\/BA<br \/>\nA cassa\u00e7\u00e3o do alvar\u00e1, prevista nesta proposi\u00e7\u00e3o, n\u00e3o \u00e9 autom\u00e1tica,<br \/>\nmas depender\u00e1 de apura\u00e7\u00e3o t\u00e9cnica e respeito ao devido processo legal. Com<br \/>\nisso, garantimos seguran\u00e7a jur\u00eddica e prote\u00e7\u00e3o \u00e0 sociedade.<br \/>\nImportante frisar que a Ag\u00eancia Nacional do Petr\u00f3leo (ANP) j\u00e1 atua<br \/>\nativamente na fiscaliza\u00e7\u00e3o da qualidade dos combust\u00edveis, mas falta respaldo<br \/>\nnormativo mais r\u00edgido para penaliza\u00e7\u00f5es estruturais aos infratores, como a<br \/>\npr\u00f3pria cassa\u00e7\u00e3o da autoriza\u00e7\u00e3o de funcionamento, que ora propomos.<br \/>\nPor fim, destacamos que a proposta est\u00e1 em conson\u00e2ncia com os<br \/>\nprinc\u00edpios da moralidade administrativa, da defesa do consumidor (art. 5\u00ba,<br \/>\nXXXII, da CF\/88), da prote\u00e7\u00e3o ao meio ambiente (art. 225) e da repress\u00e3o \u00e0<br \/>\nfraude, sendo, portanto, plenamente constitucional e necess\u00e1ria.<br \/>\nDiante do exposto, conto com o apoio dos nobres pares para<br \/>\naprova\u00e7\u00e3o desta relevante iniciativa legislativa.<br \/>\nSala das Sess\u00f5es, em                               de                de  2025.<br \/>\nDEPUTADO PASTOR SARGENTO ISID\u00d3RIO<br \/>\nAVANTE\/BA<br \/>\nPara verificar a assinatura, acesse https:\/\/infoleg-autenticidade-assinatura.camara.leg.br\/CD251441007300<br \/>\nAssinado eletronicamente pelo(a) Dep. Pastor Sargento Isid\u00f3rio<br \/>\nApresenta\u00e7\u00e3o: 11\/07\/2025 08:59:33.400 &#8211; Mesa<br \/>\n*CD251441007300* PL n.3353\/2025<\/article>\n<p><a href='https:\/\/app.legislapp.com.br\/#\/busca?termo='><\/a><\/p>\n<div style=\"text-align: center\">\n      <img decoding=\"async\" style=\"width: 14%;\" src=\"https:\/\/www.legislapp.com.br\/wp-content\/uploads\/2021\/07\/Logo-Legislapp-1-03-1.png\"><br \/>\n      <\/p>\n<div style=\"margin-bottom: 20px;\" class=\"et_pb_button_module_wrapper et_pb_button_5_tb_body_wrapper et_pb_button_alignment_center et_pb_module \">\n         <a class=\"et_pb_button et_pb_button_5_tb_body et_hover_enabled et_pb_bg_layout_dark\" style=\"width: 50%;background-color: black;\" href=\"https:\/\/app.legislapp.com.br\" target=\"_blank\" rel=\"noopener\">Visualizar completo na nossa plataforma (30 dias gr\u00e1tis)<\/a><\/p><\/div>\n<p>      <a href=\"https:\/\/play.google.com\/store\/apps\/details?id=br.com.legislapp\"><img decoding=\"async\" style=\"width: 15%; min-width: 130px;\" src=\"https:\/\/www.legislapp.com.br\/wp-content\/uploads\/google-play.png\"><\/a><br \/>\n      <a href=\"https:\/\/apps.apple.com\/us\/app\/legislapp\/id1568929859\"><img decoding=\"async\" style=\"width: 15%; min-width: 130px\" src=\"https:\/\/www.legislapp.com.br\/wp-content\/uploads\/apple-store.png\"><\/a>\n   <\/div>\n","protected":false},"excerpt":{"rendered":"<p>Avulso Inicial &#8211; Autoria de Pastor Sargento Isid\u00f3rio C\u00c2MARA DOS DEPUTADOS Deputado Federal Pastor Sargento Isid\u00f3rio \u2013 AVANTE\/BA PROJETO DE LEI n.\u00ba , DE 2025. (Do Senhor Sargento Pastor Isid\u00f3rio) Autoriza o Poder P\u00fablico a cassar o alvar\u00e1 de funcionamento de estabelecimentos que comercializem combust\u00edveis adulterados, mediante a constata\u00e7\u00e3o pela autoridade competente. O CONGRESSO NACIONAL [&hellip;]<\/p>\n","protected":false},"author":1,"featured_media":0,"parent":0,"menu_order":0,"comment_status":"closed","ping_status":"closed","template":"page-template-blank.php","meta":{"_et_pb_use_builder":"","_et_pb_old_content":"","_et_gb_content_width":"1080","ngg_post_thumbnail":0,"footnotes":""},"class_list":["post-10414","page","type-page","status-publish","hentry"],"yoast_head":"<!-- This site is optimized with the Yoast SEO plugin v24.4 - https:\/\/yoast.com\/wordpress\/plugins\/seo\/ -->\n<title>Avulso Inicial - PL 3353\/2025 - C\u00e2mara - Legislapp<\/title>\n<meta name=\"robots\" content=\"index, follow, max-snippet:-1, max-image-preview:large, max-video-preview:-1\" \/>\n<link rel=\"canonical\" href=\"https:\/\/www.legislapp.com.br\/index.php\/avulso-inicial-pl-3353-2025-camara\/\" \/>\n<meta property=\"og:locale\" content=\"pt_BR\" \/>\n<meta property=\"og:type\" content=\"article\" \/>\n<meta property=\"og:title\" content=\"Avulso Inicial - PL 3353\/2025 - C\u00e2mara - Legislapp\" \/>\n<meta property=\"og:description\" content=\"Avulso Inicial &#8211; Autoria de Pastor Sargento Isid\u00f3rio C\u00c2MARA DOS DEPUTADOS Deputado Federal Pastor Sargento Isid\u00f3rio \u2013 AVANTE\/BA PROJETO DE LEI n.\u00ba , DE 2025. (Do Senhor Sargento Pastor Isid\u00f3rio) Autoriza o Poder P\u00fablico a cassar o alvar\u00e1 de funcionamento de estabelecimentos que comercializem combust\u00edveis adulterados, mediante a constata\u00e7\u00e3o pela autoridade competente. O CONGRESSO NACIONAL [&hellip;]\" \/>\n<meta property=\"og:url\" content=\"https:\/\/www.legislapp.com.br\/index.php\/avulso-inicial-pl-3353-2025-camara\/\" \/>\n<meta property=\"og:site_name\" content=\"Legislapp\" \/>\n<meta property=\"article:publisher\" content=\"https:\/\/www.instagram.com\/legislapp\/\" \/>\n<meta property=\"og:image\" content=\"https:\/\/www.legislapp.com.br\/wp-content\/uploads\/2021\/07\/Logo-Legislapp-1-03-1.png\" \/>\n<meta name=\"twitter:card\" content=\"summary_large_image\" \/>\n<meta name=\"twitter:label1\" content=\"Est. tempo de leitura\" \/>\n\t<meta name=\"twitter:data1\" content=\"4 minutos\" \/>\n<script type=\"application\/ld+json\" class=\"yoast-schema-graph\">{\"@context\":\"https:\/\/schema.org\",\"@graph\":[{\"@type\":\"WebPage\",\"@id\":\"https:\/\/www.legislapp.com.br\/index.php\/avulso-inicial-pl-3353-2025-camara\/\",\"url\":\"https:\/\/www.legislapp.com.br\/index.php\/avulso-inicial-pl-3353-2025-camara\/\",\"name\":\"Avulso Inicial - PL 3353\/2025 - C\u00e2mara - Legislapp\",\"isPartOf\":{\"@id\":\"https:\/\/www.legislapp.com.br\/#website\"},\"primaryImageOfPage\":{\"@id\":\"https:\/\/www.legislapp.com.br\/index.php\/avulso-inicial-pl-3353-2025-camara\/#primaryimage\"},\"image\":{\"@id\":\"https:\/\/www.legislapp.com.br\/index.php\/avulso-inicial-pl-3353-2025-camara\/#primaryimage\"},\"thumbnailUrl\":\"https:\/\/www.legislapp.com.br\/wp-content\/uploads\/2021\/07\/Logo-Legislapp-1-03-1.png\",\"datePublished\":\"2025-12-01T14:17:07+00:00\",\"breadcrumb\":{\"@id\":\"https:\/\/www.legislapp.com.br\/index.php\/avulso-inicial-pl-3353-2025-camara\/#breadcrumb\"},\"inLanguage\":\"pt-BR\",\"potentialAction\":[{\"@type\":\"ReadAction\",\"target\":[\"https:\/\/www.legislapp.com.br\/index.php\/avulso-inicial-pl-3353-2025-camara\/\"]}]},{\"@type\":\"ImageObject\",\"inLanguage\":\"pt-BR\",\"@id\":\"https:\/\/www.legislapp.com.br\/index.php\/avulso-inicial-pl-3353-2025-camara\/#primaryimage\",\"url\":\"https:\/\/www.legislapp.com.br\/wp-content\/uploads\/2021\/07\/Logo-Legislapp-1-03-1.png\",\"contentUrl\":\"https:\/\/www.legislapp.com.br\/wp-content\/uploads\/2021\/07\/Logo-Legislapp-1-03-1.png\",\"width\":2679,\"height\":2697},{\"@type\":\"BreadcrumbList\",\"@id\":\"https:\/\/www.legislapp.com.br\/index.php\/avulso-inicial-pl-3353-2025-camara\/#breadcrumb\",\"itemListElement\":[{\"@type\":\"ListItem\",\"position\":1,\"name\":\"In\u00edcio\",\"item\":\"https:\/\/www.legislapp.com.br\/\"},{\"@type\":\"ListItem\",\"position\":2,\"name\":\"Avulso Inicial &#8211; PL 3353\/2025 &#8211; C\u00e2mara\"}]},{\"@type\":\"WebSite\",\"@id\":\"https:\/\/www.legislapp.com.br\/#website\",\"url\":\"https:\/\/www.legislapp.com.br\/\",\"name\":\"Legislapp\",\"description\":\"Intelig\u00eancia governamental em tempo real\",\"publisher\":{\"@id\":\"https:\/\/www.legislapp.com.br\/#organization\"},\"potentialAction\":[{\"@type\":\"SearchAction\",\"target\":{\"@type\":\"EntryPoint\",\"urlTemplate\":\"https:\/\/www.legislapp.com.br\/?s={search_term_string}\"},\"query-input\":{\"@type\":\"PropertyValueSpecification\",\"valueRequired\":true,\"valueName\":\"search_term_string\"}}],\"inLanguage\":\"pt-BR\"},{\"@type\":\"Organization\",\"@id\":\"https:\/\/www.legislapp.com.br\/#organization\",\"name\":\"Legislapp Monitoramento e Intelig\u00eancia Governamental\",\"url\":\"https:\/\/www.legislapp.com.br\/\",\"logo\":{\"@type\":\"ImageObject\",\"inLanguage\":\"pt-BR\",\"@id\":\"https:\/\/www.legislapp.com.br\/#\/schema\/logo\/image\/\",\"url\":\"https:\/\/www.legislapp.com.br\/wp-content\/uploads\/icon.png\",\"contentUrl\":\"https:\/\/www.legislapp.com.br\/wp-content\/uploads\/icon.png\",\"width\":1024,\"height\":1024,\"caption\":\"Legislapp Monitoramento e Intelig\u00eancia Governamental\"},\"image\":{\"@id\":\"https:\/\/www.legislapp.com.br\/#\/schema\/logo\/image\/\"},\"sameAs\":[\"https:\/\/www.instagram.com\/legislapp\/\"]}]}<\/script>\n<!-- \/ Yoast SEO plugin. -->","yoast_head_json":{"title":"Avulso Inicial - PL 3353\/2025 - C\u00e2mara - Legislapp","robots":{"index":"index","follow":"follow","max-snippet":"max-snippet:-1","max-image-preview":"max-image-preview:large","max-video-preview":"max-video-preview:-1"},"canonical":"https:\/\/www.legislapp.com.br\/index.php\/avulso-inicial-pl-3353-2025-camara\/","og_locale":"pt_BR","og_type":"article","og_title":"Avulso Inicial - PL 3353\/2025 - C\u00e2mara - Legislapp","og_description":"Avulso Inicial &#8211; Autoria de Pastor Sargento Isid\u00f3rio C\u00c2MARA DOS DEPUTADOS Deputado Federal Pastor Sargento Isid\u00f3rio \u2013 AVANTE\/BA PROJETO DE LEI n.\u00ba , DE 2025. (Do Senhor Sargento Pastor Isid\u00f3rio) Autoriza o Poder P\u00fablico a cassar o alvar\u00e1 de funcionamento de estabelecimentos que comercializem combust\u00edveis adulterados, mediante a constata\u00e7\u00e3o pela autoridade competente. O CONGRESSO NACIONAL [&hellip;]","og_url":"https:\/\/www.legislapp.com.br\/index.php\/avulso-inicial-pl-3353-2025-camara\/","og_site_name":"Legislapp","article_publisher":"https:\/\/www.instagram.com\/legislapp\/","og_image":[{"url":"https:\/\/www.legislapp.com.br\/wp-content\/uploads\/2021\/07\/Logo-Legislapp-1-03-1.png","type":"","width":"","height":""}],"twitter_card":"summary_large_image","twitter_misc":{"Est. tempo de leitura":"4 minutos"},"schema":{"@context":"https:\/\/schema.org","@graph":[{"@type":"WebPage","@id":"https:\/\/www.legislapp.com.br\/index.php\/avulso-inicial-pl-3353-2025-camara\/","url":"https:\/\/www.legislapp.com.br\/index.php\/avulso-inicial-pl-3353-2025-camara\/","name":"Avulso Inicial - PL 3353\/2025 - C\u00e2mara - Legislapp","isPartOf":{"@id":"https:\/\/www.legislapp.com.br\/#website"},"primaryImageOfPage":{"@id":"https:\/\/www.legislapp.com.br\/index.php\/avulso-inicial-pl-3353-2025-camara\/#primaryimage"},"image":{"@id":"https:\/\/www.legislapp.com.br\/index.php\/avulso-inicial-pl-3353-2025-camara\/#primaryimage"},"thumbnailUrl":"https:\/\/www.legislapp.com.br\/wp-content\/uploads\/2021\/07\/Logo-Legislapp-1-03-1.png","datePublished":"2025-12-01T14:17:07+00:00","breadcrumb":{"@id":"https:\/\/www.legislapp.com.br\/index.php\/avulso-inicial-pl-3353-2025-camara\/#breadcrumb"},"inLanguage":"pt-BR","potentialAction":[{"@type":"ReadAction","target":["https:\/\/www.legislapp.com.br\/index.php\/avulso-inicial-pl-3353-2025-camara\/"]}]},{"@type":"ImageObject","inLanguage":"pt-BR","@id":"https:\/\/www.legislapp.com.br\/index.php\/avulso-inicial-pl-3353-2025-camara\/#primaryimage","url":"https:\/\/www.legislapp.com.br\/wp-content\/uploads\/2021\/07\/Logo-Legislapp-1-03-1.png","contentUrl":"https:\/\/www.legislapp.com.br\/wp-content\/uploads\/2021\/07\/Logo-Legislapp-1-03-1.png","width":2679,"height":2697},{"@type":"BreadcrumbList","@id":"https:\/\/www.legislapp.com.br\/index.php\/avulso-inicial-pl-3353-2025-camara\/#breadcrumb","itemListElement":[{"@type":"ListItem","position":1,"name":"In\u00edcio","item":"https:\/\/www.legislapp.com.br\/"},{"@type":"ListItem","position":2,"name":"Avulso Inicial &#8211; PL 3353\/2025 &#8211; C\u00e2mara"}]},{"@type":"WebSite","@id":"https:\/\/www.legislapp.com.br\/#website","url":"https:\/\/www.legislapp.com.br\/","name":"Legislapp","description":"Intelig\u00eancia governamental em tempo real","publisher":{"@id":"https:\/\/www.legislapp.com.br\/#organization"},"potentialAction":[{"@type":"SearchAction","target":{"@type":"EntryPoint","urlTemplate":"https:\/\/www.legislapp.com.br\/?s={search_term_string}"},"query-input":{"@type":"PropertyValueSpecification","valueRequired":true,"valueName":"search_term_string"}}],"inLanguage":"pt-BR"},{"@type":"Organization","@id":"https:\/\/www.legislapp.com.br\/#organization","name":"Legislapp Monitoramento e Intelig\u00eancia Governamental","url":"https:\/\/www.legislapp.com.br\/","logo":{"@type":"ImageObject","inLanguage":"pt-BR","@id":"https:\/\/www.legislapp.com.br\/#\/schema\/logo\/image\/","url":"https:\/\/www.legislapp.com.br\/wp-content\/uploads\/icon.png","contentUrl":"https:\/\/www.legislapp.com.br\/wp-content\/uploads\/icon.png","width":1024,"height":1024,"caption":"Legislapp Monitoramento e Intelig\u00eancia Governamental"},"image":{"@id":"https:\/\/www.legislapp.com.br\/#\/schema\/logo\/image\/"},"sameAs":["https:\/\/www.instagram.com\/legislapp\/"]}]}},"_links":{"self":[{"href":"https:\/\/www.legislapp.com.br\/index.php\/wp-json\/wp\/v2\/pages\/10414","targetHints":{"allow":["GET"]}}],"collection":[{"href":"https:\/\/www.legislapp.com.br\/index.php\/wp-json\/wp\/v2\/pages"}],"about":[{"href":"https:\/\/www.legislapp.com.br\/index.php\/wp-json\/wp\/v2\/types\/page"}],"author":[{"embeddable":true,"href":"https:\/\/www.legislapp.com.br\/index.php\/wp-json\/wp\/v2\/users\/1"}],"replies":[{"embeddable":true,"href":"https:\/\/www.legislapp.com.br\/index.php\/wp-json\/wp\/v2\/comments?post=10414"}],"version-history":[{"count":0,"href":"https:\/\/www.legislapp.com.br\/index.php\/wp-json\/wp\/v2\/pages\/10414\/revisions"}],"wp:attachment":[{"href":"https:\/\/www.legislapp.com.br\/index.php\/wp-json\/wp\/v2\/media?parent=10414"}],"curies":[{"name":"wp","href":"https:\/\/api.w.org\/{rel}","templated":true}]}}