{"id":10418,"date":"2025-12-01T11:17:14","date_gmt":"2025-12-01T14:17:14","guid":{"rendered":"https:\/\/www.legislapp.com.br\/index.php\/avulso-inicial-pl-2842-2025-camara\/"},"modified":"2025-12-01T11:17:14","modified_gmt":"2025-12-01T14:17:14","slug":"avulso-inicial-pl-2842-2025-camara","status":"publish","type":"page","link":"https:\/\/www.legislapp.com.br\/index.php\/avulso-inicial-pl-2842-2025-camara\/","title":{"rendered":"Avulso Inicial &#8211; PL 2842\/2025 &#8211; C\u00e2mara"},"content":{"rendered":"<h1 style='text-align: center;'>Avulso Inicial &#8211; Autoria de Defensor St\u00e9lio Dener<\/h3>\n<p><\/p>\n<article>PROJETO DE LEI N\u00ba          , DE 2025<br \/>\n(Do Sr. DEFENSOR ST\u00c9LIO DENER)<br \/>\nInstitui o Selo Nacional de Origem<br \/>\nInd\u00edgena Sustent\u00e1vel, destinado a identificar<br \/>\ne valorizar produtos originados de<br \/>\ncomunidades ind\u00edgenas, e d\u00e1 outras<br \/>\nprovid\u00eancias.<br \/>\nO Congresso Nacional decreta:<br \/>\nArt. 1\u00ba Fica institu\u00eddo o Selo Nacional de Origem Ind\u00edgena<br \/>\nSustent\u00e1vel, com o objetivo de identificar, valorizar e promover produtos<br \/>\noriginados de comunidades ind\u00edgenas, assegurando sua proced\u00eancia \u00e9tnica e<br \/>\nterritorial.<br \/>\nArt. 2\u00ba O selo ser\u00e1 concedido a produtos agr\u00edcolas,<br \/>\nextrativistas, artesanais e outros bens produzidos por comunidades ind\u00edgenas,<br \/>\ndesde que atendam aos seguintes crit\u00e9rios:<br \/>\nI \u2013 Origem comprovada em territ\u00f3rio ind\u00edgena reconhecido;<br \/>\nII \u2013 Produ\u00e7\u00e3o realizada por membros da comunidade ind\u00edgena;<br \/>\nIII \u2013 Respeito \u00e0s pr\u00e1ticas sustent\u00e1veis e aos conhecimentos<br \/>\ntradicionais;<br \/>\nIV \u2013 Observ\u00e2ncia \u00e0s legisla\u00e7\u00f5es ambiental e indigenista<br \/>\nvigentes.<br \/>\nArt. 3\u00ba A concess\u00e3o do selo ser\u00e1 regulamentada por ato<br \/>\nconjunto dos Minist\u00e9rios dos Povos Ind\u00edgenas e do Desenvolvimento Agr\u00e1rio e<br \/>\nAgricultura Familiar, em parceria com a Funda\u00e7\u00e3o Nacional dos Povos<br \/>\nInd\u00edgenas (Funai).<br \/>\nArt. 4\u00ba Esta Lei entra em vigor na data de sua publica\u00e7\u00e3o.<br \/>\nPara verificar a assinatura, acesse https:\/\/infoleg-autenticidade-assinatura.camara.leg.br\/CD254173247200<br \/>\nAssinado eletronicamente pelo(a) Dep. Defensor St\u00e9lio Dener<br \/>\nApresenta\u00e7\u00e3o: 11\/06\/2025 19:23:06.360 &#8211; Mesa<br \/>\n*CD254173247200* PL n.2842\/2025<br \/>2<br \/>\nJUSTIFICA\u00c7\u00c3O<br \/>\nA cria\u00e7\u00e3o do Selo Nacional de Origem Ind\u00edgena Sustent\u00e1vel<br \/>\nvisa reconhecer e valorizar a produ\u00e7\u00e3o das comunidades ind\u00edgenas,<br \/>\npromovendo sua inser\u00e7\u00e3o nos mercados e contribuindo para a preserva\u00e7\u00e3o de<br \/>\nseus modos de vida e conhecimentos tradicionais. A iniciativa fortalece a<br \/>\nidentidade cultural e econ\u00f4mica dos povos ind\u00edgenas, incentivando pr\u00e1ticas<br \/>\nsustent\u00e1veis e respeitosas ao meio ambiente.<br \/>\nOs povos ind\u00edgenas brasileiros produzem uma grande<br \/>\nvariedade de bens com valor ecol\u00f3gico, cultural e social agregado, como<br \/>\nartesanato, produtos aliment\u00edcios (castanha-do-brasil, mel, frutas nativas),<br \/>\nrem\u00e9dios naturais, cosm\u00e9ticos, tecidos e bebidas fermentadas, entre outros.<br \/>\nNo entanto, a aus\u00eancia de um selo nacional que certifique a<br \/>\norigem ind\u00edgena e sustent\u00e1vel desses produtos dificulta seu acesso ao<br \/>\nmercado formal, tanto no Brasil quanto no exterior. Atualmente, muitos desses<br \/>\nbens circulam de forma informal ou com valor agregado reduzido, o que<br \/>\ncompromete o retorno financeiro \u00e0s comunidades.<br \/>\nA cria\u00e7\u00e3o do Selo Nacional de Origem Ind\u00edgena Sustent\u00e1vel<br \/>\npermitir\u00e1 a identifica\u00e7\u00e3o e valoriza\u00e7\u00e3o dos produtos ind\u00edgenas junto ao<br \/>\nconsumidor, a garantia de autenticidade, origem e respeito \u00e0s pr\u00e1ticas<br \/>\ntradicionais, o est\u00edmulo \u00e0 organiza\u00e7\u00e3o produtiva comunit\u00e1ria e a expans\u00e3o da<br \/>\npresen\u00e7a de produtos ind\u00edgenas em mercados institucionais, feiras, com\u00e9rcio<br \/>\njusto e exporta\u00e7\u00f5es.<br \/>\nA proposta tamb\u00e9m contribui para o cumprimento de acordos<br \/>\ninternacionais assumidos pelo Brasil, como a Conven\u00e7\u00e3o 169 da OIT, ao<br \/>\nfomentar a autonomia econ\u00f4mica dos povos ind\u00edgenas e o uso sustent\u00e1vel de<br \/>\nseus territ\u00f3rios.<br \/>\nAl\u00e9m disso, o selo cria um diferencial competitivo para os<br \/>\nprodutos, alinhando-se \u00e0s tend\u00eancias globais de consumo \u00e9tico, sustent\u00e1vel e<br \/>\nde respeito aos direitos origin\u00e1rios. Essa pol\u00edtica pode servir como ferramenta<br \/>\nde inclus\u00e3o produtiva, empoderamento econ\u00f4mico e preserva\u00e7\u00e3o cultural dos<br \/>\npovos ind\u00edgenas brasileiros.<br \/>\nPara verificar a assinatura, acesse https:\/\/infoleg-autenticidade-assinatura.camara.leg.br\/CD254173247200<br \/>\nAssinado eletronicamente pelo(a) Dep. Defensor St\u00e9lio Dener<br \/>\nApresenta\u00e7\u00e3o: 11\/06\/2025 19:23:06.360 &#8211; Mesa<br \/>\n*CD254173247200* PL n.2842\/2025<br \/>3<br \/>\n\u00c9 inquestion\u00e1vel o interesse p\u00fablico de que essa proposta se<br \/>\nreveste, como forma de incentivar o desenvolvimento econ\u00f4mico nas<br \/>\ncomunidades ind\u00edgenas do pa\u00eds, raz\u00e3o pela qual estamos certos de contar com<br \/>\no apoio de nossos ilustres Pares para a aprova\u00e7\u00e3o do projeto de lei que ora<br \/>\nsubmetemos a esta Casa.<br \/>\nSala das Sess\u00f5es, em        de                     de 2025.<br \/>\nDeputado DEFENSOR ST\u00c9LIO DENER<br \/>\nPara verificar a assinatura, acesse https:\/\/infoleg-autenticidade-assinatura.camara.leg.br\/CD254173247200<br \/>\nAssinado eletronicamente pelo(a) Dep. Defensor St\u00e9lio Dener<br \/>\nApresenta\u00e7\u00e3o: 11\/06\/2025 19:23:06.360 &#8211; Mesa<br \/>\n*CD254173247200* PL n.2842\/2025<\/article>\n<p><a href='https:\/\/app.legislapp.com.br\/#\/busca?termo=Cria\u00e7\u00e3o'>Cria\u00e7\u00e3o<\/a>, <a href='https:\/\/app.legislapp.com.br\/#\/busca?termo=Selo Nacional'>Selo Nacional<\/a>, <a href='https:\/\/app.legislapp.com.br\/#\/busca?termo=proced\u00eancia'>proced\u00eancia<\/a>, <a href='https:\/\/app.legislapp.com.br\/#\/busca?termo=identifica\u00e7\u00e3o'>identifica\u00e7\u00e3o<\/a>, <a href='https:\/\/app.legislapp.com.br\/#\/busca?termo=valoriza\u00e7\u00e3o'>valoriza\u00e7\u00e3o<\/a>, <a href='https:\/\/app.legislapp.com.br\/#\/busca?termo=Bens de consumo'>Bens de consumo<\/a>, <a href='https:\/\/app.legislapp.com.br\/#\/busca?termo=Grupo ind\u00edgena'>Grupo ind\u00edgena<\/a>, <a href='https:\/\/app.legislapp.com.br\/#\/busca?termo=Desenvolvimento econ\u00f4mico'>Desenvolvimento econ\u00f4mico<\/a>, <a href='https:\/\/app.legislapp.com.br\/#\/busca?termo=Atividade econ\u00f4mica.'>Atividade econ\u00f4mica.<\/a><\/p>\n<div style=\"text-align: center\">\n      <img decoding=\"async\" style=\"width: 14%;\" src=\"https:\/\/www.legislapp.com.br\/wp-content\/uploads\/2021\/07\/Logo-Legislapp-1-03-1.png\"><br \/>\n      <\/p>\n<div style=\"margin-bottom: 20px;\" class=\"et_pb_button_module_wrapper et_pb_button_5_tb_body_wrapper et_pb_button_alignment_center et_pb_module \">\n         <a class=\"et_pb_button et_pb_button_5_tb_body et_hover_enabled et_pb_bg_layout_dark\" style=\"width: 50%;background-color: black;\" href=\"https:\/\/app.legislapp.com.br\" target=\"_blank\" rel=\"noopener\">Visualizar completo na nossa plataforma (30 dias gr\u00e1tis)<\/a><\/p><\/div>\n<p>      <a href=\"https:\/\/play.google.com\/store\/apps\/details?id=br.com.legislapp\"><img decoding=\"async\" style=\"width: 15%; min-width: 130px;\" src=\"https:\/\/www.legislapp.com.br\/wp-content\/uploads\/google-play.png\"><\/a><br \/>\n      <a href=\"https:\/\/apps.apple.com\/us\/app\/legislapp\/id1568929859\"><img decoding=\"async\" style=\"width: 15%; min-width: 130px\" src=\"https:\/\/www.legislapp.com.br\/wp-content\/uploads\/apple-store.png\"><\/a>\n   <\/div>\n","protected":false},"excerpt":{"rendered":"<p>Avulso Inicial &#8211; Autoria de Defensor St\u00e9lio Dener PROJETO DE LEI N\u00ba , DE 2025 (Do Sr. DEFENSOR ST\u00c9LIO DENER) Institui o Selo Nacional de Origem Ind\u00edgena Sustent\u00e1vel, destinado a identificar e valorizar produtos originados de comunidades ind\u00edgenas, e d\u00e1 outras provid\u00eancias. O Congresso Nacional decreta: Art. 1\u00ba Fica institu\u00eddo o Selo Nacional de Origem [&hellip;]<\/p>\n","protected":false},"author":1,"featured_media":0,"parent":0,"menu_order":0,"comment_status":"closed","ping_status":"closed","template":"page-template-blank.php","meta":{"_et_pb_use_builder":"","_et_pb_old_content":"","_et_gb_content_width":"1080","ngg_post_thumbnail":0,"footnotes":""},"class_list":["post-10418","page","type-page","status-publish","hentry"],"yoast_head":"<!-- This site is optimized with the Yoast SEO plugin v24.4 - https:\/\/yoast.com\/wordpress\/plugins\/seo\/ -->\n<title>Avulso Inicial - PL 2842\/2025 - C\u00e2mara - Legislapp<\/title>\n<meta name=\"robots\" content=\"index, follow, max-snippet:-1, max-image-preview:large, max-video-preview:-1\" \/>\n<link rel=\"canonical\" href=\"https:\/\/www.legislapp.com.br\/index.php\/avulso-inicial-pl-2842-2025-camara\/\" \/>\n<meta property=\"og:locale\" content=\"pt_BR\" \/>\n<meta property=\"og:type\" content=\"article\" \/>\n<meta property=\"og:title\" content=\"Avulso Inicial - PL 2842\/2025 - C\u00e2mara - Legislapp\" \/>\n<meta property=\"og:description\" content=\"Avulso Inicial &#8211; Autoria de Defensor St\u00e9lio Dener PROJETO DE LEI N\u00ba , DE 2025 (Do Sr. DEFENSOR ST\u00c9LIO DENER) Institui o Selo Nacional de Origem Ind\u00edgena Sustent\u00e1vel, destinado a identificar e valorizar produtos originados de comunidades ind\u00edgenas, e d\u00e1 outras provid\u00eancias. O Congresso Nacional decreta: Art. 1\u00ba Fica institu\u00eddo o Selo Nacional de Origem [&hellip;]\" \/>\n<meta property=\"og:url\" content=\"https:\/\/www.legislapp.com.br\/index.php\/avulso-inicial-pl-2842-2025-camara\/\" \/>\n<meta property=\"og:site_name\" content=\"Legislapp\" \/>\n<meta property=\"article:publisher\" content=\"https:\/\/www.instagram.com\/legislapp\/\" \/>\n<meta property=\"og:image\" content=\"https:\/\/www.legislapp.com.br\/wp-content\/uploads\/2021\/07\/Logo-Legislapp-1-03-1.png\" \/>\n<meta name=\"twitter:card\" content=\"summary_large_image\" \/>\n<meta name=\"twitter:label1\" content=\"Est. tempo de leitura\" \/>\n\t<meta name=\"twitter:data1\" content=\"3 minutos\" \/>\n<script type=\"application\/ld+json\" class=\"yoast-schema-graph\">{\"@context\":\"https:\/\/schema.org\",\"@graph\":[{\"@type\":\"WebPage\",\"@id\":\"https:\/\/www.legislapp.com.br\/index.php\/avulso-inicial-pl-2842-2025-camara\/\",\"url\":\"https:\/\/www.legislapp.com.br\/index.php\/avulso-inicial-pl-2842-2025-camara\/\",\"name\":\"Avulso Inicial - PL 2842\/2025 - C\u00e2mara - Legislapp\",\"isPartOf\":{\"@id\":\"https:\/\/www.legislapp.com.br\/#website\"},\"primaryImageOfPage\":{\"@id\":\"https:\/\/www.legislapp.com.br\/index.php\/avulso-inicial-pl-2842-2025-camara\/#primaryimage\"},\"image\":{\"@id\":\"https:\/\/www.legislapp.com.br\/index.php\/avulso-inicial-pl-2842-2025-camara\/#primaryimage\"},\"thumbnailUrl\":\"https:\/\/www.legislapp.com.br\/wp-content\/uploads\/2021\/07\/Logo-Legislapp-1-03-1.png\",\"datePublished\":\"2025-12-01T14:17:14+00:00\",\"breadcrumb\":{\"@id\":\"https:\/\/www.legislapp.com.br\/index.php\/avulso-inicial-pl-2842-2025-camara\/#breadcrumb\"},\"inLanguage\":\"pt-BR\",\"potentialAction\":[{\"@type\":\"ReadAction\",\"target\":[\"https:\/\/www.legislapp.com.br\/index.php\/avulso-inicial-pl-2842-2025-camara\/\"]}]},{\"@type\":\"ImageObject\",\"inLanguage\":\"pt-BR\",\"@id\":\"https:\/\/www.legislapp.com.br\/index.php\/avulso-inicial-pl-2842-2025-camara\/#primaryimage\",\"url\":\"https:\/\/www.legislapp.com.br\/wp-content\/uploads\/2021\/07\/Logo-Legislapp-1-03-1.png\",\"contentUrl\":\"https:\/\/www.legislapp.com.br\/wp-content\/uploads\/2021\/07\/Logo-Legislapp-1-03-1.png\",\"width\":2679,\"height\":2697},{\"@type\":\"BreadcrumbList\",\"@id\":\"https:\/\/www.legislapp.com.br\/index.php\/avulso-inicial-pl-2842-2025-camara\/#breadcrumb\",\"itemListElement\":[{\"@type\":\"ListItem\",\"position\":1,\"name\":\"In\u00edcio\",\"item\":\"https:\/\/www.legislapp.com.br\/\"},{\"@type\":\"ListItem\",\"position\":2,\"name\":\"Avulso Inicial &#8211; PL 2842\/2025 &#8211; C\u00e2mara\"}]},{\"@type\":\"WebSite\",\"@id\":\"https:\/\/www.legislapp.com.br\/#website\",\"url\":\"https:\/\/www.legislapp.com.br\/\",\"name\":\"Legislapp\",\"description\":\"Intelig\u00eancia governamental em tempo real\",\"publisher\":{\"@id\":\"https:\/\/www.legislapp.com.br\/#organization\"},\"potentialAction\":[{\"@type\":\"SearchAction\",\"target\":{\"@type\":\"EntryPoint\",\"urlTemplate\":\"https:\/\/www.legislapp.com.br\/?s={search_term_string}\"},\"query-input\":{\"@type\":\"PropertyValueSpecification\",\"valueRequired\":true,\"valueName\":\"search_term_string\"}}],\"inLanguage\":\"pt-BR\"},{\"@type\":\"Organization\",\"@id\":\"https:\/\/www.legislapp.com.br\/#organization\",\"name\":\"Legislapp Monitoramento e Intelig\u00eancia Governamental\",\"url\":\"https:\/\/www.legislapp.com.br\/\",\"logo\":{\"@type\":\"ImageObject\",\"inLanguage\":\"pt-BR\",\"@id\":\"https:\/\/www.legislapp.com.br\/#\/schema\/logo\/image\/\",\"url\":\"https:\/\/www.legislapp.com.br\/wp-content\/uploads\/icon.png\",\"contentUrl\":\"https:\/\/www.legislapp.com.br\/wp-content\/uploads\/icon.png\",\"width\":1024,\"height\":1024,\"caption\":\"Legislapp Monitoramento e Intelig\u00eancia Governamental\"},\"image\":{\"@id\":\"https:\/\/www.legislapp.com.br\/#\/schema\/logo\/image\/\"},\"sameAs\":[\"https:\/\/www.instagram.com\/legislapp\/\"]}]}<\/script>\n<!-- \/ Yoast SEO plugin. -->","yoast_head_json":{"title":"Avulso Inicial - PL 2842\/2025 - C\u00e2mara - Legislapp","robots":{"index":"index","follow":"follow","max-snippet":"max-snippet:-1","max-image-preview":"max-image-preview:large","max-video-preview":"max-video-preview:-1"},"canonical":"https:\/\/www.legislapp.com.br\/index.php\/avulso-inicial-pl-2842-2025-camara\/","og_locale":"pt_BR","og_type":"article","og_title":"Avulso Inicial - PL 2842\/2025 - C\u00e2mara - Legislapp","og_description":"Avulso Inicial &#8211; Autoria de Defensor St\u00e9lio Dener PROJETO DE LEI N\u00ba , DE 2025 (Do Sr. DEFENSOR ST\u00c9LIO DENER) Institui o Selo Nacional de Origem Ind\u00edgena Sustent\u00e1vel, destinado a identificar e valorizar produtos originados de comunidades ind\u00edgenas, e d\u00e1 outras provid\u00eancias. O Congresso Nacional decreta: Art. 1\u00ba Fica institu\u00eddo o Selo Nacional de Origem [&hellip;]","og_url":"https:\/\/www.legislapp.com.br\/index.php\/avulso-inicial-pl-2842-2025-camara\/","og_site_name":"Legislapp","article_publisher":"https:\/\/www.instagram.com\/legislapp\/","og_image":[{"url":"https:\/\/www.legislapp.com.br\/wp-content\/uploads\/2021\/07\/Logo-Legislapp-1-03-1.png","type":"","width":"","height":""}],"twitter_card":"summary_large_image","twitter_misc":{"Est. tempo de leitura":"3 minutos"},"schema":{"@context":"https:\/\/schema.org","@graph":[{"@type":"WebPage","@id":"https:\/\/www.legislapp.com.br\/index.php\/avulso-inicial-pl-2842-2025-camara\/","url":"https:\/\/www.legislapp.com.br\/index.php\/avulso-inicial-pl-2842-2025-camara\/","name":"Avulso Inicial - PL 2842\/2025 - C\u00e2mara - Legislapp","isPartOf":{"@id":"https:\/\/www.legislapp.com.br\/#website"},"primaryImageOfPage":{"@id":"https:\/\/www.legislapp.com.br\/index.php\/avulso-inicial-pl-2842-2025-camara\/#primaryimage"},"image":{"@id":"https:\/\/www.legislapp.com.br\/index.php\/avulso-inicial-pl-2842-2025-camara\/#primaryimage"},"thumbnailUrl":"https:\/\/www.legislapp.com.br\/wp-content\/uploads\/2021\/07\/Logo-Legislapp-1-03-1.png","datePublished":"2025-12-01T14:17:14+00:00","breadcrumb":{"@id":"https:\/\/www.legislapp.com.br\/index.php\/avulso-inicial-pl-2842-2025-camara\/#breadcrumb"},"inLanguage":"pt-BR","potentialAction":[{"@type":"ReadAction","target":["https:\/\/www.legislapp.com.br\/index.php\/avulso-inicial-pl-2842-2025-camara\/"]}]},{"@type":"ImageObject","inLanguage":"pt-BR","@id":"https:\/\/www.legislapp.com.br\/index.php\/avulso-inicial-pl-2842-2025-camara\/#primaryimage","url":"https:\/\/www.legislapp.com.br\/wp-content\/uploads\/2021\/07\/Logo-Legislapp-1-03-1.png","contentUrl":"https:\/\/www.legislapp.com.br\/wp-content\/uploads\/2021\/07\/Logo-Legislapp-1-03-1.png","width":2679,"height":2697},{"@type":"BreadcrumbList","@id":"https:\/\/www.legislapp.com.br\/index.php\/avulso-inicial-pl-2842-2025-camara\/#breadcrumb","itemListElement":[{"@type":"ListItem","position":1,"name":"In\u00edcio","item":"https:\/\/www.legislapp.com.br\/"},{"@type":"ListItem","position":2,"name":"Avulso Inicial &#8211; PL 2842\/2025 &#8211; C\u00e2mara"}]},{"@type":"WebSite","@id":"https:\/\/www.legislapp.com.br\/#website","url":"https:\/\/www.legislapp.com.br\/","name":"Legislapp","description":"Intelig\u00eancia governamental em tempo real","publisher":{"@id":"https:\/\/www.legislapp.com.br\/#organization"},"potentialAction":[{"@type":"SearchAction","target":{"@type":"EntryPoint","urlTemplate":"https:\/\/www.legislapp.com.br\/?s={search_term_string}"},"query-input":{"@type":"PropertyValueSpecification","valueRequired":true,"valueName":"search_term_string"}}],"inLanguage":"pt-BR"},{"@type":"Organization","@id":"https:\/\/www.legislapp.com.br\/#organization","name":"Legislapp Monitoramento e Intelig\u00eancia Governamental","url":"https:\/\/www.legislapp.com.br\/","logo":{"@type":"ImageObject","inLanguage":"pt-BR","@id":"https:\/\/www.legislapp.com.br\/#\/schema\/logo\/image\/","url":"https:\/\/www.legislapp.com.br\/wp-content\/uploads\/icon.png","contentUrl":"https:\/\/www.legislapp.com.br\/wp-content\/uploads\/icon.png","width":1024,"height":1024,"caption":"Legislapp Monitoramento e Intelig\u00eancia Governamental"},"image":{"@id":"https:\/\/www.legislapp.com.br\/#\/schema\/logo\/image\/"},"sameAs":["https:\/\/www.instagram.com\/legislapp\/"]}]}},"_links":{"self":[{"href":"https:\/\/www.legislapp.com.br\/index.php\/wp-json\/wp\/v2\/pages\/10418","targetHints":{"allow":["GET"]}}],"collection":[{"href":"https:\/\/www.legislapp.com.br\/index.php\/wp-json\/wp\/v2\/pages"}],"about":[{"href":"https:\/\/www.legislapp.com.br\/index.php\/wp-json\/wp\/v2\/types\/page"}],"author":[{"embeddable":true,"href":"https:\/\/www.legislapp.com.br\/index.php\/wp-json\/wp\/v2\/users\/1"}],"replies":[{"embeddable":true,"href":"https:\/\/www.legislapp.com.br\/index.php\/wp-json\/wp\/v2\/comments?post=10418"}],"version-history":[{"count":0,"href":"https:\/\/www.legislapp.com.br\/index.php\/wp-json\/wp\/v2\/pages\/10418\/revisions"}],"wp:attachment":[{"href":"https:\/\/www.legislapp.com.br\/index.php\/wp-json\/wp\/v2\/media?parent=10418"}],"curies":[{"name":"wp","href":"https:\/\/api.w.org\/{rel}","templated":true}]}}