{"id":10419,"date":"2025-12-01T11:17:18","date_gmt":"2025-12-01T14:17:18","guid":{"rendered":"https:\/\/www.legislapp.com.br\/index.php\/avulso-inicial-pl-3168-2025-camara\/"},"modified":"2025-12-01T11:17:18","modified_gmt":"2025-12-01T14:17:18","slug":"avulso-inicial-pl-3168-2025-camara","status":"publish","type":"page","link":"https:\/\/www.legislapp.com.br\/index.php\/avulso-inicial-pl-3168-2025-camara\/","title":{"rendered":"Avulso Inicial &#8211; PL 3168\/2025 &#8211; C\u00e2mara"},"content":{"rendered":"<h1 style='text-align: center;'>Avulso Inicial &#8211; Autoria de Maur\u00edcio Carvalho<\/h3>\n<p><\/p>\n<article>PROJETO DE LEI N\u00ba ________, DE 2025<br \/>\n(Do Sr. MAUR\u00cdCIO CARVALHO)<br \/>\nAltera a Lei n\u00ba 14.937, de 26 de julho de<br \/>\n2024, que institui a Letra de Cr\u00e9dito do<br \/>\nDesenvolvimento (LCD), para estabelecer o<br \/>\npercentual m\u00ednimo das emiss\u00f5es de LCD do<br \/>\nBNDES que deve ser destinado ao financiamento<br \/>\ndos projetos de infraestrutura na Amaz\u00f4nia Legal.<br \/>\nO Congresso Nacional decreta:<br \/>\nArt. 1\u00ba O art. 4\u00b0 da Lei n\u00ba 14.937, de 26 de julho de 2024, passa a<br \/>\nvigorar acrescido do seguinte par\u00e1grafo \u00fanico:<br \/>\n\u201cArt. 4\u00b0 &#8230;&#8230;&#8230;&#8230;&#8230;&#8230;&#8230;&#8230;&#8230;&#8230;&#8230;&#8230;&#8230;&#8230;&#8230;&#8230;&#8230;&#8230;&#8230;&#8230;&#8230;&#8230;&#8230;&#8230;..<br \/>\n&#8230;&#8230;&#8230;&#8230;&#8230;&#8230;&#8230;&#8230;&#8230;&#8230;&#8230;&#8230;&#8230;&#8230;&#8230;&#8230;&#8230;&#8230;&#8230;&#8230;&#8230;&#8230;&#8230;&#8230;&#8230;&#8230;&#8230;&#8230;..<br \/>\nPar\u00e1grafo \u00fanico. Ao menos 10% (dez por cento) das<br \/>\nemiss\u00f5es de LCD do BNDES devem ser destinadas ao<br \/>\nfinanciamento dos projetos de infraestrutura na Amaz\u00f4nia<br \/>\nLegal que promovam:<br \/>\nI \u2013 expans\u00e3o e moderniza\u00e7\u00e3o da infraestrutura de<br \/>\ntransportes rodovi\u00e1ria, hidrovi\u00e1ria e aeroportu\u00e1ria;<br \/>\nII \u2013 amplia\u00e7\u00e3o da infraestrutura energ\u00e9tica e de<br \/>\ntelecomunica\u00e7\u00f5es;<br \/>\nIII \u2013 saneamento b\u00e1sico e acesso \u00e0 \u00e1gua pot\u00e1vel;<br \/>\nIV \u2013 desenvolvimento sustent\u00e1vel e mitiga\u00e7\u00e3o de impactos<br \/>\nambientais.\u201d (NR)<br \/>\nArt. 2\u00b0 Esta Lei entra em vigor na data de sua publica\u00e7\u00e3o.<br \/>\nPara verificar a assinatura, acesse https:\/\/infoleg-autenticidade-assinatura.camara.leg.br\/CD251267736200<br \/>\nAssinado eletronicamente pelo(a) Dep. Maur\u00edcio Carvalho<br \/>\nApresenta\u00e7\u00e3o: 01\/07\/2025 18:57:22.867 &#8211; Mesa<br \/>\n*CD251267736200* PL n.3168\/2025<br \/>2<br \/>\nJUSTIFICA\u00c7\u00c3O<br \/>\nO Brasil \u00e9 um pa\u00eds de dimens\u00f5es continentais e, por essa raz\u00e3o, possui<br \/>\ngrandes diferen\u00e7as entre suas regi\u00f5es em mais diversos aspectos: clima, relevo,<br \/>\ninfraestrutura, ocupa\u00e7\u00e3o territorial, desenvolvimento socioecon\u00f4mico e tecnol\u00f3gico,<br \/>\nentre muitos outros. A Constitui\u00e7\u00e3o Federal estabeleceu em seu art. 3\u00b0, como um dos<br \/>\nobjetivos fundamentais da Rep\u00fablica Federativa do Brasil, a redu\u00e7\u00e3o das desigualdades<br \/>\nregionais.<br \/>\nUma dimens\u00e3o em que essas disparidades se manifestam de forma<br \/>\nmais acentuada \u00e9 o desenvolvimento da infraestrutura. Enquanto os estados brasileiros<br \/>\nmais desenvolvidos economicamente possuem uma infraestrutura mais robusta e<br \/>\ndiversificada, a Amaz\u00f4nia Legal enfrenta desafios significativos em diversos setores.<br \/>\nNo que se refere \u00e0 infraestrutura de transporte, a vasta extens\u00e3o<br \/>\nterritorial e a densa floresta amaz\u00f4nica representam desafios enormes para a constru\u00e7\u00e3o<br \/>\ne manuten\u00e7\u00e3o de vias de acesso. A forte depend\u00eancia dos transportes fluvial e a\u00e9reo,<br \/>\nfrequentemente marcados por precariedade, limita a conectividade e dificulta o<br \/>\ndesenvolvimento econ\u00f4mico da regi\u00e3o. Al\u00e9m disso, a escassez de infraestrutura de<br \/>\ntelecomunica\u00e7\u00f5es agrava esse cen\u00e1rio, restringindo o acesso \u00e0 informa\u00e7\u00e3o, \u00e0 educa\u00e7\u00e3o e<br \/>\na servi\u00e7os online.<br \/>\nEm rela\u00e7\u00e3o \u00e0 infraestrutura energ\u00e9tica, a Amaz\u00f4nia Legal possui um<br \/>\ngrande potencial hidrel\u00e9trico, mas a distribui\u00e7\u00e3o de energia \u00e9 desafiadora devido \u00e0<br \/>\ndispers\u00e3o da popula\u00e7\u00e3o e \u00e0 falta de infraestrutura de transmiss\u00e3o. Muitas comunidades<br \/>\ndependem de geradores a diesel, com alto custo e impacto ambiental. A expans\u00e3o de<br \/>\nenergias renov\u00e1veis, como a solar, apresenta-se como uma boa alternativa que pode ser<br \/>\nfinanciada com recursos captados pelas Letras de Cr\u00e9dito de Desenvolvimento.<br \/>\nOutrossim, o acesso \u00e0 \u00e1gua pot\u00e1vel e ao saneamento b\u00e1sico \u00e9 prec\u00e1rio<br \/>\nem grande parte da regi\u00e3o, especialmente em \u00e1reas rurais e comunidades ribeirinhas.<br \/>\nEssa situa\u00e7\u00e3o contribui para a prolifera\u00e7\u00e3o de doen\u00e7as e afeta a qualidade de vida da<br \/>\npopula\u00e7\u00e3o.<br \/>\nDada a import\u00e2ncia da Amaz\u00f4nia para a sustentabilidade ambiental do<br \/>\npa\u00eds, \u00e9 fundamental que os projetos de infraestrutura na Amaz\u00f4nia Legal considerem os<br \/>\nimpactos socioambientais, garantindo um equil\u00edbrio entre desenvolvimento econ\u00f4mico e<br \/>\nPara verificar a assinatura, acesse https:\/\/infoleg-autenticidade-assinatura.camara.leg.br\/CD251267736200<br \/>\nAssinado eletronicamente pelo(a) Dep. Maur\u00edcio Carvalho<br \/>\nApresenta\u00e7\u00e3o: 01\/07\/2025 18:57:22.867 &#8211; Mesa<br \/>\n*CD251267736200* PL n.3168\/2025<br \/>3<br \/>\npreserva\u00e7\u00e3o ambiental. Al\u00e9m disso, para que esses projetos tenham um impacto<br \/>\npositivo, \u00e9 essencial assegurar que os benef\u00edcios cheguem \u00e0s popula\u00e7\u00f5es locais. Por<br \/>\nisso, acreditamos que as Letras de Cr\u00e9dito do Desenvolvimento (LCD), novo<br \/>\ninstrumento de capta\u00e7\u00e3o de recursos e criado no ano passado pela Lei n\u00ba 14.937, tem<br \/>\ngrande potencial para financiar projetos de investimento na regi\u00e3o da Amaz\u00f4nia Legal.<br \/>\nTendo em vista a import\u00e2ncia da Floresta Amaz\u00f4nia para o<br \/>\ndesenvolvimento econ\u00f4mico sustent\u00e1vel do nosso pa\u00eds, e visando a redu\u00e7\u00e3o de<br \/>\ndesigualdades regionais, apresentamos este Projeto de Lei que institui um percentual<br \/>\nm\u00ednimo de LCDs que deve ser direcionado aos projetos de investimento em<br \/>\ninfraestrutura na regi\u00e3o. A proposta n\u00e3o afeta as emiss\u00f5es de LCDs por outros bancos<br \/>\nregionais e ag\u00eancias de fomento estaduais, aplicando-se exclusivamente ao BNDES, em<br \/>\nraz\u00e3o de sua atua\u00e7\u00e3o nacional e capacidade de mobiliza\u00e7\u00e3o de recursos para grandes<br \/>\nprojetos de infraestrutura.<br \/>\nDiante do exposto, solicitamos o apoio dos nobres pares para a<br \/>\naprova\u00e7\u00e3o deste Projeto de Lei.<br \/>\nSala das Sess\u00f5es, em 01 de julho de 2025.<br \/>\nDeputado MAUR\u00cdCIO CARVALHO<br \/>\nUNI\u00c3O\/RO<br \/>\nPara verificar a assinatura, acesse https:\/\/infoleg-autenticidade-assinatura.camara.leg.br\/CD251267736200<br \/>\nAssinado eletronicamente pelo(a) Dep. Maur\u00edcio Carvalho<br \/>\nApresenta\u00e7\u00e3o: 01\/07\/2025 18:57:22.867 &#8211; Mesa<br \/>\n*CD251267736200* PL n.3168\/2025<\/article>\n<p><a href='https:\/\/app.legislapp.com.br\/#\/busca?termo=Altera\u00e7\u00e3o'>Altera\u00e7\u00e3o<\/a>, <a href='https:\/\/app.legislapp.com.br\/#\/busca?termo=Lei Federal'>Lei Federal<\/a>, <a href='https:\/\/app.legislapp.com.br\/#\/busca?termo=destina\u00e7\u00e3o'>destina\u00e7\u00e3o<\/a>, <a href='https:\/\/app.legislapp.com.br\/#\/busca?termo=percentual'>percentual<\/a>, <a href='https:\/\/app.legislapp.com.br\/#\/busca?termo=emiss\u00e3o'>emiss\u00e3o<\/a>, <a href='https:\/\/app.legislapp.com.br\/#\/busca?termo=Letra de Cr\u00e9dito do Desenvolvimento (LCD)'>Letra de Cr\u00e9dito do Desenvolvimento (LCD)<\/a>, <a href='https:\/\/app.legislapp.com.br\/#\/busca?termo=Banco Nacional de Desenvolvimento Econ\u00f4mico e Social (BNDES)'>Banco Nacional de Desenvolvimento Econ\u00f4mico e Social (BNDES)<\/a>, <a href='https:\/\/app.legislapp.com.br\/#\/busca?termo=Projeto de infraestrutura'>Projeto de infraestrutura<\/a>, <a href='https:\/\/app.legislapp.com.br\/#\/busca?termo=Amaz\u00f4nia Legal.'>Amaz\u00f4nia Legal.<\/a><\/p>\n<div style=\"text-align: center\">\n      <img decoding=\"async\" style=\"width: 14%;\" src=\"https:\/\/www.legislapp.com.br\/wp-content\/uploads\/2021\/07\/Logo-Legislapp-1-03-1.png\"><br \/>\n      <\/p>\n<div style=\"margin-bottom: 20px;\" class=\"et_pb_button_module_wrapper et_pb_button_5_tb_body_wrapper et_pb_button_alignment_center et_pb_module \">\n         <a class=\"et_pb_button et_pb_button_5_tb_body et_hover_enabled et_pb_bg_layout_dark\" style=\"width: 50%;background-color: black;\" href=\"https:\/\/app.legislapp.com.br\" target=\"_blank\" rel=\"noopener\">Visualizar completo na nossa plataforma (30 dias gr\u00e1tis)<\/a><\/p><\/div>\n<p>      <a href=\"https:\/\/play.google.com\/store\/apps\/details?id=br.com.legislapp\"><img decoding=\"async\" style=\"width: 15%; min-width: 130px;\" src=\"https:\/\/www.legislapp.com.br\/wp-content\/uploads\/google-play.png\"><\/a><br \/>\n      <a href=\"https:\/\/apps.apple.com\/us\/app\/legislapp\/id1568929859\"><img decoding=\"async\" style=\"width: 15%; min-width: 130px\" src=\"https:\/\/www.legislapp.com.br\/wp-content\/uploads\/apple-store.png\"><\/a>\n   <\/div>\n","protected":false},"excerpt":{"rendered":"<p>Avulso Inicial &#8211; Autoria de Maur\u00edcio Carvalho PROJETO DE LEI N\u00ba ________, DE 2025 (Do Sr. MAUR\u00cdCIO CARVALHO) Altera a Lei n\u00ba 14.937, de 26 de julho de 2024, que institui a Letra de Cr\u00e9dito do Desenvolvimento (LCD), para estabelecer o percentual m\u00ednimo das emiss\u00f5es de LCD do BNDES que deve ser destinado ao financiamento [&hellip;]<\/p>\n","protected":false},"author":1,"featured_media":0,"parent":0,"menu_order":0,"comment_status":"closed","ping_status":"closed","template":"page-template-blank.php","meta":{"_et_pb_use_builder":"","_et_pb_old_content":"","_et_gb_content_width":"1080","ngg_post_thumbnail":0,"footnotes":""},"class_list":["post-10419","page","type-page","status-publish","hentry"],"yoast_head":"<!-- This site is optimized with the Yoast SEO plugin v24.4 - https:\/\/yoast.com\/wordpress\/plugins\/seo\/ -->\n<title>Avulso Inicial - PL 3168\/2025 - C\u00e2mara - Legislapp<\/title>\n<meta name=\"robots\" content=\"index, follow, max-snippet:-1, max-image-preview:large, max-video-preview:-1\" \/>\n<link rel=\"canonical\" href=\"https:\/\/www.legislapp.com.br\/index.php\/avulso-inicial-pl-3168-2025-camara\/\" \/>\n<meta property=\"og:locale\" content=\"pt_BR\" \/>\n<meta property=\"og:type\" content=\"article\" \/>\n<meta property=\"og:title\" content=\"Avulso Inicial - PL 3168\/2025 - C\u00e2mara - Legislapp\" \/>\n<meta property=\"og:description\" content=\"Avulso Inicial &#8211; Autoria de Maur\u00edcio Carvalho PROJETO DE LEI N\u00ba ________, DE 2025 (Do Sr. MAUR\u00cdCIO CARVALHO) Altera a Lei n\u00ba 14.937, de 26 de julho de 2024, que institui a Letra de Cr\u00e9dito do Desenvolvimento (LCD), para estabelecer o percentual m\u00ednimo das emiss\u00f5es de LCD do BNDES que deve ser destinado ao financiamento [&hellip;]\" \/>\n<meta property=\"og:url\" content=\"https:\/\/www.legislapp.com.br\/index.php\/avulso-inicial-pl-3168-2025-camara\/\" \/>\n<meta property=\"og:site_name\" content=\"Legislapp\" \/>\n<meta property=\"article:publisher\" content=\"https:\/\/www.instagram.com\/legislapp\/\" \/>\n<meta property=\"og:image\" content=\"https:\/\/www.legislapp.com.br\/wp-content\/uploads\/2021\/07\/Logo-Legislapp-1-03-1.png\" \/>\n<meta name=\"twitter:card\" content=\"summary_large_image\" \/>\n<meta name=\"twitter:label1\" content=\"Est. tempo de leitura\" \/>\n\t<meta name=\"twitter:data1\" content=\"4 minutos\" \/>\n<script type=\"application\/ld+json\" class=\"yoast-schema-graph\">{\"@context\":\"https:\/\/schema.org\",\"@graph\":[{\"@type\":\"WebPage\",\"@id\":\"https:\/\/www.legislapp.com.br\/index.php\/avulso-inicial-pl-3168-2025-camara\/\",\"url\":\"https:\/\/www.legislapp.com.br\/index.php\/avulso-inicial-pl-3168-2025-camara\/\",\"name\":\"Avulso Inicial - PL 3168\/2025 - C\u00e2mara - Legislapp\",\"isPartOf\":{\"@id\":\"https:\/\/www.legislapp.com.br\/#website\"},\"primaryImageOfPage\":{\"@id\":\"https:\/\/www.legislapp.com.br\/index.php\/avulso-inicial-pl-3168-2025-camara\/#primaryimage\"},\"image\":{\"@id\":\"https:\/\/www.legislapp.com.br\/index.php\/avulso-inicial-pl-3168-2025-camara\/#primaryimage\"},\"thumbnailUrl\":\"https:\/\/www.legislapp.com.br\/wp-content\/uploads\/2021\/07\/Logo-Legislapp-1-03-1.png\",\"datePublished\":\"2025-12-01T14:17:18+00:00\",\"breadcrumb\":{\"@id\":\"https:\/\/www.legislapp.com.br\/index.php\/avulso-inicial-pl-3168-2025-camara\/#breadcrumb\"},\"inLanguage\":\"pt-BR\",\"potentialAction\":[{\"@type\":\"ReadAction\",\"target\":[\"https:\/\/www.legislapp.com.br\/index.php\/avulso-inicial-pl-3168-2025-camara\/\"]}]},{\"@type\":\"ImageObject\",\"inLanguage\":\"pt-BR\",\"@id\":\"https:\/\/www.legislapp.com.br\/index.php\/avulso-inicial-pl-3168-2025-camara\/#primaryimage\",\"url\":\"https:\/\/www.legislapp.com.br\/wp-content\/uploads\/2021\/07\/Logo-Legislapp-1-03-1.png\",\"contentUrl\":\"https:\/\/www.legislapp.com.br\/wp-content\/uploads\/2021\/07\/Logo-Legislapp-1-03-1.png\",\"width\":2679,\"height\":2697},{\"@type\":\"BreadcrumbList\",\"@id\":\"https:\/\/www.legislapp.com.br\/index.php\/avulso-inicial-pl-3168-2025-camara\/#breadcrumb\",\"itemListElement\":[{\"@type\":\"ListItem\",\"position\":1,\"name\":\"In\u00edcio\",\"item\":\"https:\/\/www.legislapp.com.br\/\"},{\"@type\":\"ListItem\",\"position\":2,\"name\":\"Avulso Inicial &#8211; PL 3168\/2025 &#8211; C\u00e2mara\"}]},{\"@type\":\"WebSite\",\"@id\":\"https:\/\/www.legislapp.com.br\/#website\",\"url\":\"https:\/\/www.legislapp.com.br\/\",\"name\":\"Legislapp\",\"description\":\"Intelig\u00eancia governamental em tempo real\",\"publisher\":{\"@id\":\"https:\/\/www.legislapp.com.br\/#organization\"},\"potentialAction\":[{\"@type\":\"SearchAction\",\"target\":{\"@type\":\"EntryPoint\",\"urlTemplate\":\"https:\/\/www.legislapp.com.br\/?s={search_term_string}\"},\"query-input\":{\"@type\":\"PropertyValueSpecification\",\"valueRequired\":true,\"valueName\":\"search_term_string\"}}],\"inLanguage\":\"pt-BR\"},{\"@type\":\"Organization\",\"@id\":\"https:\/\/www.legislapp.com.br\/#organization\",\"name\":\"Legislapp Monitoramento e Intelig\u00eancia Governamental\",\"url\":\"https:\/\/www.legislapp.com.br\/\",\"logo\":{\"@type\":\"ImageObject\",\"inLanguage\":\"pt-BR\",\"@id\":\"https:\/\/www.legislapp.com.br\/#\/schema\/logo\/image\/\",\"url\":\"https:\/\/www.legislapp.com.br\/wp-content\/uploads\/icon.png\",\"contentUrl\":\"https:\/\/www.legislapp.com.br\/wp-content\/uploads\/icon.png\",\"width\":1024,\"height\":1024,\"caption\":\"Legislapp Monitoramento e Intelig\u00eancia Governamental\"},\"image\":{\"@id\":\"https:\/\/www.legislapp.com.br\/#\/schema\/logo\/image\/\"},\"sameAs\":[\"https:\/\/www.instagram.com\/legislapp\/\"]}]}<\/script>\n<!-- \/ Yoast SEO plugin. -->","yoast_head_json":{"title":"Avulso Inicial - PL 3168\/2025 - C\u00e2mara - Legislapp","robots":{"index":"index","follow":"follow","max-snippet":"max-snippet:-1","max-image-preview":"max-image-preview:large","max-video-preview":"max-video-preview:-1"},"canonical":"https:\/\/www.legislapp.com.br\/index.php\/avulso-inicial-pl-3168-2025-camara\/","og_locale":"pt_BR","og_type":"article","og_title":"Avulso Inicial - PL 3168\/2025 - C\u00e2mara - Legislapp","og_description":"Avulso Inicial &#8211; Autoria de Maur\u00edcio Carvalho PROJETO DE LEI N\u00ba ________, DE 2025 (Do Sr. MAUR\u00cdCIO CARVALHO) Altera a Lei n\u00ba 14.937, de 26 de julho de 2024, que institui a Letra de Cr\u00e9dito do Desenvolvimento (LCD), para estabelecer o percentual m\u00ednimo das emiss\u00f5es de LCD do BNDES que deve ser destinado ao financiamento [&hellip;]","og_url":"https:\/\/www.legislapp.com.br\/index.php\/avulso-inicial-pl-3168-2025-camara\/","og_site_name":"Legislapp","article_publisher":"https:\/\/www.instagram.com\/legislapp\/","og_image":[{"url":"https:\/\/www.legislapp.com.br\/wp-content\/uploads\/2021\/07\/Logo-Legislapp-1-03-1.png","type":"","width":"","height":""}],"twitter_card":"summary_large_image","twitter_misc":{"Est. tempo de leitura":"4 minutos"},"schema":{"@context":"https:\/\/schema.org","@graph":[{"@type":"WebPage","@id":"https:\/\/www.legislapp.com.br\/index.php\/avulso-inicial-pl-3168-2025-camara\/","url":"https:\/\/www.legislapp.com.br\/index.php\/avulso-inicial-pl-3168-2025-camara\/","name":"Avulso Inicial - PL 3168\/2025 - C\u00e2mara - Legislapp","isPartOf":{"@id":"https:\/\/www.legislapp.com.br\/#website"},"primaryImageOfPage":{"@id":"https:\/\/www.legislapp.com.br\/index.php\/avulso-inicial-pl-3168-2025-camara\/#primaryimage"},"image":{"@id":"https:\/\/www.legislapp.com.br\/index.php\/avulso-inicial-pl-3168-2025-camara\/#primaryimage"},"thumbnailUrl":"https:\/\/www.legislapp.com.br\/wp-content\/uploads\/2021\/07\/Logo-Legislapp-1-03-1.png","datePublished":"2025-12-01T14:17:18+00:00","breadcrumb":{"@id":"https:\/\/www.legislapp.com.br\/index.php\/avulso-inicial-pl-3168-2025-camara\/#breadcrumb"},"inLanguage":"pt-BR","potentialAction":[{"@type":"ReadAction","target":["https:\/\/www.legislapp.com.br\/index.php\/avulso-inicial-pl-3168-2025-camara\/"]}]},{"@type":"ImageObject","inLanguage":"pt-BR","@id":"https:\/\/www.legislapp.com.br\/index.php\/avulso-inicial-pl-3168-2025-camara\/#primaryimage","url":"https:\/\/www.legislapp.com.br\/wp-content\/uploads\/2021\/07\/Logo-Legislapp-1-03-1.png","contentUrl":"https:\/\/www.legislapp.com.br\/wp-content\/uploads\/2021\/07\/Logo-Legislapp-1-03-1.png","width":2679,"height":2697},{"@type":"BreadcrumbList","@id":"https:\/\/www.legislapp.com.br\/index.php\/avulso-inicial-pl-3168-2025-camara\/#breadcrumb","itemListElement":[{"@type":"ListItem","position":1,"name":"In\u00edcio","item":"https:\/\/www.legislapp.com.br\/"},{"@type":"ListItem","position":2,"name":"Avulso Inicial &#8211; PL 3168\/2025 &#8211; C\u00e2mara"}]},{"@type":"WebSite","@id":"https:\/\/www.legislapp.com.br\/#website","url":"https:\/\/www.legislapp.com.br\/","name":"Legislapp","description":"Intelig\u00eancia governamental em tempo real","publisher":{"@id":"https:\/\/www.legislapp.com.br\/#organization"},"potentialAction":[{"@type":"SearchAction","target":{"@type":"EntryPoint","urlTemplate":"https:\/\/www.legislapp.com.br\/?s={search_term_string}"},"query-input":{"@type":"PropertyValueSpecification","valueRequired":true,"valueName":"search_term_string"}}],"inLanguage":"pt-BR"},{"@type":"Organization","@id":"https:\/\/www.legislapp.com.br\/#organization","name":"Legislapp Monitoramento e Intelig\u00eancia Governamental","url":"https:\/\/www.legislapp.com.br\/","logo":{"@type":"ImageObject","inLanguage":"pt-BR","@id":"https:\/\/www.legislapp.com.br\/#\/schema\/logo\/image\/","url":"https:\/\/www.legislapp.com.br\/wp-content\/uploads\/icon.png","contentUrl":"https:\/\/www.legislapp.com.br\/wp-content\/uploads\/icon.png","width":1024,"height":1024,"caption":"Legislapp Monitoramento e Intelig\u00eancia Governamental"},"image":{"@id":"https:\/\/www.legislapp.com.br\/#\/schema\/logo\/image\/"},"sameAs":["https:\/\/www.instagram.com\/legislapp\/"]}]}},"_links":{"self":[{"href":"https:\/\/www.legislapp.com.br\/index.php\/wp-json\/wp\/v2\/pages\/10419","targetHints":{"allow":["GET"]}}],"collection":[{"href":"https:\/\/www.legislapp.com.br\/index.php\/wp-json\/wp\/v2\/pages"}],"about":[{"href":"https:\/\/www.legislapp.com.br\/index.php\/wp-json\/wp\/v2\/types\/page"}],"author":[{"embeddable":true,"href":"https:\/\/www.legislapp.com.br\/index.php\/wp-json\/wp\/v2\/users\/1"}],"replies":[{"embeddable":true,"href":"https:\/\/www.legislapp.com.br\/index.php\/wp-json\/wp\/v2\/comments?post=10419"}],"version-history":[{"count":0,"href":"https:\/\/www.legislapp.com.br\/index.php\/wp-json\/wp\/v2\/pages\/10419\/revisions"}],"wp:attachment":[{"href":"https:\/\/www.legislapp.com.br\/index.php\/wp-json\/wp\/v2\/media?parent=10419"}],"curies":[{"name":"wp","href":"https:\/\/api.w.org\/{rel}","templated":true}]}}