{"id":10422,"date":"2025-12-01T11:17:25","date_gmt":"2025-12-01T14:17:25","guid":{"rendered":"https:\/\/www.legislapp.com.br\/index.php\/avulso-inicial-pl-3532-2025-camara\/"},"modified":"2025-12-01T11:17:25","modified_gmt":"2025-12-01T14:17:25","slug":"avulso-inicial-pl-3532-2025-camara","status":"publish","type":"page","link":"https:\/\/www.legislapp.com.br\/index.php\/avulso-inicial-pl-3532-2025-camara\/","title":{"rendered":"Avulso Inicial &#8211; PL 3532\/2025 &#8211; C\u00e2mara"},"content":{"rendered":"<h1 style='text-align: center;'>Avulso Inicial &#8211; Autoria de Amom Mandel<\/h3>\n<p><\/p>\n<article>C\u00c2MARA DOS DEPUTADOS<br \/>\nGabinete do Deputado Federal AMOM MANDEL \u2013 CIDADANIA\/AM<br \/>\n   PROJETO DE LEI N\u00ba      , DE 2025<br \/>\n(Do Sr. AMOM MANDEL)<br \/>\nDisp\u00f5e sobre a proibi\u00e7\u00e3o do acesso de<br \/>\ncidad\u00e3os em situa\u00e7\u00e3o de<br \/>\nvulnerabilidade social e educacional a<br \/>\nplataformas de apostas online, e institui<br \/>\no Sistema Nacional de Verifica\u00e7\u00e3o e<br \/>\nAutoexclus\u00e3o em Jogos (SNAEJ).<br \/>\nO Congresso Nacional decreta:<br \/>\nArt. 1\u00ba Esta Lei estabelece normas para proibir o acesso a plataformas de<br \/>\napostas e jogos de azar online por cidad\u00e3os em situa\u00e7\u00e3o de vulnerabilidade social<br \/>\nou educacional, e institui o Sistema Nacional de Verifica\u00e7\u00e3o e Autoexclus\u00e3o em<br \/>\nJogos (SNAEJ).<br \/>\nArt. 2\u00ba Fica vedado \u00e0s operadoras de apostas e jogos de azar online<br \/>\nautorizadas a operar no territ\u00f3rio nacional permitir o cadastro ou a manuten\u00e7\u00e3o de<br \/>\ncontas vinculadas a CPFs de cidad\u00e3os que se enquadrem nas seguintes condi\u00e7\u00f5es:<br \/>\nI \u2013 inscritos no Cadastro \u00danico para Programas Sociais do Governo Federal<br \/>\n(Cad\u00danico), no \u00e2mbito dos programas de transfer\u00eancia de renda, tais como o<br \/>\nPrograma Bolsa Fam\u00edlia;<br \/>\nII \u2013 benefici\u00e1rios de programas governamentais de aux\u00edlio estudantil e bolsas<br \/>\nacad\u00eamicas p\u00fablicas, em n\u00edvel t\u00e9cnico, superior ou de p\u00f3s-gradua\u00e7\u00e3o, geridos pela<br \/>\nUni\u00e3o, Estados ou Munic\u00edpios, incluindo, mas n\u00e3o se limitando, ao Fundo de<br \/>\nFinanciamento Estudantil (FIES) e ao Programa Universidade para Todos (ProUni);<br \/>\n___________________________________________________________________________<br \/>\nC\u00e2mara dos Deputados | Anexo IV Gabinete 760 | \u2013 CEP: 70160-900 \u2013<br \/>\nBras\u00edlia-DF<br \/>\nTel (61) 3215-5760 | dep.amommandel@camara.leg.br<br \/>\nPara verificar a assinatura, acesse https:\/\/infoleg-autenticidade-assinatura.camara.leg.br\/CD254522250600<br \/>\nAssinado eletronicamente pelo(a) Dep. Amom Mandel<br \/>\nApresenta\u00e7\u00e3o: 16\/07\/2025 19:29:41.187 &#8211; Mesa<br \/>\n*CD254522250600* PL n.3532\/2025<br \/>C\u00c2MARA DOS DEPUTADOS<br \/>\nGabinete do Deputado Federal AMOM MANDEL \u2013 CIDADANIA\/AM<br \/>\nIII \u2013 que tenham solicitado voluntariamente a autoexclus\u00e3o por meio do<br \/>\nSistema Nacional de Verifica\u00e7\u00e3o e Autoexclus\u00e3o em Jogos (SNAEJ), nos termos do<br \/>\nArt. 4\u00ba desta Lei.<br \/>\nArt. 3\u00ba Fica institu\u00eddo o Sistema Nacional de Verifica\u00e7\u00e3o e Autoexclus\u00e3o em<br \/>\nJogos (SNAEJ), a ser implementado e gerenciado pela Uni\u00e3o:<br \/>\n\u00a7 1\u00ba O SNAEJ consistir\u00e1 em uma base de dados confidencial, contendo os<br \/>\nCPFs dos cidad\u00e3os enquadrados nas condi\u00e7\u00f5es estabelecidas no Art. 2\u00ba desta Lei.<br \/>\n\u00a7 2\u00ba A gest\u00e3o do SNAEJ pela Uni\u00e3o observar\u00e1 estritamente os princ\u00edpios da<br \/>\nseguran\u00e7a da informa\u00e7\u00e3o, da prote\u00e7\u00e3o de dados pessoais e do sigilo, utilizando-se<br \/>\nde mecanismos tecnol\u00f3gicos que permitam a verifica\u00e7\u00e3o pelas operadoras de<br \/>\napostas e jogos de azar online sem a revela\u00e7\u00e3o da condi\u00e7\u00e3o espec\u00edfica que ensejou<br \/>\na inclus\u00e3o do CPF no Sistema, nem a exposi\u00e7\u00e3o da base de dados completa.<br \/>\n\u00a7 3\u00ba As operadoras dever\u00e3o consultar o SNAEJ para validar novos cadastros,<br \/>\nsendo vedada a cria\u00e7\u00e3o de contas para CPFs constantes no Sistema e realizar<br \/>\nverifica\u00e7\u00f5es peri\u00f3dicas sobre as contas ativas, na frequ\u00eancia a ser definida em<br \/>\nregulamento.<br \/>\nArt. 4\u00ba O SNAEJ integrar\u00e1 um m\u00f3dulo de autoexclus\u00e3o volunt\u00e1ria, acess\u00edvel<br \/>\nao cidad\u00e3o por meio da plataforma GOV.BR:<br \/>\n\u00a7 1\u00ba Qualquer cidad\u00e3o poder\u00e1 solicitar a inclus\u00e3o volunt\u00e1ria de seu CPF no<br \/>\nSNAEJ para fins de bloqueio em plataformas de apostas e jogos de azar online.<br \/>\n\u00a7 2\u00ba A autoexclus\u00e3o poder\u00e1 ser solicitada por per\u00edodos determinados (3, 6,<br \/>\n12, 60 meses) ou por tempo indeterminado, conforme op\u00e7\u00e3o do solicitante.<br \/>\n\u00a7 3\u00ba A inclus\u00e3o na lista de autoexclus\u00e3o ser\u00e1 sigilosa e gerenciada<br \/>\nexclusivamente pela Uni\u00e3o.<br \/>\n___________________________________________________________________________<br \/>\nC\u00e2mara dos Deputados | Anexo IV Gabinete 760 | \u2013 CEP: 70160-900 \u2013<br \/>\nBras\u00edlia-DF<br \/>\nTel (61) 3215-5760 | dep.amommandel@camara.leg.br<br \/>\nPara verificar a assinatura, acesse https:\/\/infoleg-autenticidade-assinatura.camara.leg.br\/CD254522250600<br \/>\nAssinado eletronicamente pelo(a) Dep. Amom Mandel<br \/>\nApresenta\u00e7\u00e3o: 16\/07\/2025 19:29:41.187 &#8211; Mesa<br \/>\n*CD254522250600* PL n.3532\/2025<br \/>C\u00c2MARA DOS DEPUTADOS<br \/>\nGabinete do Deputado Federal AMOM MANDEL \u2013 CIDADANIA\/AM<br \/>\n\u00a7 4\u00ba A remo\u00e7\u00e3o do CPF do SNAEJ, no caso de autoexclus\u00e3o volunt\u00e1ria por<br \/>\ntempo determinado, ocorrer\u00e1 automaticamente ap\u00f3s o t\u00e9rmino do per\u00edodo. No caso<br \/>\nde exclus\u00e3o por tempo indeterminado, o regulamento dispor\u00e1 sobre os requisitos e<br \/>\nprocedimentos para solicita\u00e7\u00e3o de remo\u00e7\u00e3o, garantindo um per\u00edodo m\u00ednimo de<br \/>\nperman\u00eancia e, possivelmente, um per\u00edodo de car\u00eancia para nova solicita\u00e7\u00e3o.<br \/>\nArt. 5\u00ba Para o cumprimento do disposto nesta Lei, a Uni\u00e3o dever\u00e1:<br \/>\nI \u2013 regulamentar o funcionamento do SNAEJ e os procedimentos de consulta<br \/>\ne verifica\u00e7\u00e3o pelas operadoras, no prazo de 120 dias a partir da publica\u00e7\u00e3o desta<br \/>\nLei;<br \/>\nII \u2013 publicar e manter atualizado, por meio do SNAEJ, o banco de dados<br \/>\nreferido no Art. 3\u00ba, \u00a71\u00ba, observando os prazos e procedimentos de atualiza\u00e7\u00e3o das<br \/>\nbases de dados dos programas sociais e acad\u00eamicos, bem como as solicita\u00e7\u00f5es de<br \/>\nautoexclus\u00e3o.<br \/>\nArt. 6\u00ba As operadoras de apostas e jogos de azar online dever\u00e3o:<br \/>\nI \u2013 implementar as funcionalidades t\u00e9cnicas necess\u00e1rias para a consulta ao<br \/>\nSNAEJ antes de permitir novos cadastros e para as verifica\u00e7\u00f5es peri\u00f3dicas de<br \/>\ncontas ativas;<br \/>\nII \u2013 bloquear imediatamente (em at\u00e9 24 horas) o acesso a contas ativas cujos<br \/>\nCPFs passem a constar no SNAEJ ap\u00f3s as verifica\u00e7\u00f5es peri\u00f3dicas;<br \/>\nIII \u2013 notificar os usu\u00e1rios com contas ativas que forem bloqueados,<br \/>\nconcedendo o prazo de 5 (cinco) dias para a retirada dos valores dispon\u00edveis, sendo<br \/>\nvedados novos dep\u00f3sitos e apostas a partir do bloqueio.<br \/>\nArt. 7\u00ba O desbloqueio do acesso a contas bloqueadas poder\u00e1 ocorrer apenas<br \/>\nnas seguintes hip\u00f3teses:<br \/>\n___________________________________________________________________________<br \/>\nC\u00e2mara dos Deputados | Anexo IV Gabinete 760 | \u2013 CEP: 70160-900 \u2013<br \/>\nBras\u00edlia-DF<br \/>\nTel (61) 3215-5760 | dep.amommandel@camara.leg.br<br \/>\nPara verificar a assinatura, acesse https:\/\/infoleg-autenticidade-assinatura.camara.leg.br\/CD254522250600<br \/>\nAssinado eletronicamente pelo(a) Dep. Amom Mandel<br \/>\nApresenta\u00e7\u00e3o: 16\/07\/2025 19:29:41.187 &#8211; Mesa<br \/>\n*CD254522250600* PL n.3532\/2025<br \/>C\u00c2MARA DOS DEPUTADOS<br \/>\nGabinete do Deputado Federal AMOM MANDEL \u2013 CIDADANIA\/AM<br \/>\nI \u2013 vessa\u00e7\u00e3o da condi\u00e7\u00e3o impeditiva (n\u00e3o mais enquadrado nos incisos I ou II<br \/>\ndo Art. 2\u00ba), mediante nova verifica\u00e7\u00e3o pelo SNAEJ;<br \/>\nII \u2013 cumprimento do per\u00edodo de autoexclus\u00e3o solicitado, nos termos do Art.<br \/>\n4\u00ba, \u00a74\u00ba.<br \/>\nArt. 8\u00ba O descumprimento das disposi\u00e7\u00f5es desta Lei sujeitar\u00e1 as operadoras<br \/>\nde apostas e jogos de azar online \u00e0s san\u00e7\u00f5es administrativas previstas na<br \/>\nlegisla\u00e7\u00e3o vigente que regula a atividade de apostas de quota fixa, incluindo<br \/>\nadvert\u00eancia, multas, suspens\u00e3o parcial ou total das atividades, e cassa\u00e7\u00e3o da<br \/>\nautoriza\u00e7\u00e3o, sem preju\u00edzo das san\u00e7\u00f5es civis e penais cab\u00edveis.<br \/>\nArt. 9\u00ba Esta Lei entra em vigor na data de sua publica\u00e7\u00e3o.<br \/>\nJUSTIFICA\u00c7\u00c3O<br \/>\nO presente Projeto de Lei tem como escopo a prote\u00e7\u00e3o de cidad\u00e3os em<br \/>\ncondi\u00e7\u00e3o de vulnerabilidade social e educacional frente aos riscos inerentes ao<br \/>\nacesso a plataformas de apostas e jogos de azar online, por meio da proibi\u00e7\u00e3o<br \/>\ndirecionada \u00e0s operadoras quanto ao cadastro e manuten\u00e7\u00e3o de contas vinculadas<br \/>\na indiv\u00edduos nessa condi\u00e7\u00e3o, e da institui\u00e7\u00e3o do Sistema Nacional de Verifica\u00e7\u00e3o e<br \/>\nAutoexclus\u00e3o em Jogos (SNAEJ).<br \/>\nA proposi\u00e7\u00e3o baseia-se nos princ\u00edpios constitucionais da dignidade da<br \/>\npessoa humana (art. 1\u00ba, III), dos valores sociais do trabalho (art. 1\u00ba, IV), e nos<br \/>\nobjetivos fundamentais da Rep\u00fablica Federativa do Brasil de construir uma<br \/>\nsociedade livre, justa e solid\u00e1ria, bem como de erradicar a pobreza e reduzir as<br \/>\ndesigualdades sociais e regionais (art. 3\u00ba, I e III).<br \/>\n___________________________________________________________________________<br \/>\nC\u00e2mara dos Deputados | Anexo IV Gabinete 760 | \u2013 CEP: 70160-900 \u2013<br \/>\nBras\u00edlia-DF<br \/>\nTel (61) 3215-5760 | dep.amommandel@camara.leg.br<br \/>\nPara verificar a assinatura, acesse https:\/\/infoleg-autenticidade-assinatura.camara.leg.br\/CD254522250600<br \/>\nAssinado eletronicamente pelo(a) Dep. Amom Mandel<br \/>\nApresenta\u00e7\u00e3o: 16\/07\/2025 19:29:41.187 &#8211; Mesa<br \/>\n*CD254522250600* PL n.3532\/2025<br \/>C\u00c2MARA DOS DEPUTADOS<br \/>\nGabinete do Deputado Federal AMOM MANDEL \u2013 CIDADANIA\/AM<br \/>\nA difus\u00e3o das plataformas de apostas online, intensificada nos \u00faltimos anos,<br \/>\nimp\u00f5e ao Estado o dever de implementar mecanismos de regula\u00e7\u00e3o e prote\u00e7\u00e3o que<br \/>\nsalvaguardem o interesse p\u00fablico e a sa\u00fade social. Os jogos de azar, embora<br \/>\npossam ser tratados como atividade econ\u00f4mica l\u00edcita quando regulamentados,<br \/>\nenvolvem riscos reconhecidos de compuls\u00e3o, endividamento e colapso familiar,<br \/>\nespecialmente entre os segmentos mais vulner\u00e1veis da popula\u00e7\u00e3o.<br \/>\nNesse contexto, prop\u00f5e-se vedar o acesso \u00e0s plataformas de apostas online<br \/>\npor cidad\u00e3os inscritos no Cadastro \u00danico para Programas Sociais do Governo<br \/>\nFederal (Cad\u00danico) \u2014 que abrange programas como o Bolsa Fam\u00edlia \u2014 e por<br \/>\nbenefici\u00e1rios de programas de aux\u00edlio estudantil ou financiamento p\u00fablico, como o<br \/>\nProUni e o FIES. Adicionalmente, o projeto contempla a cria\u00e7\u00e3o de um mecanismo<br \/>\nde autoexclus\u00e3o volunt\u00e1ria, dispon\u00edvel a qualquer cidad\u00e3o que deseje restringir o<br \/>\npr\u00f3prio acesso a essas plataformas.<br \/>\nA proposta prev\u00ea a cria\u00e7\u00e3o do Sistema Nacional de Verifica\u00e7\u00e3o e<br \/>\nAutoexclus\u00e3o em Jogos (SNAEJ), a ser gerenciado pela Uni\u00e3o, sob par\u00e2metros<br \/>\nestritos de seguran\u00e7a da informa\u00e7\u00e3o, prote\u00e7\u00e3o de dados e sigilo, conforme os<br \/>\nprinc\u00edpios da Lei Geral de Prote\u00e7\u00e3o de Dados (Lei n\u00ba 13.709, de 2018) e o<br \/>\nreconhecimento constitucional da prote\u00e7\u00e3o de dados pessoais como direito<br \/>\nfundamental (EC n\u00ba 115\/2022). O SNAEJ permitir\u00e1 que as operadoras verifiquem,<br \/>\nde forma segura e sem acesso \u00e0 motiva\u00e7\u00e3o espec\u00edfica, se um CPF est\u00e1 inclu\u00eddo na<br \/>\nbase de impedimentos, sem divulga\u00e7\u00e3o de dados sens\u00edveis nem publica\u00e7\u00e3o de<br \/>\nlistas.<br \/>\nAl\u00e9m disso, o SNAEJ contar\u00e1 com um m\u00f3dulo de autoexclus\u00e3o volunt\u00e1ria,<br \/>\nacess\u00edvel por meio da plataforma GOV.BR, que permitir\u00e1 ao cidad\u00e3o requerer, de<br \/>\nforma sigilosa e aut\u00f4noma, sua inclus\u00e3o na base de impedimento por per\u00edodos<br \/>\ndeterminados ou indeterminados.<br \/>\n___________________________________________________________________________<br \/>\nC\u00e2mara dos Deputados | Anexo IV Gabinete 760 | \u2013 CEP: 70160-900 \u2013<br \/>\nBras\u00edlia-DF<br \/>\nTel (61) 3215-5760 | dep.amommandel@camara.leg.br<br \/>\nPara verificar a assinatura, acesse https:\/\/infoleg-autenticidade-assinatura.camara.leg.br\/CD254522250600<br \/>\nAssinado eletronicamente pelo(a) Dep. Amom Mandel<br \/>\nApresenta\u00e7\u00e3o: 16\/07\/2025 19:29:41.187 &#8211; Mesa<br \/>\n*CD254522250600* PL n.3532\/2025<br \/>C\u00c2MARA DOS DEPUTADOS<br \/>\nGabinete do Deputado Federal AMOM MANDEL \u2013 CIDADANIA\/AM<br \/>\nAs obriga\u00e7\u00f5es impostas \u00e0s operadoras de apostas online s\u00e3o claras e<br \/>\nobjetivas, estabelecendo prazos para consulta ao sistema, bloqueio de contas e<br \/>\nlibera\u00e7\u00e3o de recursos, bem como prevendo san\u00e7\u00f5es administrativas proporcionais<br \/>\nao descumprimento, conforme legisla\u00e7\u00e3o vigente sobre a atividade de apostas de<br \/>\nquota fixa.<br \/>\nA medida ora proposta visa conciliar o desenvolvimento econ\u00f4mico regulado<br \/>\ncom a promo\u00e7\u00e3o da justi\u00e7a social, prote\u00e7\u00e3o \u00e0 sa\u00fade p\u00fablica e garantia de direitos<br \/>\nfundamentais, em conson\u00e2ncia com os artigos 22, I, e 24, IX e XII, da Constitui\u00e7\u00e3o<br \/>\nFederal, que tratam da compet\u00eancia da Uni\u00e3o para legislar sobre direito civil e<br \/>\nnormas gerais sobre assist\u00eancia social, sa\u00fade e defesa do consumidor.<br \/>\nSala das Sess\u00f5es, em        de                     de 2025.<br \/>\nDeputado AMOM MANDEL<br \/>\n___________________________________________________________________________<br \/>\nC\u00e2mara dos Deputados | Anexo IV Gabinete 760 | \u2013 CEP: 70160-900 \u2013<br \/>\nBras\u00edlia-DF<br \/>\nTel (61) 3215-5760 | dep.amommandel@camara.leg.br<br \/>\nPara verificar a assinatura, acesse https:\/\/infoleg-autenticidade-assinatura.camara.leg.br\/CD254522250600<br \/>\nAssinado eletronicamente pelo(a) Dep. Amom Mandel<br \/>\nApresenta\u00e7\u00e3o: 16\/07\/2025 19:29:41.187 &#8211; Mesa<br \/>\n*CD254522250600* PL n.3532\/2025<\/article>\n<p><a href='https:\/\/app.legislapp.com.br\/#\/busca?termo='><\/a><\/p>\n<div style=\"text-align: center\">\n      <img decoding=\"async\" style=\"width: 14%;\" src=\"https:\/\/www.legislapp.com.br\/wp-content\/uploads\/2021\/07\/Logo-Legislapp-1-03-1.png\"><br \/>\n      <\/p>\n<div style=\"margin-bottom: 20px;\" class=\"et_pb_button_module_wrapper et_pb_button_5_tb_body_wrapper et_pb_button_alignment_center et_pb_module \">\n         <a class=\"et_pb_button et_pb_button_5_tb_body et_hover_enabled et_pb_bg_layout_dark\" style=\"width: 50%;background-color: black;\" href=\"https:\/\/app.legislapp.com.br\" target=\"_blank\" rel=\"noopener\">Visualizar completo na nossa plataforma (30 dias gr\u00e1tis)<\/a><\/p><\/div>\n<p>      <a href=\"https:\/\/play.google.com\/store\/apps\/details?id=br.com.legislapp\"><img decoding=\"async\" style=\"width: 15%; min-width: 130px;\" src=\"https:\/\/www.legislapp.com.br\/wp-content\/uploads\/google-play.png\"><\/a><br \/>\n      <a href=\"https:\/\/apps.apple.com\/us\/app\/legislapp\/id1568929859\"><img decoding=\"async\" style=\"width: 15%; min-width: 130px\" src=\"https:\/\/www.legislapp.com.br\/wp-content\/uploads\/apple-store.png\"><\/a>\n   <\/div>\n","protected":false},"excerpt":{"rendered":"<p>Avulso Inicial &#8211; Autoria de Amom Mandel C\u00c2MARA DOS DEPUTADOS Gabinete do Deputado Federal AMOM MANDEL \u2013 CIDADANIA\/AM PROJETO DE LEI N\u00ba , DE 2025 (Do Sr. AMOM MANDEL) Disp\u00f5e sobre a proibi\u00e7\u00e3o do acesso de cidad\u00e3os em situa\u00e7\u00e3o de vulnerabilidade social e educacional a plataformas de apostas online, e institui o Sistema Nacional de [&hellip;]<\/p>\n","protected":false},"author":1,"featured_media":0,"parent":0,"menu_order":0,"comment_status":"closed","ping_status":"closed","template":"page-template-blank.php","meta":{"_et_pb_use_builder":"","_et_pb_old_content":"","_et_gb_content_width":"1080","ngg_post_thumbnail":0,"footnotes":""},"class_list":["post-10422","page","type-page","status-publish","hentry"],"yoast_head":"<!-- This site is optimized with the Yoast SEO plugin v24.4 - https:\/\/yoast.com\/wordpress\/plugins\/seo\/ -->\n<title>Avulso Inicial - PL 3532\/2025 - C\u00e2mara - Legislapp<\/title>\n<meta name=\"robots\" content=\"index, follow, max-snippet:-1, max-image-preview:large, max-video-preview:-1\" \/>\n<link rel=\"canonical\" href=\"https:\/\/www.legislapp.com.br\/index.php\/avulso-inicial-pl-3532-2025-camara\/\" \/>\n<meta property=\"og:locale\" content=\"pt_BR\" \/>\n<meta property=\"og:type\" content=\"article\" \/>\n<meta property=\"og:title\" content=\"Avulso Inicial - PL 3532\/2025 - C\u00e2mara - Legislapp\" \/>\n<meta property=\"og:description\" content=\"Avulso Inicial &#8211; Autoria de Amom Mandel C\u00c2MARA DOS DEPUTADOS Gabinete do Deputado Federal AMOM MANDEL \u2013 CIDADANIA\/AM PROJETO DE LEI N\u00ba , DE 2025 (Do Sr. AMOM MANDEL) Disp\u00f5e sobre a proibi\u00e7\u00e3o do acesso de cidad\u00e3os em situa\u00e7\u00e3o de vulnerabilidade social e educacional a plataformas de apostas online, e institui o Sistema Nacional de [&hellip;]\" \/>\n<meta property=\"og:url\" content=\"https:\/\/www.legislapp.com.br\/index.php\/avulso-inicial-pl-3532-2025-camara\/\" \/>\n<meta property=\"og:site_name\" content=\"Legislapp\" \/>\n<meta property=\"article:publisher\" content=\"https:\/\/www.instagram.com\/legislapp\/\" \/>\n<meta property=\"og:image\" content=\"https:\/\/www.legislapp.com.br\/wp-content\/uploads\/2021\/07\/Logo-Legislapp-1-03-1.png\" \/>\n<meta name=\"twitter:card\" content=\"summary_large_image\" \/>\n<meta name=\"twitter:label1\" content=\"Est. tempo de leitura\" \/>\n\t<meta name=\"twitter:data1\" content=\"9 minutos\" \/>\n<script type=\"application\/ld+json\" class=\"yoast-schema-graph\">{\"@context\":\"https:\/\/schema.org\",\"@graph\":[{\"@type\":\"WebPage\",\"@id\":\"https:\/\/www.legislapp.com.br\/index.php\/avulso-inicial-pl-3532-2025-camara\/\",\"url\":\"https:\/\/www.legislapp.com.br\/index.php\/avulso-inicial-pl-3532-2025-camara\/\",\"name\":\"Avulso Inicial - PL 3532\/2025 - C\u00e2mara - Legislapp\",\"isPartOf\":{\"@id\":\"https:\/\/www.legislapp.com.br\/#website\"},\"primaryImageOfPage\":{\"@id\":\"https:\/\/www.legislapp.com.br\/index.php\/avulso-inicial-pl-3532-2025-camara\/#primaryimage\"},\"image\":{\"@id\":\"https:\/\/www.legislapp.com.br\/index.php\/avulso-inicial-pl-3532-2025-camara\/#primaryimage\"},\"thumbnailUrl\":\"https:\/\/www.legislapp.com.br\/wp-content\/uploads\/2021\/07\/Logo-Legislapp-1-03-1.png\",\"datePublished\":\"2025-12-01T14:17:25+00:00\",\"breadcrumb\":{\"@id\":\"https:\/\/www.legislapp.com.br\/index.php\/avulso-inicial-pl-3532-2025-camara\/#breadcrumb\"},\"inLanguage\":\"pt-BR\",\"potentialAction\":[{\"@type\":\"ReadAction\",\"target\":[\"https:\/\/www.legislapp.com.br\/index.php\/avulso-inicial-pl-3532-2025-camara\/\"]}]},{\"@type\":\"ImageObject\",\"inLanguage\":\"pt-BR\",\"@id\":\"https:\/\/www.legislapp.com.br\/index.php\/avulso-inicial-pl-3532-2025-camara\/#primaryimage\",\"url\":\"https:\/\/www.legislapp.com.br\/wp-content\/uploads\/2021\/07\/Logo-Legislapp-1-03-1.png\",\"contentUrl\":\"https:\/\/www.legislapp.com.br\/wp-content\/uploads\/2021\/07\/Logo-Legislapp-1-03-1.png\",\"width\":2679,\"height\":2697},{\"@type\":\"BreadcrumbList\",\"@id\":\"https:\/\/www.legislapp.com.br\/index.php\/avulso-inicial-pl-3532-2025-camara\/#breadcrumb\",\"itemListElement\":[{\"@type\":\"ListItem\",\"position\":1,\"name\":\"In\u00edcio\",\"item\":\"https:\/\/www.legislapp.com.br\/\"},{\"@type\":\"ListItem\",\"position\":2,\"name\":\"Avulso Inicial &#8211; PL 3532\/2025 &#8211; C\u00e2mara\"}]},{\"@type\":\"WebSite\",\"@id\":\"https:\/\/www.legislapp.com.br\/#website\",\"url\":\"https:\/\/www.legislapp.com.br\/\",\"name\":\"Legislapp\",\"description\":\"Intelig\u00eancia governamental em tempo real\",\"publisher\":{\"@id\":\"https:\/\/www.legislapp.com.br\/#organization\"},\"potentialAction\":[{\"@type\":\"SearchAction\",\"target\":{\"@type\":\"EntryPoint\",\"urlTemplate\":\"https:\/\/www.legislapp.com.br\/?s={search_term_string}\"},\"query-input\":{\"@type\":\"PropertyValueSpecification\",\"valueRequired\":true,\"valueName\":\"search_term_string\"}}],\"inLanguage\":\"pt-BR\"},{\"@type\":\"Organization\",\"@id\":\"https:\/\/www.legislapp.com.br\/#organization\",\"name\":\"Legislapp Monitoramento e Intelig\u00eancia Governamental\",\"url\":\"https:\/\/www.legislapp.com.br\/\",\"logo\":{\"@type\":\"ImageObject\",\"inLanguage\":\"pt-BR\",\"@id\":\"https:\/\/www.legislapp.com.br\/#\/schema\/logo\/image\/\",\"url\":\"https:\/\/www.legislapp.com.br\/wp-content\/uploads\/icon.png\",\"contentUrl\":\"https:\/\/www.legislapp.com.br\/wp-content\/uploads\/icon.png\",\"width\":1024,\"height\":1024,\"caption\":\"Legislapp Monitoramento e Intelig\u00eancia Governamental\"},\"image\":{\"@id\":\"https:\/\/www.legislapp.com.br\/#\/schema\/logo\/image\/\"},\"sameAs\":[\"https:\/\/www.instagram.com\/legislapp\/\"]}]}<\/script>\n<!-- \/ Yoast SEO plugin. -->","yoast_head_json":{"title":"Avulso Inicial - PL 3532\/2025 - C\u00e2mara - Legislapp","robots":{"index":"index","follow":"follow","max-snippet":"max-snippet:-1","max-image-preview":"max-image-preview:large","max-video-preview":"max-video-preview:-1"},"canonical":"https:\/\/www.legislapp.com.br\/index.php\/avulso-inicial-pl-3532-2025-camara\/","og_locale":"pt_BR","og_type":"article","og_title":"Avulso Inicial - PL 3532\/2025 - C\u00e2mara - Legislapp","og_description":"Avulso Inicial &#8211; Autoria de Amom Mandel C\u00c2MARA DOS DEPUTADOS Gabinete do Deputado Federal AMOM MANDEL \u2013 CIDADANIA\/AM PROJETO DE LEI N\u00ba , DE 2025 (Do Sr. AMOM MANDEL) Disp\u00f5e sobre a proibi\u00e7\u00e3o do acesso de cidad\u00e3os em situa\u00e7\u00e3o de vulnerabilidade social e educacional a plataformas de apostas online, e institui o Sistema Nacional de [&hellip;]","og_url":"https:\/\/www.legislapp.com.br\/index.php\/avulso-inicial-pl-3532-2025-camara\/","og_site_name":"Legislapp","article_publisher":"https:\/\/www.instagram.com\/legislapp\/","og_image":[{"url":"https:\/\/www.legislapp.com.br\/wp-content\/uploads\/2021\/07\/Logo-Legislapp-1-03-1.png","type":"","width":"","height":""}],"twitter_card":"summary_large_image","twitter_misc":{"Est. tempo de leitura":"9 minutos"},"schema":{"@context":"https:\/\/schema.org","@graph":[{"@type":"WebPage","@id":"https:\/\/www.legislapp.com.br\/index.php\/avulso-inicial-pl-3532-2025-camara\/","url":"https:\/\/www.legislapp.com.br\/index.php\/avulso-inicial-pl-3532-2025-camara\/","name":"Avulso Inicial - PL 3532\/2025 - C\u00e2mara - Legislapp","isPartOf":{"@id":"https:\/\/www.legislapp.com.br\/#website"},"primaryImageOfPage":{"@id":"https:\/\/www.legislapp.com.br\/index.php\/avulso-inicial-pl-3532-2025-camara\/#primaryimage"},"image":{"@id":"https:\/\/www.legislapp.com.br\/index.php\/avulso-inicial-pl-3532-2025-camara\/#primaryimage"},"thumbnailUrl":"https:\/\/www.legislapp.com.br\/wp-content\/uploads\/2021\/07\/Logo-Legislapp-1-03-1.png","datePublished":"2025-12-01T14:17:25+00:00","breadcrumb":{"@id":"https:\/\/www.legislapp.com.br\/index.php\/avulso-inicial-pl-3532-2025-camara\/#breadcrumb"},"inLanguage":"pt-BR","potentialAction":[{"@type":"ReadAction","target":["https:\/\/www.legislapp.com.br\/index.php\/avulso-inicial-pl-3532-2025-camara\/"]}]},{"@type":"ImageObject","inLanguage":"pt-BR","@id":"https:\/\/www.legislapp.com.br\/index.php\/avulso-inicial-pl-3532-2025-camara\/#primaryimage","url":"https:\/\/www.legislapp.com.br\/wp-content\/uploads\/2021\/07\/Logo-Legislapp-1-03-1.png","contentUrl":"https:\/\/www.legislapp.com.br\/wp-content\/uploads\/2021\/07\/Logo-Legislapp-1-03-1.png","width":2679,"height":2697},{"@type":"BreadcrumbList","@id":"https:\/\/www.legislapp.com.br\/index.php\/avulso-inicial-pl-3532-2025-camara\/#breadcrumb","itemListElement":[{"@type":"ListItem","position":1,"name":"In\u00edcio","item":"https:\/\/www.legislapp.com.br\/"},{"@type":"ListItem","position":2,"name":"Avulso Inicial &#8211; PL 3532\/2025 &#8211; C\u00e2mara"}]},{"@type":"WebSite","@id":"https:\/\/www.legislapp.com.br\/#website","url":"https:\/\/www.legislapp.com.br\/","name":"Legislapp","description":"Intelig\u00eancia governamental em tempo real","publisher":{"@id":"https:\/\/www.legislapp.com.br\/#organization"},"potentialAction":[{"@type":"SearchAction","target":{"@type":"EntryPoint","urlTemplate":"https:\/\/www.legislapp.com.br\/?s={search_term_string}"},"query-input":{"@type":"PropertyValueSpecification","valueRequired":true,"valueName":"search_term_string"}}],"inLanguage":"pt-BR"},{"@type":"Organization","@id":"https:\/\/www.legislapp.com.br\/#organization","name":"Legislapp Monitoramento e Intelig\u00eancia Governamental","url":"https:\/\/www.legislapp.com.br\/","logo":{"@type":"ImageObject","inLanguage":"pt-BR","@id":"https:\/\/www.legislapp.com.br\/#\/schema\/logo\/image\/","url":"https:\/\/www.legislapp.com.br\/wp-content\/uploads\/icon.png","contentUrl":"https:\/\/www.legislapp.com.br\/wp-content\/uploads\/icon.png","width":1024,"height":1024,"caption":"Legislapp Monitoramento e Intelig\u00eancia Governamental"},"image":{"@id":"https:\/\/www.legislapp.com.br\/#\/schema\/logo\/image\/"},"sameAs":["https:\/\/www.instagram.com\/legislapp\/"]}]}},"_links":{"self":[{"href":"https:\/\/www.legislapp.com.br\/index.php\/wp-json\/wp\/v2\/pages\/10422","targetHints":{"allow":["GET"]}}],"collection":[{"href":"https:\/\/www.legislapp.com.br\/index.php\/wp-json\/wp\/v2\/pages"}],"about":[{"href":"https:\/\/www.legislapp.com.br\/index.php\/wp-json\/wp\/v2\/types\/page"}],"author":[{"embeddable":true,"href":"https:\/\/www.legislapp.com.br\/index.php\/wp-json\/wp\/v2\/users\/1"}],"replies":[{"embeddable":true,"href":"https:\/\/www.legislapp.com.br\/index.php\/wp-json\/wp\/v2\/comments?post=10422"}],"version-history":[{"count":0,"href":"https:\/\/www.legislapp.com.br\/index.php\/wp-json\/wp\/v2\/pages\/10422\/revisions"}],"wp:attachment":[{"href":"https:\/\/www.legislapp.com.br\/index.php\/wp-json\/wp\/v2\/media?parent=10422"}],"curies":[{"name":"wp","href":"https:\/\/api.w.org\/{rel}","templated":true}]}}