{"id":10458,"date":"2025-12-01T11:19:04","date_gmt":"2025-12-01T14:19:04","guid":{"rendered":"https:\/\/www.legislapp.com.br\/index.php\/avulso-inicial-pl-4510-2025-camara\/"},"modified":"2025-12-01T11:19:04","modified_gmt":"2025-12-01T14:19:04","slug":"avulso-inicial-pl-4510-2025-camara","status":"publish","type":"page","link":"https:\/\/www.legislapp.com.br\/index.php\/avulso-inicial-pl-4510-2025-camara\/","title":{"rendered":"Avulso Inicial &#8211; PL 4510\/2025 &#8211; C\u00e2mara"},"content":{"rendered":"<h1 style='text-align: center;'>Avulso Inicial &#8211; Autoria de Jonas Donizette<\/h3>\n<p><\/p>\n<article>PROJETO DE LEI N\u00ba          , DE 2025<br \/>\n(Do Sr. JONAS DONIZETTE)<br \/>\nAltera o Decreto-Lei n\u00ba 2.848, de 7 de<br \/>\ndezembro de 1940 \u2013 C\u00f3digo Penal, para<br \/>\nmajorar a pena nos casos de opera\u00e7\u00e3o<br \/>\nindevida ou criminosa de aeronaves n\u00e3o<br \/>\ntripuladas (drones) nas proximidades de<br \/>\naeroportos, quando houver risco \u00e0<br \/>\nseguran\u00e7a da avia\u00e7\u00e3o civil.<br \/>\nO Congresso Nacional decreta:<br \/>\nArt. 1\u00ba Esta Lei altera o Decreto-Lei n\u00ba 2.848, de 7 de dezembro<br \/>\nde 1940 \u2013 C\u00f3digo Penal, para majorar a pena nos casos de opera\u00e7\u00e3o indevida<br \/>\nou criminosa de aeronaves n\u00e3o tripuladas (drones) nas proximidades de<br \/>\naeroportos, quando houver risco \u00e0 seguran\u00e7a da avia\u00e7\u00e3o civil.<br \/>\nArt. 2\u00ba O art. 261 do Decreto-Lei n\u00ba 2.848, de 7 de dezembro de<br \/>\n1940 \u2013 C\u00f3digo Penal, passa a vigorar com a seguinte reda\u00e7\u00e3o:<br \/>\n\u201cArt. 261. &#8230;&#8230;&#8230;&#8230;&#8230;&#8230;&#8230;&#8230;&#8230;&#8230;&#8230;&#8230;&#8230;&#8230;&#8230;&#8230;&#8230;&#8230;&#8230;&#8230;&#8230;&#8230;&#8230;&#8230;&#8230;&#8230;&#8230;&#8230;..<br \/>\n&#8230;&#8230;&#8230;&#8230;&#8230;&#8230;&#8230;&#8230;&#8230;&#8230;&#8230;&#8230;&#8230;&#8230;&#8230;&#8230;&#8230;&#8230;&#8230;&#8230;&#8230;&#8230;&#8230;&#8230;&#8230;&#8230;&#8230;&#8230;&#8230;&#8230;&#8230;&#8230;&#8230;..<br \/>\n.<br \/>\n\u00a7 4\u00ba Nas hip\u00f3teses de utiliza\u00e7\u00e3o indevida ou criminosa de<br \/>\naeronaves remotamente pilotadas (drones), em \u00e1reas de<br \/>\naproxima\u00e7\u00e3o, decolagem, pouso ou em espa\u00e7o a\u00e9reo<br \/>\ncontrolado de aeroportos e aer\u00f3dromos, interrompendo ou<br \/>\ncolocando em risco as opera\u00e7\u00f5es a\u00e9reas, a pena ser\u00e1:<br \/>\nI \u2013 reclus\u00e3o, de quatro a oito anos, se do fato n\u00e3o resulta<br \/>\nacidente;<br \/>\nII \u2013 aplicam-se as penas dos \u00a7\u00a7 1\u00ba a 3\u00ba, aumentadas de<br \/>\nmetade, quando houver naufr\u00e1gio, queda da aeronave, les\u00e3o<br \/>\ngrave ou morte.<br \/>\n\u00a7 5\u00ba As penas previstas neste artigo aplicam-se sem preju\u00edzo<br \/>\ndas san\u00e7\u00f5es de natureza administrativa e civil decorrentes do<br \/>\nuso irregular de aeronaves n\u00e3o tripuladas. \u201d (NR)<br \/>\nPara verificar a assinatura, acesse https:\/\/infoleg-autenticidade-assinatura.camara.leg.br\/CD258977479100<br \/>\nAssinado eletronicamente pelo(a) Dep. Jonas Donizette<br \/>\nApresenta\u00e7\u00e3o: 10\/09\/2025 09:44:25.697 &#8211; Mesa<br \/>\n*CD258977479100* PL n.4510\/2025<br \/>2<br \/>\no<br \/>\nArt.3 Esta Lei entra em vigor na data se sua publica\u00e7\u00e3o.<br \/>\nJUSTIFICA\u00c7\u00c3O<br \/>\nO presente Projeto de Lei visa atualizar o C\u00f3digo Penal<br \/>\nbrasileiro, em especial o art. 261, para contemplar de forma expressa e mais<br \/>\nrigorosa a conduta criminosa de utiliza\u00e7\u00e3o indevida de aeronaves remotamente<br \/>\npilotadas (drones) em \u00e1reas pr\u00f3ximas a aeroportos e aer\u00f3dromos.<br \/>\nNos \u00faltimos anos, a populariza\u00e7\u00e3o dos drones trouxe ineg\u00e1veis<br \/>\nbenef\u00edcios em diversas \u00e1reas, como monitoramento ambiental, agricultura de<br \/>\nprecis\u00e3o, seguran\u00e7a p\u00fablica e log\u00edstica. Contudo, o uso irrespons\u00e1vel ou doloso<br \/>\ndesses equipamentos em espa\u00e7os de aproxima\u00e7\u00e3o, pouso e decolagem de<br \/>\naeronaves tem gerado s\u00e9rios riscos \u00e0 avia\u00e7\u00e3o civil e \u00e0 integridade de milhares<br \/>\nde pessoas.<br \/>\nA gravidade do problema foi evidenciada recentemente no<br \/>\nAeroporto Internacional de Cumbica, em Guarulhos (SP), onde a atua\u00e7\u00e3o de<br \/>\ndrones operados por fac\u00e7\u00f5es criminosas levou \u00e0 interrup\u00e7\u00e3o de pousos e<br \/>\ndecolagens, provocando atrasos e enormes transtornos a passageiros e<br \/>\ncompanhias a\u00e9reas. Esse epis\u00f3dio n\u00e3o apenas causou preju\u00edzos econ\u00f4micos,<br \/>\nmas tamb\u00e9m exp\u00f4s de forma clara o risco iminente de colis\u00e3o com aeronaves<br \/>\nem opera\u00e7\u00e3o, o que poderia resultar em desastre de grandes propor\u00e7\u00f5es.<br \/>\nCasos semelhantes j\u00e1 foram registrados em outros pa\u00edses, em<br \/>\nque aeroportos chegaram a ser paralisados por v\u00e1rias horas devido \u00e0 presen\u00e7a<br \/>\nindevida de drones em espa\u00e7o a\u00e9reo controlado. A situa\u00e7\u00e3o evidencia que se<br \/>\ntrata de uma amea\u00e7a concreta e crescente, que demanda resposta penal<br \/>\nadequada e proporcional.<br \/>\nEmbora o C\u00f3digo Penal j\u00e1 preveja puni\u00e7\u00e3o para quem exp\u00f5e<br \/>\naeronaves a perigo, o avan\u00e7o tecnol\u00f3gico e o uso disseminado de drones<br \/>\nexigem atualiza\u00e7\u00e3o normativa. Ao majorar as penas para quem, de forma<br \/>\ncriminosa, operar drones em \u00e1reas de aproxima\u00e7\u00e3o e decolagem, este Projeto<br \/>\nPara verificar a assinatura, acesse https:\/\/infoleg-autenticidade-assinatura.camara.leg.br\/CD258977479100<br \/>\nAssinado eletronicamente pelo(a) Dep. Jonas Donizette<br \/>\nApresenta\u00e7\u00e3o: 10\/09\/2025 09:44:25.697 &#8211; Mesa<br \/>\n*CD258977479100* PL n.4510\/2025<br \/>3<br \/>\nbusca desestimular tais pr\u00e1ticas, proteger a avia\u00e7\u00e3o civil e resguardar a vida de<br \/>\nmilhares de pessoas que diariamente utilizam o transporte a\u00e9reo.<br \/>\nTrata-se, portanto, de medida necess\u00e1ria e urgente para<br \/>\nfortalecer a seguran\u00e7a p\u00fablica e garantir a tranquilidade das opera\u00e7\u00f5es<br \/>\naeroportu\u00e1rias, raz\u00e3o pela qual solicitamos o apoio dos nobres Pares \u00e0<br \/>\naprova\u00e7\u00e3o deste Projeto de Lei<br \/>\nSala das Sess\u00f5es, em        de                     de 2025.<br \/>\nDeputado JONAS DONIZETTE<br \/>\n2025-13048<br \/>\nPara verificar a assinatura, acesse https:\/\/infoleg-autenticidade-assinatura.camara.leg.br\/CD258977479100<br \/>\nAssinado eletronicamente pelo(a) Dep. Jonas Donizette<br \/>\nApresenta\u00e7\u00e3o: 10\/09\/2025 09:44:25.697 &#8211; Mesa<br \/>\n*CD258977479100* PL n.4510\/2025<\/article>\n<p><a href='https:\/\/app.legislapp.com.br\/#\/busca?termo=Altera\u00e7\u00e3o'>Altera\u00e7\u00e3o<\/a>, <a href='https:\/\/app.legislapp.com.br\/#\/busca?termo=C\u00f3digo Penal (1940)'>C\u00f3digo Penal (1940)<\/a>, <a href='https:\/\/app.legislapp.com.br\/#\/busca?termo=Crime contra a seguran\u00e7a dos meios de comunica\u00e7\u00e3o e transporte e outros servi\u00e7os p\u00fablicos'>Crime contra a seguran\u00e7a dos meios de comunica\u00e7\u00e3o e transporte e outros servi\u00e7os p\u00fablicos<\/a>, <a href='https:\/\/app.legislapp.com.br\/#\/busca?termo=aumento da pena'>aumento da pena<\/a>, <a href='https:\/\/app.legislapp.com.br\/#\/busca?termo=Ve\u00edculo A\u00e9reo N\u00e3o Tripulado (VANT)'>Ve\u00edculo A\u00e9reo N\u00e3o Tripulado (VANT)<\/a>, <a href='https:\/\/app.legislapp.com.br\/#\/busca?termo=Espa\u00e7o a\u00e9reo'>Espa\u00e7o a\u00e9reo<\/a>, <a href='https:\/\/app.legislapp.com.br\/#\/busca?termo=proximidade'>proximidade<\/a>, <a href='https:\/\/app.legislapp.com.br\/#\/busca?termo=aeroporto'>aeroporto<\/a>, <a href='https:\/\/app.legislapp.com.br\/#\/busca?termo=Aer\u00f3dromo'>Aer\u00f3dromo<\/a>, <a href='https:\/\/app.legislapp.com.br\/#\/busca?termo=seguran\u00e7a vi\u00e1ria.'>seguran\u00e7a vi\u00e1ria.<\/a><\/p>\n<div style=\"text-align: center\">\n      <img decoding=\"async\" style=\"width: 14%;\" src=\"https:\/\/www.legislapp.com.br\/wp-content\/uploads\/2021\/07\/Logo-Legislapp-1-03-1.png\"><br \/>\n      <\/p>\n<div style=\"margin-bottom: 20px;\" class=\"et_pb_button_module_wrapper et_pb_button_5_tb_body_wrapper et_pb_button_alignment_center et_pb_module \">\n         <a class=\"et_pb_button et_pb_button_5_tb_body et_hover_enabled et_pb_bg_layout_dark\" style=\"width: 50%;background-color: black;\" href=\"https:\/\/app.legislapp.com.br\" target=\"_blank\" rel=\"noopener\">Visualizar completo na nossa plataforma (30 dias gr\u00e1tis)<\/a><\/p><\/div>\n<p>      <a href=\"https:\/\/play.google.com\/store\/apps\/details?id=br.com.legislapp\"><img decoding=\"async\" style=\"width: 15%; min-width: 130px;\" src=\"https:\/\/www.legislapp.com.br\/wp-content\/uploads\/google-play.png\"><\/a><br \/>\n      <a href=\"https:\/\/apps.apple.com\/us\/app\/legislapp\/id1568929859\"><img decoding=\"async\" style=\"width: 15%; min-width: 130px\" src=\"https:\/\/www.legislapp.com.br\/wp-content\/uploads\/apple-store.png\"><\/a>\n   <\/div>\n","protected":false},"excerpt":{"rendered":"<p>Avulso Inicial &#8211; Autoria de Jonas Donizette PROJETO DE LEI N\u00ba , DE 2025 (Do Sr. JONAS DONIZETTE) Altera o Decreto-Lei n\u00ba 2.848, de 7 de dezembro de 1940 \u2013 C\u00f3digo Penal, para majorar a pena nos casos de opera\u00e7\u00e3o indevida ou criminosa de aeronaves n\u00e3o tripuladas (drones) nas proximidades de aeroportos, quando houver risco [&hellip;]<\/p>\n","protected":false},"author":1,"featured_media":0,"parent":0,"menu_order":0,"comment_status":"closed","ping_status":"closed","template":"page-template-blank.php","meta":{"_et_pb_use_builder":"","_et_pb_old_content":"","_et_gb_content_width":"1080","ngg_post_thumbnail":0,"footnotes":""},"class_list":["post-10458","page","type-page","status-publish","hentry"],"yoast_head":"<!-- This site is optimized with the Yoast SEO plugin v24.4 - https:\/\/yoast.com\/wordpress\/plugins\/seo\/ -->\n<title>Avulso Inicial - PL 4510\/2025 - C\u00e2mara - Legislapp<\/title>\n<meta name=\"robots\" content=\"index, follow, max-snippet:-1, max-image-preview:large, max-video-preview:-1\" \/>\n<link rel=\"canonical\" href=\"https:\/\/www.legislapp.com.br\/index.php\/avulso-inicial-pl-4510-2025-camara\/\" \/>\n<meta property=\"og:locale\" content=\"pt_BR\" \/>\n<meta property=\"og:type\" content=\"article\" \/>\n<meta property=\"og:title\" content=\"Avulso Inicial - PL 4510\/2025 - C\u00e2mara - Legislapp\" \/>\n<meta property=\"og:description\" content=\"Avulso Inicial &#8211; Autoria de Jonas Donizette PROJETO DE LEI N\u00ba , DE 2025 (Do Sr. JONAS DONIZETTE) Altera o Decreto-Lei n\u00ba 2.848, de 7 de dezembro de 1940 \u2013 C\u00f3digo Penal, para majorar a pena nos casos de opera\u00e7\u00e3o indevida ou criminosa de aeronaves n\u00e3o tripuladas (drones) nas proximidades de aeroportos, quando houver risco [&hellip;]\" \/>\n<meta property=\"og:url\" content=\"https:\/\/www.legislapp.com.br\/index.php\/avulso-inicial-pl-4510-2025-camara\/\" \/>\n<meta property=\"og:site_name\" content=\"Legislapp\" \/>\n<meta property=\"article:publisher\" content=\"https:\/\/www.instagram.com\/legislapp\/\" \/>\n<meta property=\"og:image\" content=\"https:\/\/www.legislapp.com.br\/wp-content\/uploads\/2021\/07\/Logo-Legislapp-1-03-1.png\" \/>\n<meta name=\"twitter:card\" content=\"summary_large_image\" \/>\n<meta name=\"twitter:label1\" content=\"Est. tempo de leitura\" \/>\n\t<meta name=\"twitter:data1\" content=\"4 minutos\" \/>\n<script type=\"application\/ld+json\" class=\"yoast-schema-graph\">{\"@context\":\"https:\/\/schema.org\",\"@graph\":[{\"@type\":\"WebPage\",\"@id\":\"https:\/\/www.legislapp.com.br\/index.php\/avulso-inicial-pl-4510-2025-camara\/\",\"url\":\"https:\/\/www.legislapp.com.br\/index.php\/avulso-inicial-pl-4510-2025-camara\/\",\"name\":\"Avulso Inicial - PL 4510\/2025 - C\u00e2mara - Legislapp\",\"isPartOf\":{\"@id\":\"https:\/\/www.legislapp.com.br\/#website\"},\"primaryImageOfPage\":{\"@id\":\"https:\/\/www.legislapp.com.br\/index.php\/avulso-inicial-pl-4510-2025-camara\/#primaryimage\"},\"image\":{\"@id\":\"https:\/\/www.legislapp.com.br\/index.php\/avulso-inicial-pl-4510-2025-camara\/#primaryimage\"},\"thumbnailUrl\":\"https:\/\/www.legislapp.com.br\/wp-content\/uploads\/2021\/07\/Logo-Legislapp-1-03-1.png\",\"datePublished\":\"2025-12-01T14:19:04+00:00\",\"breadcrumb\":{\"@id\":\"https:\/\/www.legislapp.com.br\/index.php\/avulso-inicial-pl-4510-2025-camara\/#breadcrumb\"},\"inLanguage\":\"pt-BR\",\"potentialAction\":[{\"@type\":\"ReadAction\",\"target\":[\"https:\/\/www.legislapp.com.br\/index.php\/avulso-inicial-pl-4510-2025-camara\/\"]}]},{\"@type\":\"ImageObject\",\"inLanguage\":\"pt-BR\",\"@id\":\"https:\/\/www.legislapp.com.br\/index.php\/avulso-inicial-pl-4510-2025-camara\/#primaryimage\",\"url\":\"https:\/\/www.legislapp.com.br\/wp-content\/uploads\/2021\/07\/Logo-Legislapp-1-03-1.png\",\"contentUrl\":\"https:\/\/www.legislapp.com.br\/wp-content\/uploads\/2021\/07\/Logo-Legislapp-1-03-1.png\",\"width\":2679,\"height\":2697},{\"@type\":\"BreadcrumbList\",\"@id\":\"https:\/\/www.legislapp.com.br\/index.php\/avulso-inicial-pl-4510-2025-camara\/#breadcrumb\",\"itemListElement\":[{\"@type\":\"ListItem\",\"position\":1,\"name\":\"In\u00edcio\",\"item\":\"https:\/\/www.legislapp.com.br\/\"},{\"@type\":\"ListItem\",\"position\":2,\"name\":\"Avulso Inicial &#8211; PL 4510\/2025 &#8211; C\u00e2mara\"}]},{\"@type\":\"WebSite\",\"@id\":\"https:\/\/www.legislapp.com.br\/#website\",\"url\":\"https:\/\/www.legislapp.com.br\/\",\"name\":\"Legislapp\",\"description\":\"Intelig\u00eancia governamental em tempo real\",\"publisher\":{\"@id\":\"https:\/\/www.legislapp.com.br\/#organization\"},\"potentialAction\":[{\"@type\":\"SearchAction\",\"target\":{\"@type\":\"EntryPoint\",\"urlTemplate\":\"https:\/\/www.legislapp.com.br\/?s={search_term_string}\"},\"query-input\":{\"@type\":\"PropertyValueSpecification\",\"valueRequired\":true,\"valueName\":\"search_term_string\"}}],\"inLanguage\":\"pt-BR\"},{\"@type\":\"Organization\",\"@id\":\"https:\/\/www.legislapp.com.br\/#organization\",\"name\":\"Legislapp Monitoramento e Intelig\u00eancia Governamental\",\"url\":\"https:\/\/www.legislapp.com.br\/\",\"logo\":{\"@type\":\"ImageObject\",\"inLanguage\":\"pt-BR\",\"@id\":\"https:\/\/www.legislapp.com.br\/#\/schema\/logo\/image\/\",\"url\":\"https:\/\/www.legislapp.com.br\/wp-content\/uploads\/icon.png\",\"contentUrl\":\"https:\/\/www.legislapp.com.br\/wp-content\/uploads\/icon.png\",\"width\":1024,\"height\":1024,\"caption\":\"Legislapp Monitoramento e Intelig\u00eancia Governamental\"},\"image\":{\"@id\":\"https:\/\/www.legislapp.com.br\/#\/schema\/logo\/image\/\"},\"sameAs\":[\"https:\/\/www.instagram.com\/legislapp\/\"]}]}<\/script>\n<!-- \/ Yoast SEO plugin. -->","yoast_head_json":{"title":"Avulso Inicial - PL 4510\/2025 - C\u00e2mara - Legislapp","robots":{"index":"index","follow":"follow","max-snippet":"max-snippet:-1","max-image-preview":"max-image-preview:large","max-video-preview":"max-video-preview:-1"},"canonical":"https:\/\/www.legislapp.com.br\/index.php\/avulso-inicial-pl-4510-2025-camara\/","og_locale":"pt_BR","og_type":"article","og_title":"Avulso Inicial - PL 4510\/2025 - C\u00e2mara - Legislapp","og_description":"Avulso Inicial &#8211; Autoria de Jonas Donizette PROJETO DE LEI N\u00ba , DE 2025 (Do Sr. JONAS DONIZETTE) Altera o Decreto-Lei n\u00ba 2.848, de 7 de dezembro de 1940 \u2013 C\u00f3digo Penal, para majorar a pena nos casos de opera\u00e7\u00e3o indevida ou criminosa de aeronaves n\u00e3o tripuladas (drones) nas proximidades de aeroportos, quando houver risco [&hellip;]","og_url":"https:\/\/www.legislapp.com.br\/index.php\/avulso-inicial-pl-4510-2025-camara\/","og_site_name":"Legislapp","article_publisher":"https:\/\/www.instagram.com\/legislapp\/","og_image":[{"url":"https:\/\/www.legislapp.com.br\/wp-content\/uploads\/2021\/07\/Logo-Legislapp-1-03-1.png","type":"","width":"","height":""}],"twitter_card":"summary_large_image","twitter_misc":{"Est. tempo de leitura":"4 minutos"},"schema":{"@context":"https:\/\/schema.org","@graph":[{"@type":"WebPage","@id":"https:\/\/www.legislapp.com.br\/index.php\/avulso-inicial-pl-4510-2025-camara\/","url":"https:\/\/www.legislapp.com.br\/index.php\/avulso-inicial-pl-4510-2025-camara\/","name":"Avulso Inicial - PL 4510\/2025 - C\u00e2mara - Legislapp","isPartOf":{"@id":"https:\/\/www.legislapp.com.br\/#website"},"primaryImageOfPage":{"@id":"https:\/\/www.legislapp.com.br\/index.php\/avulso-inicial-pl-4510-2025-camara\/#primaryimage"},"image":{"@id":"https:\/\/www.legislapp.com.br\/index.php\/avulso-inicial-pl-4510-2025-camara\/#primaryimage"},"thumbnailUrl":"https:\/\/www.legislapp.com.br\/wp-content\/uploads\/2021\/07\/Logo-Legislapp-1-03-1.png","datePublished":"2025-12-01T14:19:04+00:00","breadcrumb":{"@id":"https:\/\/www.legislapp.com.br\/index.php\/avulso-inicial-pl-4510-2025-camara\/#breadcrumb"},"inLanguage":"pt-BR","potentialAction":[{"@type":"ReadAction","target":["https:\/\/www.legislapp.com.br\/index.php\/avulso-inicial-pl-4510-2025-camara\/"]}]},{"@type":"ImageObject","inLanguage":"pt-BR","@id":"https:\/\/www.legislapp.com.br\/index.php\/avulso-inicial-pl-4510-2025-camara\/#primaryimage","url":"https:\/\/www.legislapp.com.br\/wp-content\/uploads\/2021\/07\/Logo-Legislapp-1-03-1.png","contentUrl":"https:\/\/www.legislapp.com.br\/wp-content\/uploads\/2021\/07\/Logo-Legislapp-1-03-1.png","width":2679,"height":2697},{"@type":"BreadcrumbList","@id":"https:\/\/www.legislapp.com.br\/index.php\/avulso-inicial-pl-4510-2025-camara\/#breadcrumb","itemListElement":[{"@type":"ListItem","position":1,"name":"In\u00edcio","item":"https:\/\/www.legislapp.com.br\/"},{"@type":"ListItem","position":2,"name":"Avulso Inicial &#8211; PL 4510\/2025 &#8211; C\u00e2mara"}]},{"@type":"WebSite","@id":"https:\/\/www.legislapp.com.br\/#website","url":"https:\/\/www.legislapp.com.br\/","name":"Legislapp","description":"Intelig\u00eancia governamental em tempo real","publisher":{"@id":"https:\/\/www.legislapp.com.br\/#organization"},"potentialAction":[{"@type":"SearchAction","target":{"@type":"EntryPoint","urlTemplate":"https:\/\/www.legislapp.com.br\/?s={search_term_string}"},"query-input":{"@type":"PropertyValueSpecification","valueRequired":true,"valueName":"search_term_string"}}],"inLanguage":"pt-BR"},{"@type":"Organization","@id":"https:\/\/www.legislapp.com.br\/#organization","name":"Legislapp Monitoramento e Intelig\u00eancia Governamental","url":"https:\/\/www.legislapp.com.br\/","logo":{"@type":"ImageObject","inLanguage":"pt-BR","@id":"https:\/\/www.legislapp.com.br\/#\/schema\/logo\/image\/","url":"https:\/\/www.legislapp.com.br\/wp-content\/uploads\/icon.png","contentUrl":"https:\/\/www.legislapp.com.br\/wp-content\/uploads\/icon.png","width":1024,"height":1024,"caption":"Legislapp Monitoramento e Intelig\u00eancia Governamental"},"image":{"@id":"https:\/\/www.legislapp.com.br\/#\/schema\/logo\/image\/"},"sameAs":["https:\/\/www.instagram.com\/legislapp\/"]}]}},"_links":{"self":[{"href":"https:\/\/www.legislapp.com.br\/index.php\/wp-json\/wp\/v2\/pages\/10458","targetHints":{"allow":["GET"]}}],"collection":[{"href":"https:\/\/www.legislapp.com.br\/index.php\/wp-json\/wp\/v2\/pages"}],"about":[{"href":"https:\/\/www.legislapp.com.br\/index.php\/wp-json\/wp\/v2\/types\/page"}],"author":[{"embeddable":true,"href":"https:\/\/www.legislapp.com.br\/index.php\/wp-json\/wp\/v2\/users\/1"}],"replies":[{"embeddable":true,"href":"https:\/\/www.legislapp.com.br\/index.php\/wp-json\/wp\/v2\/comments?post=10458"}],"version-history":[{"count":0,"href":"https:\/\/www.legislapp.com.br\/index.php\/wp-json\/wp\/v2\/pages\/10458\/revisions"}],"wp:attachment":[{"href":"https:\/\/www.legislapp.com.br\/index.php\/wp-json\/wp\/v2\/media?parent=10458"}],"curies":[{"name":"wp","href":"https:\/\/api.w.org\/{rel}","templated":true}]}}