{"id":10463,"date":"2025-12-01T11:19:30","date_gmt":"2025-12-01T14:19:30","guid":{"rendered":"https:\/\/www.legislapp.com.br\/index.php\/avulso-inicial-pl-3073-2025-camara\/"},"modified":"2025-12-01T11:19:30","modified_gmt":"2025-12-01T14:19:30","slug":"avulso-inicial-pl-3073-2025-camara","status":"publish","type":"page","link":"https:\/\/www.legislapp.com.br\/index.php\/avulso-inicial-pl-3073-2025-camara\/","title":{"rendered":"Avulso Inicial &#8211; PL 3073\/2025 &#8211; C\u00e2mara"},"content":{"rendered":"<h1 style='text-align: center;'>Avulso Inicial &#8211; Autoria de Poder Executivo<\/h3>\n<p><\/p>\n<article>PROJETO DE LEI<br \/>\nAltera o Decreto-Lei n\u00ba 2.848, de 7 de<br \/>\ndezembro de 1940 \u2013 C\u00f3digo Penal, para<br \/>\ndispor sobre as modalidades qualificadas<br \/>\ndos crimes de furto e recepta\u00e7\u00e3o.<br \/>\nO CONGRESSO NACIONAL decreta:<br \/>\nArt. 1\u00ba  O Decreto-Lei n\u00ba 2.848, de 7 de dezembro de 1940 \u2013 C\u00f3digo<br \/>\nPenal, passa a vigorar com as seguintes altera\u00e7\u00f5es:<br \/>\n\u201cArt. 155.<br \/>\n\u2026\u2026\u2026\u2026\u2026\u2026\u2026\u2026\u2026\u2026\u2026\u2026\u2026\u2026\u2026\u2026\u2026\u2026\u2026\u2026\u2026\u2026\u2026\u2026\u2026\u2026\u2026&#8230;&#8230;&#8230;&#8230;&#8230;&#8230;&#8230;&#8230;..<br \/>\n\u2026\u2026\u2026\u2026\u2026\u2026\u2026\u2026\u2026\u2026\u2026\u2026\u2026\u2026\u2026\u2026\u2026\u2026\u2026\u2026\u2026\u2026\u2026\u2026\u2026\u2026\u2026\u2026\u2026\u2026\u2026\u2026&#8230;&#8230;&#8230;&#8230;&#8230;&#8230;&#8230;.<br \/>\n&#8230;&#8230;.<br \/>\n\u00a7 4\u00ba<br \/>\n\u2026\u2026\u2026\u2026\u2026\u2026\u2026\u2026\u2026\u2026\u2026\u2026\u2026\u2026\u2026\u2026\u2026\u2026\u2026\u2026\u2026\u2026\u2026\u2026\u2026\u2026\u2026&#8230;&#8230;&#8230;&#8230;&#8230;&#8230;&#8230;&#8230;&#8230;&#8230;&#8230;.<br \/>\n&#8230;&#8230;&#8230;&#8230;&#8230;&#8230;&#8230;&#8230;&#8230;&#8230;&#8230;&#8230;&#8230;&#8230;&#8230;&#8230;&#8230;&#8230;&#8230;&#8230;&#8230;&#8230;&#8230;&#8230;&#8230;&#8230;&#8230;&#8230;&#8230;&#8230;&#8230;.<br \/>\n&#8230;&#8230;&#8230;&#8230;&#8230;&#8230;&#8230;.<br \/>\nIV &#8211; mediante concurso de duas ou mais pessoas;<br \/>\nV &#8211; em benef\u00edcio de terceiro mediante pagamento ou no exerc\u00edcio<br \/>\nde atividade empresarial l\u00edcita ou il\u00edcita.<br \/>\n&#8230;&#8230;&#8230;&#8230;&#8230;&#8230;&#8230;&#8230;&#8230;&#8230;&#8230;&#8230;&#8230;&#8230;&#8230;&#8230;&#8230;&#8230;&#8230;&#8230;&#8230;&#8230;&#8230;&#8230;&#8230;&#8230;&#8230;&#8230;&#8230;&#8230;&#8230;.<br \/>\n&#8230;&#8230;&#8230;&#8230;..\u201d (NR)<br \/>\n\u201cArt.<br \/>\n180.  &#8230;&#8230;&#8230;&#8230;&#8230;&#8230;&#8230;&#8230;&#8230;&#8230;&#8230;&#8230;&#8230;&#8230;&#8230;&#8230;&#8230;&#8230;&#8230;&#8230;&#8230;&#8230;&#8230;&#8230;&#8230;&#8230;&#8230;&#8230;&#8230;&#8230;..<br \/>\n&#8230;&#8230;..<br \/>\n&#8230;&#8230;&#8230;&#8230;&#8230;&#8230;&#8230;&#8230;&#8230;&#8230;&#8230;&#8230;&#8230;&#8230;&#8230;&#8230;&#8230;&#8230;&#8230;&#8230;&#8230;&#8230;&#8230;&#8230;&#8230;&#8230;&#8230;&#8230;&#8230;&#8230;&#8230;.<br \/>\n&#8230;&#8230;&#8230;&#8230;&#8230;&#8230;&#8230;..<br \/>\n\u00a7 7\u00ba  A pena prevista no \u00a7 1\u00ba aumenta-se de 1\/3 (um ter\u00e7o) at\u00e9<br \/>\nmetade se o produto do crime for:<br \/>\nI &#8211; aparelho telef\u00f4nico de comunica\u00e7\u00e3o m\u00f3vel ou qualquer outro<br \/>\ndispositivo inform\u00e1tico com capacidade de armazenamento de dados<br \/>\ntemp-4-hours-expiration-69beda5d-73ae-4bbe-bca2-bb16e4fec2a01371013605076927320.tmp<br \/>\nAutenticado Eletronicamente, ap\u00f3s confer\u00eancia com o original.<br \/>\n1<br \/>\nApresenta\u00e7\u00e3o: 25\/06\/2025 18:24:09.760 &#8211; Mesa<br \/>\n*CD255286305000* PL n.3073\/2025<br \/>pessoais;<br \/>\nII &#8211; cabos, fios e equipamentos relacionados \u00e0 gera\u00e7\u00e3o, \u00e0<br \/>\ntransmiss\u00e3o e \u00e0 distribui\u00e7\u00e3o de energia el\u00e9trica ou \u00e0 presta\u00e7\u00e3o de<br \/>\nservi\u00e7os de telecomunica\u00e7\u00f5es;<br \/>\nIII &#8211; coisa alheia m\u00f3vel, destinada a atividades de distribui\u00e7\u00e3o<br \/>\ncomercial, de transporte ou de postagem, em dep\u00f3sito ou durante<br \/>\ntransporte terrestre, mar\u00edtimo, fluvial ou a\u00e9reo; ou<br \/>\nIV &#8211; f\u00e1rmacos, combust\u00edveis, fertilizantes e defensivos agr\u00edcolas,<br \/>\nmin\u00e9rios, cigarros, armas ou ve\u00edculos.\u201d (NR)<br \/>\n\u201cArt.<br \/>\n183.  &#8230;&#8230;&#8230;&#8230;&#8230;&#8230;&#8230;&#8230;&#8230;&#8230;&#8230;&#8230;&#8230;&#8230;&#8230;&#8230;&#8230;&#8230;&#8230;&#8230;&#8230;&#8230;&#8230;&#8230;&#8230;&#8230;&#8230;&#8230;&#8230;&#8230;..<br \/>\n&#8230;&#8230;..<br \/>\n&#8230;&#8230;&#8230;&#8230;&#8230;&#8230;&#8230;&#8230;&#8230;&#8230;&#8230;&#8230;&#8230;&#8230;&#8230;&#8230;&#8230;&#8230;&#8230;&#8230;&#8230;&#8230;&#8230;&#8230;&#8230;&#8230;&#8230;&#8230;&#8230;&#8230;&#8230;.<br \/>\n&#8230;&#8230;&#8230;&#8230;&#8230;&#8230;&#8230;..<br \/>\nII &#8211; ao estranho que participa do crime;<br \/>\nIII &#8211; se o crime \u00e9 praticado contra pessoa com idade igual ou<br \/>\nsuperior a 60 (sessenta) anos;<br \/>\nIV &#8211; ao crime de recepta\u00e7\u00e3o qualificada previsto no art. 180, \u00a7 7\u00ba.\u201d<br \/>\n(NR)<br \/>\nArt. 2\u00ba  Esta Lei entra em vigor na data de sua publica\u00e7\u00e3o.<br \/>\nBras\u00edlia,<br \/>\ntemp-4-hours-expiration-69beda5d-73ae-4bbe-bca2-bb16e4fec2a01371013605076927320.tmp<br \/>\nAutenticado Eletronicamente, ap\u00f3s confer\u00eancia com o original.<br \/>\n2<br \/>\nApresenta\u00e7\u00e3o: 25\/06\/2025 18:24:09.760 &#8211; Mesa<br \/>\n*CD255286305000* PL n.3073\/2025<br \/>EM n\u00ba 00103\/2025 MJSP<\/p>\n<p>Bras\u00edlia, 13 de Junho de 2025<br \/>\nExcelent\u00edssimo Senhor Presidente da Rep\u00fablica,<br \/>\nSubmetemos \u00e0 considera\u00e7\u00e3o de Vossa Excel\u00eancia a proposta de Projeto de Lei que visa, em<br \/>\ns\u00edntese, alterar o Decreto-Lei n\u00ba 2.848, de 7 de dezembro de 1940 &#8211; C\u00f3digo Penal, para incluir novas<br \/>\nmodalidades qualificadas dos crimes de furto e de recepta\u00e7\u00e3o e hip\u00f3tese de escusa absolut\u00f3ria.<br \/>\nO crime tem se expandido, infiltrando-se de forma cada vez mais expressiva no setor legal da<br \/>\neconomia brasileira. Segundo a Iniciativa Global contra o Crime Organizado Transnacional &#8211; Gitoc, a<br \/>\nprodu\u00e7\u00e3o e a distribui\u00e7\u00e3o de produtos falsificados tem impacto em todo o mundo.<br \/>\nEm 2022, o \u00cdndice Global de Crime Organizado colocou o Brasil na 171\u00aa posi\u00e7\u00e3o em ranking<br \/>\ncomposto por 193 pa\u00edses em rela\u00e7\u00e3o ao com\u00e9rcio de produtos falsificados.<br \/>\nO mercado ilegal tem drenado, de forma crescente, recursos da economia, distorcendo<br \/>\nrela\u00e7\u00f5es concorrenciais, prejudicando a estrutura p\u00fablica, contribuindo para a inseguran\u00e7a e,<br \/>\ninevitavelmente, comprometendo o futuro do pa\u00eds.<br \/>\nEstudo feito pela Confedera\u00e7\u00e3o Nacional da Ind\u00fastria &#8211; CNI, em conjunto com a Federa\u00e7\u00e3o<br \/>\ndas Ind\u00fastrias do Estado do Rio de Janeiro \u2013 Firjan e com a Federa\u00e7\u00e3o das Ind\u00fastrias do Estado de S\u00e3o<br \/>\nPaulo &#8211; Fiesp, mostrou que o preju\u00edzo econ\u00f4mico do mercado ilegal ao Brasil passou de R$ 450 bilh\u00f5es<br \/>\nem 2024.<br \/>\nNo que diz respeito ao combate \u00e0 comercializa\u00e7\u00e3o e \u00e0 utiliza\u00e7\u00e3o de equipamentos de<br \/>\ntelecomunica\u00e7\u00f5es sem homologa\u00e7\u00e3o, a Ag\u00eancia Nacional de Telecomunica\u00e7\u00f5es &#8211; Anatel tem o Plano de<br \/>\nA\u00e7\u00e3o de Combate \u00e0 Pirataria.<br \/>\nEntre esses produtos, est\u00e3o aparelhos celulares. Embora os dados do 18\u00ba Anu\u00e1rio do F\u00f3rum<br \/>\nBrasileiro de Seguran\u00e7a P\u00fablica tenham mostrado uma redu\u00e7\u00e3o de 4,7% nas ocorr\u00eancias de roubo e furto<br \/>\ntemp-4-hours-expiration-69beda5d-73ae-4bbe-bca2-bb16e4fec2a01371013605076927320.tmp<br \/>\nAutenticado Eletronicamente, ap\u00f3s confer\u00eancia com o original.<br \/>\n3<br \/>\nApresenta\u00e7\u00e3o: 25\/06\/2025 18:24:09.760 &#8211; Mesa<br \/>\n*CD255286305000* PL n.3073\/2025<br \/>de celular em 2023 em rela\u00e7\u00e3o a 2022, os n\u00fameros seguem altos.<br \/>\nNo ano passado, foram quase 1 milh\u00e3o de registros desses crimes em delegacias de todo pa\u00eds,<br \/>\ncom uma m\u00e9dia alarmante de quase dois aparelhos subtra\u00eddos a cada minuto.<br \/>\n\u00c9 evidente, portanto, a crescente import\u00e2ncia dos celulares na din\u00e2mica dos crimes<br \/>\npatrimoniais. Isso n\u00e3o se deve apenas ao elevado n\u00famero de infra\u00e7\u00f5es, mas tamb\u00e9m ao fato de que esses<br \/>\ndispositivos se tornaram porta de entrada para o crime organizado, facilitando o acesso a uma s\u00e9rie de<br \/>\noutras modalidades de delitos.<br \/>\nEssas pr\u00e1ticas, como os estelionatos e golpes virtuais, est\u00e3o n\u00e3o apenas financiando, mas<br \/>\ntamb\u00e9m ampliando o poder das organiza\u00e7\u00f5es criminosas no Brasil.<br \/>\nEssa nova din\u00e2mica de crime tem gerado preju\u00edzo bilion\u00e1rio ao pa\u00eds. A Pesquisa de<br \/>\nVitimiza\u00e7\u00e3o e Percep\u00e7\u00e3o sobre Viol\u00eancia e Seguran\u00e7a P\u00fablica, realizada pelo Datafolha, em junho de<br \/>\n2023, mostra que, nos \u00faltimos 12 meses anteriores ao estudo, o impacto financeiro dos crimes virtuais e<br \/>\nroubos de celulares havia ultrapassado a cifra de R$ 190 bilh\u00f5es. E dos 13 delitos patrimoniais mais<br \/>\ncomuns em todo o pa\u00eds, os cibern\u00e9ticos est\u00e3o no topo da lista, causando um preju\u00edzo de R$ 25 bilh\u00f5es.<br \/>\nNesse contexto, a presente proposta busca enfrentar o efeito sist\u00eamico presente em crimes que<br \/>\nenvolvem atividades comerciais e industriais, cujos danos transcendem o patrim\u00f4nio da v\u00edtima e<br \/>\nimpactam diversos setores econ\u00f4micos nacionais. O produto desses delitos hoje alimenta cadeias de valor<br \/>\ninterestaduais e internacionais, produzindo efeitos delet\u00e9rios para a economia do pa\u00eds como um todo.<br \/>\nPara tanto, altera-se o art. 155, \u00a7 4\u00ba, do C\u00f3digo Penal, inserindo nova hip\u00f3tese de furto<br \/>\nqualificado aplic\u00e1vel ao crime cometido em benef\u00edcio de terceiro mediante pagamento ou no exerc\u00edcio de<br \/>\natividade comercial ou industrial, l\u00edtica ou il\u00edcita. Tal proposta visa coibir de maneira mais acentuada a<br \/>\npr\u00e1tica de crimes patrimoniais sob encomenda de organiza\u00e7\u00f5es criminosas que exploram o mercado<br \/>\nparalelo de produtos furtados.<br \/>\nAdemais, a inser\u00e7\u00e3o do \u00a7 7\u00ba no art. 180 visa aumentar a pena da recepta\u00e7\u00e3o qualificada de 1\/3<br \/>\n(um ter\u00e7o) at\u00e9 metade quando o produto do crime consistir em aparelho telef\u00f4nico de comunica\u00e7\u00e3o m\u00f3vel<br \/>\nou qualquer outro dispositivo inform\u00e1tico com capacidade de armazenamento de dados pessoais (inciso<br \/>\nI); cabos, fios e equipamentos relacionados \u00e0 gera\u00e7\u00e3o, \u00e0 transmiss\u00e3o e \u00e0 distribui\u00e7\u00e3o de energia el\u00e9trica ou<br \/>\n\u00e0 presta\u00e7\u00e3o de servi\u00e7os de telecomunica\u00e7\u00f5es (inciso II); coisa alheia m\u00f3vel, destinada a atividades de<br \/>\ndistribui\u00e7\u00e3o comercial, de transporte ou de postagem, em dep\u00f3sito ou durante transporte terrestre,<br \/>\nmar\u00edtimo, fluvial ou a\u00e9reo (inciso III); ou f\u00e1rmacos, combust\u00edveis, fertilizantes e defensivos agr\u00edcolas,<br \/>\nmin\u00e9rios, cigarros, armas ou ve\u00edculos (inciso IV).<br \/>\ntemp-4-hours-expiration-69beda5d-73ae-4bbe-bca2-bb16e4fec2a01371013605076927320.tmp<br \/>\nAutenticado Eletronicamente, ap\u00f3s confer\u00eancia com o original.<br \/>\n4<br \/>\nApresenta\u00e7\u00e3o: 25\/06\/2025 18:24:09.760 &#8211; Mesa<br \/>\n*CD255286305000* PL n.3073\/2025<br \/>Por fim, a inclus\u00e3o de nova hip\u00f3tese de escusa absolut\u00f3ria no art. 183 possibilita a<br \/>\nresponsabiliza\u00e7\u00e3o criminal de recepta\u00e7\u00e3o qualificada mesmo quando cometidos entre familiares.<br \/>\nEssas, Excelent\u00edssimo Senhor Presidente, s\u00e3o, em s\u00edntese, as raz\u00f5es que justificam o<br \/>\nencaminhamento da presente proposta de ato normativo \u00e0 considera\u00e7\u00e3o de Vossa Excel\u00eancia.<br \/>\nRespeitosamente,<br \/>\nAssinado eletronicamente por: Enrique Ricardo Lewandowski<br \/>\ntemp-4-hours-expiration-69beda5d-73ae-4bbe-bca2-bb16e4fec2a01371013605076927320.tmp<br \/>\nAutenticado Eletronicamente, ap\u00f3s confer\u00eancia com o original.<br \/>\n5<br \/>\nApresenta\u00e7\u00e3o: 25\/06\/2025 18:24:09.760 &#8211; Mesa<br \/>\n*CD255286305000* PL n.3073\/2025<\/article>\n<p><a href='https:\/\/app.legislapp.com.br\/#\/busca?termo=Altera\u00e7\u00e3o'>Altera\u00e7\u00e3o<\/a>, <a href='https:\/\/app.legislapp.com.br\/#\/busca?termo=C\u00f3digo Penal (1940)'>C\u00f3digo Penal (1940)<\/a>, <a href='https:\/\/app.legislapp.com.br\/#\/busca?termo=Crime contra o patrim\u00f4nio'>Crime contra o patrim\u00f4nio<\/a>, <a href='https:\/\/app.legislapp.com.br\/#\/busca?termo=Circunst\u00e2ncia qualificadora'>Circunst\u00e2ncia qualificadora<\/a>, <a href='https:\/\/app.legislapp.com.br\/#\/busca?termo=furto'>furto<\/a>, <a href='https:\/\/app.legislapp.com.br\/#\/busca?termo=benef\u00edcio'>benef\u00edcio<\/a>, <a href='https:\/\/app.legislapp.com.br\/#\/busca?termo=terceiro'>terceiro<\/a>, <a href='https:\/\/app.legislapp.com.br\/#\/busca?termo=pagamento'>pagamento<\/a>, <a href='https:\/\/app.legislapp.com.br\/#\/busca?termo=atividade empresarial'>atividade empresarial<\/a>, <a href='https:\/\/app.legislapp.com.br\/#\/busca?termo=aumento da pena'>aumento da pena<\/a>, <a href='https:\/\/app.legislapp.com.br\/#\/busca?termo=recepta\u00e7\u00e3o'>recepta\u00e7\u00e3o<\/a>, <a href='https:\/\/app.legislapp.com.br\/#\/busca?termo=telefone celular'>telefone celular<\/a>, <a href='https:\/\/app.legislapp.com.br\/#\/busca?termo=Dispositivo inform\u00e1tico'>Dispositivo inform\u00e1tico<\/a>, <a href='https:\/\/app.legislapp.com.br\/#\/busca?termo=cabo el\u00e9trico'>cabo el\u00e9trico<\/a>, <a href='https:\/\/app.legislapp.com.br\/#\/busca?termo=equipamento'>equipamento<\/a>, <a href='https:\/\/app.legislapp.com.br\/#\/busca?termo=energia el\u00e9trica'>energia el\u00e9trica<\/a>, <a href='https:\/\/app.legislapp.com.br\/#\/busca?termo=telecomunica\u00e7\u00f5es'>telecomunica\u00e7\u00f5es<\/a>, <a href='https:\/\/app.legislapp.com.br\/#\/busca?termo=Coisa alheia m\u00f3vel'>Coisa alheia m\u00f3vel<\/a>, <a href='https:\/\/app.legislapp.com.br\/#\/busca?termo=f\u00e1rmaco'>f\u00e1rmaco<\/a>, <a href='https:\/\/app.legislapp.com.br\/#\/busca?termo=cigarro'>cigarro<\/a>, <a href='https:\/\/app.legislapp.com.br\/#\/busca?termo=fertilizante'>fertilizante<\/a>, <a href='https:\/\/app.legislapp.com.br\/#\/busca?termo=defensivo agr\u00edcola'>defensivo agr\u00edcola<\/a>, <a href='https:\/\/app.legislapp.com.br\/#\/busca?termo=combust\u00edvel'>combust\u00edvel<\/a>, <a href='https:\/\/app.legislapp.com.br\/#\/busca?termo=arma'>arma<\/a>, <a href='https:\/\/app.legislapp.com.br\/#\/busca?termo=ve\u00edculo.'>ve\u00edculo.<\/a><\/p>\n<div style=\"text-align: center\">\n      <img decoding=\"async\" style=\"width: 14%;\" src=\"https:\/\/www.legislapp.com.br\/wp-content\/uploads\/2021\/07\/Logo-Legislapp-1-03-1.png\"><br \/>\n      <\/p>\n<div style=\"margin-bottom: 20px;\" class=\"et_pb_button_module_wrapper et_pb_button_5_tb_body_wrapper et_pb_button_alignment_center et_pb_module \">\n         <a class=\"et_pb_button et_pb_button_5_tb_body et_hover_enabled et_pb_bg_layout_dark\" style=\"width: 50%;background-color: black;\" href=\"https:\/\/app.legislapp.com.br\" target=\"_blank\" rel=\"noopener\">Visualizar completo na nossa plataforma (30 dias gr\u00e1tis)<\/a><\/p><\/div>\n<p>      <a href=\"https:\/\/play.google.com\/store\/apps\/details?id=br.com.legislapp\"><img decoding=\"async\" style=\"width: 15%; min-width: 130px;\" src=\"https:\/\/www.legislapp.com.br\/wp-content\/uploads\/google-play.png\"><\/a><br \/>\n      <a href=\"https:\/\/apps.apple.com\/us\/app\/legislapp\/id1568929859\"><img decoding=\"async\" style=\"width: 15%; min-width: 130px\" src=\"https:\/\/www.legislapp.com.br\/wp-content\/uploads\/apple-store.png\"><\/a>\n   <\/div>\n","protected":false},"excerpt":{"rendered":"<p>Avulso Inicial &#8211; Autoria de Poder Executivo PROJETO DE LEI Altera o Decreto-Lei n\u00ba 2.848, de 7 de dezembro de 1940 \u2013 C\u00f3digo Penal, para dispor sobre as modalidades qualificadas dos crimes de furto e recepta\u00e7\u00e3o. O CONGRESSO NACIONAL decreta: Art. 1\u00ba O Decreto-Lei n\u00ba 2.848, de 7 de dezembro de 1940 \u2013 C\u00f3digo Penal, [&hellip;]<\/p>\n","protected":false},"author":1,"featured_media":0,"parent":0,"menu_order":0,"comment_status":"closed","ping_status":"closed","template":"page-template-blank.php","meta":{"_et_pb_use_builder":"","_et_pb_old_content":"","_et_gb_content_width":"1080","ngg_post_thumbnail":0,"footnotes":""},"class_list":["post-10463","page","type-page","status-publish","hentry"],"yoast_head":"<!-- This site is optimized with the Yoast SEO plugin v24.4 - https:\/\/yoast.com\/wordpress\/plugins\/seo\/ -->\n<title>Avulso Inicial - PL 3073\/2025 - C\u00e2mara - Legislapp<\/title>\n<meta name=\"robots\" content=\"index, follow, max-snippet:-1, max-image-preview:large, max-video-preview:-1\" \/>\n<link rel=\"canonical\" href=\"https:\/\/www.legislapp.com.br\/index.php\/avulso-inicial-pl-3073-2025-camara\/\" \/>\n<meta property=\"og:locale\" content=\"pt_BR\" \/>\n<meta property=\"og:type\" content=\"article\" \/>\n<meta property=\"og:title\" content=\"Avulso Inicial - PL 3073\/2025 - C\u00e2mara - Legislapp\" \/>\n<meta property=\"og:description\" content=\"Avulso Inicial &#8211; Autoria de Poder Executivo PROJETO DE LEI Altera o Decreto-Lei n\u00ba 2.848, de 7 de dezembro de 1940 \u2013 C\u00f3digo Penal, para dispor sobre as modalidades qualificadas dos crimes de furto e recepta\u00e7\u00e3o. O CONGRESSO NACIONAL decreta: Art. 1\u00ba O Decreto-Lei n\u00ba 2.848, de 7 de dezembro de 1940 \u2013 C\u00f3digo Penal, [&hellip;]\" \/>\n<meta property=\"og:url\" content=\"https:\/\/www.legislapp.com.br\/index.php\/avulso-inicial-pl-3073-2025-camara\/\" \/>\n<meta property=\"og:site_name\" content=\"Legislapp\" \/>\n<meta property=\"article:publisher\" content=\"https:\/\/www.instagram.com\/legislapp\/\" \/>\n<meta property=\"og:image\" content=\"https:\/\/www.legislapp.com.br\/wp-content\/uploads\/2021\/07\/Logo-Legislapp-1-03-1.png\" \/>\n<meta name=\"twitter:card\" content=\"summary_large_image\" \/>\n<meta name=\"twitter:label1\" content=\"Est. tempo de leitura\" \/>\n\t<meta name=\"twitter:data1\" content=\"7 minutos\" \/>\n<script type=\"application\/ld+json\" class=\"yoast-schema-graph\">{\"@context\":\"https:\/\/schema.org\",\"@graph\":[{\"@type\":\"WebPage\",\"@id\":\"https:\/\/www.legislapp.com.br\/index.php\/avulso-inicial-pl-3073-2025-camara\/\",\"url\":\"https:\/\/www.legislapp.com.br\/index.php\/avulso-inicial-pl-3073-2025-camara\/\",\"name\":\"Avulso Inicial - PL 3073\/2025 - C\u00e2mara - Legislapp\",\"isPartOf\":{\"@id\":\"https:\/\/www.legislapp.com.br\/#website\"},\"primaryImageOfPage\":{\"@id\":\"https:\/\/www.legislapp.com.br\/index.php\/avulso-inicial-pl-3073-2025-camara\/#primaryimage\"},\"image\":{\"@id\":\"https:\/\/www.legislapp.com.br\/index.php\/avulso-inicial-pl-3073-2025-camara\/#primaryimage\"},\"thumbnailUrl\":\"https:\/\/www.legislapp.com.br\/wp-content\/uploads\/2021\/07\/Logo-Legislapp-1-03-1.png\",\"datePublished\":\"2025-12-01T14:19:30+00:00\",\"breadcrumb\":{\"@id\":\"https:\/\/www.legislapp.com.br\/index.php\/avulso-inicial-pl-3073-2025-camara\/#breadcrumb\"},\"inLanguage\":\"pt-BR\",\"potentialAction\":[{\"@type\":\"ReadAction\",\"target\":[\"https:\/\/www.legislapp.com.br\/index.php\/avulso-inicial-pl-3073-2025-camara\/\"]}]},{\"@type\":\"ImageObject\",\"inLanguage\":\"pt-BR\",\"@id\":\"https:\/\/www.legislapp.com.br\/index.php\/avulso-inicial-pl-3073-2025-camara\/#primaryimage\",\"url\":\"https:\/\/www.legislapp.com.br\/wp-content\/uploads\/2021\/07\/Logo-Legislapp-1-03-1.png\",\"contentUrl\":\"https:\/\/www.legislapp.com.br\/wp-content\/uploads\/2021\/07\/Logo-Legislapp-1-03-1.png\",\"width\":2679,\"height\":2697},{\"@type\":\"BreadcrumbList\",\"@id\":\"https:\/\/www.legislapp.com.br\/index.php\/avulso-inicial-pl-3073-2025-camara\/#breadcrumb\",\"itemListElement\":[{\"@type\":\"ListItem\",\"position\":1,\"name\":\"In\u00edcio\",\"item\":\"https:\/\/www.legislapp.com.br\/\"},{\"@type\":\"ListItem\",\"position\":2,\"name\":\"Avulso Inicial &#8211; PL 3073\/2025 &#8211; C\u00e2mara\"}]},{\"@type\":\"WebSite\",\"@id\":\"https:\/\/www.legislapp.com.br\/#website\",\"url\":\"https:\/\/www.legislapp.com.br\/\",\"name\":\"Legislapp\",\"description\":\"Intelig\u00eancia governamental em tempo real\",\"publisher\":{\"@id\":\"https:\/\/www.legislapp.com.br\/#organization\"},\"potentialAction\":[{\"@type\":\"SearchAction\",\"target\":{\"@type\":\"EntryPoint\",\"urlTemplate\":\"https:\/\/www.legislapp.com.br\/?s={search_term_string}\"},\"query-input\":{\"@type\":\"PropertyValueSpecification\",\"valueRequired\":true,\"valueName\":\"search_term_string\"}}],\"inLanguage\":\"pt-BR\"},{\"@type\":\"Organization\",\"@id\":\"https:\/\/www.legislapp.com.br\/#organization\",\"name\":\"Legislapp Monitoramento e Intelig\u00eancia Governamental\",\"url\":\"https:\/\/www.legislapp.com.br\/\",\"logo\":{\"@type\":\"ImageObject\",\"inLanguage\":\"pt-BR\",\"@id\":\"https:\/\/www.legislapp.com.br\/#\/schema\/logo\/image\/\",\"url\":\"https:\/\/www.legislapp.com.br\/wp-content\/uploads\/icon.png\",\"contentUrl\":\"https:\/\/www.legislapp.com.br\/wp-content\/uploads\/icon.png\",\"width\":1024,\"height\":1024,\"caption\":\"Legislapp Monitoramento e Intelig\u00eancia Governamental\"},\"image\":{\"@id\":\"https:\/\/www.legislapp.com.br\/#\/schema\/logo\/image\/\"},\"sameAs\":[\"https:\/\/www.instagram.com\/legislapp\/\"]}]}<\/script>\n<!-- \/ Yoast SEO plugin. -->","yoast_head_json":{"title":"Avulso Inicial - PL 3073\/2025 - C\u00e2mara - Legislapp","robots":{"index":"index","follow":"follow","max-snippet":"max-snippet:-1","max-image-preview":"max-image-preview:large","max-video-preview":"max-video-preview:-1"},"canonical":"https:\/\/www.legislapp.com.br\/index.php\/avulso-inicial-pl-3073-2025-camara\/","og_locale":"pt_BR","og_type":"article","og_title":"Avulso Inicial - PL 3073\/2025 - C\u00e2mara - Legislapp","og_description":"Avulso Inicial &#8211; Autoria de Poder Executivo PROJETO DE LEI Altera o Decreto-Lei n\u00ba 2.848, de 7 de dezembro de 1940 \u2013 C\u00f3digo Penal, para dispor sobre as modalidades qualificadas dos crimes de furto e recepta\u00e7\u00e3o. O CONGRESSO NACIONAL decreta: Art. 1\u00ba O Decreto-Lei n\u00ba 2.848, de 7 de dezembro de 1940 \u2013 C\u00f3digo Penal, [&hellip;]","og_url":"https:\/\/www.legislapp.com.br\/index.php\/avulso-inicial-pl-3073-2025-camara\/","og_site_name":"Legislapp","article_publisher":"https:\/\/www.instagram.com\/legislapp\/","og_image":[{"url":"https:\/\/www.legislapp.com.br\/wp-content\/uploads\/2021\/07\/Logo-Legislapp-1-03-1.png","type":"","width":"","height":""}],"twitter_card":"summary_large_image","twitter_misc":{"Est. tempo de leitura":"7 minutos"},"schema":{"@context":"https:\/\/schema.org","@graph":[{"@type":"WebPage","@id":"https:\/\/www.legislapp.com.br\/index.php\/avulso-inicial-pl-3073-2025-camara\/","url":"https:\/\/www.legislapp.com.br\/index.php\/avulso-inicial-pl-3073-2025-camara\/","name":"Avulso Inicial - PL 3073\/2025 - C\u00e2mara - Legislapp","isPartOf":{"@id":"https:\/\/www.legislapp.com.br\/#website"},"primaryImageOfPage":{"@id":"https:\/\/www.legislapp.com.br\/index.php\/avulso-inicial-pl-3073-2025-camara\/#primaryimage"},"image":{"@id":"https:\/\/www.legislapp.com.br\/index.php\/avulso-inicial-pl-3073-2025-camara\/#primaryimage"},"thumbnailUrl":"https:\/\/www.legislapp.com.br\/wp-content\/uploads\/2021\/07\/Logo-Legislapp-1-03-1.png","datePublished":"2025-12-01T14:19:30+00:00","breadcrumb":{"@id":"https:\/\/www.legislapp.com.br\/index.php\/avulso-inicial-pl-3073-2025-camara\/#breadcrumb"},"inLanguage":"pt-BR","potentialAction":[{"@type":"ReadAction","target":["https:\/\/www.legislapp.com.br\/index.php\/avulso-inicial-pl-3073-2025-camara\/"]}]},{"@type":"ImageObject","inLanguage":"pt-BR","@id":"https:\/\/www.legislapp.com.br\/index.php\/avulso-inicial-pl-3073-2025-camara\/#primaryimage","url":"https:\/\/www.legislapp.com.br\/wp-content\/uploads\/2021\/07\/Logo-Legislapp-1-03-1.png","contentUrl":"https:\/\/www.legislapp.com.br\/wp-content\/uploads\/2021\/07\/Logo-Legislapp-1-03-1.png","width":2679,"height":2697},{"@type":"BreadcrumbList","@id":"https:\/\/www.legislapp.com.br\/index.php\/avulso-inicial-pl-3073-2025-camara\/#breadcrumb","itemListElement":[{"@type":"ListItem","position":1,"name":"In\u00edcio","item":"https:\/\/www.legislapp.com.br\/"},{"@type":"ListItem","position":2,"name":"Avulso Inicial &#8211; PL 3073\/2025 &#8211; C\u00e2mara"}]},{"@type":"WebSite","@id":"https:\/\/www.legislapp.com.br\/#website","url":"https:\/\/www.legislapp.com.br\/","name":"Legislapp","description":"Intelig\u00eancia governamental em tempo real","publisher":{"@id":"https:\/\/www.legislapp.com.br\/#organization"},"potentialAction":[{"@type":"SearchAction","target":{"@type":"EntryPoint","urlTemplate":"https:\/\/www.legislapp.com.br\/?s={search_term_string}"},"query-input":{"@type":"PropertyValueSpecification","valueRequired":true,"valueName":"search_term_string"}}],"inLanguage":"pt-BR"},{"@type":"Organization","@id":"https:\/\/www.legislapp.com.br\/#organization","name":"Legislapp Monitoramento e Intelig\u00eancia Governamental","url":"https:\/\/www.legislapp.com.br\/","logo":{"@type":"ImageObject","inLanguage":"pt-BR","@id":"https:\/\/www.legislapp.com.br\/#\/schema\/logo\/image\/","url":"https:\/\/www.legislapp.com.br\/wp-content\/uploads\/icon.png","contentUrl":"https:\/\/www.legislapp.com.br\/wp-content\/uploads\/icon.png","width":1024,"height":1024,"caption":"Legislapp Monitoramento e Intelig\u00eancia Governamental"},"image":{"@id":"https:\/\/www.legislapp.com.br\/#\/schema\/logo\/image\/"},"sameAs":["https:\/\/www.instagram.com\/legislapp\/"]}]}},"_links":{"self":[{"href":"https:\/\/www.legislapp.com.br\/index.php\/wp-json\/wp\/v2\/pages\/10463","targetHints":{"allow":["GET"]}}],"collection":[{"href":"https:\/\/www.legislapp.com.br\/index.php\/wp-json\/wp\/v2\/pages"}],"about":[{"href":"https:\/\/www.legislapp.com.br\/index.php\/wp-json\/wp\/v2\/types\/page"}],"author":[{"embeddable":true,"href":"https:\/\/www.legislapp.com.br\/index.php\/wp-json\/wp\/v2\/users\/1"}],"replies":[{"embeddable":true,"href":"https:\/\/www.legislapp.com.br\/index.php\/wp-json\/wp\/v2\/comments?post=10463"}],"version-history":[{"count":0,"href":"https:\/\/www.legislapp.com.br\/index.php\/wp-json\/wp\/v2\/pages\/10463\/revisions"}],"wp:attachment":[{"href":"https:\/\/www.legislapp.com.br\/index.php\/wp-json\/wp\/v2\/media?parent=10463"}],"curies":[{"name":"wp","href":"https:\/\/api.w.org\/{rel}","templated":true}]}}