{"id":10479,"date":"2025-12-01T11:20:24","date_gmt":"2025-12-01T14:20:24","guid":{"rendered":"https:\/\/www.legislapp.com.br\/index.php\/avulso-inicial-pl-3117-2025-camara\/"},"modified":"2025-12-01T11:20:24","modified_gmt":"2025-12-01T14:20:24","slug":"avulso-inicial-pl-3117-2025-camara","status":"publish","type":"page","link":"https:\/\/www.legislapp.com.br\/index.php\/avulso-inicial-pl-3117-2025-camara\/","title":{"rendered":"Avulso Inicial &#8211; PL 3117\/2025 &#8211; C\u00e2mara"},"content":{"rendered":"<h1 style='text-align: center;'>Avulso Inicial &#8211; Autoria de Jandira Feghali<\/h3>\n<p><\/p>\n<article>PROJETO DE LEI N\u00ba          , DE 2025<br \/>\n(Da Sra. JANDIRA FEGHALI)<br \/>\nAltera o art. 213 do Decreto-Lei n\u00ba<br \/>\n2.848, de 7 de dezembro de 1940 (C\u00f3digo<br \/>\nPenal), para suprimir a express\u00e3o \u201cmediante<br \/>\nviol\u00eancia ou grave amea\u00e7a\u201d e acrescentar a<br \/>\naus\u00eancia de consentimento expresso para a<br \/>\nconfigura\u00e7\u00e3o do crime de estupro.<br \/>\nO Congresso Nacional decreta:<br \/>\nArt. 1\u00ba Esta lei altera o art. 215 do Decreto-Lei n\u00ba 2.848, de 7 de<br \/>\ndezembro de 1940 (C\u00f3digo Penal), para suprimir a express\u00e3o \u201cmediante<br \/>\nviol\u00eancia ou grave amea\u00e7a\u201d e acrescentar a aus\u00eancia de consentimento<br \/>\nexpresso para a configura\u00e7\u00e3o do crime de estupro.<br \/>\nArt. 2\u00ba O art. 213 do Decreto-Lei n\u00ba 2.848, de 7 de dezembro de<br \/>\n1940 (C\u00f3digo Penal), passa a vigorar com a seguinte reda\u00e7\u00e3o:<br \/>\n\u201cEstupro<br \/>\nArt. 213.  Constranger algu\u00e9m a ter conjun\u00e7\u00e3o carnal ou a<br \/>\npraticar ou permitir que com ele se pratique outro ato libidinoso,<br \/>\nsem o seu livre consentimento expresso:<br \/>\n&#8230;&#8230;&#8230;&#8230;&#8230;&#8230;&#8230;&#8230;&#8230;&#8230;&#8230;&#8230;&#8230;&#8230;&#8230;&#8230;&#8230;&#8230;..\u201c (NR)<br \/>\nArt.3\u00ba Esta lei entra em vigor na data de sua publica\u00e7\u00e3o.<br \/>\nPara verificar a assinatura, acesse https:\/\/infoleg-autenticidade-assinatura.camara.leg.br\/CD259128012700<br \/>\nAssinado eletronicamente pelo(a) Dep. Jandira Feghali<br \/>\nApresenta\u00e7\u00e3o: 30\/06\/2025 11:31:58.070 &#8211; Mesa<br \/>\n*CD259128012700* PL n.3117\/2025<br \/>2<br \/>\nJUSTIFICA\u00c7\u00c3O<br \/>\n O presente projeto de lei visa refor\u00e7ar e ampliar as disposi\u00e7\u00f5es<br \/>\ndo artigo 213 do C\u00f3digo Penal, que trata do crime de estupro. Essa iniciativa se<br \/>\njustifica pela gravidade e frequ\u00eancia de tais crimes, bem como pela<br \/>\nnecessidade de um arcabou\u00e7o jur\u00eddico mais eficiente na preven\u00e7\u00e3o e san\u00e7\u00e3o<br \/>\ndessas condutas, inclusive punindo com mais rigor os agressores sexuais,<br \/>\nprincipalmente em virtude da aus\u00eancia de consentimento expresso da v\u00edtima. A<br \/>\nproposta legislativa retira a necessidade de que haja viol\u00eancia ou grave<br \/>\namea\u00e7a para configurar o delito.<br \/>\nA proposta tem amparo na legisla\u00e7\u00e3o de outros pa\u00edses, como<br \/>\nSu\u00e9cia, Reino Unido e Alemanha onde sexo sem consentimento \u00e9<br \/>\nconsiderado estupro. Trata-se de um avan\u00e7o, em muito alcan\u00e7ado pela<br \/>\ncampanha #MeeToo, onde a l\u00f3gica do \u201cN\u00e3o \u00e9 N\u00e3o\u201d \u00e9 complementada<br \/>\npelo \u201cS\u00f3 Sim \u00e9 Sim\u201d.<br \/>\nNa Su\u00e9cia, a Lei \u00e9 de 2018 e determina que sexo sem<br \/>\nconsentimento \u00e9 estupro, mesmo quando n\u00e3o h\u00e1 amea\u00e7as ou uso de for\u00e7a. L\u00e1,<br \/>\nos promotores n\u00e3o precisar\u00e3o mais provar viol\u00eancia ou que a v\u00edtima estava em<br \/>\nsitua\u00e7\u00e3o de vulnerabilidade para estabelecer o estupro. Assim como no Brasil,<br \/>\na lei sueca anterior s\u00f3 considerava estupro o ato sexual acompanhado de<br \/>\nviol\u00eancia ou realizado sob amea\u00e7a.<br \/>\nSobre as cr\u00edticas apresentadas naquele pa\u00eds antes de sua<br \/>\naprova\u00e7\u00e3o a ju\u00edza Anna Hannell, que participou da elabora\u00e7\u00e3o da lei, foi<br \/>\ntaxativa ao dizer que n\u00e3o h\u00e1 absolutamente nenhuma exig\u00eancia de dizer &#8216;sim&#8217;<br \/>\nformalmente, de apertar um bot\u00e3o em um aplicativo, ou qualquer coisa do tipo.<br \/>\nPara ela, os tribunais estar\u00e3o atentos para que &#8220;o consentimento seja expresso<br \/>\ncom palavras, gestos ou de outra maneira&#8221;, elementos que os ju\u00edzes dever\u00e3o<br \/>\navaliar.<br \/>\nSobre a efetividade da Lei, os dados s\u00e3o ineg\u00e1veis. O<br \/>\nConselho Nacional Sueco para Preven\u00e7\u00e3o ao Crime registrou, em 2020, um<br \/>\naumento de 75% no n\u00famero de condena\u00e7\u00f5es por estupro ap\u00f3s a san\u00e7\u00e3o da lei.<br \/>\nPara verificar a assinatura, acesse https:\/\/infoleg-autenticidade-assinatura.camara.leg.br\/CD259128012700<br \/>\nAssinado eletronicamente pelo(a) Dep. Jandira Feghali<br \/>\nApresenta\u00e7\u00e3o: 30\/06\/2025 11:31:58.070 &#8211; Mesa<br \/>\n*CD259128012700* PL n.3117\/2025<br \/>3<br \/>\nOu seja, mais v\u00edtimas de estupro puderam, ao menos, ver seus agressores<br \/>\ncondenados pelo crime cometido.<br \/>\nNo Brasil, as estat\u00edsticas evidenciam um cen\u00e1rio alarmante de<br \/>\ncrimes contra a dignidade sexual. De acordo com o Anu\u00e1rio Brasileiro de<br \/>\nSeguran\u00e7a P\u00fablica de 2023, foram registrados mais de 70 mil casos de estupro<br \/>\nno pa\u00eds, sendo que cerca de 88% das v\u00edtimas eram mulheres e meninas.<br \/>\nAdemais, pesquisas apontam que a subnotifica\u00e7\u00e3o \u00e9 elevada, indicando que o<br \/>\nn\u00famero real de ocorr\u00eancias pode ser consideravelmente maior.<br \/>\nEmbora a legisla\u00e7\u00e3o penal brasileira j\u00e1 contemple a puni\u00e7\u00e3o do<br \/>\nestupro, a complexidade das din\u00e2micas envolvidas exige um aprimoramento<br \/>\nnormativo para garantir que todas as formas de aus\u00eancia de consentimento<br \/>\nexpresso sejam adequadamente contempladas. Atualmente, muitas vezes a<br \/>\nnecessidade de comprova\u00e7\u00e3o da viol\u00eancia e, principalmente da grave amea\u00e7a,<br \/>\nacaba transferindo \u00e0 v\u00edtima (j\u00e1 abalada pelo crime) um \u00f4nus desnecess\u00e1rio.<br \/>\nNesse sentido, a retirada da necessidade de viol\u00eancia e grave<br \/>\namea\u00e7a do artigo 213 do C\u00f3digo Penal busca especificar formas<br \/>\ncontempor\u00e2neas do cometimento do crime de estupro.<br \/>\nConclamo, portanto, os nobres pares para que aprovem este<br \/>\nprojeto de lei que representar\u00e1 um avan\u00e7o significativo na prote\u00e7\u00e3o das<br \/>\nmulheres e demais grupos vulner\u00e1veis, refor\u00e7ando o compromisso do Estado<br \/>\ncom a erradica\u00e7\u00e3o da viol\u00eancia sexual. O endurecimento da legisla\u00e7\u00e3o tamb\u00e9m<br \/>\nter\u00e1 um importante efeito pedag\u00f3gico, inibindo potenciais agressores e<br \/>\nincentivando um maior n\u00famero de den\u00fancias por parte das v\u00edtimas. Dessa<br \/>\nforma, a proposta se alinha \u00e0s diretrizes de prote\u00e7\u00e3o aos direitos humanos e \u00e0s<br \/>\npol\u00edticas p\u00fablicas de combate \u00e0 viol\u00eancia de g\u00eanero, contribuindo para uma<br \/>\nsociedade mais justa e segura para todas as pessoas.<br \/>\nSala das Sess\u00f5es, em        de                     de 2025.<br \/>\nDeputada JANDIRA FEGHALI<br \/>\nPCdoB\/RJ<br \/>\nPara verificar a assinatura, acesse https:\/\/infoleg-autenticidade-assinatura.camara.leg.br\/CD259128012700<br \/>\nAssinado eletronicamente pelo(a) Dep. Jandira Feghali<br \/>\nApresenta\u00e7\u00e3o: 30\/06\/2025 11:31:58.070 &#8211; Mesa<br \/>\n*CD259128012700* PL n.3117\/2025<br \/>4<br \/>\nPara verificar a assinatura, acesse https:\/\/infoleg-autenticidade-assinatura.camara.leg.br\/CD259128012700<br \/>\nAssinado eletronicamente pelo(a) Dep. Jandira Feghali<br \/>\nApresenta\u00e7\u00e3o: 30\/06\/2025 11:31:58.070 &#8211; Mesa<br \/>\n*CD259128012700* PL n.3117\/2025<\/article>\n<p><a href='https:\/\/app.legislapp.com.br\/#\/busca?termo=Altera\u00e7\u00e3o'>Altera\u00e7\u00e3o<\/a>, <a href='https:\/\/app.legislapp.com.br\/#\/busca?termo=C\u00f3digo Penal (1940)'>C\u00f3digo Penal (1940)<\/a>, <a href='https:\/\/app.legislapp.com.br\/#\/busca?termo=substitui\u00e7\u00e3o'>substitui\u00e7\u00e3o<\/a>, <a href='https:\/\/app.legislapp.com.br\/#\/busca?termo=express\u00e3o textual'>express\u00e3o textual<\/a>, <a href='https:\/\/app.legislapp.com.br\/#\/busca?termo=viol\u00eancia'>viol\u00eancia<\/a>, <a href='https:\/\/app.legislapp.com.br\/#\/busca?termo=grave amea\u00e7a'>grave amea\u00e7a<\/a>, <a href='https:\/\/app.legislapp.com.br\/#\/busca?termo=aus\u00eancia'>aus\u00eancia<\/a>, <a href='https:\/\/app.legislapp.com.br\/#\/busca?termo=consentimento'>consentimento<\/a>, <a href='https:\/\/app.legislapp.com.br\/#\/busca?termo=v\u00edtima'>v\u00edtima<\/a>, <a href='https:\/\/app.legislapp.com.br\/#\/busca?termo=tipo penal'>tipo penal<\/a>, <a href='https:\/\/app.legislapp.com.br\/#\/busca?termo=estupro'>estupro<\/a>, <a href='https:\/\/app.legislapp.com.br\/#\/busca?termo=crime contra a liberdade sexual'>crime contra a liberdade sexual<\/a>, <a href='https:\/\/app.legislapp.com.br\/#\/busca?termo=crime contra a dignidade sexual'>crime contra a dignidade sexual<\/a>, <a href='https:\/\/app.legislapp.com.br\/#\/busca?termo=combate'>combate<\/a>, <a href='https:\/\/app.legislapp.com.br\/#\/busca?termo=viol\u00eancia de g\u00eanero'>viol\u00eancia de g\u00eanero<\/a>, <a href='https:\/\/app.legislapp.com.br\/#\/busca?termo=viol\u00eancia sexual'>viol\u00eancia sexual<\/a>, <a href='https:\/\/app.legislapp.com.br\/#\/busca?termo=mulher'>mulher<\/a>, <a href='https:\/\/app.legislapp.com.br\/#\/busca?termo=menina.'>menina.<\/a><\/p>\n<div style=\"text-align: center\">\n      <img decoding=\"async\" style=\"width: 14%;\" src=\"https:\/\/www.legislapp.com.br\/wp-content\/uploads\/2021\/07\/Logo-Legislapp-1-03-1.png\"><br \/>\n      <\/p>\n<div style=\"margin-bottom: 20px;\" class=\"et_pb_button_module_wrapper et_pb_button_5_tb_body_wrapper et_pb_button_alignment_center et_pb_module \">\n         <a class=\"et_pb_button et_pb_button_5_tb_body et_hover_enabled et_pb_bg_layout_dark\" style=\"width: 50%;background-color: black;\" href=\"https:\/\/app.legislapp.com.br\" target=\"_blank\" rel=\"noopener\">Visualizar completo na nossa plataforma (30 dias gr\u00e1tis)<\/a><\/p><\/div>\n<p>      <a href=\"https:\/\/play.google.com\/store\/apps\/details?id=br.com.legislapp\"><img decoding=\"async\" style=\"width: 15%; min-width: 130px;\" src=\"https:\/\/www.legislapp.com.br\/wp-content\/uploads\/google-play.png\"><\/a><br \/>\n      <a href=\"https:\/\/apps.apple.com\/us\/app\/legislapp\/id1568929859\"><img decoding=\"async\" style=\"width: 15%; min-width: 130px\" src=\"https:\/\/www.legislapp.com.br\/wp-content\/uploads\/apple-store.png\"><\/a>\n   <\/div>\n","protected":false},"excerpt":{"rendered":"<p>Avulso Inicial &#8211; Autoria de Jandira Feghali PROJETO DE LEI N\u00ba , DE 2025 (Da Sra. JANDIRA FEGHALI) Altera o art. 213 do Decreto-Lei n\u00ba 2.848, de 7 de dezembro de 1940 (C\u00f3digo Penal), para suprimir a express\u00e3o \u201cmediante viol\u00eancia ou grave amea\u00e7a\u201d e acrescentar a aus\u00eancia de consentimento expresso para a configura\u00e7\u00e3o do crime [&hellip;]<\/p>\n","protected":false},"author":1,"featured_media":0,"parent":0,"menu_order":0,"comment_status":"closed","ping_status":"closed","template":"page-template-blank.php","meta":{"_et_pb_use_builder":"","_et_pb_old_content":"","_et_gb_content_width":"1080","ngg_post_thumbnail":0,"footnotes":""},"class_list":["post-10479","page","type-page","status-publish","hentry"],"yoast_head":"<!-- This site is optimized with the Yoast SEO plugin v24.4 - https:\/\/yoast.com\/wordpress\/plugins\/seo\/ -->\n<title>Avulso Inicial - PL 3117\/2025 - C\u00e2mara - Legislapp<\/title>\n<meta name=\"robots\" content=\"index, follow, max-snippet:-1, max-image-preview:large, max-video-preview:-1\" \/>\n<link rel=\"canonical\" href=\"https:\/\/www.legislapp.com.br\/index.php\/avulso-inicial-pl-3117-2025-camara\/\" \/>\n<meta property=\"og:locale\" content=\"pt_BR\" \/>\n<meta property=\"og:type\" content=\"article\" \/>\n<meta property=\"og:title\" content=\"Avulso Inicial - PL 3117\/2025 - C\u00e2mara - Legislapp\" \/>\n<meta property=\"og:description\" content=\"Avulso Inicial &#8211; Autoria de Jandira Feghali PROJETO DE LEI N\u00ba , DE 2025 (Da Sra. JANDIRA FEGHALI) Altera o art. 213 do Decreto-Lei n\u00ba 2.848, de 7 de dezembro de 1940 (C\u00f3digo Penal), para suprimir a express\u00e3o \u201cmediante viol\u00eancia ou grave amea\u00e7a\u201d e acrescentar a aus\u00eancia de consentimento expresso para a configura\u00e7\u00e3o do crime [&hellip;]\" \/>\n<meta property=\"og:url\" content=\"https:\/\/www.legislapp.com.br\/index.php\/avulso-inicial-pl-3117-2025-camara\/\" \/>\n<meta property=\"og:site_name\" content=\"Legislapp\" \/>\n<meta property=\"article:publisher\" content=\"https:\/\/www.instagram.com\/legislapp\/\" \/>\n<meta property=\"og:image\" content=\"https:\/\/www.legislapp.com.br\/wp-content\/uploads\/2021\/07\/Logo-Legislapp-1-03-1.png\" \/>\n<meta name=\"twitter:card\" content=\"summary_large_image\" \/>\n<meta name=\"twitter:label1\" content=\"Est. tempo de leitura\" \/>\n\t<meta name=\"twitter:data1\" content=\"5 minutos\" \/>\n<script type=\"application\/ld+json\" class=\"yoast-schema-graph\">{\"@context\":\"https:\/\/schema.org\",\"@graph\":[{\"@type\":\"WebPage\",\"@id\":\"https:\/\/www.legislapp.com.br\/index.php\/avulso-inicial-pl-3117-2025-camara\/\",\"url\":\"https:\/\/www.legislapp.com.br\/index.php\/avulso-inicial-pl-3117-2025-camara\/\",\"name\":\"Avulso Inicial - PL 3117\/2025 - C\u00e2mara - Legislapp\",\"isPartOf\":{\"@id\":\"https:\/\/www.legislapp.com.br\/#website\"},\"primaryImageOfPage\":{\"@id\":\"https:\/\/www.legislapp.com.br\/index.php\/avulso-inicial-pl-3117-2025-camara\/#primaryimage\"},\"image\":{\"@id\":\"https:\/\/www.legislapp.com.br\/index.php\/avulso-inicial-pl-3117-2025-camara\/#primaryimage\"},\"thumbnailUrl\":\"https:\/\/www.legislapp.com.br\/wp-content\/uploads\/2021\/07\/Logo-Legislapp-1-03-1.png\",\"datePublished\":\"2025-12-01T14:20:24+00:00\",\"breadcrumb\":{\"@id\":\"https:\/\/www.legislapp.com.br\/index.php\/avulso-inicial-pl-3117-2025-camara\/#breadcrumb\"},\"inLanguage\":\"pt-BR\",\"potentialAction\":[{\"@type\":\"ReadAction\",\"target\":[\"https:\/\/www.legislapp.com.br\/index.php\/avulso-inicial-pl-3117-2025-camara\/\"]}]},{\"@type\":\"ImageObject\",\"inLanguage\":\"pt-BR\",\"@id\":\"https:\/\/www.legislapp.com.br\/index.php\/avulso-inicial-pl-3117-2025-camara\/#primaryimage\",\"url\":\"https:\/\/www.legislapp.com.br\/wp-content\/uploads\/2021\/07\/Logo-Legislapp-1-03-1.png\",\"contentUrl\":\"https:\/\/www.legislapp.com.br\/wp-content\/uploads\/2021\/07\/Logo-Legislapp-1-03-1.png\",\"width\":2679,\"height\":2697},{\"@type\":\"BreadcrumbList\",\"@id\":\"https:\/\/www.legislapp.com.br\/index.php\/avulso-inicial-pl-3117-2025-camara\/#breadcrumb\",\"itemListElement\":[{\"@type\":\"ListItem\",\"position\":1,\"name\":\"In\u00edcio\",\"item\":\"https:\/\/www.legislapp.com.br\/\"},{\"@type\":\"ListItem\",\"position\":2,\"name\":\"Avulso Inicial &#8211; PL 3117\/2025 &#8211; C\u00e2mara\"}]},{\"@type\":\"WebSite\",\"@id\":\"https:\/\/www.legislapp.com.br\/#website\",\"url\":\"https:\/\/www.legislapp.com.br\/\",\"name\":\"Legislapp\",\"description\":\"Intelig\u00eancia governamental em tempo real\",\"publisher\":{\"@id\":\"https:\/\/www.legislapp.com.br\/#organization\"},\"potentialAction\":[{\"@type\":\"SearchAction\",\"target\":{\"@type\":\"EntryPoint\",\"urlTemplate\":\"https:\/\/www.legislapp.com.br\/?s={search_term_string}\"},\"query-input\":{\"@type\":\"PropertyValueSpecification\",\"valueRequired\":true,\"valueName\":\"search_term_string\"}}],\"inLanguage\":\"pt-BR\"},{\"@type\":\"Organization\",\"@id\":\"https:\/\/www.legislapp.com.br\/#organization\",\"name\":\"Legislapp Monitoramento e Intelig\u00eancia Governamental\",\"url\":\"https:\/\/www.legislapp.com.br\/\",\"logo\":{\"@type\":\"ImageObject\",\"inLanguage\":\"pt-BR\",\"@id\":\"https:\/\/www.legislapp.com.br\/#\/schema\/logo\/image\/\",\"url\":\"https:\/\/www.legislapp.com.br\/wp-content\/uploads\/icon.png\",\"contentUrl\":\"https:\/\/www.legislapp.com.br\/wp-content\/uploads\/icon.png\",\"width\":1024,\"height\":1024,\"caption\":\"Legislapp Monitoramento e Intelig\u00eancia Governamental\"},\"image\":{\"@id\":\"https:\/\/www.legislapp.com.br\/#\/schema\/logo\/image\/\"},\"sameAs\":[\"https:\/\/www.instagram.com\/legislapp\/\"]}]}<\/script>\n<!-- \/ Yoast SEO plugin. -->","yoast_head_json":{"title":"Avulso Inicial - PL 3117\/2025 - C\u00e2mara - Legislapp","robots":{"index":"index","follow":"follow","max-snippet":"max-snippet:-1","max-image-preview":"max-image-preview:large","max-video-preview":"max-video-preview:-1"},"canonical":"https:\/\/www.legislapp.com.br\/index.php\/avulso-inicial-pl-3117-2025-camara\/","og_locale":"pt_BR","og_type":"article","og_title":"Avulso Inicial - PL 3117\/2025 - C\u00e2mara - Legislapp","og_description":"Avulso Inicial &#8211; Autoria de Jandira Feghali PROJETO DE LEI N\u00ba , DE 2025 (Da Sra. JANDIRA FEGHALI) Altera o art. 213 do Decreto-Lei n\u00ba 2.848, de 7 de dezembro de 1940 (C\u00f3digo Penal), para suprimir a express\u00e3o \u201cmediante viol\u00eancia ou grave amea\u00e7a\u201d e acrescentar a aus\u00eancia de consentimento expresso para a configura\u00e7\u00e3o do crime [&hellip;]","og_url":"https:\/\/www.legislapp.com.br\/index.php\/avulso-inicial-pl-3117-2025-camara\/","og_site_name":"Legislapp","article_publisher":"https:\/\/www.instagram.com\/legislapp\/","og_image":[{"url":"https:\/\/www.legislapp.com.br\/wp-content\/uploads\/2021\/07\/Logo-Legislapp-1-03-1.png","type":"","width":"","height":""}],"twitter_card":"summary_large_image","twitter_misc":{"Est. tempo de leitura":"5 minutos"},"schema":{"@context":"https:\/\/schema.org","@graph":[{"@type":"WebPage","@id":"https:\/\/www.legislapp.com.br\/index.php\/avulso-inicial-pl-3117-2025-camara\/","url":"https:\/\/www.legislapp.com.br\/index.php\/avulso-inicial-pl-3117-2025-camara\/","name":"Avulso Inicial - PL 3117\/2025 - C\u00e2mara - Legislapp","isPartOf":{"@id":"https:\/\/www.legislapp.com.br\/#website"},"primaryImageOfPage":{"@id":"https:\/\/www.legislapp.com.br\/index.php\/avulso-inicial-pl-3117-2025-camara\/#primaryimage"},"image":{"@id":"https:\/\/www.legislapp.com.br\/index.php\/avulso-inicial-pl-3117-2025-camara\/#primaryimage"},"thumbnailUrl":"https:\/\/www.legislapp.com.br\/wp-content\/uploads\/2021\/07\/Logo-Legislapp-1-03-1.png","datePublished":"2025-12-01T14:20:24+00:00","breadcrumb":{"@id":"https:\/\/www.legislapp.com.br\/index.php\/avulso-inicial-pl-3117-2025-camara\/#breadcrumb"},"inLanguage":"pt-BR","potentialAction":[{"@type":"ReadAction","target":["https:\/\/www.legislapp.com.br\/index.php\/avulso-inicial-pl-3117-2025-camara\/"]}]},{"@type":"ImageObject","inLanguage":"pt-BR","@id":"https:\/\/www.legislapp.com.br\/index.php\/avulso-inicial-pl-3117-2025-camara\/#primaryimage","url":"https:\/\/www.legislapp.com.br\/wp-content\/uploads\/2021\/07\/Logo-Legislapp-1-03-1.png","contentUrl":"https:\/\/www.legislapp.com.br\/wp-content\/uploads\/2021\/07\/Logo-Legislapp-1-03-1.png","width":2679,"height":2697},{"@type":"BreadcrumbList","@id":"https:\/\/www.legislapp.com.br\/index.php\/avulso-inicial-pl-3117-2025-camara\/#breadcrumb","itemListElement":[{"@type":"ListItem","position":1,"name":"In\u00edcio","item":"https:\/\/www.legislapp.com.br\/"},{"@type":"ListItem","position":2,"name":"Avulso Inicial &#8211; PL 3117\/2025 &#8211; C\u00e2mara"}]},{"@type":"WebSite","@id":"https:\/\/www.legislapp.com.br\/#website","url":"https:\/\/www.legislapp.com.br\/","name":"Legislapp","description":"Intelig\u00eancia governamental em tempo real","publisher":{"@id":"https:\/\/www.legislapp.com.br\/#organization"},"potentialAction":[{"@type":"SearchAction","target":{"@type":"EntryPoint","urlTemplate":"https:\/\/www.legislapp.com.br\/?s={search_term_string}"},"query-input":{"@type":"PropertyValueSpecification","valueRequired":true,"valueName":"search_term_string"}}],"inLanguage":"pt-BR"},{"@type":"Organization","@id":"https:\/\/www.legislapp.com.br\/#organization","name":"Legislapp Monitoramento e Intelig\u00eancia Governamental","url":"https:\/\/www.legislapp.com.br\/","logo":{"@type":"ImageObject","inLanguage":"pt-BR","@id":"https:\/\/www.legislapp.com.br\/#\/schema\/logo\/image\/","url":"https:\/\/www.legislapp.com.br\/wp-content\/uploads\/icon.png","contentUrl":"https:\/\/www.legislapp.com.br\/wp-content\/uploads\/icon.png","width":1024,"height":1024,"caption":"Legislapp Monitoramento e Intelig\u00eancia Governamental"},"image":{"@id":"https:\/\/www.legislapp.com.br\/#\/schema\/logo\/image\/"},"sameAs":["https:\/\/www.instagram.com\/legislapp\/"]}]}},"_links":{"self":[{"href":"https:\/\/www.legislapp.com.br\/index.php\/wp-json\/wp\/v2\/pages\/10479","targetHints":{"allow":["GET"]}}],"collection":[{"href":"https:\/\/www.legislapp.com.br\/index.php\/wp-json\/wp\/v2\/pages"}],"about":[{"href":"https:\/\/www.legislapp.com.br\/index.php\/wp-json\/wp\/v2\/types\/page"}],"author":[{"embeddable":true,"href":"https:\/\/www.legislapp.com.br\/index.php\/wp-json\/wp\/v2\/users\/1"}],"replies":[{"embeddable":true,"href":"https:\/\/www.legislapp.com.br\/index.php\/wp-json\/wp\/v2\/comments?post=10479"}],"version-history":[{"count":0,"href":"https:\/\/www.legislapp.com.br\/index.php\/wp-json\/wp\/v2\/pages\/10479\/revisions"}],"wp:attachment":[{"href":"https:\/\/www.legislapp.com.br\/index.php\/wp-json\/wp\/v2\/media?parent=10479"}],"curies":[{"name":"wp","href":"https:\/\/api.w.org\/{rel}","templated":true}]}}