{"id":10484,"date":"2025-12-01T11:20:48","date_gmt":"2025-12-01T14:20:48","guid":{"rendered":"https:\/\/www.legislapp.com.br\/index.php\/avulso-inicial-pl-1884-2024-camara\/"},"modified":"2025-12-01T11:20:48","modified_gmt":"2025-12-01T14:20:48","slug":"avulso-inicial-pl-1884-2024-camara","status":"publish","type":"page","link":"https:\/\/www.legislapp.com.br\/index.php\/avulso-inicial-pl-1884-2024-camara\/","title":{"rendered":"Avulso Inicial &#8211; PL 1884\/2024 &#8211; C\u00e2mara"},"content":{"rendered":"<h1 style='text-align: center;'>Avulso Inicial &#8211; Autoria de Senado Federal<\/h3>\n<p><\/p>\n<article>Regulamenta o exerc\u00edcio das profiss\u00f5es de<br \/>\ninstrutor de voo livre e de piloto de voo<br \/>\nduplo tur\u00edstico de aventura.<br \/>\nO Congresso Nacional decreta:<br \/>\nArt. 1\u00ba Esta Lei regulamenta o exerc\u00edcio profissional dos instrutores de voo livre<br \/>\ne dos pilotos de voo duplo tur\u00edstico de aventura, dispondo sobre as atribui\u00e7\u00f5es, as<br \/>\ncompet\u00eancias e os requisitos exigidos para a pr\u00e1tica dessas atividades, em todo o territ\u00f3rio<br \/>\nnacional.<br \/>\nArt. 2\u00ba \u00c9 instrutor de voo livre o profissional dedicado \u00e0 forma\u00e7\u00e3o de<br \/>\naerodesportistas, com registro na Confedera\u00e7\u00e3o Brasileira de Voo Livre (CBVL), entidade<br \/>\nrespons\u00e1vel pela forma\u00e7\u00e3o de pilotos de aeronaves experimentais, tais como ultraleves,<br \/>\nparapentes e asas voadoras (asas-delta), n\u00e3o propulsadas, e na Federa\u00e7\u00e3o Aeron\u00e1utica<br \/>\nInternacional (FAI), devendo possuir cadastro de aerodesportista emitido pela Ag\u00eancia<br \/>\nNacional de Avia\u00e7\u00e3o Civil (Anac), conforme o Regulamento Brasileiro de Avia\u00e7\u00e3o Civil<br \/>\nn\u00ba 103 (RBAC-103).<br \/>\nArt. 3\u00ba S\u00e3o de responsabilidade dos instrutores de voo livre:<br \/>\nI \u2013 a instru\u00e7\u00e3o dos alunos acerca dos conhecimentos te\u00f3ricos e pr\u00e1ticos e das<br \/>\nhabilidades necess\u00e1rias \u00e0 obten\u00e7\u00e3o, \u00e0 altera\u00e7\u00e3o de n\u00edvel e \u00e0 renova\u00e7\u00e3o de licen\u00e7as<br \/>\ndesportivas e de certifica\u00e7\u00f5es necess\u00e1rias para pilotar ultraleves, parapentes e asas-delta n\u00e3o<br \/>\npropulsados;<br \/>\nII \u2013 a coordena\u00e7\u00e3o, a administra\u00e7\u00e3o e a realiza\u00e7\u00e3o de cursos de especializa\u00e7\u00e3o e<br \/>\nsimilares, com programas de ensino e cargas hor\u00e1rias m\u00ednimas preestabelecidas, definidos<br \/>\nem instru\u00e7\u00f5es normativas ou regulamentos de avia\u00e7\u00e3o civil emitidos por autoridades<br \/>\nnacionais competentes, pela CBVL ou pela FAI;<br \/>\nIII \u2013 a frequ\u00eancia dos cursos de forma\u00e7\u00e3o, de aperfei\u00e7oamento e de atualiza\u00e7\u00e3o<br \/>\npromovidos pelo sistema confederativo desportivo nacional, dentre eles a CBVL e a FAI;<br \/>\nIV \u2013 a orienta\u00e7\u00e3o dos alunos quanto \u00e0 seguran\u00e7a e \u00e0 sa\u00fade na aprendizagem e na<br \/>\natividade aerodesportiva dessas especialidades;<br \/>\nV \u2013 a realiza\u00e7\u00e3o e a opera\u00e7\u00e3o de voos instrucionais de forma\u00e7\u00e3o e de voos duplos<br \/>\ninstrucionais de turismo e aventura.<br \/>\nPar\u00e1grafo \u00fanico. Nas aulas pr\u00e1ticas de pilotagem, o instrutor de voo livre<br \/>\nsomente poder\u00e1 instruir candidatos \u00e0 habilita\u00e7\u00e3o para a categoria igual ou inferior \u00e0quela em<br \/>\nque esteja habilitado.<br \/>\nArt. 4\u00ba S\u00e3o requisitos para o exerc\u00edcio da profiss\u00e3o de instrutor de voo livre:<br \/>\nI \u2013 ter, no m\u00ednimo, 18 (dezoito) anos de idade;<br \/>\nAutenticado Eletronicamente, ap\u00f3s confer\u00eancia com o original.<br \/>\nApresenta\u00e7\u00e3o: 07\/07\/2025 14:41:33.447 &#8211; Mesa<br \/>\n*CD254328168400* PL n.1884\/2024<br \/>2<br \/>\nII \u2013 ter habilita\u00e7\u00e3o homologada pela CBVL ou pela FAI;<br \/>\nIII \u2013 n\u00e3o ter sofrido puni\u00e7\u00e3o administrativa e disciplinar de pilotagem de natureza<br \/>\ngrav\u00edssima no \u00faltimo ano civil;<br \/>\nIV \u2013 comprovar condi\u00e7\u00f5es de sa\u00fade e capacidade f\u00edsica e psicol\u00f3gica para o<br \/>\nexerc\u00edcio da profiss\u00e3o, nos termos do regulamento.<br \/>\nPar\u00e1grafo \u00fanico. \u00c9 assegurado o direito de exerc\u00edcio profissional de instrutor de<br \/>\nvoo livre aos profissionais que j\u00e1 estejam credenciados de acordo com as normas<br \/>\nregulamentadoras da CBVL ou da FAI na data da entrada em vigor desta Lei, ressalvada a<br \/>\npossibilidade de exig\u00eancia de cursos de atualiza\u00e7\u00e3o ou readapta\u00e7\u00e3o.<br \/>\nArt. 5\u00ba \u00c9 piloto de voo duplo tur\u00edstico de aventura o profissional respons\u00e1vel<br \/>\npela movimenta\u00e7\u00e3o tur\u00edstica de car\u00e1ter recreativo e n\u00e3o competitivo de tomadores do<br \/>\nservi\u00e7o de voo duplo tur\u00edstico de aventura em aeronaves experimentais, tais como<br \/>\nultraleves, parapentes e asas-delta, n\u00e3o propulsadas, com registro na CBVL ou na FAI.<br \/>\nPar\u00e1grafo \u00fanico. Considera-se voo duplo tur\u00edstico de aventura aquele realizado<br \/>\nem locais apropriados para a pr\u00e1tica desta modalidade aerodesportiva, no qual pilotos<br \/>\ninstrutores ou pilotos de voo duplo tur\u00edstico de aventura, utilizando-se de equipamentos<br \/>\nhomologados pelos \u00f3rg\u00e3os credenciados e todos os acess\u00f3rios de seguran\u00e7a, decolam, voam<br \/>\ne pousam com pessoas maiores de 16 (dezesseis) anos de idade.<br \/>\nArt. 6\u00ba S\u00e3o de responsabilidade dos pilotos de voo duplo tur\u00edstico de aventura:<br \/>\nI \u2013 a opera\u00e7\u00e3o de voos duplos tur\u00edsticos de aventura nos termos do art. 34, \u00a7 1\u00ba,<br \/>\ndo Decreto n\u00ba 7.381, de 2 de dezembro de 2010;<br \/>\nII \u2013 a frequ\u00eancia, com certificado de conclus\u00e3o, a cursos de aperfei\u00e7oamento ou<br \/>\nde atualiza\u00e7\u00e3o promovidos pela CBVL ou pela FAI, integrantes do sistema confederativo<br \/>\naerodesportivo internacional;<br \/>\nIII \u2013 a orienta\u00e7\u00e3o dos tomadores do servi\u00e7o de voo duplo tur\u00edstico de aventura na<br \/>\nprepara\u00e7\u00e3o para a pr\u00e1tica segura do voo em aeronave experimental n\u00e3o propulsada na \u00e1rea<br \/>\nde sua especialidade.<br \/>\nArt. 7\u00ba S\u00e3o requisitos para o exerc\u00edcio da profiss\u00e3o de piloto de voo duplo<br \/>\ntur\u00edstico de aventura:<br \/>\nI \u2013 ter, no m\u00ednimo, 21 (vinte e um) anos de idade;<br \/>\nII \u2013 ter habilita\u00e7\u00e3o homologada pela CBVL ou pela FAI;<br \/>\nIII \u2013 n\u00e3o ter sofrido puni\u00e7\u00e3o administrativa ou disciplinar de pilotagem de<br \/>\nnatureza grav\u00edssima no \u00faltimo ano civil;<br \/>\nIV \u2013 comprovar condi\u00e7\u00f5es de sa\u00fade e capacidade f\u00edsica e psicol\u00f3gica para o<br \/>\nexerc\u00edcio da profiss\u00e3o, nos termos do regulamento.<br \/>\nPar\u00e1grafo \u00fanico. \u00c9 assegurado o direito de exerc\u00edcio profissional de piloto de voo<br \/>\nduplo tur\u00edstico de aventura aos profissionais que j\u00e1 estejam credenciados de acordo com as<br \/>\nnormas regulamentadoras da CBVL ou da FAI na data da entrada em vigor desta Lei,<br \/>\nressalvada a possibilidade de exig\u00eancia de cursos de atualiza\u00e7\u00e3o ou readapta\u00e7\u00e3o.<br \/>\nArt. 8\u00ba S\u00e3o deveres do instrutor de voo livre e do piloto de voo duplo tur\u00edstico de<br \/>\naventura:<br \/>\nI \u2013 desempenhar com zelo e presteza as atividades a que se dedica;<br \/>\nAutenticado Eletronicamente, ap\u00f3s confer\u00eancia com o original.<br \/>\nApresenta\u00e7\u00e3o: 07\/07\/2025 14:41:33.447 &#8211; Mesa<br \/>\n*CD254328168400* PL n.1884\/2024<br \/>3<br \/>\nII \u2013 portar identifica\u00e7\u00e3o profissional;<br \/>\nIII \u2013 cumprir e fazer cumprir todas as normas regulamentares que regem as<br \/>\npr\u00e1ticas aerodesportivas, bem como as relativas ao turismo de aventura, nos termos da Lei<br \/>\nn\u00ba 7.565, de 19 de dezembro de 1986 (C\u00f3digo Brasileiro de Aeron\u00e1utica).<br \/>\nPar\u00e1grafo \u00fanico. A identifica\u00e7\u00e3o referida no inciso II do caput deste artigo ser\u00e1<br \/>\nfornecida pela CBVL ou pela FAI e ter\u00e1 validade em todo o territ\u00f3rio nacional.<br \/>\nArt. 9\u00ba \u00c9 vedado ao instrutor de voo livre e ao piloto de voo duplo tur\u00edstico de<br \/>\naventura:<br \/>\nI \u2013 realizar propaganda contr\u00e1ria \u00e0 \u00e9tica profissional;<br \/>\nII \u2013 obstar ou dificultar a fiscaliza\u00e7\u00e3o por parte de agentes credenciados pela<br \/>\nCBVL, pela FAI ou por federa\u00e7\u00f5es, clubes e associa\u00e7\u00f5es locais;<br \/>\nIII \u2013 transgredir ou deixar de cumprir quaisquer exig\u00eancias legais e<br \/>\nregulamentares aplic\u00e1veis ao exerc\u00edcio de suas atribui\u00e7\u00f5es.<br \/>\nArt. 10. S\u00e3o direitos do instrutor de voo livre e do piloto de voo duplo tur\u00edstico<br \/>\nde aventura:<br \/>\nI \u2013 exercer com liberdade suas atividades e prerrogativas;<br \/>\nII \u2013 n\u00e3o ser punido sem pr\u00e9via sindic\u00e2ncia, sendo-lhe assegurado amplo direito<br \/>\nde defesa e contradit\u00f3rio;<br \/>\nIII \u2013 denunciar \u00e0s autoridades competentes, na forma cab\u00edvel, o exerc\u00edcio ilegal<br \/>\nda atividade;<br \/>\nIV \u2013 apresentar \u00e0s autoridades respons\u00e1veis pela elabora\u00e7\u00e3o e institui\u00e7\u00e3o de<br \/>\nnormas e atos legais relativos a seus servi\u00e7os e atribui\u00e7\u00f5es sugest\u00f5es, pareceres, opini\u00f5es e<br \/>\ncr\u00edticas que visem \u00e0 simplifica\u00e7\u00e3o e ao aperfei\u00e7oamento do sistema de opera\u00e7\u00e3o dos voos<br \/>\nduplos, de instru\u00e7\u00e3o ou de turismo de aventura.<br \/>\nArt. 11. As penalidades aplicadas aos instrutores de voo livre e aos pilotos de<br \/>\nvoo duplo tur\u00edstico de aventura observar\u00e3o os termos da Lei n\u00ba 7.565, de 19 de dezembro de<br \/>\n1986 (C\u00f3digo Brasileiro de Aeron\u00e1utica), e da Lei n\u00ba 11.771, de 17 de setembro de 2008<br \/>\n(Lei Geral do Turismo).<br \/>\nArt. 12. Os contratos para realiza\u00e7\u00e3o de voos duplos tur\u00edsticos de aventura e de<br \/>\ninstru\u00e7\u00e3o somente poder\u00e3o ser celebrados por interm\u00e9dio de pessoas jur\u00eddicas, assim<br \/>\ncompreendidas escolas de voo livre, clubes, cooperativas de instrutores ou operadoras de<br \/>\nturismo de aventura.<br \/>\n\u00a7 1\u00ba A pessoa jur\u00eddica contratada para a realiza\u00e7\u00e3o do voo duplo tur\u00edstico de<br \/>\naventura ou de instru\u00e7\u00e3o obrigatoriamente oferecer\u00e1 seguro de vida e de acidentes em favor<br \/>\nda pessoa que procurar a atividade oferecida pela operadora, ou de seus herdeiros,<br \/>\ncompreendendo indeniza\u00e7\u00f5es por morte e invalidez tempor\u00e1ria ou permanente.<br \/>\n\u00a7 2\u00ba A ap\u00f3lice de seguro a que se refere o \u00a7 1\u00ba deste artigo dever\u00e1 assegurar o<br \/>\nressarcimento de todas as despesas m\u00e9dicas e hospitalares decorrentes de eventuais<br \/>\nacidentes<br \/>\nAutenticado Eletronicamente, ap\u00f3s confer\u00eancia com o original.<br \/>\nApresenta\u00e7\u00e3o: 07\/07\/2025 14:41:33.447 &#8211; Mesa<br \/>\n*CD254328168400* PL n.1884\/2024<br \/>4<br \/>\nque uma pessoa vier a sofrer durante seu voo, independentemente da dura\u00e7\u00e3o e do tipo de<br \/>\ntratamento que se fizer necess\u00e1rio.<br \/>\nArt. 13. Esta Lei entra em vigor na data de sua publica\u00e7\u00e3o.<br \/>\nBras\u00edlia, na data da assinatura.<br \/>\nSenador Davi Alcolumbre<br \/>\nPresidente do Senado Federal<br \/>\nAutenticado Eletronicamente, ap\u00f3s confer\u00eancia com o original.<br \/>\nApresenta\u00e7\u00e3o: 07\/07\/2025 14:41:33.447 &#8211; Mesa<br \/>\n*CD254328168400* PL n.1884\/2024<br \/>5<br \/>\nphfm\/pl24-1884rev<br \/>\nAutenticado Eletronicamente, ap\u00f3s confer\u00eancia com o original.<br \/>\nApresenta\u00e7\u00e3o: 07\/07\/2025 14:41:33.447 &#8211; Mesa<br \/>\n*CD254328168400* PL n.1884\/2024<\/article>\n<p><a href='https:\/\/app.legislapp.com.br\/#\/busca?termo='><\/a><\/p>\n<div style=\"text-align: center\">\n      <img decoding=\"async\" style=\"width: 14%;\" src=\"https:\/\/www.legislapp.com.br\/wp-content\/uploads\/2021\/07\/Logo-Legislapp-1-03-1.png\"><br \/>\n      <\/p>\n<div style=\"margin-bottom: 20px;\" class=\"et_pb_button_module_wrapper et_pb_button_5_tb_body_wrapper et_pb_button_alignment_center et_pb_module \">\n         <a class=\"et_pb_button et_pb_button_5_tb_body et_hover_enabled et_pb_bg_layout_dark\" style=\"width: 50%;background-color: black;\" href=\"https:\/\/app.legislapp.com.br\" target=\"_blank\" rel=\"noopener\">Visualizar completo na nossa plataforma (30 dias gr\u00e1tis)<\/a><\/p><\/div>\n<p>      <a href=\"https:\/\/play.google.com\/store\/apps\/details?id=br.com.legislapp\"><img decoding=\"async\" style=\"width: 15%; min-width: 130px;\" src=\"https:\/\/www.legislapp.com.br\/wp-content\/uploads\/google-play.png\"><\/a><br \/>\n      <a href=\"https:\/\/apps.apple.com\/us\/app\/legislapp\/id1568929859\"><img decoding=\"async\" style=\"width: 15%; min-width: 130px\" src=\"https:\/\/www.legislapp.com.br\/wp-content\/uploads\/apple-store.png\"><\/a>\n   <\/div>\n","protected":false},"excerpt":{"rendered":"<p>Avulso Inicial &#8211; Autoria de Senado Federal Regulamenta o exerc\u00edcio das profiss\u00f5es de instrutor de voo livre e de piloto de voo duplo tur\u00edstico de aventura. O Congresso Nacional decreta: Art. 1\u00ba Esta Lei regulamenta o exerc\u00edcio profissional dos instrutores de voo livre e dos pilotos de voo duplo tur\u00edstico de aventura, dispondo sobre as [&hellip;]<\/p>\n","protected":false},"author":1,"featured_media":0,"parent":0,"menu_order":0,"comment_status":"closed","ping_status":"closed","template":"page-template-blank.php","meta":{"_et_pb_use_builder":"","_et_pb_old_content":"","_et_gb_content_width":"1080","ngg_post_thumbnail":0,"footnotes":""},"class_list":["post-10484","page","type-page","status-publish","hentry"],"yoast_head":"<!-- This site is optimized with the Yoast SEO plugin v24.4 - https:\/\/yoast.com\/wordpress\/plugins\/seo\/ -->\n<title>Avulso Inicial - PL 1884\/2024 - C\u00e2mara - Legislapp<\/title>\n<meta name=\"robots\" content=\"index, follow, max-snippet:-1, max-image-preview:large, max-video-preview:-1\" \/>\n<link rel=\"canonical\" href=\"https:\/\/www.legislapp.com.br\/index.php\/avulso-inicial-pl-1884-2024-camara\/\" \/>\n<meta property=\"og:locale\" content=\"pt_BR\" \/>\n<meta property=\"og:type\" content=\"article\" \/>\n<meta property=\"og:title\" content=\"Avulso Inicial - PL 1884\/2024 - C\u00e2mara - Legislapp\" \/>\n<meta property=\"og:description\" content=\"Avulso Inicial &#8211; Autoria de Senado Federal Regulamenta o exerc\u00edcio das profiss\u00f5es de instrutor de voo livre e de piloto de voo duplo tur\u00edstico de aventura. O Congresso Nacional decreta: Art. 1\u00ba Esta Lei regulamenta o exerc\u00edcio profissional dos instrutores de voo livre e dos pilotos de voo duplo tur\u00edstico de aventura, dispondo sobre as [&hellip;]\" \/>\n<meta property=\"og:url\" content=\"https:\/\/www.legislapp.com.br\/index.php\/avulso-inicial-pl-1884-2024-camara\/\" \/>\n<meta property=\"og:site_name\" content=\"Legislapp\" \/>\n<meta property=\"article:publisher\" content=\"https:\/\/www.instagram.com\/legislapp\/\" \/>\n<meta property=\"og:image\" content=\"https:\/\/www.legislapp.com.br\/wp-content\/uploads\/2021\/07\/Logo-Legislapp-1-03-1.png\" \/>\n<meta name=\"twitter:card\" content=\"summary_large_image\" \/>\n<meta name=\"twitter:label1\" content=\"Est. tempo de leitura\" \/>\n\t<meta name=\"twitter:data1\" content=\"7 minutos\" \/>\n<script type=\"application\/ld+json\" class=\"yoast-schema-graph\">{\"@context\":\"https:\/\/schema.org\",\"@graph\":[{\"@type\":\"WebPage\",\"@id\":\"https:\/\/www.legislapp.com.br\/index.php\/avulso-inicial-pl-1884-2024-camara\/\",\"url\":\"https:\/\/www.legislapp.com.br\/index.php\/avulso-inicial-pl-1884-2024-camara\/\",\"name\":\"Avulso Inicial - PL 1884\/2024 - C\u00e2mara - Legislapp\",\"isPartOf\":{\"@id\":\"https:\/\/www.legislapp.com.br\/#website\"},\"primaryImageOfPage\":{\"@id\":\"https:\/\/www.legislapp.com.br\/index.php\/avulso-inicial-pl-1884-2024-camara\/#primaryimage\"},\"image\":{\"@id\":\"https:\/\/www.legislapp.com.br\/index.php\/avulso-inicial-pl-1884-2024-camara\/#primaryimage\"},\"thumbnailUrl\":\"https:\/\/www.legislapp.com.br\/wp-content\/uploads\/2021\/07\/Logo-Legislapp-1-03-1.png\",\"datePublished\":\"2025-12-01T14:20:48+00:00\",\"breadcrumb\":{\"@id\":\"https:\/\/www.legislapp.com.br\/index.php\/avulso-inicial-pl-1884-2024-camara\/#breadcrumb\"},\"inLanguage\":\"pt-BR\",\"potentialAction\":[{\"@type\":\"ReadAction\",\"target\":[\"https:\/\/www.legislapp.com.br\/index.php\/avulso-inicial-pl-1884-2024-camara\/\"]}]},{\"@type\":\"ImageObject\",\"inLanguage\":\"pt-BR\",\"@id\":\"https:\/\/www.legislapp.com.br\/index.php\/avulso-inicial-pl-1884-2024-camara\/#primaryimage\",\"url\":\"https:\/\/www.legislapp.com.br\/wp-content\/uploads\/2021\/07\/Logo-Legislapp-1-03-1.png\",\"contentUrl\":\"https:\/\/www.legislapp.com.br\/wp-content\/uploads\/2021\/07\/Logo-Legislapp-1-03-1.png\",\"width\":2679,\"height\":2697},{\"@type\":\"BreadcrumbList\",\"@id\":\"https:\/\/www.legislapp.com.br\/index.php\/avulso-inicial-pl-1884-2024-camara\/#breadcrumb\",\"itemListElement\":[{\"@type\":\"ListItem\",\"position\":1,\"name\":\"In\u00edcio\",\"item\":\"https:\/\/www.legislapp.com.br\/\"},{\"@type\":\"ListItem\",\"position\":2,\"name\":\"Avulso Inicial &#8211; PL 1884\/2024 &#8211; C\u00e2mara\"}]},{\"@type\":\"WebSite\",\"@id\":\"https:\/\/www.legislapp.com.br\/#website\",\"url\":\"https:\/\/www.legislapp.com.br\/\",\"name\":\"Legislapp\",\"description\":\"Intelig\u00eancia governamental em tempo real\",\"publisher\":{\"@id\":\"https:\/\/www.legislapp.com.br\/#organization\"},\"potentialAction\":[{\"@type\":\"SearchAction\",\"target\":{\"@type\":\"EntryPoint\",\"urlTemplate\":\"https:\/\/www.legislapp.com.br\/?s={search_term_string}\"},\"query-input\":{\"@type\":\"PropertyValueSpecification\",\"valueRequired\":true,\"valueName\":\"search_term_string\"}}],\"inLanguage\":\"pt-BR\"},{\"@type\":\"Organization\",\"@id\":\"https:\/\/www.legislapp.com.br\/#organization\",\"name\":\"Legislapp Monitoramento e Intelig\u00eancia Governamental\",\"url\":\"https:\/\/www.legislapp.com.br\/\",\"logo\":{\"@type\":\"ImageObject\",\"inLanguage\":\"pt-BR\",\"@id\":\"https:\/\/www.legislapp.com.br\/#\/schema\/logo\/image\/\",\"url\":\"https:\/\/www.legislapp.com.br\/wp-content\/uploads\/icon.png\",\"contentUrl\":\"https:\/\/www.legislapp.com.br\/wp-content\/uploads\/icon.png\",\"width\":1024,\"height\":1024,\"caption\":\"Legislapp Monitoramento e Intelig\u00eancia Governamental\"},\"image\":{\"@id\":\"https:\/\/www.legislapp.com.br\/#\/schema\/logo\/image\/\"},\"sameAs\":[\"https:\/\/www.instagram.com\/legislapp\/\"]}]}<\/script>\n<!-- \/ Yoast SEO plugin. -->","yoast_head_json":{"title":"Avulso Inicial - PL 1884\/2024 - C\u00e2mara - Legislapp","robots":{"index":"index","follow":"follow","max-snippet":"max-snippet:-1","max-image-preview":"max-image-preview:large","max-video-preview":"max-video-preview:-1"},"canonical":"https:\/\/www.legislapp.com.br\/index.php\/avulso-inicial-pl-1884-2024-camara\/","og_locale":"pt_BR","og_type":"article","og_title":"Avulso Inicial - PL 1884\/2024 - C\u00e2mara - Legislapp","og_description":"Avulso Inicial &#8211; Autoria de Senado Federal Regulamenta o exerc\u00edcio das profiss\u00f5es de instrutor de voo livre e de piloto de voo duplo tur\u00edstico de aventura. O Congresso Nacional decreta: Art. 1\u00ba Esta Lei regulamenta o exerc\u00edcio profissional dos instrutores de voo livre e dos pilotos de voo duplo tur\u00edstico de aventura, dispondo sobre as [&hellip;]","og_url":"https:\/\/www.legislapp.com.br\/index.php\/avulso-inicial-pl-1884-2024-camara\/","og_site_name":"Legislapp","article_publisher":"https:\/\/www.instagram.com\/legislapp\/","og_image":[{"url":"https:\/\/www.legislapp.com.br\/wp-content\/uploads\/2021\/07\/Logo-Legislapp-1-03-1.png","type":"","width":"","height":""}],"twitter_card":"summary_large_image","twitter_misc":{"Est. tempo de leitura":"7 minutos"},"schema":{"@context":"https:\/\/schema.org","@graph":[{"@type":"WebPage","@id":"https:\/\/www.legislapp.com.br\/index.php\/avulso-inicial-pl-1884-2024-camara\/","url":"https:\/\/www.legislapp.com.br\/index.php\/avulso-inicial-pl-1884-2024-camara\/","name":"Avulso Inicial - PL 1884\/2024 - C\u00e2mara - Legislapp","isPartOf":{"@id":"https:\/\/www.legislapp.com.br\/#website"},"primaryImageOfPage":{"@id":"https:\/\/www.legislapp.com.br\/index.php\/avulso-inicial-pl-1884-2024-camara\/#primaryimage"},"image":{"@id":"https:\/\/www.legislapp.com.br\/index.php\/avulso-inicial-pl-1884-2024-camara\/#primaryimage"},"thumbnailUrl":"https:\/\/www.legislapp.com.br\/wp-content\/uploads\/2021\/07\/Logo-Legislapp-1-03-1.png","datePublished":"2025-12-01T14:20:48+00:00","breadcrumb":{"@id":"https:\/\/www.legislapp.com.br\/index.php\/avulso-inicial-pl-1884-2024-camara\/#breadcrumb"},"inLanguage":"pt-BR","potentialAction":[{"@type":"ReadAction","target":["https:\/\/www.legislapp.com.br\/index.php\/avulso-inicial-pl-1884-2024-camara\/"]}]},{"@type":"ImageObject","inLanguage":"pt-BR","@id":"https:\/\/www.legislapp.com.br\/index.php\/avulso-inicial-pl-1884-2024-camara\/#primaryimage","url":"https:\/\/www.legislapp.com.br\/wp-content\/uploads\/2021\/07\/Logo-Legislapp-1-03-1.png","contentUrl":"https:\/\/www.legislapp.com.br\/wp-content\/uploads\/2021\/07\/Logo-Legislapp-1-03-1.png","width":2679,"height":2697},{"@type":"BreadcrumbList","@id":"https:\/\/www.legislapp.com.br\/index.php\/avulso-inicial-pl-1884-2024-camara\/#breadcrumb","itemListElement":[{"@type":"ListItem","position":1,"name":"In\u00edcio","item":"https:\/\/www.legislapp.com.br\/"},{"@type":"ListItem","position":2,"name":"Avulso Inicial &#8211; PL 1884\/2024 &#8211; C\u00e2mara"}]},{"@type":"WebSite","@id":"https:\/\/www.legislapp.com.br\/#website","url":"https:\/\/www.legislapp.com.br\/","name":"Legislapp","description":"Intelig\u00eancia governamental em tempo real","publisher":{"@id":"https:\/\/www.legislapp.com.br\/#organization"},"potentialAction":[{"@type":"SearchAction","target":{"@type":"EntryPoint","urlTemplate":"https:\/\/www.legislapp.com.br\/?s={search_term_string}"},"query-input":{"@type":"PropertyValueSpecification","valueRequired":true,"valueName":"search_term_string"}}],"inLanguage":"pt-BR"},{"@type":"Organization","@id":"https:\/\/www.legislapp.com.br\/#organization","name":"Legislapp Monitoramento e Intelig\u00eancia Governamental","url":"https:\/\/www.legislapp.com.br\/","logo":{"@type":"ImageObject","inLanguage":"pt-BR","@id":"https:\/\/www.legislapp.com.br\/#\/schema\/logo\/image\/","url":"https:\/\/www.legislapp.com.br\/wp-content\/uploads\/icon.png","contentUrl":"https:\/\/www.legislapp.com.br\/wp-content\/uploads\/icon.png","width":1024,"height":1024,"caption":"Legislapp Monitoramento e Intelig\u00eancia Governamental"},"image":{"@id":"https:\/\/www.legislapp.com.br\/#\/schema\/logo\/image\/"},"sameAs":["https:\/\/www.instagram.com\/legislapp\/"]}]}},"_links":{"self":[{"href":"https:\/\/www.legislapp.com.br\/index.php\/wp-json\/wp\/v2\/pages\/10484","targetHints":{"allow":["GET"]}}],"collection":[{"href":"https:\/\/www.legislapp.com.br\/index.php\/wp-json\/wp\/v2\/pages"}],"about":[{"href":"https:\/\/www.legislapp.com.br\/index.php\/wp-json\/wp\/v2\/types\/page"}],"author":[{"embeddable":true,"href":"https:\/\/www.legislapp.com.br\/index.php\/wp-json\/wp\/v2\/users\/1"}],"replies":[{"embeddable":true,"href":"https:\/\/www.legislapp.com.br\/index.php\/wp-json\/wp\/v2\/comments?post=10484"}],"version-history":[{"count":0,"href":"https:\/\/www.legislapp.com.br\/index.php\/wp-json\/wp\/v2\/pages\/10484\/revisions"}],"wp:attachment":[{"href":"https:\/\/www.legislapp.com.br\/index.php\/wp-json\/wp\/v2\/media?parent=10484"}],"curies":[{"name":"wp","href":"https:\/\/api.w.org\/{rel}","templated":true}]}}