{"id":10492,"date":"2025-12-01T11:21:19","date_gmt":"2025-12-01T14:21:19","guid":{"rendered":"https:\/\/www.legislapp.com.br\/index.php\/avulso-inicial-pl-2921-2025-camara\/"},"modified":"2025-12-01T11:21:19","modified_gmt":"2025-12-01T14:21:19","slug":"avulso-inicial-pl-2921-2025-camara","status":"publish","type":"page","link":"https:\/\/www.legislapp.com.br\/index.php\/avulso-inicial-pl-2921-2025-camara\/","title":{"rendered":"Avulso Inicial &#8211; PL 2921\/2025 &#8211; C\u00e2mara"},"content":{"rendered":"<h1 style='text-align: center;'>Avulso Inicial &#8211; Autoria de Delegada Adriana Accorsi<\/h3>\n<p><\/p>\n<article>C\u00c2MARA DOS DEPUTADOS<br \/>\nGabinete da Deputada Delegada Adriana Accorsi &#8211; PT\/GO<br \/>\nPROJETO DE LEI N\u00ba          , DE 2025<br \/>\n(Da Sra. DELEGADA ADRIANA ACCORSI)<br \/>\nALTERA A LEI N\u00ba 6.360, DE 23 DE<br \/>\nSETEMBRO DE 1976, PARA MODIFICAR<br \/>\nA DEFINI\u00c7\u00c3O DE BIOEQUIVAL\u00caNCIA,<br \/>\nESTABELECENDO NOVOS CRIT\u00c9RIOS<br \/>\nPARA A APROVA\u00c7\u00c3O DE<br \/>\nMEDICAMENTOS GEN\u00c9RICOS.<br \/>\nO Congresso Nacional decreta:<br \/>\nArt. 1\u00ba O inciso XXIV do art. 3\u00ba da Lei n\u00ba 6.360, de 23 de setembro de 1976,<br \/>\npassa a vigorar com a seguinte reda\u00e7\u00e3o:<br \/>\nArt. 3\u00ba (&#8230;)<br \/>\nXXIV \u2013 Bioequival\u00eancia \u2013 consiste na demonstra\u00e7\u00e3o de equival\u00eancia<br \/>\nfarmac\u00eautica entre produtos apresentados sob a mesma forma<br \/>\nfarmac\u00eautica, contendo id\u00eantica composi\u00e7\u00e3o qualitativa e quantitativa<br \/>\nde princ\u00edpio(s) ativo(s), e que tenham compar\u00e1vel biodisponibilidade,<br \/>\nquando estudados sob um mesmo desenho experimental, observada a<br \/>\nfaixa de aceita\u00e7\u00e3o entre 90% e 111% da raz\u00e3o das m\u00e9dias<br \/>\ngeom\u00e9tricas dos par\u00e2metros farmacocin\u00e9ticos relevantes, conforme<br \/>\nregulamenta\u00e7\u00e3o do \u00f3rg\u00e3o federal respons\u00e1vel pela vigil\u00e2ncia sanit\u00e1ria.<br \/>\nArt. 2\u00ba O Poder Executivo, por meio da Ag\u00eancia Nacional de Vigil\u00e2ncia<br \/>\nSanit\u00e1ria (Anvisa), regulamentar\u00e1 esta Lei no prazo de at\u00e9 180 (cento e oitenta)<br \/>\ndias, contados da data de sua publica\u00e7\u00e3o, estabelecendo os crit\u00e9rios para aplica\u00e7\u00e3o<br \/>\nda nova faixa de bioequival\u00eancia e os prazos para que os medicamentos gen\u00e9ricos<br \/>\nj\u00e1 registrados e comercializados no pa\u00eds se adequem \u00e0s novas exig\u00eancias,<br \/>\nconforme a classifica\u00e7\u00e3o de risco terap\u00eautico de seus princ\u00edpios ativos.<br \/>\nArt. 3\u00ba Esta Lei entra em vigor na data de sua publica\u00e7\u00e3o.<br \/>\n1<br \/>\nPara verificar a assinatura, acesse https:\/\/infoleg-autenticidade-assinatura.camara.leg.br\/CD250371427300<br \/>\nAssinado eletronicamente pelo(a) Dep. Delegada Adriana Accorsi<br \/>\nApresenta\u00e7\u00e3o: 17\/06\/2025 12:17:43.480 &#8211; Mesa<br \/>\n*CD250371427300* PL n.2921\/2025<br \/>C\u00c2MARA DOS DEPUTADOS<br \/>\nGabinete da Deputada Delegada Adriana Accorsi &#8211; PT\/GO<br \/>\nJUSTIFICA\u00c7\u00c3O<br \/>\nA presente proposta tem como finalidade aprimorar os crit\u00e9rios regulat\u00f3rios<br \/>\npara aprova\u00e7\u00e3o de medicamentos gen\u00e9ricos no Brasil, com foco especial na<br \/>\nexig\u00eancia de bioequival\u00eancia. Atualmente, a legisla\u00e7\u00e3o e as normas t\u00e9cnicas da<br \/>\nAg\u00eancia Nacional de Vigil\u00e2ncia Sanit\u00e1ria (Anvisa) admitem uma faixa de aceita\u00e7\u00e3o<br \/>\nentre 80% e 125% nos par\u00e2metros farmacocin\u00e9ticos utilizados para a comprova\u00e7\u00e3o<br \/>\nde bioequival\u00eancia entre o medicamento gen\u00e9rico e o de refer\u00eancia.<br \/>\nEmbora esse intervalo seja amplamente aceito por autoridades sanit\u00e1rias<br \/>\ninternacionais, diversos estudos cient\u00edficos indicam que essa margem pode ser<br \/>\ninsuficiente para garantir seguran\u00e7a e efic\u00e1cia em determinados casos,<br \/>\nespecialmente nos medicamentos de \u00edndice terap\u00eautico estreito, de uso<br \/>\ncont\u00ednuo ou classificados como de alto risco. Nesses casos, pequenas varia\u00e7\u00f5es<br \/>\nna biodisponibilidade podem resultar em perda de efic\u00e1cia terap\u00eautica ou efeitos<br \/>\nadversos significativos.<br \/>\nCom base nessas evid\u00eancias, a presente proposi\u00e7\u00e3o busca estabelecer, no<br \/>\ntexto legal, a obrigatoriedade de uma faixa mais restritiva \u2014 entre 90% e 111% \u2014<br \/>\npara a aprova\u00e7\u00e3o de medicamentos gen\u00e9ricos que contenham princ\u00edpios ativos<br \/>\ncr\u00edticos, assegurando maior rigor t\u00e9cnico e cl\u00ednico. Tal exig\u00eancia j\u00e1 \u00e9 reconhecida<br \/>\nem car\u00e1ter espec\u00edfico por normas da pr\u00f3pria Anvisa, como a Resolu\u00e7\u00e3o da<br \/>\nDiretoria Colegiada (RDC) n\u00ba 742\/2022, mas sua aplica\u00e7\u00e3o n\u00e3o \u00e9 ainda<br \/>\nmandat\u00f3ria para todos os f\u00e1rmacos com tais caracter\u00edsticas.<br \/>\nA altera\u00e7\u00e3o proposta est\u00e1 alinhada com o princ\u00edpio constitucional da prote\u00e7\u00e3o<br \/>\n\u00e0 sa\u00fade (art. 6\u00ba e art. 196 da Constitui\u00e7\u00e3o Federal), e representa uma medida de<br \/>\nfortalecimento da pol\u00edtica nacional de medicamentos, ao garantir que os produtos<br \/>\ncomercializados como gen\u00e9ricos ofere\u00e7am seguran\u00e7a terap\u00eautica equipar\u00e1vel \u00e0 dos<br \/>\nmedicamentos de refer\u00eancia.<br \/>\nAo elevar o padr\u00e3o de exig\u00eancia para a comprova\u00e7\u00e3o de bioequival\u00eancia em<br \/>\ncasos que envolvam maior risco cl\u00ednico, esta proposta contribui para o<br \/>\nfortalecimento da confian\u00e7a da popula\u00e7\u00e3o e da comunidade m\u00e9dica nos<br \/>\nmedicamentos gen\u00e9ricos, sem inviabilizar a ind\u00fastria farmac\u00eautica, tampouco<br \/>\ncomprometer o acesso.<br \/>\nDiante da relev\u00e2ncia e do impacto positivo desta iniciativa para a sa\u00fade<br \/>\np\u00fablica, solicito o apoio dos nobres parlamentares para sua aprova\u00e7\u00e3o.<br \/>\nSala das Sess\u00f5es, em          de                        2025<br \/>\n2<br \/>\nPara verificar a assinatura, acesse https:\/\/infoleg-autenticidade-assinatura.camara.leg.br\/CD250371427300<br \/>\nAssinado eletronicamente pelo(a) Dep. Delegada Adriana Accorsi<br \/>\nApresenta\u00e7\u00e3o: 17\/06\/2025 12:17:43.480 &#8211; Mesa<br \/>\n*CD250371427300* PL n.2921\/2025<br \/>C\u00c2MARA DOS DEPUTADOS<br \/>\nGabinete da Deputada Delegada Adriana Accorsi &#8211; PT\/GO<br \/>\nDelegada Adriana Accorsi<br \/>\nDeputada Federal<br \/>\nPT\/GO<br \/>\n3<br \/>\nPara verificar a assinatura, acesse https:\/\/infoleg-autenticidade-assinatura.camara.leg.br\/CD250371427300<br \/>\nAssinado eletronicamente pelo(a) Dep. Delegada Adriana Accorsi<br \/>\nApresenta\u00e7\u00e3o: 17\/06\/2025 12:17:43.480 &#8211; Mesa<br \/>\n*CD250371427300* PL n.2921\/2025<\/article>\n<p><a href='https:\/\/app.legislapp.com.br\/#\/busca?termo='><\/a><\/p>\n<div style=\"text-align: center\">\n      <img decoding=\"async\" style=\"width: 14%;\" src=\"https:\/\/www.legislapp.com.br\/wp-content\/uploads\/2021\/07\/Logo-Legislapp-1-03-1.png\"><br \/>\n      <\/p>\n<div style=\"margin-bottom: 20px;\" class=\"et_pb_button_module_wrapper et_pb_button_5_tb_body_wrapper et_pb_button_alignment_center et_pb_module \">\n         <a class=\"et_pb_button et_pb_button_5_tb_body et_hover_enabled et_pb_bg_layout_dark\" style=\"width: 50%;background-color: black;\" href=\"https:\/\/app.legislapp.com.br\" target=\"_blank\" rel=\"noopener\">Visualizar completo na nossa plataforma (30 dias gr\u00e1tis)<\/a><\/p><\/div>\n<p>      <a href=\"https:\/\/play.google.com\/store\/apps\/details?id=br.com.legislapp\"><img decoding=\"async\" style=\"width: 15%; min-width: 130px;\" src=\"https:\/\/www.legislapp.com.br\/wp-content\/uploads\/google-play.png\"><\/a><br \/>\n      <a href=\"https:\/\/apps.apple.com\/us\/app\/legislapp\/id1568929859\"><img decoding=\"async\" style=\"width: 15%; min-width: 130px\" src=\"https:\/\/www.legislapp.com.br\/wp-content\/uploads\/apple-store.png\"><\/a>\n   <\/div>\n","protected":false},"excerpt":{"rendered":"<p>Avulso Inicial &#8211; Autoria de Delegada Adriana Accorsi C\u00c2MARA DOS DEPUTADOS Gabinete da Deputada Delegada Adriana Accorsi &#8211; PT\/GO PROJETO DE LEI N\u00ba , DE 2025 (Da Sra. DELEGADA ADRIANA ACCORSI) ALTERA A LEI N\u00ba 6.360, DE 23 DE SETEMBRO DE 1976, PARA MODIFICAR A DEFINI\u00c7\u00c3O DE BIOEQUIVAL\u00caNCIA, ESTABELECENDO NOVOS CRIT\u00c9RIOS PARA A APROVA\u00c7\u00c3O DE [&hellip;]<\/p>\n","protected":false},"author":1,"featured_media":0,"parent":0,"menu_order":0,"comment_status":"closed","ping_status":"closed","template":"page-template-blank.php","meta":{"_et_pb_use_builder":"","_et_pb_old_content":"","_et_gb_content_width":"1080","ngg_post_thumbnail":0,"footnotes":""},"class_list":["post-10492","page","type-page","status-publish","hentry"],"yoast_head":"<!-- This site is optimized with the Yoast SEO plugin v24.4 - https:\/\/yoast.com\/wordpress\/plugins\/seo\/ -->\n<title>Avulso Inicial - PL 2921\/2025 - C\u00e2mara - Legislapp<\/title>\n<meta name=\"robots\" content=\"index, follow, max-snippet:-1, max-image-preview:large, max-video-preview:-1\" \/>\n<link rel=\"canonical\" href=\"https:\/\/www.legislapp.com.br\/index.php\/avulso-inicial-pl-2921-2025-camara\/\" \/>\n<meta property=\"og:locale\" content=\"pt_BR\" \/>\n<meta property=\"og:type\" content=\"article\" \/>\n<meta property=\"og:title\" content=\"Avulso Inicial - PL 2921\/2025 - C\u00e2mara - Legislapp\" \/>\n<meta property=\"og:description\" content=\"Avulso Inicial &#8211; Autoria de Delegada Adriana Accorsi C\u00c2MARA DOS DEPUTADOS Gabinete da Deputada Delegada Adriana Accorsi &#8211; PT\/GO PROJETO DE LEI N\u00ba , DE 2025 (Da Sra. DELEGADA ADRIANA ACCORSI) ALTERA A LEI N\u00ba 6.360, DE 23 DE SETEMBRO DE 1976, PARA MODIFICAR A DEFINI\u00c7\u00c3O DE BIOEQUIVAL\u00caNCIA, ESTABELECENDO NOVOS CRIT\u00c9RIOS PARA A APROVA\u00c7\u00c3O DE [&hellip;]\" \/>\n<meta property=\"og:url\" content=\"https:\/\/www.legislapp.com.br\/index.php\/avulso-inicial-pl-2921-2025-camara\/\" \/>\n<meta property=\"og:site_name\" content=\"Legislapp\" \/>\n<meta property=\"article:publisher\" content=\"https:\/\/www.instagram.com\/legislapp\/\" \/>\n<meta property=\"og:image\" content=\"https:\/\/www.legislapp.com.br\/wp-content\/uploads\/2021\/07\/Logo-Legislapp-1-03-1.png\" \/>\n<meta name=\"twitter:card\" content=\"summary_large_image\" \/>\n<meta name=\"twitter:label1\" content=\"Est. tempo de leitura\" \/>\n\t<meta name=\"twitter:data1\" content=\"4 minutos\" \/>\n<script type=\"application\/ld+json\" class=\"yoast-schema-graph\">{\"@context\":\"https:\/\/schema.org\",\"@graph\":[{\"@type\":\"WebPage\",\"@id\":\"https:\/\/www.legislapp.com.br\/index.php\/avulso-inicial-pl-2921-2025-camara\/\",\"url\":\"https:\/\/www.legislapp.com.br\/index.php\/avulso-inicial-pl-2921-2025-camara\/\",\"name\":\"Avulso Inicial - PL 2921\/2025 - C\u00e2mara - Legislapp\",\"isPartOf\":{\"@id\":\"https:\/\/www.legislapp.com.br\/#website\"},\"primaryImageOfPage\":{\"@id\":\"https:\/\/www.legislapp.com.br\/index.php\/avulso-inicial-pl-2921-2025-camara\/#primaryimage\"},\"image\":{\"@id\":\"https:\/\/www.legislapp.com.br\/index.php\/avulso-inicial-pl-2921-2025-camara\/#primaryimage\"},\"thumbnailUrl\":\"https:\/\/www.legislapp.com.br\/wp-content\/uploads\/2021\/07\/Logo-Legislapp-1-03-1.png\",\"datePublished\":\"2025-12-01T14:21:19+00:00\",\"breadcrumb\":{\"@id\":\"https:\/\/www.legislapp.com.br\/index.php\/avulso-inicial-pl-2921-2025-camara\/#breadcrumb\"},\"inLanguage\":\"pt-BR\",\"potentialAction\":[{\"@type\":\"ReadAction\",\"target\":[\"https:\/\/www.legislapp.com.br\/index.php\/avulso-inicial-pl-2921-2025-camara\/\"]}]},{\"@type\":\"ImageObject\",\"inLanguage\":\"pt-BR\",\"@id\":\"https:\/\/www.legislapp.com.br\/index.php\/avulso-inicial-pl-2921-2025-camara\/#primaryimage\",\"url\":\"https:\/\/www.legislapp.com.br\/wp-content\/uploads\/2021\/07\/Logo-Legislapp-1-03-1.png\",\"contentUrl\":\"https:\/\/www.legislapp.com.br\/wp-content\/uploads\/2021\/07\/Logo-Legislapp-1-03-1.png\",\"width\":2679,\"height\":2697},{\"@type\":\"BreadcrumbList\",\"@id\":\"https:\/\/www.legislapp.com.br\/index.php\/avulso-inicial-pl-2921-2025-camara\/#breadcrumb\",\"itemListElement\":[{\"@type\":\"ListItem\",\"position\":1,\"name\":\"In\u00edcio\",\"item\":\"https:\/\/www.legislapp.com.br\/\"},{\"@type\":\"ListItem\",\"position\":2,\"name\":\"Avulso Inicial &#8211; PL 2921\/2025 &#8211; C\u00e2mara\"}]},{\"@type\":\"WebSite\",\"@id\":\"https:\/\/www.legislapp.com.br\/#website\",\"url\":\"https:\/\/www.legislapp.com.br\/\",\"name\":\"Legislapp\",\"description\":\"Intelig\u00eancia governamental em tempo real\",\"publisher\":{\"@id\":\"https:\/\/www.legislapp.com.br\/#organization\"},\"potentialAction\":[{\"@type\":\"SearchAction\",\"target\":{\"@type\":\"EntryPoint\",\"urlTemplate\":\"https:\/\/www.legislapp.com.br\/?s={search_term_string}\"},\"query-input\":{\"@type\":\"PropertyValueSpecification\",\"valueRequired\":true,\"valueName\":\"search_term_string\"}}],\"inLanguage\":\"pt-BR\"},{\"@type\":\"Organization\",\"@id\":\"https:\/\/www.legislapp.com.br\/#organization\",\"name\":\"Legislapp Monitoramento e Intelig\u00eancia Governamental\",\"url\":\"https:\/\/www.legislapp.com.br\/\",\"logo\":{\"@type\":\"ImageObject\",\"inLanguage\":\"pt-BR\",\"@id\":\"https:\/\/www.legislapp.com.br\/#\/schema\/logo\/image\/\",\"url\":\"https:\/\/www.legislapp.com.br\/wp-content\/uploads\/icon.png\",\"contentUrl\":\"https:\/\/www.legislapp.com.br\/wp-content\/uploads\/icon.png\",\"width\":1024,\"height\":1024,\"caption\":\"Legislapp Monitoramento e Intelig\u00eancia Governamental\"},\"image\":{\"@id\":\"https:\/\/www.legislapp.com.br\/#\/schema\/logo\/image\/\"},\"sameAs\":[\"https:\/\/www.instagram.com\/legislapp\/\"]}]}<\/script>\n<!-- \/ Yoast SEO plugin. -->","yoast_head_json":{"title":"Avulso Inicial - PL 2921\/2025 - C\u00e2mara - Legislapp","robots":{"index":"index","follow":"follow","max-snippet":"max-snippet:-1","max-image-preview":"max-image-preview:large","max-video-preview":"max-video-preview:-1"},"canonical":"https:\/\/www.legislapp.com.br\/index.php\/avulso-inicial-pl-2921-2025-camara\/","og_locale":"pt_BR","og_type":"article","og_title":"Avulso Inicial - PL 2921\/2025 - C\u00e2mara - Legislapp","og_description":"Avulso Inicial &#8211; Autoria de Delegada Adriana Accorsi C\u00c2MARA DOS DEPUTADOS Gabinete da Deputada Delegada Adriana Accorsi &#8211; PT\/GO PROJETO DE LEI N\u00ba , DE 2025 (Da Sra. DELEGADA ADRIANA ACCORSI) ALTERA A LEI N\u00ba 6.360, DE 23 DE SETEMBRO DE 1976, PARA MODIFICAR A DEFINI\u00c7\u00c3O DE BIOEQUIVAL\u00caNCIA, ESTABELECENDO NOVOS CRIT\u00c9RIOS PARA A APROVA\u00c7\u00c3O DE [&hellip;]","og_url":"https:\/\/www.legislapp.com.br\/index.php\/avulso-inicial-pl-2921-2025-camara\/","og_site_name":"Legislapp","article_publisher":"https:\/\/www.instagram.com\/legislapp\/","og_image":[{"url":"https:\/\/www.legislapp.com.br\/wp-content\/uploads\/2021\/07\/Logo-Legislapp-1-03-1.png","type":"","width":"","height":""}],"twitter_card":"summary_large_image","twitter_misc":{"Est. tempo de leitura":"4 minutos"},"schema":{"@context":"https:\/\/schema.org","@graph":[{"@type":"WebPage","@id":"https:\/\/www.legislapp.com.br\/index.php\/avulso-inicial-pl-2921-2025-camara\/","url":"https:\/\/www.legislapp.com.br\/index.php\/avulso-inicial-pl-2921-2025-camara\/","name":"Avulso Inicial - PL 2921\/2025 - C\u00e2mara - Legislapp","isPartOf":{"@id":"https:\/\/www.legislapp.com.br\/#website"},"primaryImageOfPage":{"@id":"https:\/\/www.legislapp.com.br\/index.php\/avulso-inicial-pl-2921-2025-camara\/#primaryimage"},"image":{"@id":"https:\/\/www.legislapp.com.br\/index.php\/avulso-inicial-pl-2921-2025-camara\/#primaryimage"},"thumbnailUrl":"https:\/\/www.legislapp.com.br\/wp-content\/uploads\/2021\/07\/Logo-Legislapp-1-03-1.png","datePublished":"2025-12-01T14:21:19+00:00","breadcrumb":{"@id":"https:\/\/www.legislapp.com.br\/index.php\/avulso-inicial-pl-2921-2025-camara\/#breadcrumb"},"inLanguage":"pt-BR","potentialAction":[{"@type":"ReadAction","target":["https:\/\/www.legislapp.com.br\/index.php\/avulso-inicial-pl-2921-2025-camara\/"]}]},{"@type":"ImageObject","inLanguage":"pt-BR","@id":"https:\/\/www.legislapp.com.br\/index.php\/avulso-inicial-pl-2921-2025-camara\/#primaryimage","url":"https:\/\/www.legislapp.com.br\/wp-content\/uploads\/2021\/07\/Logo-Legislapp-1-03-1.png","contentUrl":"https:\/\/www.legislapp.com.br\/wp-content\/uploads\/2021\/07\/Logo-Legislapp-1-03-1.png","width":2679,"height":2697},{"@type":"BreadcrumbList","@id":"https:\/\/www.legislapp.com.br\/index.php\/avulso-inicial-pl-2921-2025-camara\/#breadcrumb","itemListElement":[{"@type":"ListItem","position":1,"name":"In\u00edcio","item":"https:\/\/www.legislapp.com.br\/"},{"@type":"ListItem","position":2,"name":"Avulso Inicial &#8211; PL 2921\/2025 &#8211; C\u00e2mara"}]},{"@type":"WebSite","@id":"https:\/\/www.legislapp.com.br\/#website","url":"https:\/\/www.legislapp.com.br\/","name":"Legislapp","description":"Intelig\u00eancia governamental em tempo real","publisher":{"@id":"https:\/\/www.legislapp.com.br\/#organization"},"potentialAction":[{"@type":"SearchAction","target":{"@type":"EntryPoint","urlTemplate":"https:\/\/www.legislapp.com.br\/?s={search_term_string}"},"query-input":{"@type":"PropertyValueSpecification","valueRequired":true,"valueName":"search_term_string"}}],"inLanguage":"pt-BR"},{"@type":"Organization","@id":"https:\/\/www.legislapp.com.br\/#organization","name":"Legislapp Monitoramento e Intelig\u00eancia Governamental","url":"https:\/\/www.legislapp.com.br\/","logo":{"@type":"ImageObject","inLanguage":"pt-BR","@id":"https:\/\/www.legislapp.com.br\/#\/schema\/logo\/image\/","url":"https:\/\/www.legislapp.com.br\/wp-content\/uploads\/icon.png","contentUrl":"https:\/\/www.legislapp.com.br\/wp-content\/uploads\/icon.png","width":1024,"height":1024,"caption":"Legislapp Monitoramento e Intelig\u00eancia Governamental"},"image":{"@id":"https:\/\/www.legislapp.com.br\/#\/schema\/logo\/image\/"},"sameAs":["https:\/\/www.instagram.com\/legislapp\/"]}]}},"_links":{"self":[{"href":"https:\/\/www.legislapp.com.br\/index.php\/wp-json\/wp\/v2\/pages\/10492","targetHints":{"allow":["GET"]}}],"collection":[{"href":"https:\/\/www.legislapp.com.br\/index.php\/wp-json\/wp\/v2\/pages"}],"about":[{"href":"https:\/\/www.legislapp.com.br\/index.php\/wp-json\/wp\/v2\/types\/page"}],"author":[{"embeddable":true,"href":"https:\/\/www.legislapp.com.br\/index.php\/wp-json\/wp\/v2\/users\/1"}],"replies":[{"embeddable":true,"href":"https:\/\/www.legislapp.com.br\/index.php\/wp-json\/wp\/v2\/comments?post=10492"}],"version-history":[{"count":0,"href":"https:\/\/www.legislapp.com.br\/index.php\/wp-json\/wp\/v2\/pages\/10492\/revisions"}],"wp:attachment":[{"href":"https:\/\/www.legislapp.com.br\/index.php\/wp-json\/wp\/v2\/media?parent=10492"}],"curies":[{"name":"wp","href":"https:\/\/api.w.org\/{rel}","templated":true}]}}